{"id":2,"date":"2024-11-24T21:12:22","date_gmt":"2024-11-24T21:12:22","guid":{"rendered":"https:\/\/westestetik.com\/?page_id=2"},"modified":"2025-11-13T12:50:47","modified_gmt":"2025-11-13T09:50:47","slug":"lifting-bresilien-des-fesses","status":"publish","type":"page","link":"https:\/\/westestetik.com\/fr\/lifting-bresilien-des-fesses\/","title":{"rendered":"Lifting br\u00e9silien des Fesses"},"content":{"rendered":"<div data-elementor-type=\"wp-page\" data-elementor-id=\"2\" class=\"elementor elementor-2\" data-elementor-post-type=\"page\">\n\t\t\t\t<div class=\"elementor-element elementor-element-2248839 e-con-full elementor-hidden-desktop elementor-hidden-tablet elementor-hidden-mobile e-flex e-con e-parent\" data-id=\"2248839\" data-element_type=\"container\">\n\t\t<div class=\"elementor-element elementor-element-abac388 e-con-full e-flex e-con e-child\" data-id=\"abac388\" data-element_type=\"container\">\n\t\t\t\t<div class=\"elementor-element elementor-element-0ad2d0e elementor-widget elementor-widget-image\" data-id=\"0ad2d0e\" data-element_type=\"widget\" data-widget_type=\"image.default\">\n\t\t\t\t<div class=\"elementor-widget-container\">\n\t\t\t\t\t\t\t\t\t\t\t\t\t\t\t<img decoding=\"async\" width=\"100\" height=\"100\" src=\"https:\/\/westestetik.com\/wp-content\/uploads\/2024\/12\/1-4.png\" class=\"attachment-large size-large wp-image-28814\" alt=\"\" srcset=\"https:\/\/westestetik.com\/wp-content\/uploads\/2024\/12\/1-4.png 100w, https:\/\/westestetik.com\/wp-content\/uploads\/2024\/12\/1-4-12x12.png 12w\" sizes=\"(max-width: 100px) 100vw, 100px\" \/>\t\t\t\t\t\t\t\t\t\t\t\t\t\t\t<\/div>\n\t\t\t\t<\/div>\n\t\t\t\t<\/div>\n\t\t<div class=\"elementor-element elementor-element-9da1567 e-con-full e-flex e-con e-child\" data-id=\"9da1567\" data-element_type=\"container\">\n\t\t\t\t<div class=\"elementor-element elementor-element-6dbcfd8 elementor-widget elementor-widget-image\" data-id=\"6dbcfd8\" data-element_type=\"widget\" data-widget_type=\"image.default\">\n\t\t\t\t<div class=\"elementor-widget-container\">\n\t\t\t\t\t\t\t\t\t\t\t\t\t\t\t<img decoding=\"async\" width=\"100\" height=\"100\" src=\"https:\/\/westestetik.com\/wp-content\/uploads\/2024\/12\/2-5.png\" class=\"attachment-large size-large wp-image-28815\" alt=\"\" srcset=\"https:\/\/westestetik.com\/wp-content\/uploads\/2024\/12\/2-5.png 100w, https:\/\/westestetik.com\/wp-content\/uploads\/2024\/12\/2-5-12x12.png 12w\" sizes=\"(max-width: 100px) 100vw, 100px\" \/>\t\t\t\t\t\t\t\t\t\t\t\t\t\t\t<\/div>\n\t\t\t\t<\/div>\n\t\t\t\t<\/div>\n\t\t<div class=\"elementor-element elementor-element-1d3f0f2 e-con-full e-flex e-con e-child\" data-id=\"1d3f0f2\" data-element_type=\"container\">\n\t\t\t\t<div class=\"elementor-element elementor-element-d042535 elementor-widget elementor-widget-image\" data-id=\"d042535\" data-element_type=\"widget\" data-widget_type=\"image.default\">\n\t\t\t\t<div class=\"elementor-widget-container\">\n\t\t\t\t\t\t\t\t\t\t\t\t\t\t\t<img decoding=\"async\" width=\"100\" height=\"100\" src=\"https:\/\/westestetik.com\/wp-content\/uploads\/2024\/12\/3-1.png\" class=\"attachment-large size-large wp-image-28816\" alt=\"\" srcset=\"https:\/\/westestetik.com\/wp-content\/uploads\/2024\/12\/3-1.png 100w, https:\/\/westestetik.com\/wp-content\/uploads\/2024\/12\/3-1-12x12.png 12w\" sizes=\"(max-width: 100px) 100vw, 100px\" \/>\t\t\t\t\t\t\t\t\t\t\t\t\t\t\t<\/div>\n\t\t\t\t<\/div>\n\t\t\t\t<\/div>\n\t\t<div class=\"elementor-element elementor-element-62a9ffa e-con-full e-flex e-con e-child\" data-id=\"62a9ffa\" data-element_type=\"container\">\n\t\t\t\t<div class=\"elementor-element elementor-element-62d54e5 elementor-widget elementor-widget-image\" data-id=\"62d54e5\" data-element_type=\"widget\" data-widget_type=\"image.default\">\n\t\t\t\t<div class=\"elementor-widget-container\">\n\t\t\t\t\t\t\t\t\t\t\t\t\t\t\t<img loading=\"lazy\" decoding=\"async\" width=\"100\" height=\"100\" src=\"https:\/\/westestetik.com\/wp-content\/uploads\/2024\/12\/4-1.png\" class=\"attachment-large size-large wp-image-28817\" alt=\"\" srcset=\"https:\/\/westestetik.com\/wp-content\/uploads\/2024\/12\/4-1.png 100w, https:\/\/westestetik.com\/wp-content\/uploads\/2024\/12\/4-1-12x12.png 12w\" sizes=\"(max-width: 100px) 100vw, 100px\" \/>\t\t\t\t\t\t\t\t\t\t\t\t\t\t\t<\/div>\n\t\t\t\t<\/div>\n\t\t\t\t<\/div>\n\t\t<div class=\"elementor-element elementor-element-bd14478 e-con-full e-flex e-con e-child\" data-id=\"bd14478\" data-element_type=\"container\">\n\t\t\t\t<div class=\"elementor-element elementor-element-b42437c elementor-widget elementor-widget-image\" data-id=\"b42437c\" data-element_type=\"widget\" data-widget_type=\"image.default\">\n\t\t\t\t<div class=\"elementor-widget-container\">\n\t\t\t\t\t\t\t\t\t\t\t\t\t\t\t<img loading=\"lazy\" decoding=\"async\" width=\"100\" height=\"100\" src=\"https:\/\/westestetik.com\/wp-content\/uploads\/2024\/12\/5-1.png\" class=\"attachment-large size-large wp-image-28818\" alt=\"\" srcset=\"https:\/\/westestetik.com\/wp-content\/uploads\/2024\/12\/5-1.png 100w, https:\/\/westestetik.com\/wp-content\/uploads\/2024\/12\/5-1-12x12.png 12w\" sizes=\"(max-width: 100px) 100vw, 100px\" \/>\t\t\t\t\t\t\t\t\t\t\t\t\t\t\t<\/div>\n\t\t\t\t<\/div>\n\t\t\t\t<\/div>\n\t\t\t\t<\/div>\n\t\t<div class=\"wd-negative-gap elementor-element elementor-element-9910031 elementor-hidden-desktop elementor-hidden-tablet elementor-hidden-mobile e-flex e-con-boxed e-con e-parent\" data-id=\"9910031\" data-element_type=\"container\">\n\t\t\t\t\t<div class=\"e-con-inner\">\n\t\t<div class=\"elementor-element elementor-element-5fd883c e-con-full e-flex e-con e-child\" data-id=\"5fd883c\" data-element_type=\"container\">\n\t\t\t\t<div class=\"elementor-element elementor-element-1949bb7 wd-width-100 elementor-widget elementor-widget-wd_title\" data-id=\"1949bb7\" data-element_type=\"widget\" data-widget_type=\"wd_title.default\">\n\t\t\t\t<div class=\"elementor-widget-container\">\n\t\t\t\t\t\t\t<div class=\"title-wrapper set-mb-s reset-last-child wd-title-color-default wd-title-style-default wd-title-size-default text-center\">\n\n\t\t\t\t\t\t\t<div class=\"title-subtitle subtitle-color-default subtitle-style-default wd-fontsize-xs\">\n\t\t\t\t\tDur\u00e9e moyenne du s\u00e9jour\t\t\t\t<\/div>\n\t\t\t\n\t\t\t<div class=\"liner-continer\">\n\t\t\t\t<p class=\"woodmart-title-container title wd-fontsize-l\">7 jours<\/p> \n\t\t\t\t\t\t\t<\/div>\n\n\t\t\t\t\t<\/div>\n\t\t\t\t\t\t<\/div>\n\t\t\t\t<\/div>\n\t\t\t\t<\/div>\n\t\t<div class=\"elementor-element elementor-element-8bd020d e-con-full e-flex e-con e-child\" data-id=\"8bd020d\" data-element_type=\"container\">\n\t\t\t\t<div class=\"elementor-element elementor-element-b6fd20c wd-width-100 elementor-widget elementor-widget-wd_title\" data-id=\"b6fd20c\" data-element_type=\"widget\" data-widget_type=\"wd_title.default\">\n\t\t\t\t<div class=\"elementor-widget-container\">\n\t\t\t\t\t\t\t<div class=\"title-wrapper set-mb-s reset-last-child wd-title-color-default wd-title-style-default wd-title-size-default text-center\">\n\n\t\t\t\t\t\t\t<div class=\"title-subtitle subtitle-color-default subtitle-style-default wd-fontsize-xs\">\n\t\t\t\t\tDur\u00e9e de l'hospitalisation\t\t\t\t<\/div>\n\t\t\t\n\t\t\t<div class=\"liner-continer\">\n\t\t\t\t<p class=\"woodmart-title-container title wd-fontsize-l\">1 jour<\/p> \n\t\t\t\t\t\t\t<\/div>\n\n\t\t\t\t\t<\/div>\n\t\t\t\t\t\t<\/div>\n\t\t\t\t<\/div>\n\t\t\t\t<\/div>\n\t\t<div class=\"elementor-element elementor-element-d436e22 e-con-full e-flex e-con e-child\" data-id=\"d436e22\" data-element_type=\"container\">\n\t\t\t\t<div class=\"elementor-element elementor-element-1187563 wd-width-100 elementor-widget elementor-widget-wd_title\" data-id=\"1187563\" data-element_type=\"widget\" data-widget_type=\"wd_title.default\">\n\t\t\t\t<div class=\"elementor-widget-container\">\n\t\t\t\t\t\t\t<div class=\"title-wrapper set-mb-s reset-last-child wd-title-color-default wd-title-style-default wd-title-size-default text-center\">\n\n\t\t\t\t\t\t\t<div class=\"title-subtitle subtitle-color-default subtitle-style-default wd-fontsize-xs\">\n\t\t\t\t\tDur\u00e9e de l'op\u00e9ration\t\t\t\t<\/div>\n\t\t\t\n\t\t\t<div class=\"liner-continer\">\n\t\t\t\t<p class=\"woodmart-title-container title wd-fontsize-l\">2-4 heures<\/p> \n\t\t\t\t\t\t\t<\/div>\n\n\t\t\t\t\t<\/div>\n\t\t\t\t\t\t<\/div>\n\t\t\t\t<\/div>\n\t\t\t\t<\/div>\n\t\t<div class=\"elementor-element elementor-element-daf07ca e-con-full e-flex e-con e-child\" data-id=\"daf07ca\" data-element_type=\"container\">\n\t\t\t\t<div class=\"elementor-element elementor-element-45e58a5 wd-width-100 elementor-widget elementor-widget-wd_title\" data-id=\"45e58a5\" data-element_type=\"widget\" data-widget_type=\"wd_title.default\">\n\t\t\t\t<div class=\"elementor-widget-container\">\n\t\t\t\t\t\t\t<div class=\"title-wrapper set-mb-s reset-last-child wd-title-color-default wd-title-style-default wd-title-size-default text-center\">\n\n\t\t\t\t\t\t\t<div class=\"title-subtitle subtitle-color-default subtitle-style-default wd-fontsize-xs\">\n\t\t\t\t\tType d'anesth\u00e9sie\t\t\t\t<\/div>\n\t\t\t\n\t\t\t<div class=\"liner-continer\">\n\t\t\t\t<p class=\"woodmart-title-container title wd-fontsize-l\">Anesth\u00e9sie g\u00e9n\u00e9rale<\/p> \n\t\t\t\t\t\t\t<\/div>\n\n\t\t\t\t\t<\/div>\n\t\t\t\t\t\t<\/div>\n\t\t\t\t<\/div>\n\t\t\t\t<\/div>\n\t\t<div class=\"elementor-element elementor-element-eab17bc e-con-full e-flex e-con e-child\" data-id=\"eab17bc\" data-element_type=\"container\">\n\t\t\t\t<div class=\"elementor-element elementor-element-39b24e1 wd-width-100 elementor-widget elementor-widget-wd_title\" data-id=\"39b24e1\" data-element_type=\"widget\" data-widget_type=\"wd_title.default\">\n\t\t\t\t<div class=\"elementor-widget-container\">\n\t\t\t\t\t\t\t<div class=\"title-wrapper set-mb-s reset-last-child wd-title-color-default wd-title-style-default wd-title-size-default text-center\">\n\n\t\t\t\t\t\t\t<div class=\"title-subtitle subtitle-color-default subtitle-style-default wd-fontsize-xs\">\n\t\t\t\t\tD\u00e9lai de r\u00e9cup\u00e9ration\t\t\t\t<\/div>\n\t\t\t\n\t\t\t<div class=\"liner-continer\">\n\t\t\t\t<p class=\"woodmart-title-container title wd-fontsize-l\">1-2 semaines<\/p> \n\t\t\t\t\t\t\t<\/div>\n\n\t\t\t\t\t<\/div>\n\t\t\t\t\t\t<\/div>\n\t\t\t\t<\/div>\n\t\t\t\t<\/div>\n\t\t\t\t\t<\/div>\n\t\t\t\t<\/div>\n\t\t<div class=\"wd-negative-gap elementor-element elementor-element-1007d84 e-flex e-con-boxed e-con e-parent\" data-id=\"1007d84\" data-element_type=\"container\">\n\t\t\t\t\t<div class=\"e-con-inner\">\n\t\t\t\t<div class=\"elementor-element elementor-element-75a26f4 color-scheme-inherit text-left elementor-widget elementor-widget-text-editor\" data-id=\"75a26f4\" data-element_type=\"widget\" data-widget_type=\"text-editor.default\">\n\t\t\t\t<div class=\"elementor-widget-container\">\n\t\t\t\t\t\t\t\t\t<p class=\"p1\">Le lifting br\u00e9silien des fesses vous permet d'obtenir des fesses plus fermes, plus volumineuses et mieux dessin\u00e9es. Cette intervention donne une apparence naturelle et esth\u00e9tique en s'adaptant aux contours de votre corps. Le lifting br\u00e9silien des fesses, pratiqu\u00e9 par nos chirurgiens plasticiens experts, vous aide \u00e0 obtenir une apparence plus jeune et plus dynamique en soulevant vos hanches.<\/p><h2><span style=\"font-weight: 400;\">Comment se d\u00e9roule l'op\u00e9ration de lifting br\u00e9silien des fesses ?<\/span><\/h2><p><span style=\"font-weight: 400;\">Le lifting br\u00e9silien des fesses est l'une des interventions les plus populaires dans le domaine de l'esth\u00e9tique, r\u00e9alis\u00e9e par transfert de graisse (lipofilling). Cette proc\u00e9dure consiste \u00e0 transf\u00e9rer l'exc\u00e8s de graisse de certaines parties du corps vers les fesses. Le lifting br\u00e9silien des fesses se d\u00e9roule en deux \u00e9tapes. Dans un premier temps, l'exc\u00e8s de graisse est retir\u00e9 par liposuccion. Ces graisses, qui proviennent g\u00e9n\u00e9ralement de la taille, de l'abdomen, des hanches ou de l'int\u00e9rieur des jambes, sont purifi\u00e9es par un proc\u00e9d\u00e9 sp\u00e9cial. Les cellules graisseuses purifi\u00e9es sont soigneusement inject\u00e9es dans la zone des fesses.<\/span><\/p><p><span style=\"font-weight: 400;\">Lors de l'injection de graisse, le chirurgien insiste sur des points strat\u00e9giques pour donner aux fesses un aspect rebondi et naturel. Ainsi, les fesses sont \u00e0 la fois plus galb\u00e9es et harmonis\u00e9es avec les contours du corps. Le lifting br\u00e9silien des fesses est g\u00e9n\u00e9ralement pratiqu\u00e9 sous anesth\u00e9sie g\u00e9n\u00e9rale et dure entre 2 et 4 heures. Pendant l'op\u00e9ration, d'autres parties du corps peuvent \u00e9galement \u00eatre remodel\u00e9es en m\u00eame temps, de sorte que l'apparence des fesses devient plus pro\u00e9minente.<\/span><\/p><h2><span style=\"font-weight: 400;\">Quels sont les avantages du lifting br\u00e9silien des fesses ?<\/span><\/h2><p><span style=\"font-weight: 400;\">Le lifting br\u00e9silien des fesses pr\u00e9sente de nombreux avantages par rapport \u00e0 d'autres interventions esth\u00e9tiques :<\/span><\/p><ul><li><span style=\"font-weight: 400;\">Il donne un aspect naturel et esth\u00e9tique : Il augmente l'ampleur de vos fesses et s'harmonise avec les contours de votre corps.<\/span><\/li><li><span style=\"font-weight: 400;\">Elle fa\u00e7onne le corps : La graisse retir\u00e9e lors d'une liposuccion permet d'affiner la taille et l'abdomen, ce qui donne une apparence plus galb\u00e9e.<\/span><\/li><li><span style=\"font-weight: 400;\">Elle offre des r\u00e9sultats permanents : Des r\u00e9sultats \u00e0 long terme sont obtenus lorsque le contr\u00f4le du poids est assur\u00e9 apr\u00e8s l'intervention chirurgicale.<\/span><\/li><li><span style=\"font-weight: 400;\">Il cr\u00e9e une pl\u00e9nitude naturelle : L'utilisation de votre propre tissu adipeux au lieu de produits de comblement permet d'obtenir un r\u00e9sultat tout \u00e0 fait compatible avec votre corps.<\/span><\/li><\/ul><p><span style=\"font-weight: 400;\">Ces avantages vous permettent d'optimiser les proportions de votre corps tout en r\u00e9alisant vos objectifs esth\u00e9tiques.<\/span><\/p><h2><span style=\"font-weight: 400;\">Pr\u00e9paration et pr\u00e9cautions pr\u00e9op\u00e9ratoires<\/span><\/h2><p><span style=\"font-weight: 400;\">Vous devez suivre attentivement les instructions de votre chirurgien avant le lifting br\u00e9silien des fesses. Les pr\u00e9paratifs \u00e0 effectuer avant le lifting br\u00e9silien des fesses sont les suivants :<\/span><\/p><ul><li><span style=\"font-weight: 400;\">Si vous fumez, il est recommand\u00e9 d'arr\u00eater de fumer au moins 4 semaines avant l'op\u00e9ration.<\/span><\/li><li><span style=\"font-weight: 400;\">Les anticoagulants doivent \u00eatre arr\u00eat\u00e9s au moins 10 jours avant l'intervention.<\/span><\/li><li><span style=\"font-weight: 400;\">Boire beaucoup d'eau et suivre un r\u00e9gime alimentaire sain pr\u00e9parera votre corps \u00e0 l'op\u00e9ration.<\/span><\/li><\/ul><p><span style=\"font-weight: 400;\">En suivant ces \u00e9tapes, vous pourrez passer plus facilement le cap de l'op\u00e9ration.<\/span><\/p><h2><span style=\"font-weight: 400;\">Qui peut b\u00e9n\u00e9ficier d'un lifting br\u00e9silien des fesses ?<\/span><\/h2><p><span style=\"font-weight: 400;\">Le lifting br\u00e9silien des fesses est id\u00e9al pour les personnes qui ont des probl\u00e8mes de volume et de d\u00e9formation dans la r\u00e9gion des fesses. Si vos fesses sont plates, affaiss\u00e9es ou ont perdu du volume, cette op\u00e9ration peut vous convenir. Toutefois, il existe certains crit\u00e8res pour \u00eatre un bon candidat \u00e0 l'op\u00e9ration :<\/span><\/p><ul><li><span style=\"font-weight: 400;\">Un apport suffisant de graisses dans l'organisme.<\/span><\/li><li><span style=\"font-weight: 400;\">Vous \u00eates en bonne sant\u00e9 g\u00e9n\u00e9rale.<\/span><\/li><li><span style=\"font-weight: 400;\">L'\u00e9lasticit\u00e9 de votre peau est suffisante pour soutenir la forme postop\u00e9ratoire.<\/span><\/li><li><span style=\"font-weight: 400;\">Avoir des attentes r\u00e9alistes.<\/span><\/li><\/ul><p><span style=\"font-weight: 400;\">Si vous \u00eates tr\u00e8s mince et que vous n'avez pas assez de tissu adipeux dans votre corps, le lifting br\u00e9silien des fesses peut ne pas vous convenir. Il peut \u00eatre n\u00e9cessaire d'envisager d'autres m\u00e9thodes esth\u00e9tiques.<\/span><\/p><h2><span style=\"font-weight: 400;\">Processus de r\u00e9cup\u00e9ration apr\u00e8s un lifting br\u00e9silien des fesses<\/span><\/h2><p><span style=\"font-weight: 400;\">Le processus de r\u00e9tablissement apr\u00e8s un lifting br\u00e9silien des fesses est un processus qui a une incidence directe sur la r\u00e9ussite des r\u00e9sultats. Pendant les premiers jours, les patientes utilisent g\u00e9n\u00e9ralement un coussin sp\u00e9cial pour les fesses. Cet oreiller vous permet de vous asseoir sans pression directe sur vos fesses.<\/span><\/p><p><span style=\"font-weight: 400;\">Des effets secondaires tels que des gonflements et des ecchymoses peuvent survenir au cours des premi\u00e8res semaines. Ces effets sont tout \u00e0 fait normaux et disparaissent g\u00e9n\u00e9ralement au bout de 2 \u00e0 3 semaines. Les points suivants doivent \u00eatre pris en compte apr\u00e8s un lifting br\u00e9silien des fesses :<\/span><\/p><ul><li><span style=\"font-weight: 400;\">Vous ne devez pas vous asseoir directement sur les fesses pendant 2 \u00e0 3 semaines apr\u00e8s l'op\u00e9ration.<\/span><\/li><li><span style=\"font-weight: 400;\">L'activit\u00e9 physique doit \u00eatre limit\u00e9e pendant les premi\u00e8res semaines.<\/span><\/li><li><span style=\"font-weight: 400;\">L'utilisation d'un v\u00eatement de compression favorise la cicatrisation du site chirurgical et r\u00e9duit l'enflure.<\/span><\/li><\/ul><p><span style=\"font-weight: 400;\">Sonu\u00e7lar tam anlam\u0131yla 3-6 ay aras\u0131nda ortaya \u00e7\u0131kar. Bu s\u00fcre zarf\u0131nda, ya\u011f dokusunun %70-80\u2019i kal\u0131c\u0131 hale gelir.<\/span><\/p><h2><span style=\"font-weight: 400;\">Prix de la chirurgie de lifting des fesses br\u00e9siliennes<\/span><\/h2><p><span style=\"font-weight: 400;\">Les prix des op\u00e9rations de lifting des fesses br\u00e9siliennes varient en fonction de nombreux facteurs. L'exp\u00e9rience du chirurgien, la clinique o\u00f9 l'op\u00e9ration sera pratiqu\u00e9e, les techniques utilis\u00e9es et le nombre de zones \u00e0 liposucer pendant l'op\u00e9ration sont les principaux facteurs qui influencent le prix. En outre, la quantit\u00e9 de graisse \u00e0 transf\u00e9rer pendant l'op\u00e9ration est \u00e9galement un crit\u00e8re important qui d\u00e9termine le co\u00fbt. Il n'est pas possible de d\u00e9terminer un prix pr\u00e9cis sans une \u00e9valuation personnalis\u00e9e. C'est pourquoi vous pouvez obtenir des informations sur le prix en demandant une consultation d\u00e9taill\u00e9e.<\/span><\/p>\t\t\t\t\t\t\t\t<\/div>\n\t\t\t\t<\/div>\n\t\t\t\t\t<\/div>\n\t\t\t\t<\/div>\n\t\t\t\t<\/div>","protected":false},"excerpt":{"rendered":"<p>Ortalama Kal\u0131\u015f S\u00fcresi 7 G\u00fcn Hastanede Yat\u0131\u015f S\u00fcresi 1 G\u00fcn Operasyon S\u00fcresi 2-4 Saat Anestezi T\u00fcr\u00fc Genel Anestezi \u0130yile\u015fme S\u00fcresi<\/p>","protected":false},"author":1,"featured_media":0,"parent":0,"menu_order":0,"comment_status":"closed","ping_status":"closed","template":"","meta":{"footnotes":""},"class_list":["post-2","page","type-page","status-publish","hentry"],"_links":{"self":[{"href":"https:\/\/westestetik.com\/fr\/wp-json\/wp\/v2\/pages\/2","targetHints":{"allow":["GET"]}}],"collection":[{"href":"https:\/\/westestetik.com\/fr\/wp-json\/wp\/v2\/pages"}],"about":[{"href":"https:\/\/westestetik.com\/fr\/wp-json\/wp\/v2\/types\/page"}],"author":[{"embeddable":true,"href":"https:\/\/westestetik.com\/fr\/wp-json\/wp\/v2\/users\/1"}],"replies":[{"embeddable":true,"href":"https:\/\/westestetik.com\/fr\/wp-json\/wp\/v2\/comments?post=2"}],"version-history":[{"count":23,"href":"https:\/\/westestetik.com\/fr\/wp-json\/wp\/v2\/pages\/2\/revisions"}],"predecessor-version":[{"id":31895,"href":"https:\/\/westestetik.com\/fr\/wp-json\/wp\/v2\/pages\/2\/revisions\/31895"}],"wp:attachment":[{"href":"https:\/\/westestetik.com\/fr\/wp-json\/wp\/v2\/media?parent=2"}],"curies":[{"name":"wp","href":"https:\/\/api.w.org\/{rel}","templated":true}]}}