{"id":31369,"date":"2025-05-09T17:28:06","date_gmt":"2025-05-09T14:28:06","guid":{"rendered":"https:\/\/westestetik.com\/?page_id=31369"},"modified":"2025-05-09T17:31:26","modified_gmt":"2025-05-09T14:31:26","slug":"prostat-tedavisi","status":"publish","type":"page","link":"https:\/\/westestetik.com\/es\/prostat-tedavisi\/","title":{"rendered":"Prostat Tedavisi"},"content":{"rendered":"<div data-elementor-type=\"wp-page\" data-elementor-id=\"31369\" class=\"elementor elementor-31369\" data-elementor-post-type=\"page\">\n\t\t\t\t<div class=\"wd-negative-gap elementor-element elementor-element-9f455eb e-flex e-con-boxed e-con e-parent\" data-id=\"9f455eb\" data-element_type=\"container\">\n\t\t\t\t\t<div class=\"e-con-inner\">\n\t\t\t\t<div class=\"elementor-element elementor-element-37739e9 color-scheme-inherit text-left elementor-widget elementor-widget-text-editor\" data-id=\"37739e9\" data-element_type=\"widget\" data-widget_type=\"text-editor.default\">\n\t\t\t\t<div class=\"elementor-widget-container\">\n\t\t\t\t\t\t\t\t\t<p><span style=\"font-weight: 400;\">Prostat cerrahisi, prostat bezinde meydana gelen \u00e7e\u015fitli hastal\u0131klar\u0131n tedavi edilmesi amac\u0131yla uygulanan cerrahi bir m\u00fcdahaledir. Prostat, erkek \u00fcreme sisteminin \u00f6nemli bir par\u00e7as\u0131 olup, idrar yollar\u0131n\u0131n etraf\u0131nda yer al\u0131r. Prostat hastal\u0131klar\u0131, \u00f6zellikle ya\u015flanmayla birlikte daha yayg\u0131n hale gelir ve genellikle iyi huylu b\u00fcy\u00fcme (BPH), prostat kanseri veya enfeksiyonlar gibi sorunlar sonucunda cerrahi m\u00fcdahale gerekebilir. Prostat cerrahisi, hastan\u0131n durumuna ve hastal\u0131\u011f\u0131n t\u00fcr\u00fcne ba\u011fl\u0131 olarak farkl\u0131 y\u00f6ntemlerle yap\u0131labilir. Bu cerrahi i\u015flemler, ya\u015fam kalitesini iyile\u015ftirmeyi ve hastan\u0131n sa\u011fl\u0131\u011f\u0131n\u0131 korumay\u0131 hedefler.<\/span><\/p><h2><span style=\"font-weight: 400;\">Trans\u00fcretral Prostat Rezeksiyonu (TUR-P) Nedir?<\/span><\/h2><p><span style=\"font-weight: 400;\">Trans\u00fcretral Prostat Rezeksiyonu (TUR-P), prostat b\u00fcy\u00fcmesi (BPH) nedeniyle idrar yolunun t\u0131kanmas\u0131 durumunda uygulanan yayg\u0131n bir cerrahi i\u015flemdir. Bu y\u00f6ntem, prostat\u0131n v\u00fccutta bulunan do\u011fal a\u00e7\u0131kl\u0131\u011f\u0131ndan, yani \u00fcretradan girilerek yap\u0131l\u0131r. TUR-P, prostat\u0131n b\u00fcy\u00fcyen k\u0131sm\u0131n\u0131n bir k\u0131sm\u0131n\u0131n \u00e7\u0131kar\u0131lmas\u0131n\u0131 sa\u011flar, b\u00f6ylece idrar ak\u0131\u015f\u0131 d\u00fczeltilir ve hastalar\u0131n ya\u015fam kalitesi artar.<\/span><\/p><p><span style=\"font-weight: 400;\">TUR-P, genellikle iyi huylu prostat b\u00fcy\u00fcmesi nedeniyle zorla\u015fan idrar yapma sorunlar\u0131n\u0131 gidermek i\u00e7in tercih edilir. Prostat\u0131n b\u00fcy\u00fcmesi, idrar kesesinin bo\u015falmas\u0131n\u0131 zorla\u015ft\u0131rarak a\u011fr\u0131, s\u0131k idrara \u00e7\u0131kma, idrar yaparken zorluk gibi belirtilere yol a\u00e7abilir. TUR-P, bu semptomlar\u0131 hafifletmek ve prostat\u0131n b\u00fcy\u00fcyen k\u0131sm\u0131n\u0131 azaltmak amac\u0131yla en etkili cerrahi se\u00e7eneklerden biridir.<\/span><\/p><p><span style=\"font-weight: 400;\">\u0130\u015flem, genellikle genel anestezi alt\u0131nda yap\u0131l\u0131r ve endoskopik bir cihaz olan resektoskop kullan\u0131larak ger\u00e7ekle\u015ftirilir. Reseptoskop, \u00fcretradan ge\u00e7irilip prostat\u0131n b\u00fcy\u00fcyen k\u0131sm\u0131n\u0131 keser ve \u00e7\u0131kar\u0131r. Bu sayede, b\u00fcy\u00fck bir kesiye gerek kalmadan hastalar daha h\u0131zl\u0131 iyile\u015fir ve hastanede kal\u0131\u015f s\u00fcreleri k\u0131sal\u0131r. TUR-P, ba\u015far\u0131l\u0131 sonu\u00e7lar sundu\u011fu i\u00e7in uzun y\u0131llard\u0131r prostat cerrahisinde g\u00fcvenle uygulanmaktad\u0131r.<\/span><\/p><h2><span style=\"font-weight: 400;\">Holmium Lazer En\u00fckleasyonu (HoLEP) Nedir?<\/span><\/h2><p><span style=\"font-weight: 400;\">Holmium Lazer En\u00fckleasyonu (HoLEP), prostat b\u00fcy\u00fcmesi (BPH) tedavisinde kullan\u0131lan modern bir lazer cerrahi y\u00f6ntemidir. Bu i\u015flem, prostat\u0131n b\u00fcy\u00fcyen dokusunun tamamen \u00e7\u0131kar\u0131lmas\u0131n\u0131 sa\u011flar, b\u00f6ylece idrar yolunun t\u0131kanmas\u0131 ortadan kalkar ve hastalar\u0131n idrar yapma sorunu \u00e7\u00f6z\u00fcl\u00fcr. HoLEP, y\u00fcksek g\u00fc\u00e7l\u00fc holmium lazeri kullanarak prostat bezinin i\u00e7 k\u0131sm\u0131ndaki fazla dokuyu keser ve bu dokuyu v\u00fccutta do\u011fal yollarla at\u0131lmas\u0131n\u0131 sa\u011flar. Bu y\u00f6ntem, a\u00e7\u0131k cerrahiye k\u0131yasla daha az invaziv olup, daha h\u0131zl\u0131 iyile\u015fme s\u00fcresi ve daha d\u00fc\u015f\u00fck komplikasyon riski sunar.<\/span><\/p><p><span style=\"font-weight: 400;\">HoLEP, genellikle b\u00fcy\u00fck prostat b\u00fcy\u00fcmesi olan hastalar i\u00e7in tercih edilen bir se\u00e7enek olarak \u00f6ne \u00e7\u0131kar. Prostat\u0131n b\u00fcy\u00fck oldu\u011fu durumlarda, di\u011fer y\u00f6ntemler yeterli olmayabilir, ancak HoLEP, bu t\u00fcr durumlar i\u00e7in etkili ve g\u00fcvenli bir \u00e7\u00f6z\u00fcm sa\u011flar. Ayr\u0131ca, i\u015flem s\u0131ras\u0131nda kanama riski olduk\u00e7a d\u00fc\u015f\u00fckt\u00fcr ve hastalar genellikle k\u0131sa s\u00fcre i\u00e7inde taburcu olabilir. HoLEP, \u00f6zellikle di\u011fer tedavi y\u00f6ntemlerinden yeterli sonu\u00e7 alamayan veya komplikasyon riski ta\u015f\u0131mayan hastalar i\u00e7in \u00f6nerilen bir tedavi se\u00e7ene\u011fidir.<\/span><\/p><h2><span style=\"font-weight: 400;\">Thulium Lazer En\u00fckleasyonu (ThuLEP) Nedir?<\/span><\/h2><p><span style=\"font-weight: 400;\">Thulium Lazer En\u00fckleasyonu (ThuLEP), prostat b\u00fcy\u00fcmesi (BPH) tedavisinde kullan\u0131lan ileri d\u00fczey bir lazer cerrahisidir. Bu y\u00f6ntemde, thulium lazeri kullan\u0131larak prostat\u0131n b\u00fcy\u00fcyen dokusu hassas bir \u015fekilde kesilir ve \u00e7\u0131kar\u0131l\u0131r. ThuLEP, \u00f6zellikle b\u00fcy\u00fck prostatlarda etkili sonu\u00e7lar verir, \u00e7\u00fcnk\u00fc i\u015flem prostat\u0131n tamam\u0131n\u0131n \u00e7\u0131kar\u0131lmas\u0131n\u0131 sa\u011flar. Lazer enerjisi ile yap\u0131lan bu kesim s\u0131ras\u0131nda kanama riski minimuma indirilir, b\u00f6ylece hastalar\u0131n iyile\u015fme s\u00fcreci daha h\u0131zl\u0131 ve komplikasyon oran\u0131 daha d\u00fc\u015f\u00fckt\u00fcr.<\/span><\/p><p><span style=\"font-weight: 400;\">ThuLEP, minimal invaziv bir prosed\u00fcr olarak \u00f6ne \u00e7\u0131kar ve hastalar\u0131n genellikle hastanede kal\u0131\u015f s\u00fcresi k\u0131sa olur. Bu y\u00f6ntem, hem k\u00fc\u00e7\u00fck hem de b\u00fcy\u00fck prostatlarda uygulanabilen g\u00fcvenli bir tedavi se\u00e7ene\u011fidir. ThuLEP\u2019in en b\u00fcy\u00fck avantajlar\u0131ndan biri, i\u015flem sonras\u0131 hastalar\u0131n idrar yapma sorunlar\u0131n\u0131n h\u0131zl\u0131 bir \u015fekilde \u00e7\u00f6z\u00fclmesidir. Ayr\u0131ca, geleneksel cerrahiden farkl\u0131 olarak, bu teknik daha az a\u011fr\u0131ya yol a\u00e7ar ve iyile\u015fme s\u00fcreci daha konforlu ge\u00e7er.<\/span><\/p><h2><span style=\"font-weight: 400;\">A\u00e7\u0131k Prostatektomi Y\u00f6ntemi Nedir?<\/span><\/h2><p><span style=\"font-weight: 400;\">A\u00e7\u0131k prostatektomi, prostat kanseri veya \u015fiddetli prostat b\u00fcy\u00fcmesi (BPH) gibi durumlar i\u00e7in uygulanan geleneksel bir cerrahi y\u00f6ntemdir. Bu i\u015flemde, prostat bezinin tamamen \u00e7\u0131kar\u0131lmas\u0131 amac\u0131yla kar\u0131n b\u00f6lgesinde bir kesik yap\u0131l\u0131r. Prostat bezinin \u00e7evresindeki dokulara zarar vermemek i\u00e7in cerrah taraf\u0131ndan dikkatlice \u00e7\u0131kar\u0131l\u0131r. A\u00e7\u0131k prostatektomi, \u00f6zellikle prostat kanseri nedeniyle b\u00fcy\u00fck ve yerle\u015fik t\u00fcm\u00f6rlerin bulundu\u011fu hastalarda tercih edilen bir se\u00e7enektir. Bu y\u00f6ntem, uzun y\u0131llard\u0131r ba\u015far\u0131yla uygulanmakta olup, baz\u0131 hastalar i\u00e7in en etkili tedavi y\u00f6ntemi olarak kabul edilir.<\/span><\/p><p><span style=\"font-weight: 400;\">A\u00e7\u0131k prostatektomi genellikle genel anestezi alt\u0131nda yap\u0131l\u0131r ve uzun iyile\u015fme s\u00fcreleri ile birlikte gelir. \u0130\u015flem sonras\u0131 hastalar, iyile\u015fme s\u00fcrecinde dikkatli bir izlemeye al\u0131n\u0131r ve enfeksiyon veya kanama gibi komplikasyonlar izlenir. Cerrahinin ba\u015far\u0131l\u0131 olabilmesi i\u00e7in hastan\u0131n genel sa\u011fl\u0131k durumu b\u00fcy\u00fck \u00f6nem ta\u015f\u0131r. G\u00fcn\u00fcm\u00fczde a\u00e7\u0131k prostatektomi, daha az invaziv tekniklerin geli\u015fmesiyle birlikte daha nadiren tercih edilse de, baz\u0131 durumlarda hala alt\u0131n standart tedavi se\u00e7ene\u011fi olarak \u00f6ne \u00e7\u0131kmaktad\u0131r.<\/span><\/p><h2><span style=\"font-weight: 400;\">Robotik Yard\u0131ml\u0131 Prostatektomi Nedir?<\/span><\/h2><p><span style=\"font-weight: 400;\">Robotik yard\u0131ml\u0131 prostatektomi, prostat kanseri tedavisinde kullan\u0131lan modern bir cerrahi tekniktir ve robotik sistemler yard\u0131m\u0131yla yap\u0131lan minimal invaziv bir prosed\u00fcrd\u00fcr. Bu y\u00f6ntemde, cerrah robotik kollar\u0131 kullanarak prostat\u0131n tamam\u0131n\u0131 \u00e7\u0131kar\u0131r. Robotik sistem, cerraha y\u00fcksek \u00e7\u00f6z\u00fcn\u00fcrl\u00fckte 3D g\u00f6rsel ve hassas kontrol sa\u011flar, b\u00f6ylece prostat bezini \u00e7evreleyen sinirler ve damarlar korunarak i\u015flem ger\u00e7ekle\u015ftirilir. Bu sayede, daha k\u00fc\u00e7\u00fck kesilerle yap\u0131lan cerrahi m\u00fcdahale hastalar\u0131n daha h\u0131zl\u0131 iyile\u015fmesini sa\u011flar ve iyile\u015fme s\u00fcreci daha konforlu ge\u00e7er.<\/span><\/p><p><span style=\"font-weight: 400;\">Robotik yard\u0131ml\u0131 prostatektomi, geleneksel a\u00e7\u0131k cerrahiye g\u00f6re daha az kanama, daha k\u0131sa hastanede kal\u0131\u015f s\u00fcresi ve h\u0131zl\u0131 iyile\u015fme gibi avantajlar sunar. Ayr\u0131ca, sinirleri koruma konusunda daha y\u00fcksek ba\u015far\u0131 oranlar\u0131 ile, potansiyel olarak erektil fonksiyon ve idrar kontrol\u00fc gibi \u00f6nemli ya\u015fam kalitesi fakt\u00f6rlerinin korunmas\u0131na yard\u0131mc\u0131 olur. Bu y\u00f6ntemin en b\u00fcy\u00fck avantaj\u0131, cerrah\u0131n robotik sistem arac\u0131l\u0131\u011f\u0131yla sa\u011flad\u0131\u011f\u0131 ekstra hassasiyet ve g\u00f6r\u00fcn\u00fcrl\u00fck ile prostat kanserinin ba\u015far\u0131l\u0131 bir \u015fekilde \u00e7\u0131kar\u0131lmas\u0131n\u0131 sa\u011flamas\u0131d\u0131r.<\/span><\/p><h2><span style=\"font-weight: 400;\">Prostat Cerrahisi Sonras\u0131 \u0130yile\u015fme S\u00fcreci<\/span><\/h2><p><span style=\"font-weight: 400;\">Prostat cerrahisi sonras\u0131 iyile\u015fme s\u00fcreci, uygulanan cerrahi y\u00f6ntem ve hastan\u0131n genel sa\u011fl\u0131k durumuna ba\u011fl\u0131 olarak de\u011fi\u015fiklik g\u00f6sterebilir. A\u00e7\u0131k cerrahi, robotik cerrahi veya lazer tedavisi gibi farkl\u0131 y\u00f6ntemler, iyile\u015fme s\u00fcresini etkileyebilir. Genellikle, hastalar cerrahiden hemen sonra hastanede birka\u00e7 g\u00fcn kalabilir ve taburcu olduktan sonra evde dinlenmeye ihtiya\u00e7 duyarlar. \u0130yile\u015fme s\u00fcreci boyunca, hastalar\u0131n idrar yapma al\u0131\u015fkanl\u0131klar\u0131nda de\u011fi\u015fiklikler olabilir, bu da zamanla d\u00fczelir. Prostat cerrahisi sonras\u0131 ilk birka\u00e7 hafta, idrarda kanama, a\u011fr\u0131 veya yanma gibi ge\u00e7ici semptomlar g\u00f6r\u00fclebilir, ancak bunlar genellikle tedaviyle kontrol alt\u0131na al\u0131nabilir.<\/span><\/p><p><span style=\"font-weight: 400;\">\u0130yile\u015fme s\u00fcrecinin h\u0131zlanmas\u0131 i\u00e7in hastalar\u0131n, doktorlar\u0131n\u0131n \u00f6nerilerine uymas\u0131, bol su i\u00e7mesi ve a\u011f\u0131r aktivitelerden ka\u00e7\u0131nmas\u0131 \u00f6nemlidir. Ayr\u0131ca, prostat cerrahisi sonras\u0131 erektil fonksiyon ve idrar kontrol\u00fc gibi durumlarda iyile\u015fme zaman alabilir, ancak bu s\u00fcre\u00e7 \u00e7o\u011fu hastada ilerleyen zamanla d\u00fczelir. D\u00fczenli kontrol randevular\u0131, iyile\u015fme s\u00fcrecini takip etmek ve potansiyel komplikasyonlar\u0131 \u00f6nlemek i\u00e7in \u00f6nemlidir. Prostat cerrahisi sonras\u0131 erken d\u00f6nemde dikkat edilmesi gereken bir di\u011fer \u00f6nemli nokta ise enfeksiyon riskidir; bu nedenle hijyen kurallar\u0131na uyulmas\u0131 ve doktorun belirtti\u011fi ila\u00e7lar\u0131n d\u00fczenli kullan\u0131lmas\u0131 gerekmektedir.<\/span><\/p><h2><span style=\"font-weight: 400;\">Prostat Cerrahisinin Olas\u0131 Riskleri ve Komplikasyonlar\u0131<\/span><\/h2><p><span style=\"font-weight: 400;\">Prostat cerrahisi, genellikle g\u00fcvenli bir prosed\u00fcr olsa da, her cerrahi i\u015flemde oldu\u011fu gibi baz\u0131 riskler ve komplikasyonlar bulunmaktad\u0131r. En yayg\u0131n riskler aras\u0131nda kanama, enfeksiyon ve anesteziye ba\u011fl\u0131 reaksiyonlar yer al\u0131r. Kanama, \u00f6zellikle a\u00e7\u0131k cerrahi y\u00f6ntemlerde daha belirgin olabilir, ancak lazer tedavisi veya robotik cerrahi gibi minimal invaziv y\u00f6ntemlerde bu risk daha d\u00fc\u015f\u00fckt\u00fcr. Enfeksiyon riski, cerrahiden sonra uygun hijyen ve ila\u00e7 kullan\u0131m\u0131 ile azalt\u0131labilir, ancak baz\u0131 hastalar tedavi s\u00fcrecinde enfeksiyon geli\u015ftirebilir. Ayr\u0131ca, anesteziye ba\u011fl\u0131 nadir reaksiyonlar da g\u00f6zlemlenebilir, bu nedenle hastalar, anestezi uygulamadan \u00f6nce sa\u011fl\u0131k durumlar\u0131 hakk\u0131nda tam bilgi vermelidir.<\/span><\/p><p><span style=\"font-weight: 400;\">Prostat cerrahisi sonras\u0131 kar\u015f\u0131la\u015f\u0131lan di\u011fer olas\u0131 komplikasyonlar aras\u0131nda idrar ka\u00e7\u0131rma ve erektil disfonksiyon yer al\u0131r. \u0130drar ka\u00e7\u0131rma, genellikle ge\u00e7ici bir sorun olup zamanla iyile\u015febilir, ancak baz\u0131 hastalarda kal\u0131c\u0131 olabilir. Erektil disfonksiyon ise, cerrahiden sonra baz\u0131 erkeklerde g\u00f6r\u00fclebilir, ancak bu durum genellikle tedavi ile y\u00f6netilebilir. Ayr\u0131ca, cerrahi s\u0131ras\u0131nda sinirlerin zarar g\u00f6rmesi de m\u00fcmk\u00fcnd\u00fcr, bu da idrar kontrol\u00fc veya cinsel fonksiyon \u00fczerinde uzun vadeli etkiler yaratabilir. Her ne kadar bu komplikasyonlar nadir olsa da, hastalar\u0131n bu riskleri cerrahiden \u00f6nce doktorlar\u0131yla detayl\u0131 bir \u015fekilde g\u00f6r\u00fc\u015fmeleri \u00f6nemlidir.<\/span><\/p><p><br \/><br \/><\/p>\t\t\t\t\t\t\t\t<\/div>\n\t\t\t\t<\/div>\n\t\t\t\t\t<\/div>\n\t\t\t\t<\/div>\n\t\t\t\t<\/div>","protected":false},"excerpt":{"rendered":"<p>Prostat cerrahisi, prostat bezinde meydana gelen \u00e7e\u015fitli hastal\u0131klar\u0131n tedavi edilmesi amac\u0131yla uygulanan cerrahi bir m\u00fcdahaledir. Prostat, erkek \u00fcreme sisteminin \u00f6nemli<\/p>","protected":false},"author":2,"featured_media":0,"parent":0,"menu_order":0,"comment_status":"closed","ping_status":"closed","template":"","meta":{"footnotes":""},"class_list":["post-31369","page","type-page","status-publish","hentry"],"_links":{"self":[{"href":"https:\/\/westestetik.com\/es\/wp-json\/wp\/v2\/pages\/31369","targetHints":{"allow":["GET"]}}],"collection":[{"href":"https:\/\/westestetik.com\/es\/wp-json\/wp\/v2\/pages"}],"about":[{"href":"https:\/\/westestetik.com\/es\/wp-json\/wp\/v2\/types\/page"}],"author":[{"embeddable":true,"href":"https:\/\/westestetik.com\/es\/wp-json\/wp\/v2\/users\/2"}],"replies":[{"embeddable":true,"href":"https:\/\/westestetik.com\/es\/wp-json\/wp\/v2\/comments?post=31369"}],"version-history":[{"count":8,"href":"https:\/\/westestetik.com\/es\/wp-json\/wp\/v2\/pages\/31369\/revisions"}],"predecessor-version":[{"id":31378,"href":"https:\/\/westestetik.com\/es\/wp-json\/wp\/v2\/pages\/31369\/revisions\/31378"}],"wp:attachment":[{"href":"https:\/\/westestetik.com\/es\/wp-json\/wp\/v2\/media?parent=31369"}],"curies":[{"name":"wp","href":"https:\/\/api.w.org\/{rel}","templated":true}]}}