{"id":31357,"date":"2025-05-09T17:16:44","date_gmt":"2025-05-09T14:16:44","guid":{"rendered":"https:\/\/westestetik.com\/?page_id=31357"},"modified":"2025-05-09T17:22:28","modified_gmt":"2025-05-09T14:22:28","slug":"venoz-yetmezlik","status":"publish","type":"page","link":"https:\/\/westestetik.com\/es\/venoz-yetmezlik\/","title":{"rendered":"Ven\u00f6z Yetmezlik"},"content":{"rendered":"<div data-elementor-type=\"wp-page\" data-elementor-id=\"31357\" class=\"elementor elementor-31357\" data-elementor-post-type=\"page\">\n\t\t\t\t<div class=\"wd-negative-gap elementor-element elementor-element-9d771c2 e-flex e-con-boxed e-con e-parent\" data-id=\"9d771c2\" data-element_type=\"container\">\n\t\t\t\t\t<div class=\"e-con-inner\">\n\t\t\t\t<div class=\"elementor-element elementor-element-afb2eea color-scheme-inherit text-left elementor-widget elementor-widget-text-editor\" data-id=\"afb2eea\" data-element_type=\"widget\" data-widget_type=\"text-editor.default\">\n\t\t\t\t<div class=\"elementor-widget-container\">\n\t\t\t\t\t\t\t\t\t<p><span style=\"font-weight: 400;\">Ven\u00f6z Yetmezlik, bacak toplardamarlar\u0131n\u0131n kan\u0131 kalbe yeterince etkili bir \u015fekilde ta\u015f\u0131yamamas\u0131 sonucu ortaya \u00e7\u0131kan, olduk\u00e7a yayg\u0131n bir dola\u015f\u0131m sistemi problemidir. Genellikle bacaklarda \u015fi\u015flik, a\u011fr\u0131, varis ve yorgunluk hissi gibi belirtilerle kendini g\u00f6sterir. Bu durum, damar kapak\u00e7\u0131klar\u0131n\u0131n hasar g\u00f6rmesi veya zay\u0131flamas\u0131 nedeniyle kan\u0131n geri ka\u00e7mas\u0131 ve damarlar i\u00e7inde birikmesiyle meydana gelir. Erken te\u015fhis ve uygun tedavi y\u00f6ntemleriyle kontrol alt\u0131na al\u0131nabilen ven\u00f6z yetmezlik, ya\u015fam kalitesini olumsuz etkileyebilece\u011fi i\u00e7in ihmal edilmemesi gereken bir sa\u011fl\u0131k sorunudur.<\/span><\/p><h2><span style=\"font-weight: 400;\">Ven\u00f6z Yetmezlik Nedir?<\/span><\/h2><p><span style=\"font-weight: 400;\">Penil ven\u00f6z yetmezlik, erkeklerde sertle\u015fme sorununun (erektil disfonksiyon) \u00f6nemli nedenlerinden biri olan, penisteki toplardamarlar\u0131n i\u015flevini tam olarak yerine getirememesi durumudur. Normalde, cinsel uyar\u0131lma s\u0131ras\u0131nda penis i\u00e7ine dolan kan, damar kapak\u00e7\u0131klar\u0131 sayesinde i\u00e7eride tutulur ve bu sayede yeterli sertlik sa\u011flan\u0131r. Ancak penil ven\u00f6z yetmezlik durumunda bu damar kapak\u00e7\u0131klar\u0131 d\u00fczg\u00fcn \u00e7al\u0131\u015fmaz ve kan, penisten h\u0131zl\u0131ca geri ka\u00e7ar. Bu da tam ereksiyonun sa\u011flanamamas\u0131na veya korunamamas\u0131na neden olur.<\/span><\/p><p><span style=\"font-weight: 400;\">Bu durum, damar yap\u0131s\u0131ndaki do\u011fu\u015ftan gelen bozukluklar, ya\u015fa ba\u011fl\u0131 damar elastikiyetinin azalmas\u0131, hipertansiyon, diyabet, sigara kullan\u0131m\u0131 gibi \u00e7e\u015fitli fakt\u00f6rlerle ortaya \u00e7\u0131kabilir. Genellikle sessiz ilerleyen bu problem, zamanla erkeklerin \u00f6zg\u00fcvenini etkileyebilir ve cinsel ya\u015fam kalitesini d\u00fc\u015f\u00fcrebilir.<\/span><\/p><h2><span style=\"font-weight: 400;\">Ven\u00f6z Yetmezlik Tan\u0131 Y\u00f6ntemleri<\/span><\/h2><p><span style=\"font-weight: 400;\">Penil ven\u00f6z yetmezlik, sertle\u015fme sorunlar\u0131n\u0131n alt\u0131nda yatan fizyolojik nedenlerden biri oldu\u011fundan, do\u011fru tan\u0131 koymak tedavi s\u00fcrecinin en kritik ad\u0131mlar\u0131ndan biridir. Erkeklerde ereksiyonun sa\u011flanamamas\u0131 ya da s\u00fcrd\u00fcr\u00fclememesi durumunda, hekim ilk olarak detayl\u0131 bir hasta \u00f6yk\u00fcs\u00fc ve fizik muayene ile s\u00fcreci ba\u015flat\u0131r. Ancak bu rahats\u0131zl\u0131k genellikle damar yap\u0131s\u0131ndaki i\u015flev bozukluklar\u0131ndan kaynakland\u0131\u011f\u0131 i\u00e7in, ileri g\u00f6r\u00fcnt\u00fcleme ve fonksiyonel testlerle desteklenen bir tan\u0131 s\u00fcreci gerektirir.<\/span><\/p><p><span style=\"font-weight: 400;\">En s\u0131k kullan\u0131lan y\u00f6ntemlerden biri Penil Doppler Ultrasonografi\u2019dir. Bu testte, penise damar geni\u015fletici bir ila\u00e7 enjekte edilir ve ard\u0131ndan ultrason yard\u0131m\u0131yla penisteki kan ak\u0131\u015f\u0131 ve toplardamar ka\u00e7aklar\u0131 g\u00f6zlemlenir. Bu sayede ven\u00f6z ka\u00e7ak (ven\u00f6z yetmezlik) olup olmad\u0131\u011f\u0131 net bir \u015fekilde anla\u015f\u0131l\u0131r.<\/span><\/p><p><span style=\"font-weight: 400;\">Bir di\u011fer tan\u0131 y\u00f6ntemi ise Kavernozometri ve Kavernozografi olarak bilinir. Bu testler genellikle daha ileri vakalarda uygulan\u0131r ve penisteki kan bas\u0131nc\u0131n\u0131n \u00f6l\u00e7\u00fclmesi ile damar yap\u0131s\u0131n\u0131n detayl\u0131 incelenmesini sa\u011flar. Ayr\u0131ca, baz\u0131 durumlarda Nocturnal Penil T\u00fcm\u00f6r testi (NPT) kullan\u0131larak gece ereksiyonlar\u0131 de\u011ferlendirilir; \u00e7\u00fcnk\u00fc sa\u011fl\u0131kl\u0131 erkeklerde uykuda ya\u015fanan ereksiyonlar, fiziksel bir bozukluk olmad\u0131\u011f\u0131n\u0131n g\u00f6stergesi olabilir.<\/span><\/p><h2><span style=\"font-weight: 400;\">Ven\u00f6z Yetmezlikte Cerrahi Tedavi Se\u00e7enekleri<\/span><\/h2><p><span style=\"font-weight: 400;\">Penil ven\u00f6z yetmezlikte cerrahi tedavi, ila\u00e7lar, enjeksiyonlar ya da vakum cihazlar\u0131 gibi konservatif y\u00f6ntemlerle sonu\u00e7 al\u0131namayan ileri vakalarda g\u00fcndeme gelir. Cerrahi m\u00fcdahale, damar sistemindeki anatomik bozukluklar\u0131n kal\u0131c\u0131 \u015fekilde d\u00fczeltilmesini hedefler ve bu sayede ereksiyonun kal\u0131c\u0131l\u0131\u011f\u0131 art\u0131r\u0131labilir. Do\u011fru hasta se\u00e7imi ve detayl\u0131 tan\u0131 s\u00fcreci, cerrahinin ba\u015far\u0131 oran\u0131 a\u00e7\u0131s\u0131ndan olduk\u00e7a kritiktir.<\/span><\/p><p><span style=\"font-weight: 400;\">En yayg\u0131n uygulanan cerrahi y\u00f6ntemlerden biri **ven\u00f6z ligasyon (damar ba\u011flama ameliyat\u0131)**d\u0131r. Bu y\u00f6ntemde, penisteki kan\u0131n h\u0131zl\u0131 bir \u015fekilde geri ka\u00e7mas\u0131na neden olan toplardamarlar tespit edilip ba\u011flanarak, kan\u0131n penis i\u00e7inde daha uzun s\u00fcre kalmas\u0131 sa\u011flan\u0131r. Mikrocerrahi teknikler kullan\u0131larak yap\u0131lan bu i\u015flem, minimal invaziv olup iyile\u015fme s\u00fcreci nispeten h\u0131zl\u0131d\u0131r.<\/span><\/p><p><span style=\"font-weight: 400;\">Daha ileri vakalarda veya di\u011fer tedavilere yan\u0131t vermeyen hastalarda penil protez implantasyonu tercih edilebilir. Bu i\u015flemde, penis i\u00e7ine yerle\u015ftirilen \u00f6zel protezler sayesinde hasta, mekanik olarak kontrol edilebilir bir ereksiyon sa\u011flayabilir. Protezler, hidrolik (\u015fi\u015firilebilir) ya da yar\u0131 sert (b\u00fck\u00fclebilir) formda olabilir ve hastan\u0131n ya\u015fam kalitesini \u00f6nemli \u00f6l\u00e7\u00fcde art\u0131rabilir.<\/span><\/p><h2><span style=\"font-weight: 400;\">Penil Ven\u00f6z Ligasyon Ameliyat\u0131<\/span><\/h2><p><span style=\"font-weight: 400;\">Penil ven\u00f6z ligasyon ameliyat\u0131, penisteki toplardamar ka\u00e7aklar\u0131n\u0131 kontrol alt\u0131na alarak sertle\u015fme problemlerini (erektil disfonksiyon) kal\u0131c\u0131 \u015fekilde \u00e7\u00f6zmeyi ama\u00e7layan cerrahi bir tedavi y\u00f6ntemidir. \u00d6zellikle penil ven\u00f6z yetmezlik tan\u0131s\u0131 konmu\u015f ve medikal tedavilere yan\u0131t alamayan hastalarda uygulanan bu ameliyat, penis damar yap\u0131s\u0131ndaki bozulmu\u015f kan ak\u0131\u015f\u0131n\u0131 d\u00fczenlemeyi hedefler.<\/span><\/p><p><span style=\"font-weight: 400;\">Bu operasyonda ama\u00e7, ereksiyon s\u0131ras\u0131nda penis i\u00e7indeki kan\u0131n erken d\u00f6nemde geri ka\u00e7mas\u0131na neden olan anormal toplardamarlar\u0131n ba\u011flanmas\u0131d\u0131r. Bu i\u015flem, genellikle mikrocerrahi tekniklerle ger\u00e7ekle\u015ftirilir ve b\u00fcy\u00fck bir kesi yap\u0131lmadan, hassas damarlar \u00fczerinde \u00e7al\u0131\u015f\u0131l\u0131r. B\u00f6ylece penise gelen kan daha uzun s\u00fcre i\u00e7eride kal\u0131r ve yeterli sertlik sa\u011flan\u0131r.<\/span><\/p><p><span style=\"font-weight: 400;\">Penil ven\u00f6z ligasyon ameliyat\u0131, do\u011fru hasta se\u00e7imi yap\u0131ld\u0131\u011f\u0131nda olduk\u00e7a ba\u015far\u0131l\u0131 sonu\u00e7lar verebilir. Ancak bu cerrahinin her hastaya uygun olmad\u0131\u011f\u0131n\u0131 unutmamak gerekir. \u00d6zellikle psikolojik k\u00f6kenli sertle\u015fme problemlerinde ya da sistemik hastal\u0131klara ba\u011fl\u0131 damar hasarlar\u0131nda, bu y\u00f6ntem tek ba\u015f\u0131na yeterli olmayabilir. Bu nedenle detayl\u0131 bir tan\u0131 s\u00fcreci, doppler ultrason ve kavernozografi gibi testlerle desteklenmelidir.<\/span><\/p><h2><span style=\"font-weight: 400;\">Ven\u00f6z Embolizasyon (Minimal \u0130nvaziv Y\u00f6ntem)<\/span><\/h2><p><span style=\"font-weight: 400;\">Ven\u00f6z embolizasyon, penil ven\u00f6z yetmezlik tedavisinde son y\u0131llarda \u00f6n plana \u00e7\u0131kan, minimal invaziv ve etkili bir y\u00f6ntem olarak dikkat \u00e7ekmektedir. Bu teknik, damar cerrahisi gerektirmeden, ince kateterler arac\u0131l\u0131\u011f\u0131yla problemli toplardamarlar\u0131n t\u0131kanmas\u0131n\u0131 sa\u011flar. Ama\u00e7, ereksiyon s\u0131ras\u0131nda penisten erken ka\u00e7an kan\u0131n engellenmesi ve bu sayede daha uzun s\u00fcreli bir sertle\u015fmenin sa\u011flanmas\u0131d\u0131r.<\/span><\/p><p><span style=\"font-weight: 400;\">\u0130\u015flem genellikle lokal anestezi alt\u0131nda, anjiyografi laboratuvar\u0131nda ger\u00e7ekle\u015ftirilir. Giri\u015fimsel radyoloji uzman\u0131 taraf\u0131ndan kas\u0131k b\u00f6lgesinden bir damar yolu a\u00e7\u0131l\u0131r ve \u00f6zel g\u00f6r\u00fcnt\u00fcleme teknikleri kullan\u0131larak penisteki ka\u00e7ak yapan toplardamarlar tespit edilir. Ard\u0131ndan bu damarlara embolizan madde (\u00f6rne\u011fin mikrocoil, sklerozan ajan veya \u00f6zel yap\u0131\u015ft\u0131r\u0131c\u0131lar) enjekte edilerek damar t\u0131kan\u0131r ve kan\u0131n geri ak\u0131\u015f\u0131 durdurulur.<\/span><\/p><p><span style=\"font-weight: 400;\">Ven\u00f6z embolizasyonun en b\u00fcy\u00fck avantaj\u0131, cerrahi kesiye gerek duyulmamas\u0131, i\u015flem s\u00fcresinin k\u0131sa olmas\u0131 ve hastan\u0131n genellikle ayn\u0131 g\u00fcn taburcu edilebilmesidir. Ayr\u0131ca, bu y\u00f6ntem daha \u00f6nce cerrahi tedavi uygulanm\u0131\u015f hastalarda da bir alternatif olarak de\u011ferlendirilebilir. Komplikasyon riski d\u00fc\u015f\u00fck, iyile\u015fme s\u00fcreci ise olduk\u00e7a h\u0131zl\u0131d\u0131r.<\/span><\/p><h2><span style=\"font-weight: 400;\">Cerrahi M\u00fcdahale S\u00fcreci ve \u0130yile\u015fme D\u00f6nemi<\/span><\/h2><p><span style=\"font-weight: 400;\">Penil ven\u00f6z yetmezli\u011fe y\u00f6nelik cerrahi m\u00fcdahale s\u00fcreci, detayl\u0131 bir \u00f6n de\u011ferlendirme ve do\u011fru hasta se\u00e7imiyle ba\u015flar. Tedaviye diren\u00e7li, medikal ve minimal invaziv y\u00f6ntemlerle ba\u015far\u0131 sa\u011flanamayan hastalarda, cerrahi se\u00e7enekler devreye girer. Bu m\u00fcdahaleler aras\u0131nda en yayg\u0131nlar\u0131 ven\u00f6z ligasyon ameliyat\u0131 ve ileri vakalarda penil protez implantasyonudur.<\/span><\/p><p><span style=\"font-weight: 400;\">Cerrahi s\u00fcrecin ilk ad\u0131m\u0131, hastan\u0131n genel sa\u011fl\u0131k durumu ve damar yap\u0131s\u0131n\u0131n ayr\u0131nt\u0131l\u0131 olarak de\u011ferlendirilmesidir. Gerekli tetkik ve g\u00f6r\u00fcnt\u00fclemelerin ard\u0131ndan, hastaya en uygun cerrahi y\u00f6nteme karar verilir. Operasyon genellikle genel ya da spinal anestezi alt\u0131nda ger\u00e7ekle\u015ftirilir. Mikrocerrahi teknikler kullan\u0131larak yap\u0131lan m\u00fcdahalelerde, hasarl\u0131 damarlar izole edilip ba\u011flan\u0131r ya da gerekirse devre d\u0131\u015f\u0131 b\u0131rak\u0131l\u0131r.<\/span><\/p><p><span style=\"font-weight: 400;\">Ameliyat sonras\u0131 iyile\u015fme d\u00f6nemi, hastan\u0131n operasyon t\u00fcr\u00fcne ve genel sa\u011fl\u0131k durumuna g\u00f6re de\u011fi\u015fiklik g\u00f6sterebilir. Genellikle hastalar 1-2 g\u00fcn i\u00e7inde taburcu edilir ve 1-2 hafta i\u00e7inde normal g\u00fcnl\u00fck aktivitelerine d\u00f6nebilirler. Cerrahi sonras\u0131 b\u00f6lgede hafif a\u011fr\u0131, morarma ya da \u015fi\u015flik gibi belirtiler g\u00f6r\u00fclebilir; bu durumlar k\u0131sa s\u00fcrede kendili\u011finden ge\u00e7er.<\/span><\/p><p><span style=\"font-weight: 400;\">Cinsel ili\u015fkiye d\u00f6n\u00fc\u015f s\u00fcresi, hekimin \u00f6nerisine g\u00f6re de\u011fi\u015fmekle birlikte genellikle 4 ila 6 haftay\u0131 bulabilir. Bu s\u00fcre\u00e7te enfeksiyon riskini azaltmak ve iyile\u015fmeyi h\u0131zland\u0131rmak i\u00e7in antibiyotik tedavisi ve d\u00fczenli kontrol \u00f6nemlidir. Ayr\u0131ca, iyile\u015fme s\u00fcrecinde a\u015f\u0131r\u0131 fiziksel aktiviteden ve cinsel uyarandan ka\u00e7\u0131n\u0131lmas\u0131 tavsiye edilir.<\/span><\/p><h2><span style=\"font-weight: 400;\">Cerrahi Tedavi Sonu\u00e7lar\u0131n\u0131n Kal\u0131c\u0131l\u0131\u011f\u0131<\/span><\/h2><p><span style=\"font-weight: 400;\">Penil ven\u00f6z yetmezlik tedavisinde cerrahi m\u00fcdahalelerin sonu\u00e7lar\u0131, genellikle hastan\u0131n tedaviye verdi\u011fi yan\u0131t, cerrahinin t\u00fcr\u00fc ve hastan\u0131n genel sa\u011fl\u0131k durumu gibi fakt\u00f6rlere ba\u011fl\u0131 olarak de\u011fi\u015fir. Ancak do\u011fru cerrahi yakla\u015f\u0131m ve uygun hasta se\u00e7imi ile elde edilen sonu\u00e7lar, genellikle kal\u0131c\u0131d\u0131r ve hastalar\u0131n ya\u015fam kalitesini belirgin \u015fekilde iyile\u015ftirir.<\/span><\/p><p><span style=\"font-weight: 400;\">Ven\u00f6z ligasyon ameliyat\u0131 ve penil protez implantasyonu gibi cerrahi y\u00f6ntemler, penisteki kan ak\u0131\u015f\u0131n\u0131 d\u00fczelterek, sertle\u015fme sorunlar\u0131n\u0131 kal\u0131c\u0131 \u015fekilde \u00e7\u00f6zebilir. Ven\u00f6z ligasyon i\u015flemi ile ba\u011flanan damarlar sayesinde, kan\u0131n peniste geri ka\u00e7mas\u0131 \u00f6nlenir ve ereksiyon kalitesinde belirgin bir art\u0131\u015f sa\u011flan\u0131r. Bu tedavi genellikle uzun vadeli sonu\u00e7lar verir, ancak baz\u0131 hastalarda damarlar\u0131n yeniden a\u00e7\u0131lmas\u0131 (tekerr\u00fcr) gibi durumlar g\u00f6r\u00fclebilir. Ancak, cerrahi m\u00fcdahalelerin ba\u015far\u0131 oran\u0131 genellikle %80-90 civar\u0131ndad\u0131r.<\/span><\/p><p><span style=\"font-weight: 400;\">Penil protez implantasyonu ise \u00f6zellikle ileri vakalarda tercih edilen bir y\u00f6ntemdir ve uzun vadede kal\u0131c\u0131 sonu\u00e7lar sa\u011flar. Protez implantlar\u0131, hastan\u0131n cinsel fonksiyonlar\u0131n\u0131 geri kazanmas\u0131n\u0131 sa\u011flayarak, do\u011fal bir ereksiyon deneyimi sunar. Bu tedavi y\u00f6ntemiyle, \u00e7o\u011fu hasta uzun y\u0131llar boyunca cinsel sa\u011fl\u0131\u011f\u0131n\u0131 iyile\u015ftirebilir. Protezler genellikle \u00f6m\u00fcr boyu dayan\u0131kl\u0131d\u0131r, ancak baz\u0131 durumlarda protez de\u011fi\u015fimi gerekebilir.<\/span><\/p><p><span style=\"font-weight: 400;\">Cerrahi tedavi sonu\u00e7lar\u0131n\u0131n kal\u0131c\u0131l\u0131\u011f\u0131, ayn\u0131 zamanda hastan\u0131n ya\u015fam tarz\u0131 ve sa\u011fl\u0131k durumu ile do\u011frudan ili\u015fkilidir. Sigara kullan\u0131m\u0131, a\u015f\u0131r\u0131 alkol t\u00fcketimi, obezite ve diyabet gibi sa\u011fl\u0131k problemleri, tedavi sonu\u00e7lar\u0131n\u0131 olumsuz etkileyebilir. Bu nedenle, cerrahi i\u015flem sonras\u0131 sa\u011fl\u0131kl\u0131 bir ya\u015fam tarz\u0131 benimsemek, tedavi sonu\u00e7lar\u0131n\u0131n kal\u0131c\u0131l\u0131\u011f\u0131n\u0131 art\u0131ran \u00f6nemli bir fakt\u00f6rd\u00fcr.<\/span><\/p><p><span style=\"font-weight: 400;\">Sonu\u00e7 olarak, cerrahi tedavi \u00e7o\u011fu hasta i\u00e7in kal\u0131c\u0131 ve etkili bir \u00e7\u00f6z\u00fcm sunar. Ancak d\u00fczenli takip, do\u011fru ya\u015fam al\u0131\u015fkanl\u0131klar\u0131 ve hastan\u0131n cerrahiye uyumu, sonu\u00e7lar\u0131n uzun s\u00fcreli ba\u015far\u0131 \u015fans\u0131n\u0131 art\u0131r\u0131r.<\/span><\/p><p><br \/><br \/><\/p>\t\t\t\t\t\t\t\t<\/div>\n\t\t\t\t<\/div>\n\t\t\t\t\t<\/div>\n\t\t\t\t<\/div>\n\t\t\t\t<\/div>","protected":false},"excerpt":{"rendered":"<p>Ven\u00f6z Yetmezlik, bacak toplardamarlar\u0131n\u0131n kan\u0131 kalbe yeterince etkili bir \u015fekilde ta\u015f\u0131yamamas\u0131 sonucu ortaya \u00e7\u0131kan, olduk\u00e7a yayg\u0131n bir dola\u015f\u0131m sistemi problemidir.<\/p>","protected":false},"author":3,"featured_media":0,"parent":0,"menu_order":0,"comment_status":"closed","ping_status":"closed","template":"","meta":{"footnotes":""},"class_list":["post-31357","page","type-page","status-publish","hentry"],"_links":{"self":[{"href":"https:\/\/westestetik.com\/es\/wp-json\/wp\/v2\/pages\/31357","targetHints":{"allow":["GET"]}}],"collection":[{"href":"https:\/\/westestetik.com\/es\/wp-json\/wp\/v2\/pages"}],"about":[{"href":"https:\/\/westestetik.com\/es\/wp-json\/wp\/v2\/types\/page"}],"author":[{"embeddable":true,"href":"https:\/\/westestetik.com\/es\/wp-json\/wp\/v2\/users\/3"}],"replies":[{"embeddable":true,"href":"https:\/\/westestetik.com\/es\/wp-json\/wp\/v2\/comments?post=31357"}],"version-history":[{"count":7,"href":"https:\/\/westestetik.com\/es\/wp-json\/wp\/v2\/pages\/31357\/revisions"}],"predecessor-version":[{"id":31368,"href":"https:\/\/westestetik.com\/es\/wp-json\/wp\/v2\/pages\/31357\/revisions\/31368"}],"wp:attachment":[{"href":"https:\/\/westestetik.com\/es\/wp-json\/wp\/v2\/media?parent=31357"}],"curies":[{"name":"wp","href":"https:\/\/api.w.org\/{rel}","templated":true}]}}