{"id":29867,"date":"2025-01-20T03:12:36","date_gmt":"2025-01-20T00:12:36","guid":{"rendered":"https:\/\/westestetik.com\/odeme-basarisiz\/"},"modified":"2025-01-20T03:12:36","modified_gmt":"2025-01-20T00:12:36","slug":"odeme-basarisiz","status":"publish","type":"page","link":"https:\/\/westestetik.com\/es\/odeme-basarisiz\/","title":{"rendered":"\u00d6deme Ba\u015far\u0131s\u0131z"},"content":{"rendered":"\u00dczg\u00fcn\u00fcz ama i\u015fleminiz ger\u00e7ekle\u015ftirilemedi. L\u00fctfen tekrar deneyin veya site deste\u011fiyle ileti\u015fime ge\u00e7in.","protected":false},"excerpt":{"rendered":"<p>\u00dczg\u00fcn\u00fcz ama i\u015fleminiz ger\u00e7ekle\u015ftirilemedi. L\u00fctfen tekrar deneyin veya site deste\u011fiyle ileti\u015fime ge\u00e7in.<\/p>","protected":false},"author":1,"featured_media":0,"parent":0,"menu_order":0,"comment_status":"closed","ping_status":"closed","template":"","meta":{"footnotes":""},"class_list":["post-29867","page","type-page","status-publish","hentry"],"_links":{"self":[{"href":"https:\/\/westestetik.com\/es\/wp-json\/wp\/v2\/pages\/29867","targetHints":{"allow":["GET"]}}],"collection":[{"href":"https:\/\/westestetik.com\/es\/wp-json\/wp\/v2\/pages"}],"about":[{"href":"https:\/\/westestetik.com\/es\/wp-json\/wp\/v2\/types\/page"}],"author":[{"embeddable":true,"href":"https:\/\/westestetik.com\/es\/wp-json\/wp\/v2\/users\/1"}],"replies":[{"embeddable":true,"href":"https:\/\/westestetik.com\/es\/wp-json\/wp\/v2\/comments?post=29867"}],"version-history":[{"count":0,"href":"https:\/\/westestetik.com\/es\/wp-json\/wp\/v2\/pages\/29867\/revisions"}],"wp:attachment":[{"href":"https:\/\/westestetik.com\/es\/wp-json\/wp\/v2\/media?parent=29867"}],"curies":[{"name":"wp","href":"https:\/\/api.w.org\/{rel}","templated":true}]}}