{"id":29813,"date":"2025-01-17T17:24:37","date_gmt":"2025-01-17T14:24:37","guid":{"rendered":"https:\/\/westestetik.com\/?page_id=29813"},"modified":"2025-05-26T15:50:56","modified_gmt":"2025-05-26T12:50:56","slug":"dr-eda-kocak","status":"publish","type":"page","link":"https:\/\/westestetik.com\/es\/dr-eda-kocak\/","title":{"rendered":"Dr.Eda Ko\u00e7ak"},"content":{"rendered":"<div data-elementor-type=\"wp-page\" data-elementor-id=\"29813\" class=\"elementor elementor-29813\" data-elementor-post-type=\"page\">\n\t\t\t\t<div class=\"wd-negative-gap elementor-element elementor-element-2691c6e1 e-flex e-con-boxed e-con e-parent\" data-id=\"2691c6e1\" data-element_type=\"container\">\n\t\t\t\t\t<div class=\"e-con-inner\">\n\t\t\t\t<div class=\"elementor-element elementor-element-7e813b3a e-n-tabs-mobile elementor-widget elementor-widget-n-tabs\" data-id=\"7e813b3a\" data-element_type=\"widget\" data-settings=\"{&quot;horizontal_scroll&quot;:&quot;disable&quot;}\" data-widget_type=\"nested-tabs.default\">\n\t\t\t\t<div class=\"elementor-widget-container\">\n\t\t\t\t\t\t\t<div class=\"e-n-tabs\" data-widget-number=\"2122398522\" aria-label=\"Sekmeler. Enter ve Space ile \u00f6geleri a\u00e7abilir, Escape ile \u00f6geleri kapatabilir ve Y\u00f6n tu\u015flar\u0131 ile \u00f6geler aras\u0131nda gezinebilirsiniz.\">\n\t\t\t<div class=\"e-n-tabs-heading\" role=\"tablist\">\n\t\t\t\t\t<button id=\"e-n-tab-title-21223985221\" class=\"e-n-tab-title\" aria-selected=\"true\" data-tab-index=\"1\" role=\"tab\" tabindex=\"0\" aria-controls=\"e-n-tab-content-21223985221\" style=\"--n-tabs-title-order: 1;\">\n\t\t\t\t\t\t<span class=\"e-n-tab-title-text\">\n\t\t\t\tAcerca de\t\t\t<\/span>\n\t\t<\/button>\n\t\t\t\t<button id=\"e-n-tab-title-21223985222\" class=\"e-n-tab-title\" aria-selected=\"false\" data-tab-index=\"2\" role=\"tab\" tabindex=\"-1\" aria-controls=\"e-n-tab-content-21223985222\" style=\"--n-tabs-title-order: 2;\">\n\t\t\t\t\t\t<span class=\"e-n-tab-title-text\">\n\t\t\t\tUzmanl\u0131k Alan\u0131\t\t\t<\/span>\n\t\t<\/button>\n\t\t\t\t<button id=\"e-n-tab-title-21223985223\" class=\"e-n-tab-title\" aria-selected=\"false\" data-tab-index=\"3\" role=\"tab\" tabindex=\"-1\" aria-controls=\"e-n-tab-content-21223985223\" style=\"--n-tabs-title-order: 3;\">\n\t\t\t\t\t\t<span class=\"e-n-tab-title-text\">\n\t\t\t\tT\u0131bbi Alanlar\t\t\t<\/span>\n\t\t<\/button>\n\t\t\t\t\t<\/div>\n\t\t\t<div class=\"e-n-tabs-content\">\n\t\t\t\t<div id=\"e-n-tab-content-21223985221\" role=\"tabpanel\" aria-labelledby=\"e-n-tab-title-21223985221\" data-tab-index=\"1\" style=\"--n-tabs-title-order: 1;\" class=\"e-active elementor-element elementor-element-7c289041 e-con-full e-flex e-con e-child\" data-id=\"7c289041\" data-element_type=\"container\">\n\t\t<div class=\"wd-negative-gap elementor-element elementor-element-526ae563 e-flex e-con-boxed e-con e-child\" data-id=\"526ae563\" data-element_type=\"container\">\n\t\t\t\t\t<div class=\"e-con-inner\">\n\t\t\t\t<div class=\"elementor-element elementor-element-3fe29683 color-scheme-inherit text-left elementor-widget elementor-widget-text-editor\" data-id=\"3fe29683\" data-element_type=\"widget\" data-widget_type=\"text-editor.default\">\n\t\t\t\t<div class=\"elementor-widget-container\">\n\t\t\t\t\t\t\t\t\t<p class=\"p1\">Dr. Eda, 8 y\u0131ll\u0131k deneyime sahip bir Sa\u00e7 Ekimi Uzman\u0131 Cerrah\u0131d\u0131r. Hastalar\u0131 i\u00e7in en iyi sa\u00e7 restorasyon \u00e7\u00f6z\u00fcmlerini bulmak ve uygulamak konusunda s\u00fcrekli kendini zorlamaktad\u0131r. Kariyerinin ba\u015f\u0131nda, alanlar\u0131nda en yetkin doktorlardan e\u011fitim alm\u0131\u015f ve pratik yapm\u0131\u015ft\u0131r. Y\u0131llar i\u00e7inde kazand\u0131\u011f\u0131 tecr\u00fcbeyle, yeni cerrahlara deneyimlerini aktaran ve sa\u00e7 restorasyonundaki en g\u00fcncel tedavileri yak\u0131ndan takip eden se\u00e7kin bir profesyonel haline gelmi\u015ftir.<\/p>\t\t\t\t\t\t\t\t<\/div>\n\t\t\t\t<\/div>\n\t\t\t\t\t<\/div>\n\t\t\t\t<\/div>\n\t\t\t\t<\/div>\n\t\t<div id=\"e-n-tab-content-21223985222\" role=\"tabpanel\" aria-labelledby=\"e-n-tab-title-21223985222\" data-tab-index=\"2\" style=\"--n-tabs-title-order: 2;\" class=\"elementor-element elementor-element-71766926 e-con-full e-flex e-con e-child\" data-id=\"71766926\" data-element_type=\"container\">\n\t\t<div class=\"wd-negative-gap elementor-element elementor-element-360e69d9 e-flex e-con-boxed e-con e-child\" data-id=\"360e69d9\" data-element_type=\"container\">\n\t\t\t\t\t<div class=\"e-con-inner\">\n\t\t\t\t<div class=\"elementor-element elementor-element-527a1cf9 color-scheme-inherit text-left elementor-widget elementor-widget-text-editor\" data-id=\"527a1cf9\" data-element_type=\"widget\" data-widget_type=\"text-editor.default\">\n\t\t\t\t<div class=\"elementor-widget-container\">\n\t\t\t\t\t\t\t\t\t<p class=\"p1\">Sa\u00e7 Ekimi Cerrahisi<\/p>\t\t\t\t\t\t\t\t<\/div>\n\t\t\t\t<\/div>\n\t\t\t\t\t<\/div>\n\t\t\t\t<\/div>\n\t\t\t\t<\/div>\n\t\t<div id=\"e-n-tab-content-21223985223\" role=\"tabpanel\" aria-labelledby=\"e-n-tab-title-21223985223\" data-tab-index=\"3\" style=\"--n-tabs-title-order: 3;\" class=\"elementor-element elementor-element-9123c5d e-con-full e-flex e-con e-child\" data-id=\"9123c5d\" data-element_type=\"container\">\n\t\t<div class=\"wd-negative-gap elementor-element elementor-element-51fd0a52 e-flex e-con-boxed e-con e-child\" data-id=\"51fd0a52\" data-element_type=\"container\">\n\t\t\t\t\t<div class=\"e-con-inner\">\n\t\t\t\t<div class=\"elementor-element elementor-element-fd7f67b color-scheme-inherit text-left elementor-widget elementor-widget-text-editor\" data-id=\"fd7f67b\" data-element_type=\"widget\" data-widget_type=\"text-editor.default\">\n\t\t\t\t<div class=\"elementor-widget-container\">\n\t\t\t\t\t\t\t\t\t<ul>\n<li>\n<p class=\"p1\">Sa\u00e7 Ekimi Tekniklerinde en etkili ve yenilik\u00e7i y\u00f6ntemlerin uygulanmas\u0131<\/p>\n<\/li>\n<li>\n<p class=\"p1\">Yeni cerrahlar\u0131n e\u011fitiminde aktif rol alma<\/p>\n<\/li>\n<li>\n<p class=\"p1\">Sa\u00e7 restorasyonunda hasta odakl\u0131 ve sonu\u00e7 odakl\u0131 yakla\u015f\u0131m<\/p>\n<\/li>\n<\/ul>\t\t\t\t\t\t\t\t<\/div>\n\t\t\t\t<\/div>\n\t\t\t\t\t<\/div>\n\t\t\t\t<\/div>\n\t\t\t\t<\/div>\n\t\t\t\t\t<\/div>\n\t\t<\/div>\n\t\t\t\t\t\t<\/div>\n\t\t\t\t<\/div>\n\t\t\t\t\t<\/div>\n\t\t\t\t<\/div>\n\t\t\t\t<\/div>","protected":false},"excerpt":{"rendered":"<p>Hakk\u0131nda Uzmanl\u0131k Alan\u0131 T\u0131bbi Alanlar Dr. Eda, 8 y\u0131ll\u0131k deneyime sahip bir Sa\u00e7 Ekimi Uzman\u0131 Cerrah\u0131d\u0131r. Hastalar\u0131 i\u00e7in en iyi<\/p>","protected":false},"author":3,"featured_media":0,"parent":0,"menu_order":0,"comment_status":"closed","ping_status":"closed","template":"","meta":{"footnotes":""},"class_list":["post-29813","page","type-page","status-publish","hentry"],"_links":{"self":[{"href":"https:\/\/westestetik.com\/es\/wp-json\/wp\/v2\/pages\/29813","targetHints":{"allow":["GET"]}}],"collection":[{"href":"https:\/\/westestetik.com\/es\/wp-json\/wp\/v2\/pages"}],"about":[{"href":"https:\/\/westestetik.com\/es\/wp-json\/wp\/v2\/types\/page"}],"author":[{"embeddable":true,"href":"https:\/\/westestetik.com\/es\/wp-json\/wp\/v2\/users\/3"}],"replies":[{"embeddable":true,"href":"https:\/\/westestetik.com\/es\/wp-json\/wp\/v2\/comments?post=29813"}],"version-history":[{"count":5,"href":"https:\/\/westestetik.com\/es\/wp-json\/wp\/v2\/pages\/29813\/revisions"}],"predecessor-version":[{"id":31498,"href":"https:\/\/westestetik.com\/es\/wp-json\/wp\/v2\/pages\/29813\/revisions\/31498"}],"wp:attachment":[{"href":"https:\/\/westestetik.com\/es\/wp-json\/wp\/v2\/media?parent=29813"}],"curies":[{"name":"wp","href":"https:\/\/api.w.org\/{rel}","templated":true}]}}