{"id":29141,"date":"2024-12-30T13:52:02","date_gmt":"2024-12-30T13:52:02","guid":{"rendered":"https:\/\/westestetik.com\/?page_id=29141"},"modified":"2025-05-20T15:35:39","modified_gmt":"2025-05-20T12:35:39","slug":"op-dr-mehmet","status":"publish","type":"page","link":"https:\/\/westestetik.com\/es\/op-dr-mehmet\/","title":{"rendered":"Op.Dr.Mehmet"},"content":{"rendered":"<div data-elementor-type=\"wp-page\" data-elementor-id=\"29141\" class=\"elementor elementor-29141\" data-elementor-post-type=\"page\">\n\t\t\t\t<div class=\"wd-negative-gap elementor-element elementor-element-7e453837 e-flex e-con-boxed e-con e-parent\" data-id=\"7e453837\" data-element_type=\"container\">\n\t\t\t\t\t<div class=\"e-con-inner\">\n\t\t\t\t<div class=\"elementor-element elementor-element-271009fb e-n-tabs-mobile elementor-widget elementor-widget-n-tabs\" data-id=\"271009fb\" data-element_type=\"widget\" data-settings=\"{&quot;horizontal_scroll&quot;:&quot;disable&quot;}\" data-widget_type=\"nested-tabs.default\">\n\t\t\t\t<div class=\"elementor-widget-container\">\n\t\t\t\t\t\t\t<div class=\"e-n-tabs\" data-widget-number=\"655362555\" aria-label=\"Sekmeler. Enter ve Space ile \u00f6geleri a\u00e7abilir, Escape ile \u00f6geleri kapatabilir ve Y\u00f6n tu\u015flar\u0131 ile \u00f6geler aras\u0131nda gezinebilirsiniz.\">\n\t\t\t<div class=\"e-n-tabs-heading\" role=\"tablist\">\n\t\t\t\t\t<button id=\"e-n-tab-title-6553625551\" class=\"e-n-tab-title\" aria-selected=\"true\" data-tab-index=\"1\" role=\"tab\" tabindex=\"0\" aria-controls=\"e-n-tab-content-6553625551\" style=\"--n-tabs-title-order: 1;\">\n\t\t\t\t\t\t<span class=\"e-n-tab-title-text\">\n\t\t\t\tE\u011fitim\t\t\t<\/span>\n\t\t<\/button>\n\t\t\t\t<button id=\"e-n-tab-title-6553625552\" class=\"e-n-tab-title\" aria-selected=\"false\" data-tab-index=\"2\" role=\"tab\" tabindex=\"-1\" aria-controls=\"e-n-tab-content-6553625552\" style=\"--n-tabs-title-order: 2;\">\n\t\t\t\t\t\t<span class=\"e-n-tab-title-text\">\n\t\t\t\t\u00c7al\u0131\u015ft\u0131\u011f\u0131 Kurumlar\t\t\t<\/span>\n\t\t<\/button>\n\t\t\t\t<button id=\"e-n-tab-title-6553625553\" class=\"e-n-tab-title\" aria-selected=\"false\" data-tab-index=\"3\" role=\"tab\" tabindex=\"-1\" aria-controls=\"e-n-tab-content-6553625553\" style=\"--n-tabs-title-order: 3;\">\n\t\t\t\t\t\t<span class=\"e-n-tab-title-text\">\n\t\t\t\tT\u0131bbi Alanlar\t\t\t<\/span>\n\t\t<\/button>\n\t\t\t\t<button id=\"e-n-tab-title-6553625554\" class=\"e-n-tab-title\" aria-selected=\"false\" data-tab-index=\"4\" role=\"tab\" tabindex=\"-1\" aria-controls=\"e-n-tab-content-6553625554\" style=\"--n-tabs-title-order: 4;\">\n\t\t\t\t\t\t<span class=\"e-n-tab-title-text\">\n\t\t\t\tG\u00f6revler\/\u00dcyelikler\t\t\t<\/span>\n\t\t<\/button>\n\t\t\t\t\t<\/div>\n\t\t\t<div class=\"e-n-tabs-content\">\n\t\t\t\t<div id=\"e-n-tab-content-6553625551\" role=\"tabpanel\" aria-labelledby=\"e-n-tab-title-6553625551\" data-tab-index=\"1\" style=\"--n-tabs-title-order: 1;\" class=\"e-active elementor-element elementor-element-5c8fb706 e-con-full e-flex e-con e-child\" data-id=\"5c8fb706\" data-element_type=\"container\">\n\t\t<div class=\"wd-negative-gap elementor-element elementor-element-7544a704 e-flex e-con-boxed e-con e-child\" data-id=\"7544a704\" data-element_type=\"container\">\n\t\t\t\t\t<div class=\"e-con-inner\">\n\t\t\t\t<div class=\"elementor-element elementor-element-3a4af25f color-scheme-inherit text-left elementor-widget elementor-widget-text-editor\" data-id=\"3a4af25f\" data-element_type=\"widget\" data-widget_type=\"text-editor.default\">\n\t\t\t\t<div class=\"elementor-widget-container\">\n\t\t\t\t\t\t\t\t\t<ul>\n<li>\n<p class=\"p1\"><span class=\"s1\"><b>2012:<\/b><\/span> Hacettepe \u00dcniversitesi T\u0131p Fak\u00fcltesi, T\u0131p Doktoru<\/p>\n<\/li>\n<li>\n<p class=\"p1\"><span class=\"s1\"><b>2014 \u2013 2019:<\/b><\/span> \u0130n\u00f6n\u00fc \u00dcniversitesi Plastik, Rekonstr\u00fcktif ve Estetik Cerrahi Klini\u011fi, Uzmanl\u0131k E\u011fitimi<\/p>\n<\/li>\n<\/ul>\t\t\t\t\t\t\t\t<\/div>\n\t\t\t\t<\/div>\n\t\t\t\t\t<\/div>\n\t\t\t\t<\/div>\n\t\t\t\t<\/div>\n\t\t<div id=\"e-n-tab-content-6553625552\" role=\"tabpanel\" aria-labelledby=\"e-n-tab-title-6553625552\" data-tab-index=\"2\" style=\"--n-tabs-title-order: 2;\" class=\"elementor-element elementor-element-668d4f77 e-con-full e-flex e-con e-child\" data-id=\"668d4f77\" data-element_type=\"container\">\n\t\t<div class=\"wd-negative-gap elementor-element elementor-element-26dbe708 e-flex e-con-boxed e-con e-child\" data-id=\"26dbe708\" data-element_type=\"container\">\n\t\t\t\t\t<div class=\"e-con-inner\">\n\t\t\t\t<div class=\"elementor-element elementor-element-20f91014 color-scheme-inherit text-left elementor-widget elementor-widget-text-editor\" data-id=\"20f91014\" data-element_type=\"widget\" data-widget_type=\"text-editor.default\">\n\t\t\t\t<div class=\"elementor-widget-container\">\n\t\t\t\t\t\t\t\t\t<ul>\n<li>\n<p class=\"p1\">Mardin Devlet Hastanesi\u2019nde zorunlu hizmet<\/p>\n<\/li>\n<li>\n<p class=\"p1\">2019-2021: Malatya E\u011fitim ve Ara\u015ft\u0131rma Hastanesi\u2019nde zorunlu hizmet<\/p>\n<\/li>\n<li>\n<p class=\"p1\">2022\u2019den itibaren \u015ei\u015fli Hamidiye Etfal E\u011fitim ve Ara\u015ft\u0131rma Hastanesi\u2019nde g\u00f6rev yapmakta ve e\u011fitimine devam etmekte<\/p>\n<\/li>\n<\/ul>\t\t\t\t\t\t\t\t<\/div>\n\t\t\t\t<\/div>\n\t\t\t\t\t<\/div>\n\t\t\t\t<\/div>\n\t\t\t\t<\/div>\n\t\t<div id=\"e-n-tab-content-6553625553\" role=\"tabpanel\" aria-labelledby=\"e-n-tab-title-6553625553\" data-tab-index=\"3\" style=\"--n-tabs-title-order: 3;\" class=\"elementor-element elementor-element-d725901 e-con-full e-flex e-con e-child\" data-id=\"d725901\" data-element_type=\"container\">\n\t\t<div class=\"wd-negative-gap elementor-element elementor-element-22435000 e-flex e-con-boxed e-con e-child\" data-id=\"22435000\" data-element_type=\"container\">\n\t\t\t\t\t<div class=\"e-con-inner\">\n\t\t\t\t<div class=\"elementor-element elementor-element-754be453 color-scheme-inherit text-left elementor-widget elementor-widget-text-editor\" data-id=\"754be453\" data-element_type=\"widget\" data-widget_type=\"text-editor.default\">\n\t\t\t\t<div class=\"elementor-widget-container\">\n\t\t\t\t\t\t\t\t\t<p>\u00a0<\/p>\n<ul>\n<li>\n<p class=\"p1\">Plastik, Rekonstr\u00fcktif ve Estetik Cerrahi<\/p>\n<\/li>\n<\/ul>\t\t\t\t\t\t\t\t<\/div>\n\t\t\t\t<\/div>\n\t\t\t\t\t<\/div>\n\t\t\t\t<\/div>\n\t\t\t\t<\/div>\n\t\t<div class=\"wd-negative-gap  elementor-element elementor-element-3860dcf8 e-flex e-con-boxed e-con e-child\" id=\"e-n-tab-content-6553625554\" role=\"tabpanel\" aria-labelledby=\"e-n-tab-title-6553625554\" data-tab-index=\"4\" style=\"--n-tabs-title-order: 4;\" data-id=\"3860dcf8\" data-element_type=\"container\">\n\t\t\t\t\t<div class=\"e-con-inner\">\n\t\t<div class=\"elementor-element elementor-element-d1c613a e-con-full e-flex e-con e-child\" data-id=\"d1c613a\" data-element_type=\"container\">\n\t\t\t\t<div class=\"elementor-element elementor-element-718100d9 color-scheme-inherit text-left elementor-widget elementor-widget-text-editor\" data-id=\"718100d9\" data-element_type=\"widget\" data-widget_type=\"text-editor.default\">\n\t\t\t\t<div class=\"elementor-widget-container\">\n\t\t\t\t\t\t\t\t\t<ul>\n<li>\n<p class=\"p1\">S\u00fcrekli e\u011fitim ve klinik geli\u015fim odakl\u0131 \u00e7al\u0131\u015fmakta<\/p>\n<\/li>\n<\/ul>\t\t\t\t\t\t\t\t<\/div>\n\t\t\t\t<\/div>\n\t\t\t\t<\/div>\n\t\t\t\t\t<\/div>\n\t\t\t\t<\/div>\n\t\t\t\t\t<\/div>\n\t\t<\/div>\n\t\t\t\t\t\t<\/div>\n\t\t\t\t<\/div>\n\t\t\t\t\t<\/div>\n\t\t\t\t<\/div>\n\t\t\t\t<\/div>","protected":false},"excerpt":{"rendered":"<p>E\u011fitim \u00c7al\u0131\u015ft\u0131\u011f\u0131 Kurumlar T\u0131bbi Alanlar G\u00f6revler\/\u00dcyelikler 2012: Hacettepe \u00dcniversitesi T\u0131p Fak\u00fcltesi, T\u0131p Doktoru 2014 \u2013 2019: \u0130n\u00f6n\u00fc \u00dcniversitesi Plastik, Rekonstr\u00fcktif<\/p>","protected":false},"author":3,"featured_media":0,"parent":0,"menu_order":0,"comment_status":"closed","ping_status":"closed","template":"","meta":{"footnotes":""},"class_list":["post-29141","page","type-page","status-publish","hentry"],"_links":{"self":[{"href":"https:\/\/westestetik.com\/es\/wp-json\/wp\/v2\/pages\/29141","targetHints":{"allow":["GET"]}}],"collection":[{"href":"https:\/\/westestetik.com\/es\/wp-json\/wp\/v2\/pages"}],"about":[{"href":"https:\/\/westestetik.com\/es\/wp-json\/wp\/v2\/types\/page"}],"author":[{"embeddable":true,"href":"https:\/\/westestetik.com\/es\/wp-json\/wp\/v2\/users\/3"}],"replies":[{"embeddable":true,"href":"https:\/\/westestetik.com\/es\/wp-json\/wp\/v2\/comments?post=29141"}],"version-history":[{"count":4,"href":"https:\/\/westestetik.com\/es\/wp-json\/wp\/v2\/pages\/29141\/revisions"}],"predecessor-version":[{"id":31465,"href":"https:\/\/westestetik.com\/es\/wp-json\/wp\/v2\/pages\/29141\/revisions\/31465"}],"wp:attachment":[{"href":"https:\/\/westestetik.com\/es\/wp-json\/wp\/v2\/media?parent=29141"}],"curies":[{"name":"wp","href":"https:\/\/api.w.org\/{rel}","templated":true}]}}