{"id":29131,"date":"2024-12-30T13:48:28","date_gmt":"2024-12-30T13:48:28","guid":{"rendered":"https:\/\/westestetik.com\/?page_id=29131"},"modified":"2025-05-27T02:57:30","modified_gmt":"2025-05-26T23:57:30","slug":"op-dr-alper","status":"publish","type":"page","link":"https:\/\/westestetik.com\/es\/op-dr-alper\/","title":{"rendered":"Op.Dr.Alper"},"content":{"rendered":"<div data-elementor-type=\"wp-page\" data-elementor-id=\"29131\" class=\"elementor elementor-29131\" data-elementor-post-type=\"page\">\n\t\t\t\t<div class=\"wd-negative-gap elementor-element elementor-element-7f64f833 e-flex e-con-boxed e-con e-parent\" data-id=\"7f64f833\" data-element_type=\"container\">\n\t\t\t\t\t<div class=\"e-con-inner\">\n\t\t\t\t<div class=\"elementor-element elementor-element-7080a007 e-n-tabs-mobile elementor-widget elementor-widget-n-tabs\" data-id=\"7080a007\" data-element_type=\"widget\" data-settings=\"{&quot;horizontal_scroll&quot;:&quot;disable&quot;}\" data-widget_type=\"nested-tabs.default\">\n\t\t\t\t<div class=\"elementor-widget-container\">\n\t\t\t\t\t\t\t<div class=\"e-n-tabs\" data-widget-number=\"1887477767\" aria-label=\"Sekmeler. Enter ve Space ile \u00f6geleri a\u00e7abilir, Escape ile \u00f6geleri kapatabilir ve Y\u00f6n tu\u015flar\u0131 ile \u00f6geler aras\u0131nda gezinebilirsiniz.\">\n\t\t\t<div class=\"e-n-tabs-heading\" role=\"tablist\">\n\t\t\t\t\t<button id=\"e-n-tab-title-18874777671\" class=\"e-n-tab-title\" aria-selected=\"true\" data-tab-index=\"1\" role=\"tab\" tabindex=\"0\" aria-controls=\"e-n-tab-content-18874777671\" style=\"--n-tabs-title-order: 1;\">\n\t\t\t\t\t\t<span class=\"e-n-tab-title-text\">\n\t\t\t\tE\u011fitim\t\t\t<\/span>\n\t\t<\/button>\n\t\t\t\t<button id=\"e-n-tab-title-18874777672\" class=\"e-n-tab-title\" aria-selected=\"false\" data-tab-index=\"2\" role=\"tab\" tabindex=\"-1\" aria-controls=\"e-n-tab-content-18874777672\" style=\"--n-tabs-title-order: 2;\">\n\t\t\t\t\t\t<span class=\"e-n-tab-title-text\">\n\t\t\t\t\u00c7al\u0131\u015ft\u0131\u011f\u0131 Kurumlar\t\t\t<\/span>\n\t\t<\/button>\n\t\t\t\t<button id=\"e-n-tab-title-18874777673\" class=\"e-n-tab-title\" aria-selected=\"false\" data-tab-index=\"3\" role=\"tab\" tabindex=\"-1\" aria-controls=\"e-n-tab-content-18874777673\" style=\"--n-tabs-title-order: 3;\">\n\t\t\t\t\t\t<span class=\"e-n-tab-title-text\">\n\t\t\t\tT\u0131bbi Alanlar\t\t\t<\/span>\n\t\t<\/button>\n\t\t\t\t<button id=\"e-n-tab-title-18874777674\" class=\"e-n-tab-title\" aria-selected=\"false\" data-tab-index=\"4\" role=\"tab\" tabindex=\"-1\" aria-controls=\"e-n-tab-content-18874777674\" style=\"--n-tabs-title-order: 4;\">\n\t\t\t\t\t\t<span class=\"e-n-tab-title-text\">\n\t\t\t\tG\u00f6revler\/\u00dcyelikler\t\t\t<\/span>\n\t\t<\/button>\n\t\t\t\t\t<\/div>\n\t\t\t<div class=\"e-n-tabs-content\">\n\t\t\t\t<div id=\"e-n-tab-content-18874777671\" role=\"tabpanel\" aria-labelledby=\"e-n-tab-title-18874777671\" data-tab-index=\"1\" style=\"--n-tabs-title-order: 1;\" class=\"e-active elementor-element elementor-element-2b3906c6 e-con-full e-flex e-con e-child\" data-id=\"2b3906c6\" data-element_type=\"container\">\n\t\t<div class=\"wd-negative-gap elementor-element elementor-element-6b9b8f7b e-flex e-con-boxed e-con e-child\" data-id=\"6b9b8f7b\" data-element_type=\"container\">\n\t\t\t\t\t<div class=\"e-con-inner\">\n\t\t\t\t<div class=\"elementor-element elementor-element-d75f1e1 color-scheme-inherit text-left elementor-widget elementor-widget-text-editor\" data-id=\"d75f1e1\" data-element_type=\"widget\" data-widget_type=\"text-editor.default\">\n\t\t\t\t<div class=\"elementor-widget-container\">\n\t\t\t\t\t\t\t\t\t<ul>\n<li>\n<p class=\"p1\"><span class=\"s1\"><b>2000 \u2013 2003:<\/b><\/span> K\u0131br\u0131s G\u00fczelyurt Ortaokulu<\/p>\n<\/li>\n<li>\n<p class=\"p1\"><span class=\"s1\"><b>2003 \u2013 2007:<\/b><\/span> Kocaeli Cahit Elginkan Anadolu Lisesi<\/p>\n<\/li>\n<li>\n<p class=\"p1\"><span class=\"s1\"><b>2007 \u2013 2014:<\/b><\/span> Kocaeli \u00dcniversitesi T\u0131p Fak\u00fcltesi<\/p>\n<\/li>\n<li>\n<p class=\"p1\"><span class=\"s1\"><b>2014 \u2013 2019:<\/b><\/span> Uzmanl\u0131k \u2013 T.C. Sa\u011fl\u0131k Bakanl\u0131\u011f\u0131 Prof. Dr. Cemil Ta\u015f\u00e7\u0131o\u011flu \u015eehir Hastanesi, Plastik, Rekonstr\u00fcktif ve Estetik Cerrahi<\/p>\n<\/li>\n<\/ul>\t\t\t\t\t\t\t\t<\/div>\n\t\t\t\t<\/div>\n\t\t\t\t\t<\/div>\n\t\t\t\t<\/div>\n\t\t\t\t<\/div>\n\t\t<div id=\"e-n-tab-content-18874777672\" role=\"tabpanel\" aria-labelledby=\"e-n-tab-title-18874777672\" data-tab-index=\"2\" style=\"--n-tabs-title-order: 2;\" class=\"elementor-element elementor-element-4a6280bc e-con-full e-flex e-con e-child\" data-id=\"4a6280bc\" data-element_type=\"container\">\n\t\t<div class=\"wd-negative-gap elementor-element elementor-element-2efb2d6e e-flex e-con-boxed e-con e-child\" data-id=\"2efb2d6e\" data-element_type=\"container\">\n\t\t\t\t\t<div class=\"e-con-inner\">\n\t\t\t\t<div class=\"elementor-element elementor-element-c067a0c color-scheme-inherit text-left elementor-widget elementor-widget-text-editor\" data-id=\"c067a0c\" data-element_type=\"widget\" data-widget_type=\"text-editor.default\">\n\t\t\t\t<div class=\"elementor-widget-container\">\n\t\t\t\t\t\t\t\t\t<ul>\n<li>\n<p class=\"p1\">2011 y\u0131l\u0131nda Ankara Ba\u015fkent \u00dcniversitesi T\u0131p Fak\u00fcltesi\u2019nden T\u0131p Doktoru unvan\u0131n\u0131 ald\u0131.<\/p>\n<\/li>\n<li>\n<p class=\"p1\">2012-2017 y\u0131llar\u0131 aras\u0131nda Ankara Numune E\u011fitim ve Ara\u015ft\u0131rma Hastanesi Plastik, Rekonstr\u00fcktif ve Estetik Cerrahi b\u00f6l\u00fcm\u00fcnde uzmanl\u0131k e\u011fitimi ald\u0131.<\/p>\n<\/li>\n<li>\n<p class=\"p1\">2014 y\u0131l\u0131nda Almanya Frankfurt Goethe Universit\u00e4t\u2019te mikrocerrahi e\u011fitimi ald\u0131.<\/p>\n<\/li>\n<li>\n<p class=\"p1\">2017 y\u0131l\u0131nda T\u00fcrk Plastik, Rekonstr\u00fcktif ve Estetik Cerrahi Derne\u011fi ile Avrupa Plastik Cerrahi Kurulu (EBOPRAS) yaz\u0131l\u0131 ve s\u00f6zl\u00fc s\u0131navlar\u0131n\u0131 ba\u015far\u0131yla ge\u00e7erek T\u00fcrk ve Avrupa Board Yeterlili\u011fi ald\u0131.<\/p>\n<\/li>\n<li>\n<p class=\"p1\">2018-2020: Karaman Devlet Hastanesi\u2019nde Plastik, Rekonstr\u00fcktif ve Estetik Cerrahi uzman hekimi olarak mecburi hizmet yapt\u0131.<\/p>\n<\/li>\n<li>\n<p class=\"p1\">2020-2021: \u0130stanbul Haseki E\u011fitim ve Ara\u015ft\u0131rma Hastanesi\u2019nde g\u00f6rev yapt\u0131 ve asistan hekimlerin e\u011fitiminde rol ald\u0131.<\/p>\n<\/li>\n<li>\n<p class=\"p1\">2021 Eyl\u00fcl: Almanya M\u00fcnster eyalet y\u00f6netimi taraf\u0131ndan t\u0131p e\u011fitimi denkli\u011fi kabul edildi.<\/p>\n<\/li>\n<li>\n<p class=\"p1\">2021\u2019den itibaren Vanity Estetik Klini\u011fi<\/p>\n<\/li>\n<li>2025 West Estetik\u00a0<\/li>\n<\/ul>\t\t\t\t\t\t\t\t<\/div>\n\t\t\t\t<\/div>\n\t\t\t\t\t<\/div>\n\t\t\t\t<\/div>\n\t\t\t\t<\/div>\n\t\t<div id=\"e-n-tab-content-18874777673\" role=\"tabpanel\" aria-labelledby=\"e-n-tab-title-18874777673\" data-tab-index=\"3\" style=\"--n-tabs-title-order: 3;\" class=\"elementor-element elementor-element-364f1f31 e-con-full e-flex e-con e-child\" data-id=\"364f1f31\" data-element_type=\"container\">\n\t\t<div class=\"wd-negative-gap elementor-element elementor-element-6ef81bcf e-flex e-con-boxed e-con e-child\" data-id=\"6ef81bcf\" data-element_type=\"container\">\n\t\t\t\t\t<div class=\"e-con-inner\">\n\t\t\t\t<div class=\"elementor-element elementor-element-3f9e217f color-scheme-inherit text-left elementor-widget elementor-widget-text-editor\" data-id=\"3f9e217f\" data-element_type=\"widget\" data-widget_type=\"text-editor.default\">\n\t\t\t\t<div class=\"elementor-widget-container\">\n\t\t\t\t\t\t\t\t\t<ul>\n<li>\n<p class=\"p1\">Estetik Cerrahi<\/p>\n<\/li>\n<li>\n<p class=\"p1\">Rekonstr\u00fcktif Mikrocerrahi<\/p>\n<\/li>\n<li>\n<p class=\"p1\">El Cerrahisi<\/p>\n<\/li>\n<li>\n<p class=\"p1\">A\u011f\u0131z, Y\u00fcz ve \u00c7ene Cerrahisi (Maksillofasiyal Cerrahi)<\/p>\n<\/li>\n<li>\n<p class=\"p1\">Yan\u0131k Cerrahisi<\/p>\n<\/li>\n<li>\n<p class=\"p1\">Ba\u015f-Boyun T\u00fcm\u00f6r Cerrahisi ve Rekonstr\u00fcksiyonlar\u0131<\/p>\n<\/li>\n<li>\n<p class=\"p1\">Alt Ekstremite Travmalar\u0131 ve Rekonstr\u00fcksiyonlar\u0131<\/p>\n<\/li>\n<\/ul>\t\t\t\t\t\t\t\t<\/div>\n\t\t\t\t<\/div>\n\t\t\t\t\t<\/div>\n\t\t\t\t<\/div>\n\t\t\t\t<\/div>\n\t\t<div class=\"wd-negative-gap  elementor-element elementor-element-7dfdb328 e-flex e-con-boxed e-con e-child\" id=\"e-n-tab-content-18874777674\" role=\"tabpanel\" aria-labelledby=\"e-n-tab-title-18874777674\" data-tab-index=\"4\" style=\"--n-tabs-title-order: 4;\" data-id=\"7dfdb328\" data-element_type=\"container\">\n\t\t\t\t\t<div class=\"e-con-inner\">\n\t\t<div class=\"elementor-element elementor-element-1ca2658e e-con-full e-flex e-con e-child\" data-id=\"1ca2658e\" data-element_type=\"container\">\n\t\t\t\t<div class=\"elementor-element elementor-element-678f832c color-scheme-inherit text-left elementor-widget elementor-widget-text-editor\" data-id=\"678f832c\" data-element_type=\"widget\" data-widget_type=\"text-editor.default\">\n\t\t\t\t<div class=\"elementor-widget-container\">\n\t\t\t\t\t\t\t\t\t<ul>\n<li>\n<p class=\"p1\">Yurti\u00e7i ve yurtd\u0131\u015f\u0131 hakemli dergilerde \u00e7ok say\u0131da makale yay\u0131nland\u0131.<\/p>\n<\/li>\n<li>\n<p class=\"p1\">Ulusal ve uluslararas\u0131 kongrelerde bir\u00e7ok sunum ger\u00e7ekle\u015ftirdi.<\/p>\n<\/li>\n<li>\n<p class=\"p1\">Mikrocerrahi ve estetik cerrahi alanlar\u0131nda \u00e7e\u015fitli kongre ve e\u011fitimlere kat\u0131ld\u0131.<\/p>\n<\/li>\n<li>\n<p class=\"p1\">International Society of Aesthetic Plastic Surgeons (ISAPS)<\/p>\n<\/li>\n<li>\n<p class=\"p1\">American Society of Plastic Surgeons (ASPS)<\/p>\n<\/li>\n<li>\n<p class=\"p1\">European Board of Plastic, Reconstructive and Aesthetic Surgery (EBOPRAS)<\/p>\n<\/li>\n<li>\n<p class=\"p1\">Estetik Plastik Cerrahi Derne\u011fi (EPCD)<\/p>\n<\/li>\n<li>\n<p class=\"p1\">T\u00fcrk Plastik, Rekonstr\u00fcktif ve Estetik Cerrahi Derne\u011fi (TPRECD)<\/p>\n<\/li>\n<\/ul>\t\t\t\t\t\t\t\t<\/div>\n\t\t\t\t<\/div>\n\t\t\t\t<\/div>\n\t\t\t\t\t<\/div>\n\t\t\t\t<\/div>\n\t\t\t\t\t<\/div>\n\t\t<\/div>\n\t\t\t\t\t\t<\/div>\n\t\t\t\t<\/div>\n\t\t\t\t\t<\/div>\n\t\t\t\t<\/div>\n\t\t\t\t<\/div>","protected":false},"excerpt":{"rendered":"<p>E\u011fitim \u00c7al\u0131\u015ft\u0131\u011f\u0131 Kurumlar T\u0131bbi Alanlar G\u00f6revler\/\u00dcyelikler 2000 \u2013 2003: K\u0131br\u0131s G\u00fczelyurt Ortaokulu 2003 \u2013 2007: Kocaeli Cahit Elginkan Anadolu Lisesi<\/p>","protected":false},"author":3,"featured_media":0,"parent":0,"menu_order":0,"comment_status":"closed","ping_status":"closed","template":"","meta":{"footnotes":""},"class_list":["post-29131","page","type-page","status-publish","hentry"],"_links":{"self":[{"href":"https:\/\/westestetik.com\/es\/wp-json\/wp\/v2\/pages\/29131","targetHints":{"allow":["GET"]}}],"collection":[{"href":"https:\/\/westestetik.com\/es\/wp-json\/wp\/v2\/pages"}],"about":[{"href":"https:\/\/westestetik.com\/es\/wp-json\/wp\/v2\/types\/page"}],"author":[{"embeddable":true,"href":"https:\/\/westestetik.com\/es\/wp-json\/wp\/v2\/users\/3"}],"replies":[{"embeddable":true,"href":"https:\/\/westestetik.com\/es\/wp-json\/wp\/v2\/comments?post=29131"}],"version-history":[{"count":6,"href":"https:\/\/westestetik.com\/es\/wp-json\/wp\/v2\/pages\/29131\/revisions"}],"predecessor-version":[{"id":32015,"href":"https:\/\/westestetik.com\/es\/wp-json\/wp\/v2\/pages\/29131\/revisions\/32015"}],"wp:attachment":[{"href":"https:\/\/westestetik.com\/es\/wp-json\/wp\/v2\/media?parent=29131"}],"curies":[{"name":"wp","href":"https:\/\/api.w.org\/{rel}","templated":true}]}}