{"id":27892,"date":"2024-12-02T23:35:59","date_gmt":"2024-12-02T23:35:59","guid":{"rendered":"https:\/\/westestetik.com\/?page_id=27892"},"modified":"2025-02-20T15:43:29","modified_gmt":"2025-02-20T12:43:29","slug":"botox-estomacal","status":"publish","type":"page","link":"https:\/\/westestetik.com\/es\/botox-estomacal\/","title":{"rendered":"Botox estomacal"},"content":{"rendered":"<div data-elementor-type=\"wp-page\" data-elementor-id=\"27892\" class=\"elementor elementor-27892\" data-elementor-post-type=\"page\">\n\t\t\t\t<div class=\"elementor-element elementor-element-423fe5a2 e-con-full e-flex e-con e-parent\" data-id=\"423fe5a2\" data-element_type=\"container\">\n\t\t<div class=\"elementor-element elementor-element-753ece9c e-con-full e-flex e-con e-child\" data-id=\"753ece9c\" data-element_type=\"container\">\n\t\t\t\t<div class=\"elementor-element elementor-element-2176b5a4 elementor-widget elementor-widget-image\" data-id=\"2176b5a4\" data-element_type=\"widget\" data-widget_type=\"image.default\">\n\t\t\t\t<div class=\"elementor-widget-container\">\n\t\t\t\t\t\t\t\t\t\t\t\t\t\t\t<img decoding=\"async\" width=\"100\" height=\"100\" src=\"https:\/\/westestetik.com\/wp-content\/uploads\/2024\/12\/1-4.png\" class=\"attachment-large size-large wp-image-28814\" alt=\"\" srcset=\"https:\/\/westestetik.com\/wp-content\/uploads\/2024\/12\/1-4.png 100w, https:\/\/westestetik.com\/wp-content\/uploads\/2024\/12\/1-4-12x12.png 12w\" sizes=\"(max-width: 100px) 100vw, 100px\" \/>\t\t\t\t\t\t\t\t\t\t\t\t\t\t\t<\/div>\n\t\t\t\t<\/div>\n\t\t\t\t<\/div>\n\t\t<div class=\"elementor-element elementor-element-5324485e e-con-full e-flex e-con e-child\" data-id=\"5324485e\" data-element_type=\"container\">\n\t\t\t\t<div class=\"elementor-element elementor-element-17ec36af elementor-widget elementor-widget-image\" data-id=\"17ec36af\" data-element_type=\"widget\" data-widget_type=\"image.default\">\n\t\t\t\t<div class=\"elementor-widget-container\">\n\t\t\t\t\t\t\t\t\t\t\t\t\t\t\t<img decoding=\"async\" width=\"100\" height=\"100\" src=\"https:\/\/westestetik.com\/wp-content\/uploads\/2024\/12\/2-5.png\" class=\"attachment-large size-large wp-image-28815\" alt=\"\" srcset=\"https:\/\/westestetik.com\/wp-content\/uploads\/2024\/12\/2-5.png 100w, https:\/\/westestetik.com\/wp-content\/uploads\/2024\/12\/2-5-12x12.png 12w\" sizes=\"(max-width: 100px) 100vw, 100px\" \/>\t\t\t\t\t\t\t\t\t\t\t\t\t\t\t<\/div>\n\t\t\t\t<\/div>\n\t\t\t\t<\/div>\n\t\t<div class=\"elementor-element elementor-element-1dca2a69 e-con-full e-flex e-con e-child\" data-id=\"1dca2a69\" data-element_type=\"container\">\n\t\t\t\t<div class=\"elementor-element elementor-element-45896beb elementor-widget elementor-widget-image\" data-id=\"45896beb\" data-element_type=\"widget\" data-widget_type=\"image.default\">\n\t\t\t\t<div class=\"elementor-widget-container\">\n\t\t\t\t\t\t\t\t\t\t\t\t\t\t\t<img decoding=\"async\" width=\"100\" height=\"100\" src=\"https:\/\/westestetik.com\/wp-content\/uploads\/2024\/12\/3-1.png\" class=\"attachment-large size-large wp-image-28816\" alt=\"\" srcset=\"https:\/\/westestetik.com\/wp-content\/uploads\/2024\/12\/3-1.png 100w, https:\/\/westestetik.com\/wp-content\/uploads\/2024\/12\/3-1-12x12.png 12w\" sizes=\"(max-width: 100px) 100vw, 100px\" \/>\t\t\t\t\t\t\t\t\t\t\t\t\t\t\t<\/div>\n\t\t\t\t<\/div>\n\t\t\t\t<\/div>\n\t\t<div class=\"elementor-element elementor-element-13eecad2 e-con-full e-flex e-con e-child\" data-id=\"13eecad2\" data-element_type=\"container\">\n\t\t\t\t<div class=\"elementor-element elementor-element-54785df0 elementor-widget elementor-widget-image\" data-id=\"54785df0\" data-element_type=\"widget\" data-widget_type=\"image.default\">\n\t\t\t\t<div class=\"elementor-widget-container\">\n\t\t\t\t\t\t\t\t\t\t\t\t\t\t\t<img loading=\"lazy\" decoding=\"async\" width=\"100\" height=\"100\" src=\"https:\/\/westestetik.com\/wp-content\/uploads\/2024\/12\/4-1.png\" class=\"attachment-large size-large wp-image-28817\" alt=\"\" srcset=\"https:\/\/westestetik.com\/wp-content\/uploads\/2024\/12\/4-1.png 100w, https:\/\/westestetik.com\/wp-content\/uploads\/2024\/12\/4-1-12x12.png 12w\" sizes=\"(max-width: 100px) 100vw, 100px\" \/>\t\t\t\t\t\t\t\t\t\t\t\t\t\t\t<\/div>\n\t\t\t\t<\/div>\n\t\t\t\t<\/div>\n\t\t<div class=\"elementor-element elementor-element-7fb7a931 e-con-full e-flex e-con e-child\" data-id=\"7fb7a931\" data-element_type=\"container\">\n\t\t\t\t<div class=\"elementor-element elementor-element-dee54ca elementor-widget elementor-widget-image\" data-id=\"dee54ca\" data-element_type=\"widget\" data-widget_type=\"image.default\">\n\t\t\t\t<div class=\"elementor-widget-container\">\n\t\t\t\t\t\t\t\t\t\t\t\t\t\t\t<img loading=\"lazy\" decoding=\"async\" width=\"100\" height=\"100\" src=\"https:\/\/westestetik.com\/wp-content\/uploads\/2024\/12\/5-1.png\" class=\"attachment-large size-large wp-image-28818\" alt=\"\" srcset=\"https:\/\/westestetik.com\/wp-content\/uploads\/2024\/12\/5-1.png 100w, https:\/\/westestetik.com\/wp-content\/uploads\/2024\/12\/5-1-12x12.png 12w\" sizes=\"(max-width: 100px) 100vw, 100px\" \/>\t\t\t\t\t\t\t\t\t\t\t\t\t\t\t<\/div>\n\t\t\t\t<\/div>\n\t\t\t\t<\/div>\n\t\t\t\t<\/div>\n\t\t<div class=\"wd-negative-gap elementor-element elementor-element-1edea07c e-flex e-con-boxed e-con e-parent\" data-id=\"1edea07c\" data-element_type=\"container\">\n\t\t\t\t\t<div class=\"e-con-inner\">\n\t\t<div class=\"elementor-element elementor-element-dd4a30a e-con-full e-flex e-con e-child\" data-id=\"dd4a30a\" data-element_type=\"container\">\n\t\t\t\t<div class=\"elementor-element elementor-element-5c945ac6 wd-width-100 elementor-widget elementor-widget-wd_title\" data-id=\"5c945ac6\" data-element_type=\"widget\" data-widget_type=\"wd_title.default\">\n\t\t\t\t<div class=\"elementor-widget-container\">\n\t\t\t\t\t\t\t<div class=\"title-wrapper set-mb-s reset-last-child wd-title-color-default wd-title-style-default wd-title-size-default text-center\">\n\n\t\t\t\t\t\t\t<div class=\"title-subtitle subtitle-color-default subtitle-style-default wd-fontsize-xs\">\n\t\t\t\t\tDuraci\u00f3n media de la estancia\t\t\t\t<\/div>\n\t\t\t\n\t\t\t<div class=\"liner-continer\">\n\t\t\t\t<p class=\"woodmart-title-container title wd-fontsize-l\">7 d\u00edas<\/p> \n\t\t\t\t\t\t\t<\/div>\n\n\t\t\t\t\t<\/div>\n\t\t\t\t\t\t<\/div>\n\t\t\t\t<\/div>\n\t\t\t\t<\/div>\n\t\t<div class=\"elementor-element elementor-element-7664b034 e-con-full e-flex e-con e-child\" data-id=\"7664b034\" data-element_type=\"container\">\n\t\t\t\t<div class=\"elementor-element elementor-element-35d68388 wd-width-100 elementor-widget elementor-widget-wd_title\" data-id=\"35d68388\" data-element_type=\"widget\" data-widget_type=\"wd_title.default\">\n\t\t\t\t<div class=\"elementor-widget-container\">\n\t\t\t\t\t\t\t<div class=\"title-wrapper set-mb-s reset-last-child wd-title-color-default wd-title-style-default wd-title-size-default text-center\">\n\n\t\t\t\t\t\t\t<div class=\"title-subtitle subtitle-color-default subtitle-style-default wd-fontsize-xs\">\n\t\t\t\t\tDuraci\u00f3n de la hospitalizaci\u00f3n\t\t\t\t<\/div>\n\t\t\t\n\t\t\t<div class=\"liner-continer\">\n\t\t\t\t<p class=\"woodmart-title-container title wd-fontsize-l\">1 d\u00eda<\/p> \n\t\t\t\t\t\t\t<\/div>\n\n\t\t\t\t\t<\/div>\n\t\t\t\t\t\t<\/div>\n\t\t\t\t<\/div>\n\t\t\t\t<\/div>\n\t\t<div class=\"elementor-element elementor-element-7d608b4b e-con-full e-flex e-con e-child\" data-id=\"7d608b4b\" data-element_type=\"container\">\n\t\t\t\t<div class=\"elementor-element elementor-element-1b7edc65 wd-width-100 elementor-widget elementor-widget-wd_title\" data-id=\"1b7edc65\" data-element_type=\"widget\" data-widget_type=\"wd_title.default\">\n\t\t\t\t<div class=\"elementor-widget-container\">\n\t\t\t\t\t\t\t<div class=\"title-wrapper set-mb-s reset-last-child wd-title-color-default wd-title-style-default wd-title-size-default text-center\">\n\n\t\t\t\t\t\t\t<div class=\"title-subtitle subtitle-color-default subtitle-style-default wd-fontsize-xs\">\n\t\t\t\t\tDuraci\u00f3n de la operaci\u00f3n\t\t\t\t<\/div>\n\t\t\t\n\t\t\t<div class=\"liner-continer\">\n\t\t\t\t<p class=\"woodmart-title-container title wd-fontsize-l\">2-4 horas<\/p> \n\t\t\t\t\t\t\t<\/div>\n\n\t\t\t\t\t<\/div>\n\t\t\t\t\t\t<\/div>\n\t\t\t\t<\/div>\n\t\t\t\t<\/div>\n\t\t<div class=\"elementor-element elementor-element-59f1b634 e-con-full e-flex e-con e-child\" data-id=\"59f1b634\" data-element_type=\"container\">\n\t\t\t\t<div class=\"elementor-element elementor-element-895f0ae wd-width-100 elementor-widget elementor-widget-wd_title\" data-id=\"895f0ae\" data-element_type=\"widget\" data-widget_type=\"wd_title.default\">\n\t\t\t\t<div class=\"elementor-widget-container\">\n\t\t\t\t\t\t\t<div class=\"title-wrapper set-mb-s reset-last-child wd-title-color-default wd-title-style-default wd-title-size-default text-center\">\n\n\t\t\t\t\t\t\t<div class=\"title-subtitle subtitle-color-default subtitle-style-default wd-fontsize-xs\">\n\t\t\t\t\tTipo de anestesia\t\t\t\t<\/div>\n\t\t\t\n\t\t\t<div class=\"liner-continer\">\n\t\t\t\t<p class=\"woodmart-title-container title wd-fontsize-l\">Anestesia general<\/p> \n\t\t\t\t\t\t\t<\/div>\n\n\t\t\t\t\t<\/div>\n\t\t\t\t\t\t<\/div>\n\t\t\t\t<\/div>\n\t\t\t\t<\/div>\n\t\t<div class=\"elementor-element elementor-element-20f0933d e-con-full e-flex e-con e-child\" data-id=\"20f0933d\" data-element_type=\"container\">\n\t\t\t\t<div class=\"elementor-element elementor-element-61652bfc wd-width-100 elementor-widget elementor-widget-wd_title\" data-id=\"61652bfc\" data-element_type=\"widget\" data-widget_type=\"wd_title.default\">\n\t\t\t\t<div class=\"elementor-widget-container\">\n\t\t\t\t\t\t\t<div class=\"title-wrapper set-mb-s reset-last-child wd-title-color-default wd-title-style-default wd-title-size-default text-center\">\n\n\t\t\t\t\t\t\t<div class=\"title-subtitle subtitle-color-default subtitle-style-default wd-fontsize-xs\">\n\t\t\t\t\tTiempo de recuperaci\u00f3n\t\t\t\t<\/div>\n\t\t\t\n\t\t\t<div class=\"liner-continer\">\n\t\t\t\t<p class=\"woodmart-title-container title wd-fontsize-l\">1-2 semanas<\/p> \n\t\t\t\t\t\t\t<\/div>\n\n\t\t\t\t\t<\/div>\n\t\t\t\t\t\t<\/div>\n\t\t\t\t<\/div>\n\t\t\t\t<\/div>\n\t\t\t\t\t<\/div>\n\t\t\t\t<\/div>\n\t\t<div class=\"wd-negative-gap elementor-element elementor-element-5d78513 e-flex e-con-boxed e-con e-parent\" data-id=\"5d78513\" data-element_type=\"container\">\n\t\t\t\t\t<div class=\"e-con-inner\">\n\t\t\t\t<div class=\"elementor-element elementor-element-8d5dcff color-scheme-inherit text-left elementor-widget elementor-widget-text-editor\" data-id=\"8d5dcff\" data-element_type=\"widget\" data-widget_type=\"text-editor.default\">\n\t\t\t\t<div class=\"elementor-widget-container\">\n\t\t\t\t\t\t\t\t\t<p><span style=\"font-weight: 400;\">El botox g\u00e1strico es un m\u00e9todo eficaz que se ha popularizado en los \u00faltimos a\u00f1os para el tratamiento de la p\u00e9rdida de peso y la obesidad. Esta aplicaci\u00f3n, que se realiza mediante un procedimiento endosc\u00f3pico, relaja los m\u00fasculos del est\u00f3mago y proporciona una sensaci\u00f3n de saturaci\u00f3n m\u00e1s r\u00e1pida, creando as\u00ed una tendencia a comer menos. El Botox g\u00e1strico ofrece una opci\u00f3n ideal para las personas que no desean una intervenci\u00f3n quir\u00fargica y quieren apoyar el proceso de p\u00e9rdida de peso. Sin embargo, dado que el estado de salud de cada individuo es diferente, es importante consultar a un m\u00e9dico especialista sobre la idoneidad de la aplicaci\u00f3n de botox g\u00e1strico.\u00a0<\/span><\/p><h2><span style=\"font-weight: 400;\">Mide Botoksu Nedir ve Nas\u0131l Uygulan\u0131r?<\/span><\/h2><p><span style=\"font-weight: 400;\">Mide botoksu, mide kaslar\u0131n\u0131n gev\u015fetilmesi amac\u0131yla yap\u0131lan bir estetik m\u00fcdahaledir. Bu i\u015flem, mideye enjekte edilen botulinum toksini ile ger\u00e7ekle\u015ftirilir. Botoks, kaslar\u0131n gev\u015femesini sa\u011flayarak mideye g\u0131da ge\u00e7i\u015fini yava\u015flat\u0131r ve doygunluk hissini art\u0131r\u0131r. Mide botoksu uygulamas\u0131, genellikle obezite tedavisi veya kilo kayb\u0131 sa\u011flamak isteyen ki\u015filer i\u00e7in tercih edilir. Uygulama, genellikle kar\u0131n b\u00f6lgesine yap\u0131lan endoskopik bir i\u015flemle yap\u0131l\u0131r ve minimal invaziv bir y\u00f6ntemdir.<\/span><\/p><h2><span style=\"font-weight: 400;\">\u00bfEs posible perder peso con el botox para el est\u00f3mago?<\/span><\/h2><p><span style=\"font-weight: 400;\">Mide botoksu, do\u011frudan kilo kayb\u0131 sa\u011flamaz, ancak etkili bir \u015fekilde kilo kayb\u0131n\u0131 destekler. Botoks, mideyi ge\u00e7ici olarak k\u00fc\u00e7\u00fclt\u00fcr ve yemek yedikten sonra daha h\u0131zl\u0131 doygunluk hissi olu\u015fmas\u0131n\u0131 sa\u011flar. Bu da ki\u015filerin daha az yemek yemelerini sa\u011flar. Mide botoksu uygulamas\u0131 ile ki\u015fi, porsiyon miktar\u0131n\u0131 k\u00fc\u00e7\u00fclterek zamanla kilo kayb\u0131 ya\u015fayabilir. Ancak, bu s\u00fcrecin ba\u015far\u0131l\u0131 olabilmesi i\u00e7in dengeli bir beslenme ve egzersiz d\u00fczeni gereklidir.<\/span><\/p><h2><span style=\"font-weight: 400;\">Mide Botoksu Kimler \u0130\u00e7in Uygundur?<\/span><\/h2><p><span style=\"font-weight: 400;\">Mide botoksu, obezite tedavisi i\u00e7in uygun olan, ancak cerrahi m\u00fcdahale istemeyen ki\u015filer i\u00e7in ideal bir se\u00e7enektir. Ayr\u0131ca, a\u015f\u0131r\u0131 kilo problemleri olmayan fakat a\u015f\u0131r\u0131 yemek yemeyi kontrol etmekte zorluk \u00e7eken ki\u015filer de bu uygulamadan faydalanabilir. Bununla birlikte, mide botoksu uygulamas\u0131, mide problemleri (\u00f6rne\u011fin mide \u00fclseri, gastrit) ya\u015fayan ki\u015filere uygulanmaz. Herhangi bir sa\u011fl\u0131k sorunu olanlar\u0131n, uygulama \u00f6ncesinde doktorlar\u0131na dan\u0131\u015fmalar\u0131 \u00f6nemlidir.<\/span><\/p><h2><span style=\"font-weight: 400;\">Mide Botoksu Uygulamas\u0131 Ne Kadar S\u00fcreyle Etkilidir?<\/span><\/h2><p><span style=\"font-weight: 400;\">El efecto de la aplicaci\u00f3n de botox g\u00e1strico suele durar entre 6 y 12 meses. Durante este tiempo, los m\u00fasculos del est\u00f3mago de las personas permanecen sueltos y la sensaci\u00f3n de saciedad contin\u00faa. Sin embargo, la duraci\u00f3n del efecto puede variar de una persona a otra y en algunos individuos este periodo puede ser m\u00e1s corto o m\u00e1s largo. Una vez pasado el efecto de la aplicaci\u00f3n, se puede volver a aplicar botox.<\/span><\/p><h2><span style=\"font-weight: 400;\">Mide Botoksu ile Zay\u0131flama S\u00fcreci Nas\u0131l \u0130\u015fler?<\/span><\/h2><p><span style=\"font-weight: 400;\">El proceso de adelgazamiento con botox g\u00e1strico comienza por la contracci\u00f3n temporal del est\u00f3mago. La toxina botul\u00ednica paraliza temporalmente los m\u00fasculos del est\u00f3mago, lo que hace que \u00e9ste se contraiga menos. Como resultado, despu\u00e9s de comer, la persona se siente llena antes e ingiere menos alimentos. La p\u00e9rdida de peso con botox g\u00e1strico debe ir acompa\u00f1ada de una dieta equilibrada y ejercicio, normalmente en combinaci\u00f3n con otros m\u00e9todos de p\u00e9rdida de peso.<\/span><\/p><h2><span style=\"font-weight: 400;\">Mide Botoksu Uygulamas\u0131n\u0131n Yan Etkileri Nelerdir?<\/span><\/h2><p><span style=\"font-weight: 400;\">En general, el Botox g\u00e1strico es un procedimiento seguro, pero pueden producirse algunos efectos secundarios. Los efectos secundarios m\u00e1s frecuentes son n\u00e1useas, dolor abdominal e hinchaz\u00f3n. Adem\u00e1s, algunas personas pueden experimentar problemas digestivos o indigesti\u00f3n. Estos efectos secundarios suelen ser temporales y desaparecen a los pocos d\u00edas de la intervenci\u00f3n. En raras ocasiones, pueden producirse efectos secundarios graves, por lo que es importante mantener una conversaci\u00f3n detallada con su m\u00e9dico antes de la aplicaci\u00f3n.<\/span><\/p><h2><span style=\"font-weight: 400;\">Mide Botoksu Uygulamas\u0131 \u00d6ncesi ve Sonras\u0131 Nelere Dikkat Edilmelidir?<\/span><\/h2><p><span style=\"font-weight: 400;\">Antes de la aplicaci\u00f3n de botox g\u00e1strico, se eval\u00faa el estado de salud general de la persona y se comprueba si existe alg\u00fan problema de salud. Prestar atenci\u00f3n a la ingesta de l\u00edquidos antes de la aplicaci\u00f3n puede relajar el est\u00f3mago. Tras la aplicaci\u00f3n, se recomienda evitar las comidas copiosas y el consumo de alcohol durante unos d\u00edas. Tambi\u00e9n es importante revisar los h\u00e1bitos alimenticios y crear un plan de dieta saludable.<\/span><\/p><h2><span style=\"font-weight: 400;\">Mide Botoksu ile Mide Hacmi Nas\u0131l K\u00fc\u00e7\u00fcl\u00fcr?<\/span><\/h2><p><span style=\"font-weight: 400;\">Mide botoksu, mideyi ge\u00e7ici olarak k\u00fc\u00e7\u00fclten bir etkendir. Botulinum toksini mide kaslar\u0131na enjekte edilerek, mide kaslar\u0131n\u0131n gev\u015femesi sa\u011flan\u0131r. Bu gev\u015feme, midenin daha k\u00fc\u00e7\u00fck bir kapasiteye sahip olmas\u0131na yol a\u00e7ar. Mide hacminin k\u00fc\u00e7\u00fclmesi, yemek sonras\u0131 daha h\u0131zl\u0131 doygunluk hissi olu\u015fturur ve bu sayede ki\u015fi daha az yemek yer.<\/span><\/p><h2><span style=\"font-weight: 400;\">Mide Botoksu ile Doyma Hissi Nas\u0131l Artar?<\/span><\/h2><p><span style=\"font-weight: 400;\">Mide botoksu, midenin motor fonksiyonlar\u0131n\u0131 etkileyerek doygunluk hissini art\u0131r\u0131r. Mide kaslar\u0131 gev\u015fedi\u011finde, yemekler daha yava\u015f sindirilir ve bu da daha uzun s\u00fcre tok kalmay\u0131 sa\u011flar. Ayr\u0131ca, mide bo\u015falmas\u0131 da yava\u015flar, bu da ki\u015fiye yemek yedikten sonra daha uzun s\u00fcre doygunluk hissi verir. Bu etki, \u00f6zellikle a\u015f\u0131r\u0131 yemek yeme e\u011filimi olan ki\u015filer i\u00e7in faydal\u0131 olabilir.<\/span><\/p><h2><span style=\"font-weight: 400;\">Mide Botoksu Uygulamas\u0131 Kimlere Yap\u0131lamaz?<\/span><\/h2><p><span style=\"font-weight: 400;\">El botox para el est\u00f3mago no se aplica a personas con determinados problemas de salud. Afecciones como \u00falceras de est\u00f3mago, gastritis, embarazo o lactancia, intervenciones quir\u00fargicas en el est\u00f3mago o enfermedades cardiovasculares graves pueden ser un obst\u00e1culo para la aplicaci\u00f3n de botox g\u00e1strico. Se debe obtener la aprobaci\u00f3n de su m\u00e9dico antes de la aplicaci\u00f3n.<\/span><\/p>\t\t\t\t\t\t\t\t<\/div>\n\t\t\t\t<\/div>\n\t\t\t\t\t<\/div>\n\t\t\t\t<\/div>\n\t\t\t\t<\/div>","protected":false},"excerpt":{"rendered":"<p>Ortalama Kal\u0131\u015f S\u00fcresi 7 G\u00fcn Hastanede Yat\u0131\u015f S\u00fcresi 1 G\u00fcn Operasyon S\u00fcresi 2-4 Saat Anestezi T\u00fcr\u00fc Genel Anestezi \u0130yile\u015fme S\u00fcresi<\/p>","protected":false},"author":1,"featured_media":0,"parent":0,"menu_order":0,"comment_status":"closed","ping_status":"closed","template":"","meta":{"footnotes":""},"class_list":["post-27892","page","type-page","status-publish","hentry"],"_links":{"self":[{"href":"https:\/\/westestetik.com\/es\/wp-json\/wp\/v2\/pages\/27892","targetHints":{"allow":["GET"]}}],"collection":[{"href":"https:\/\/westestetik.com\/es\/wp-json\/wp\/v2\/pages"}],"about":[{"href":"https:\/\/westestetik.com\/es\/wp-json\/wp\/v2\/types\/page"}],"author":[{"embeddable":true,"href":"https:\/\/westestetik.com\/es\/wp-json\/wp\/v2\/users\/1"}],"replies":[{"embeddable":true,"href":"https:\/\/westestetik.com\/es\/wp-json\/wp\/v2\/comments?post=27892"}],"version-history":[{"count":10,"href":"https:\/\/westestetik.com\/es\/wp-json\/wp\/v2\/pages\/27892\/revisions"}],"predecessor-version":[{"id":30821,"href":"https:\/\/westestetik.com\/es\/wp-json\/wp\/v2\/pages\/27892\/revisions\/30821"}],"wp:attachment":[{"href":"https:\/\/westestetik.com\/es\/wp-json\/wp\/v2\/media?parent=27892"}],"curies":[{"name":"wp","href":"https:\/\/api.w.org\/{rel}","templated":true}]}}