{"id":27890,"date":"2024-12-02T23:35:16","date_gmt":"2024-12-02T23:35:16","guid":{"rendered":"https:\/\/westestetik.com\/?page_id=27890"},"modified":"2024-12-26T15:00:16","modified_gmt":"2024-12-26T15:00:16","slug":"estomago-tup","status":"publish","type":"page","link":"https:\/\/westestetik.com\/es\/estomago-tup\/","title":{"rendered":"Sonda g\u00e1strica"},"content":{"rendered":"<div data-elementor-type=\"wp-page\" data-elementor-id=\"27890\" class=\"elementor elementor-27890\" data-elementor-post-type=\"page\">\n\t\t\t\t<div class=\"elementor-element elementor-element-ef449eb e-con-full elementor-hidden-mobile e-flex e-con e-parent\" data-id=\"ef449eb\" data-element_type=\"container\">\n\t\t<div class=\"elementor-element elementor-element-37d9371c e-con-full e-flex e-con e-child\" data-id=\"37d9371c\" data-element_type=\"container\">\n\t\t\t\t<div class=\"elementor-element elementor-element-6d1d5164 elementor-widget elementor-widget-image\" data-id=\"6d1d5164\" data-element_type=\"widget\" data-widget_type=\"image.default\">\n\t\t\t\t<div class=\"elementor-widget-container\">\n\t\t\t\t\t\t\t\t\t\t\t\t\t\t\t<img decoding=\"async\" width=\"100\" height=\"100\" src=\"https:\/\/westestetik.com\/wp-content\/uploads\/2024\/12\/1-4.png\" class=\"attachment-large size-large wp-image-28814\" alt=\"\" srcset=\"https:\/\/westestetik.com\/wp-content\/uploads\/2024\/12\/1-4.png 100w, https:\/\/westestetik.com\/wp-content\/uploads\/2024\/12\/1-4-12x12.png 12w\" sizes=\"(max-width: 100px) 100vw, 100px\" \/>\t\t\t\t\t\t\t\t\t\t\t\t\t\t\t<\/div>\n\t\t\t\t<\/div>\n\t\t\t\t<\/div>\n\t\t<div class=\"elementor-element elementor-element-34bb7990 e-con-full e-flex e-con e-child\" data-id=\"34bb7990\" data-element_type=\"container\">\n\t\t\t\t<div class=\"elementor-element elementor-element-61cec20 elementor-widget elementor-widget-image\" data-id=\"61cec20\" data-element_type=\"widget\" data-widget_type=\"image.default\">\n\t\t\t\t<div class=\"elementor-widget-container\">\n\t\t\t\t\t\t\t\t\t\t\t\t\t\t\t<img decoding=\"async\" width=\"100\" height=\"100\" src=\"https:\/\/westestetik.com\/wp-content\/uploads\/2024\/12\/2-5.png\" class=\"attachment-large size-large wp-image-28815\" alt=\"\" srcset=\"https:\/\/westestetik.com\/wp-content\/uploads\/2024\/12\/2-5.png 100w, https:\/\/westestetik.com\/wp-content\/uploads\/2024\/12\/2-5-12x12.png 12w\" sizes=\"(max-width: 100px) 100vw, 100px\" \/>\t\t\t\t\t\t\t\t\t\t\t\t\t\t\t<\/div>\n\t\t\t\t<\/div>\n\t\t\t\t<\/div>\n\t\t<div class=\"elementor-element elementor-element-362dcdb0 e-con-full e-flex e-con e-child\" data-id=\"362dcdb0\" data-element_type=\"container\">\n\t\t\t\t<div class=\"elementor-element elementor-element-1dff6ea9 elementor-widget elementor-widget-image\" data-id=\"1dff6ea9\" data-element_type=\"widget\" data-widget_type=\"image.default\">\n\t\t\t\t<div class=\"elementor-widget-container\">\n\t\t\t\t\t\t\t\t\t\t\t\t\t\t\t<img decoding=\"async\" width=\"100\" height=\"100\" src=\"https:\/\/westestetik.com\/wp-content\/uploads\/2024\/12\/3-1.png\" class=\"attachment-large size-large wp-image-28816\" alt=\"\" srcset=\"https:\/\/westestetik.com\/wp-content\/uploads\/2024\/12\/3-1.png 100w, https:\/\/westestetik.com\/wp-content\/uploads\/2024\/12\/3-1-12x12.png 12w\" sizes=\"(max-width: 100px) 100vw, 100px\" \/>\t\t\t\t\t\t\t\t\t\t\t\t\t\t\t<\/div>\n\t\t\t\t<\/div>\n\t\t\t\t<\/div>\n\t\t<div class=\"elementor-element elementor-element-6e74804b e-con-full e-flex e-con e-child\" data-id=\"6e74804b\" data-element_type=\"container\">\n\t\t\t\t<div class=\"elementor-element elementor-element-715d1580 elementor-widget elementor-widget-image\" data-id=\"715d1580\" data-element_type=\"widget\" data-widget_type=\"image.default\">\n\t\t\t\t<div class=\"elementor-widget-container\">\n\t\t\t\t\t\t\t\t\t\t\t\t\t\t\t<img loading=\"lazy\" decoding=\"async\" width=\"100\" height=\"100\" src=\"https:\/\/westestetik.com\/wp-content\/uploads\/2024\/12\/4-1.png\" class=\"attachment-large size-large wp-image-28817\" alt=\"\" srcset=\"https:\/\/westestetik.com\/wp-content\/uploads\/2024\/12\/4-1.png 100w, https:\/\/westestetik.com\/wp-content\/uploads\/2024\/12\/4-1-12x12.png 12w\" sizes=\"(max-width: 100px) 100vw, 100px\" \/>\t\t\t\t\t\t\t\t\t\t\t\t\t\t\t<\/div>\n\t\t\t\t<\/div>\n\t\t\t\t<\/div>\n\t\t<div class=\"elementor-element elementor-element-32b2aaba e-con-full e-flex e-con e-child\" data-id=\"32b2aaba\" data-element_type=\"container\">\n\t\t\t\t<div class=\"elementor-element elementor-element-45fcbf82 elementor-widget elementor-widget-image\" data-id=\"45fcbf82\" data-element_type=\"widget\" data-widget_type=\"image.default\">\n\t\t\t\t<div class=\"elementor-widget-container\">\n\t\t\t\t\t\t\t\t\t\t\t\t\t\t\t<img loading=\"lazy\" decoding=\"async\" width=\"100\" height=\"100\" src=\"https:\/\/westestetik.com\/wp-content\/uploads\/2024\/12\/5-1.png\" class=\"attachment-large size-large wp-image-28818\" alt=\"\" srcset=\"https:\/\/westestetik.com\/wp-content\/uploads\/2024\/12\/5-1.png 100w, https:\/\/westestetik.com\/wp-content\/uploads\/2024\/12\/5-1-12x12.png 12w\" sizes=\"(max-width: 100px) 100vw, 100px\" \/>\t\t\t\t\t\t\t\t\t\t\t\t\t\t\t<\/div>\n\t\t\t\t<\/div>\n\t\t\t\t<\/div>\n\t\t\t\t<\/div>\n\t\t<div class=\"wd-negative-gap elementor-element elementor-element-79a1eac0 elementor-hidden-mobile e-flex e-con-boxed e-con e-parent\" data-id=\"79a1eac0\" data-element_type=\"container\">\n\t\t\t\t\t<div class=\"e-con-inner\">\n\t\t<div class=\"elementor-element elementor-element-b5ca11c e-con-full e-flex e-con e-child\" data-id=\"b5ca11c\" data-element_type=\"container\">\n\t\t\t\t<div class=\"elementor-element elementor-element-4c82f45f wd-width-100 elementor-widget elementor-widget-wd_title\" data-id=\"4c82f45f\" data-element_type=\"widget\" data-widget_type=\"wd_title.default\">\n\t\t\t\t<div class=\"elementor-widget-container\">\n\t\t\t\t\t\t\t<div class=\"title-wrapper set-mb-s reset-last-child wd-title-color-default wd-title-style-default wd-title-size-default text-center\">\n\n\t\t\t\t\t\t\t<div class=\"title-subtitle subtitle-color-default subtitle-style-default wd-fontsize-xs\">\n\t\t\t\t\tDuraci\u00f3n media de la estancia\t\t\t\t<\/div>\n\t\t\t\n\t\t\t<div class=\"liner-continer\">\n\t\t\t\t<p class=\"woodmart-title-container title wd-fontsize-l\">7 d\u00edas<\/p> \n\t\t\t\t\t\t\t<\/div>\n\n\t\t\t\t\t<\/div>\n\t\t\t\t\t\t<\/div>\n\t\t\t\t<\/div>\n\t\t\t\t<\/div>\n\t\t<div class=\"elementor-element elementor-element-2ba64e17 e-con-full e-flex e-con e-child\" data-id=\"2ba64e17\" data-element_type=\"container\">\n\t\t\t\t<div class=\"elementor-element elementor-element-659d88e9 wd-width-100 elementor-widget elementor-widget-wd_title\" data-id=\"659d88e9\" data-element_type=\"widget\" data-widget_type=\"wd_title.default\">\n\t\t\t\t<div class=\"elementor-widget-container\">\n\t\t\t\t\t\t\t<div class=\"title-wrapper set-mb-s reset-last-child wd-title-color-default wd-title-style-default wd-title-size-default text-center\">\n\n\t\t\t\t\t\t\t<div class=\"title-subtitle subtitle-color-default subtitle-style-default wd-fontsize-xs\">\n\t\t\t\t\tDuraci\u00f3n de la hospitalizaci\u00f3n\t\t\t\t<\/div>\n\t\t\t\n\t\t\t<div class=\"liner-continer\">\n\t\t\t\t<p class=\"woodmart-title-container title wd-fontsize-l\">1 d\u00eda<\/p> \n\t\t\t\t\t\t\t<\/div>\n\n\t\t\t\t\t<\/div>\n\t\t\t\t\t\t<\/div>\n\t\t\t\t<\/div>\n\t\t\t\t<\/div>\n\t\t<div class=\"elementor-element elementor-element-495f97d3 e-con-full e-flex e-con e-child\" data-id=\"495f97d3\" data-element_type=\"container\">\n\t\t\t\t<div class=\"elementor-element elementor-element-7f7f2981 wd-width-100 elementor-widget elementor-widget-wd_title\" data-id=\"7f7f2981\" data-element_type=\"widget\" data-widget_type=\"wd_title.default\">\n\t\t\t\t<div class=\"elementor-widget-container\">\n\t\t\t\t\t\t\t<div class=\"title-wrapper set-mb-s reset-last-child wd-title-color-default wd-title-style-default wd-title-size-default text-center\">\n\n\t\t\t\t\t\t\t<div class=\"title-subtitle subtitle-color-default subtitle-style-default wd-fontsize-xs\">\n\t\t\t\t\tDuraci\u00f3n de la operaci\u00f3n\t\t\t\t<\/div>\n\t\t\t\n\t\t\t<div class=\"liner-continer\">\n\t\t\t\t<p class=\"woodmart-title-container title wd-fontsize-l\">2-4 horas<\/p> \n\t\t\t\t\t\t\t<\/div>\n\n\t\t\t\t\t<\/div>\n\t\t\t\t\t\t<\/div>\n\t\t\t\t<\/div>\n\t\t\t\t<\/div>\n\t\t<div class=\"elementor-element elementor-element-4c5d8ebe e-con-full e-flex e-con e-child\" data-id=\"4c5d8ebe\" data-element_type=\"container\">\n\t\t\t\t<div class=\"elementor-element elementor-element-56ff3865 wd-width-100 elementor-widget elementor-widget-wd_title\" data-id=\"56ff3865\" data-element_type=\"widget\" data-widget_type=\"wd_title.default\">\n\t\t\t\t<div class=\"elementor-widget-container\">\n\t\t\t\t\t\t\t<div class=\"title-wrapper set-mb-s reset-last-child wd-title-color-default wd-title-style-default wd-title-size-default text-center\">\n\n\t\t\t\t\t\t\t<div class=\"title-subtitle subtitle-color-default subtitle-style-default wd-fontsize-xs\">\n\t\t\t\t\tTipo de anestesia\t\t\t\t<\/div>\n\t\t\t\n\t\t\t<div class=\"liner-continer\">\n\t\t\t\t<p class=\"woodmart-title-container title wd-fontsize-l\">Anestesia general<\/p> \n\t\t\t\t\t\t\t<\/div>\n\n\t\t\t\t\t<\/div>\n\t\t\t\t\t\t<\/div>\n\t\t\t\t<\/div>\n\t\t\t\t<\/div>\n\t\t<div class=\"elementor-element elementor-element-1cb826ef e-con-full e-flex e-con e-child\" data-id=\"1cb826ef\" data-element_type=\"container\">\n\t\t\t\t<div class=\"elementor-element elementor-element-50ccacf3 wd-width-100 elementor-widget elementor-widget-wd_title\" data-id=\"50ccacf3\" data-element_type=\"widget\" data-widget_type=\"wd_title.default\">\n\t\t\t\t<div class=\"elementor-widget-container\">\n\t\t\t\t\t\t\t<div class=\"title-wrapper set-mb-s reset-last-child wd-title-color-default wd-title-style-default wd-title-size-default text-center\">\n\n\t\t\t\t\t\t\t<div class=\"title-subtitle subtitle-color-default subtitle-style-default wd-fontsize-xs\">\n\t\t\t\t\tTiempo de recuperaci\u00f3n\t\t\t\t<\/div>\n\t\t\t\n\t\t\t<div class=\"liner-continer\">\n\t\t\t\t<p class=\"woodmart-title-container title wd-fontsize-l\">1-2 semanas<\/p> \n\t\t\t\t\t\t\t<\/div>\n\n\t\t\t\t\t<\/div>\n\t\t\t\t\t\t<\/div>\n\t\t\t\t<\/div>\n\t\t\t\t<\/div>\n\t\t\t\t\t<\/div>\n\t\t\t\t<\/div>\n\t\t<div class=\"wd-negative-gap elementor-element elementor-element-ea4a277 e-flex e-con-boxed e-con e-parent\" data-id=\"ea4a277\" data-element_type=\"container\">\n\t\t\t\t\t<div class=\"e-con-inner\">\n\t\t\t\t<div class=\"elementor-element elementor-element-ea8e010 color-scheme-inherit text-left elementor-widget elementor-widget-text-editor\" data-id=\"ea8e010\" data-element_type=\"widget\" data-widget_type=\"text-editor.default\">\n\t\t\t\t<div class=\"elementor-widget-container\">\n\t\t\t\t\t\t\t\t\t<p><span style=\"font-weight: 400;\">La gastrectom\u00eda en manga es una intervenci\u00f3n quir\u00fargica que ofrece una soluci\u00f3n eficaz a las personas con problemas de sobrepeso y obesidad. Hoy en d\u00eda, se ha convertido en la opci\u00f3n preferida de muchas personas que desean perder peso de forma saludable y reducir el riesgo de enfermedades relacionadas con la obesidad. Esta cirug\u00eda consiste en extirpar una gran parte del est\u00f3mago y darle forma de tubo m\u00e1s peque\u00f1o. De este modo, se restringe la capacidad de comer y la persona se llena con una cantidad menor de alimentos. La cirug\u00eda de manga g\u00e1strica no s\u00f3lo acelera la p\u00e9rdida de peso, sino que tambi\u00e9n mejora la salud general y mejora la calidad de vida.<\/span><\/p><h2><span style=\"font-weight: 400;\">\u00bfQu\u00e9 es la gastrectom\u00eda en manga g\u00e1strica?<\/span><\/h2><p><span style=\"font-weight: 400;\">La gastrectom\u00eda en manguito es una intervenci\u00f3n quir\u00fargica preferida para el tratamiento de la obesidad. Esta cirug\u00eda encoge el est\u00f3mago hasta darle una forma tubular, de modo que la persona se sacia con menos comida y se reduce significativamente la ingesta de calor\u00edas. La manga g\u00e1strica consiste en extirpar una gran parte del est\u00f3mago para ayudar a los pacientes a perder peso, pero \u00e9ste sigue funcionando sin afectar al aparato digestivo.<\/span><\/p><h2><span style=\"font-weight: 400;\">\u00bfA qui\u00e9n puede aplicarse la gastrectom\u00eda en manga?<\/span><\/h2><p><span style=\"font-weight: 400;\">La cirug\u00eda de gastrectom\u00eda en manga es una opci\u00f3n adecuada para las personas que, en general, tienen problemas de sobrepeso y no pueden perder peso con dieta y ejercicio. Desde el punto de vista m\u00e9dico, puede aplicarse a personas con un \u00edndice de masa corporal (IMC) igual o superior a 40 o con un IMC entre 35-40 que tengan problemas de salud relacionados con la obesidad. Adem\u00e1s, la gastrectom\u00eda en manga es una de las soluciones m\u00e1s eficaces para las personas que gozan de buena salud y est\u00e1n dispuestas a realizar cambios en su estilo de vida antes y despu\u00e9s de la intervenci\u00f3n.<\/span><\/p><h2><span style=\"font-weight: 400;\">\u00bfCu\u00e1les son los beneficios de la gastrectom\u00eda en manga g\u00e1strica?<\/span><\/h2><p><span style=\"font-weight: 400;\">La gastrectom\u00eda en manga no s\u00f3lo permite perder peso, sino tambi\u00e9n mejorar los problemas de salud relacionados con la obesidad. Puede ayudar a reducir enfermedades como la hipertensi\u00f3n, la diabetes, la apnea del sue\u00f1o y los problemas articulares. Adem\u00e1s, la gastrectom\u00eda en manga permite a los pacientes adoptar un estilo de vida m\u00e1s sano y mejora su calidad de vida. La p\u00e9rdida de peso tambi\u00e9n contribuye a la recuperaci\u00f3n psicol\u00f3gica.<\/span><\/p><h2><span style=\"font-weight: 400;\">\u00bfC\u00f3mo se realiza la gastrectom\u00eda en manga g\u00e1strica?<\/span><\/h2><p><span style=\"font-weight: 400;\">La gastrectom\u00eda en manguito se realiza por v\u00eda laparosc\u00f3pica. Es decir, se realizan peque\u00f1as incisiones en el abdomen y la intervenci\u00f3n se lleva a cabo con la ayuda de una c\u00e1mara e instrumentos quir\u00fargicos. El cirujano extirpa la mayor parte del est\u00f3mago y deja s\u00f3lo una forma de tubo. Este est\u00f3mago en forma de tubo permite a las personas sentirse saciadas m\u00e1s r\u00e1pidamente y acelera la p\u00e9rdida de peso. La operaci\u00f3n suele durar 1-2 horas y el paciente puede ser dado de alta en pocos d\u00edas.<\/span><\/p><h2><span style=\"font-weight: 400;\">\u00bfCu\u00e1nto tiempo se tarda en recuperarse tras una gastrectom\u00eda en manga?<\/span><\/h2><p><span style=\"font-weight: 400;\">Aunque el proceso de recuperaci\u00f3n tras una gastrectom\u00eda en manga var\u00eda de una persona a otra, la mayor\u00eda de los pacientes reciben el alta a los pocos d\u00edas. Durante las primeras semanas, los pacientes deben limitarse a actividades ligeras y evitar el ejercicio intenso. Tras la intervenci\u00f3n, el proceso de recuperaci\u00f3n suele durar de 1 a 2 meses y los pacientes empiezan a reincorporarse a su vida normal. Sin embargo, la recuperaci\u00f3n completa y la p\u00e9rdida de peso pueden llevar a\u00f1os.<\/span><\/p><h2><span style=\"font-weight: 400;\">\u00bfC\u00f3mo debe ser la nutrici\u00f3n tras una gastrectom\u00eda en manga g\u00e1strica?<\/span><\/h2><p><span style=\"font-weight: 400;\">La nutrici\u00f3n tras una gastrectom\u00eda en manga es fundamental para una recuperaci\u00f3n satisfactoria. En la primera fase, los pacientes deben ingerir alimentos l\u00edquidos. Despu\u00e9s, se introducen gradualmente en la dieta alimentos blandos y s\u00f3lidos. Se recomiendan 5-6 comidas peque\u00f1as al d\u00eda y se reducen considerablemente las porciones. Deben preferirse los alimentos ricos en prote\u00ednas y bajos en calor\u00edas. Tambi\u00e9n es importante beber mucha agua y tomar suplementos vitam\u00ednicos.<\/span><\/p><h2><span style=\"font-weight: 400;\">\u00bfCu\u00e1les son los riesgos y efectos secundarios de la gastrectom\u00eda en manga g\u00e1strica?<\/span><\/h2><p><span style=\"font-weight: 400;\">La cirug\u00eda de manga g\u00e1strica, como otros procedimientos quir\u00fargicos, conlleva algunos riesgos. Entre ellos pueden figurar infecciones, hemorragias, reacciones al\u00e9rgicas a la anestesia, p\u00e9rdidas g\u00e1stricas y deficiencias nutricionales. Adem\u00e1s, algunos pacientes pueden sufrir n\u00e1useas, v\u00f3mitos y gases tras la intervenci\u00f3n. Sin embargo, estos riesgos suelen minimizarse con una intervenci\u00f3n quir\u00fargica adecuada realizada por un cirujano especialista.<\/span><\/p><h2><span style=\"font-weight: 400;\">\u00bfQu\u00e9 pruebas se realizan para la gastrectom\u00eda en manga g\u00e1strica?<\/span><\/h2><p><span style=\"font-weight: 400;\">Antes de decidirse por la cirug\u00eda de gastrectom\u00eda en manga, es necesario someterse a una serie de pruebas y ex\u00e1menes. Estas pruebas son importantes para evaluar el estado de salud general, determinar la idoneidad de la cirug\u00eda y detectar posibles complicaciones con antelaci\u00f3n. Pueden realizarse pruebas como an\u00e1lisis de sangre, ecocardiograma, pruebas de funci\u00f3n pulmonar y endoscopia g\u00e1strica. Tambi\u00e9n se eval\u00faa el estado psicol\u00f3gico del paciente.<\/span><\/p><h2><span style=\"font-weight: 400;\">\u00bfCu\u00e1ndo puedo reincorporarme a la vida social tras una gastrectom\u00eda en manga g\u00e1strica?<\/span><\/h2><p><span style=\"font-weight: 400;\">La reincorporaci\u00f3n a la vida social tras una gastrectom\u00eda en manga depende del proceso de recuperaci\u00f3n. La mayor\u00eda de los pacientes pueden reincorporarse a la vida laboral o escolar en pocos d\u00edas. Sin embargo, puede ser necesario esperar 1-2 semanas para ser m\u00e1s activo f\u00edsicamente. Antes de iniciar ejercicios intensivos y trabajos pesados, debe actuar de acuerdo con las recomendaciones del m\u00e9dico.<\/span><\/p><h2><span style=\"font-weight: 400;\">\u00bfC\u00f3mo funciona el proceso de p\u00e9rdida de peso con la gastrectom\u00eda en manga g\u00e1strica?<\/span><\/h2><p><span style=\"font-weight: 400;\">La cirug\u00eda de gastrectom\u00eda en manguito proporciona una r\u00e1pida p\u00e9rdida de peso en los primeros meses. Las personas empiezan a perder peso de forma significativa a las pocas semanas de la intervenci\u00f3n. El proceso de p\u00e9rdida de peso contin\u00faa con la reducci\u00f3n del volumen del est\u00f3mago y la ingesta limitada de calor\u00edas. Sin embargo, para que la p\u00e9rdida de peso sea continua, tambi\u00e9n deben adoptarse h\u00e1bitos saludables de alimentaci\u00f3n y ejercicio.<\/span><\/p><h2><span style=\"font-weight: 400;\">Programa diet\u00e9tico a seguir tras una gastrectom\u00eda en manga g\u00e1strica<\/span><\/h2><p><span style=\"font-weight: 400;\">El programa diet\u00e9tico que debe seguirse tras la cirug\u00eda de gastrectom\u00eda en manga suele ser preparado individualmente por cirujanos y dietistas. El programa diet\u00e9tico debe incluir alimentos con pocas calor\u00edas y alto valor nutritivo. La ingesta de suplementos de prote\u00ednas, vitaminas y minerales contribuir\u00e1 al proceso de p\u00e9rdida de peso. Tambi\u00e9n se aconseja a los pacientes que coman despacio, mastiquen bien y no coman en exceso.<\/span><\/p><h2><span style=\"font-weight: 400;\">\u00bfCu\u00e1les son los precios de la gastrectom\u00eda en manga g\u00e1strica?<\/span><\/h2><p><span style=\"font-weight: 400;\">Los precios de la cirug\u00eda de sonda g\u00e1strica pueden variar en funci\u00f3n de muchos factores. Factores como la experiencia del cirujano, la elecci\u00f3n del hospital o cl\u00ednica, la tecnolog\u00eda utilizada y el estado de salud del paciente pueden influir en el precio. Adem\u00e1s, las pruebas adicionales que deben realizarse durante el proceso de tratamiento y los servicios de postratamiento tambi\u00e9n son factores que afectan al precio. Sin embargo, no hay que olvidar que la gastrectom\u00eda en manga puede reducir los costes sanitarios a largo plazo.<\/span><\/p><h2><span style=\"font-weight: 400;\">\u00bfQu\u00e9 medicamentos deben utilizarse despu\u00e9s de una gastrectom\u00eda en manga?<\/span><\/h2><p><span style=\"font-weight: 400;\">Tras la gastrectom\u00eda en manga, los pacientes suelen tener que tomar analg\u00e9sicos y medicamentos gastroprotectores. Tambi\u00e9n es necesario tomar suplementos vitam\u00ednicos y minerales, ya que el organismo puede tener dificultades para absorber algunos nutrientes porque se ha extirpado una peque\u00f1a parte del est\u00f3mago. Estos suplementos ayudan a los pacientes a perder peso de forma saludable.<\/span><\/p><h2><span style=\"font-weight: 400;\">\u00bfQui\u00e9n no puede someterse a una gastrectom\u00eda en manga?<\/span><\/h2><p><span style=\"font-weight: 400;\">La gastrectom\u00eda en manga puede no ser adecuada para algunas personas. La cirug\u00eda de manga g\u00e1strica no se recomienda a personas con problemas graves de salud, como embarazo, enfermedades card\u00edacas graves, c\u00e1ncer o enfermedades psiqui\u00e1tricas. Tampoco se recomienda esta cirug\u00eda a personas con un consumo excesivo de alcohol y tabaco. Antes de la cirug\u00eda, debe evaluarse detalladamente el estado de salud general de los pacientes.<\/span><\/p><p>\u00a0<\/p>\t\t\t\t\t\t\t\t<\/div>\n\t\t\t\t<\/div>\n\t\t\t\t\t<\/div>\n\t\t\t\t<\/div>\n\t\t\t\t<\/div>","protected":false},"excerpt":{"rendered":"<p>Ortalama Kal\u0131\u015f S\u00fcresi 7 G\u00fcn Hastanede Yat\u0131\u015f S\u00fcresi 1 G\u00fcn Operasyon S\u00fcresi 2-4 Saat Anestezi T\u00fcr\u00fc Genel Anestezi \u0130yile\u015fme S\u00fcresi<\/p>","protected":false},"author":1,"featured_media":0,"parent":0,"menu_order":0,"comment_status":"closed","ping_status":"closed","template":"","meta":{"footnotes":""},"class_list":["post-27890","page","type-page","status-publish","hentry"],"_links":{"self":[{"href":"https:\/\/westestetik.com\/es\/wp-json\/wp\/v2\/pages\/27890","targetHints":{"allow":["GET"]}}],"collection":[{"href":"https:\/\/westestetik.com\/es\/wp-json\/wp\/v2\/pages"}],"about":[{"href":"https:\/\/westestetik.com\/es\/wp-json\/wp\/v2\/types\/page"}],"author":[{"embeddable":true,"href":"https:\/\/westestetik.com\/es\/wp-json\/wp\/v2\/users\/1"}],"replies":[{"embeddable":true,"href":"https:\/\/westestetik.com\/es\/wp-json\/wp\/v2\/comments?post=27890"}],"version-history":[{"count":13,"href":"https:\/\/westestetik.com\/es\/wp-json\/wp\/v2\/pages\/27890\/revisions"}],"predecessor-version":[{"id":29013,"href":"https:\/\/westestetik.com\/es\/wp-json\/wp\/v2\/pages\/27890\/revisions\/29013"}],"wp:attachment":[{"href":"https:\/\/westestetik.com\/es\/wp-json\/wp\/v2\/media?parent=27890"}],"curies":[{"name":"wp","href":"https:\/\/api.w.org\/{rel}","templated":true}]}}