{"id":27885,"date":"2024-12-02T23:34:45","date_gmt":"2024-12-02T23:34:45","guid":{"rendered":"https:\/\/westestetik.com\/?page_id=27885"},"modified":"2024-12-26T14:59:32","modified_gmt":"2024-12-26T14:59:32","slug":"bypass-gastrico","status":"publish","type":"page","link":"https:\/\/westestetik.com\/es\/bypass-gastrico\/","title":{"rendered":"Bypass g\u00e1strico"},"content":{"rendered":"<div data-elementor-type=\"wp-page\" data-elementor-id=\"27885\" class=\"elementor elementor-27885\" data-elementor-post-type=\"page\">\n\t\t\t\t<div class=\"elementor-element elementor-element-28d9e0d7 e-con-full elementor-hidden-mobile e-flex e-con e-parent\" data-id=\"28d9e0d7\" data-element_type=\"container\">\n\t\t<div class=\"elementor-element elementor-element-7d75e3ea e-con-full e-flex e-con e-child\" data-id=\"7d75e3ea\" data-element_type=\"container\">\n\t\t\t\t<div class=\"elementor-element elementor-element-d2195a6 elementor-widget elementor-widget-image\" data-id=\"d2195a6\" data-element_type=\"widget\" data-widget_type=\"image.default\">\n\t\t\t\t<div class=\"elementor-widget-container\">\n\t\t\t\t\t\t\t\t\t\t\t\t\t\t\t<img decoding=\"async\" width=\"100\" height=\"100\" src=\"https:\/\/westestetik.com\/wp-content\/uploads\/2024\/12\/1-4.png\" class=\"attachment-large size-large wp-image-28814\" alt=\"\" srcset=\"https:\/\/westestetik.com\/wp-content\/uploads\/2024\/12\/1-4.png 100w, https:\/\/westestetik.com\/wp-content\/uploads\/2024\/12\/1-4-12x12.png 12w\" sizes=\"(max-width: 100px) 100vw, 100px\" \/>\t\t\t\t\t\t\t\t\t\t\t\t\t\t\t<\/div>\n\t\t\t\t<\/div>\n\t\t\t\t<\/div>\n\t\t<div class=\"elementor-element elementor-element-5d235fe4 e-con-full e-flex e-con e-child\" data-id=\"5d235fe4\" data-element_type=\"container\">\n\t\t\t\t<div class=\"elementor-element elementor-element-1914ce08 elementor-widget elementor-widget-image\" data-id=\"1914ce08\" data-element_type=\"widget\" data-widget_type=\"image.default\">\n\t\t\t\t<div class=\"elementor-widget-container\">\n\t\t\t\t\t\t\t\t\t\t\t\t\t\t\t<img decoding=\"async\" width=\"100\" height=\"100\" src=\"https:\/\/westestetik.com\/wp-content\/uploads\/2024\/12\/2-5.png\" class=\"attachment-large size-large wp-image-28815\" alt=\"\" srcset=\"https:\/\/westestetik.com\/wp-content\/uploads\/2024\/12\/2-5.png 100w, https:\/\/westestetik.com\/wp-content\/uploads\/2024\/12\/2-5-12x12.png 12w\" sizes=\"(max-width: 100px) 100vw, 100px\" \/>\t\t\t\t\t\t\t\t\t\t\t\t\t\t\t<\/div>\n\t\t\t\t<\/div>\n\t\t\t\t<\/div>\n\t\t<div class=\"elementor-element elementor-element-1c07c977 e-con-full e-flex e-con e-child\" data-id=\"1c07c977\" data-element_type=\"container\">\n\t\t\t\t<div class=\"elementor-element elementor-element-28c5b7f4 elementor-widget elementor-widget-image\" data-id=\"28c5b7f4\" data-element_type=\"widget\" data-widget_type=\"image.default\">\n\t\t\t\t<div class=\"elementor-widget-container\">\n\t\t\t\t\t\t\t\t\t\t\t\t\t\t\t<img decoding=\"async\" width=\"100\" height=\"100\" src=\"https:\/\/westestetik.com\/wp-content\/uploads\/2024\/12\/3-1.png\" class=\"attachment-large size-large wp-image-28816\" alt=\"\" srcset=\"https:\/\/westestetik.com\/wp-content\/uploads\/2024\/12\/3-1.png 100w, https:\/\/westestetik.com\/wp-content\/uploads\/2024\/12\/3-1-12x12.png 12w\" sizes=\"(max-width: 100px) 100vw, 100px\" \/>\t\t\t\t\t\t\t\t\t\t\t\t\t\t\t<\/div>\n\t\t\t\t<\/div>\n\t\t\t\t<\/div>\n\t\t<div class=\"elementor-element elementor-element-29db1df1 e-con-full e-flex e-con e-child\" data-id=\"29db1df1\" data-element_type=\"container\">\n\t\t\t\t<div class=\"elementor-element elementor-element-7c4ccd94 elementor-widget elementor-widget-image\" data-id=\"7c4ccd94\" data-element_type=\"widget\" data-widget_type=\"image.default\">\n\t\t\t\t<div class=\"elementor-widget-container\">\n\t\t\t\t\t\t\t\t\t\t\t\t\t\t\t<img loading=\"lazy\" decoding=\"async\" width=\"100\" height=\"100\" src=\"https:\/\/westestetik.com\/wp-content\/uploads\/2024\/12\/4-1.png\" class=\"attachment-large size-large wp-image-28817\" alt=\"\" srcset=\"https:\/\/westestetik.com\/wp-content\/uploads\/2024\/12\/4-1.png 100w, https:\/\/westestetik.com\/wp-content\/uploads\/2024\/12\/4-1-12x12.png 12w\" sizes=\"(max-width: 100px) 100vw, 100px\" \/>\t\t\t\t\t\t\t\t\t\t\t\t\t\t\t<\/div>\n\t\t\t\t<\/div>\n\t\t\t\t<\/div>\n\t\t<div class=\"elementor-element elementor-element-362862e e-con-full e-flex e-con e-child\" data-id=\"362862e\" data-element_type=\"container\">\n\t\t\t\t<div class=\"elementor-element elementor-element-1206f694 elementor-widget elementor-widget-image\" data-id=\"1206f694\" data-element_type=\"widget\" data-widget_type=\"image.default\">\n\t\t\t\t<div class=\"elementor-widget-container\">\n\t\t\t\t\t\t\t\t\t\t\t\t\t\t\t<img loading=\"lazy\" decoding=\"async\" width=\"100\" height=\"100\" src=\"https:\/\/westestetik.com\/wp-content\/uploads\/2024\/12\/5-1.png\" class=\"attachment-large size-large wp-image-28818\" alt=\"\" srcset=\"https:\/\/westestetik.com\/wp-content\/uploads\/2024\/12\/5-1.png 100w, https:\/\/westestetik.com\/wp-content\/uploads\/2024\/12\/5-1-12x12.png 12w\" sizes=\"(max-width: 100px) 100vw, 100px\" \/>\t\t\t\t\t\t\t\t\t\t\t\t\t\t\t<\/div>\n\t\t\t\t<\/div>\n\t\t\t\t<\/div>\n\t\t\t\t<\/div>\n\t\t<div class=\"wd-negative-gap elementor-element elementor-element-199476fb elementor-hidden-mobile e-flex e-con-boxed e-con e-parent\" data-id=\"199476fb\" data-element_type=\"container\">\n\t\t\t\t\t<div class=\"e-con-inner\">\n\t\t<div class=\"elementor-element elementor-element-14f10ffc e-con-full e-flex e-con e-child\" data-id=\"14f10ffc\" data-element_type=\"container\">\n\t\t\t\t<div class=\"elementor-element elementor-element-54121be2 wd-width-100 elementor-widget elementor-widget-wd_title\" data-id=\"54121be2\" data-element_type=\"widget\" data-widget_type=\"wd_title.default\">\n\t\t\t\t<div class=\"elementor-widget-container\">\n\t\t\t\t\t\t\t<div class=\"title-wrapper set-mb-s reset-last-child wd-title-color-default wd-title-style-default wd-title-size-default text-center\">\n\n\t\t\t\t\t\t\t<div class=\"title-subtitle subtitle-color-default subtitle-style-default wd-fontsize-xs\">\n\t\t\t\t\tDuraci\u00f3n media de la estancia\t\t\t\t<\/div>\n\t\t\t\n\t\t\t<div class=\"liner-continer\">\n\t\t\t\t<p class=\"woodmart-title-container title wd-fontsize-l\">7 d\u00edas<\/p> \n\t\t\t\t\t\t\t<\/div>\n\n\t\t\t\t\t<\/div>\n\t\t\t\t\t\t<\/div>\n\t\t\t\t<\/div>\n\t\t\t\t<\/div>\n\t\t<div class=\"elementor-element elementor-element-1698edca e-con-full e-flex e-con e-child\" data-id=\"1698edca\" data-element_type=\"container\">\n\t\t\t\t<div class=\"elementor-element elementor-element-7b7c2499 wd-width-100 elementor-widget elementor-widget-wd_title\" data-id=\"7b7c2499\" data-element_type=\"widget\" data-widget_type=\"wd_title.default\">\n\t\t\t\t<div class=\"elementor-widget-container\">\n\t\t\t\t\t\t\t<div class=\"title-wrapper set-mb-s reset-last-child wd-title-color-default wd-title-style-default wd-title-size-default text-center\">\n\n\t\t\t\t\t\t\t<div class=\"title-subtitle subtitle-color-default subtitle-style-default wd-fontsize-xs\">\n\t\t\t\t\tDuraci\u00f3n de la hospitalizaci\u00f3n\t\t\t\t<\/div>\n\t\t\t\n\t\t\t<div class=\"liner-continer\">\n\t\t\t\t<p class=\"woodmart-title-container title wd-fontsize-l\">1 d\u00eda<\/p> \n\t\t\t\t\t\t\t<\/div>\n\n\t\t\t\t\t<\/div>\n\t\t\t\t\t\t<\/div>\n\t\t\t\t<\/div>\n\t\t\t\t<\/div>\n\t\t<div class=\"elementor-element elementor-element-264efc3f e-con-full e-flex e-con e-child\" data-id=\"264efc3f\" data-element_type=\"container\">\n\t\t\t\t<div class=\"elementor-element elementor-element-4800436e wd-width-100 elementor-widget elementor-widget-wd_title\" data-id=\"4800436e\" data-element_type=\"widget\" data-widget_type=\"wd_title.default\">\n\t\t\t\t<div class=\"elementor-widget-container\">\n\t\t\t\t\t\t\t<div class=\"title-wrapper set-mb-s reset-last-child wd-title-color-default wd-title-style-default wd-title-size-default text-center\">\n\n\t\t\t\t\t\t\t<div class=\"title-subtitle subtitle-color-default subtitle-style-default wd-fontsize-xs\">\n\t\t\t\t\tDuraci\u00f3n de la operaci\u00f3n\t\t\t\t<\/div>\n\t\t\t\n\t\t\t<div class=\"liner-continer\">\n\t\t\t\t<p class=\"woodmart-title-container title wd-fontsize-l\">2-4 horas<\/p> \n\t\t\t\t\t\t\t<\/div>\n\n\t\t\t\t\t<\/div>\n\t\t\t\t\t\t<\/div>\n\t\t\t\t<\/div>\n\t\t\t\t<\/div>\n\t\t<div class=\"elementor-element elementor-element-3d0368ae e-con-full e-flex e-con e-child\" data-id=\"3d0368ae\" data-element_type=\"container\">\n\t\t\t\t<div class=\"elementor-element elementor-element-2b1ee3fb wd-width-100 elementor-widget elementor-widget-wd_title\" data-id=\"2b1ee3fb\" data-element_type=\"widget\" data-widget_type=\"wd_title.default\">\n\t\t\t\t<div class=\"elementor-widget-container\">\n\t\t\t\t\t\t\t<div class=\"title-wrapper set-mb-s reset-last-child wd-title-color-default wd-title-style-default wd-title-size-default text-center\">\n\n\t\t\t\t\t\t\t<div class=\"title-subtitle subtitle-color-default subtitle-style-default wd-fontsize-xs\">\n\t\t\t\t\tTipo de anestesia\t\t\t\t<\/div>\n\t\t\t\n\t\t\t<div class=\"liner-continer\">\n\t\t\t\t<p class=\"woodmart-title-container title wd-fontsize-l\">Anestesia general<\/p> \n\t\t\t\t\t\t\t<\/div>\n\n\t\t\t\t\t<\/div>\n\t\t\t\t\t\t<\/div>\n\t\t\t\t<\/div>\n\t\t\t\t<\/div>\n\t\t<div class=\"elementor-element elementor-element-33ea24e0 e-con-full e-flex e-con e-child\" data-id=\"33ea24e0\" data-element_type=\"container\">\n\t\t\t\t<div class=\"elementor-element elementor-element-18361fec wd-width-100 elementor-widget elementor-widget-wd_title\" data-id=\"18361fec\" data-element_type=\"widget\" data-widget_type=\"wd_title.default\">\n\t\t\t\t<div class=\"elementor-widget-container\">\n\t\t\t\t\t\t\t<div class=\"title-wrapper set-mb-s reset-last-child wd-title-color-default wd-title-style-default wd-title-size-default text-center\">\n\n\t\t\t\t\t\t\t<div class=\"title-subtitle subtitle-color-default subtitle-style-default wd-fontsize-xs\">\n\t\t\t\t\tTiempo de recuperaci\u00f3n\t\t\t\t<\/div>\n\t\t\t\n\t\t\t<div class=\"liner-continer\">\n\t\t\t\t<p class=\"woodmart-title-container title wd-fontsize-l\">1-2 semanas<\/p> \n\t\t\t\t\t\t\t<\/div>\n\n\t\t\t\t\t<\/div>\n\t\t\t\t\t\t<\/div>\n\t\t\t\t<\/div>\n\t\t\t\t<\/div>\n\t\t\t\t\t<\/div>\n\t\t\t\t<\/div>\n\t\t<div class=\"wd-negative-gap elementor-element elementor-element-d4c45e3 e-flex e-con-boxed e-con e-parent\" data-id=\"d4c45e3\" data-element_type=\"container\">\n\t\t\t\t\t<div class=\"e-con-inner\">\n\t\t\t\t<div class=\"elementor-element elementor-element-a1b6939 color-scheme-inherit text-left elementor-widget elementor-widget-text-editor\" data-id=\"a1b6939\" data-element_type=\"widget\" data-widget_type=\"text-editor.default\">\n\t\t\t\t<div class=\"elementor-widget-container\">\n\t\t\t\t\t\t\t\t\t<p><span style=\"font-weight: 400;\">El Bypass G\u00e1strico, como opci\u00f3n quir\u00fargica eficaz en el tratamiento de la obesidad, es un procedimiento que tiene como objetivo conseguir una p\u00e9rdida de peso saludable. Esta cirug\u00eda, al reducir el tama\u00f1o del est\u00f3mago y conectarlo con el intestino delgado, permite absorber menos calor\u00edas y lograr as\u00ed una r\u00e1pida p\u00e9rdida de peso. Sin embargo, el Bypass G\u00e1strico puede ayudar a reducir no s\u00f3lo la p\u00e9rdida de peso, sino tambi\u00e9n los problemas de salud que se desarrollan debido a la obesidad. Este proceso permite obtener resultados a largo plazo con una nutrici\u00f3n adecuada, cambios en el estilo de vida y un seguimiento regular.\u00a0<\/span><\/p><h2><span style=\"font-weight: 400;\">\u00bfQu\u00e9 es el bypass g\u00e1strico y para qui\u00e9n es adecuado?<\/span><\/h2><p><span style=\"font-weight: 400;\">El bypass g\u00e1strico es un m\u00e9todo de intervenci\u00f3n quir\u00fargica eficaz en el tratamiento de la obesidad. Este procedimiento acelera la digesti\u00f3n reduciendo el est\u00f3mago y estableciendo una conexi\u00f3n directa con el intestino delgado. El bypass g\u00e1strico est\u00e1 especialmente indicado para personas con obesidad m\u00f3rbida, que no pueden perder peso con dieta y ejercicio y tienen graves problemas de salud. El objetivo de la cirug\u00eda es conseguir una p\u00e9rdida de peso permanente para llevar una vida m\u00e1s sana.<\/span><\/p><h2><span style=\"font-weight: 400;\">\u00bfC\u00f3mo se realiza la cirug\u00eda de bypass g\u00e1strico?<\/span><\/h2><p><span style=\"font-weight: 400;\">El bypass g\u00e1strico suele realizarse por v\u00eda laparosc\u00f3pica (cerrada). En este m\u00e9todo se realizan peque\u00f1as incisiones en el abdomen y la intervenci\u00f3n se lleva a cabo con instrumentos especiales. El est\u00f3mago se convierte en una peque\u00f1a bolsa y \u00e9sta se une al intestino delgado. De este modo, se modifica el paso de los alimentos, por lo que se absorben menos calor\u00edas y se consigue perder peso. El m\u00e9todo laparosc\u00f3pico ofrece una recuperaci\u00f3n m\u00e1s r\u00e1pida y un menor riesgo de infecci\u00f3n.<\/span><\/p><h2><span style=\"font-weight: 400;\">\u00bfQu\u00e9 cambios se producen despu\u00e9s de un bypass g\u00e1strico?<\/span><\/h2><p><span style=\"font-weight: 400;\">Tras el bypass g\u00e1strico, se observan cambios tanto f\u00edsicos como psicol\u00f3gicos. En primer lugar, se siente saturaci\u00f3n con menos comida al reducirse el est\u00f3mago. Adem\u00e1s, los pacientes deben ser m\u00e1s cuidadosos en la elecci\u00f3n de los alimentos y mantener una dieta sana y equilibrada. El postoperatorio es un hito importante para perder peso y llevar una vida m\u00e1s sana. Sin embargo, es necesario un seguimiento regular y cambios en el estilo de vida para el \u00e9xito a largo plazo de este proceso.<\/span><\/p><h2><span style=\"font-weight: 400;\">Proceso de preparaci\u00f3n antes de la cirug\u00eda de bypass g\u00e1strico<\/span><\/h2><p><span style=\"font-weight: 400;\">Antes de someterse a la cirug\u00eda de bypass g\u00e1strico, los pacientes deben someterse a una evaluaci\u00f3n m\u00e9dica exhaustiva. Un examen f\u00edsico, an\u00e1lisis de sangre y algunas t\u00e9cnicas de imagen determinan si el paciente es apto para la intervenci\u00f3n quir\u00fargica. Adem\u00e1s, tambi\u00e9n es necesario un asesoramiento psicol\u00f3gico para determinar si el paciente est\u00e1 mentalmente preparado para este gran cambio. Antes de la operaci\u00f3n, el dietista y el cirujano proporcionan informaci\u00f3n detallada sobre el proceso de preparaci\u00f3n.<\/span><\/p><h2><span style=\"font-weight: 400;\">\u00bfCu\u00e1nto dura un bypass g\u00e1strico?<\/span><\/h2><p><span style=\"font-weight: 400;\">La cirug\u00eda de bypass g\u00e1strico suele durar entre 1,5 y 3 horas. Este tiempo puede variar en funci\u00f3n del estado general de salud del paciente, la experiencia del cirujano y los m\u00e9todos utilizados. En el procedimiento realizado con t\u00e9cnica laparosc\u00f3pica, el tiempo de recuperaci\u00f3n puede ser menor. Tras la operaci\u00f3n, los pacientes suelen permanecer en el hospital unos d\u00edas y luego empiezan a descansar en casa.<\/span><\/p><h2><span style=\"font-weight: 400;\">Precios y opciones de pago del bypass g\u00e1strico<\/span><\/h2><p><span style=\"font-weight: 400;\">Los precios del bypass g\u00e1strico pueden variar en funci\u00f3n de la experiencia del cirujano, la tecnolog\u00eda utilizada y la ubicaci\u00f3n del hospital. Por lo general, el precio de la intervenci\u00f3n incluye la hospitalizaci\u00f3n, los medicamentos y los servicios de seguimiento. Se ofrecen varias opciones de pago, y algunas cl\u00ednicas tambi\u00e9n pueden estar concertadas con seguros m\u00e9dicos privados. Es importante ponerse en contacto con el hospital para obtener informaci\u00f3n detallada.<\/span><\/p><h2><span style=\"font-weight: 400;\">P\u00e9rdida de peso r\u00e1pida y resultados duraderos con el bypass g\u00e1strico<\/span><\/h2><p><span style=\"font-weight: 400;\">El bypass g\u00e1strico es un m\u00e9todo eficaz que permite perder peso r\u00e1pidamente. Tras la intervenci\u00f3n, los pacientes suelen perder una gran cantidad de peso en el primer a\u00f1o. Sin embargo, para que esta p\u00e9rdida sea permanente son necesarios unos h\u00e1bitos alimentarios adecuados y ejercicio regular. El bypass g\u00e1strico no s\u00f3lo permite perder peso, sino que tambi\u00e9n puede reducir los problemas de salud relacionados con la obesidad, como las cardiopat\u00edas o la diabetes.<\/span><\/p><h2><span style=\"font-weight: 400;\">Riesgos y posibles efectos secundarios del bypass g\u00e1strico<\/span><\/h2><p><span style=\"font-weight: 400;\">Como cualquier intervenci\u00f3n quir\u00fargica, el bypass g\u00e1strico conlleva algunos riesgos. Entre ellos, infecci\u00f3n, hemorragia, reacciones a la anestesia y obstrucci\u00f3n intestinal. Adem\u00e1s, algunos pacientes pueden sufrir deficiencias vitam\u00ednicas. Sin embargo, estos riesgos pueden minimizarse con la experiencia del cirujano y unos cuidados postoperatorios adecuados. Un seguimiento m\u00e9dico regular tras el bypass g\u00e1strico es importante para la salud a largo plazo.<\/span><\/p><h2><span style=\"font-weight: 400;\">Plan de nutrici\u00f3n y dieta tras un bypass g\u00e1strico<\/span><\/h2><p><span style=\"font-weight: 400;\">La nutrici\u00f3n despu\u00e9s del bypass g\u00e1strico es un factor cr\u00edtico para la sostenibilidad de la p\u00e9rdida de peso. La dieta, que comienza con alimentos l\u00edquidos en el primer periodo, cambia a alimentos s\u00f3lidos con el tiempo. Es necesario comer despacio, controlar las porciones y preferir alimentos nutritivos. Su dietista le preparar\u00e1 un plan personalizado y le ayudar\u00e1 a perder peso de forma saludable.<\/span><\/p><h2><span style=\"font-weight: 400;\">\u00bfCu\u00e1nto tiempo hace perder peso la cirug\u00eda de bypass g\u00e1strico?<\/span><\/h2><p><span style=\"font-weight: 400;\">Aunque la p\u00e9rdida de peso tras un bypass g\u00e1strico var\u00eda en funci\u00f3n de factores personales, suele observarse una r\u00e1pida p\u00e9rdida de peso en los primeros 6 meses. En los seguimientos anuales, se persigue una p\u00e9rdida de peso saludable.<\/span><\/p><h2><span style=\"font-weight: 400;\">\u00bfPuedo hacer deporte despu\u00e9s de un bypass g\u00e1strico?<\/span><\/h2><p><span style=\"font-weight: 400;\">En las primeras semanas, se recomienda evitar el ejercicio intenso. Sin embargo, una vez finalizado el proceso de cicatrizaci\u00f3n, el ejercicio regular favorece la p\u00e9rdida de peso.<\/span><\/p>\t\t\t\t\t\t\t\t<\/div>\n\t\t\t\t<\/div>\n\t\t\t\t\t<\/div>\n\t\t\t\t<\/div>\n\t\t\t\t<\/div>","protected":false},"excerpt":{"rendered":"<p>Ortalama Kal\u0131\u015f S\u00fcresi 7 G\u00fcn Hastanede Yat\u0131\u015f S\u00fcresi 1 G\u00fcn Operasyon S\u00fcresi 2-4 Saat Anestezi T\u00fcr\u00fc Genel Anestezi \u0130yile\u015fme S\u00fcresi<\/p>","protected":false},"author":1,"featured_media":0,"parent":0,"menu_order":0,"comment_status":"closed","ping_status":"closed","template":"","meta":{"footnotes":""},"class_list":["post-27885","page","type-page","status-publish","hentry"],"_links":{"self":[{"href":"https:\/\/westestetik.com\/es\/wp-json\/wp\/v2\/pages\/27885","targetHints":{"allow":["GET"]}}],"collection":[{"href":"https:\/\/westestetik.com\/es\/wp-json\/wp\/v2\/pages"}],"about":[{"href":"https:\/\/westestetik.com\/es\/wp-json\/wp\/v2\/types\/page"}],"author":[{"embeddable":true,"href":"https:\/\/westestetik.com\/es\/wp-json\/wp\/v2\/users\/1"}],"replies":[{"embeddable":true,"href":"https:\/\/westestetik.com\/es\/wp-json\/wp\/v2\/comments?post=27885"}],"version-history":[{"count":10,"href":"https:\/\/westestetik.com\/es\/wp-json\/wp\/v2\/pages\/27885\/revisions"}],"predecessor-version":[{"id":29010,"href":"https:\/\/westestetik.com\/es\/wp-json\/wp\/v2\/pages\/27885\/revisions\/29010"}],"wp:attachment":[{"href":"https:\/\/westestetik.com\/es\/wp-json\/wp\/v2\/media?parent=27885"}],"curies":[{"name":"wp","href":"https:\/\/api.w.org\/{rel}","templated":true}]}}