{"id":27883,"date":"2024-12-02T23:34:02","date_gmt":"2024-12-02T23:34:02","guid":{"rendered":"https:\/\/westestetik.com\/?page_id=27883"},"modified":"2024-12-26T14:56:41","modified_gmt":"2024-12-26T14:56:41","slug":"globo-estomacal","status":"publish","type":"page","link":"https:\/\/westestetik.com\/es\/globo-estomacal\/","title":{"rendered":"Globo estomacal"},"content":{"rendered":"<div data-elementor-type=\"wp-page\" data-elementor-id=\"27883\" class=\"elementor elementor-27883\" data-elementor-post-type=\"page\">\n\t\t\t\t<div class=\"elementor-element elementor-element-3e790eba e-con-full elementor-hidden-mobile e-flex e-con e-parent\" data-id=\"3e790eba\" data-element_type=\"container\">\n\t\t<div class=\"elementor-element elementor-element-a0e19eb e-con-full e-flex e-con e-child\" data-id=\"a0e19eb\" data-element_type=\"container\">\n\t\t\t\t<div class=\"elementor-element elementor-element-13fefb9c elementor-widget elementor-widget-image\" data-id=\"13fefb9c\" data-element_type=\"widget\" data-widget_type=\"image.default\">\n\t\t\t\t<div class=\"elementor-widget-container\">\n\t\t\t\t\t\t\t\t\t\t\t\t\t\t\t<img decoding=\"async\" width=\"100\" height=\"100\" src=\"https:\/\/westestetik.com\/wp-content\/uploads\/2024\/12\/1-4.png\" class=\"attachment-large size-large wp-image-28814\" alt=\"\" srcset=\"https:\/\/westestetik.com\/wp-content\/uploads\/2024\/12\/1-4.png 100w, https:\/\/westestetik.com\/wp-content\/uploads\/2024\/12\/1-4-12x12.png 12w\" sizes=\"(max-width: 100px) 100vw, 100px\" \/>\t\t\t\t\t\t\t\t\t\t\t\t\t\t\t<\/div>\n\t\t\t\t<\/div>\n\t\t\t\t<\/div>\n\t\t<div class=\"elementor-element elementor-element-50607cbe e-con-full e-flex e-con e-child\" data-id=\"50607cbe\" data-element_type=\"container\">\n\t\t\t\t<div class=\"elementor-element elementor-element-1ebc3e83 elementor-widget elementor-widget-image\" data-id=\"1ebc3e83\" data-element_type=\"widget\" data-widget_type=\"image.default\">\n\t\t\t\t<div class=\"elementor-widget-container\">\n\t\t\t\t\t\t\t\t\t\t\t\t\t\t\t<img decoding=\"async\" width=\"100\" height=\"100\" src=\"https:\/\/westestetik.com\/wp-content\/uploads\/2024\/12\/2-5.png\" class=\"attachment-large size-large wp-image-28815\" alt=\"\" srcset=\"https:\/\/westestetik.com\/wp-content\/uploads\/2024\/12\/2-5.png 100w, https:\/\/westestetik.com\/wp-content\/uploads\/2024\/12\/2-5-12x12.png 12w\" sizes=\"(max-width: 100px) 100vw, 100px\" \/>\t\t\t\t\t\t\t\t\t\t\t\t\t\t\t<\/div>\n\t\t\t\t<\/div>\n\t\t\t\t<\/div>\n\t\t<div class=\"elementor-element elementor-element-a8789f5 e-con-full e-flex e-con e-child\" data-id=\"a8789f5\" data-element_type=\"container\">\n\t\t\t\t<div class=\"elementor-element elementor-element-52870381 elementor-widget elementor-widget-image\" data-id=\"52870381\" data-element_type=\"widget\" data-widget_type=\"image.default\">\n\t\t\t\t<div class=\"elementor-widget-container\">\n\t\t\t\t\t\t\t\t\t\t\t\t\t\t\t<img decoding=\"async\" width=\"100\" height=\"100\" src=\"https:\/\/westestetik.com\/wp-content\/uploads\/2024\/12\/3-1.png\" class=\"attachment-large size-large wp-image-28816\" alt=\"\" srcset=\"https:\/\/westestetik.com\/wp-content\/uploads\/2024\/12\/3-1.png 100w, https:\/\/westestetik.com\/wp-content\/uploads\/2024\/12\/3-1-12x12.png 12w\" sizes=\"(max-width: 100px) 100vw, 100px\" \/>\t\t\t\t\t\t\t\t\t\t\t\t\t\t\t<\/div>\n\t\t\t\t<\/div>\n\t\t\t\t<\/div>\n\t\t<div class=\"elementor-element elementor-element-7bc532ff e-con-full e-flex e-con e-child\" data-id=\"7bc532ff\" data-element_type=\"container\">\n\t\t\t\t<div class=\"elementor-element elementor-element-55b6eec3 elementor-widget elementor-widget-image\" data-id=\"55b6eec3\" data-element_type=\"widget\" data-widget_type=\"image.default\">\n\t\t\t\t<div class=\"elementor-widget-container\">\n\t\t\t\t\t\t\t\t\t\t\t\t\t\t\t<img loading=\"lazy\" decoding=\"async\" width=\"100\" height=\"100\" src=\"https:\/\/westestetik.com\/wp-content\/uploads\/2024\/12\/4-1.png\" class=\"attachment-large size-large wp-image-28817\" alt=\"\" srcset=\"https:\/\/westestetik.com\/wp-content\/uploads\/2024\/12\/4-1.png 100w, https:\/\/westestetik.com\/wp-content\/uploads\/2024\/12\/4-1-12x12.png 12w\" sizes=\"(max-width: 100px) 100vw, 100px\" \/>\t\t\t\t\t\t\t\t\t\t\t\t\t\t\t<\/div>\n\t\t\t\t<\/div>\n\t\t\t\t<\/div>\n\t\t<div class=\"elementor-element elementor-element-f702709 e-con-full e-flex e-con e-child\" data-id=\"f702709\" data-element_type=\"container\">\n\t\t\t\t<div class=\"elementor-element elementor-element-62da05b9 elementor-widget elementor-widget-image\" data-id=\"62da05b9\" data-element_type=\"widget\" data-widget_type=\"image.default\">\n\t\t\t\t<div class=\"elementor-widget-container\">\n\t\t\t\t\t\t\t\t\t\t\t\t\t\t\t<img loading=\"lazy\" decoding=\"async\" width=\"100\" height=\"100\" src=\"https:\/\/westestetik.com\/wp-content\/uploads\/2024\/12\/5-1.png\" class=\"attachment-large size-large wp-image-28818\" alt=\"\" srcset=\"https:\/\/westestetik.com\/wp-content\/uploads\/2024\/12\/5-1.png 100w, https:\/\/westestetik.com\/wp-content\/uploads\/2024\/12\/5-1-12x12.png 12w\" sizes=\"(max-width: 100px) 100vw, 100px\" \/>\t\t\t\t\t\t\t\t\t\t\t\t\t\t\t<\/div>\n\t\t\t\t<\/div>\n\t\t\t\t<\/div>\n\t\t\t\t<\/div>\n\t\t<div class=\"wd-negative-gap elementor-element elementor-element-724f67ab elementor-hidden-mobile e-flex e-con-boxed e-con e-parent\" data-id=\"724f67ab\" data-element_type=\"container\">\n\t\t\t\t\t<div class=\"e-con-inner\">\n\t\t<div class=\"elementor-element elementor-element-37587f52 e-con-full e-flex e-con e-child\" data-id=\"37587f52\" data-element_type=\"container\">\n\t\t\t\t<div class=\"elementor-element elementor-element-30610ef2 wd-width-100 elementor-widget elementor-widget-wd_title\" data-id=\"30610ef2\" data-element_type=\"widget\" data-widget_type=\"wd_title.default\">\n\t\t\t\t<div class=\"elementor-widget-container\">\n\t\t\t\t\t\t\t<div class=\"title-wrapper set-mb-s reset-last-child wd-title-color-default wd-title-style-default wd-title-size-default text-center\">\n\n\t\t\t\t\t\t\t<div class=\"title-subtitle subtitle-color-default subtitle-style-default wd-fontsize-xs\">\n\t\t\t\t\tDuraci\u00f3n media de la estancia\t\t\t\t<\/div>\n\t\t\t\n\t\t\t<div class=\"liner-continer\">\n\t\t\t\t<p class=\"woodmart-title-container title wd-fontsize-l\">7 d\u00edas<\/p> \n\t\t\t\t\t\t\t<\/div>\n\n\t\t\t\t\t<\/div>\n\t\t\t\t\t\t<\/div>\n\t\t\t\t<\/div>\n\t\t\t\t<\/div>\n\t\t<div class=\"elementor-element elementor-element-1843fd59 e-con-full e-flex e-con e-child\" data-id=\"1843fd59\" data-element_type=\"container\">\n\t\t\t\t<div class=\"elementor-element elementor-element-33db36ce wd-width-100 elementor-widget elementor-widget-wd_title\" data-id=\"33db36ce\" data-element_type=\"widget\" data-widget_type=\"wd_title.default\">\n\t\t\t\t<div class=\"elementor-widget-container\">\n\t\t\t\t\t\t\t<div class=\"title-wrapper set-mb-s reset-last-child wd-title-color-default wd-title-style-default wd-title-size-default text-center\">\n\n\t\t\t\t\t\t\t<div class=\"title-subtitle subtitle-color-default subtitle-style-default wd-fontsize-xs\">\n\t\t\t\t\tDuraci\u00f3n de la hospitalizaci\u00f3n\t\t\t\t<\/div>\n\t\t\t\n\t\t\t<div class=\"liner-continer\">\n\t\t\t\t<p class=\"woodmart-title-container title wd-fontsize-l\">1 d\u00eda<\/p> \n\t\t\t\t\t\t\t<\/div>\n\n\t\t\t\t\t<\/div>\n\t\t\t\t\t\t<\/div>\n\t\t\t\t<\/div>\n\t\t\t\t<\/div>\n\t\t<div class=\"elementor-element elementor-element-1ad5f899 e-con-full e-flex e-con e-child\" data-id=\"1ad5f899\" data-element_type=\"container\">\n\t\t\t\t<div class=\"elementor-element elementor-element-6a9e5250 wd-width-100 elementor-widget elementor-widget-wd_title\" data-id=\"6a9e5250\" data-element_type=\"widget\" data-widget_type=\"wd_title.default\">\n\t\t\t\t<div class=\"elementor-widget-container\">\n\t\t\t\t\t\t\t<div class=\"title-wrapper set-mb-s reset-last-child wd-title-color-default wd-title-style-default wd-title-size-default text-center\">\n\n\t\t\t\t\t\t\t<div class=\"title-subtitle subtitle-color-default subtitle-style-default wd-fontsize-xs\">\n\t\t\t\t\tDuraci\u00f3n de la operaci\u00f3n\t\t\t\t<\/div>\n\t\t\t\n\t\t\t<div class=\"liner-continer\">\n\t\t\t\t<p class=\"woodmart-title-container title wd-fontsize-l\">2-4 horas<\/p> \n\t\t\t\t\t\t\t<\/div>\n\n\t\t\t\t\t<\/div>\n\t\t\t\t\t\t<\/div>\n\t\t\t\t<\/div>\n\t\t\t\t<\/div>\n\t\t<div class=\"elementor-element elementor-element-20966e9f e-con-full e-flex e-con e-child\" data-id=\"20966e9f\" data-element_type=\"container\">\n\t\t\t\t<div class=\"elementor-element elementor-element-1e8777ca wd-width-100 elementor-widget elementor-widget-wd_title\" data-id=\"1e8777ca\" data-element_type=\"widget\" data-widget_type=\"wd_title.default\">\n\t\t\t\t<div class=\"elementor-widget-container\">\n\t\t\t\t\t\t\t<div class=\"title-wrapper set-mb-s reset-last-child wd-title-color-default wd-title-style-default wd-title-size-default text-center\">\n\n\t\t\t\t\t\t\t<div class=\"title-subtitle subtitle-color-default subtitle-style-default wd-fontsize-xs\">\n\t\t\t\t\tTipo de anestesia\t\t\t\t<\/div>\n\t\t\t\n\t\t\t<div class=\"liner-continer\">\n\t\t\t\t<p class=\"woodmart-title-container title wd-fontsize-l\">Anestesia general<\/p> \n\t\t\t\t\t\t\t<\/div>\n\n\t\t\t\t\t<\/div>\n\t\t\t\t\t\t<\/div>\n\t\t\t\t<\/div>\n\t\t\t\t<\/div>\n\t\t<div class=\"elementor-element elementor-element-5bc7bc91 e-con-full e-flex e-con e-child\" data-id=\"5bc7bc91\" data-element_type=\"container\">\n\t\t\t\t<div class=\"elementor-element elementor-element-1cbcd14b wd-width-100 elementor-widget elementor-widget-wd_title\" data-id=\"1cbcd14b\" data-element_type=\"widget\" data-widget_type=\"wd_title.default\">\n\t\t\t\t<div class=\"elementor-widget-container\">\n\t\t\t\t\t\t\t<div class=\"title-wrapper set-mb-s reset-last-child wd-title-color-default wd-title-style-default wd-title-size-default text-center\">\n\n\t\t\t\t\t\t\t<div class=\"title-subtitle subtitle-color-default subtitle-style-default wd-fontsize-xs\">\n\t\t\t\t\tTiempo de recuperaci\u00f3n\t\t\t\t<\/div>\n\t\t\t\n\t\t\t<div class=\"liner-continer\">\n\t\t\t\t<p class=\"woodmart-title-container title wd-fontsize-l\">1-2 semanas<\/p> \n\t\t\t\t\t\t\t<\/div>\n\n\t\t\t\t\t<\/div>\n\t\t\t\t\t\t<\/div>\n\t\t\t\t<\/div>\n\t\t\t\t<\/div>\n\t\t\t\t\t<\/div>\n\t\t\t\t<\/div>\n\t\t<div class=\"wd-negative-gap elementor-element elementor-element-a2b8a58 e-flex e-con-boxed e-con e-parent\" data-id=\"a2b8a58\" data-element_type=\"container\">\n\t\t\t\t\t<div class=\"e-con-inner\">\n\t\t\t\t<div class=\"elementor-element elementor-element-f5179ce color-scheme-inherit text-left elementor-widget elementor-widget-text-editor\" data-id=\"f5179ce\" data-element_type=\"widget\" data-widget_type=\"text-editor.default\">\n\t\t\t\t<div class=\"elementor-widget-container\">\n\t\t\t\t\t\t\t\t\t<p><span style=\"font-weight: 400;\">El bal\u00f3n g\u00e1strico ofrece una soluci\u00f3n eficaz para quienes desean acelerar el proceso de p\u00e9rdida de peso y adoptar un estilo de vida m\u00e1s saludable. Es un m\u00e9todo ideal sobre todo para las personas que no desean una intervenci\u00f3n quir\u00fargica pero tienen dificultades para perder peso. El bal\u00f3n, que se coloca por v\u00eda endosc\u00f3pica en el est\u00f3mago, proporciona una sensaci\u00f3n de saturaci\u00f3n m\u00e1s r\u00e1pida al estrechar el volumen del est\u00f3mago, lo que ayuda a sentirse lleno con menos comida. La aplicaci\u00f3n del bal\u00f3n g\u00e1strico no es s\u00f3lo un m\u00e9todo de adelgazamiento, sino tambi\u00e9n el primer paso para adoptar un estilo de vida saludable.<\/span><\/p><h2><span style=\"font-weight: 400;\">\u00bfQu\u00e9 es un bal\u00f3n g\u00e1strico y c\u00f3mo funciona?<\/span><\/h2><p><span style=\"font-weight: 400;\">El bal\u00f3n g\u00e1strico es un m\u00e9todo de adelgazamiento que se aplica a personas con problemas de sobrepeso para perder peso m\u00e1s f\u00e1cilmente. El bal\u00f3n colocado en el est\u00f3mago mediante un procedimiento endosc\u00f3pico estrecha el volumen del est\u00f3mago y crea una sensaci\u00f3n de saciedad con menos comida. Esto reduce significativamente la cantidad de comida ingerida y favorece la p\u00e9rdida de peso. La aplicaci\u00f3n del bal\u00f3n g\u00e1strico es una alternativa ideal para aquellas personas que generalmente no quieren recurrir a una intervenci\u00f3n quir\u00fargica.<\/span><\/p><h2><span style=\"font-weight: 400;\">\u00bfPara qui\u00e9n es adecuado el Bal\u00f3n G\u00e1strico?<\/span><\/h2><p><span style=\"font-weight: 400;\">El bal\u00f3n g\u00e1strico es adecuado para personas que luchan contra la obesidad y no son aptas para una intervenci\u00f3n quir\u00fargica. En general, es preferible para personas con un \u00edndice de masa corporal (IMC) entre 30-40. Adem\u00e1s, las personas que quieren perder peso de forma saludable pero no pueden conseguirlo con dieta y ejercicio tambi\u00e9n pueden preferir la aplicaci\u00f3n del bal\u00f3n g\u00e1strico. Sin embargo, es importante mantener una conversaci\u00f3n detallada con su m\u00e9dico para determinar si el bal\u00f3n g\u00e1strico es adecuado.<\/span><\/p><h2><span style=\"font-weight: 400;\">\u00bfCu\u00e1nto dura el procedimiento del bal\u00f3n g\u00e1strico?<\/span><\/h2><p><span style=\"font-weight: 400;\">La aplicaci\u00f3n del bal\u00f3n g\u00e1strico suele durar entre 20 y 30 minutos. El procedimiento se realiza por v\u00eda endosc\u00f3pica bajo anestesia local o sedaci\u00f3n. Durante este procedimiento, el bal\u00f3n se inserta en el est\u00f3mago y luego se infla con l\u00edquido. Tras el procedimiento, los pacientes permanecen en observaci\u00f3n durante unas horas y la mayor\u00eda de las personas pueden ser dadas de alta el mismo d\u00eda.<\/span><\/p><h2><span style=\"font-weight: 400;\">\u00bfC\u00f3mo se pierde peso con el bal\u00f3n g\u00e1strico?<\/span><\/h2><p><span style=\"font-weight: 400;\">El bal\u00f3n g\u00e1strico proporciona una p\u00e9rdida de peso m\u00e1s r\u00e1pida y eficaz al restringir la cantidad de alimentos que se ingieren. El bal\u00f3n colocado en el est\u00f3mago hace que las comidas se sientan saturadas m\u00e1s r\u00e1pidamente, lo que hace que las personas ingieran menos calor\u00edas. Adem\u00e1s, el bal\u00f3n g\u00e1strico puede ayudar a las personas a adoptar h\u00e1bitos alimentarios saludables al reducir la sensaci\u00f3n de hambre. La p\u00e9rdida de peso suele ser evidente en los primeros meses.<\/span><\/p><h2><span style=\"font-weight: 400;\">\u00bfEs dolorosa la aplicaci\u00f3n del bal\u00f3n g\u00e1strico?<\/span><\/h2><p><span style=\"font-weight: 400;\">La aplicaci\u00f3n del bal\u00f3n g\u00e1strico no suele ser dolorosa. Se realiza bajo anestesia local o sedaci\u00f3n, lo que hace que el procedimiento sea indoloro. Sin embargo, algunos pacientes pueden experimentar n\u00e1useas, hinchaz\u00f3n o molestias leves despu\u00e9s del procedimiento. Estos s\u00edntomas suelen desaparecer en poco tiempo. Es importante que se ponga en contacto con su m\u00e9dico en caso de dolor o molestias.<\/span><\/p><h2><span style=\"font-weight: 400;\">\u00bfCu\u00e1nto peso puedo perder con el bal\u00f3n g\u00e1strico?<\/span><\/h2><p><span style=\"font-weight: 400;\">La p\u00e9rdida de peso con la aplicaci\u00f3n del bal\u00f3n g\u00e1strico var\u00eda de una persona a otra. Sin embargo, por t\u00e9rmino medio, se puede conseguir una p\u00e9rdida de peso de 15-25 kilos en un a\u00f1o. La p\u00e9rdida de peso puede aumentar a\u00fan m\u00e1s dependiendo de los programas de dieta y ejercicio que sigan las personas. El bal\u00f3n g\u00e1strico permite una p\u00e9rdida de peso permanente cuando se apoya en un estilo de vida saludable.<\/span><\/p><h2><span style=\"font-weight: 400;\">\u00bfC\u00f3mo debe ser la nutrici\u00f3n despu\u00e9s del bal\u00f3n g\u00e1strico?<\/span><\/h2><p><span style=\"font-weight: 400;\">La nutrici\u00f3n despu\u00e9s del bal\u00f3n g\u00e1strico es muy importante. En los primeros d\u00edas, la alimentaci\u00f3n con alimentos l\u00edquidos acelera el proceso de curaci\u00f3n sin forzar el est\u00f3mago. A continuaci\u00f3n, se pueden consumir lentamente alimentos en pur\u00e9 y despu\u00e9s alimentos s\u00f3lidos. En el proceso de p\u00e9rdida de peso con bal\u00f3n g\u00e1strico, es importante comer comidas regulares y saludables en peque\u00f1as porciones. Adem\u00e1s, evitar los alimentos demasiado grasos y azucarados puede acelerar la p\u00e9rdida de peso.<\/span><\/p><h2><span style=\"font-weight: 400;\">\u00bfQu\u00e9 efectos secundarios pueden aparecer tras la aplicaci\u00f3n del bal\u00f3n g\u00e1strico?<\/span><\/h2><p><span style=\"font-weight: 400;\">Pueden producirse algunos efectos secundarios tras la aplicaci\u00f3n del bal\u00f3n g\u00e1strico. Los efectos secundarios m\u00e1s comunes incluyen n\u00e1useas, hinchaz\u00f3n e indigesti\u00f3n. Estos efectos secundarios suelen desaparecer a los pocos d\u00edas. Adem\u00e1s, algunas personas pueden experimentar un leve dolor abdominal durante la colocaci\u00f3n del bal\u00f3n g\u00e1strico. Sin embargo, estos efectos son temporales y suelen desaparecer con el tratamiento.<\/span><\/p><h2><span style=\"font-weight: 400;\">\u00bfCu\u00e1l es el precio de la aplicaci\u00f3n del Bal\u00f3n G\u00e1strico?<\/span><\/h2><p><span style=\"font-weight: 400;\">Los precios del bal\u00f3n g\u00e1strico pueden variar en funci\u00f3n de la cl\u00ednica y la regi\u00f3n donde se realice la aplicaci\u00f3n. El precio puede variar seg\u00fan el tipo de bal\u00f3n utilizado, la experiencia del m\u00e9dico y los servicios ofrecidos en la cl\u00ednica. Para obtener informaci\u00f3n detallada, se recomienda hablar con tu m\u00e9dico sobre el precio.<\/span><\/p><h2><span style=\"font-weight: 400;\">\u00bfDurante cu\u00e1nto tiempo se coloca el bal\u00f3n g\u00e1strico?<\/span><\/h2><p><span style=\"font-weight: 400;\">El bal\u00f3n g\u00e1strico suele permanecer en el est\u00f3mago entre 6 y 12 meses. Este periodo puede determinarse en funci\u00f3n de los objetivos de p\u00e9rdida de peso de la persona. Cuando el bal\u00f3n g\u00e1strico caduca, el bal\u00f3n se retira mediante un m\u00e9todo endosc\u00f3pico. Tras la retirada del bal\u00f3n, es importante que las personas contin\u00faen con un estilo de vida saludable, ya que tras la retirada del bal\u00f3n, es necesario no volver a los antiguos h\u00e1bitos alimenticios.<\/span><\/p><h2><span style=\"font-weight: 400;\">\u00bfSe puede conseguir una p\u00e9rdida de peso permanente con el bal\u00f3n g\u00e1strico?<\/span><\/h2><p><span style=\"font-weight: 400;\">El bal\u00f3n g\u00e1strico proporciona un fuerte apoyo para conseguir una p\u00e9rdida de peso permanente. Sin embargo, para una p\u00e9rdida de peso permanente, el bal\u00f3n g\u00e1strico no es suficiente. Los h\u00e1bitos alimentarios saludables y el ejercicio regular son las claves para una p\u00e9rdida de peso a largo plazo. El bal\u00f3n g\u00e1strico puede ayudar a las personas a iniciar este proceso y la transici\u00f3n a un estilo de vida m\u00e1s saludable.<\/span><\/p><h2><span style=\"font-weight: 400;\">\u00bfQui\u00e9n no puede someterse al procedimiento del bal\u00f3n g\u00e1strico?<\/span><\/h2><p><span style=\"font-weight: 400;\">El bal\u00f3n g\u00e1strico no se aplica a personas con algunos problemas de salud. En concreto, el bal\u00f3n g\u00e1strico no est\u00e1 recomendado para personas con \u00falceras de est\u00f3mago, gastritis, hernia de est\u00f3mago o enfermedades card\u00edacas graves. Adem\u00e1s, el bal\u00f3n g\u00e1strico puede no ser apropiado en casos especiales como el embarazo o el periodo de lactancia. Antes de aplicar el bal\u00f3n g\u00e1strico, es importante una evaluaci\u00f3n exhaustiva por parte de un m\u00e9dico.<\/span><\/p><h2><span style=\"font-weight: 400;\">\u00bfEs necesario hacer ejercicio despu\u00e9s del tratamiento con bal\u00f3n g\u00e1strico?<\/span><\/h2><p><span style=\"font-weight: 400;\">Hacer ejercicio despu\u00e9s del tratamiento con bal\u00f3n g\u00e1strico puede acelerar la p\u00e9rdida de peso y mejorar la salud en general. En las primeras semanas, se debe obtener la aprobaci\u00f3n del m\u00e9dico antes de hacer ejercicio. Sin embargo, en general, los paseos ligeros y los ejercicios de bajo impacto pueden ayudar al proceso de recuperaci\u00f3n tras el bal\u00f3n g\u00e1strico. El ejercicio regular permite controlar el peso de forma saludable a largo plazo.<\/span><\/p><h2><span style=\"font-weight: 400;\">\u00bfCu\u00e1l es la relaci\u00f3n entre el bal\u00f3n g\u00e1strico y la p\u00e9rdida de peso y la dieta?<\/span><\/h2><p><span style=\"font-weight: 400;\">El bal\u00f3n g\u00e1strico ofrece resultados m\u00e1s eficaces cuando se acompa\u00f1a de una dieta. Mientras que el bal\u00f3n ayuda a sentirse saciado m\u00e1s r\u00e1pidamente, la p\u00e9rdida de peso se produce m\u00e1s r\u00e1pido con un programa de dieta saludable. Por lo tanto, despu\u00e9s del tratamiento con bal\u00f3n g\u00e1strico, seguir los planes de dieta recomendados por el m\u00e9dico aumenta las posibilidades de \u00e9xito.<\/span><\/p><h2><span style=\"font-weight: 400;\">\u00bfQu\u00e9 pruebas son necesarias para la aplicaci\u00f3n del bal\u00f3n g\u00e1strico?<\/span><\/h2><p><span style=\"font-weight: 400;\">Antes de la aplicaci\u00f3n del bal\u00f3n g\u00e1strico, se suelen realizar una serie de pruebas. Entre ellas se incluyen an\u00e1lisis de sangre, endoscopia g\u00e1strica y evaluaciones cardiol\u00f3gicas. Estas pruebas son necesarias para determinar si la persona es apta para un bal\u00f3n g\u00e1strico. Adem\u00e1s, en algunos pacientes tambi\u00e9n puede realizarse una evaluaci\u00f3n psicol\u00f3gica.<\/span><\/p><p><br \/><br \/><\/p>\t\t\t\t\t\t\t\t<\/div>\n\t\t\t\t<\/div>\n\t\t\t\t\t<\/div>\n\t\t\t\t<\/div>\n\t\t\t\t<\/div>","protected":false},"excerpt":{"rendered":"<p>Ortalama Kal\u0131\u015f S\u00fcresi 7 G\u00fcn Hastanede Yat\u0131\u015f S\u00fcresi 1 G\u00fcn Operasyon S\u00fcresi 2-4 Saat Anestezi T\u00fcr\u00fc Genel Anestezi \u0130yile\u015fme S\u00fcresi<\/p>","protected":false},"author":1,"featured_media":0,"parent":0,"menu_order":0,"comment_status":"closed","ping_status":"closed","template":"","meta":{"footnotes":""},"class_list":["post-27883","page","type-page","status-publish","hentry"],"_links":{"self":[{"href":"https:\/\/westestetik.com\/es\/wp-json\/wp\/v2\/pages\/27883","targetHints":{"allow":["GET"]}}],"collection":[{"href":"https:\/\/westestetik.com\/es\/wp-json\/wp\/v2\/pages"}],"about":[{"href":"https:\/\/westestetik.com\/es\/wp-json\/wp\/v2\/types\/page"}],"author":[{"embeddable":true,"href":"https:\/\/westestetik.com\/es\/wp-json\/wp\/v2\/users\/1"}],"replies":[{"embeddable":true,"href":"https:\/\/westestetik.com\/es\/wp-json\/wp\/v2\/comments?post=27883"}],"version-history":[{"count":10,"href":"https:\/\/westestetik.com\/es\/wp-json\/wp\/v2\/pages\/27883\/revisions"}],"predecessor-version":[{"id":29007,"href":"https:\/\/westestetik.com\/es\/wp-json\/wp\/v2\/pages\/27883\/revisions\/29007"}],"wp:attachment":[{"href":"https:\/\/westestetik.com\/es\/wp-json\/wp\/v2\/media?parent=27883"}],"curies":[{"name":"wp","href":"https:\/\/api.w.org\/{rel}","templated":true}]}}