{"id":27878,"date":"2024-12-02T23:33:24","date_gmt":"2024-12-02T23:33:24","guid":{"rendered":"https:\/\/westestetik.com\/?page_id=27878"},"modified":"2024-12-26T15:03:50","modified_gmt":"2024-12-26T15:03:50","slug":"circonio","status":"publish","type":"page","link":"https:\/\/westestetik.com\/es\/circonio\/","title":{"rendered":"Zirconio"},"content":{"rendered":"<div data-elementor-type=\"wp-page\" data-elementor-id=\"27878\" class=\"elementor elementor-27878\" data-elementor-post-type=\"page\">\n\t\t\t\t<div class=\"elementor-element elementor-element-23cff788 e-con-full elementor-hidden-mobile e-flex e-con e-parent\" data-id=\"23cff788\" data-element_type=\"container\">\n\t\t<div class=\"elementor-element elementor-element-4eb17eaa e-con-full e-flex e-con e-child\" data-id=\"4eb17eaa\" data-element_type=\"container\">\n\t\t\t\t<div class=\"elementor-element elementor-element-329bdcc elementor-widget elementor-widget-image\" data-id=\"329bdcc\" data-element_type=\"widget\" data-widget_type=\"image.default\">\n\t\t\t\t<div class=\"elementor-widget-container\">\n\t\t\t\t\t\t\t\t\t\t\t\t\t\t\t<img decoding=\"async\" width=\"100\" height=\"100\" src=\"https:\/\/westestetik.com\/wp-content\/uploads\/2024\/12\/1-4.png\" class=\"attachment-large size-large wp-image-28814\" alt=\"\" srcset=\"https:\/\/westestetik.com\/wp-content\/uploads\/2024\/12\/1-4.png 100w, https:\/\/westestetik.com\/wp-content\/uploads\/2024\/12\/1-4-12x12.png 12w\" sizes=\"(max-width: 100px) 100vw, 100px\" \/>\t\t\t\t\t\t\t\t\t\t\t\t\t\t\t<\/div>\n\t\t\t\t<\/div>\n\t\t\t\t<\/div>\n\t\t<div class=\"elementor-element elementor-element-1d688b6c e-con-full e-flex e-con e-child\" data-id=\"1d688b6c\" data-element_type=\"container\">\n\t\t\t\t<div class=\"elementor-element elementor-element-29eb282 elementor-widget elementor-widget-image\" data-id=\"29eb282\" data-element_type=\"widget\" data-widget_type=\"image.default\">\n\t\t\t\t<div class=\"elementor-widget-container\">\n\t\t\t\t\t\t\t\t\t\t\t\t\t\t\t<img decoding=\"async\" width=\"100\" height=\"100\" src=\"https:\/\/westestetik.com\/wp-content\/uploads\/2024\/12\/2-5.png\" class=\"attachment-large size-large wp-image-28815\" alt=\"\" srcset=\"https:\/\/westestetik.com\/wp-content\/uploads\/2024\/12\/2-5.png 100w, https:\/\/westestetik.com\/wp-content\/uploads\/2024\/12\/2-5-12x12.png 12w\" sizes=\"(max-width: 100px) 100vw, 100px\" \/>\t\t\t\t\t\t\t\t\t\t\t\t\t\t\t<\/div>\n\t\t\t\t<\/div>\n\t\t\t\t<\/div>\n\t\t<div class=\"elementor-element elementor-element-bb9094 e-con-full e-flex e-con e-child\" data-id=\"bb9094\" data-element_type=\"container\">\n\t\t\t\t<div class=\"elementor-element elementor-element-7617cf80 elementor-widget elementor-widget-image\" data-id=\"7617cf80\" data-element_type=\"widget\" data-widget_type=\"image.default\">\n\t\t\t\t<div class=\"elementor-widget-container\">\n\t\t\t\t\t\t\t\t\t\t\t\t\t\t\t<img decoding=\"async\" width=\"100\" height=\"100\" src=\"https:\/\/westestetik.com\/wp-content\/uploads\/2024\/12\/3-1.png\" class=\"attachment-large size-large wp-image-28816\" alt=\"\" srcset=\"https:\/\/westestetik.com\/wp-content\/uploads\/2024\/12\/3-1.png 100w, https:\/\/westestetik.com\/wp-content\/uploads\/2024\/12\/3-1-12x12.png 12w\" sizes=\"(max-width: 100px) 100vw, 100px\" \/>\t\t\t\t\t\t\t\t\t\t\t\t\t\t\t<\/div>\n\t\t\t\t<\/div>\n\t\t\t\t<\/div>\n\t\t<div class=\"elementor-element elementor-element-6fe5d477 e-con-full e-flex e-con e-child\" data-id=\"6fe5d477\" data-element_type=\"container\">\n\t\t\t\t<div class=\"elementor-element elementor-element-2497d9bd elementor-widget elementor-widget-image\" data-id=\"2497d9bd\" data-element_type=\"widget\" data-widget_type=\"image.default\">\n\t\t\t\t<div class=\"elementor-widget-container\">\n\t\t\t\t\t\t\t\t\t\t\t\t\t\t\t<img loading=\"lazy\" decoding=\"async\" width=\"100\" height=\"100\" src=\"https:\/\/westestetik.com\/wp-content\/uploads\/2024\/12\/4-1.png\" class=\"attachment-large size-large wp-image-28817\" alt=\"\" srcset=\"https:\/\/westestetik.com\/wp-content\/uploads\/2024\/12\/4-1.png 100w, https:\/\/westestetik.com\/wp-content\/uploads\/2024\/12\/4-1-12x12.png 12w\" sizes=\"(max-width: 100px) 100vw, 100px\" \/>\t\t\t\t\t\t\t\t\t\t\t\t\t\t\t<\/div>\n\t\t\t\t<\/div>\n\t\t\t\t<\/div>\n\t\t<div class=\"elementor-element elementor-element-28c895f0 e-con-full e-flex e-con e-child\" data-id=\"28c895f0\" data-element_type=\"container\">\n\t\t\t\t<div class=\"elementor-element elementor-element-3dc8fe29 elementor-widget elementor-widget-image\" data-id=\"3dc8fe29\" data-element_type=\"widget\" data-widget_type=\"image.default\">\n\t\t\t\t<div class=\"elementor-widget-container\">\n\t\t\t\t\t\t\t\t\t\t\t\t\t\t\t<img loading=\"lazy\" decoding=\"async\" width=\"100\" height=\"100\" src=\"https:\/\/westestetik.com\/wp-content\/uploads\/2024\/12\/5-1.png\" class=\"attachment-large size-large wp-image-28818\" alt=\"\" srcset=\"https:\/\/westestetik.com\/wp-content\/uploads\/2024\/12\/5-1.png 100w, https:\/\/westestetik.com\/wp-content\/uploads\/2024\/12\/5-1-12x12.png 12w\" sizes=\"(max-width: 100px) 100vw, 100px\" \/>\t\t\t\t\t\t\t\t\t\t\t\t\t\t\t<\/div>\n\t\t\t\t<\/div>\n\t\t\t\t<\/div>\n\t\t\t\t<\/div>\n\t\t<div class=\"wd-negative-gap elementor-element elementor-element-571c6ed2 elementor-hidden-mobile e-flex e-con-boxed e-con e-parent\" data-id=\"571c6ed2\" data-element_type=\"container\">\n\t\t\t\t\t<div class=\"e-con-inner\">\n\t\t<div class=\"elementor-element elementor-element-289be093 e-con-full e-flex e-con e-child\" data-id=\"289be093\" data-element_type=\"container\">\n\t\t\t\t<div class=\"elementor-element elementor-element-4e42ffab wd-width-100 elementor-widget elementor-widget-wd_title\" data-id=\"4e42ffab\" data-element_type=\"widget\" data-widget_type=\"wd_title.default\">\n\t\t\t\t<div class=\"elementor-widget-container\">\n\t\t\t\t\t\t\t<div class=\"title-wrapper set-mb-s reset-last-child wd-title-color-default wd-title-style-default wd-title-size-default text-center\">\n\n\t\t\t\t\t\t\t<div class=\"title-subtitle subtitle-color-default subtitle-style-default wd-fontsize-xs\">\n\t\t\t\t\tDuraci\u00f3n media de la estancia\t\t\t\t<\/div>\n\t\t\t\n\t\t\t<div class=\"liner-continer\">\n\t\t\t\t<p class=\"woodmart-title-container title wd-fontsize-l\">7 d\u00edas<\/p> \n\t\t\t\t\t\t\t<\/div>\n\n\t\t\t\t\t<\/div>\n\t\t\t\t\t\t<\/div>\n\t\t\t\t<\/div>\n\t\t\t\t<\/div>\n\t\t<div class=\"elementor-element elementor-element-a981355 e-con-full e-flex e-con e-child\" data-id=\"a981355\" data-element_type=\"container\">\n\t\t\t\t<div class=\"elementor-element elementor-element-38221661 wd-width-100 elementor-widget elementor-widget-wd_title\" data-id=\"38221661\" data-element_type=\"widget\" data-widget_type=\"wd_title.default\">\n\t\t\t\t<div class=\"elementor-widget-container\">\n\t\t\t\t\t\t\t<div class=\"title-wrapper set-mb-s reset-last-child wd-title-color-default wd-title-style-default wd-title-size-default text-center\">\n\n\t\t\t\t\t\t\t<div class=\"title-subtitle subtitle-color-default subtitle-style-default wd-fontsize-xs\">\n\t\t\t\t\tDuraci\u00f3n de la hospitalizaci\u00f3n\t\t\t\t<\/div>\n\t\t\t\n\t\t\t<div class=\"liner-continer\">\n\t\t\t\t<p class=\"woodmart-title-container title wd-fontsize-l\">1 d\u00eda<\/p> \n\t\t\t\t\t\t\t<\/div>\n\n\t\t\t\t\t<\/div>\n\t\t\t\t\t\t<\/div>\n\t\t\t\t<\/div>\n\t\t\t\t<\/div>\n\t\t<div class=\"elementor-element elementor-element-761e1974 e-con-full e-flex e-con e-child\" data-id=\"761e1974\" data-element_type=\"container\">\n\t\t\t\t<div class=\"elementor-element elementor-element-58d9edd8 wd-width-100 elementor-widget elementor-widget-wd_title\" data-id=\"58d9edd8\" data-element_type=\"widget\" data-widget_type=\"wd_title.default\">\n\t\t\t\t<div class=\"elementor-widget-container\">\n\t\t\t\t\t\t\t<div class=\"title-wrapper set-mb-s reset-last-child wd-title-color-default wd-title-style-default wd-title-size-default text-center\">\n\n\t\t\t\t\t\t\t<div class=\"title-subtitle subtitle-color-default subtitle-style-default wd-fontsize-xs\">\n\t\t\t\t\tDuraci\u00f3n de la operaci\u00f3n\t\t\t\t<\/div>\n\t\t\t\n\t\t\t<div class=\"liner-continer\">\n\t\t\t\t<p class=\"woodmart-title-container title wd-fontsize-l\">2-4 horas<\/p> \n\t\t\t\t\t\t\t<\/div>\n\n\t\t\t\t\t<\/div>\n\t\t\t\t\t\t<\/div>\n\t\t\t\t<\/div>\n\t\t\t\t<\/div>\n\t\t<div class=\"elementor-element elementor-element-f87dfbe e-con-full e-flex e-con e-child\" data-id=\"f87dfbe\" data-element_type=\"container\">\n\t\t\t\t<div class=\"elementor-element elementor-element-1ab5c0c6 wd-width-100 elementor-widget elementor-widget-wd_title\" data-id=\"1ab5c0c6\" data-element_type=\"widget\" data-widget_type=\"wd_title.default\">\n\t\t\t\t<div class=\"elementor-widget-container\">\n\t\t\t\t\t\t\t<div class=\"title-wrapper set-mb-s reset-last-child wd-title-color-default wd-title-style-default wd-title-size-default text-center\">\n\n\t\t\t\t\t\t\t<div class=\"title-subtitle subtitle-color-default subtitle-style-default wd-fontsize-xs\">\n\t\t\t\t\tTipo de anestesia\t\t\t\t<\/div>\n\t\t\t\n\t\t\t<div class=\"liner-continer\">\n\t\t\t\t<p class=\"woodmart-title-container title wd-fontsize-l\">Anestesia general<\/p> \n\t\t\t\t\t\t\t<\/div>\n\n\t\t\t\t\t<\/div>\n\t\t\t\t\t\t<\/div>\n\t\t\t\t<\/div>\n\t\t\t\t<\/div>\n\t\t<div class=\"elementor-element elementor-element-6b4384a e-con-full e-flex e-con e-child\" data-id=\"6b4384a\" data-element_type=\"container\">\n\t\t\t\t<div class=\"elementor-element elementor-element-57d268eb wd-width-100 elementor-widget elementor-widget-wd_title\" data-id=\"57d268eb\" data-element_type=\"widget\" data-widget_type=\"wd_title.default\">\n\t\t\t\t<div class=\"elementor-widget-container\">\n\t\t\t\t\t\t\t<div class=\"title-wrapper set-mb-s reset-last-child wd-title-color-default wd-title-style-default wd-title-size-default text-center\">\n\n\t\t\t\t\t\t\t<div class=\"title-subtitle subtitle-color-default subtitle-style-default wd-fontsize-xs\">\n\t\t\t\t\tTiempo de recuperaci\u00f3n\t\t\t\t<\/div>\n\t\t\t\n\t\t\t<div class=\"liner-continer\">\n\t\t\t\t<p class=\"woodmart-title-container title wd-fontsize-l\">1-2 semanas<\/p> \n\t\t\t\t\t\t\t<\/div>\n\n\t\t\t\t\t<\/div>\n\t\t\t\t\t\t<\/div>\n\t\t\t\t<\/div>\n\t\t\t\t<\/div>\n\t\t\t\t\t<\/div>\n\t\t\t\t<\/div>\n\t\t<div class=\"wd-negative-gap elementor-element elementor-element-dd2997c e-flex e-con-boxed e-con e-parent\" data-id=\"dd2997c\" data-element_type=\"container\">\n\t\t\t\t\t<div class=\"e-con-inner\">\n\t\t\t\t<div class=\"elementor-element elementor-element-147632b color-scheme-inherit text-left elementor-widget elementor-widget-text-editor\" data-id=\"147632b\" data-element_type=\"widget\" data-widget_type=\"text-editor.default\">\n\t\t\t\t<div class=\"elementor-widget-container\">\n\t\t\t\t\t\t\t\t\t<p><span style=\"font-weight: 400;\">Las carillas dentales de circonio son uno de los m\u00e9todos de tratamiento modernos preferidos en odontolog\u00eda al ofrecer una combinaci\u00f3n de est\u00e9tica y durabilidad. Con su aspecto cercano al color natural del diente y su estructura duradera, los dientes de zirconio ofrecen una opci\u00f3n ideal para quienes tienen problemas est\u00e9ticos. Adem\u00e1s, el circonio, que es un material biocompatible, armoniza perfectamente con las enc\u00edas y minimiza el riesgo de reacciones al\u00e9rgicas. Para quienes desean corregir defectos est\u00e9ticos en los dientes, los dientes de zirconio son una soluci\u00f3n eficaz tanto funcional como est\u00e9ticamente.\u00a0<\/span><\/p><h2><span style=\"font-weight: 400;\">\u00bfQu\u00e9 es el diente de circonio y para qu\u00e9 sirve?<\/span><\/h2><p><span style=\"font-weight: 400;\">El diente de circonio es un m\u00e9todo de tratamiento dental de gran eficacia est\u00e9tica y funcional. El circonio es un revestimiento dental fabricado con \u00f3xido de circonio, un material biocompatible. Este material se ha hecho muy popular en odontolog\u00eda en los \u00faltimos a\u00f1os por su proximidad al color natural del diente, su gran durabilidad y su estructura duradera. Los dientes de circonio ofrecen una soluci\u00f3n ideal sobre todo para pacientes con problemas est\u00e9ticos. Al mismo tiempo, su compatibilidad con las enc\u00edas es muy buena, lo que evita cualquier problema est\u00e9tico en el uso a largo plazo.<\/span><\/p><h2><span style=\"font-weight: 400;\">\u00bfCu\u00e1les son las ventajas de los dientes de circonio?<\/span><\/h2><p><span style=\"font-weight: 400;\">Los dientes de circonio tienen muchas ventajas. En primer lugar, los dientes de zirconio son extremadamente duraderos y de larga duraci\u00f3n. Son m\u00e1s fuertes y resistentes que los dientes de porcelana tradicionales, por lo que son ideales para su uso en los dientes posteriores. Adem\u00e1s, como los dientes de zirconio tienen la capacidad de transmitir la luz, ofrecen un aspecto brillante y est\u00e9tico como los dientes naturales. Dado que los dientes de zirconio tampoco contienen metal, evitan reacciones en las enc\u00edas y eliminan el riesgo de reacciones al\u00e9rgicas.<\/span><\/p><h2><span style=\"font-weight: 400;\">\u00bfCu\u00e1nto cuestan los dientes de circonio?<\/span><\/h2><p><span style=\"font-weight: 400;\">Los precios de los dientes de circonio pueden variar en funci\u00f3n del proceso de tratamiento, la zona de aplicaci\u00f3n y los materiales utilizados. En general, los dientes de circonio son m\u00e1s caros que otros tipos de recubrimientos, pero teniendo en cuenta su longevidad y sus ventajas est\u00e9ticas, amortizan con creces la inversi\u00f3n realizada. Los precios pueden variar seg\u00fan la cl\u00ednica utilizada y la experiencia del dentista. Se recomienda consultar a un dentista para obtener la informaci\u00f3n m\u00e1s precisa sobre precios.<\/span><\/p><h2><span style=\"font-weight: 400;\">\u00bfQui\u00e9n puede llevar dientes de circonio?<\/span><\/h2><p><span style=\"font-weight: 400;\">Los dientes de circonio pueden aplicarse a cualquier persona que tenga problemas est\u00e9ticos, deformidades o decoloraci\u00f3n en los dientes. Tambi\u00e9n es una opci\u00f3n ideal para pacientes que tienen empastes grandes en los dientes y desean cubrir estos empastes con un recubrimiento m\u00e1s est\u00e9tico. Las aplicaciones dentales de circonio son adecuadas para personas con buena salud de las enc\u00edas y buen estado de salud general. El dentista determinar\u00e1 si la aplicaci\u00f3n dental de circonio es adecuada realizando evaluaciones individuales.<\/span><\/p><h2><span style=\"font-weight: 400;\">\u00bfC\u00f3mo funciona el proceso de tratamiento dental con circonio?<\/span><\/h2><p><span style=\"font-weight: 400;\">El tratamiento dental con circonio suele constar de varias fases. En la primera, el dentista eval\u00faa la estructura bucal y la salud dental del paciente. Si es necesario, se limpian los dientes y se les da forma. A continuaci\u00f3n, se realiza el dise\u00f1o digital de las carillas de circonio tomando medidas especiales para los dientes. Una vez finalizado el proceso de dise\u00f1o, las carillas de circonio se fabrican en el laboratorio y se aplican a los dientes del paciente. En la fase final, las carillas se colocan en el diente y se completa el tratamiento. Todo este proceso suele durar varias sesiones.<\/span><\/p><h2><span style=\"font-weight: 400;\">Lo que debe saber sobre la durabilidad y la est\u00e9tica de los dientes de circonio<\/span><\/h2><p><span style=\"font-weight: 400;\">Los dientes de circonio son una opci\u00f3n superior en cuanto a est\u00e9tica y durabilidad. Puede utilizarse tanto en los dientes anteriores como en los posteriores. Dado que el circonio no contiene metal, su compatibilidad con las enc\u00edas es excelente, por lo que no se producen problemas como decoloraci\u00f3n o inflamaci\u00f3n de las enc\u00edas. Adem\u00e1s, los dientes de zirconio proporcionan un aspecto est\u00e9tico al transmitir la luz como los dientes naturales y ofrecen una sonrisa natural. Gracias a su estructura duradera, los dientes de circonio pueden soportar la fuerza de la masticaci\u00f3n y mantener su forma durante muchos a\u00f1os.<\/span><\/p><h2><span style=\"font-weight: 400;\">Diferencias de las carillas dentales de circonio con respecto a otros tipos de carillas dentales<\/span><\/h2><p><span style=\"font-weight: 400;\">Las carillas dentales de circonio se diferencian de otros tipos de carillas por algunas diferencias importantes. Es una opci\u00f3n m\u00e1s duradera y est\u00e9tica en comparaci\u00f3n con las carillas de porcelana y con soporte met\u00e1lico. Las carillas con soporte met\u00e1lico pueden provocar la decoloraci\u00f3n de las enc\u00edas con el tiempo, pero el circonio no tiene ese problema. Los dientes de circonio tambi\u00e9n ofrecen un aspecto m\u00e1s claro y natural. No contiene metal, por lo que no hay riesgo de reacciones al\u00e9rgicas.<\/span><\/p><h2><span style=\"font-weight: 400;\">\u00bfC\u00f3mo cuidar los dientes de circonio?<\/span><\/h2><p><span style=\"font-weight: 400;\">El cuidado de los dientes de circonio debe realizarse de forma similar al de otros dientes. Debe cepillarse los dientes con regularidad, utilizar hilo dental y no descuidar su cuidado bucal. Tambi\u00e9n puede prolongar la vida de sus dientes evitando los alimentos \u00e1cidos y duros. Los dientes de circonio mantienen sus propiedades est\u00e9ticas y funcionales durante muchos a\u00f1os con un cuidado esmerado. Puede tomar precauciones antes de que surja cualquier problema someti\u00e9ndose a revisiones peri\u00f3dicas por parte del dentista.<\/span><\/p><h2><span style=\"font-weight: 400;\">\u00bfExisten riesgos y efectos secundarios en la aplicaci\u00f3n de dientes de circonio?<\/span><\/h2><p><span style=\"font-weight: 400;\">Las aplicaciones dentales de circonio son extremadamente seguras, pero como con cualquier tratamiento, existen algunos riesgos menores. Por lo general, no se observan reacciones al\u00e9rgicas en los dientes de zirconio, pero en raras ocasiones puede aparecer sensibilidad o incompatibilidad. Adem\u00e1s, durante el proceso de abrasi\u00f3n de los dientes, puede haber molestias temporales para algunos pacientes que son muy sensibles. Sin embargo, gracias a la robusta estructura de los dientes de zirconio, los problemas a largo plazo son extremadamente raros.<\/span><\/p><h2><span style=\"font-weight: 400;\">\u00bfCu\u00e1nto dura el tiempo de recuperaci\u00f3n en la aplicaci\u00f3n de dientes de circonio?<\/span><\/h2><p><span style=\"font-weight: 400;\">El tiempo de curaci\u00f3n de la aplicaci\u00f3n de dientes de circonio suele ser bastante r\u00e1pido. El dolor o la sensibilidad desaparecen pocos d\u00edas despu\u00e9s del proceso de tratamiento. Despu\u00e9s de la aplicaci\u00f3n, el paciente puede volver a su vida normal inmediatamente, pero pueden pasar varias semanas hasta que las enc\u00edas cicatricen por completo. Los dientes de circonio suelen ser aptos para su uso inmediato y los pacientes pueden realizar sus funciones masticatorias c\u00f3modamente despu\u00e9s del tratamiento.<\/span><\/p><p>\u00a0<\/p>\t\t\t\t\t\t\t\t<\/div>\n\t\t\t\t<\/div>\n\t\t\t\t\t<\/div>\n\t\t\t\t<\/div>\n\t\t\t\t<\/div>","protected":false},"excerpt":{"rendered":"<p>Ortalama Kal\u0131\u015f S\u00fcresi 7 G\u00fcn Hastanede Yat\u0131\u015f S\u00fcresi 1 G\u00fcn Operasyon S\u00fcresi 2-4 Saat Anestezi T\u00fcr\u00fc Genel Anestezi \u0130yile\u015fme S\u00fcresi<\/p>","protected":false},"author":1,"featured_media":0,"parent":0,"menu_order":0,"comment_status":"closed","ping_status":"closed","template":"","meta":{"footnotes":""},"class_list":["post-27878","page","type-page","status-publish","hentry"],"_links":{"self":[{"href":"https:\/\/westestetik.com\/es\/wp-json\/wp\/v2\/pages\/27878","targetHints":{"allow":["GET"]}}],"collection":[{"href":"https:\/\/westestetik.com\/es\/wp-json\/wp\/v2\/pages"}],"about":[{"href":"https:\/\/westestetik.com\/es\/wp-json\/wp\/v2\/types\/page"}],"author":[{"embeddable":true,"href":"https:\/\/westestetik.com\/es\/wp-json\/wp\/v2\/users\/1"}],"replies":[{"embeddable":true,"href":"https:\/\/westestetik.com\/es\/wp-json\/wp\/v2\/comments?post=27878"}],"version-history":[{"count":10,"href":"https:\/\/westestetik.com\/es\/wp-json\/wp\/v2\/pages\/27878\/revisions"}],"predecessor-version":[{"id":29016,"href":"https:\/\/westestetik.com\/es\/wp-json\/wp\/v2\/pages\/27878\/revisions\/29016"}],"wp:attachment":[{"href":"https:\/\/westestetik.com\/es\/wp-json\/wp\/v2\/media?parent=27878"}],"curies":[{"name":"wp","href":"https:\/\/api.w.org\/{rel}","templated":true}]}}