{"id":27876,"date":"2024-12-02T23:32:51","date_gmt":"2024-12-02T23:32:51","guid":{"rendered":"https:\/\/westestetik.com\/?page_id=27876"},"modified":"2024-12-26T15:04:25","modified_gmt":"2024-12-26T15:04:25","slug":"hollywood-gulus","status":"publish","type":"page","link":"https:\/\/westestetik.com\/es\/hollywood-gulus\/","title":{"rendered":"Sonrisa de Hollywood"},"content":{"rendered":"<div data-elementor-type=\"wp-page\" data-elementor-id=\"27876\" class=\"elementor elementor-27876\" data-elementor-post-type=\"page\">\n\t\t\t\t<div class=\"elementor-element elementor-element-53703026 e-con-full elementor-hidden-mobile e-flex e-con e-parent\" data-id=\"53703026\" data-element_type=\"container\">\n\t\t<div class=\"elementor-element elementor-element-380e18db e-con-full e-flex e-con e-child\" data-id=\"380e18db\" data-element_type=\"container\">\n\t\t\t\t<div class=\"elementor-element elementor-element-7928c14c elementor-widget elementor-widget-image\" data-id=\"7928c14c\" data-element_type=\"widget\" data-widget_type=\"image.default\">\n\t\t\t\t<div class=\"elementor-widget-container\">\n\t\t\t\t\t\t\t\t\t\t\t\t\t\t\t<img decoding=\"async\" width=\"100\" height=\"100\" src=\"https:\/\/westestetik.com\/wp-content\/uploads\/2024\/12\/1-4.png\" class=\"attachment-large size-large wp-image-28814\" alt=\"\" srcset=\"https:\/\/westestetik.com\/wp-content\/uploads\/2024\/12\/1-4.png 100w, https:\/\/westestetik.com\/wp-content\/uploads\/2024\/12\/1-4-12x12.png 12w\" sizes=\"(max-width: 100px) 100vw, 100px\" \/>\t\t\t\t\t\t\t\t\t\t\t\t\t\t\t<\/div>\n\t\t\t\t<\/div>\n\t\t\t\t<\/div>\n\t\t<div class=\"elementor-element elementor-element-5589adad e-con-full e-flex e-con e-child\" data-id=\"5589adad\" data-element_type=\"container\">\n\t\t\t\t<div class=\"elementor-element elementor-element-7cf5ad elementor-widget elementor-widget-image\" data-id=\"7cf5ad\" data-element_type=\"widget\" data-widget_type=\"image.default\">\n\t\t\t\t<div class=\"elementor-widget-container\">\n\t\t\t\t\t\t\t\t\t\t\t\t\t\t\t<img decoding=\"async\" width=\"100\" height=\"100\" src=\"https:\/\/westestetik.com\/wp-content\/uploads\/2024\/12\/2-5.png\" class=\"attachment-large size-large wp-image-28815\" alt=\"\" srcset=\"https:\/\/westestetik.com\/wp-content\/uploads\/2024\/12\/2-5.png 100w, https:\/\/westestetik.com\/wp-content\/uploads\/2024\/12\/2-5-12x12.png 12w\" sizes=\"(max-width: 100px) 100vw, 100px\" \/>\t\t\t\t\t\t\t\t\t\t\t\t\t\t\t<\/div>\n\t\t\t\t<\/div>\n\t\t\t\t<\/div>\n\t\t<div class=\"elementor-element elementor-element-898966a e-con-full e-flex e-con e-child\" data-id=\"898966a\" data-element_type=\"container\">\n\t\t\t\t<div class=\"elementor-element elementor-element-1bd5d4dc elementor-widget elementor-widget-image\" data-id=\"1bd5d4dc\" data-element_type=\"widget\" data-widget_type=\"image.default\">\n\t\t\t\t<div class=\"elementor-widget-container\">\n\t\t\t\t\t\t\t\t\t\t\t\t\t\t\t<img decoding=\"async\" width=\"100\" height=\"100\" src=\"https:\/\/westestetik.com\/wp-content\/uploads\/2024\/12\/3-1.png\" class=\"attachment-large size-large wp-image-28816\" alt=\"\" srcset=\"https:\/\/westestetik.com\/wp-content\/uploads\/2024\/12\/3-1.png 100w, https:\/\/westestetik.com\/wp-content\/uploads\/2024\/12\/3-1-12x12.png 12w\" sizes=\"(max-width: 100px) 100vw, 100px\" \/>\t\t\t\t\t\t\t\t\t\t\t\t\t\t\t<\/div>\n\t\t\t\t<\/div>\n\t\t\t\t<\/div>\n\t\t<div class=\"elementor-element elementor-element-4ad6550c e-con-full e-flex e-con e-child\" data-id=\"4ad6550c\" data-element_type=\"container\">\n\t\t\t\t<div class=\"elementor-element elementor-element-1490f2f elementor-widget elementor-widget-image\" data-id=\"1490f2f\" data-element_type=\"widget\" data-widget_type=\"image.default\">\n\t\t\t\t<div class=\"elementor-widget-container\">\n\t\t\t\t\t\t\t\t\t\t\t\t\t\t\t<img loading=\"lazy\" decoding=\"async\" width=\"100\" height=\"100\" src=\"https:\/\/westestetik.com\/wp-content\/uploads\/2024\/12\/4-1.png\" class=\"attachment-large size-large wp-image-28817\" alt=\"\" srcset=\"https:\/\/westestetik.com\/wp-content\/uploads\/2024\/12\/4-1.png 100w, https:\/\/westestetik.com\/wp-content\/uploads\/2024\/12\/4-1-12x12.png 12w\" sizes=\"(max-width: 100px) 100vw, 100px\" \/>\t\t\t\t\t\t\t\t\t\t\t\t\t\t\t<\/div>\n\t\t\t\t<\/div>\n\t\t\t\t<\/div>\n\t\t<div class=\"elementor-element elementor-element-29e6d412 e-con-full e-flex e-con e-child\" data-id=\"29e6d412\" data-element_type=\"container\">\n\t\t\t\t<div class=\"elementor-element elementor-element-3fbaafcd elementor-widget elementor-widget-image\" data-id=\"3fbaafcd\" data-element_type=\"widget\" data-widget_type=\"image.default\">\n\t\t\t\t<div class=\"elementor-widget-container\">\n\t\t\t\t\t\t\t\t\t\t\t\t\t\t\t<img loading=\"lazy\" decoding=\"async\" width=\"100\" height=\"100\" src=\"https:\/\/westestetik.com\/wp-content\/uploads\/2024\/12\/5-1.png\" class=\"attachment-large size-large wp-image-28818\" alt=\"\" srcset=\"https:\/\/westestetik.com\/wp-content\/uploads\/2024\/12\/5-1.png 100w, https:\/\/westestetik.com\/wp-content\/uploads\/2024\/12\/5-1-12x12.png 12w\" sizes=\"(max-width: 100px) 100vw, 100px\" \/>\t\t\t\t\t\t\t\t\t\t\t\t\t\t\t<\/div>\n\t\t\t\t<\/div>\n\t\t\t\t<\/div>\n\t\t\t\t<\/div>\n\t\t<div class=\"wd-negative-gap elementor-element elementor-element-522b163a elementor-hidden-mobile e-flex e-con-boxed e-con e-parent\" data-id=\"522b163a\" data-element_type=\"container\">\n\t\t\t\t\t<div class=\"e-con-inner\">\n\t\t<div class=\"elementor-element elementor-element-1076b6b5 e-con-full e-flex e-con e-child\" data-id=\"1076b6b5\" data-element_type=\"container\">\n\t\t\t\t<div class=\"elementor-element elementor-element-35d5d42b wd-width-100 elementor-widget elementor-widget-wd_title\" data-id=\"35d5d42b\" data-element_type=\"widget\" data-widget_type=\"wd_title.default\">\n\t\t\t\t<div class=\"elementor-widget-container\">\n\t\t\t\t\t\t\t<div class=\"title-wrapper set-mb-s reset-last-child wd-title-color-default wd-title-style-default wd-title-size-default text-center\">\n\n\t\t\t\t\t\t\t<div class=\"title-subtitle subtitle-color-default subtitle-style-default wd-fontsize-xs\">\n\t\t\t\t\tDuraci\u00f3n media de la estancia\t\t\t\t<\/div>\n\t\t\t\n\t\t\t<div class=\"liner-continer\">\n\t\t\t\t<p class=\"woodmart-title-container title wd-fontsize-l\">7 d\u00edas<\/p> \n\t\t\t\t\t\t\t<\/div>\n\n\t\t\t\t\t<\/div>\n\t\t\t\t\t\t<\/div>\n\t\t\t\t<\/div>\n\t\t\t\t<\/div>\n\t\t<div class=\"elementor-element elementor-element-79ab4363 e-con-full e-flex e-con e-child\" data-id=\"79ab4363\" data-element_type=\"container\">\n\t\t\t\t<div class=\"elementor-element elementor-element-6a41647f wd-width-100 elementor-widget elementor-widget-wd_title\" data-id=\"6a41647f\" data-element_type=\"widget\" data-widget_type=\"wd_title.default\">\n\t\t\t\t<div class=\"elementor-widget-container\">\n\t\t\t\t\t\t\t<div class=\"title-wrapper set-mb-s reset-last-child wd-title-color-default wd-title-style-default wd-title-size-default text-center\">\n\n\t\t\t\t\t\t\t<div class=\"title-subtitle subtitle-color-default subtitle-style-default wd-fontsize-xs\">\n\t\t\t\t\tDuraci\u00f3n de la hospitalizaci\u00f3n\t\t\t\t<\/div>\n\t\t\t\n\t\t\t<div class=\"liner-continer\">\n\t\t\t\t<p class=\"woodmart-title-container title wd-fontsize-l\">1 d\u00eda<\/p> \n\t\t\t\t\t\t\t<\/div>\n\n\t\t\t\t\t<\/div>\n\t\t\t\t\t\t<\/div>\n\t\t\t\t<\/div>\n\t\t\t\t<\/div>\n\t\t<div class=\"elementor-element elementor-element-10413263 e-con-full e-flex e-con e-child\" data-id=\"10413263\" data-element_type=\"container\">\n\t\t\t\t<div class=\"elementor-element elementor-element-159a96ad wd-width-100 elementor-widget elementor-widget-wd_title\" data-id=\"159a96ad\" data-element_type=\"widget\" data-widget_type=\"wd_title.default\">\n\t\t\t\t<div class=\"elementor-widget-container\">\n\t\t\t\t\t\t\t<div class=\"title-wrapper set-mb-s reset-last-child wd-title-color-default wd-title-style-default wd-title-size-default text-center\">\n\n\t\t\t\t\t\t\t<div class=\"title-subtitle subtitle-color-default subtitle-style-default wd-fontsize-xs\">\n\t\t\t\t\tDuraci\u00f3n de la operaci\u00f3n\t\t\t\t<\/div>\n\t\t\t\n\t\t\t<div class=\"liner-continer\">\n\t\t\t\t<p class=\"woodmart-title-container title wd-fontsize-l\">2-4 horas<\/p> \n\t\t\t\t\t\t\t<\/div>\n\n\t\t\t\t\t<\/div>\n\t\t\t\t\t\t<\/div>\n\t\t\t\t<\/div>\n\t\t\t\t<\/div>\n\t\t<div class=\"elementor-element elementor-element-7724284a e-con-full e-flex e-con e-child\" data-id=\"7724284a\" data-element_type=\"container\">\n\t\t\t\t<div class=\"elementor-element elementor-element-7d7c5fa1 wd-width-100 elementor-widget elementor-widget-wd_title\" data-id=\"7d7c5fa1\" data-element_type=\"widget\" data-widget_type=\"wd_title.default\">\n\t\t\t\t<div class=\"elementor-widget-container\">\n\t\t\t\t\t\t\t<div class=\"title-wrapper set-mb-s reset-last-child wd-title-color-default wd-title-style-default wd-title-size-default text-center\">\n\n\t\t\t\t\t\t\t<div class=\"title-subtitle subtitle-color-default subtitle-style-default wd-fontsize-xs\">\n\t\t\t\t\tTipo de anestesia\t\t\t\t<\/div>\n\t\t\t\n\t\t\t<div class=\"liner-continer\">\n\t\t\t\t<p class=\"woodmart-title-container title wd-fontsize-l\">Anestesia general<\/p> \n\t\t\t\t\t\t\t<\/div>\n\n\t\t\t\t\t<\/div>\n\t\t\t\t\t\t<\/div>\n\t\t\t\t<\/div>\n\t\t\t\t<\/div>\n\t\t<div class=\"elementor-element elementor-element-344d65c3 e-con-full e-flex e-con e-child\" data-id=\"344d65c3\" data-element_type=\"container\">\n\t\t\t\t<div class=\"elementor-element elementor-element-550c4cef wd-width-100 elementor-widget elementor-widget-wd_title\" data-id=\"550c4cef\" data-element_type=\"widget\" data-widget_type=\"wd_title.default\">\n\t\t\t\t<div class=\"elementor-widget-container\">\n\t\t\t\t\t\t\t<div class=\"title-wrapper set-mb-s reset-last-child wd-title-color-default wd-title-style-default wd-title-size-default text-center\">\n\n\t\t\t\t\t\t\t<div class=\"title-subtitle subtitle-color-default subtitle-style-default wd-fontsize-xs\">\n\t\t\t\t\tTiempo de recuperaci\u00f3n\t\t\t\t<\/div>\n\t\t\t\n\t\t\t<div class=\"liner-continer\">\n\t\t\t\t<p class=\"woodmart-title-container title wd-fontsize-l\">1-2 semanas<\/p> \n\t\t\t\t\t\t\t<\/div>\n\n\t\t\t\t\t<\/div>\n\t\t\t\t\t\t<\/div>\n\t\t\t\t<\/div>\n\t\t\t\t<\/div>\n\t\t\t\t\t<\/div>\n\t\t\t\t<\/div>\n\t\t<div class=\"wd-negative-gap elementor-element elementor-element-0c06a73 e-flex e-con-boxed e-con e-parent\" data-id=\"0c06a73\" data-element_type=\"container\">\n\t\t\t\t\t<div class=\"e-con-inner\">\n\t\t\t\t<div class=\"elementor-element elementor-element-420bf56 color-scheme-inherit text-left elementor-widget elementor-widget-text-editor\" data-id=\"420bf56\" data-element_type=\"widget\" data-widget_type=\"text-editor.default\">\n\t\t\t\t<div class=\"elementor-widget-container\">\n\t\t\t\t\t\t\t\t\t<p><span style=\"font-weight: 400;\">Hollywood Smile se ha convertido en una de las tendencias m\u00e1s populares de la odontolog\u00eda est\u00e9tica en los \u00faltimos a\u00f1os. Este tratamiento, que hace realidad el sue\u00f1o de tener una sonrisa perfecta con dientes blancos, lisos y sim\u00e9tricos, pretende crear la est\u00e9tica dental m\u00e1s adecuada a los rasgos faciales de la persona. Hollywood Smile no es s\u00f3lo est\u00e9tica, sino tambi\u00e9n una soluci\u00f3n que aumenta la confianza en uno mismo, rejuvenece y proporciona un aspecto natural. Este procedimiento, que se aplica con varios m\u00e9todos como el blanqueamiento dental, carillas de porcelana, tratamiento de ortodoncia, ofrece una opci\u00f3n ideal para personas de todas las edades.<\/span><\/p><h2><span style=\"font-weight: 400;\">\u00bfQu\u00e9 es Hollywood Smile y c\u00f3mo se aplica?<\/span><\/h2><p><span style=\"font-weight: 400;\">Hollywood Smile es el proceso de tener unos dientes brillantes, blancos y lisos obtenido mediante aplicaciones de odontolog\u00eda est\u00e9tica. Este dise\u00f1o de sonrisa pretende crear la est\u00e9tica dental m\u00e1s adecuada para los rasgos faciales de la persona. La Sonrisa de Hollywood suele conseguirse mediante una serie de tratamientos como el blanqueamiento dental, las carillas de porcelana, los brackets y el contorneado de las enc\u00edas. La forma, el tama\u00f1o y el color de los dientes se dise\u00f1an individualmente y se consigue el aspecto m\u00e1s natural. La Sonrisa de Hollywood es una opci\u00f3n de tratamiento que no s\u00f3lo es est\u00e9tica, sino que tambi\u00e9n aumenta la confianza de la persona en s\u00ed misma.<\/span><\/p><h2><span style=\"font-weight: 400;\">\u00bfQui\u00e9nes son los mejores candidatos para la Sonrisa de Hollywood?<\/span><\/h2><p><span style=\"font-weight: 400;\">La Sonrisa de Hollywood se recomienda generalmente a las personas que tienen problemas est\u00e9ticos y no est\u00e1n satisfechas con su sonrisa. Las personas con dientes descoloridos, deformes o separados son candidatos ideales para la Sonrisa de Hollywood. Adem\u00e1s, las fracturas y abrasiones de los dientes tambi\u00e9n pueden corregirse con este tratamiento. Sin embargo, la estructura dental de cada persona es diferente, por lo que el dentista debe realizar un examen detallado antes de aplicar la Sonrisa de Hollywood. Los candidatos deben tener dientes y enc\u00edas sanos, y no debe existir ninguna enfermedad que impida el tratamiento.<\/span><\/p><h2><span style=\"font-weight: 400;\">\u00bfCu\u00e1ntas sesiones dura el tratamiento Hollywood Smile?<\/span><\/h2><p><span style=\"font-weight: 400;\">El tratamiento Hollywood Smile puede completarse normalmente en 2-3 sesiones. En la primera sesi\u00f3n se eval\u00faa el estado de sus dientes, se realiza un dise\u00f1o digital de la sonrisa y se toman las medidas necesarias. En la segunda sesi\u00f3n, se pueden aplicar carillas o l\u00e1minas de porcelana sobre los dientes. Si se requiere blanqueamiento dental u otros procedimientos est\u00e9ticos, el tiempo de tratamiento puede ser ligeramente superior. La duraci\u00f3n del tratamiento var\u00eda en funci\u00f3n de las necesidades personales y de los procedimientos a realizar. No obstante, Hollywood Smile ofrece resultados eficaces con un tiempo de tratamiento breve.<\/span><\/p><h2><span style=\"font-weight: 400;\">\u00bfCu\u00e1nto cuesta Hollywood Smile?<\/span><\/h2><p><span style=\"font-weight: 400;\">Los precios de Hollywood Smile var\u00edan seg\u00fan el m\u00e9todo de tratamiento que se aplique, el n\u00famero de dientes y los materiales utilizados. La combinaci\u00f3n de blanqueamiento dental, carillas de porcelana y otros procedimientos est\u00e9ticos puede influir en el precio. Adem\u00e1s, la elecci\u00f3n de la cl\u00ednica, las tecnolog\u00edas utilizadas y la experiencia del m\u00e9dico tambi\u00e9n son factores que determinan los precios. Para obtener informaci\u00f3n clara sobre los rangos de precios, es necesario hacer una evaluaci\u00f3n personal y crear un plan de tratamiento. Hollywood Smile es una opci\u00f3n de tratamiento en la que merece la pena invertir, ya que ofrece resultados permanentes y est\u00e9ticos a largo plazo.<\/span><\/p><h2><span style=\"font-weight: 400;\">\u00bfCu\u00e1les son los beneficios de Hollywood Smile?<\/span><\/h2><p><span style=\"font-weight: 400;\">Hollywood Smile no s\u00f3lo ofrece ventajas est\u00e9ticas, sino tambi\u00e9n funcionales. Una dentadura correcta y sana permite a las personas comer y hablar con mayor comodidad. Adem\u00e1s, unos dientes blancos y brillantes obtenidos con Hollywood Smile aumentan la confianza en uno mismo y dan a la persona un aspecto m\u00e1s joven. Como resultado del tratamiento, se obtiene una sonrisa m\u00e1s suave, se corrigen manchas y fracturas en los dientes. Sonrisa Hollywood ofrece muchas ventajas tanto est\u00e9ticas como funcionales.<\/span><\/p><h2><span style=\"font-weight: 400;\">Proceso de postratamiento y recuperaci\u00f3n de Hollywood Smile<\/span><\/h2><p><span style=\"font-weight: 400;\">El proceso de curaci\u00f3n despu\u00e9s del tratamiento Hollywood Smile suele ser r\u00e1pido. Despu\u00e9s de las carillas de porcelana o procedimientos de blanqueamiento dental, puede haber una ligera sensibilidad en los dientes, pero esto suele ser una condici\u00f3n a corto plazo. Despu\u00e9s del tratamiento, se recomienda cepillarse los dientes con regularidad, usar hilo dental y evitar h\u00e1bitos nocivos como fumar para proteger los dientes. Adem\u00e1s, evitar los alimentos excesivamente fr\u00edos o calientes tambi\u00e9n puede acelerar el proceso de curaci\u00f3n. No descuidar el cuidado de sus dientes despu\u00e9s del Hollywood Smile garantiza el \u00e9xito del proceso de tratamiento.<\/span><\/p><h2><span style=\"font-weight: 400;\">\u00bfCu\u00e1les son los m\u00e9todos utilizados para la Sonrisa de Hollywood?<\/span><\/h2><p><span style=\"font-weight: 400;\">Hollywood Smile consiste en la combinaci\u00f3n de una serie de tratamientos de odontolog\u00eda est\u00e9tica. Estos m\u00e9todos incluyen blanqueamiento dental, carillas de porcelana, ortodoncia, alineaci\u00f3n de enc\u00edas y empastes est\u00e9ticos. El blanqueamiento dental suele utilizarse para que la sonrisa parezca m\u00e1s brillante y joven. Las carillas de porcelana corrigen la forma y el tama\u00f1o de los dientes, mientras que el tratamiento con brackets se prefiere para situaciones que requieren una correcci\u00f3n m\u00e1s seria. El modelado de las enc\u00edas tambi\u00e9n hace que la sonrisa parezca natural. Cada m\u00e9todo se selecciona y aplica individualmente.<\/span><\/p><h2><span style=\"font-weight: 400;\">\u00bfEs dolorosa la sonrisa de Hollywood?<\/span><\/h2><p><span style=\"font-weight: 400;\">Durante el tratamiento Hollywood Smile se suele utilizar anestesia local, por lo que no se siente dolor durante el tratamiento. Despu\u00e9s del tratamiento, puede haber una ligera sensibilidad, pero esta condici\u00f3n es a corto plazo y pasa f\u00e1cilmente.<\/span><\/p><h2><span style=\"font-weight: 400;\">\u00bfQu\u00e9 grado de permanencia tiene Hollywood Smile?<\/span><\/h2><p><span style=\"font-weight: 400;\">La Sonrisa de Hollywood dura muchos a\u00f1os con los cuidados adecuados. Las carillas y laminados de porcelana suelen durar entre 10 y 15 a\u00f1os, pero este periodo puede variar en funci\u00f3n de su cuidado personal y estilo de vida.<\/span><\/p><h2><span style=\"font-weight: 400;\">\u00bfA qui\u00e9n se puede aplicar el tratamiento Hollywood Smile?<\/span><\/h2><p><span style=\"font-weight: 400;\">El tratamiento Hollywood Smile puede aplicarse a personas sanas con problemas est\u00e9ticos. Sin embargo, antes del tratamiento es importante el examen del dentista.<\/span><\/p><h2><span style=\"font-weight: 400;\">Diferencias entre la sonrisa de Hollywood y la est\u00e9tica dental<\/span><\/h2><p><span style=\"font-weight: 400;\">A diferencia de los tratamientos est\u00e9ticos dentales tradicionales, la Sonrisa de Hollywood ofrece un dise\u00f1o de sonrisa totalmente personalizado. Mientras que otros tratamientos est\u00e9ticos suelen ir dirigidos a corregir problemas existentes en los dientes, la Sonrisa de Hollywood pretende que todos los dientes y enc\u00edas est\u00e9n en armon\u00eda est\u00e9tica. Esto proporciona una sonrisa m\u00e1s natural y sim\u00e9trica. La Sonrisa de Hollywood proporciona una mejora no s\u00f3lo funcional sino tambi\u00e9n est\u00e9tica de los dientes.<\/span><\/p><h2><span style=\"font-weight: 400;\">\u00bfC\u00f3mo conseguir unos dientes blancos con Hollywood Smile?<\/span><\/h2><p><span style=\"font-weight: 400;\">Hollywood Smile es una de las formas m\u00e1s eficaces de tener unos dientes blancos. El blanqueamiento dental hace que sus dientes sean m\u00e1s blancos y brillantes al eliminar las manchas y la decoloraci\u00f3n. Adem\u00e1s, se consiguen resultados m\u00e1s permanentes con las carillas y l\u00e1minas de porcelana. El tratamiento Hollywood Smile le permite conseguir la blancura natural de sus dientes y hace que su sonrisa sea perfecta en todos los aspectos.<\/span><\/p>\t\t\t\t\t\t\t\t<\/div>\n\t\t\t\t<\/div>\n\t\t\t\t\t<\/div>\n\t\t\t\t<\/div>\n\t\t\t\t<\/div>","protected":false},"excerpt":{"rendered":"<p>Ortalama Kal\u0131\u015f S\u00fcresi 7 G\u00fcn Hastanede Yat\u0131\u015f S\u00fcresi 1 G\u00fcn Operasyon S\u00fcresi 2-4 Saat Anestezi T\u00fcr\u00fc Genel Anestezi \u0130yile\u015fme S\u00fcresi<\/p>","protected":false},"author":1,"featured_media":0,"parent":0,"menu_order":0,"comment_status":"closed","ping_status":"closed","template":"","meta":{"footnotes":""},"class_list":["post-27876","page","type-page","status-publish","hentry"],"_links":{"self":[{"href":"https:\/\/westestetik.com\/es\/wp-json\/wp\/v2\/pages\/27876","targetHints":{"allow":["GET"]}}],"collection":[{"href":"https:\/\/westestetik.com\/es\/wp-json\/wp\/v2\/pages"}],"about":[{"href":"https:\/\/westestetik.com\/es\/wp-json\/wp\/v2\/types\/page"}],"author":[{"embeddable":true,"href":"https:\/\/westestetik.com\/es\/wp-json\/wp\/v2\/users\/1"}],"replies":[{"embeddable":true,"href":"https:\/\/westestetik.com\/es\/wp-json\/wp\/v2\/comments?post=27876"}],"version-history":[{"count":11,"href":"https:\/\/westestetik.com\/es\/wp-json\/wp\/v2\/pages\/27876\/revisions"}],"predecessor-version":[{"id":29019,"href":"https:\/\/westestetik.com\/es\/wp-json\/wp\/v2\/pages\/27876\/revisions\/29019"}],"wp:attachment":[{"href":"https:\/\/westestetik.com\/es\/wp-json\/wp\/v2\/media?parent=27876"}],"curies":[{"name":"wp","href":"https:\/\/api.w.org\/{rel}","templated":true}]}}