{"id":27871,"date":"2024-12-02T23:32:25","date_gmt":"2024-12-02T23:32:25","guid":{"rendered":"https:\/\/westestetik.com\/?page_id=27871"},"modified":"2024-12-26T15:05:04","modified_gmt":"2024-12-26T15:05:04","slug":"odontologia-general","status":"publish","type":"page","link":"https:\/\/westestetik.com\/es\/odontologia-general\/","title":{"rendered":"Odontolog\u00eda general"},"content":{"rendered":"<div data-elementor-type=\"wp-page\" data-elementor-id=\"27871\" class=\"elementor elementor-27871\" data-elementor-post-type=\"page\">\n\t\t\t\t<div class=\"elementor-element elementor-element-1a7f8b29 e-con-full elementor-hidden-mobile e-flex e-con e-parent\" data-id=\"1a7f8b29\" data-element_type=\"container\">\n\t\t<div class=\"elementor-element elementor-element-4e0be485 e-con-full e-flex e-con e-child\" data-id=\"4e0be485\" data-element_type=\"container\">\n\t\t\t\t<div class=\"elementor-element elementor-element-4ff0315d elementor-widget elementor-widget-image\" data-id=\"4ff0315d\" data-element_type=\"widget\" data-widget_type=\"image.default\">\n\t\t\t\t<div class=\"elementor-widget-container\">\n\t\t\t\t\t\t\t\t\t\t\t\t\t\t\t<img decoding=\"async\" width=\"100\" height=\"100\" src=\"https:\/\/westestetik.com\/wp-content\/uploads\/2024\/12\/1-4.png\" class=\"attachment-large size-large wp-image-28814\" alt=\"\" srcset=\"https:\/\/westestetik.com\/wp-content\/uploads\/2024\/12\/1-4.png 100w, https:\/\/westestetik.com\/wp-content\/uploads\/2024\/12\/1-4-12x12.png 12w\" sizes=\"(max-width: 100px) 100vw, 100px\" \/>\t\t\t\t\t\t\t\t\t\t\t\t\t\t\t<\/div>\n\t\t\t\t<\/div>\n\t\t\t\t<\/div>\n\t\t<div class=\"elementor-element elementor-element-13d909c0 e-con-full e-flex e-con e-child\" data-id=\"13d909c0\" data-element_type=\"container\">\n\t\t\t\t<div class=\"elementor-element elementor-element-38b64eda elementor-widget elementor-widget-image\" data-id=\"38b64eda\" data-element_type=\"widget\" data-widget_type=\"image.default\">\n\t\t\t\t<div class=\"elementor-widget-container\">\n\t\t\t\t\t\t\t\t\t\t\t\t\t\t\t<img decoding=\"async\" width=\"100\" height=\"100\" src=\"https:\/\/westestetik.com\/wp-content\/uploads\/2024\/12\/2-5.png\" class=\"attachment-large size-large wp-image-28815\" alt=\"\" srcset=\"https:\/\/westestetik.com\/wp-content\/uploads\/2024\/12\/2-5.png 100w, https:\/\/westestetik.com\/wp-content\/uploads\/2024\/12\/2-5-12x12.png 12w\" sizes=\"(max-width: 100px) 100vw, 100px\" \/>\t\t\t\t\t\t\t\t\t\t\t\t\t\t\t<\/div>\n\t\t\t\t<\/div>\n\t\t\t\t<\/div>\n\t\t<div class=\"elementor-element elementor-element-2618130 e-con-full e-flex e-con e-child\" data-id=\"2618130\" data-element_type=\"container\">\n\t\t\t\t<div class=\"elementor-element elementor-element-54ae7441 elementor-widget elementor-widget-image\" data-id=\"54ae7441\" data-element_type=\"widget\" data-widget_type=\"image.default\">\n\t\t\t\t<div class=\"elementor-widget-container\">\n\t\t\t\t\t\t\t\t\t\t\t\t\t\t\t<img decoding=\"async\" width=\"100\" height=\"100\" src=\"https:\/\/westestetik.com\/wp-content\/uploads\/2024\/12\/3-1.png\" class=\"attachment-large size-large wp-image-28816\" alt=\"\" srcset=\"https:\/\/westestetik.com\/wp-content\/uploads\/2024\/12\/3-1.png 100w, https:\/\/westestetik.com\/wp-content\/uploads\/2024\/12\/3-1-12x12.png 12w\" sizes=\"(max-width: 100px) 100vw, 100px\" \/>\t\t\t\t\t\t\t\t\t\t\t\t\t\t\t<\/div>\n\t\t\t\t<\/div>\n\t\t\t\t<\/div>\n\t\t<div class=\"elementor-element elementor-element-12bfd283 e-con-full e-flex e-con e-child\" data-id=\"12bfd283\" data-element_type=\"container\">\n\t\t\t\t<div class=\"elementor-element elementor-element-6dc6574b elementor-widget elementor-widget-image\" data-id=\"6dc6574b\" data-element_type=\"widget\" data-widget_type=\"image.default\">\n\t\t\t\t<div class=\"elementor-widget-container\">\n\t\t\t\t\t\t\t\t\t\t\t\t\t\t\t<img loading=\"lazy\" decoding=\"async\" width=\"100\" height=\"100\" src=\"https:\/\/westestetik.com\/wp-content\/uploads\/2024\/12\/4-1.png\" class=\"attachment-large size-large wp-image-28817\" alt=\"\" srcset=\"https:\/\/westestetik.com\/wp-content\/uploads\/2024\/12\/4-1.png 100w, https:\/\/westestetik.com\/wp-content\/uploads\/2024\/12\/4-1-12x12.png 12w\" sizes=\"(max-width: 100px) 100vw, 100px\" \/>\t\t\t\t\t\t\t\t\t\t\t\t\t\t\t<\/div>\n\t\t\t\t<\/div>\n\t\t\t\t<\/div>\n\t\t<div class=\"elementor-element elementor-element-2e7fac7b e-con-full e-flex e-con e-child\" data-id=\"2e7fac7b\" data-element_type=\"container\">\n\t\t\t\t<div class=\"elementor-element elementor-element-ee41376 elementor-widget elementor-widget-image\" data-id=\"ee41376\" data-element_type=\"widget\" data-widget_type=\"image.default\">\n\t\t\t\t<div class=\"elementor-widget-container\">\n\t\t\t\t\t\t\t\t\t\t\t\t\t\t\t<img loading=\"lazy\" decoding=\"async\" width=\"100\" height=\"100\" src=\"https:\/\/westestetik.com\/wp-content\/uploads\/2024\/12\/5-1.png\" class=\"attachment-large size-large wp-image-28818\" alt=\"\" srcset=\"https:\/\/westestetik.com\/wp-content\/uploads\/2024\/12\/5-1.png 100w, https:\/\/westestetik.com\/wp-content\/uploads\/2024\/12\/5-1-12x12.png 12w\" sizes=\"(max-width: 100px) 100vw, 100px\" \/>\t\t\t\t\t\t\t\t\t\t\t\t\t\t\t<\/div>\n\t\t\t\t<\/div>\n\t\t\t\t<\/div>\n\t\t\t\t<\/div>\n\t\t<div class=\"wd-negative-gap elementor-element elementor-element-71b348a0 elementor-hidden-mobile e-flex e-con-boxed e-con e-parent\" data-id=\"71b348a0\" data-element_type=\"container\">\n\t\t\t\t\t<div class=\"e-con-inner\">\n\t\t<div class=\"elementor-element elementor-element-7804d908 e-con-full e-flex e-con e-child\" data-id=\"7804d908\" data-element_type=\"container\">\n\t\t\t\t<div class=\"elementor-element elementor-element-6b7b3c0f wd-width-100 elementor-widget elementor-widget-wd_title\" data-id=\"6b7b3c0f\" data-element_type=\"widget\" data-widget_type=\"wd_title.default\">\n\t\t\t\t<div class=\"elementor-widget-container\">\n\t\t\t\t\t\t\t<div class=\"title-wrapper set-mb-s reset-last-child wd-title-color-default wd-title-style-default wd-title-size-default text-center\">\n\n\t\t\t\t\t\t\t<div class=\"title-subtitle subtitle-color-default subtitle-style-default wd-fontsize-xs\">\n\t\t\t\t\tDuraci\u00f3n media de la estancia\t\t\t\t<\/div>\n\t\t\t\n\t\t\t<div class=\"liner-continer\">\n\t\t\t\t<p class=\"woodmart-title-container title wd-fontsize-l\">7 d\u00edas<\/p> \n\t\t\t\t\t\t\t<\/div>\n\n\t\t\t\t\t<\/div>\n\t\t\t\t\t\t<\/div>\n\t\t\t\t<\/div>\n\t\t\t\t<\/div>\n\t\t<div class=\"elementor-element elementor-element-5e7ee245 e-con-full e-flex e-con e-child\" data-id=\"5e7ee245\" data-element_type=\"container\">\n\t\t\t\t<div class=\"elementor-element elementor-element-239266d7 wd-width-100 elementor-widget elementor-widget-wd_title\" data-id=\"239266d7\" data-element_type=\"widget\" data-widget_type=\"wd_title.default\">\n\t\t\t\t<div class=\"elementor-widget-container\">\n\t\t\t\t\t\t\t<div class=\"title-wrapper set-mb-s reset-last-child wd-title-color-default wd-title-style-default wd-title-size-default text-center\">\n\n\t\t\t\t\t\t\t<div class=\"title-subtitle subtitle-color-default subtitle-style-default wd-fontsize-xs\">\n\t\t\t\t\tDuraci\u00f3n de la hospitalizaci\u00f3n\t\t\t\t<\/div>\n\t\t\t\n\t\t\t<div class=\"liner-continer\">\n\t\t\t\t<p class=\"woodmart-title-container title wd-fontsize-l\">1 d\u00eda<\/p> \n\t\t\t\t\t\t\t<\/div>\n\n\t\t\t\t\t<\/div>\n\t\t\t\t\t\t<\/div>\n\t\t\t\t<\/div>\n\t\t\t\t<\/div>\n\t\t<div class=\"elementor-element elementor-element-44a0ed53 e-con-full e-flex e-con e-child\" data-id=\"44a0ed53\" data-element_type=\"container\">\n\t\t\t\t<div class=\"elementor-element elementor-element-d136995 wd-width-100 elementor-widget elementor-widget-wd_title\" data-id=\"d136995\" data-element_type=\"widget\" data-widget_type=\"wd_title.default\">\n\t\t\t\t<div class=\"elementor-widget-container\">\n\t\t\t\t\t\t\t<div class=\"title-wrapper set-mb-s reset-last-child wd-title-color-default wd-title-style-default wd-title-size-default text-center\">\n\n\t\t\t\t\t\t\t<div class=\"title-subtitle subtitle-color-default subtitle-style-default wd-fontsize-xs\">\n\t\t\t\t\tDuraci\u00f3n de la operaci\u00f3n\t\t\t\t<\/div>\n\t\t\t\n\t\t\t<div class=\"liner-continer\">\n\t\t\t\t<p class=\"woodmart-title-container title wd-fontsize-l\">2-4 horas<\/p> \n\t\t\t\t\t\t\t<\/div>\n\n\t\t\t\t\t<\/div>\n\t\t\t\t\t\t<\/div>\n\t\t\t\t<\/div>\n\t\t\t\t<\/div>\n\t\t<div class=\"elementor-element elementor-element-38d5c966 e-con-full e-flex e-con e-child\" data-id=\"38d5c966\" data-element_type=\"container\">\n\t\t\t\t<div class=\"elementor-element elementor-element-67b84a1f wd-width-100 elementor-widget elementor-widget-wd_title\" data-id=\"67b84a1f\" data-element_type=\"widget\" data-widget_type=\"wd_title.default\">\n\t\t\t\t<div class=\"elementor-widget-container\">\n\t\t\t\t\t\t\t<div class=\"title-wrapper set-mb-s reset-last-child wd-title-color-default wd-title-style-default wd-title-size-default text-center\">\n\n\t\t\t\t\t\t\t<div class=\"title-subtitle subtitle-color-default subtitle-style-default wd-fontsize-xs\">\n\t\t\t\t\tTipo de anestesia\t\t\t\t<\/div>\n\t\t\t\n\t\t\t<div class=\"liner-continer\">\n\t\t\t\t<p class=\"woodmart-title-container title wd-fontsize-l\">Anestesia general<\/p> \n\t\t\t\t\t\t\t<\/div>\n\n\t\t\t\t\t<\/div>\n\t\t\t\t\t\t<\/div>\n\t\t\t\t<\/div>\n\t\t\t\t<\/div>\n\t\t<div class=\"elementor-element elementor-element-a9ad526 e-con-full e-flex e-con e-child\" data-id=\"a9ad526\" data-element_type=\"container\">\n\t\t\t\t<div class=\"elementor-element elementor-element-69e286c2 wd-width-100 elementor-widget elementor-widget-wd_title\" data-id=\"69e286c2\" data-element_type=\"widget\" data-widget_type=\"wd_title.default\">\n\t\t\t\t<div class=\"elementor-widget-container\">\n\t\t\t\t\t\t\t<div class=\"title-wrapper set-mb-s reset-last-child wd-title-color-default wd-title-style-default wd-title-size-default text-center\">\n\n\t\t\t\t\t\t\t<div class=\"title-subtitle subtitle-color-default subtitle-style-default wd-fontsize-xs\">\n\t\t\t\t\tTiempo de recuperaci\u00f3n\t\t\t\t<\/div>\n\t\t\t\n\t\t\t<div class=\"liner-continer\">\n\t\t\t\t<p class=\"woodmart-title-container title wd-fontsize-l\">1-2 semanas<\/p> \n\t\t\t\t\t\t\t<\/div>\n\n\t\t\t\t\t<\/div>\n\t\t\t\t\t\t<\/div>\n\t\t\t\t<\/div>\n\t\t\t\t<\/div>\n\t\t\t\t\t<\/div>\n\t\t\t\t<\/div>\n\t\t<div class=\"wd-negative-gap elementor-element elementor-element-b433107 e-flex e-con-boxed e-con e-parent\" data-id=\"b433107\" data-element_type=\"container\">\n\t\t\t\t\t<div class=\"e-con-inner\">\n\t\t\t\t<div class=\"elementor-element elementor-element-3b8c941 color-scheme-inherit text-left elementor-widget elementor-widget-text-editor\" data-id=\"3b8c941\" data-element_type=\"widget\" data-widget_type=\"text-editor.default\">\n\t\t\t\t<div class=\"elementor-widget-container\">\n\t\t\t\t\t\t\t\t\t<p><span style=\"font-weight: 400;\">La salud dental es una parte importante de nuestra salud general y la odontolog\u00eda desempe\u00f1a un papel fundamental en la protecci\u00f3n, el tratamiento y la mejora de nuestra boca y dientes. Los servicios de odontolog\u00eda general abarcan una amplia gama de servicios, como limpieza dental, tratamiento de caries, alivio del dolor de muelas, aplicaci\u00f3n de implantes y procedimientos est\u00e9ticos. Mantener la salud bucal y dental con regularidad no s\u00f3lo le garantiza una sonrisa sana, sino que tambi\u00e9n tiene efectos positivos a largo plazo en su salud general.\u00a0<\/span><\/p><h2><span style=\"font-weight: 400;\">\u00bfQu\u00e9 es la odontolog\u00eda general?<\/span><\/h2><p><span style=\"font-weight: 400;\">La odontolog\u00eda general es un conjunto completo de servicios para proteger, tratar y mejorar la salud bucodental. La salud dental est\u00e1 directamente relacionada con la salud general, por lo que las visitas peri\u00f3dicas al dentista son importantes. La odontolog\u00eda general incluye muchas opciones de tratamiento, como la limpieza dental, el tratamiento de la caries, el tratamiento del dolor de muelas o la colocaci\u00f3n de implantes.<\/span><\/p><h2><span style=\"font-weight: 400;\">\u00bfQu\u00e9 tratamientos dentales cubre la odontolog\u00eda general?<\/span><\/h2><p><span style=\"font-weight: 400;\">La odontolog\u00eda general abarca diversas opciones de tratamiento. Estos tratamientos incluyen procedimientos realizados con fines est\u00e9ticos y funcionales. Desde el tratamiento de caries hasta la extracci\u00f3n de dientes, desde el blanqueamiento dental hasta las pr\u00f3tesis dentales, muchas aplicaciones entran dentro de la odontolog\u00eda general. Otros procedimientos populares son la limpieza dental, el tratamiento del conducto radicular y los aparatos de ortodoncia.<\/span><\/p><h2><span style=\"font-weight: 400;\">\u00bfCu\u00e1les son los beneficios de los servicios de odontolog\u00eda general?<\/span><\/h2><p><span style=\"font-weight: 400;\">Adem\u00e1s de proteger su salud bucal y dental, los servicios de odontolog\u00eda general tambi\u00e9n repercuten positivamente en la salud general. Las visitas regulares al dentista garantizan la detecci\u00f3n precoz de caries, reducen el riesgo de enfermedades de las enc\u00edas y previenen problemas como el mal aliento. Tambi\u00e9n es posible conseguir una sonrisa est\u00e9ticamente agradable.<\/span><\/p><h2><span style=\"font-weight: 400;\">\u00bfPor qu\u00e9 es importante la higiene dental?<\/span><\/h2><p><span style=\"font-weight: 400;\">Di\u015f temizli\u011fi, di\u015flerde biriken plak ve tartar\u0131n temizlenmesi i\u015flemidir. D\u00fczenli olarak yap\u0131lan di\u015f temizli\u011fi, di\u015f eti hastal\u0131klar\u0131n\u0131 ve \u00e7\u00fcr\u00fckleri \u00f6nler. Aksi takdirde, tartar birikintileri di\u015flerde iltihaplanma ve enfeksiyonlara yol a\u00e7abilir. Di\u015f temizli\u011fi, di\u015flerinizin sa\u011fl\u0131\u011f\u0131n\u0131 koruyarak uzun vadede daha b\u00fcy\u00fck problemlerin \u00f6n\u00fcne ge\u00e7er.<\/span><\/p><h2><span style=\"font-weight: 400;\">Tratamiento de las caries y antes y despu\u00e9s<\/span><\/h2><p><span style=\"font-weight: 400;\">La caries puede provocar problemas m\u00e1s graves si no se trata a tiempo. El tratamiento de la caries consiste en limpiar y empastar el diente cariado. Antes de empastar el diente, el dentista determinar\u00e1 el alcance de la caries y elegir\u00e1 el m\u00e9todo de tratamiento adecuado. Tras el tratamiento de la caries, se restablece la funci\u00f3n y la est\u00e9tica del diente.<\/span><\/p><h2><span style=\"font-weight: 400;\">\u00bfQu\u00e9 se debe hacer en caso de dolor de muelas?<\/span><\/h2><p><span style=\"font-weight: 400;\">El dolor de muelas suele estar causado por una caries o una enfermedad de las enc\u00edas. Las personas con dolor de muelas deben consultar a un dentista. El dentista determina el m\u00e9todo de tratamiento adecuado tras determinar la causa del dolor. Aunque se utilizan analg\u00e9sicos para aliviar temporalmente el dolor, se requiere un tratamiento profesional para una soluci\u00f3n permanente.<\/span><\/p><h2><span style=\"font-weight: 400;\">Servicio de blanqueamiento dental: \u00bfC\u00f3mo se aplica?<\/span><\/h2><p><span style=\"font-weight: 400;\">El blanqueamiento dental es una aplicaci\u00f3n est\u00e9tica para aclarar el color natural de los dientes. El blanqueamiento dental suele realizarse con un gel blanqueador especial o con l\u00e1ser. El blanqueamiento dental elimina las manchas causadas por el caf\u00e9, el tabaco y otros alimentos y proporciona una sonrisa m\u00e1s brillante. Sin embargo, los dientes deben estar sanos antes del procedimiento de blanqueamiento.<\/span><\/p><h2><span style=\"font-weight: 400;\">\u00bfA qui\u00e9n se realiza la limpieza del sarro?<\/span><\/h2><p><span style=\"font-weight: 400;\">La limpieza del sarro es especialmente importante para mantener la salud de las enc\u00edas. El sarro acumulado en los dientes puede provocar enfermedades de las enc\u00edas. El raspado debe hacerse cuando las enc\u00edas muestran signos de sangrado, hinchaz\u00f3n e inflamaci\u00f3n. Este procedimiento lo realiza un dentista y ayuda a mantener los dientes sanos.<\/span><\/p><h2><span style=\"font-weight: 400;\">\u00bfCu\u00e1ndo debe hacerse una revisi\u00f3n dental?<\/span><\/h2><p><span style=\"font-weight: 400;\">Las revisiones dentales son una de las formas m\u00e1s eficaces de proteger su salud dental. Acudir al dentista cada seis meses es ideal para la detecci\u00f3n precoz de caries, enfermedades de las enc\u00edas y otros problemas bucales. Adem\u00e1s, las revisiones dentales peri\u00f3dicas garantizan que tus dientes se mantengan sanos durante mucho tiempo.<\/span><\/p><h2><span style=\"font-weight: 400;\">\u00bfEn qu\u00e9 casos es necesario un tratamiento con ortodoncia?<\/span><\/h2><p><span style=\"font-weight: 400;\">El tratamiento con brackets se prefiere en los casos en que es necesario enderezar los dientes. Los aparatos se utilizan para corregir los dientes api\u00f1ados, torcidos o superpuestos. El tratamiento con ortodoncia garantiza una alineaci\u00f3n saludable de los dientes, tanto desde el punto de vista est\u00e9tico como funcional. Adem\u00e1s, unos dientes correctamente alineados proporcionan una mejor funci\u00f3n de la mordida.<\/span><\/p><h2><span style=\"font-weight: 400;\">\u00bfQu\u00e9 es la aplicaci\u00f3n de implantes dentales y a qui\u00e9n se aplica?<\/span><\/h2><p><span style=\"font-weight: 400;\">Los implantes dentales son ra\u00edces dentales artificiales que sustituyen a los dientes perdidos. El implante dental se fabrica con un tornillo de titanio que se coloca en el hueso maxilar y sobre \u00e9l se coloca un diente de porcelana. El implante dental ofrece una soluci\u00f3n permanente para las personas con p\u00e9rdida de dientes y funciona como los dientes naturales.<\/span><\/p><h2><span style=\"font-weight: 400;\">\u00bfC\u00f3mo garantizar la salud dental de los ni\u00f1os?<\/span><\/h2><p><span style=\"font-weight: 400;\">La salud dental de los ni\u00f1os debe iniciarse a una edad temprana. Las revisiones dentales peri\u00f3dicas y unos h\u00e1bitos dentales saludables ayudan a prevenir las caries. Adem\u00e1s, los tratamientos dentales y las aplicaciones preventivas especiales para ni\u00f1os permiten proteger la salud dental en el futuro.<\/span><\/p><h2><span style=\"font-weight: 400;\">Lo que debe saber antes de ir al dentista<\/span><\/h2><p><span style=\"font-weight: 400;\">Es \u00fatil hacer algunos preparativos antes de ir al dentista. Por ejemplo, es importante que informe a su dentista sobre su estado de salud actual, medicamentos o alergias. Tambi\u00e9n puede comentar las opciones de tratamiento con su dentista para determinar qu\u00e9 procedimiento es el m\u00e1s adecuado para usted.<\/span><\/p><h2><span style=\"font-weight: 400;\">\u00daltimas tecnolog\u00edas en tratamientos odontol\u00f3gicos<\/span><\/h2><p><span style=\"font-weight: 400;\">Hoy en d\u00eda, los tratamientos dentales son m\u00e1s eficaces y c\u00f3modos gracias a las tecnolog\u00edas avanzadas. El tratamiento dental con l\u00e1ser, las radiograf\u00edas digitales y las tecnolog\u00edas CAD\/CAM facilitan el trabajo de los dentistas y aceleran los procesos de tratamiento. Estas tecnolog\u00edas tambi\u00e9n ayudan a que los resultados del tratamiento sean m\u00e1s precisos y est\u00e9ticos.<\/span><\/p><h2><span style=\"font-weight: 400;\">\u00bfQu\u00e9 son los precios de la odontolog\u00eda y c\u00f3mo se determinan?<\/span><\/h2><p><span style=\"font-weight: 400;\">Los precios de la odontolog\u00eda var\u00edan en funci\u00f3n del tratamiento, los materiales utilizados y la experiencia del dentista. Por ejemplo, procedimientos como el blanqueamiento dental, los implantes y el tratamiento de conductos son m\u00e1s costosos que otros tratamientos sencillos. Los precios pueden variar seg\u00fan el estado de salud del paciente y el tratamiento que necesite.<\/span><\/p><p>\u00a0<\/p>\t\t\t\t\t\t\t\t<\/div>\n\t\t\t\t<\/div>\n\t\t\t\t\t<\/div>\n\t\t\t\t<\/div>\n\t\t\t\t<\/div>","protected":false},"excerpt":{"rendered":"<p>Ortalama Kal\u0131\u015f S\u00fcresi 7 G\u00fcn Hastanede Yat\u0131\u015f S\u00fcresi 1 G\u00fcn Operasyon S\u00fcresi 2-4 Saat Anestezi T\u00fcr\u00fc Genel Anestezi \u0130yile\u015fme S\u00fcresi<\/p>","protected":false},"author":1,"featured_media":0,"parent":0,"menu_order":0,"comment_status":"closed","ping_status":"closed","template":"","meta":{"footnotes":""},"class_list":["post-27871","page","type-page","status-publish","hentry"],"_links":{"self":[{"href":"https:\/\/westestetik.com\/es\/wp-json\/wp\/v2\/pages\/27871","targetHints":{"allow":["GET"]}}],"collection":[{"href":"https:\/\/westestetik.com\/es\/wp-json\/wp\/v2\/pages"}],"about":[{"href":"https:\/\/westestetik.com\/es\/wp-json\/wp\/v2\/types\/page"}],"author":[{"embeddable":true,"href":"https:\/\/westestetik.com\/es\/wp-json\/wp\/v2\/users\/1"}],"replies":[{"embeddable":true,"href":"https:\/\/westestetik.com\/es\/wp-json\/wp\/v2\/comments?post=27871"}],"version-history":[{"count":10,"href":"https:\/\/westestetik.com\/es\/wp-json\/wp\/v2\/pages\/27871\/revisions"}],"predecessor-version":[{"id":29022,"href":"https:\/\/westestetik.com\/es\/wp-json\/wp\/v2\/pages\/27871\/revisions\/29022"}],"wp:attachment":[{"href":"https:\/\/westestetik.com\/es\/wp-json\/wp\/v2\/media?parent=27871"}],"curies":[{"name":"wp","href":"https:\/\/api.w.org\/{rel}","templated":true}]}}