{"id":27869,"date":"2024-12-02T23:31:56","date_gmt":"2024-12-02T23:31:56","guid":{"rendered":"https:\/\/westestetik.com\/?page_id=27869"},"modified":"2024-12-26T15:05:42","modified_gmt":"2024-12-26T15:05:42","slug":"union","status":"publish","type":"page","link":"https:\/\/westestetik.com\/es\/union\/","title":{"rendered":"Vinculaci\u00f3n"},"content":{"rendered":"<div data-elementor-type=\"wp-page\" data-elementor-id=\"27869\" class=\"elementor elementor-27869\" data-elementor-post-type=\"page\">\n\t\t\t\t<div class=\"elementor-element elementor-element-b0655cb e-con-full elementor-hidden-mobile e-flex e-con e-parent\" data-id=\"b0655cb\" data-element_type=\"container\">\n\t\t<div class=\"elementor-element elementor-element-437beef4 e-con-full e-flex e-con e-child\" data-id=\"437beef4\" data-element_type=\"container\">\n\t\t\t\t<div class=\"elementor-element elementor-element-6767f55c elementor-widget elementor-widget-image\" data-id=\"6767f55c\" data-element_type=\"widget\" data-widget_type=\"image.default\">\n\t\t\t\t<div class=\"elementor-widget-container\">\n\t\t\t\t\t\t\t\t\t\t\t\t\t\t\t<img decoding=\"async\" width=\"100\" height=\"100\" src=\"https:\/\/westestetik.com\/wp-content\/uploads\/2024\/12\/1-4.png\" class=\"attachment-large size-large wp-image-28814\" alt=\"\" srcset=\"https:\/\/westestetik.com\/wp-content\/uploads\/2024\/12\/1-4.png 100w, https:\/\/westestetik.com\/wp-content\/uploads\/2024\/12\/1-4-12x12.png 12w\" sizes=\"(max-width: 100px) 100vw, 100px\" \/>\t\t\t\t\t\t\t\t\t\t\t\t\t\t\t<\/div>\n\t\t\t\t<\/div>\n\t\t\t\t<\/div>\n\t\t<div class=\"elementor-element elementor-element-bdfd488 e-con-full e-flex e-con e-child\" data-id=\"bdfd488\" data-element_type=\"container\">\n\t\t\t\t<div class=\"elementor-element elementor-element-2e99a795 elementor-widget elementor-widget-image\" data-id=\"2e99a795\" data-element_type=\"widget\" data-widget_type=\"image.default\">\n\t\t\t\t<div class=\"elementor-widget-container\">\n\t\t\t\t\t\t\t\t\t\t\t\t\t\t\t<img decoding=\"async\" width=\"100\" height=\"100\" src=\"https:\/\/westestetik.com\/wp-content\/uploads\/2024\/12\/2-5.png\" class=\"attachment-large size-large wp-image-28815\" alt=\"\" srcset=\"https:\/\/westestetik.com\/wp-content\/uploads\/2024\/12\/2-5.png 100w, https:\/\/westestetik.com\/wp-content\/uploads\/2024\/12\/2-5-12x12.png 12w\" sizes=\"(max-width: 100px) 100vw, 100px\" \/>\t\t\t\t\t\t\t\t\t\t\t\t\t\t\t<\/div>\n\t\t\t\t<\/div>\n\t\t\t\t<\/div>\n\t\t<div class=\"elementor-element elementor-element-396a72d e-con-full e-flex e-con e-child\" data-id=\"396a72d\" data-element_type=\"container\">\n\t\t\t\t<div class=\"elementor-element elementor-element-18f211d6 elementor-widget elementor-widget-image\" data-id=\"18f211d6\" data-element_type=\"widget\" data-widget_type=\"image.default\">\n\t\t\t\t<div class=\"elementor-widget-container\">\n\t\t\t\t\t\t\t\t\t\t\t\t\t\t\t<img decoding=\"async\" width=\"100\" height=\"100\" src=\"https:\/\/westestetik.com\/wp-content\/uploads\/2024\/12\/3-1.png\" class=\"attachment-large size-large wp-image-28816\" alt=\"\" srcset=\"https:\/\/westestetik.com\/wp-content\/uploads\/2024\/12\/3-1.png 100w, https:\/\/westestetik.com\/wp-content\/uploads\/2024\/12\/3-1-12x12.png 12w\" sizes=\"(max-width: 100px) 100vw, 100px\" \/>\t\t\t\t\t\t\t\t\t\t\t\t\t\t\t<\/div>\n\t\t\t\t<\/div>\n\t\t\t\t<\/div>\n\t\t<div class=\"elementor-element elementor-element-fcfa1cc e-con-full e-flex e-con e-child\" data-id=\"fcfa1cc\" data-element_type=\"container\">\n\t\t\t\t<div class=\"elementor-element elementor-element-69112f48 elementor-widget elementor-widget-image\" data-id=\"69112f48\" data-element_type=\"widget\" data-widget_type=\"image.default\">\n\t\t\t\t<div class=\"elementor-widget-container\">\n\t\t\t\t\t\t\t\t\t\t\t\t\t\t\t<img loading=\"lazy\" decoding=\"async\" width=\"100\" height=\"100\" src=\"https:\/\/westestetik.com\/wp-content\/uploads\/2024\/12\/4-1.png\" class=\"attachment-large size-large wp-image-28817\" alt=\"\" srcset=\"https:\/\/westestetik.com\/wp-content\/uploads\/2024\/12\/4-1.png 100w, https:\/\/westestetik.com\/wp-content\/uploads\/2024\/12\/4-1-12x12.png 12w\" sizes=\"(max-width: 100px) 100vw, 100px\" \/>\t\t\t\t\t\t\t\t\t\t\t\t\t\t\t<\/div>\n\t\t\t\t<\/div>\n\t\t\t\t<\/div>\n\t\t<div class=\"elementor-element elementor-element-6b27441a e-con-full e-flex e-con e-child\" data-id=\"6b27441a\" data-element_type=\"container\">\n\t\t\t\t<div class=\"elementor-element elementor-element-8a89953 elementor-widget elementor-widget-image\" data-id=\"8a89953\" data-element_type=\"widget\" data-widget_type=\"image.default\">\n\t\t\t\t<div class=\"elementor-widget-container\">\n\t\t\t\t\t\t\t\t\t\t\t\t\t\t\t<img loading=\"lazy\" decoding=\"async\" width=\"100\" height=\"100\" src=\"https:\/\/westestetik.com\/wp-content\/uploads\/2024\/12\/5-1.png\" class=\"attachment-large size-large wp-image-28818\" alt=\"\" srcset=\"https:\/\/westestetik.com\/wp-content\/uploads\/2024\/12\/5-1.png 100w, https:\/\/westestetik.com\/wp-content\/uploads\/2024\/12\/5-1-12x12.png 12w\" sizes=\"(max-width: 100px) 100vw, 100px\" \/>\t\t\t\t\t\t\t\t\t\t\t\t\t\t\t<\/div>\n\t\t\t\t<\/div>\n\t\t\t\t<\/div>\n\t\t\t\t<\/div>\n\t\t<div class=\"wd-negative-gap elementor-element elementor-element-759780e7 elementor-hidden-mobile e-flex e-con-boxed e-con e-parent\" data-id=\"759780e7\" data-element_type=\"container\">\n\t\t\t\t\t<div class=\"e-con-inner\">\n\t\t<div class=\"elementor-element elementor-element-5822e9d1 e-con-full e-flex e-con e-child\" data-id=\"5822e9d1\" data-element_type=\"container\">\n\t\t\t\t<div class=\"elementor-element elementor-element-56c7acd5 wd-width-100 elementor-widget elementor-widget-wd_title\" data-id=\"56c7acd5\" data-element_type=\"widget\" data-widget_type=\"wd_title.default\">\n\t\t\t\t<div class=\"elementor-widget-container\">\n\t\t\t\t\t\t\t<div class=\"title-wrapper set-mb-s reset-last-child wd-title-color-default wd-title-style-default wd-title-size-default text-center\">\n\n\t\t\t\t\t\t\t<div class=\"title-subtitle subtitle-color-default subtitle-style-default wd-fontsize-xs\">\n\t\t\t\t\tDuraci\u00f3n media de la estancia\t\t\t\t<\/div>\n\t\t\t\n\t\t\t<div class=\"liner-continer\">\n\t\t\t\t<p class=\"woodmart-title-container title wd-fontsize-l\">7 d\u00edas<\/p> \n\t\t\t\t\t\t\t<\/div>\n\n\t\t\t\t\t<\/div>\n\t\t\t\t\t\t<\/div>\n\t\t\t\t<\/div>\n\t\t\t\t<\/div>\n\t\t<div class=\"elementor-element elementor-element-4a25a110 e-con-full e-flex e-con e-child\" data-id=\"4a25a110\" data-element_type=\"container\">\n\t\t\t\t<div class=\"elementor-element elementor-element-57f6a9db wd-width-100 elementor-widget elementor-widget-wd_title\" data-id=\"57f6a9db\" data-element_type=\"widget\" data-widget_type=\"wd_title.default\">\n\t\t\t\t<div class=\"elementor-widget-container\">\n\t\t\t\t\t\t\t<div class=\"title-wrapper set-mb-s reset-last-child wd-title-color-default wd-title-style-default wd-title-size-default text-center\">\n\n\t\t\t\t\t\t\t<div class=\"title-subtitle subtitle-color-default subtitle-style-default wd-fontsize-xs\">\n\t\t\t\t\tDuraci\u00f3n de la hospitalizaci\u00f3n\t\t\t\t<\/div>\n\t\t\t\n\t\t\t<div class=\"liner-continer\">\n\t\t\t\t<p class=\"woodmart-title-container title wd-fontsize-l\">1 d\u00eda<\/p> \n\t\t\t\t\t\t\t<\/div>\n\n\t\t\t\t\t<\/div>\n\t\t\t\t\t\t<\/div>\n\t\t\t\t<\/div>\n\t\t\t\t<\/div>\n\t\t<div class=\"elementor-element elementor-element-2b462753 e-con-full e-flex e-con e-child\" data-id=\"2b462753\" data-element_type=\"container\">\n\t\t\t\t<div class=\"elementor-element elementor-element-2fad5b79 wd-width-100 elementor-widget elementor-widget-wd_title\" data-id=\"2fad5b79\" data-element_type=\"widget\" data-widget_type=\"wd_title.default\">\n\t\t\t\t<div class=\"elementor-widget-container\">\n\t\t\t\t\t\t\t<div class=\"title-wrapper set-mb-s reset-last-child wd-title-color-default wd-title-style-default wd-title-size-default text-center\">\n\n\t\t\t\t\t\t\t<div class=\"title-subtitle subtitle-color-default subtitle-style-default wd-fontsize-xs\">\n\t\t\t\t\tDuraci\u00f3n de la operaci\u00f3n\t\t\t\t<\/div>\n\t\t\t\n\t\t\t<div class=\"liner-continer\">\n\t\t\t\t<p class=\"woodmart-title-container title wd-fontsize-l\">2-4 horas<\/p> \n\t\t\t\t\t\t\t<\/div>\n\n\t\t\t\t\t<\/div>\n\t\t\t\t\t\t<\/div>\n\t\t\t\t<\/div>\n\t\t\t\t<\/div>\n\t\t<div class=\"elementor-element elementor-element-41015467 e-con-full e-flex e-con e-child\" data-id=\"41015467\" data-element_type=\"container\">\n\t\t\t\t<div class=\"elementor-element elementor-element-2ee482be wd-width-100 elementor-widget elementor-widget-wd_title\" data-id=\"2ee482be\" data-element_type=\"widget\" data-widget_type=\"wd_title.default\">\n\t\t\t\t<div class=\"elementor-widget-container\">\n\t\t\t\t\t\t\t<div class=\"title-wrapper set-mb-s reset-last-child wd-title-color-default wd-title-style-default wd-title-size-default text-center\">\n\n\t\t\t\t\t\t\t<div class=\"title-subtitle subtitle-color-default subtitle-style-default wd-fontsize-xs\">\n\t\t\t\t\tTipo de anestesia\t\t\t\t<\/div>\n\t\t\t\n\t\t\t<div class=\"liner-continer\">\n\t\t\t\t<p class=\"woodmart-title-container title wd-fontsize-l\">Anestesia general<\/p> \n\t\t\t\t\t\t\t<\/div>\n\n\t\t\t\t\t<\/div>\n\t\t\t\t\t\t<\/div>\n\t\t\t\t<\/div>\n\t\t\t\t<\/div>\n\t\t<div class=\"elementor-element elementor-element-28f64ef1 e-con-full e-flex e-con e-child\" data-id=\"28f64ef1\" data-element_type=\"container\">\n\t\t\t\t<div class=\"elementor-element elementor-element-6eb77cb1 wd-width-100 elementor-widget elementor-widget-wd_title\" data-id=\"6eb77cb1\" data-element_type=\"widget\" data-widget_type=\"wd_title.default\">\n\t\t\t\t<div class=\"elementor-widget-container\">\n\t\t\t\t\t\t\t<div class=\"title-wrapper set-mb-s reset-last-child wd-title-color-default wd-title-style-default wd-title-size-default text-center\">\n\n\t\t\t\t\t\t\t<div class=\"title-subtitle subtitle-color-default subtitle-style-default wd-fontsize-xs\">\n\t\t\t\t\tTiempo de recuperaci\u00f3n\t\t\t\t<\/div>\n\t\t\t\n\t\t\t<div class=\"liner-continer\">\n\t\t\t\t<p class=\"woodmart-title-container title wd-fontsize-l\">1-2 semanas<\/p> \n\t\t\t\t\t\t\t<\/div>\n\n\t\t\t\t\t<\/div>\n\t\t\t\t\t\t<\/div>\n\t\t\t\t<\/div>\n\t\t\t\t<\/div>\n\t\t\t\t\t<\/div>\n\t\t\t\t<\/div>\n\t\t<div class=\"wd-negative-gap elementor-element elementor-element-e0dca75 e-flex e-con-boxed e-con e-parent\" data-id=\"e0dca75\" data-element_type=\"container\">\n\t\t\t\t\t<div class=\"e-con-inner\">\n\t\t\t\t<div class=\"elementor-element elementor-element-3b86af9 color-scheme-inherit text-left elementor-widget elementor-widget-text-editor\" data-id=\"3b86af9\" data-element_type=\"widget\" data-widget_type=\"text-editor.default\">\n\t\t\t\t<div class=\"elementor-widget-container\">\n\t\t\t\t\t\t\t\t\t<p><span style=\"font-weight: 400;\">La adhesi\u00f3n ofrece una soluci\u00f3n eficaz y r\u00e1pida que goza de gran preferencia en la est\u00e9tica dental. Este m\u00e9todo, que se utiliza para corregir problemas est\u00e9ticos como peque\u00f1as grietas, fracturas, decoloraciones o huecos en los dientes, se aplica sin da\u00f1ar la estructura natural del diente. El proceso de adhesi\u00f3n, que ofrece ventajas tanto est\u00e9ticas como funcionales, suele llamar la atenci\u00f3n por ser un tratamiento r\u00e1pido e indoloro. Es una opci\u00f3n ideal para quienes desean conseguir un aspecto natural tras la aplicaci\u00f3n y tener unos dientes m\u00e1s bonitos y sanos.<\/span><\/p><h2><span style=\"font-weight: 400;\">\u00bfQu\u00e9 es la adhesi\u00f3n y c\u00f3mo se aplica?<\/span><\/h2><p><span style=\"font-weight: 400;\">La adhesi\u00f3n es una intervenci\u00f3n est\u00e9tica en odontolog\u00eda y es una t\u00e9cnica utilizada para mejorar el aspecto natural de los dientes. El proceso de adhesi\u00f3n consiste en aplicar un material de resina especial a la superficie anterior del diente. Este material se selecciona para que coincida con el color del diente y se coloca sobre \u00e9ste. A continuaci\u00f3n se endurece con una luz especial. La adhesi\u00f3n es un m\u00e9todo ideal para corregir peque\u00f1as grietas, fracturas y decoloraciones de los dientes. No se siente dolor durante la aplicaci\u00f3n y generalmente no requiere anestesia.<\/span><\/p><h2><span style=\"font-weight: 400;\">\u00bfCu\u00e1les son las ventajas del proceso de adhesi\u00f3n?<\/span><\/h2><p><span style=\"font-weight: 400;\">La adhesi\u00f3n tiene muchas ventajas. En primer lugar, el hecho de que sea un procedimiento que se completa en poco tiempo es una de las principales razones por las que se prefiere este m\u00e9todo. La aplicaci\u00f3n del Bonding se realiza sin da\u00f1ar la estructura natural del diente, lo que aumenta la comodidad de los pacientes. Adem\u00e1s, este procedimiento es ideal para corregir defectos menores en los dientes, y el resultado suele conseguirse en una sola sesi\u00f3n. El bonding es una de las soluciones m\u00e1s r\u00e1pidas y econ\u00f3micas en odontolog\u00eda est\u00e9tica. El hecho de que pueda aplicarse a precios m\u00e1s asequibles en comparaci\u00f3n con otras aplicaciones de est\u00e9tica dental supone una gran ventaja para los pacientes.<\/span><\/p><h2><span style=\"font-weight: 400;\">\u00bfA qui\u00e9n se puede aplicar la adhesi\u00f3n?<\/span><\/h2><p><span style=\"font-weight: 400;\">La adhesi\u00f3n puede ser una opci\u00f3n adecuada para cualquier persona que tenga peque\u00f1os problemas est\u00e9ticos en los dientes. Las personas que desean solucionar el problema de dientes agrietados, rotos o con espacios entre los dientes pueden beneficiarse de esta aplicaci\u00f3n. Adem\u00e1s, las personas que experimentan cambios en el color natural de sus dientes tambi\u00e9n pueden tener una correcci\u00f3n est\u00e9tica con la adhesi\u00f3n. Dado que la adhesi\u00f3n es un procedimiento que se realiza sin da\u00f1ar la estructura dental, tambi\u00e9n es adecuado para personas con dientes muy sanos. Sin embargo, pueden recomendarse otros m\u00e9todos de tratamiento para personas con problemas dentales graves.<\/span><\/p><h2><span style=\"font-weight: 400;\">\u00bfCu\u00e1nto dura el proceso de adhesi\u00f3n?<\/span><\/h2><p><span style=\"font-weight: 400;\">El proceso de adhesi\u00f3n suele durar entre 30 minutos y 1 hora. Esto depende de la zona problem\u00e1tica del diente y de la cantidad de correcci\u00f3n que haya que realizar. Mientras que el proceso puede durar muy poco para reparar fisuras o peque\u00f1as fracturas, puede tardar un poco m\u00e1s cuando hay que organizar una zona m\u00e1s grande. No obstante, el bonding es una aplicaci\u00f3n dental est\u00e9tica que ofrece resultados r\u00e1pidos. El hecho de poder conseguir el resultado deseado en una sola sesi\u00f3n es una de las razones por las que se prefiere este procedimiento.<\/span><\/p><h2><span style=\"font-weight: 400;\">Cosas que debe saber sobre los precios de las fianzas<\/span><\/h2><p><span style=\"font-weight: 400;\">Los precios de las adhesiones var\u00edan seg\u00fan el tipo de procedimiento que se vaya a realizar y el estado del diente. La adhesi\u00f3n, que es una opci\u00f3n m\u00e1s econ\u00f3mica en comparaci\u00f3n con otras aplicaciones dentales est\u00e9ticas, puede aplicarse generalmente a precios m\u00e1s asequibles. Los precios pueden variar seg\u00fan las aplicaciones cl\u00ednicas, la ubicaci\u00f3n del diente y los materiales utilizados. Por lo tanto, se recomienda consultar a un dentista para obtener informaci\u00f3n clara sobre los precios del bonding. No obstante, para quienes buscan una opci\u00f3n econ\u00f3mica, la adhesi\u00f3n es una de las soluciones m\u00e1s asequibles en el campo de la est\u00e9tica dental.<\/span><\/p><h2><span style=\"font-weight: 400;\">Cuidados y consideraciones posteriores a la adhesi\u00f3n<\/span><\/h2><p><span style=\"font-weight: 400;\">Los cuidados posteriores a la adhesi\u00f3n son bastante sencillos. Es importante evitar el consumo de alimentos duros o bebidas coloreadas sobre los dientes en las primeras 24 horas. Despu\u00e9s de la adhesi\u00f3n, procure no ejercer presi\u00f3n sobre los dientes y evite el consumo de alimentos duros. Tambi\u00e9n puede continuar con sus h\u00e1bitos de cepillado dental. La adhesi\u00f3n dental requiere un cuidado similar al de los dientes naturales. Las revisiones dentales peri\u00f3dicas y una buena higiene bucal aumentar\u00e1n la eficacia a largo plazo del procedimiento de adhesi\u00f3n.<\/span><\/p><h2><span style=\"font-weight: 400;\">\u00bfEs doloroso el proceso de adhesi\u00f3n?<\/span><\/h2><p><span style=\"font-weight: 400;\">La adhesi\u00f3n suele ser indolora y la mayor\u00eda de los pacientes no sienten molestias durante el procedimiento. El material que se aplica al diente se adapta a su estructura natural y se endurece con una luz especial. Durante este procedimiento no se abre el diente ni se produce ninguna lesi\u00f3n, por lo que no suele ser necesaria la anestesia. Si el diente presenta un problema importante o si es necesario realizar otro procedimiento, el dentista se lo explicar\u00e1 antes de la intervenci\u00f3n.<\/span><\/p><h2><span style=\"font-weight: 400;\">\u00bfEn qu\u00e9 se diferencia la adhesi\u00f3n de otras aplicaciones dentales est\u00e9ticas?<\/span><\/h2><p><span style=\"font-weight: 400;\">El bonding difiere de otras aplicaciones dentales est\u00e9ticas en varios aspectos importantes. Otros procedimientos de est\u00e9tica dental suelen ser m\u00e1s caros y requieren m\u00e1s tiempo. La adhesi\u00f3n ofrece una soluci\u00f3n m\u00e1s r\u00e1pida y econ\u00f3mica. Adem\u00e1s, el material adhesivo se moldea mediante aplicaci\u00f3n directa sobre el diente, lo que garantiza una intervenci\u00f3n m\u00ednima en el diente del paciente. Otros procedimientos est\u00e9ticos pueden requerir intervenciones importantes en el diente, pero el bonding es un procedimiento m\u00e1s sencillo y sin esfuerzo.<\/span><\/p><h2><span style=\"font-weight: 400;\">\u00bfCu\u00e1nto duran la permanencia y la durabilidad de la adhesi\u00f3n?<\/span><\/h2><p><span style=\"font-weight: 400;\">La durabilidad del proceso de adhesi\u00f3n var\u00eda en funci\u00f3n de la calidad del material utilizado y de la higiene bucal del paciente. Por t\u00e9rmino medio, las aplicaciones de adhesivo pueden durar entre 5 y 10 a\u00f1os. Sin embargo, consumir alimentos duros que puedan da\u00f1ar los dientes o no prestar atenci\u00f3n a los h\u00e1bitos bucales puede acortar la vida de la adhesi\u00f3n. Su dentista le dar\u00e1 las recomendaciones de cuidado necesarias para prolongar la permanencia de la adhesi\u00f3n.<\/span><\/p><p>\u00a0<\/p>\t\t\t\t\t\t\t\t<\/div>\n\t\t\t\t<\/div>\n\t\t\t\t\t<\/div>\n\t\t\t\t<\/div>\n\t\t\t\t<\/div>","protected":false},"excerpt":{"rendered":"<p>Ortalama Kal\u0131\u015f S\u00fcresi 7 G\u00fcn Hastanede Yat\u0131\u015f S\u00fcresi 1 G\u00fcn Operasyon S\u00fcresi 2-4 Saat Anestezi T\u00fcr\u00fc Genel Anestezi \u0130yile\u015fme S\u00fcresi<\/p>","protected":false},"author":1,"featured_media":0,"parent":0,"menu_order":0,"comment_status":"closed","ping_status":"closed","template":"","meta":{"footnotes":""},"class_list":["post-27869","page","type-page","status-publish","hentry"],"_links":{"self":[{"href":"https:\/\/westestetik.com\/es\/wp-json\/wp\/v2\/pages\/27869","targetHints":{"allow":["GET"]}}],"collection":[{"href":"https:\/\/westestetik.com\/es\/wp-json\/wp\/v2\/pages"}],"about":[{"href":"https:\/\/westestetik.com\/es\/wp-json\/wp\/v2\/types\/page"}],"author":[{"embeddable":true,"href":"https:\/\/westestetik.com\/es\/wp-json\/wp\/v2\/users\/1"}],"replies":[{"embeddable":true,"href":"https:\/\/westestetik.com\/es\/wp-json\/wp\/v2\/comments?post=27869"}],"version-history":[{"count":10,"href":"https:\/\/westestetik.com\/es\/wp-json\/wp\/v2\/pages\/27869\/revisions"}],"predecessor-version":[{"id":29025,"href":"https:\/\/westestetik.com\/es\/wp-json\/wp\/v2\/pages\/27869\/revisions\/29025"}],"wp:attachment":[{"href":"https:\/\/westestetik.com\/es\/wp-json\/wp\/v2\/media?parent=27869"}],"curies":[{"name":"wp","href":"https:\/\/api.w.org\/{rel}","templated":true}]}}