{"id":27867,"date":"2024-12-02T23:31:15","date_gmt":"2024-12-02T23:31:15","guid":{"rendered":"https:\/\/westestetik.com\/?page_id=27867"},"modified":"2024-12-26T15:06:17","modified_gmt":"2024-12-26T15:06:17","slug":"ortodoncia","status":"publish","type":"page","link":"https:\/\/westestetik.com\/es\/ortodoncia\/","title":{"rendered":"Ortodoncia (Invisalign)"},"content":{"rendered":"<div data-elementor-type=\"wp-page\" data-elementor-id=\"27867\" class=\"elementor elementor-27867\" data-elementor-post-type=\"page\">\n\t\t\t\t<div class=\"elementor-element elementor-element-36b30ed4 e-con-full elementor-hidden-mobile e-flex e-con e-parent\" data-id=\"36b30ed4\" data-element_type=\"container\">\n\t\t<div class=\"elementor-element elementor-element-12336478 e-con-full e-flex e-con e-child\" data-id=\"12336478\" data-element_type=\"container\">\n\t\t\t\t<div class=\"elementor-element elementor-element-6a800654 elementor-widget elementor-widget-image\" data-id=\"6a800654\" data-element_type=\"widget\" data-widget_type=\"image.default\">\n\t\t\t\t<div class=\"elementor-widget-container\">\n\t\t\t\t\t\t\t\t\t\t\t\t\t\t\t<img decoding=\"async\" width=\"100\" height=\"100\" src=\"https:\/\/westestetik.com\/wp-content\/uploads\/2024\/12\/1-4.png\" class=\"attachment-large size-large wp-image-28814\" alt=\"\" srcset=\"https:\/\/westestetik.com\/wp-content\/uploads\/2024\/12\/1-4.png 100w, https:\/\/westestetik.com\/wp-content\/uploads\/2024\/12\/1-4-12x12.png 12w\" sizes=\"(max-width: 100px) 100vw, 100px\" \/>\t\t\t\t\t\t\t\t\t\t\t\t\t\t\t<\/div>\n\t\t\t\t<\/div>\n\t\t\t\t<\/div>\n\t\t<div class=\"elementor-element elementor-element-b84ea2a e-con-full e-flex e-con e-child\" data-id=\"b84ea2a\" data-element_type=\"container\">\n\t\t\t\t<div class=\"elementor-element elementor-element-1e195686 elementor-widget elementor-widget-image\" data-id=\"1e195686\" data-element_type=\"widget\" data-widget_type=\"image.default\">\n\t\t\t\t<div class=\"elementor-widget-container\">\n\t\t\t\t\t\t\t\t\t\t\t\t\t\t\t<img decoding=\"async\" width=\"100\" height=\"100\" src=\"https:\/\/westestetik.com\/wp-content\/uploads\/2024\/12\/2-5.png\" class=\"attachment-large size-large wp-image-28815\" alt=\"\" srcset=\"https:\/\/westestetik.com\/wp-content\/uploads\/2024\/12\/2-5.png 100w, https:\/\/westestetik.com\/wp-content\/uploads\/2024\/12\/2-5-12x12.png 12w\" sizes=\"(max-width: 100px) 100vw, 100px\" \/>\t\t\t\t\t\t\t\t\t\t\t\t\t\t\t<\/div>\n\t\t\t\t<\/div>\n\t\t\t\t<\/div>\n\t\t<div class=\"elementor-element elementor-element-20a2090b e-con-full e-flex e-con e-child\" data-id=\"20a2090b\" data-element_type=\"container\">\n\t\t\t\t<div class=\"elementor-element elementor-element-32dc6ba3 elementor-widget elementor-widget-image\" data-id=\"32dc6ba3\" data-element_type=\"widget\" data-widget_type=\"image.default\">\n\t\t\t\t<div class=\"elementor-widget-container\">\n\t\t\t\t\t\t\t\t\t\t\t\t\t\t\t<img decoding=\"async\" width=\"100\" height=\"100\" src=\"https:\/\/westestetik.com\/wp-content\/uploads\/2024\/12\/3-1.png\" class=\"attachment-large size-large wp-image-28816\" alt=\"\" srcset=\"https:\/\/westestetik.com\/wp-content\/uploads\/2024\/12\/3-1.png 100w, https:\/\/westestetik.com\/wp-content\/uploads\/2024\/12\/3-1-12x12.png 12w\" sizes=\"(max-width: 100px) 100vw, 100px\" \/>\t\t\t\t\t\t\t\t\t\t\t\t\t\t\t<\/div>\n\t\t\t\t<\/div>\n\t\t\t\t<\/div>\n\t\t<div class=\"elementor-element elementor-element-1f7bd7cd e-con-full e-flex e-con e-child\" data-id=\"1f7bd7cd\" data-element_type=\"container\">\n\t\t\t\t<div class=\"elementor-element elementor-element-37968261 elementor-widget elementor-widget-image\" data-id=\"37968261\" data-element_type=\"widget\" data-widget_type=\"image.default\">\n\t\t\t\t<div class=\"elementor-widget-container\">\n\t\t\t\t\t\t\t\t\t\t\t\t\t\t\t<img loading=\"lazy\" decoding=\"async\" width=\"100\" height=\"100\" src=\"https:\/\/westestetik.com\/wp-content\/uploads\/2024\/12\/4-1.png\" class=\"attachment-large size-large wp-image-28817\" alt=\"\" srcset=\"https:\/\/westestetik.com\/wp-content\/uploads\/2024\/12\/4-1.png 100w, https:\/\/westestetik.com\/wp-content\/uploads\/2024\/12\/4-1-12x12.png 12w\" sizes=\"(max-width: 100px) 100vw, 100px\" \/>\t\t\t\t\t\t\t\t\t\t\t\t\t\t\t<\/div>\n\t\t\t\t<\/div>\n\t\t\t\t<\/div>\n\t\t<div class=\"elementor-element elementor-element-3343ef98 e-con-full e-flex e-con e-child\" data-id=\"3343ef98\" data-element_type=\"container\">\n\t\t\t\t<div class=\"elementor-element elementor-element-58ec2c0b elementor-widget elementor-widget-image\" data-id=\"58ec2c0b\" data-element_type=\"widget\" data-widget_type=\"image.default\">\n\t\t\t\t<div class=\"elementor-widget-container\">\n\t\t\t\t\t\t\t\t\t\t\t\t\t\t\t<img loading=\"lazy\" decoding=\"async\" width=\"100\" height=\"100\" src=\"https:\/\/westestetik.com\/wp-content\/uploads\/2024\/12\/5-1.png\" class=\"attachment-large size-large wp-image-28818\" alt=\"\" srcset=\"https:\/\/westestetik.com\/wp-content\/uploads\/2024\/12\/5-1.png 100w, https:\/\/westestetik.com\/wp-content\/uploads\/2024\/12\/5-1-12x12.png 12w\" sizes=\"(max-width: 100px) 100vw, 100px\" \/>\t\t\t\t\t\t\t\t\t\t\t\t\t\t\t<\/div>\n\t\t\t\t<\/div>\n\t\t\t\t<\/div>\n\t\t\t\t<\/div>\n\t\t<div class=\"wd-negative-gap elementor-element elementor-element-d04aa20 elementor-hidden-mobile e-flex e-con-boxed e-con e-parent\" data-id=\"d04aa20\" data-element_type=\"container\">\n\t\t\t\t\t<div class=\"e-con-inner\">\n\t\t<div class=\"elementor-element elementor-element-41c2ae1a e-con-full e-flex e-con e-child\" data-id=\"41c2ae1a\" data-element_type=\"container\">\n\t\t\t\t<div class=\"elementor-element elementor-element-72bf604b wd-width-100 elementor-widget elementor-widget-wd_title\" data-id=\"72bf604b\" data-element_type=\"widget\" data-widget_type=\"wd_title.default\">\n\t\t\t\t<div class=\"elementor-widget-container\">\n\t\t\t\t\t\t\t<div class=\"title-wrapper set-mb-s reset-last-child wd-title-color-default wd-title-style-default wd-title-size-default text-center\">\n\n\t\t\t\t\t\t\t<div class=\"title-subtitle subtitle-color-default subtitle-style-default wd-fontsize-xs\">\n\t\t\t\t\tDuraci\u00f3n media de la estancia\t\t\t\t<\/div>\n\t\t\t\n\t\t\t<div class=\"liner-continer\">\n\t\t\t\t<p class=\"woodmart-title-container title wd-fontsize-l\">7 d\u00edas<\/p> \n\t\t\t\t\t\t\t<\/div>\n\n\t\t\t\t\t<\/div>\n\t\t\t\t\t\t<\/div>\n\t\t\t\t<\/div>\n\t\t\t\t<\/div>\n\t\t<div class=\"elementor-element elementor-element-2175a397 e-con-full e-flex e-con e-child\" data-id=\"2175a397\" data-element_type=\"container\">\n\t\t\t\t<div class=\"elementor-element elementor-element-6d65cd2e wd-width-100 elementor-widget elementor-widget-wd_title\" data-id=\"6d65cd2e\" data-element_type=\"widget\" data-widget_type=\"wd_title.default\">\n\t\t\t\t<div class=\"elementor-widget-container\">\n\t\t\t\t\t\t\t<div class=\"title-wrapper set-mb-s reset-last-child wd-title-color-default wd-title-style-default wd-title-size-default text-center\">\n\n\t\t\t\t\t\t\t<div class=\"title-subtitle subtitle-color-default subtitle-style-default wd-fontsize-xs\">\n\t\t\t\t\tDuraci\u00f3n de la hospitalizaci\u00f3n\t\t\t\t<\/div>\n\t\t\t\n\t\t\t<div class=\"liner-continer\">\n\t\t\t\t<p class=\"woodmart-title-container title wd-fontsize-l\">1 d\u00eda<\/p> \n\t\t\t\t\t\t\t<\/div>\n\n\t\t\t\t\t<\/div>\n\t\t\t\t\t\t<\/div>\n\t\t\t\t<\/div>\n\t\t\t\t<\/div>\n\t\t<div class=\"elementor-element elementor-element-26423aa9 e-con-full e-flex e-con e-child\" data-id=\"26423aa9\" data-element_type=\"container\">\n\t\t\t\t<div class=\"elementor-element elementor-element-2eea0bf7 wd-width-100 elementor-widget elementor-widget-wd_title\" data-id=\"2eea0bf7\" data-element_type=\"widget\" data-widget_type=\"wd_title.default\">\n\t\t\t\t<div class=\"elementor-widget-container\">\n\t\t\t\t\t\t\t<div class=\"title-wrapper set-mb-s reset-last-child wd-title-color-default wd-title-style-default wd-title-size-default text-center\">\n\n\t\t\t\t\t\t\t<div class=\"title-subtitle subtitle-color-default subtitle-style-default wd-fontsize-xs\">\n\t\t\t\t\tDuraci\u00f3n de la operaci\u00f3n\t\t\t\t<\/div>\n\t\t\t\n\t\t\t<div class=\"liner-continer\">\n\t\t\t\t<p class=\"woodmart-title-container title wd-fontsize-l\">2-4 horas<\/p> \n\t\t\t\t\t\t\t<\/div>\n\n\t\t\t\t\t<\/div>\n\t\t\t\t\t\t<\/div>\n\t\t\t\t<\/div>\n\t\t\t\t<\/div>\n\t\t<div class=\"elementor-element elementor-element-5a676f7d e-con-full e-flex e-con e-child\" data-id=\"5a676f7d\" data-element_type=\"container\">\n\t\t\t\t<div class=\"elementor-element elementor-element-73c550bd wd-width-100 elementor-widget elementor-widget-wd_title\" data-id=\"73c550bd\" data-element_type=\"widget\" data-widget_type=\"wd_title.default\">\n\t\t\t\t<div class=\"elementor-widget-container\">\n\t\t\t\t\t\t\t<div class=\"title-wrapper set-mb-s reset-last-child wd-title-color-default wd-title-style-default wd-title-size-default text-center\">\n\n\t\t\t\t\t\t\t<div class=\"title-subtitle subtitle-color-default subtitle-style-default wd-fontsize-xs\">\n\t\t\t\t\tTipo de anestesia\t\t\t\t<\/div>\n\t\t\t\n\t\t\t<div class=\"liner-continer\">\n\t\t\t\t<p class=\"woodmart-title-container title wd-fontsize-l\">Anestesia general<\/p> \n\t\t\t\t\t\t\t<\/div>\n\n\t\t\t\t\t<\/div>\n\t\t\t\t\t\t<\/div>\n\t\t\t\t<\/div>\n\t\t\t\t<\/div>\n\t\t<div class=\"elementor-element elementor-element-646427f0 e-con-full e-flex e-con e-child\" data-id=\"646427f0\" data-element_type=\"container\">\n\t\t\t\t<div class=\"elementor-element elementor-element-6c95bc67 wd-width-100 elementor-widget elementor-widget-wd_title\" data-id=\"6c95bc67\" data-element_type=\"widget\" data-widget_type=\"wd_title.default\">\n\t\t\t\t<div class=\"elementor-widget-container\">\n\t\t\t\t\t\t\t<div class=\"title-wrapper set-mb-s reset-last-child wd-title-color-default wd-title-style-default wd-title-size-default text-center\">\n\n\t\t\t\t\t\t\t<div class=\"title-subtitle subtitle-color-default subtitle-style-default wd-fontsize-xs\">\n\t\t\t\t\tTiempo de recuperaci\u00f3n\t\t\t\t<\/div>\n\t\t\t\n\t\t\t<div class=\"liner-continer\">\n\t\t\t\t<p class=\"woodmart-title-container title wd-fontsize-l\">1-2 semanas<\/p> \n\t\t\t\t\t\t\t<\/div>\n\n\t\t\t\t\t<\/div>\n\t\t\t\t\t\t<\/div>\n\t\t\t\t<\/div>\n\t\t\t\t<\/div>\n\t\t\t\t\t<\/div>\n\t\t\t\t<\/div>\n\t\t<div class=\"wd-negative-gap elementor-element elementor-element-77df139 e-flex e-con-boxed e-con e-parent\" data-id=\"77df139\" data-element_type=\"container\">\n\t\t\t\t\t<div class=\"e-con-inner\">\n\t\t\t\t<div class=\"elementor-element elementor-element-9c42a31 color-scheme-inherit text-left elementor-widget elementor-widget-text-editor\" data-id=\"9c42a31\" data-element_type=\"widget\" data-widget_type=\"text-editor.default\">\n\t\t\t\t<div class=\"elementor-widget-container\">\n\t\t\t\t\t\t\t\t\t<p><span style=\"font-weight: 400;\">La ortodoncia es un m\u00e9todo de tratamiento que ha revolucionado el campo de la ortodoncia en los \u00faltimos a\u00f1os. Ahora es m\u00e1s f\u00e1cil y c\u00f3modo enderezar los dientes y tener una sonrisa m\u00e1s est\u00e9tica. Invisalign, desarrollado como alternativa a los aparatos tradicionales, elimina las preocupaciones est\u00e9ticas a la vez que lleva los dientes a la posici\u00f3n deseada con alineadores transparentes.\u00a0<\/span><\/p><h2><span style=\"font-weight: 400;\">\u00bfQu\u00e9 es la ortodoncia y c\u00f3mo funciona?<\/span><\/h2><p><span style=\"font-weight: 400;\">La ortodoncia es un aparato transparente y personalizado para enderezar los dientes, desarrollado como alternativa a los aparatos tradicionales. Este tratamiento utiliza alineadores transparentes especialmente fabricados para mover suavemente los dientes hasta la posici\u00f3n deseada. A diferencia de los aparatos, el tratamiento de ortodoncia es pr\u00e1cticamente invisible en la boca y puede aplicarse sin que afecte negativamente a su vida cotidiana. Los alineadores se colocan y retiran simplemente cuando los necesita, lo que los convierte en una opci\u00f3n extremadamente pr\u00e1ctica y est\u00e9tica.<\/span><\/p><h2><span style=\"font-weight: 400;\">\u00bfA qui\u00e9n se puede aplicar un tratamiento de ortodoncia?<\/span><\/h2><p><span style=\"font-weight: 400;\">El tratamiento de ortodoncia puede aplicarse a personas de todas las edades que suelen tener problemas de alineaci\u00f3n de los dientes. Sin embargo, es posible ver los mejores resultados en adultos y adolescentes porque el desarrollo de la mand\u00edbula debe ser completo. La ortodoncia es adecuada para corregir problemas leves o moderados de alineaci\u00f3n de los dientes. Para problemas graves de ortodoncia, puede ser m\u00e1s adecuado el tratamiento con aparatos tradicionales. Lo mejor es consultar a un ortodoncista para decidir para qui\u00e9n es adecuado un tratamiento de ortodoncia.<\/span><\/p><h2><span style=\"font-weight: 400;\">\u00bfCu\u00e1les son las ventajas del tratamiento de ortodoncia?<\/span><\/h2><p><span style=\"font-weight: 400;\">La mayor ventaja del tratamiento de ortodoncia es que es transparente y extra\u00edble. Esto garantiza que los pacientes no experimenten ninguna dificultad al comer o cepillarse los dientes durante el tratamiento dental. Adem\u00e1s, el tratamiento de ortodoncia suele causar menos dolor que los aparatos porque es m\u00e1s c\u00f3modo. Gracias a su estructura invisible, no causan molestias est\u00e9ticas durante el periodo de tratamiento. Otras ventajas son la menor duraci\u00f3n del tratamiento, el bajo mantenimiento y una boca m\u00e1s limpia.<\/span><\/p><h2><span style=\"font-weight: 400;\">Diferencias entre la ortodoncia y los aparatos tradicionales<\/span><\/h2><p><span style=\"font-weight: 400;\">La diferencia m\u00e1s obvia entre la ortodoncia y los aparatos tradicionales son los materiales utilizados durante el tratamiento. La ortodoncia utiliza alineadores transparentes y extra\u00edbles, mientras que los aparatos tradicionales utilizan alambres y brackets met\u00e1licos. Aunque la ortodoncia destaca por sus ventajas est\u00e9ticas, los aparatos pueden dar resultados m\u00e1s r\u00e1pidos en algunos casos. Adem\u00e1s, el tratamiento de ortodoncia ofrece comodidad con bajos niveles de dolor y removilidad, mientras que los aparatos tradicionales suelen requerir m\u00e1s mantenimiento y pueden crear m\u00e1s molestias visuales.<\/span><\/p><h2><span style=\"font-weight: 400;\">\u00bfCu\u00e1nto dura un tratamiento de ortodoncia?<\/span><\/h2><p><span style=\"font-weight: 400;\">La duraci\u00f3n del tratamiento de ortodoncia var\u00eda en funci\u00f3n de cada caso y del estado del diente tratado. Para la mayor\u00eda de las personas, la duraci\u00f3n del tratamiento puede variar entre 6 y 18 meses. El tratamiento de ortodoncia suele ofrecer una soluci\u00f3n m\u00e1s r\u00e1pida porque los alineadores mueven los dientes a intervalos regulares y con una presi\u00f3n suave. La duraci\u00f3n del tratamiento est\u00e1 directamente relacionada con el tiempo de uso de cada alineador y el grado de intervenci\u00f3n del ortodoncista en el tratamiento.<\/span><\/p><h2><span style=\"font-weight: 400;\">\u00bfExisten dolores y molestias en el tratamiento de ortodoncia?<\/span><\/h2><p><span style=\"font-weight: 400;\">Una ligera sensaci\u00f3n de dolor o molestia durante el tratamiento de ortodoncia es normal, pero mucho menor que con los aparatos convencionales. Al principio puede sentir una ligera presi\u00f3n en los dientes cuando se colocan los alineadores, pero suele desaparecer en unos d\u00edas. Los alineadores de ortodoncia mueven los dientes aplicando una presi\u00f3n m\u00e1s suave sobre ellos, lo que suele causar menos molestias. Si siente dolor o molestias durante el proceso de tratamiento, ser\u00eda conveniente que se pusiera en contacto con un ortodoncista.<\/span><\/p><h2><span style=\"font-weight: 400;\">\u00bfC\u00f3mo deben ser los cuidados tras un tratamiento de ortodoncia?<\/span><\/h2><p><span style=\"font-weight: 400;\">Despu\u00e9s del tratamiento de ortodoncia, el cuidado es la parte m\u00e1s importante del proceso de tratamiento. Debe cepillarse los dientes y usar hilo dental con regularidad. Tambi\u00e9n es importante limpiar los alineadores despu\u00e9s de cada uso. Despu\u00e9s del tratamiento de ortodoncia, es posible que necesite aplicar tratamientos correctivos recomendados por el ortodoncista para proteger sus dientes. Esta etapa es muy importante para garantizar que el resultado del tratamiento sea duradero.<\/span><\/p><h2><span style=\"font-weight: 400;\">\u00bfCu\u00e1l es el coste del tratamiento de ortodoncia?<\/span><\/h2><p><span style=\"font-weight: 400;\">El coste de un tratamiento de ortodoncia var\u00eda en funci\u00f3n de la duraci\u00f3n del mismo, de la magnitud de los problemas a corregir en los dientes y de la regi\u00f3n donde se encuentre el ortodoncista. En general, puede tener un precio ligeramente superior al de los aparatos tradicionales, pero podemos decir que este sobrecoste se compensa con ventajas como la est\u00e9tica y la comodidad. Es necesario consultar a un ortodoncista para conocer el coste exacto del tratamiento de ortodoncia.<\/span><\/p><h2><span style=\"font-weight: 400;\">\u00bfPara qui\u00e9n es adecuado el tratamiento de ortodoncia?<\/span><\/h2><p><span style=\"font-weight: 400;\">El tratamiento de ortodoncia es adecuado para personas con problemas leves o moderados de alineaci\u00f3n de los dientes. Puede ser una opci\u00f3n adecuada para ni\u00f1os, adolescentes y adultos. Sin embargo, para las personas con problemas de ortodoncia muy graves, los aparatos tradicionales pueden ser una opci\u00f3n de tratamiento m\u00e1s adecuada. Es importante consultar a un ortodoncista para determinar para qui\u00e9n es adecuado el tratamiento de ortodoncia.<\/span><\/p><h2><span style=\"font-weight: 400;\">Aspectos a tener en cuenta en el tratamiento de ortodoncia<\/span><\/h2><p><span style=\"font-weight: 400;\">Hay varios puntos importantes que deben tenerse en cuenta en el tratamiento de ortodoncia. Debe cuidar con esmero los alineadores y limpiarlos a diario. Tambi\u00e9n debe quitarse los alineadores al comer y llevarlos durante los periodos recomendados durante el periodo de tratamiento. Tambi\u00e9n debe someterse a revisiones peri\u00f3dicas de ortodoncia durante el periodo de tratamiento.<\/span><\/p><h2><span style=\"font-weight: 400;\">\u00bfCu\u00e1ndo se ven los resultados del tratamiento de ortodoncia?<\/span><\/h2><p><span style=\"font-weight: 400;\">Aunque los resultados del tratamiento de ortodoncia var\u00edan en funci\u00f3n de cada persona, suelen empezar a verse al cabo de unos meses. Puede notar que sus dientes se mueven lentamente hacia la posici\u00f3n deseada. Los seguimientos regulares durante el tratamiento pueden influir en la velocidad del proceso de tratamiento. Al final del tratamiento de ortodoncia, la forma final de sus dientes queda clara y se consigue un resultado est\u00e9ticamente satisfactorio.<\/span><\/p><h2><span style=\"font-weight: 400;\">\u00bfCu\u00e1nto mejorar\u00e1n mis dientes con la ortodoncia?<\/span><\/h2><p><span style=\"font-weight: 400;\">Con el tratamiento de ortodoncia, sus dientes dan excelentes resultados en problemas de alineaci\u00f3n de leves a moderados. Se corrigen api\u00f1amientos, espacios o desalineaciones en sus dientes. Al final del tratamiento, podr\u00e1 lucir una sonrisa m\u00e1s lisa y est\u00e9tica.<\/span><\/p><h2><span style=\"font-weight: 400;\">\u00bfEs posible dise\u00f1ar la sonrisa con un tratamiento de ortodoncia?<\/span><\/h2><p><span style=\"font-weight: 400;\">El tratamiento de ortodoncia ofrece una excelente opci\u00f3n para dise\u00f1ar la sonrisa. Durante el tratamiento, se puede conseguir que sus dientes tengan el mejor aspecto est\u00e9tico. Los alineadores de ortodoncia ayudan a que su sonrisa sea m\u00e1s est\u00e9tica al colocar los dientes correctamente.<\/span><\/p><p>\u00a0<\/p>\t\t\t\t\t\t\t\t<\/div>\n\t\t\t\t<\/div>\n\t\t\t\t\t<\/div>\n\t\t\t\t<\/div>\n\t\t\t\t<\/div>","protected":false},"excerpt":{"rendered":"<p>Ortalama Kal\u0131\u015f S\u00fcresi 7 G\u00fcn Hastanede Yat\u0131\u015f S\u00fcresi 1 G\u00fcn Operasyon S\u00fcresi 2-4 Saat Anestezi T\u00fcr\u00fc Genel Anestezi \u0130yile\u015fme S\u00fcresi<\/p>","protected":false},"author":1,"featured_media":0,"parent":0,"menu_order":0,"comment_status":"closed","ping_status":"closed","template":"","meta":{"footnotes":""},"class_list":["post-27867","page","type-page","status-publish","hentry"],"_links":{"self":[{"href":"https:\/\/westestetik.com\/es\/wp-json\/wp\/v2\/pages\/27867","targetHints":{"allow":["GET"]}}],"collection":[{"href":"https:\/\/westestetik.com\/es\/wp-json\/wp\/v2\/pages"}],"about":[{"href":"https:\/\/westestetik.com\/es\/wp-json\/wp\/v2\/types\/page"}],"author":[{"embeddable":true,"href":"https:\/\/westestetik.com\/es\/wp-json\/wp\/v2\/users\/1"}],"replies":[{"embeddable":true,"href":"https:\/\/westestetik.com\/es\/wp-json\/wp\/v2\/comments?post=27867"}],"version-history":[{"count":10,"href":"https:\/\/westestetik.com\/es\/wp-json\/wp\/v2\/pages\/27867\/revisions"}],"predecessor-version":[{"id":29028,"href":"https:\/\/westestetik.com\/es\/wp-json\/wp\/v2\/pages\/27867\/revisions\/29028"}],"wp:attachment":[{"href":"https:\/\/westestetik.com\/es\/wp-json\/wp\/v2\/media?parent=27867"}],"curies":[{"name":"wp","href":"https:\/\/api.w.org\/{rel}","templated":true}]}}