{"id":27862,"date":"2024-12-02T23:30:22","date_gmt":"2024-12-02T23:30:22","guid":{"rendered":"https:\/\/westestetik.com\/?page_id=27862"},"modified":"2024-12-26T15:06:52","modified_gmt":"2024-12-26T15:06:52","slug":"blanqueamiento-dental","status":"publish","type":"page","link":"https:\/\/westestetik.com\/es\/blanqueamiento-dental\/","title":{"rendered":"Blanqueamiento dental"},"content":{"rendered":"<div data-elementor-type=\"wp-page\" data-elementor-id=\"27862\" class=\"elementor elementor-27862\" data-elementor-post-type=\"page\">\n\t\t\t\t<div class=\"elementor-element elementor-element-ca9369b e-con-full elementor-hidden-mobile e-flex e-con e-parent\" data-id=\"ca9369b\" data-element_type=\"container\">\n\t\t<div class=\"elementor-element elementor-element-7715c0a0 e-con-full e-flex e-con e-child\" data-id=\"7715c0a0\" data-element_type=\"container\">\n\t\t\t\t<div class=\"elementor-element elementor-element-6ede3ceb elementor-widget elementor-widget-image\" data-id=\"6ede3ceb\" data-element_type=\"widget\" data-widget_type=\"image.default\">\n\t\t\t\t<div class=\"elementor-widget-container\">\n\t\t\t\t\t\t\t\t\t\t\t\t\t\t\t<img decoding=\"async\" width=\"100\" height=\"100\" src=\"https:\/\/westestetik.com\/wp-content\/uploads\/2024\/12\/1-4.png\" class=\"attachment-large size-large wp-image-28814\" alt=\"\" srcset=\"https:\/\/westestetik.com\/wp-content\/uploads\/2024\/12\/1-4.png 100w, https:\/\/westestetik.com\/wp-content\/uploads\/2024\/12\/1-4-12x12.png 12w\" sizes=\"(max-width: 100px) 100vw, 100px\" \/>\t\t\t\t\t\t\t\t\t\t\t\t\t\t\t<\/div>\n\t\t\t\t<\/div>\n\t\t\t\t<\/div>\n\t\t<div class=\"elementor-element elementor-element-63750002 e-con-full e-flex e-con e-child\" data-id=\"63750002\" data-element_type=\"container\">\n\t\t\t\t<div class=\"elementor-element elementor-element-488712e5 elementor-widget elementor-widget-image\" data-id=\"488712e5\" data-element_type=\"widget\" data-widget_type=\"image.default\">\n\t\t\t\t<div class=\"elementor-widget-container\">\n\t\t\t\t\t\t\t\t\t\t\t\t\t\t\t<img decoding=\"async\" width=\"100\" height=\"100\" src=\"https:\/\/westestetik.com\/wp-content\/uploads\/2024\/12\/2-5.png\" class=\"attachment-large size-large wp-image-28815\" alt=\"\" srcset=\"https:\/\/westestetik.com\/wp-content\/uploads\/2024\/12\/2-5.png 100w, https:\/\/westestetik.com\/wp-content\/uploads\/2024\/12\/2-5-12x12.png 12w\" sizes=\"(max-width: 100px) 100vw, 100px\" \/>\t\t\t\t\t\t\t\t\t\t\t\t\t\t\t<\/div>\n\t\t\t\t<\/div>\n\t\t\t\t<\/div>\n\t\t<div class=\"elementor-element elementor-element-5b302bab e-con-full e-flex e-con e-child\" data-id=\"5b302bab\" data-element_type=\"container\">\n\t\t\t\t<div class=\"elementor-element elementor-element-3593a91 elementor-widget elementor-widget-image\" data-id=\"3593a91\" data-element_type=\"widget\" data-widget_type=\"image.default\">\n\t\t\t\t<div class=\"elementor-widget-container\">\n\t\t\t\t\t\t\t\t\t\t\t\t\t\t\t<img decoding=\"async\" width=\"100\" height=\"100\" src=\"https:\/\/westestetik.com\/wp-content\/uploads\/2024\/12\/3-1.png\" class=\"attachment-large size-large wp-image-28816\" alt=\"\" srcset=\"https:\/\/westestetik.com\/wp-content\/uploads\/2024\/12\/3-1.png 100w, https:\/\/westestetik.com\/wp-content\/uploads\/2024\/12\/3-1-12x12.png 12w\" sizes=\"(max-width: 100px) 100vw, 100px\" \/>\t\t\t\t\t\t\t\t\t\t\t\t\t\t\t<\/div>\n\t\t\t\t<\/div>\n\t\t\t\t<\/div>\n\t\t<div class=\"elementor-element elementor-element-67d3f5a4 e-con-full e-flex e-con e-child\" data-id=\"67d3f5a4\" data-element_type=\"container\">\n\t\t\t\t<div class=\"elementor-element elementor-element-4b0f4d77 elementor-widget elementor-widget-image\" data-id=\"4b0f4d77\" data-element_type=\"widget\" data-widget_type=\"image.default\">\n\t\t\t\t<div class=\"elementor-widget-container\">\n\t\t\t\t\t\t\t\t\t\t\t\t\t\t\t<img loading=\"lazy\" decoding=\"async\" width=\"100\" height=\"100\" src=\"https:\/\/westestetik.com\/wp-content\/uploads\/2024\/12\/4-1.png\" class=\"attachment-large size-large wp-image-28817\" alt=\"\" srcset=\"https:\/\/westestetik.com\/wp-content\/uploads\/2024\/12\/4-1.png 100w, https:\/\/westestetik.com\/wp-content\/uploads\/2024\/12\/4-1-12x12.png 12w\" sizes=\"(max-width: 100px) 100vw, 100px\" \/>\t\t\t\t\t\t\t\t\t\t\t\t\t\t\t<\/div>\n\t\t\t\t<\/div>\n\t\t\t\t<\/div>\n\t\t<div class=\"elementor-element elementor-element-3ce8334d e-con-full e-flex e-con e-child\" data-id=\"3ce8334d\" data-element_type=\"container\">\n\t\t\t\t<div class=\"elementor-element elementor-element-3154348a elementor-widget elementor-widget-image\" data-id=\"3154348a\" data-element_type=\"widget\" data-widget_type=\"image.default\">\n\t\t\t\t<div class=\"elementor-widget-container\">\n\t\t\t\t\t\t\t\t\t\t\t\t\t\t\t<img loading=\"lazy\" decoding=\"async\" width=\"100\" height=\"100\" src=\"https:\/\/westestetik.com\/wp-content\/uploads\/2024\/12\/5-1.png\" class=\"attachment-large size-large wp-image-28818\" alt=\"\" srcset=\"https:\/\/westestetik.com\/wp-content\/uploads\/2024\/12\/5-1.png 100w, https:\/\/westestetik.com\/wp-content\/uploads\/2024\/12\/5-1-12x12.png 12w\" sizes=\"(max-width: 100px) 100vw, 100px\" \/>\t\t\t\t\t\t\t\t\t\t\t\t\t\t\t<\/div>\n\t\t\t\t<\/div>\n\t\t\t\t<\/div>\n\t\t\t\t<\/div>\n\t\t<div class=\"wd-negative-gap elementor-element elementor-element-184d5ef1 elementor-hidden-mobile e-flex e-con-boxed e-con e-parent\" data-id=\"184d5ef1\" data-element_type=\"container\">\n\t\t\t\t\t<div class=\"e-con-inner\">\n\t\t<div class=\"elementor-element elementor-element-14022c11 e-con-full e-flex e-con e-child\" data-id=\"14022c11\" data-element_type=\"container\">\n\t\t\t\t<div class=\"elementor-element elementor-element-43933d67 wd-width-100 elementor-widget elementor-widget-wd_title\" data-id=\"43933d67\" data-element_type=\"widget\" data-widget_type=\"wd_title.default\">\n\t\t\t\t<div class=\"elementor-widget-container\">\n\t\t\t\t\t\t\t<div class=\"title-wrapper set-mb-s reset-last-child wd-title-color-default wd-title-style-default wd-title-size-default text-center\">\n\n\t\t\t\t\t\t\t<div class=\"title-subtitle subtitle-color-default subtitle-style-default wd-fontsize-xs\">\n\t\t\t\t\tDuraci\u00f3n media de la estancia\t\t\t\t<\/div>\n\t\t\t\n\t\t\t<div class=\"liner-continer\">\n\t\t\t\t<p class=\"woodmart-title-container title wd-fontsize-l\">7 d\u00edas<\/p> \n\t\t\t\t\t\t\t<\/div>\n\n\t\t\t\t\t<\/div>\n\t\t\t\t\t\t<\/div>\n\t\t\t\t<\/div>\n\t\t\t\t<\/div>\n\t\t<div class=\"elementor-element elementor-element-4d4c49a6 e-con-full e-flex e-con e-child\" data-id=\"4d4c49a6\" data-element_type=\"container\">\n\t\t\t\t<div class=\"elementor-element elementor-element-6a4800df wd-width-100 elementor-widget elementor-widget-wd_title\" data-id=\"6a4800df\" data-element_type=\"widget\" data-widget_type=\"wd_title.default\">\n\t\t\t\t<div class=\"elementor-widget-container\">\n\t\t\t\t\t\t\t<div class=\"title-wrapper set-mb-s reset-last-child wd-title-color-default wd-title-style-default wd-title-size-default text-center\">\n\n\t\t\t\t\t\t\t<div class=\"title-subtitle subtitle-color-default subtitle-style-default wd-fontsize-xs\">\n\t\t\t\t\tDuraci\u00f3n de la hospitalizaci\u00f3n\t\t\t\t<\/div>\n\t\t\t\n\t\t\t<div class=\"liner-continer\">\n\t\t\t\t<p class=\"woodmart-title-container title wd-fontsize-l\">1 d\u00eda<\/p> \n\t\t\t\t\t\t\t<\/div>\n\n\t\t\t\t\t<\/div>\n\t\t\t\t\t\t<\/div>\n\t\t\t\t<\/div>\n\t\t\t\t<\/div>\n\t\t<div class=\"elementor-element elementor-element-9958dc3 e-con-full e-flex e-con e-child\" data-id=\"9958dc3\" data-element_type=\"container\">\n\t\t\t\t<div class=\"elementor-element elementor-element-357060d1 wd-width-100 elementor-widget elementor-widget-wd_title\" data-id=\"357060d1\" data-element_type=\"widget\" data-widget_type=\"wd_title.default\">\n\t\t\t\t<div class=\"elementor-widget-container\">\n\t\t\t\t\t\t\t<div class=\"title-wrapper set-mb-s reset-last-child wd-title-color-default wd-title-style-default wd-title-size-default text-center\">\n\n\t\t\t\t\t\t\t<div class=\"title-subtitle subtitle-color-default subtitle-style-default wd-fontsize-xs\">\n\t\t\t\t\tDuraci\u00f3n de la operaci\u00f3n\t\t\t\t<\/div>\n\t\t\t\n\t\t\t<div class=\"liner-continer\">\n\t\t\t\t<p class=\"woodmart-title-container title wd-fontsize-l\">2-4 horas<\/p> \n\t\t\t\t\t\t\t<\/div>\n\n\t\t\t\t\t<\/div>\n\t\t\t\t\t\t<\/div>\n\t\t\t\t<\/div>\n\t\t\t\t<\/div>\n\t\t<div class=\"elementor-element elementor-element-4813ee64 e-con-full e-flex e-con e-child\" data-id=\"4813ee64\" data-element_type=\"container\">\n\t\t\t\t<div class=\"elementor-element elementor-element-6b61b5bb wd-width-100 elementor-widget elementor-widget-wd_title\" data-id=\"6b61b5bb\" data-element_type=\"widget\" data-widget_type=\"wd_title.default\">\n\t\t\t\t<div class=\"elementor-widget-container\">\n\t\t\t\t\t\t\t<div class=\"title-wrapper set-mb-s reset-last-child wd-title-color-default wd-title-style-default wd-title-size-default text-center\">\n\n\t\t\t\t\t\t\t<div class=\"title-subtitle subtitle-color-default subtitle-style-default wd-fontsize-xs\">\n\t\t\t\t\tTipo de anestesia\t\t\t\t<\/div>\n\t\t\t\n\t\t\t<div class=\"liner-continer\">\n\t\t\t\t<p class=\"woodmart-title-container title wd-fontsize-l\">Anestesia general<\/p> \n\t\t\t\t\t\t\t<\/div>\n\n\t\t\t\t\t<\/div>\n\t\t\t\t\t\t<\/div>\n\t\t\t\t<\/div>\n\t\t\t\t<\/div>\n\t\t<div class=\"elementor-element elementor-element-3fdc1467 e-con-full e-flex e-con e-child\" data-id=\"3fdc1467\" data-element_type=\"container\">\n\t\t\t\t<div class=\"elementor-element elementor-element-4c67e59b wd-width-100 elementor-widget elementor-widget-wd_title\" data-id=\"4c67e59b\" data-element_type=\"widget\" data-widget_type=\"wd_title.default\">\n\t\t\t\t<div class=\"elementor-widget-container\">\n\t\t\t\t\t\t\t<div class=\"title-wrapper set-mb-s reset-last-child wd-title-color-default wd-title-style-default wd-title-size-default text-center\">\n\n\t\t\t\t\t\t\t<div class=\"title-subtitle subtitle-color-default subtitle-style-default wd-fontsize-xs\">\n\t\t\t\t\tTiempo de recuperaci\u00f3n\t\t\t\t<\/div>\n\t\t\t\n\t\t\t<div class=\"liner-continer\">\n\t\t\t\t<p class=\"woodmart-title-container title wd-fontsize-l\">1-2 semanas<\/p> \n\t\t\t\t\t\t\t<\/div>\n\n\t\t\t\t\t<\/div>\n\t\t\t\t\t\t<\/div>\n\t\t\t\t<\/div>\n\t\t\t\t<\/div>\n\t\t\t\t\t<\/div>\n\t\t\t\t<\/div>\n\t\t<div class=\"wd-negative-gap elementor-element elementor-element-12764b9 e-flex e-con-boxed e-con e-parent\" data-id=\"12764b9\" data-element_type=\"container\">\n\t\t\t\t\t<div class=\"e-con-inner\">\n\t\t\t\t<div class=\"elementor-element elementor-element-bc3c2d2 color-scheme-inherit text-left elementor-widget elementor-widget-text-editor\" data-id=\"bc3c2d2\" data-element_type=\"widget\" data-widget_type=\"text-editor.default\">\n\t\t\t\t<div class=\"elementor-widget-container\">\n\t\t\t\t\t\t\t\t\t<p>El blanqueamiento dental es una de las formas m\u00e1s eficaces de tener una sonrisa est\u00e9tica. Las manchas y el color amarillento que se acumulan en los dientes con el paso del tiempo pueden hacer que muchas personas pierdan confianza en s\u00ed mismas. Afortunadamente, los procedimientos de blanqueamiento dental pueden solucionar f\u00e1cilmente este problema haciendo que sus dientes sean m\u00e1s blancos y brillantes. Los resultados que pueden conseguirse tanto con aplicaciones profesionales en un entorno cl\u00ednico como con productos utilizados en casa var\u00edan en funci\u00f3n de las preferencias y necesidades personales.<\/p><h2>\u00bfQu\u00e9 es el blanqueamiento dental?<\/h2><p>El blanqueamiento dental es un procedimiento est\u00e9tico que se aplica para que los dientes parezcan m\u00e1s blancos y brillantes. Su objetivo es restaurar la blancura natural eliminando las manchas que suelen aparecer con el paso del tiempo. El blanqueamiento dental puede ser realizado por dentistas profesionales en un entorno cl\u00ednico o con productos especiales utilizados en casa. El blanqueamiento dental ayuda a tener una sonrisa sana y est\u00e9tica.<\/p><h2>\u00bfQu\u00e9 son los m\u00e9todos de blanqueamiento dental?<\/h2><p>El blanqueamiento dental puede realizarse con diferentes m\u00e9todos. Las t\u00e9cnicas de blanqueamiento m\u00e1s comunes son:<\/p><ol><li>Blanqueamiento Dental Tipo Consultorio: Es un m\u00e9todo de blanqueamiento profesional aplicado por el dentista en un entorno cl\u00ednico. Se suele utilizar un gel especial que se activa con un l\u00e1ser para conseguir resultados m\u00e1s r\u00e1pidos.<\/li><li>Blanqueamiento dental en casa: Es un m\u00e9todo que se aplica en casa con productos blanqueadores recomendados por el dentista. Estos productos pueden ser en forma de gel blanqueador o parches. El blanqueamiento en casa suele requerir un periodo de uso m\u00e1s largo.<\/li><li>Pasta de dientes blanqueadora Uso: Puede utilizarse para limpiar las manchas de los dientes y conseguir un blanco natural. Sin embargo, este m\u00e9todo puede ser menos eficaz que otros m\u00e9todos profesionales.<\/li><\/ol><h2>Precios del relleno labial: \u00bfQu\u00e9 factores influyen?<\/h2><p>Los precios del blanqueamiento dental var\u00edan en funci\u00f3n del m\u00e9todo que se aplique, los materiales utilizados y la ubicaci\u00f3n de la cl\u00ednica. El blanqueamiento en consulta suele ser m\u00e1s caro porque requiere equipos profesionales y supervisi\u00f3n m\u00e9dica. En cambio, el blanqueamiento en casa puede ofrecerse a precios m\u00e1s asequibles, pero los resultados se consiguen en un tiempo algo mayor. Adem\u00e1s, los procedimientos supervisados por un dentista suelen ser m\u00e1s seguros y eficaces.<\/p><h2>\u00bfCu\u00e1nto dura el blanqueamiento dental?<\/h2><p>El proceso de blanqueamiento dental var\u00eda en funci\u00f3n del m\u00e9todo utilizado. El blanqueamiento en consulta suele durar entre 60 y 90 minutos, mientras que el blanqueamiento en casa puede durar varias semanas. En el blanqueamiento en consulta, el dentista puede utilizar l\u00e1ser o fototerapia para acelerar el proceso.<\/p><h2>\u00bfQu\u00e9 hay que tener en cuenta despu\u00e9s del blanqueamiento dental?<\/h2><p>Hay algunos puntos importantes que deben tenerse en cuenta despu\u00e9s del procedimiento de blanqueamiento dental. Durante las primeras 24-48 horas despu\u00e9s del procedimiento, se recomienda evitar alimentos y bebidas (caf\u00e9, t\u00e9, vino tinto, etc.) que puedan causar decoloraci\u00f3n. Adem\u00e1s, puede aumentar la sensibilidad de los dientes, por lo que es conveniente evitar los alimentos excesivamente fr\u00edos o calientes.<\/p><h2>M\u00e9todos caseros de blanqueamiento dental: \u00bfSon eficaces?<\/h2><p>Los m\u00e9todos caseros de blanqueamiento dental suelen realizarse con productos recomendados por el dentista. Sin embargo, algunas personas pueden dudar de la eficacia de los productos de blanqueamiento casero. Cuando se utilizan los productos adecuados, los m\u00e9todos de blanqueamiento casero pueden ser seguros y eficaces. Sin embargo, utilizar los productos equivocados puede provocar sensibilidad dental u otros problemas.<\/p><h2>\u00bfEs doloroso el blanqueamiento dental?<\/h2><p>El blanqueamiento dental suele ser indoloro. Sin embargo, algunas personas pueden experimentar sensibilidad dental despu\u00e9s del blanqueamiento. Esta sensibilidad suele ser temporal y desaparece en unos d\u00edas. Si experimenta dolor intenso durante o despu\u00e9s del procedimiento, es importante que se ponga en contacto con su dentista.<\/p><h2>\u00bfCu\u00e1nto tiempo dura la blancura tras el blanqueamiento dental?<\/h2><p>Los resultados del blanqueamiento dental pueden variar de una persona a otra y dependen del m\u00e9todo utilizado. El blanqueamiento en consulta suele ser m\u00e1s duradero, pero la blancura de los dientes puede disminuir con el tiempo. Los resultados del blanqueamiento en casa pueden ser menos duraderos. Un cuidado regular y una higiene bucal sana son importantes para aumentar la permanencia del proceso de blanqueamiento dental.<\/p><h2>\u00bfQui\u00e9n puede someterse a un blanqueamiento dental?<\/h2><p>En general, el blanqueamiento dental es adecuado para cualquier persona con dientes sanos. Sin embargo, no se recomienda a mujeres embarazadas o en periodo de lactancia, personas con enfermedades de las enc\u00edas y ni\u00f1os. Antes de blanquear los dientes, es importante consultar a un dentista y evaluar si su salud bucodental es adecuada.<\/p><h2>\u00bfEs perjudicial el blanqueamiento dental? \u00bfCu\u00e1les son los riesgos?<\/h2><p>El blanqueamiento dental suele ser un procedimiento seguro, pero puede entra\u00f1ar algunos riesgos. Los productos blanqueadores mal utilizados pueden provocar sensibilidad dental o irritaci\u00f3n de las enc\u00edas. Adem\u00e1s, un blanqueamiento excesivo puede tener efectos nocivos en el esmalte dental. Por ello, se recomienda que el blanqueamiento dental lo realice un dentista profesional.<\/p><p><br \/><br \/><\/p>\t\t\t\t\t\t\t\t<\/div>\n\t\t\t\t<\/div>\n\t\t\t\t\t<\/div>\n\t\t\t\t<\/div>\n\t\t\t\t<\/div>","protected":false},"excerpt":{"rendered":"<p>Ortalama Kal\u0131\u015f S\u00fcresi 7 G\u00fcn Hastanede Yat\u0131\u015f S\u00fcresi 1 G\u00fcn Operasyon S\u00fcresi 2-4 Saat Anestezi T\u00fcr\u00fc Genel Anestezi \u0130yile\u015fme S\u00fcresi<\/p>","protected":false},"author":1,"featured_media":0,"parent":0,"menu_order":0,"comment_status":"closed","ping_status":"closed","template":"","meta":{"footnotes":""},"class_list":["post-27862","page","type-page","status-publish","hentry"],"_links":{"self":[{"href":"https:\/\/westestetik.com\/es\/wp-json\/wp\/v2\/pages\/27862","targetHints":{"allow":["GET"]}}],"collection":[{"href":"https:\/\/westestetik.com\/es\/wp-json\/wp\/v2\/pages"}],"about":[{"href":"https:\/\/westestetik.com\/es\/wp-json\/wp\/v2\/types\/page"}],"author":[{"embeddable":true,"href":"https:\/\/westestetik.com\/es\/wp-json\/wp\/v2\/users\/1"}],"replies":[{"embeddable":true,"href":"https:\/\/westestetik.com\/es\/wp-json\/wp\/v2\/comments?post=27862"}],"version-history":[{"count":10,"href":"https:\/\/westestetik.com\/es\/wp-json\/wp\/v2\/pages\/27862\/revisions"}],"predecessor-version":[{"id":29031,"href":"https:\/\/westestetik.com\/es\/wp-json\/wp\/v2\/pages\/27862\/revisions\/29031"}],"wp:attachment":[{"href":"https:\/\/westestetik.com\/es\/wp-json\/wp\/v2\/media?parent=27862"}],"curies":[{"name":"wp","href":"https:\/\/api.w.org\/{rel}","templated":true}]}}