{"id":27860,"date":"2024-12-02T23:29:38","date_gmt":"2024-12-02T23:29:38","guid":{"rendered":"https:\/\/westestetik.com\/?page_id=27860"},"modified":"2024-12-26T15:07:49","modified_gmt":"2024-12-26T15:07:49","slug":"laminado-porcelanico","status":"publish","type":"page","link":"https:\/\/westestetik.com\/es\/laminado-porcelanico\/","title":{"rendered":"Laminado de porcelana"},"content":{"rendered":"<div data-elementor-type=\"wp-page\" data-elementor-id=\"27860\" class=\"elementor elementor-27860\" data-elementor-post-type=\"page\">\n\t\t\t\t<div class=\"elementor-element elementor-element-63575c07 e-con-full elementor-hidden-mobile e-flex e-con e-parent\" data-id=\"63575c07\" data-element_type=\"container\">\n\t\t<div class=\"elementor-element elementor-element-7919e1b0 e-con-full e-flex e-con e-child\" data-id=\"7919e1b0\" data-element_type=\"container\">\n\t\t\t\t<div class=\"elementor-element elementor-element-4507eaf3 elementor-widget elementor-widget-image\" data-id=\"4507eaf3\" data-element_type=\"widget\" data-widget_type=\"image.default\">\n\t\t\t\t<div class=\"elementor-widget-container\">\n\t\t\t\t\t\t\t\t\t\t\t\t\t\t\t<img decoding=\"async\" width=\"100\" height=\"100\" src=\"https:\/\/westestetik.com\/wp-content\/uploads\/2024\/12\/1-4.png\" class=\"attachment-large size-large wp-image-28814\" alt=\"\" srcset=\"https:\/\/westestetik.com\/wp-content\/uploads\/2024\/12\/1-4.png 100w, https:\/\/westestetik.com\/wp-content\/uploads\/2024\/12\/1-4-12x12.png 12w\" sizes=\"(max-width: 100px) 100vw, 100px\" \/>\t\t\t\t\t\t\t\t\t\t\t\t\t\t\t<\/div>\n\t\t\t\t<\/div>\n\t\t\t\t<\/div>\n\t\t<div class=\"elementor-element elementor-element-4dd47df0 e-con-full e-flex e-con e-child\" data-id=\"4dd47df0\" data-element_type=\"container\">\n\t\t\t\t<div class=\"elementor-element elementor-element-4d457b38 elementor-widget elementor-widget-image\" data-id=\"4d457b38\" data-element_type=\"widget\" data-widget_type=\"image.default\">\n\t\t\t\t<div class=\"elementor-widget-container\">\n\t\t\t\t\t\t\t\t\t\t\t\t\t\t\t<img decoding=\"async\" width=\"100\" height=\"100\" src=\"https:\/\/westestetik.com\/wp-content\/uploads\/2024\/12\/2-5.png\" class=\"attachment-large size-large wp-image-28815\" alt=\"\" srcset=\"https:\/\/westestetik.com\/wp-content\/uploads\/2024\/12\/2-5.png 100w, https:\/\/westestetik.com\/wp-content\/uploads\/2024\/12\/2-5-12x12.png 12w\" sizes=\"(max-width: 100px) 100vw, 100px\" \/>\t\t\t\t\t\t\t\t\t\t\t\t\t\t\t<\/div>\n\t\t\t\t<\/div>\n\t\t\t\t<\/div>\n\t\t<div class=\"elementor-element elementor-element-6847eb3e e-con-full e-flex e-con e-child\" data-id=\"6847eb3e\" data-element_type=\"container\">\n\t\t\t\t<div class=\"elementor-element elementor-element-4efec8db elementor-widget elementor-widget-image\" data-id=\"4efec8db\" data-element_type=\"widget\" data-widget_type=\"image.default\">\n\t\t\t\t<div class=\"elementor-widget-container\">\n\t\t\t\t\t\t\t\t\t\t\t\t\t\t\t<img decoding=\"async\" width=\"100\" height=\"100\" src=\"https:\/\/westestetik.com\/wp-content\/uploads\/2024\/12\/3-1.png\" class=\"attachment-large size-large wp-image-28816\" alt=\"\" srcset=\"https:\/\/westestetik.com\/wp-content\/uploads\/2024\/12\/3-1.png 100w, https:\/\/westestetik.com\/wp-content\/uploads\/2024\/12\/3-1-12x12.png 12w\" sizes=\"(max-width: 100px) 100vw, 100px\" \/>\t\t\t\t\t\t\t\t\t\t\t\t\t\t\t<\/div>\n\t\t\t\t<\/div>\n\t\t\t\t<\/div>\n\t\t<div class=\"elementor-element elementor-element-17f8ca14 e-con-full e-flex e-con e-child\" data-id=\"17f8ca14\" data-element_type=\"container\">\n\t\t\t\t<div class=\"elementor-element elementor-element-1f4e4f02 elementor-widget elementor-widget-image\" data-id=\"1f4e4f02\" data-element_type=\"widget\" data-widget_type=\"image.default\">\n\t\t\t\t<div class=\"elementor-widget-container\">\n\t\t\t\t\t\t\t\t\t\t\t\t\t\t\t<img loading=\"lazy\" decoding=\"async\" width=\"100\" height=\"100\" src=\"https:\/\/westestetik.com\/wp-content\/uploads\/2024\/12\/4-1.png\" class=\"attachment-large size-large wp-image-28817\" alt=\"\" srcset=\"https:\/\/westestetik.com\/wp-content\/uploads\/2024\/12\/4-1.png 100w, https:\/\/westestetik.com\/wp-content\/uploads\/2024\/12\/4-1-12x12.png 12w\" sizes=\"(max-width: 100px) 100vw, 100px\" \/>\t\t\t\t\t\t\t\t\t\t\t\t\t\t\t<\/div>\n\t\t\t\t<\/div>\n\t\t\t\t<\/div>\n\t\t<div class=\"elementor-element elementor-element-53ab42ef e-con-full e-flex e-con e-child\" data-id=\"53ab42ef\" data-element_type=\"container\">\n\t\t\t\t<div class=\"elementor-element elementor-element-28da2966 elementor-widget elementor-widget-image\" data-id=\"28da2966\" data-element_type=\"widget\" data-widget_type=\"image.default\">\n\t\t\t\t<div class=\"elementor-widget-container\">\n\t\t\t\t\t\t\t\t\t\t\t\t\t\t\t<img loading=\"lazy\" decoding=\"async\" width=\"100\" height=\"100\" src=\"https:\/\/westestetik.com\/wp-content\/uploads\/2024\/12\/5-1.png\" class=\"attachment-large size-large wp-image-28818\" alt=\"\" srcset=\"https:\/\/westestetik.com\/wp-content\/uploads\/2024\/12\/5-1.png 100w, https:\/\/westestetik.com\/wp-content\/uploads\/2024\/12\/5-1-12x12.png 12w\" sizes=\"(max-width: 100px) 100vw, 100px\" \/>\t\t\t\t\t\t\t\t\t\t\t\t\t\t\t<\/div>\n\t\t\t\t<\/div>\n\t\t\t\t<\/div>\n\t\t\t\t<\/div>\n\t\t<div class=\"wd-negative-gap elementor-element elementor-element-77c4430e elementor-hidden-mobile e-flex e-con-boxed e-con e-parent\" data-id=\"77c4430e\" data-element_type=\"container\">\n\t\t\t\t\t<div class=\"e-con-inner\">\n\t\t<div class=\"elementor-element elementor-element-795c9896 e-con-full e-flex e-con e-child\" data-id=\"795c9896\" data-element_type=\"container\">\n\t\t\t\t<div class=\"elementor-element elementor-element-9330cdc wd-width-100 elementor-widget elementor-widget-wd_title\" data-id=\"9330cdc\" data-element_type=\"widget\" data-widget_type=\"wd_title.default\">\n\t\t\t\t<div class=\"elementor-widget-container\">\n\t\t\t\t\t\t\t<div class=\"title-wrapper set-mb-s reset-last-child wd-title-color-default wd-title-style-default wd-title-size-default text-center\">\n\n\t\t\t\t\t\t\t<div class=\"title-subtitle subtitle-color-default subtitle-style-default wd-fontsize-xs\">\n\t\t\t\t\tDuraci\u00f3n media de la estancia\t\t\t\t<\/div>\n\t\t\t\n\t\t\t<div class=\"liner-continer\">\n\t\t\t\t<p class=\"woodmart-title-container title wd-fontsize-l\">7 d\u00edas<\/p> \n\t\t\t\t\t\t\t<\/div>\n\n\t\t\t\t\t<\/div>\n\t\t\t\t\t\t<\/div>\n\t\t\t\t<\/div>\n\t\t\t\t<\/div>\n\t\t<div class=\"elementor-element elementor-element-39f04a6d e-con-full e-flex e-con e-child\" data-id=\"39f04a6d\" data-element_type=\"container\">\n\t\t\t\t<div class=\"elementor-element elementor-element-28311d04 wd-width-100 elementor-widget elementor-widget-wd_title\" data-id=\"28311d04\" data-element_type=\"widget\" data-widget_type=\"wd_title.default\">\n\t\t\t\t<div class=\"elementor-widget-container\">\n\t\t\t\t\t\t\t<div class=\"title-wrapper set-mb-s reset-last-child wd-title-color-default wd-title-style-default wd-title-size-default text-center\">\n\n\t\t\t\t\t\t\t<div class=\"title-subtitle subtitle-color-default subtitle-style-default wd-fontsize-xs\">\n\t\t\t\t\tDuraci\u00f3n de la hospitalizaci\u00f3n\t\t\t\t<\/div>\n\t\t\t\n\t\t\t<div class=\"liner-continer\">\n\t\t\t\t<p class=\"woodmart-title-container title wd-fontsize-l\">1 d\u00eda<\/p> \n\t\t\t\t\t\t\t<\/div>\n\n\t\t\t\t\t<\/div>\n\t\t\t\t\t\t<\/div>\n\t\t\t\t<\/div>\n\t\t\t\t<\/div>\n\t\t<div class=\"elementor-element elementor-element-2841446 e-con-full e-flex e-con e-child\" data-id=\"2841446\" data-element_type=\"container\">\n\t\t\t\t<div class=\"elementor-element elementor-element-74d94bf6 wd-width-100 elementor-widget elementor-widget-wd_title\" data-id=\"74d94bf6\" data-element_type=\"widget\" data-widget_type=\"wd_title.default\">\n\t\t\t\t<div class=\"elementor-widget-container\">\n\t\t\t\t\t\t\t<div class=\"title-wrapper set-mb-s reset-last-child wd-title-color-default wd-title-style-default wd-title-size-default text-center\">\n\n\t\t\t\t\t\t\t<div class=\"title-subtitle subtitle-color-default subtitle-style-default wd-fontsize-xs\">\n\t\t\t\t\tDuraci\u00f3n de la operaci\u00f3n\t\t\t\t<\/div>\n\t\t\t\n\t\t\t<div class=\"liner-continer\">\n\t\t\t\t<p class=\"woodmart-title-container title wd-fontsize-l\">2-4 horas<\/p> \n\t\t\t\t\t\t\t<\/div>\n\n\t\t\t\t\t<\/div>\n\t\t\t\t\t\t<\/div>\n\t\t\t\t<\/div>\n\t\t\t\t<\/div>\n\t\t<div class=\"elementor-element elementor-element-6c137b44 e-con-full e-flex e-con e-child\" data-id=\"6c137b44\" data-element_type=\"container\">\n\t\t\t\t<div class=\"elementor-element elementor-element-7ad0f720 wd-width-100 elementor-widget elementor-widget-wd_title\" data-id=\"7ad0f720\" data-element_type=\"widget\" data-widget_type=\"wd_title.default\">\n\t\t\t\t<div class=\"elementor-widget-container\">\n\t\t\t\t\t\t\t<div class=\"title-wrapper set-mb-s reset-last-child wd-title-color-default wd-title-style-default wd-title-size-default text-center\">\n\n\t\t\t\t\t\t\t<div class=\"title-subtitle subtitle-color-default subtitle-style-default wd-fontsize-xs\">\n\t\t\t\t\tTipo de anestesia\t\t\t\t<\/div>\n\t\t\t\n\t\t\t<div class=\"liner-continer\">\n\t\t\t\t<p class=\"woodmart-title-container title wd-fontsize-l\">Anestesia general<\/p> \n\t\t\t\t\t\t\t<\/div>\n\n\t\t\t\t\t<\/div>\n\t\t\t\t\t\t<\/div>\n\t\t\t\t<\/div>\n\t\t\t\t<\/div>\n\t\t<div class=\"elementor-element elementor-element-21bcd057 e-con-full e-flex e-con e-child\" data-id=\"21bcd057\" data-element_type=\"container\">\n\t\t\t\t<div class=\"elementor-element elementor-element-2e827dc1 wd-width-100 elementor-widget elementor-widget-wd_title\" data-id=\"2e827dc1\" data-element_type=\"widget\" data-widget_type=\"wd_title.default\">\n\t\t\t\t<div class=\"elementor-widget-container\">\n\t\t\t\t\t\t\t<div class=\"title-wrapper set-mb-s reset-last-child wd-title-color-default wd-title-style-default wd-title-size-default text-center\">\n\n\t\t\t\t\t\t\t<div class=\"title-subtitle subtitle-color-default subtitle-style-default wd-fontsize-xs\">\n\t\t\t\t\tTiempo de recuperaci\u00f3n\t\t\t\t<\/div>\n\t\t\t\n\t\t\t<div class=\"liner-continer\">\n\t\t\t\t<p class=\"woodmart-title-container title wd-fontsize-l\">1-2 semanas<\/p> \n\t\t\t\t\t\t\t<\/div>\n\n\t\t\t\t\t<\/div>\n\t\t\t\t\t\t<\/div>\n\t\t\t\t<\/div>\n\t\t\t\t<\/div>\n\t\t\t\t\t<\/div>\n\t\t\t\t<\/div>\n\t\t<div class=\"wd-negative-gap elementor-element elementor-element-6527db9 e-flex e-con-boxed e-con e-parent\" data-id=\"6527db9\" data-element_type=\"container\">\n\t\t\t\t\t<div class=\"e-con-inner\">\n\t\t\t\t<div class=\"elementor-element elementor-element-b89e0ef color-scheme-inherit text-left elementor-widget elementor-widget-text-editor\" data-id=\"b89e0ef\" data-element_type=\"widget\" data-widget_type=\"text-editor.default\">\n\t\t\t\t<div class=\"elementor-widget-container\">\n\t\t\t\t\t\t\t\t\t<p><span style=\"font-weight: 400;\">La est\u00e9tica dental es un elemento importante que aumenta la belleza de la sonrisa y la confianza en uno mismo. La l\u00e1mina de porcelana es una soluci\u00f3n frecuentemente preferida para corregir problemas est\u00e9ticos en los dientes y conseguir un aspecto natural. Gracias a las finas capas de porcelana, la forma, el color y la alineaci\u00f3n de los dientes se corrigen perfectamente, lo que permite tener unos dientes m\u00e1s blancos y lisos. La aplicaci\u00f3n de l\u00e1minas de porcelana ofrece resultados est\u00e9ticamente satisfactorios y duraderos, que le permitir\u00e1n notar la diferencia en su sonrisa inmediatamente.<\/span><\/p><h2><span style=\"font-weight: 400;\">\u00bfQu\u00e9 es la l\u00e1mina de porcelana?<\/span><\/h2><p><span style=\"font-weight: 400;\">Las l\u00e1minas de porcelana son finas carillas de porcelana que se utilizan para mejorar el aspecto est\u00e9tico de los dientes. Generalmente se prefieren para corregir problemas de color, forma y alineaci\u00f3n de los dientes. La l\u00e1mina de porcelana se aplica a los dientes con una intervenci\u00f3n m\u00ednima y proporciona un aspecto natural. Gracias a la caracter\u00edstica de la porcelana de reflejar la luz, se obtienen resultados est\u00e9ticamente satisfactorios en armon\u00eda con los dientes naturales.<\/span><\/p><h2><span style=\"font-weight: 400;\">\u00bfPara qui\u00e9n es adecuada la aplicaci\u00f3n de l\u00e1minas de porcelana?<\/span><\/h2><p><span style=\"font-weight: 400;\">La l\u00e1mina de porcelana es adecuada para cualquier persona que tenga problemas est\u00e9ticos con sus dientes y desee tener unos dientes m\u00e1s blancos y lisos. Especialmente las personas con dientes rotos, agrietados, desgastados, descoloridos o irregulares pueden beneficiarse de la aplicaci\u00f3n de la l\u00e1mina de porcelana. Sin embargo, esta aplicaci\u00f3n no est\u00e1 recomendada para personas con problemas graves de caries o enc\u00edas. El dentista evaluar\u00e1 su salud dental antes de la aplicaci\u00f3n y determinar\u00e1 si usted es apto para la l\u00e1mina de porcelana.<\/span><\/p><h2><span style=\"font-weight: 400;\">\u00bfC\u00f3mo mejorar la est\u00e9tica dental con l\u00e1mina de porcelana?<\/span><\/h2><p><span style=\"font-weight: 400;\">La l\u00e1mina de porcelana es una soluci\u00f3n excelente para mejorar la est\u00e9tica dental. A\u00f1adiendo una fina capa de porcelana sobre los dientes, se puede corregir la forma, el color y el tama\u00f1o de los dientes. Esta aplicaci\u00f3n hace que los dientes parezcan m\u00e1s blancos y lisos. Adem\u00e1s, la l\u00e1mina de porcelana crea una sonrisa m\u00e1s suave al cerrar los espacios entre los dientes. Esta soluci\u00f3n est\u00e9tica combina perfectamente con sus dientes naturales.<\/span><\/p><h2><span style=\"font-weight: 400;\">\u00bfC\u00f3mo eliminar la decoloraci\u00f3n de los dientes con l\u00e1mina de porcelana?<\/span><\/h2><p><span style=\"font-weight: 400;\">La decoloraci\u00f3n de los dientes puede deberse a diversos factores como el tabaco, el caf\u00e9, el t\u00e9 y la gen\u00e9tica. La l\u00e1mina de porcelana es un m\u00e9todo eficaz para eliminar estas decoloraciones. Durante la aplicaci\u00f3n, se seleccionan porcelanas unos tonos m\u00e1s blancas que el color natural de los dientes. De este modo, los dientes adquieren un aspecto blanco y natural. La l\u00e1mina de porcelana hace que sus dientes sean m\u00e1s atractivos est\u00e9ticamente y proporciona blancura a largo plazo.<\/span><\/p><h2><span style=\"font-weight: 400;\">\u00bfCu\u00e1nto dura la aplicaci\u00f3n de l\u00e1minas de porcelana?<\/span><\/h2><p><span style=\"font-weight: 400;\">El laminado de porcelana ofrece una soluci\u00f3n duradera si se proporcionan los cuidados y la higiene adecuados. Por t\u00e9rmino medio, las carillas laminadas de porcelana pueden durar entre 10 y 15 a\u00f1os. Sin embargo, es importante no aplicar una fuerza excesiva sobre los dientes, realizar cuidados dentales regulares y seguir las recomendaciones de su dentista. Las revisiones peri\u00f3dicas y el mantenimiento son necesarios para mantener sus dientes laminados de porcelana sanos durante mucho tiempo.<\/span><\/p><h2><span style=\"font-weight: 400;\">Los precios de las l\u00e1minas de porcelana var\u00edan en funci\u00f3n de qu\u00e9?<\/span><\/h2><p><span style=\"font-weight: 400;\">Los precios de las l\u00e1minas de porcelana pueden variar en funci\u00f3n de diversos factores. La zona a tratar, la calidad de la porcelana a utilizar, el n\u00famero de dientes a tratar y la experiencia del m\u00e9dico son algunos de los factores que afectan al precio. Adem\u00e1s, el proceso de tratamiento y las necesidades del paciente tambi\u00e9n pueden afectar al precio. En general, los precios de las l\u00e1minas de porcelana pueden ser m\u00e1s elevados en comparaci\u00f3n con otros tratamientos dentales est\u00e9ticos, pero ofrecen resultados duraderos y naturales.<\/span><\/p><h2><span style=\"font-weight: 400;\">\u00bfCu\u00e1les son las ventajas de la aplicaci\u00f3n de l\u00e1minas de porcelana?<\/span><\/h2><p><span style=\"font-weight: 400;\">La aplicaci\u00f3n de l\u00e1minas de porcelana tiene muchas ventajas. En primer lugar, ofrece un resultado de aspecto natural y mejora la est\u00e9tica de sus dientes. Adem\u00e1s, la aplicaci\u00f3n de l\u00e1minas de porcelana se realiza con una p\u00e9rdida m\u00ednima de tejido dental, lo que significa un procedimiento menos invasivo. Las carillas de porcelana protegen sus dientes y son duraderas durante mucho tiempo. Adem\u00e1s, gracias a las propiedades de transmisi\u00f3n de la luz de la porcelana, proporciona un aspecto que se asemeja al de sus dientes naturales.<\/span><\/p><h2><span style=\"font-weight: 400;\">\u00bfC\u00f3mo se deben realizar los cuidados tras la aplicaci\u00f3n de la l\u00e1mina de porcelana?<\/span><\/h2><p><span style=\"font-weight: 400;\">Los cuidados tras la aplicaci\u00f3n de la l\u00e1mina de porcelana son muy importantes para conseguir resultados est\u00e9ticos y duraderos. Debe cepillarse los dientes con regularidad y utilizar hilo dental. Adem\u00e1s, evitar dent\u00edfricos abrasivos proteger\u00e1 la superficie de sus dientes. La l\u00e1mina de porcelana debe protegerse de las sustancias que provocan manchas, como el tabaco, el caf\u00e9 y el t\u00e9. Su dentista le har\u00e1 las recomendaciones de cuidado necesarias para garantizar que sus dientes laminados de porcelana se mantengan sanos.<\/span><\/p><h2><span style=\"font-weight: 400;\">\u00bfQu\u00e9 aspecto natural pueden tener mis dientes con la l\u00e1mina de porcelana?<\/span><\/h2><p><span style=\"font-weight: 400;\">La l\u00e1mina de porcelana puede dar a sus dientes un aspecto extremadamente natural. Un buen dentista eliminar\u00e1 cualquier irregularidad o problema est\u00e9tico de la superficie eligiendo el color y la forma adecuados para la estructura natural de sus dientes. Dado que el reflejo de la luz de la porcelana es bastante similar al de los dientes naturales, no hay sensaci\u00f3n de artificialidad en su sonrisa tras la aplicaci\u00f3n. Sus dientes tienen un aspecto natural y est\u00e9ticamente m\u00e1s saludable.<\/span><\/p><h2><span style=\"font-weight: 400;\">\u00bfEs diferente la l\u00e1mina de porcelana de otras aplicaciones de est\u00e9tica dental?<\/span><\/h2><p><span style=\"font-weight: 400;\">La l\u00e1mina de porcelana es diferente de otras aplicaciones en t\u00e9rminos de est\u00e9tica dental porque durante este procedimiento se aplica una fina capa de porcelana s\u00f3lo en la superficie frontal de sus dientes. Otras aplicaciones pueden cubrir m\u00e1s partes del diente. La l\u00e1mina de porcelana ofrece soluciones est\u00e9ticas de aspecto natural y permanente con una intervenci\u00f3n m\u00ednima en sus dientes. En comparaci\u00f3n con otros tratamientos dentales est\u00e9ticos, la l\u00e1mina de porcelana ofrece los resultados menos invasivos y m\u00e1s naturales.<\/span><\/p><p>\u00a0<\/p>\t\t\t\t\t\t\t\t<\/div>\n\t\t\t\t<\/div>\n\t\t\t\t\t<\/div>\n\t\t\t\t<\/div>\n\t\t\t\t<\/div>","protected":false},"excerpt":{"rendered":"<p>Ortalama Kal\u0131\u015f S\u00fcresi 7 G\u00fcn Hastanede Yat\u0131\u015f S\u00fcresi 1 G\u00fcn Operasyon S\u00fcresi 2-4 Saat Anestezi T\u00fcr\u00fc Genel Anestezi \u0130yile\u015fme S\u00fcresi<\/p>","protected":false},"author":1,"featured_media":0,"parent":0,"menu_order":0,"comment_status":"closed","ping_status":"closed","template":"","meta":{"footnotes":""},"class_list":["post-27860","page","type-page","status-publish","hentry"],"_links":{"self":[{"href":"https:\/\/westestetik.com\/es\/wp-json\/wp\/v2\/pages\/27860","targetHints":{"allow":["GET"]}}],"collection":[{"href":"https:\/\/westestetik.com\/es\/wp-json\/wp\/v2\/pages"}],"about":[{"href":"https:\/\/westestetik.com\/es\/wp-json\/wp\/v2\/types\/page"}],"author":[{"embeddable":true,"href":"https:\/\/westestetik.com\/es\/wp-json\/wp\/v2\/users\/1"}],"replies":[{"embeddable":true,"href":"https:\/\/westestetik.com\/es\/wp-json\/wp\/v2\/comments?post=27860"}],"version-history":[{"count":10,"href":"https:\/\/westestetik.com\/es\/wp-json\/wp\/v2\/pages\/27860\/revisions"}],"predecessor-version":[{"id":29034,"href":"https:\/\/westestetik.com\/es\/wp-json\/wp\/v2\/pages\/27860\/revisions\/29034"}],"wp:attachment":[{"href":"https:\/\/westestetik.com\/es\/wp-json\/wp\/v2\/media?parent=27860"}],"curies":[{"name":"wp","href":"https:\/\/api.w.org\/{rel}","templated":true}]}}