{"id":27858,"date":"2024-12-02T23:27:35","date_gmt":"2024-12-02T23:27:35","guid":{"rendered":"https:\/\/westestetik.com\/?page_id=27858"},"modified":"2024-12-26T15:08:23","modified_gmt":"2024-12-26T15:08:23","slug":"implante","status":"publish","type":"page","link":"https:\/\/westestetik.com\/es\/implante\/","title":{"rendered":"Implante"},"content":{"rendered":"<div data-elementor-type=\"wp-page\" data-elementor-id=\"27858\" class=\"elementor elementor-27858\" data-elementor-post-type=\"page\">\n\t\t\t\t<div class=\"elementor-element elementor-element-1990d464 e-con-full elementor-hidden-mobile e-flex e-con e-parent\" data-id=\"1990d464\" data-element_type=\"container\">\n\t\t<div class=\"elementor-element elementor-element-7678131 e-con-full e-flex e-con e-child\" data-id=\"7678131\" data-element_type=\"container\">\n\t\t\t\t<div class=\"elementor-element elementor-element-242e387e elementor-widget elementor-widget-image\" data-id=\"242e387e\" data-element_type=\"widget\" data-widget_type=\"image.default\">\n\t\t\t\t<div class=\"elementor-widget-container\">\n\t\t\t\t\t\t\t\t\t\t\t\t\t\t\t<img decoding=\"async\" width=\"100\" height=\"100\" src=\"https:\/\/westestetik.com\/wp-content\/uploads\/2024\/12\/1-4.png\" class=\"attachment-large size-large wp-image-28814\" alt=\"\" srcset=\"https:\/\/westestetik.com\/wp-content\/uploads\/2024\/12\/1-4.png 100w, https:\/\/westestetik.com\/wp-content\/uploads\/2024\/12\/1-4-12x12.png 12w\" sizes=\"(max-width: 100px) 100vw, 100px\" \/>\t\t\t\t\t\t\t\t\t\t\t\t\t\t\t<\/div>\n\t\t\t\t<\/div>\n\t\t\t\t<\/div>\n\t\t<div class=\"elementor-element elementor-element-fb7afb9 e-con-full e-flex e-con e-child\" data-id=\"fb7afb9\" data-element_type=\"container\">\n\t\t\t\t<div class=\"elementor-element elementor-element-74e4f5d7 elementor-widget elementor-widget-image\" data-id=\"74e4f5d7\" data-element_type=\"widget\" data-widget_type=\"image.default\">\n\t\t\t\t<div class=\"elementor-widget-container\">\n\t\t\t\t\t\t\t\t\t\t\t\t\t\t\t<img decoding=\"async\" width=\"100\" height=\"100\" src=\"https:\/\/westestetik.com\/wp-content\/uploads\/2024\/12\/2-5.png\" class=\"attachment-large size-large wp-image-28815\" alt=\"\" srcset=\"https:\/\/westestetik.com\/wp-content\/uploads\/2024\/12\/2-5.png 100w, https:\/\/westestetik.com\/wp-content\/uploads\/2024\/12\/2-5-12x12.png 12w\" sizes=\"(max-width: 100px) 100vw, 100px\" \/>\t\t\t\t\t\t\t\t\t\t\t\t\t\t\t<\/div>\n\t\t\t\t<\/div>\n\t\t\t\t<\/div>\n\t\t<div class=\"elementor-element elementor-element-7527ca7c e-con-full e-flex e-con e-child\" data-id=\"7527ca7c\" data-element_type=\"container\">\n\t\t\t\t<div class=\"elementor-element elementor-element-4782c63a elementor-widget elementor-widget-image\" data-id=\"4782c63a\" data-element_type=\"widget\" data-widget_type=\"image.default\">\n\t\t\t\t<div class=\"elementor-widget-container\">\n\t\t\t\t\t\t\t\t\t\t\t\t\t\t\t<img decoding=\"async\" width=\"100\" height=\"100\" src=\"https:\/\/westestetik.com\/wp-content\/uploads\/2024\/12\/3-1.png\" class=\"attachment-large size-large wp-image-28816\" alt=\"\" srcset=\"https:\/\/westestetik.com\/wp-content\/uploads\/2024\/12\/3-1.png 100w, https:\/\/westestetik.com\/wp-content\/uploads\/2024\/12\/3-1-12x12.png 12w\" sizes=\"(max-width: 100px) 100vw, 100px\" \/>\t\t\t\t\t\t\t\t\t\t\t\t\t\t\t<\/div>\n\t\t\t\t<\/div>\n\t\t\t\t<\/div>\n\t\t<div class=\"elementor-element elementor-element-55db2343 e-con-full e-flex e-con e-child\" data-id=\"55db2343\" data-element_type=\"container\">\n\t\t\t\t<div class=\"elementor-element elementor-element-4793567a elementor-widget elementor-widget-image\" data-id=\"4793567a\" data-element_type=\"widget\" data-widget_type=\"image.default\">\n\t\t\t\t<div class=\"elementor-widget-container\">\n\t\t\t\t\t\t\t\t\t\t\t\t\t\t\t<img loading=\"lazy\" decoding=\"async\" width=\"100\" height=\"100\" src=\"https:\/\/westestetik.com\/wp-content\/uploads\/2024\/12\/4-1.png\" class=\"attachment-large size-large wp-image-28817\" alt=\"\" srcset=\"https:\/\/westestetik.com\/wp-content\/uploads\/2024\/12\/4-1.png 100w, https:\/\/westestetik.com\/wp-content\/uploads\/2024\/12\/4-1-12x12.png 12w\" sizes=\"(max-width: 100px) 100vw, 100px\" \/>\t\t\t\t\t\t\t\t\t\t\t\t\t\t\t<\/div>\n\t\t\t\t<\/div>\n\t\t\t\t<\/div>\n\t\t<div class=\"elementor-element elementor-element-457639cd e-con-full e-flex e-con e-child\" data-id=\"457639cd\" data-element_type=\"container\">\n\t\t\t\t<div class=\"elementor-element elementor-element-6053dc72 elementor-widget elementor-widget-image\" data-id=\"6053dc72\" data-element_type=\"widget\" data-widget_type=\"image.default\">\n\t\t\t\t<div class=\"elementor-widget-container\">\n\t\t\t\t\t\t\t\t\t\t\t\t\t\t\t<img loading=\"lazy\" decoding=\"async\" width=\"100\" height=\"100\" src=\"https:\/\/westestetik.com\/wp-content\/uploads\/2024\/12\/5-1.png\" class=\"attachment-large size-large wp-image-28818\" alt=\"\" srcset=\"https:\/\/westestetik.com\/wp-content\/uploads\/2024\/12\/5-1.png 100w, https:\/\/westestetik.com\/wp-content\/uploads\/2024\/12\/5-1-12x12.png 12w\" sizes=\"(max-width: 100px) 100vw, 100px\" \/>\t\t\t\t\t\t\t\t\t\t\t\t\t\t\t<\/div>\n\t\t\t\t<\/div>\n\t\t\t\t<\/div>\n\t\t\t\t<\/div>\n\t\t<div class=\"wd-negative-gap elementor-element elementor-element-6224a23 elementor-hidden-mobile e-flex e-con-boxed e-con e-parent\" data-id=\"6224a23\" data-element_type=\"container\">\n\t\t\t\t\t<div class=\"e-con-inner\">\n\t\t<div class=\"elementor-element elementor-element-508ae0e8 e-con-full e-flex e-con e-child\" data-id=\"508ae0e8\" data-element_type=\"container\">\n\t\t\t\t<div class=\"elementor-element elementor-element-1fc66508 wd-width-100 elementor-widget elementor-widget-wd_title\" data-id=\"1fc66508\" data-element_type=\"widget\" data-widget_type=\"wd_title.default\">\n\t\t\t\t<div class=\"elementor-widget-container\">\n\t\t\t\t\t\t\t<div class=\"title-wrapper set-mb-s reset-last-child wd-title-color-default wd-title-style-default wd-title-size-default text-center\">\n\n\t\t\t\t\t\t\t<div class=\"title-subtitle subtitle-color-default subtitle-style-default wd-fontsize-xs\">\n\t\t\t\t\tDuraci\u00f3n media de la estancia\t\t\t\t<\/div>\n\t\t\t\n\t\t\t<div class=\"liner-continer\">\n\t\t\t\t<p class=\"woodmart-title-container title wd-fontsize-l\">7 d\u00edas<\/p> \n\t\t\t\t\t\t\t<\/div>\n\n\t\t\t\t\t<\/div>\n\t\t\t\t\t\t<\/div>\n\t\t\t\t<\/div>\n\t\t\t\t<\/div>\n\t\t<div class=\"elementor-element elementor-element-17edead9 e-con-full e-flex e-con e-child\" data-id=\"17edead9\" data-element_type=\"container\">\n\t\t\t\t<div class=\"elementor-element elementor-element-38f6e5e5 wd-width-100 elementor-widget elementor-widget-wd_title\" data-id=\"38f6e5e5\" data-element_type=\"widget\" data-widget_type=\"wd_title.default\">\n\t\t\t\t<div class=\"elementor-widget-container\">\n\t\t\t\t\t\t\t<div class=\"title-wrapper set-mb-s reset-last-child wd-title-color-default wd-title-style-default wd-title-size-default text-center\">\n\n\t\t\t\t\t\t\t<div class=\"title-subtitle subtitle-color-default subtitle-style-default wd-fontsize-xs\">\n\t\t\t\t\tDuraci\u00f3n de la hospitalizaci\u00f3n\t\t\t\t<\/div>\n\t\t\t\n\t\t\t<div class=\"liner-continer\">\n\t\t\t\t<p class=\"woodmart-title-container title wd-fontsize-l\">1 d\u00eda<\/p> \n\t\t\t\t\t\t\t<\/div>\n\n\t\t\t\t\t<\/div>\n\t\t\t\t\t\t<\/div>\n\t\t\t\t<\/div>\n\t\t\t\t<\/div>\n\t\t<div class=\"elementor-element elementor-element-4dce682c e-con-full e-flex e-con e-child\" data-id=\"4dce682c\" data-element_type=\"container\">\n\t\t\t\t<div class=\"elementor-element elementor-element-521b2a76 wd-width-100 elementor-widget elementor-widget-wd_title\" data-id=\"521b2a76\" data-element_type=\"widget\" data-widget_type=\"wd_title.default\">\n\t\t\t\t<div class=\"elementor-widget-container\">\n\t\t\t\t\t\t\t<div class=\"title-wrapper set-mb-s reset-last-child wd-title-color-default wd-title-style-default wd-title-size-default text-center\">\n\n\t\t\t\t\t\t\t<div class=\"title-subtitle subtitle-color-default subtitle-style-default wd-fontsize-xs\">\n\t\t\t\t\tDuraci\u00f3n de la operaci\u00f3n\t\t\t\t<\/div>\n\t\t\t\n\t\t\t<div class=\"liner-continer\">\n\t\t\t\t<p class=\"woodmart-title-container title wd-fontsize-l\">2-4 horas<\/p> \n\t\t\t\t\t\t\t<\/div>\n\n\t\t\t\t\t<\/div>\n\t\t\t\t\t\t<\/div>\n\t\t\t\t<\/div>\n\t\t\t\t<\/div>\n\t\t<div class=\"elementor-element elementor-element-1f49376 e-con-full e-flex e-con e-child\" data-id=\"1f49376\" data-element_type=\"container\">\n\t\t\t\t<div class=\"elementor-element elementor-element-70844d6f wd-width-100 elementor-widget elementor-widget-wd_title\" data-id=\"70844d6f\" data-element_type=\"widget\" data-widget_type=\"wd_title.default\">\n\t\t\t\t<div class=\"elementor-widget-container\">\n\t\t\t\t\t\t\t<div class=\"title-wrapper set-mb-s reset-last-child wd-title-color-default wd-title-style-default wd-title-size-default text-center\">\n\n\t\t\t\t\t\t\t<div class=\"title-subtitle subtitle-color-default subtitle-style-default wd-fontsize-xs\">\n\t\t\t\t\tTipo de anestesia\t\t\t\t<\/div>\n\t\t\t\n\t\t\t<div class=\"liner-continer\">\n\t\t\t\t<p class=\"woodmart-title-container title wd-fontsize-l\">Anestesia general<\/p> \n\t\t\t\t\t\t\t<\/div>\n\n\t\t\t\t\t<\/div>\n\t\t\t\t\t\t<\/div>\n\t\t\t\t<\/div>\n\t\t\t\t<\/div>\n\t\t<div class=\"elementor-element elementor-element-2fcdbacb e-con-full e-flex e-con e-child\" data-id=\"2fcdbacb\" data-element_type=\"container\">\n\t\t\t\t<div class=\"elementor-element elementor-element-5cca0b8 wd-width-100 elementor-widget elementor-widget-wd_title\" data-id=\"5cca0b8\" data-element_type=\"widget\" data-widget_type=\"wd_title.default\">\n\t\t\t\t<div class=\"elementor-widget-container\">\n\t\t\t\t\t\t\t<div class=\"title-wrapper set-mb-s reset-last-child wd-title-color-default wd-title-style-default wd-title-size-default text-center\">\n\n\t\t\t\t\t\t\t<div class=\"title-subtitle subtitle-color-default subtitle-style-default wd-fontsize-xs\">\n\t\t\t\t\tTiempo de recuperaci\u00f3n\t\t\t\t<\/div>\n\t\t\t\n\t\t\t<div class=\"liner-continer\">\n\t\t\t\t<p class=\"woodmart-title-container title wd-fontsize-l\">1-2 semanas<\/p> \n\t\t\t\t\t\t\t<\/div>\n\n\t\t\t\t\t<\/div>\n\t\t\t\t\t\t<\/div>\n\t\t\t\t<\/div>\n\t\t\t\t<\/div>\n\t\t\t\t\t<\/div>\n\t\t\t\t<\/div>\n\t\t<div class=\"wd-negative-gap elementor-element elementor-element-4d42f47 e-flex e-con-boxed e-con e-parent\" data-id=\"4d42f47\" data-element_type=\"container\">\n\t\t\t\t\t<div class=\"e-con-inner\">\n\t\t\t\t<div class=\"elementor-element elementor-element-8712368 color-scheme-inherit text-left elementor-widget elementor-widget-text-editor\" data-id=\"8712368\" data-element_type=\"widget\" data-widget_type=\"text-editor.default\">\n\t\t\t\t<div class=\"elementor-widget-container\">\n\t\t\t\t\t\t\t\t\t<p><span style=\"font-weight: 400;\">El implante dental es un m\u00e9todo de tratamiento moderno y eficaz que se aplica para sustituir los dientes perdidos. Ofrece la soluci\u00f3n m\u00e1s parecida a los dientes naturales tanto est\u00e9tica como funcionalmente. Se prefiere el tratamiento con implantes para mejorar la calidad de vida de las personas con p\u00e9rdida de dientes, restaurar su sonrisa y proteger la salud de su mand\u00edbula. La aplicaci\u00f3n de implantes proporciona un resultado duradero y seguro cuando se realiza con los conocimientos adecuados.<\/span><\/p><h2><span style=\"font-weight: 400;\">\u00bfQu\u00e9 es un implante y c\u00f3mo se aplica?<\/span><\/h2><p><span style=\"font-weight: 400;\">Los implantes son ra\u00edces artificiales que se colocan en lugar de los dientes perdidos. Estos tornillos met\u00e1licos, colocados en el hueso maxilar por el dentista, proporcionan una base s\u00f3lida sobre la que se pueden colocar directamente dentaduras postizas o dientes. El tratamiento con implantes ofrece una soluci\u00f3n m\u00e1s est\u00e9tica y permanente que las dentaduras tradicionales. Durante la aplicaci\u00f3n, el dentista selecciona un implante adecuado a la estructura maxilar del paciente y lo coloca mediante un procedimiento quir\u00fargico. El proceso de tratamiento suele constar de varias fases.<\/span><\/p><h2><span style=\"font-weight: 400;\">\u00bfPara qui\u00e9n es adecuado un implante dental?<\/span><\/h2><p><span style=\"font-weight: 400;\">El tratamiento con implantes suele ser adecuado para las personas que han perdido un diente y tienen un hueso maxilar sano. Sin embargo, en algunos pacientes puede aplicarse un injerto \u00f3seo si no hay suficiente densidad \u00f3sea. El tratamiento con implantes puede realizarse a cualquier persona que haya cumplido 18 a\u00f1os y tenga una buena salud oral. El proceso de tratamiento de las personas con determinados problemas de salud, como diabetes y cardiopat\u00edas, debe ser evaluado cuidadosamente por sus m\u00e9dicos.<\/span><\/p><h2><span style=\"font-weight: 400;\">\u00bfC\u00f3mo se realiza el tratamiento con implantes?<\/span><\/h2><p><span style=\"font-weight: 400;\">El tratamiento con implantes suele constar de tres fases principales: en primer lugar, el dentista coloca el implante en el hueso maxilar. Se deja que el implante se fusione con el hueso durante varios meses. A continuaci\u00f3n, el dentista coloca una pr\u00f3tesis sobre el implante. Por \u00faltimo, se consigue un aspecto de diente natural con la pr\u00f3tesis colocada. El proceso de tratamiento suele durar de 3 a 6 meses.<\/span><\/p><h2><span style=\"font-weight: 400;\">\u00bfCu\u00e1nto cuestan los implantes?<\/span><\/h2><p><span style=\"font-weight: 400;\">Los precios de los implantes pueden variar en funci\u00f3n de la cl\u00ednica en la que se aplique el tratamiento, la marca de implante utilizada y los procesos de tratamiento adicionales necesarios. Los precios de los implantes dentales se determinan seg\u00fan el an\u00e1lisis regional y las necesidades del paciente. Por lo general, los implantes de alta calidad y las opciones de tratamiento a largo plazo pueden conllevar costes m\u00e1s elevados inicialmente. A largo plazo, sin embargo, el tratamiento con implantes puede ser una opci\u00f3n m\u00e1s econ\u00f3mica porque no requiere sustituciones frecuentes como las dentaduras postizas.<\/span><\/p><h2><span style=\"font-weight: 400;\">Lo que debe saber antes de colocarse implantes<\/span><\/h2><p><span style=\"font-weight: 400;\">Antes de iniciar el tratamiento con implantes, es importante averiguar si su hueso maxilar es adecuado. Adem\u00e1s, su dentista evaluar\u00e1 su estado de salud general. En algunas personas puede ser necesario un tratamiento de las enc\u00edas o un injerto \u00f3seo antes del tratamiento con implantes. Informarse sobre las dificultades del proceso de tratamiento le permite conocer de antemano los posibles riesgos.<\/span><\/p><h2><span style=\"font-weight: 400;\">\u00bfCu\u00e1les son las ventajas de los implantes?<\/span><\/h2><p><span style=\"font-weight: 400;\">El tratamiento con implantes tiene muchas ventajas. En comparaci\u00f3n con otros m\u00e9todos de tratamiento, es m\u00e1s duradero y funciona como los dientes naturales. Tambi\u00e9n elimina las preocupaciones est\u00e9ticas que se experimentan debido a la falta de dientes. Como los implantes se colocan en el hueso maxilar sin afectar a los dem\u00e1s dientes, conservan la estructura dental sana. Otras ventajas son la ausencia de problemas como la dislocaci\u00f3n de las pr\u00f3tesis y la prevenci\u00f3n de la p\u00e9rdida de hueso maxilar.<\/span><\/p><h2><span style=\"font-weight: 400;\">Riesgos y efectos secundarios del tratamiento con implantes<\/span><\/h2><p><span style=\"font-weight: 400;\">Como cualquier intervenci\u00f3n quir\u00fargica, el tratamiento con implantes tiene algunos riesgos. Los efectos secundarios m\u00e1s comunes son la infecci\u00f3n, la no uni\u00f3n del implante, la inflamaci\u00f3n y el dolor en las enc\u00edas. Sin embargo, estos riesgos pueden minimizarse con un procedimiento realizado por el m\u00e9dico adecuado. La higiene y los cuidados despu\u00e9s del tratamiento son fundamentales para que el proceso de cicatrizaci\u00f3n sea satisfactorio.<\/span><\/p><h2><span style=\"font-weight: 400;\">\u00bfCu\u00e1nto dura el implante?<\/span><\/h2><p><span style=\"font-weight: 400;\">Los implantes pueden utilizarse durante a\u00f1os, incluso de por vida, con los cuidados y la higiene adecuados. La vida de su implante puede prolongarse con revisiones peri\u00f3dicas recomendadas por el dentista. Adem\u00e1s, tambi\u00e9n debe prestarse atenci\u00f3n al cuidado de la pr\u00f3tesis dental sobre el implante. Al igual que otros dientes, el cepillado regular y el uso de hilo dental mantienen el implante sano.<\/span><\/p><h2><span style=\"font-weight: 400;\">Proceso de recuperaci\u00f3n tras el tratamiento con implantes<\/span><\/h2><p><span style=\"font-weight: 400;\">El proceso de cicatrizaci\u00f3n del tratamiento con implantes suele durar entre 3 y 6 meses. Durante este tiempo, el implante se fusiona con el hueso maxilar. Durante el proceso de cicatrizaci\u00f3n, es importante prestar atenci\u00f3n a la higiene bucal y seguir las recomendaciones del dentista. Algunos pacientes pueden experimentar dolor leve e hinchaz\u00f3n despu\u00e9s del tratamiento, pero suelen ser problemas a corto plazo y tratables.<\/span><\/p><h2><span style=\"font-weight: 400;\">Diferencias entre implante y pr\u00f3tesis<\/span><\/h2><p><span style=\"font-weight: 400;\">La mayor diferencia entre implantes y pr\u00f3tesis es que el implante se coloca en el hueso maxilar. Las pr\u00f3tesis, en cambio, se colocan en las enc\u00edas y no son fijas. Mientras que los implantes ofrecen una soluci\u00f3n m\u00e1s duradera y natural, las dentaduras postizas son m\u00e1s temporales y menos duraderas. El tratamiento con implantes ofrece resultados est\u00e9ticos y funcionales superiores.<\/span><\/p><h2><span style=\"font-weight: 400;\">Cosas a tener en cuenta despu\u00e9s del tratamiento con implantes<\/span><\/h2><p><span style=\"font-weight: 400;\">Despu\u00e9s del tratamiento con implantes, es muy importante prestar atenci\u00f3n a la higiene bucal. Durante el proceso de cicatrizaci\u00f3n, deben evitarse los alimentos duros y cepillarse los dientes con regularidad. Adem\u00e1s, no debe descuidar los controles determinados por su dentista. Para prolongar la vida del implante, se recomienda evitar el tabaco y el consumo excesivo de alcohol.<\/span><\/p><h2><span style=\"font-weight: 400;\">\u00bfA qu\u00e9 m\u00e9dico debe acudir para el tratamiento con implantes?<\/span><\/h2><p><span style=\"font-weight: 400;\">La experiencia de su dentista es muy importante para el tratamiento con implantes. Un dentista experto le ofrece la soluci\u00f3n m\u00e1s adecuada planificando correctamente cada fase del proceso de tratamiento. El tratamiento con implantes suele ser realizado por periodoncistas y cirujanos maxilofaciales. Puede averiguar cu\u00e1l es el m\u00e9todo de tratamiento m\u00e1s adecuado para usted poni\u00e9ndose en contacto con un dentista especializado.<\/span><\/p>\t\t\t\t\t\t\t\t<\/div>\n\t\t\t\t<\/div>\n\t\t\t\t\t<\/div>\n\t\t\t\t<\/div>\n\t\t\t\t<\/div>","protected":false},"excerpt":{"rendered":"<p>Ortalama Kal\u0131\u015f S\u00fcresi 7 G\u00fcn Hastanede Yat\u0131\u015f S\u00fcresi 1 G\u00fcn Operasyon S\u00fcresi 2-4 Saat Anestezi T\u00fcr\u00fc Genel Anestezi \u0130yile\u015fme S\u00fcresi<\/p>","protected":false},"author":1,"featured_media":0,"parent":0,"menu_order":0,"comment_status":"closed","ping_status":"closed","template":"","meta":{"footnotes":""},"class_list":["post-27858","page","type-page","status-publish","hentry"],"_links":{"self":[{"href":"https:\/\/westestetik.com\/es\/wp-json\/wp\/v2\/pages\/27858","targetHints":{"allow":["GET"]}}],"collection":[{"href":"https:\/\/westestetik.com\/es\/wp-json\/wp\/v2\/pages"}],"about":[{"href":"https:\/\/westestetik.com\/es\/wp-json\/wp\/v2\/types\/page"}],"author":[{"embeddable":true,"href":"https:\/\/westestetik.com\/es\/wp-json\/wp\/v2\/users\/1"}],"replies":[{"embeddable":true,"href":"https:\/\/westestetik.com\/es\/wp-json\/wp\/v2\/comments?post=27858"}],"version-history":[{"count":10,"href":"https:\/\/westestetik.com\/es\/wp-json\/wp\/v2\/pages\/27858\/revisions"}],"predecessor-version":[{"id":29037,"href":"https:\/\/westestetik.com\/es\/wp-json\/wp\/v2\/pages\/27858\/revisions\/29037"}],"wp:attachment":[{"href":"https:\/\/westestetik.com\/es\/wp-json\/wp\/v2\/media?parent=27858"}],"curies":[{"name":"wp","href":"https:\/\/api.w.org\/{rel}","templated":true}]}}