{"id":27856,"date":"2024-12-02T23:26:55","date_gmt":"2024-12-02T23:26:55","guid":{"rendered":"https:\/\/westestetik.com\/?page_id=27856"},"modified":"2024-12-26T15:09:03","modified_gmt":"2024-12-26T15:09:03","slug":"trasplante-de-barba","status":"publish","type":"page","link":"https:\/\/westestetik.com\/es\/trasplante-de-barba\/","title":{"rendered":"Trasplante de barba"},"content":{"rendered":"<div data-elementor-type=\"wp-page\" data-elementor-id=\"27856\" class=\"elementor elementor-27856\" data-elementor-post-type=\"page\">\n\t\t\t\t<div class=\"elementor-element elementor-element-754131d6 e-con-full elementor-hidden-mobile e-flex e-con e-parent\" data-id=\"754131d6\" data-element_type=\"container\">\n\t\t<div class=\"elementor-element elementor-element-5d852ab7 e-con-full e-flex e-con e-child\" data-id=\"5d852ab7\" data-element_type=\"container\">\n\t\t\t\t<div class=\"elementor-element elementor-element-1867ebe elementor-widget elementor-widget-image\" data-id=\"1867ebe\" data-element_type=\"widget\" data-widget_type=\"image.default\">\n\t\t\t\t<div class=\"elementor-widget-container\">\n\t\t\t\t\t\t\t\t\t\t\t\t\t\t\t<img decoding=\"async\" width=\"100\" height=\"100\" src=\"https:\/\/westestetik.com\/wp-content\/uploads\/2024\/12\/1-4.png\" class=\"attachment-large size-large wp-image-28814\" alt=\"\" srcset=\"https:\/\/westestetik.com\/wp-content\/uploads\/2024\/12\/1-4.png 100w, https:\/\/westestetik.com\/wp-content\/uploads\/2024\/12\/1-4-12x12.png 12w\" sizes=\"(max-width: 100px) 100vw, 100px\" \/>\t\t\t\t\t\t\t\t\t\t\t\t\t\t\t<\/div>\n\t\t\t\t<\/div>\n\t\t\t\t<\/div>\n\t\t<div class=\"elementor-element elementor-element-7153b588 e-con-full e-flex e-con e-child\" data-id=\"7153b588\" data-element_type=\"container\">\n\t\t\t\t<div class=\"elementor-element elementor-element-73875e16 elementor-widget elementor-widget-image\" data-id=\"73875e16\" data-element_type=\"widget\" data-widget_type=\"image.default\">\n\t\t\t\t<div class=\"elementor-widget-container\">\n\t\t\t\t\t\t\t\t\t\t\t\t\t\t\t<img decoding=\"async\" width=\"100\" height=\"100\" src=\"https:\/\/westestetik.com\/wp-content\/uploads\/2024\/12\/2-5.png\" class=\"attachment-large size-large wp-image-28815\" alt=\"\" srcset=\"https:\/\/westestetik.com\/wp-content\/uploads\/2024\/12\/2-5.png 100w, https:\/\/westestetik.com\/wp-content\/uploads\/2024\/12\/2-5-12x12.png 12w\" sizes=\"(max-width: 100px) 100vw, 100px\" \/>\t\t\t\t\t\t\t\t\t\t\t\t\t\t\t<\/div>\n\t\t\t\t<\/div>\n\t\t\t\t<\/div>\n\t\t<div class=\"elementor-element elementor-element-7c8c251d e-con-full e-flex e-con e-child\" data-id=\"7c8c251d\" data-element_type=\"container\">\n\t\t\t\t<div class=\"elementor-element elementor-element-2ade612b elementor-widget elementor-widget-image\" data-id=\"2ade612b\" data-element_type=\"widget\" data-widget_type=\"image.default\">\n\t\t\t\t<div class=\"elementor-widget-container\">\n\t\t\t\t\t\t\t\t\t\t\t\t\t\t\t<img decoding=\"async\" width=\"100\" height=\"100\" src=\"https:\/\/westestetik.com\/wp-content\/uploads\/2024\/12\/3-1.png\" class=\"attachment-large size-large wp-image-28816\" alt=\"\" srcset=\"https:\/\/westestetik.com\/wp-content\/uploads\/2024\/12\/3-1.png 100w, https:\/\/westestetik.com\/wp-content\/uploads\/2024\/12\/3-1-12x12.png 12w\" sizes=\"(max-width: 100px) 100vw, 100px\" \/>\t\t\t\t\t\t\t\t\t\t\t\t\t\t\t<\/div>\n\t\t\t\t<\/div>\n\t\t\t\t<\/div>\n\t\t<div class=\"elementor-element elementor-element-141fb93e e-con-full e-flex e-con e-child\" data-id=\"141fb93e\" data-element_type=\"container\">\n\t\t\t\t<div class=\"elementor-element elementor-element-3c8a57f elementor-widget elementor-widget-image\" data-id=\"3c8a57f\" data-element_type=\"widget\" data-widget_type=\"image.default\">\n\t\t\t\t<div class=\"elementor-widget-container\">\n\t\t\t\t\t\t\t\t\t\t\t\t\t\t\t<img loading=\"lazy\" decoding=\"async\" width=\"100\" height=\"100\" src=\"https:\/\/westestetik.com\/wp-content\/uploads\/2024\/12\/4-1.png\" class=\"attachment-large size-large wp-image-28817\" alt=\"\" srcset=\"https:\/\/westestetik.com\/wp-content\/uploads\/2024\/12\/4-1.png 100w, https:\/\/westestetik.com\/wp-content\/uploads\/2024\/12\/4-1-12x12.png 12w\" sizes=\"(max-width: 100px) 100vw, 100px\" \/>\t\t\t\t\t\t\t\t\t\t\t\t\t\t\t<\/div>\n\t\t\t\t<\/div>\n\t\t\t\t<\/div>\n\t\t<div class=\"elementor-element elementor-element-5c628e35 e-con-full e-flex e-con e-child\" data-id=\"5c628e35\" data-element_type=\"container\">\n\t\t\t\t<div class=\"elementor-element elementor-element-58d341e7 elementor-widget elementor-widget-image\" data-id=\"58d341e7\" data-element_type=\"widget\" data-widget_type=\"image.default\">\n\t\t\t\t<div class=\"elementor-widget-container\">\n\t\t\t\t\t\t\t\t\t\t\t\t\t\t\t<img loading=\"lazy\" decoding=\"async\" width=\"100\" height=\"100\" src=\"https:\/\/westestetik.com\/wp-content\/uploads\/2024\/12\/5-1.png\" class=\"attachment-large size-large wp-image-28818\" alt=\"\" srcset=\"https:\/\/westestetik.com\/wp-content\/uploads\/2024\/12\/5-1.png 100w, https:\/\/westestetik.com\/wp-content\/uploads\/2024\/12\/5-1-12x12.png 12w\" sizes=\"(max-width: 100px) 100vw, 100px\" \/>\t\t\t\t\t\t\t\t\t\t\t\t\t\t\t<\/div>\n\t\t\t\t<\/div>\n\t\t\t\t<\/div>\n\t\t\t\t<\/div>\n\t\t<div class=\"wd-negative-gap elementor-element elementor-element-12fbd765 elementor-hidden-mobile e-flex e-con-boxed e-con e-parent\" data-id=\"12fbd765\" data-element_type=\"container\">\n\t\t\t\t\t<div class=\"e-con-inner\">\n\t\t<div class=\"elementor-element elementor-element-4144e783 e-con-full e-flex e-con e-child\" data-id=\"4144e783\" data-element_type=\"container\">\n\t\t\t\t<div class=\"elementor-element elementor-element-ef66d43 wd-width-100 elementor-widget elementor-widget-wd_title\" data-id=\"ef66d43\" data-element_type=\"widget\" data-widget_type=\"wd_title.default\">\n\t\t\t\t<div class=\"elementor-widget-container\">\n\t\t\t\t\t\t\t<div class=\"title-wrapper set-mb-s reset-last-child wd-title-color-default wd-title-style-default wd-title-size-default text-center\">\n\n\t\t\t\t\t\t\t<div class=\"title-subtitle subtitle-color-default subtitle-style-default wd-fontsize-xs\">\n\t\t\t\t\tDuraci\u00f3n media de la estancia\t\t\t\t<\/div>\n\t\t\t\n\t\t\t<div class=\"liner-continer\">\n\t\t\t\t<p class=\"woodmart-title-container title wd-fontsize-l\">7 d\u00edas<\/p> \n\t\t\t\t\t\t\t<\/div>\n\n\t\t\t\t\t<\/div>\n\t\t\t\t\t\t<\/div>\n\t\t\t\t<\/div>\n\t\t\t\t<\/div>\n\t\t<div class=\"elementor-element elementor-element-5be7ad07 e-con-full e-flex e-con e-child\" data-id=\"5be7ad07\" data-element_type=\"container\">\n\t\t\t\t<div class=\"elementor-element elementor-element-7797256b wd-width-100 elementor-widget elementor-widget-wd_title\" data-id=\"7797256b\" data-element_type=\"widget\" data-widget_type=\"wd_title.default\">\n\t\t\t\t<div class=\"elementor-widget-container\">\n\t\t\t\t\t\t\t<div class=\"title-wrapper set-mb-s reset-last-child wd-title-color-default wd-title-style-default wd-title-size-default text-center\">\n\n\t\t\t\t\t\t\t<div class=\"title-subtitle subtitle-color-default subtitle-style-default wd-fontsize-xs\">\n\t\t\t\t\tDuraci\u00f3n de la hospitalizaci\u00f3n\t\t\t\t<\/div>\n\t\t\t\n\t\t\t<div class=\"liner-continer\">\n\t\t\t\t<p class=\"woodmart-title-container title wd-fontsize-l\">1 d\u00eda<\/p> \n\t\t\t\t\t\t\t<\/div>\n\n\t\t\t\t\t<\/div>\n\t\t\t\t\t\t<\/div>\n\t\t\t\t<\/div>\n\t\t\t\t<\/div>\n\t\t<div class=\"elementor-element elementor-element-67a4d29e e-con-full e-flex e-con e-child\" data-id=\"67a4d29e\" data-element_type=\"container\">\n\t\t\t\t<div class=\"elementor-element elementor-element-7199ec50 wd-width-100 elementor-widget elementor-widget-wd_title\" data-id=\"7199ec50\" data-element_type=\"widget\" data-widget_type=\"wd_title.default\">\n\t\t\t\t<div class=\"elementor-widget-container\">\n\t\t\t\t\t\t\t<div class=\"title-wrapper set-mb-s reset-last-child wd-title-color-default wd-title-style-default wd-title-size-default text-center\">\n\n\t\t\t\t\t\t\t<div class=\"title-subtitle subtitle-color-default subtitle-style-default wd-fontsize-xs\">\n\t\t\t\t\tDuraci\u00f3n de la operaci\u00f3n\t\t\t\t<\/div>\n\t\t\t\n\t\t\t<div class=\"liner-continer\">\n\t\t\t\t<p class=\"woodmart-title-container title wd-fontsize-l\">2-4 horas<\/p> \n\t\t\t\t\t\t\t<\/div>\n\n\t\t\t\t\t<\/div>\n\t\t\t\t\t\t<\/div>\n\t\t\t\t<\/div>\n\t\t\t\t<\/div>\n\t\t<div class=\"elementor-element elementor-element-49a4f9b6 e-con-full e-flex e-con e-child\" data-id=\"49a4f9b6\" data-element_type=\"container\">\n\t\t\t\t<div class=\"elementor-element elementor-element-62f5bfe5 wd-width-100 elementor-widget elementor-widget-wd_title\" data-id=\"62f5bfe5\" data-element_type=\"widget\" data-widget_type=\"wd_title.default\">\n\t\t\t\t<div class=\"elementor-widget-container\">\n\t\t\t\t\t\t\t<div class=\"title-wrapper set-mb-s reset-last-child wd-title-color-default wd-title-style-default wd-title-size-default text-center\">\n\n\t\t\t\t\t\t\t<div class=\"title-subtitle subtitle-color-default subtitle-style-default wd-fontsize-xs\">\n\t\t\t\t\tTipo de anestesia\t\t\t\t<\/div>\n\t\t\t\n\t\t\t<div class=\"liner-continer\">\n\t\t\t\t<p class=\"woodmart-title-container title wd-fontsize-l\">Anestesia general<\/p> \n\t\t\t\t\t\t\t<\/div>\n\n\t\t\t\t\t<\/div>\n\t\t\t\t\t\t<\/div>\n\t\t\t\t<\/div>\n\t\t\t\t<\/div>\n\t\t<div class=\"elementor-element elementor-element-7464e34a e-con-full e-flex e-con e-child\" data-id=\"7464e34a\" data-element_type=\"container\">\n\t\t\t\t<div class=\"elementor-element elementor-element-d2f00f5 wd-width-100 elementor-widget elementor-widget-wd_title\" data-id=\"d2f00f5\" data-element_type=\"widget\" data-widget_type=\"wd_title.default\">\n\t\t\t\t<div class=\"elementor-widget-container\">\n\t\t\t\t\t\t\t<div class=\"title-wrapper set-mb-s reset-last-child wd-title-color-default wd-title-style-default wd-title-size-default text-center\">\n\n\t\t\t\t\t\t\t<div class=\"title-subtitle subtitle-color-default subtitle-style-default wd-fontsize-xs\">\n\t\t\t\t\tTiempo de recuperaci\u00f3n\t\t\t\t<\/div>\n\t\t\t\n\t\t\t<div class=\"liner-continer\">\n\t\t\t\t<p class=\"woodmart-title-container title wd-fontsize-l\">1-2 semanas<\/p> \n\t\t\t\t\t\t\t<\/div>\n\n\t\t\t\t\t<\/div>\n\t\t\t\t\t\t<\/div>\n\t\t\t\t<\/div>\n\t\t\t\t<\/div>\n\t\t\t\t\t<\/div>\n\t\t\t\t<\/div>\n\t\t<div class=\"wd-negative-gap elementor-element elementor-element-a7a18d0 e-flex e-con-boxed e-con e-parent\" data-id=\"a7a18d0\" data-element_type=\"container\">\n\t\t\t\t\t<div class=\"e-con-inner\">\n\t\t\t\t<div class=\"elementor-element elementor-element-b92a3c9 color-scheme-inherit text-left elementor-widget elementor-widget-text-editor\" data-id=\"b92a3c9\" data-element_type=\"widget\" data-widget_type=\"text-editor.default\">\n\t\t\t\t<div class=\"elementor-widget-container\">\n\t\t\t\t\t\t\t\t\t<p><span style=\"font-weight: 400;\">El trasplante de barba es un procedimiento est\u00e9tico para a\u00f1adir barba de aspecto natural a zonas en las que la barba no crece o se vuelve escasa. Este procedimiento ofrece una soluci\u00f3n excelente a los hombres que sufren p\u00e9rdida de barba por diversos motivos, como factores gen\u00e9ticos, la edad, enfermedades o accidentes. El trasplante de barba ofrece un dise\u00f1o personalizado y resultados naturales con m\u00e9todos avanzados proporcionados por la medicina moderna. Para quienes desean tener una barba de aspecto natural, el trasplante de barba es una soluci\u00f3n eficaz que aumenta la confianza en uno mismo.\u00a0<\/span><\/p><h2><span style=\"font-weight: 400;\">\u00bfQu\u00e9 es el trasplante de barba y c\u00f3mo se realiza?<\/span><\/h2><p><span style=\"font-weight: 400;\">El trasplante de barba es un procedimiento quir\u00fargico est\u00e9tico que se realiza para aclarar el contorno facial y obtener una barba m\u00e1s poblada y natural. El trasplante de barba, que es similar a los m\u00e9todos de trasplante capilar, suele realizarse transfiriendo fol\u00edculos pilosos sanos tomados de la zona de la nuca a la zona de la barba. Gracias a este procedimiento, las personas con barba escasa, d\u00e9bil o inexistente adquieren un aspecto m\u00e1s prominente y denso. El trasplante de barba se realiza con anestesia local y es una experiencia indolora para la mayor\u00eda de las personas.<\/span><\/p><h2><span style=\"font-weight: 400;\">\u00bfQui\u00e9nes son los candidatos adecuados para el trasplante de barba?<\/span><\/h2><p><span style=\"font-weight: 400;\">Los candidatos adecuados para el trasplante de barba son las personas que no tienen barba, la tienen rala o no tienen barba en absoluto. Adem\u00e1s, las personas aptas para el trasplante de barba en t\u00e9rminos de salud pueden someterse a una transferencia de ra\u00edces a las zonas en las que no crece la barba por motivos gen\u00e9ticos. El hecho de que los candidatos tengan una estructura capilar sana garantiza la fijaci\u00f3n satisfactoria de los fol\u00edculos pilosos que se van a trasplantar. Por lo general, la edad debe ser de 25 a\u00f1os en adelante, ya que este grupo de edad no suele experimentar p\u00e9rdida de barba por factores gen\u00e9ticos.<\/span><\/p><h2><span style=\"font-weight: 400;\">\u00bfC\u00f3mo es el proceso de recuperaci\u00f3n tras un trasplante de barba?<\/span><\/h2><p><span style=\"font-weight: 400;\">El proceso de curaci\u00f3n tras un trasplante de barba suele ser r\u00e1pido, pero hay que tener en cuenta algunos puntos. Durante los 2-3 primeros d\u00edas, puede observarse hinchaz\u00f3n y enrojecimiento en la zona del trasplante de barba. Esta condici\u00f3n desaparece en pocos d\u00edas. Puede aparecer una ligera costra en la zona del trasplante de barba, pero estas costras se caer\u00e1n con el tiempo y ser\u00e1n sustituidas por nuevas barbas sanas. Durante el proceso de cicatrizaci\u00f3n, es muy importante seguir las instrucciones de cuidado recomendadas por el m\u00e9dico. Tambi\u00e9n se recomienda evitar la luz solar directa durante 1 \u00f3 2 semanas despu\u00e9s de la intervenci\u00f3n.<\/span><\/p><h2><span style=\"font-weight: 400;\">Precios del trasplante de barba<\/span><\/h2><p><span style=\"font-weight: 400;\">Los precios del trasplante de barba pueden variar en funci\u00f3n de diversos factores. En 2024, los precios del trasplante de barba var\u00edan en funci\u00f3n de la t\u00e9cnica aplicada, el n\u00famero de fol\u00edculos pilosos a trasplantar y los precios de la cl\u00ednica. Sin embargo, dado que cada cl\u00ednica y cirujano tiene una pol\u00edtica de tarifas diferente, los precios pueden variar en funci\u00f3n de las necesidades y preferencias personales. Una consulta detallada antes de la aplicaci\u00f3n proporcionar\u00e1 informaci\u00f3n clara sobre los precios.<\/span><\/p><h2><span style=\"font-weight: 400;\">\u00bfQu\u00e9 hay que tener en cuenta antes y despu\u00e9s del trasplante de barba?<\/span><\/h2><p><span style=\"font-weight: 400;\">Hay algunos puntos importantes que deben tenerse en cuenta antes del trasplante de barba. En primer lugar, debe evitarse fumar, beber alcohol y tomar anticoagulantes antes de la intervenci\u00f3n. Adem\u00e1s, no debe aplicarse ning\u00fan producto cosm\u00e9tico en la zona del trasplante de barba ni afeitarse. Despu\u00e9s, debe prestarse atenci\u00f3n al proceso de cicatrizaci\u00f3n. La zona de trasplante de barba no debe tocarse directamente, no debe afeitarse y no debe lavarse con agua extremadamente caliente. Es importante seguir las instrucciones de cuidado recomendadas por el m\u00e9dico para que el proceso de cicatrizaci\u00f3n sea \u00f3ptimo.<\/span><\/p><h2><span style=\"font-weight: 400;\">\u00bfPara qui\u00e9n es adecuado el trasplante de barba?<\/span><\/h2><p><span style=\"font-weight: 400;\">El trasplante de barba es especialmente adecuado para los hombres a los que no les crece la barba, la tienen rala o se les cae. Adem\u00e1s, las personas que no pueden conseguir una cobertura total en su barba o tienen una l\u00ednea de barba irregular tambi\u00e9n pueden preferir someterse a un trasplante de barba. Adem\u00e1s, tambi\u00e9n es muy importante estar psicol\u00f3gicamente preparado para el trasplante de barba y tener una estructura corporal sana. Adem\u00e1s, las personas que experimentan una p\u00e9rdida gen\u00e9tica de barba a una edad temprana tambi\u00e9n pueden estar entre los candidatos adecuados para el trasplante de barba.<\/span><\/p><h2><span style=\"font-weight: 400;\">\u00bfCu\u00e1ndo se suaviza el aspecto tras el trasplante de barba?<\/span><\/h2><p><span style=\"font-weight: 400;\">El aspecto de la nueva barba tras un trasplante de barba suele empezar a hacerse evidente en un plazo de 4 a 6 semanas. Durante las 2 primeras semanas, aunque se desprenden las ra\u00edces reci\u00e9n trasplantadas, \u00e9stas empiezan a crecer de forma saludable con el tiempo. Los resultados ideales se obtienen al cabo de 6-12 meses. Es necesario ser paciente para ver los resultados completos. Durante este tiempo, se puede apoyar el desarrollo de la barba con h\u00e1bitos de vida saludables y cuidados adecuados. Dado que el proceso de cicatrizaci\u00f3n de cada individuo puede ser diferente, es importante realizar controles peri\u00f3dicos.<\/span><\/p><h2><span style=\"font-weight: 400;\">M\u00e9todos de trasplante de barba: \u00bfCu\u00e1l es el m\u00e9todo m\u00e1s eficaz?<\/span><\/h2><p><span style=\"font-weight: 400;\">Existen dos m\u00e9todos principales para el trasplante de barba: FUE (extracci\u00f3n de unidades foliculares) y FUT (transferencia de unidades foliculares). El m\u00e9todo FUE permite trasplantar los fol\u00edculos pilosos uno a uno y suele ofrecer resultados m\u00e1s naturales. El m\u00e9todo FUT es una t\u00e9cnica en la que se extraen m\u00e1s fol\u00edculos pilosos y permite su aplicaci\u00f3n en zonas extensas. Ambos m\u00e9todos dan resultados satisfactorios, pero el m\u00e9todo preferido depende de las preferencias personales y de las recomendaciones del m\u00e9dico especialista.<\/span><\/p><h2><span style=\"font-weight: 400;\">Errores comunes y soluciones para el trasplante de barba<\/span><\/h2><p><span style=\"font-weight: 400;\">Algunos errores comunes en el trasplante de barba pueden dificultar la obtenci\u00f3n de los resultados deseados. Entre ellos, no prestar atenci\u00f3n al proceso de cicatrizaci\u00f3n, no seguir las instrucciones del m\u00e9dico y afeitarse antes de tiempo. Adem\u00e1s, los procedimientos realizados en cl\u00ednicas inadecuadas tambi\u00e9n pueden conducir a resultados poco satisfactorios. Para evitar estos errores, es importante elegir una cl\u00ednica fiable y con experiencia y prestar atenci\u00f3n al proceso de cicatrizaci\u00f3n.<\/span><\/p><h2><span style=\"font-weight: 400;\">\u00bfC\u00f3mo conseguir un aspecto natural con el trasplante de barba?<\/span><\/h2><p><span style=\"font-weight: 400;\">Para conseguir un aspecto natural con el trasplante de barba, son importantes el \u00e1ngulo, la direcci\u00f3n y la densidad de las ra\u00edces que se van a trasplantar. Las barbas naturales deben colocarse en armon\u00eda con los rasgos faciales. Por este motivo, los procedimientos de trasplante de barba realizados en manos de un especialista experimentado proporcionan resultados m\u00e1s naturales y est\u00e9ticos. Adem\u00e1s, una l\u00ednea de barba personalizada crea un aspecto m\u00e1s natural.<\/span><\/p><p><br \/><br \/><\/p>\t\t\t\t\t\t\t\t<\/div>\n\t\t\t\t<\/div>\n\t\t\t\t\t<\/div>\n\t\t\t\t<\/div>\n\t\t\t\t<\/div>","protected":false},"excerpt":{"rendered":"<p>Ortalama Kal\u0131\u015f S\u00fcresi 7 G\u00fcn Hastanede Yat\u0131\u015f S\u00fcresi 1 G\u00fcn Operasyon S\u00fcresi 2-4 Saat Anestezi T\u00fcr\u00fc Genel Anestezi \u0130yile\u015fme S\u00fcresi<\/p>","protected":false},"author":1,"featured_media":0,"parent":0,"menu_order":0,"comment_status":"closed","ping_status":"closed","template":"","meta":{"footnotes":""},"class_list":["post-27856","page","type-page","status-publish","hentry"],"_links":{"self":[{"href":"https:\/\/westestetik.com\/es\/wp-json\/wp\/v2\/pages\/27856","targetHints":{"allow":["GET"]}}],"collection":[{"href":"https:\/\/westestetik.com\/es\/wp-json\/wp\/v2\/pages"}],"about":[{"href":"https:\/\/westestetik.com\/es\/wp-json\/wp\/v2\/types\/page"}],"author":[{"embeddable":true,"href":"https:\/\/westestetik.com\/es\/wp-json\/wp\/v2\/users\/1"}],"replies":[{"embeddable":true,"href":"https:\/\/westestetik.com\/es\/wp-json\/wp\/v2\/comments?post=27856"}],"version-history":[{"count":10,"href":"https:\/\/westestetik.com\/es\/wp-json\/wp\/v2\/pages\/27856\/revisions"}],"predecessor-version":[{"id":29040,"href":"https:\/\/westestetik.com\/es\/wp-json\/wp\/v2\/pages\/27856\/revisions\/29040"}],"wp:attachment":[{"href":"https:\/\/westestetik.com\/es\/wp-json\/wp\/v2\/media?parent=27856"}],"curies":[{"name":"wp","href":"https:\/\/api.w.org\/{rel}","templated":true}]}}