{"id":27851,"date":"2024-12-02T23:26:14","date_gmt":"2024-12-02T23:26:14","guid":{"rendered":"https:\/\/westestetik.com\/?page_id=27851"},"modified":"2024-12-25T13:40:30","modified_gmt":"2024-12-25T13:40:30","slug":"trasplante-capilar-dhi","status":"publish","type":"page","link":"https:\/\/westestetik.com\/es\/trasplante-capilar-dhi\/","title":{"rendered":"Trasplante capilar DHI"},"content":{"rendered":"<div data-elementor-type=\"wp-page\" data-elementor-id=\"27851\" class=\"elementor elementor-27851\" data-elementor-post-type=\"page\">\n\t\t\t\t<div class=\"elementor-element elementor-element-548d1348 e-con-full e-flex e-con e-parent\" data-id=\"548d1348\" data-element_type=\"container\">\n\t\t<div class=\"elementor-element elementor-element-48058ee0 e-con-full e-flex e-con e-child\" data-id=\"48058ee0\" data-element_type=\"container\">\n\t\t\t\t<div class=\"elementor-element elementor-element-560e8ad7 elementor-widget elementor-widget-image\" data-id=\"560e8ad7\" data-element_type=\"widget\" data-widget_type=\"image.default\">\n\t\t\t\t<div class=\"elementor-widget-container\">\n\t\t\t\t\t\t\t\t\t\t\t\t\t\t\t<img decoding=\"async\" width=\"100\" height=\"100\" src=\"https:\/\/westestetik.com\/wp-content\/uploads\/2024\/12\/1-4.png\" class=\"attachment-large size-large wp-image-28814\" alt=\"\" srcset=\"https:\/\/westestetik.com\/wp-content\/uploads\/2024\/12\/1-4.png 100w, https:\/\/westestetik.com\/wp-content\/uploads\/2024\/12\/1-4-12x12.png 12w\" sizes=\"(max-width: 100px) 100vw, 100px\" \/>\t\t\t\t\t\t\t\t\t\t\t\t\t\t\t<\/div>\n\t\t\t\t<\/div>\n\t\t\t\t<\/div>\n\t\t<div class=\"elementor-element elementor-element-40862e48 e-con-full e-flex e-con e-child\" data-id=\"40862e48\" data-element_type=\"container\">\n\t\t\t\t<div class=\"elementor-element elementor-element-392c3ddc elementor-widget elementor-widget-image\" data-id=\"392c3ddc\" data-element_type=\"widget\" data-widget_type=\"image.default\">\n\t\t\t\t<div class=\"elementor-widget-container\">\n\t\t\t\t\t\t\t\t\t\t\t\t\t\t\t<img decoding=\"async\" width=\"100\" height=\"100\" src=\"https:\/\/westestetik.com\/wp-content\/uploads\/2024\/12\/2-5.png\" class=\"attachment-large size-large wp-image-28815\" alt=\"\" srcset=\"https:\/\/westestetik.com\/wp-content\/uploads\/2024\/12\/2-5.png 100w, https:\/\/westestetik.com\/wp-content\/uploads\/2024\/12\/2-5-12x12.png 12w\" sizes=\"(max-width: 100px) 100vw, 100px\" \/>\t\t\t\t\t\t\t\t\t\t\t\t\t\t\t<\/div>\n\t\t\t\t<\/div>\n\t\t\t\t<\/div>\n\t\t<div class=\"elementor-element elementor-element-344f30eb e-con-full e-flex e-con e-child\" data-id=\"344f30eb\" data-element_type=\"container\">\n\t\t\t\t<div class=\"elementor-element elementor-element-1f0e286a elementor-widget elementor-widget-image\" data-id=\"1f0e286a\" data-element_type=\"widget\" data-widget_type=\"image.default\">\n\t\t\t\t<div class=\"elementor-widget-container\">\n\t\t\t\t\t\t\t\t\t\t\t\t\t\t\t<img decoding=\"async\" width=\"100\" height=\"100\" src=\"https:\/\/westestetik.com\/wp-content\/uploads\/2024\/12\/3-1.png\" class=\"attachment-large size-large wp-image-28816\" alt=\"\" srcset=\"https:\/\/westestetik.com\/wp-content\/uploads\/2024\/12\/3-1.png 100w, https:\/\/westestetik.com\/wp-content\/uploads\/2024\/12\/3-1-12x12.png 12w\" sizes=\"(max-width: 100px) 100vw, 100px\" \/>\t\t\t\t\t\t\t\t\t\t\t\t\t\t\t<\/div>\n\t\t\t\t<\/div>\n\t\t\t\t<\/div>\n\t\t<div class=\"elementor-element elementor-element-3aec2711 e-con-full e-flex e-con e-child\" data-id=\"3aec2711\" data-element_type=\"container\">\n\t\t\t\t<div class=\"elementor-element elementor-element-ea17fc7 elementor-widget elementor-widget-image\" data-id=\"ea17fc7\" data-element_type=\"widget\" data-widget_type=\"image.default\">\n\t\t\t\t<div class=\"elementor-widget-container\">\n\t\t\t\t\t\t\t\t\t\t\t\t\t\t\t<img loading=\"lazy\" decoding=\"async\" width=\"100\" height=\"100\" src=\"https:\/\/westestetik.com\/wp-content\/uploads\/2024\/12\/4-1.png\" class=\"attachment-large size-large wp-image-28817\" alt=\"\" srcset=\"https:\/\/westestetik.com\/wp-content\/uploads\/2024\/12\/4-1.png 100w, https:\/\/westestetik.com\/wp-content\/uploads\/2024\/12\/4-1-12x12.png 12w\" sizes=\"(max-width: 100px) 100vw, 100px\" \/>\t\t\t\t\t\t\t\t\t\t\t\t\t\t\t<\/div>\n\t\t\t\t<\/div>\n\t\t\t\t<\/div>\n\t\t<div class=\"elementor-element elementor-element-36da16be e-con-full e-flex e-con e-child\" data-id=\"36da16be\" data-element_type=\"container\">\n\t\t\t\t<div class=\"elementor-element elementor-element-11d8187c elementor-widget elementor-widget-image\" data-id=\"11d8187c\" data-element_type=\"widget\" data-widget_type=\"image.default\">\n\t\t\t\t<div class=\"elementor-widget-container\">\n\t\t\t\t\t\t\t\t\t\t\t\t\t\t\t<img loading=\"lazy\" decoding=\"async\" width=\"100\" height=\"100\" src=\"https:\/\/westestetik.com\/wp-content\/uploads\/2024\/12\/5-1.png\" class=\"attachment-large size-large wp-image-28818\" alt=\"\" srcset=\"https:\/\/westestetik.com\/wp-content\/uploads\/2024\/12\/5-1.png 100w, https:\/\/westestetik.com\/wp-content\/uploads\/2024\/12\/5-1-12x12.png 12w\" sizes=\"(max-width: 100px) 100vw, 100px\" \/>\t\t\t\t\t\t\t\t\t\t\t\t\t\t\t<\/div>\n\t\t\t\t<\/div>\n\t\t\t\t<\/div>\n\t\t\t\t<\/div>\n\t\t<div class=\"wd-negative-gap elementor-element elementor-element-6df8e687 e-flex e-con-boxed e-con e-parent\" data-id=\"6df8e687\" data-element_type=\"container\">\n\t\t\t\t\t<div class=\"e-con-inner\">\n\t\t<div class=\"elementor-element elementor-element-18d76d95 e-con-full e-flex e-con e-child\" data-id=\"18d76d95\" data-element_type=\"container\">\n\t\t\t\t<div class=\"elementor-element elementor-element-60386242 wd-width-100 elementor-widget elementor-widget-wd_title\" data-id=\"60386242\" data-element_type=\"widget\" data-widget_type=\"wd_title.default\">\n\t\t\t\t<div class=\"elementor-widget-container\">\n\t\t\t\t\t\t\t<div class=\"title-wrapper set-mb-s reset-last-child wd-title-color-default wd-title-style-default wd-title-size-default text-center\">\n\n\t\t\t\t\t\t\t<div class=\"title-subtitle subtitle-color-default subtitle-style-default wd-fontsize-xs\">\n\t\t\t\t\tDuraci\u00f3n media de la estancia\t\t\t\t<\/div>\n\t\t\t\n\t\t\t<div class=\"liner-continer\">\n\t\t\t\t<p class=\"woodmart-title-container title wd-fontsize-l\">7 d\u00edas<\/p> \n\t\t\t\t\t\t\t<\/div>\n\n\t\t\t\t\t<\/div>\n\t\t\t\t\t\t<\/div>\n\t\t\t\t<\/div>\n\t\t\t\t<\/div>\n\t\t<div class=\"elementor-element elementor-element-1a2bf9fb e-con-full e-flex e-con e-child\" data-id=\"1a2bf9fb\" data-element_type=\"container\">\n\t\t\t\t<div class=\"elementor-element elementor-element-b93a9e8 wd-width-100 elementor-widget elementor-widget-wd_title\" data-id=\"b93a9e8\" data-element_type=\"widget\" data-widget_type=\"wd_title.default\">\n\t\t\t\t<div class=\"elementor-widget-container\">\n\t\t\t\t\t\t\t<div class=\"title-wrapper set-mb-s reset-last-child wd-title-color-default wd-title-style-default wd-title-size-default text-center\">\n\n\t\t\t\t\t\t\t<div class=\"title-subtitle subtitle-color-default subtitle-style-default wd-fontsize-xs\">\n\t\t\t\t\tDuraci\u00f3n de la hospitalizaci\u00f3n\t\t\t\t<\/div>\n\t\t\t\n\t\t\t<div class=\"liner-continer\">\n\t\t\t\t<p class=\"woodmart-title-container title wd-fontsize-l\">1 d\u00eda<\/p> \n\t\t\t\t\t\t\t<\/div>\n\n\t\t\t\t\t<\/div>\n\t\t\t\t\t\t<\/div>\n\t\t\t\t<\/div>\n\t\t\t\t<\/div>\n\t\t<div class=\"elementor-element elementor-element-2a6ba6 e-con-full e-flex e-con e-child\" data-id=\"2a6ba6\" data-element_type=\"container\">\n\t\t\t\t<div class=\"elementor-element elementor-element-d3ebd2f wd-width-100 elementor-widget elementor-widget-wd_title\" data-id=\"d3ebd2f\" data-element_type=\"widget\" data-widget_type=\"wd_title.default\">\n\t\t\t\t<div class=\"elementor-widget-container\">\n\t\t\t\t\t\t\t<div class=\"title-wrapper set-mb-s reset-last-child wd-title-color-default wd-title-style-default wd-title-size-default text-center\">\n\n\t\t\t\t\t\t\t<div class=\"title-subtitle subtitle-color-default subtitle-style-default wd-fontsize-xs\">\n\t\t\t\t\tDuraci\u00f3n de la operaci\u00f3n\t\t\t\t<\/div>\n\t\t\t\n\t\t\t<div class=\"liner-continer\">\n\t\t\t\t<p class=\"woodmart-title-container title wd-fontsize-l\">2-4 horas<\/p> \n\t\t\t\t\t\t\t<\/div>\n\n\t\t\t\t\t<\/div>\n\t\t\t\t\t\t<\/div>\n\t\t\t\t<\/div>\n\t\t\t\t<\/div>\n\t\t<div class=\"elementor-element elementor-element-25cc95ac e-con-full e-flex e-con e-child\" data-id=\"25cc95ac\" data-element_type=\"container\">\n\t\t\t\t<div class=\"elementor-element elementor-element-4b1300c9 wd-width-100 elementor-widget elementor-widget-wd_title\" data-id=\"4b1300c9\" data-element_type=\"widget\" data-widget_type=\"wd_title.default\">\n\t\t\t\t<div class=\"elementor-widget-container\">\n\t\t\t\t\t\t\t<div class=\"title-wrapper set-mb-s reset-last-child wd-title-color-default wd-title-style-default wd-title-size-default text-center\">\n\n\t\t\t\t\t\t\t<div class=\"title-subtitle subtitle-color-default subtitle-style-default wd-fontsize-xs\">\n\t\t\t\t\tTipo de anestesia\t\t\t\t<\/div>\n\t\t\t\n\t\t\t<div class=\"liner-continer\">\n\t\t\t\t<p class=\"woodmart-title-container title wd-fontsize-l\">Anestesia general<\/p> \n\t\t\t\t\t\t\t<\/div>\n\n\t\t\t\t\t<\/div>\n\t\t\t\t\t\t<\/div>\n\t\t\t\t<\/div>\n\t\t\t\t<\/div>\n\t\t<div class=\"elementor-element elementor-element-273eeb67 e-con-full e-flex e-con e-child\" data-id=\"273eeb67\" data-element_type=\"container\">\n\t\t\t\t<div class=\"elementor-element elementor-element-b723424 wd-width-100 elementor-widget elementor-widget-wd_title\" data-id=\"b723424\" data-element_type=\"widget\" data-widget_type=\"wd_title.default\">\n\t\t\t\t<div class=\"elementor-widget-container\">\n\t\t\t\t\t\t\t<div class=\"title-wrapper set-mb-s reset-last-child wd-title-color-default wd-title-style-default wd-title-size-default text-center\">\n\n\t\t\t\t\t\t\t<div class=\"title-subtitle subtitle-color-default subtitle-style-default wd-fontsize-xs\">\n\t\t\t\t\tTiempo de recuperaci\u00f3n\t\t\t\t<\/div>\n\t\t\t\n\t\t\t<div class=\"liner-continer\">\n\t\t\t\t<p class=\"woodmart-title-container title wd-fontsize-l\">1-2 semanas<\/p> \n\t\t\t\t\t\t\t<\/div>\n\n\t\t\t\t\t<\/div>\n\t\t\t\t\t\t<\/div>\n\t\t\t\t<\/div>\n\t\t\t\t<\/div>\n\t\t\t\t\t<\/div>\n\t\t\t\t<\/div>\n\t\t<div class=\"wd-negative-gap elementor-element elementor-element-652bf42 e-flex e-con-boxed e-con e-parent\" data-id=\"652bf42\" data-element_type=\"container\">\n\t\t\t\t\t<div class=\"e-con-inner\">\n\t\t\t\t<div class=\"elementor-element elementor-element-4b7152b color-scheme-inherit text-left elementor-widget elementor-widget-text-editor\" data-id=\"4b7152b\" data-element_type=\"widget\" data-widget_type=\"text-editor.default\">\n\t\t\t\t<div class=\"elementor-widget-container\">\n\t\t\t\t\t\t\t\t\t<p><span style=\"font-weight: 400;\">El trasplante capilar DHI se ha convertido en los \u00faltimos a\u00f1os en uno de los m\u00e9todos m\u00e1s eficaces preferidos por las personas con p\u00e9rdida de cabello. Este m\u00e9todo es una t\u00e9cnica de trasplante capilar que se realiza mediante la implantaci\u00f3n directa de fol\u00edculos pilosos y destaca por su r\u00e1pido proceso de cicatrizaci\u00f3n y sus resultados naturales. El m\u00e9todo DHI (Implantaci\u00f3n Capilar Directa) llama la atenci\u00f3n por sus altas tasas de \u00e9xito y su intervenci\u00f3n m\u00ednimamente invasiva en el trasplante capilar.<\/span><\/p><h2><span style=\"font-weight: 400;\">\u00bfQu\u00e9 es el trasplante capilar DHI y c\u00f3mo se realiza?<\/span><\/h2><p><span style=\"font-weight: 400;\">El trasplante capilar DHI es un m\u00e9todo de trasplante capilar muy popular entre quienes han tenido problemas de p\u00e9rdida de cabello en los \u00faltimos a\u00f1os. El m\u00e9todo DHI (Implante Capilar Directo) consiste en colocar fol\u00edculos pilosos directamente en la zona de p\u00e9rdida de cabello. En este proceso, los fol\u00edculos pilosos se recogen uno a uno con la ayuda de un micromotor y se colocan directamente en la zona que se va a trasplantar con una pluma especial (pluma Choi). Aunque esta t\u00e9cnica es similar al m\u00e9todo FUE (extracci\u00f3n de unidades foliculares), el trasplante capilar DHI ofrece menos incisiones y un tiempo de recuperaci\u00f3n m\u00e1s r\u00e1pido.<\/span><\/p><h2><span style=\"font-weight: 400;\">Diferencias entre el trasplante capilar DHI y el m\u00e9todo FUE<\/span><\/h2><p><span style=\"font-weight: 400;\">Existen diferencias significativas entre el trasplante capilar DHI y el m\u00e9todo FUE. Ambos m\u00e9todos consisten en extraer los fol\u00edculos pilosos y trasplantarlos uno a uno, pero el m\u00e9todo DHI ofrece un procedimiento menos invasivo gracias a la colocaci\u00f3n directa de los fol\u00edculos pilosos con un bol\u00edgrafo. En el m\u00e9todo FUE, una vez extra\u00eddos los fol\u00edculos pilosos, se realizan peque\u00f1as incisiones en la zona que se va a trasplantar. En el m\u00e9todo DHI, el proceso de cicatrizaci\u00f3n es m\u00e1s r\u00e1pido y c\u00f3modo, ya que los fol\u00edculos pilosos se colocan sin incisiones en lugar del trasplante directo.<\/span><\/p><h2><span style=\"font-weight: 400;\">\u00bfPara qui\u00e9n es adecuado el trasplante capilar DHI?<\/span><\/h2><p><span style=\"font-weight: 400;\">El trasplante capilar DHI es adecuado para las personas que suelen experimentar p\u00e9rdida de cabello y tienen fol\u00edculos pilosos suficientes. El m\u00e9todo DHI puede aplicarse con \u00e9xito a personas en distintas fases de p\u00e9rdida de cabello. Es una opci\u00f3n ideal especialmente para las personas que experimentan p\u00e9rdida de cabello, adelgazamiento en la zona de la coronilla y desean recuperar su antiguo cabello natural. Adem\u00e1s, este m\u00e9todo destaca por dejar menos cicatrices y por su r\u00e1pida cicatrizaci\u00f3n.<\/span><\/p><h2><span style=\"font-weight: 400;\">\u00bfCu\u00e1nto dura el trasplante capilar DHI?<\/span><\/h2><p><span style=\"font-weight: 400;\">El trasplante capilar DHI suele durar entre 6 y 8 horas, dependiendo del grado de ca\u00edda del cabello y del n\u00famero de fol\u00edculos pilosos que se vayan a trasplantar. Con un procedimiento bien planificado, los pacientes pueden volver a casa el mismo d\u00eda. Durante este tiempo, los fol\u00edculos pilosos son extra\u00eddos cuidadosamente por el equipo de expertos y colocados en la zona de p\u00e9rdida de cabello.<\/span><\/p><h2><span style=\"font-weight: 400;\">Proceso de recuperaci\u00f3n tras el trasplante capilar DHI<\/span><\/h2><p><span style=\"font-weight: 400;\">El proceso de recuperaci\u00f3n tras el trasplante capilar DHI es bastante r\u00e1pido. La mayor\u00eda de las personas pueden volver a su vida normal al d\u00eda siguiente de la intervenci\u00f3n. Puede haber un ligero enrojecimiento en las zonas de trasplante capilar, pero suele desaparecer en pocos d\u00edas. En la primera semana se completa la colocaci\u00f3n de los fol\u00edculos pilosos y la persona empieza a recuperar su antiguo cabello sano en pocas semanas. Sin embargo, puede tardar entre 6 y 12 meses en ver los resultados completos.<\/span><\/p><h2><span style=\"font-weight: 400;\">\u00bfCu\u00e1les son los precios del trasplante capilar DHI?<\/span><\/h2><p><span style=\"font-weight: 400;\">Los precios del trasplante capilar DHI pueden variar en funci\u00f3n de las necesidades de la persona. El tama\u00f1o de la zona a trasplantar y el n\u00famero de fol\u00edculos pilosos necesarios son los principales factores que influyen en el precio. En general, los precios del trasplante capilar DHI pueden ser ligeramente superiores a los del m\u00e9todo FUE porque el procedimiento se realiza de forma m\u00e1s fina y precisa. Sin embargo, teniendo en cuenta los resultados permanentes y el r\u00e1pido proceso de recuperaci\u00f3n, los precios del trasplante capilar DHI pueden considerarse una inversi\u00f3n muy valiosa.<\/span><\/p><h2><span style=\"font-weight: 400;\">\u00bfCu\u00e1ndo son visibles los resultados del trasplante capilar DHI?<\/span><\/h2><p><span style=\"font-weight: 400;\">Despu\u00e9s de un trasplante capilar DHI, el cabello de la zona trasplantada puede caerse en las primeras semanas. Esta ca\u00edda forma parte del proceso normal de cicatrizaci\u00f3n. El cabello comienza a crecer de nuevo aproximadamente 3-4 meses despu\u00e9s del procedimiento de trasplante y los resultados finales se obtienen entre 6-12 meses. El trasplante capilar con el m\u00e9todo DHI le permite tener un cabello natural y denso.<\/span><\/p><h2><span style=\"font-weight: 400;\">\u00bfPara qu\u00e9 grupo de edad es adecuado el trasplante capilar DHI?<\/span><\/h2><p><span style=\"font-weight: 400;\">El trasplante capilar DHI puede aplicarse generalmente a personas mayores de 18 a\u00f1os. Las personas que sufren p\u00e9rdida de cabello a una edad temprana pueden conseguir soluciones permanentes si se tratan a tiempo. Sin embargo, si la p\u00e9rdida de cabello contin\u00faa con el avance de la edad, el m\u00e9todo DHI puede aplicarse eficazmente en cualquier grupo de edad. Lo importante es asegurarse de que la estructura capilar y la salud de la persona son suficientes.<\/span><\/p><h2><span style=\"font-weight: 400;\">Consiga un cambio permanente en su cabello con el trasplante capilar DHI<\/span><\/h2><p><span style=\"font-weight: 400;\">El trasplante capilar DHI permite conseguir resultados permanentes y naturales. Despu\u00e9s del procedimiento, el cabello trasplantado crece de forma similar a su cabello normal y no se cae. Puede conseguir un aspecto m\u00e1s joven y vibrante con un cabello sano de aspecto natural. El m\u00e9todo DHI es una soluci\u00f3n excelente para quienes desean deshacerse de la ca\u00edda del cabello y conseguir un aspecto m\u00e1s est\u00e9tico.<\/span><\/p><p>\u00a0<\/p>\t\t\t\t\t\t\t\t<\/div>\n\t\t\t\t<\/div>\n\t\t\t\t\t<\/div>\n\t\t\t\t<\/div>\n\t\t\t\t<\/div>","protected":false},"excerpt":{"rendered":"<p>Ortalama Kal\u0131\u015f S\u00fcresi 7 G\u00fcn Hastanede Yat\u0131\u015f S\u00fcresi 1 G\u00fcn Operasyon S\u00fcresi 2-4 Saat Anestezi T\u00fcr\u00fc Genel Anestezi \u0130yile\u015fme S\u00fcresi<\/p>","protected":false},"author":1,"featured_media":0,"parent":0,"menu_order":0,"comment_status":"closed","ping_status":"closed","template":"","meta":{"footnotes":""},"class_list":["post-27851","page","type-page","status-publish","hentry"],"_links":{"self":[{"href":"https:\/\/westestetik.com\/es\/wp-json\/wp\/v2\/pages\/27851","targetHints":{"allow":["GET"]}}],"collection":[{"href":"https:\/\/westestetik.com\/es\/wp-json\/wp\/v2\/pages"}],"about":[{"href":"https:\/\/westestetik.com\/es\/wp-json\/wp\/v2\/types\/page"}],"author":[{"embeddable":true,"href":"https:\/\/westestetik.com\/es\/wp-json\/wp\/v2\/users\/1"}],"replies":[{"embeddable":true,"href":"https:\/\/westestetik.com\/es\/wp-json\/wp\/v2\/comments?post=27851"}],"version-history":[{"count":10,"href":"https:\/\/westestetik.com\/es\/wp-json\/wp\/v2\/pages\/27851\/revisions"}],"predecessor-version":[{"id":28906,"href":"https:\/\/westestetik.com\/es\/wp-json\/wp\/v2\/pages\/27851\/revisions\/28906"}],"wp:attachment":[{"href":"https:\/\/westestetik.com\/es\/wp-json\/wp\/v2\/media?parent=27851"}],"curies":[{"name":"wp","href":"https:\/\/api.w.org\/{rel}","templated":true}]}}