{"id":27849,"date":"2024-12-02T23:25:40","date_gmt":"2024-12-02T23:25:40","guid":{"rendered":"https:\/\/westestetik.com\/?page_id=27849"},"modified":"2024-12-25T13:38:20","modified_gmt":"2024-12-25T13:38:20","slug":"trasplante-capilar-fue","status":"publish","type":"page","link":"https:\/\/westestetik.com\/es\/trasplante-capilar-fue\/","title":{"rendered":"Trasplante capilar FUE"},"content":{"rendered":"<div data-elementor-type=\"wp-page\" data-elementor-id=\"27849\" class=\"elementor elementor-27849\" data-elementor-post-type=\"page\">\n\t\t\t\t<div class=\"elementor-element elementor-element-5a71c301 e-con-full e-flex e-con e-parent\" data-id=\"5a71c301\" data-element_type=\"container\">\n\t\t<div class=\"elementor-element elementor-element-36864a91 e-con-full e-flex e-con e-child\" data-id=\"36864a91\" data-element_type=\"container\">\n\t\t\t\t<div class=\"elementor-element elementor-element-eab71e4 elementor-widget elementor-widget-image\" data-id=\"eab71e4\" data-element_type=\"widget\" data-widget_type=\"image.default\">\n\t\t\t\t<div class=\"elementor-widget-container\">\n\t\t\t\t\t\t\t\t\t\t\t\t\t\t\t<img decoding=\"async\" width=\"100\" height=\"100\" src=\"https:\/\/westestetik.com\/wp-content\/uploads\/2024\/12\/1-4.png\" class=\"attachment-large size-large wp-image-28814\" alt=\"\" srcset=\"https:\/\/westestetik.com\/wp-content\/uploads\/2024\/12\/1-4.png 100w, https:\/\/westestetik.com\/wp-content\/uploads\/2024\/12\/1-4-12x12.png 12w\" sizes=\"(max-width: 100px) 100vw, 100px\" \/>\t\t\t\t\t\t\t\t\t\t\t\t\t\t\t<\/div>\n\t\t\t\t<\/div>\n\t\t\t\t<\/div>\n\t\t<div class=\"elementor-element elementor-element-e7bb75c e-con-full e-flex e-con e-child\" data-id=\"e7bb75c\" data-element_type=\"container\">\n\t\t\t\t<div class=\"elementor-element elementor-element-442f5f7b elementor-widget elementor-widget-image\" data-id=\"442f5f7b\" data-element_type=\"widget\" data-widget_type=\"image.default\">\n\t\t\t\t<div class=\"elementor-widget-container\">\n\t\t\t\t\t\t\t\t\t\t\t\t\t\t\t<img decoding=\"async\" width=\"100\" height=\"100\" src=\"https:\/\/westestetik.com\/wp-content\/uploads\/2024\/12\/2-5.png\" class=\"attachment-large size-large wp-image-28815\" alt=\"\" srcset=\"https:\/\/westestetik.com\/wp-content\/uploads\/2024\/12\/2-5.png 100w, https:\/\/westestetik.com\/wp-content\/uploads\/2024\/12\/2-5-12x12.png 12w\" sizes=\"(max-width: 100px) 100vw, 100px\" \/>\t\t\t\t\t\t\t\t\t\t\t\t\t\t\t<\/div>\n\t\t\t\t<\/div>\n\t\t\t\t<\/div>\n\t\t<div class=\"elementor-element elementor-element-e54ad15 e-con-full e-flex e-con e-child\" data-id=\"e54ad15\" data-element_type=\"container\">\n\t\t\t\t<div class=\"elementor-element elementor-element-637aa5aa elementor-widget elementor-widget-image\" data-id=\"637aa5aa\" data-element_type=\"widget\" data-widget_type=\"image.default\">\n\t\t\t\t<div class=\"elementor-widget-container\">\n\t\t\t\t\t\t\t\t\t\t\t\t\t\t\t<img decoding=\"async\" width=\"100\" height=\"100\" src=\"https:\/\/westestetik.com\/wp-content\/uploads\/2024\/12\/3-1.png\" class=\"attachment-large size-large wp-image-28816\" alt=\"\" srcset=\"https:\/\/westestetik.com\/wp-content\/uploads\/2024\/12\/3-1.png 100w, https:\/\/westestetik.com\/wp-content\/uploads\/2024\/12\/3-1-12x12.png 12w\" sizes=\"(max-width: 100px) 100vw, 100px\" \/>\t\t\t\t\t\t\t\t\t\t\t\t\t\t\t<\/div>\n\t\t\t\t<\/div>\n\t\t\t\t<\/div>\n\t\t<div class=\"elementor-element elementor-element-3a652897 e-con-full e-flex e-con e-child\" data-id=\"3a652897\" data-element_type=\"container\">\n\t\t\t\t<div class=\"elementor-element elementor-element-27a9547b elementor-widget elementor-widget-image\" data-id=\"27a9547b\" data-element_type=\"widget\" data-widget_type=\"image.default\">\n\t\t\t\t<div class=\"elementor-widget-container\">\n\t\t\t\t\t\t\t\t\t\t\t\t\t\t\t<img loading=\"lazy\" decoding=\"async\" width=\"100\" height=\"100\" src=\"https:\/\/westestetik.com\/wp-content\/uploads\/2024\/12\/4-1.png\" class=\"attachment-large size-large wp-image-28817\" alt=\"\" srcset=\"https:\/\/westestetik.com\/wp-content\/uploads\/2024\/12\/4-1.png 100w, https:\/\/westestetik.com\/wp-content\/uploads\/2024\/12\/4-1-12x12.png 12w\" sizes=\"(max-width: 100px) 100vw, 100px\" \/>\t\t\t\t\t\t\t\t\t\t\t\t\t\t\t<\/div>\n\t\t\t\t<\/div>\n\t\t\t\t<\/div>\n\t\t<div class=\"elementor-element elementor-element-71c62190 e-con-full e-flex e-con e-child\" data-id=\"71c62190\" data-element_type=\"container\">\n\t\t\t\t<div class=\"elementor-element elementor-element-522a4cc8 elementor-widget elementor-widget-image\" data-id=\"522a4cc8\" data-element_type=\"widget\" data-widget_type=\"image.default\">\n\t\t\t\t<div class=\"elementor-widget-container\">\n\t\t\t\t\t\t\t\t\t\t\t\t\t\t\t<img loading=\"lazy\" decoding=\"async\" width=\"100\" height=\"100\" src=\"https:\/\/westestetik.com\/wp-content\/uploads\/2024\/12\/5-1.png\" class=\"attachment-large size-large wp-image-28818\" alt=\"\" srcset=\"https:\/\/westestetik.com\/wp-content\/uploads\/2024\/12\/5-1.png 100w, https:\/\/westestetik.com\/wp-content\/uploads\/2024\/12\/5-1-12x12.png 12w\" sizes=\"(max-width: 100px) 100vw, 100px\" \/>\t\t\t\t\t\t\t\t\t\t\t\t\t\t\t<\/div>\n\t\t\t\t<\/div>\n\t\t\t\t<\/div>\n\t\t\t\t<\/div>\n\t\t<div class=\"wd-negative-gap elementor-element elementor-element-242d7160 e-flex e-con-boxed e-con e-parent\" data-id=\"242d7160\" data-element_type=\"container\">\n\t\t\t\t\t<div class=\"e-con-inner\">\n\t\t<div class=\"elementor-element elementor-element-5dac31b3 e-con-full e-flex e-con e-child\" data-id=\"5dac31b3\" data-element_type=\"container\">\n\t\t\t\t<div class=\"elementor-element elementor-element-2001d628 wd-width-100 elementor-widget elementor-widget-wd_title\" data-id=\"2001d628\" data-element_type=\"widget\" data-widget_type=\"wd_title.default\">\n\t\t\t\t<div class=\"elementor-widget-container\">\n\t\t\t\t\t\t\t<div class=\"title-wrapper set-mb-s reset-last-child wd-title-color-default wd-title-style-default wd-title-size-default text-center\">\n\n\t\t\t\t\t\t\t<div class=\"title-subtitle subtitle-color-default subtitle-style-default wd-fontsize-xs\">\n\t\t\t\t\tDuraci\u00f3n media de la estancia\t\t\t\t<\/div>\n\t\t\t\n\t\t\t<div class=\"liner-continer\">\n\t\t\t\t<p class=\"woodmart-title-container title wd-fontsize-l\">7 d\u00edas<\/p> \n\t\t\t\t\t\t\t<\/div>\n\n\t\t\t\t\t<\/div>\n\t\t\t\t\t\t<\/div>\n\t\t\t\t<\/div>\n\t\t\t\t<\/div>\n\t\t<div class=\"elementor-element elementor-element-7fe4d9e3 e-con-full e-flex e-con e-child\" data-id=\"7fe4d9e3\" data-element_type=\"container\">\n\t\t\t\t<div class=\"elementor-element elementor-element-a93d3d wd-width-100 elementor-widget elementor-widget-wd_title\" data-id=\"a93d3d\" data-element_type=\"widget\" data-widget_type=\"wd_title.default\">\n\t\t\t\t<div class=\"elementor-widget-container\">\n\t\t\t\t\t\t\t<div class=\"title-wrapper set-mb-s reset-last-child wd-title-color-default wd-title-style-default wd-title-size-default text-center\">\n\n\t\t\t\t\t\t\t<div class=\"title-subtitle subtitle-color-default subtitle-style-default wd-fontsize-xs\">\n\t\t\t\t\tDuraci\u00f3n de la hospitalizaci\u00f3n\t\t\t\t<\/div>\n\t\t\t\n\t\t\t<div class=\"liner-continer\">\n\t\t\t\t<p class=\"woodmart-title-container title wd-fontsize-l\">1 d\u00eda<\/p> \n\t\t\t\t\t\t\t<\/div>\n\n\t\t\t\t\t<\/div>\n\t\t\t\t\t\t<\/div>\n\t\t\t\t<\/div>\n\t\t\t\t<\/div>\n\t\t<div class=\"elementor-element elementor-element-4443d513 e-con-full e-flex e-con e-child\" data-id=\"4443d513\" data-element_type=\"container\">\n\t\t\t\t<div class=\"elementor-element elementor-element-291c7388 wd-width-100 elementor-widget elementor-widget-wd_title\" data-id=\"291c7388\" data-element_type=\"widget\" data-widget_type=\"wd_title.default\">\n\t\t\t\t<div class=\"elementor-widget-container\">\n\t\t\t\t\t\t\t<div class=\"title-wrapper set-mb-s reset-last-child wd-title-color-default wd-title-style-default wd-title-size-default text-center\">\n\n\t\t\t\t\t\t\t<div class=\"title-subtitle subtitle-color-default subtitle-style-default wd-fontsize-xs\">\n\t\t\t\t\tDuraci\u00f3n de la operaci\u00f3n\t\t\t\t<\/div>\n\t\t\t\n\t\t\t<div class=\"liner-continer\">\n\t\t\t\t<p class=\"woodmart-title-container title wd-fontsize-l\">2-4 horas<\/p> \n\t\t\t\t\t\t\t<\/div>\n\n\t\t\t\t\t<\/div>\n\t\t\t\t\t\t<\/div>\n\t\t\t\t<\/div>\n\t\t\t\t<\/div>\n\t\t<div class=\"elementor-element elementor-element-72c37d39 e-con-full e-flex e-con e-child\" data-id=\"72c37d39\" data-element_type=\"container\">\n\t\t\t\t<div class=\"elementor-element elementor-element-6337b88d wd-width-100 elementor-widget elementor-widget-wd_title\" data-id=\"6337b88d\" data-element_type=\"widget\" data-widget_type=\"wd_title.default\">\n\t\t\t\t<div class=\"elementor-widget-container\">\n\t\t\t\t\t\t\t<div class=\"title-wrapper set-mb-s reset-last-child wd-title-color-default wd-title-style-default wd-title-size-default text-center\">\n\n\t\t\t\t\t\t\t<div class=\"title-subtitle subtitle-color-default subtitle-style-default wd-fontsize-xs\">\n\t\t\t\t\tTipo de anestesia\t\t\t\t<\/div>\n\t\t\t\n\t\t\t<div class=\"liner-continer\">\n\t\t\t\t<p class=\"woodmart-title-container title wd-fontsize-l\">Anestesia general<\/p> \n\t\t\t\t\t\t\t<\/div>\n\n\t\t\t\t\t<\/div>\n\t\t\t\t\t\t<\/div>\n\t\t\t\t<\/div>\n\t\t\t\t<\/div>\n\t\t<div class=\"elementor-element elementor-element-7a259d5c e-con-full e-flex e-con e-child\" data-id=\"7a259d5c\" data-element_type=\"container\">\n\t\t\t\t<div class=\"elementor-element elementor-element-19385aed wd-width-100 elementor-widget elementor-widget-wd_title\" data-id=\"19385aed\" data-element_type=\"widget\" data-widget_type=\"wd_title.default\">\n\t\t\t\t<div class=\"elementor-widget-container\">\n\t\t\t\t\t\t\t<div class=\"title-wrapper set-mb-s reset-last-child wd-title-color-default wd-title-style-default wd-title-size-default text-center\">\n\n\t\t\t\t\t\t\t<div class=\"title-subtitle subtitle-color-default subtitle-style-default wd-fontsize-xs\">\n\t\t\t\t\tTiempo de recuperaci\u00f3n\t\t\t\t<\/div>\n\t\t\t\n\t\t\t<div class=\"liner-continer\">\n\t\t\t\t<p class=\"woodmart-title-container title wd-fontsize-l\">1-2 semanas<\/p> \n\t\t\t\t\t\t\t<\/div>\n\n\t\t\t\t\t<\/div>\n\t\t\t\t\t\t<\/div>\n\t\t\t\t<\/div>\n\t\t\t\t<\/div>\n\t\t\t\t\t<\/div>\n\t\t\t\t<\/div>\n\t\t<div class=\"wd-negative-gap elementor-element elementor-element-d602764 e-flex e-con-boxed e-con e-parent\" data-id=\"d602764\" data-element_type=\"container\">\n\t\t\t\t\t<div class=\"e-con-inner\">\n\t\t\t\t<div class=\"elementor-element elementor-element-d327726 color-scheme-inherit text-left elementor-widget elementor-widget-text-editor\" data-id=\"d327726\" data-element_type=\"widget\" data-widget_type=\"text-editor.default\">\n\t\t\t\t<div class=\"elementor-widget-container\">\n\t\t\t\t\t\t\t\t\t<p><span style=\"font-weight: 400;\">El trasplante capilar FUE (extracci\u00f3n de unidades foliculares) es uno de los m\u00e9todos de trasplante capilar m\u00e1s populares y eficaces en la actualidad. Esta moderna t\u00e9cnica ofrece resultados permanentes y naturales a las personas con p\u00e9rdida de cabello. El m\u00e9todo FUE se realiza extrayendo fol\u00edculos pilosos uno a uno y coloc\u00e1ndolos cuidadosamente en las zonas calvas. Se prefiere por sus ventajas, como cicatrices m\u00ednimas, tiempo de recuperaci\u00f3n corto y resultados naturales.<\/span><\/p><h2><span style=\"font-weight: 400;\">\u00bfQu\u00e9 es el trasplante capilar FUE?<\/span><\/h2><p><span style=\"font-weight: 400;\">El trasplante capilar FUE (extracci\u00f3n de unidades foliculares) es un m\u00e9todo moderno de trasplante capilar en el que los fol\u00edculos pilosos se extraen uno a uno y se colocan en las zonas calvas. Este m\u00e9todo proporciona un aspecto natural en la zona deseada mediante la extracci\u00f3n de fol\u00edculos pilosos de forma natural. El trasplante capilar FUE es un proceso menos invasivo y el tiempo de recuperaci\u00f3n es menor. Por esta raz\u00f3n, es muy popular entre las personas que tienen problemas de p\u00e9rdida de cabello y desean resultados naturales.<\/span><\/p><h2><span style=\"font-weight: 400;\">\u00bfC\u00f3mo se realiza el trasplante capilar FUE?<\/span><\/h2><p><span style=\"font-weight: 400;\">El proceso de trasplante capilar FUE consta de dos etapas principales. En la primera etapa, los fol\u00edculos pilosos se toman uno a uno de la zona donante, es decir, de las zonas donde el cabello es denso. En la segunda etapa, estos fol\u00edculos pilosos se colocan cuidadosamente en las zonas calvas. Cada ra\u00edz se coloca en el \u00e1ngulo correcto para conseguir un aspecto de cabello natural. La t\u00e9cnica FUE se realiza con agujas micromotoras o manuales. Dado que durante el proceso de trasplante capilar se utilizan incisiones m\u00ednimas, la posibilidad de que queden cicatrices es muy baja.<\/span><\/p><h2><span style=\"font-weight: 400;\">\u00bfPara qui\u00e9n es adecuado el trasplante capilar FUE?<\/span><\/h2><p><span style=\"font-weight: 400;\">El trasplante capilar FUE suele ser adecuado para hombres y mujeres con problemas de ca\u00edda del cabello. En especial, prefieren este m\u00e9todo las personas que sufren p\u00e9rdida de cabello por motivos gen\u00e9ticos. Aparte de esto, el trasplante capilar FUE tambi\u00e9n puede ser una soluci\u00f3n en los casos en los que la ca\u00edda del cabello se debe a diferentes motivos. Adem\u00e1s, las personas que no obtuvieron resultados con trasplantes capilares anteriores tambi\u00e9n pueden lograr resultados exitosos con el m\u00e9todo FUE.<\/span><\/p><h2><span style=\"font-weight: 400;\">\u00bfCu\u00e1nto cuesta un trasplante capilar FUE?<\/span><\/h2><p><span style=\"font-weight: 400;\">Los precios del trasplante capilar FUE pueden variar en funci\u00f3n de las necesidades personales y del tama\u00f1o de la zona a trasplantar. Los precios del trasplante capilar est\u00e1n relacionados con el n\u00famero de fol\u00edculos pilosos, la dificultad de la zona a trasplantar y la cl\u00ednica a aplicar. En general, el trasplante capilar FUE puede costar un poco m\u00e1s que otros m\u00e9todos, pero los resultados naturales y el bajo tiempo de recuperaci\u00f3n que ofrece merecen la pena.<\/span><\/p><h2><span style=\"font-weight: 400;\">\u00bfCu\u00e1l es el proceso de recuperaci\u00f3n tras el trasplante capilar FUE?<\/span><\/h2><p><span style=\"font-weight: 400;\">El proceso de recuperaci\u00f3n tras un trasplante capilar FUE es bastante r\u00e1pido. Despu\u00e9s del procedimiento, puede observarse una leve hinchaz\u00f3n y enrojecimiento en las zonas de trasplante capilar. Esta condici\u00f3n pasa en pocos d\u00edas. El crecimiento del cabello trasplantado suele comenzar entre los 3 y los 6 meses, pero los resultados completos se observan entre los 12 y los 18 meses. Durante el proceso de cicatrizaci\u00f3n, es importante que los pacientes sigan ciertas instrucciones de cuidado. Hay que recordar que el cabello debe lavarse correctamente, protegerse del sol y mantener limpia la zona trasplantada.<\/span><\/p><h2><span style=\"font-weight: 400;\">\u00bfEs permanente el trasplante capilar FUE?<\/span><\/h2><p><span style=\"font-weight: 400;\">El trasplante capilar FUE es una soluci\u00f3n permanente. Los fol\u00edculos pilosos trasplantados son generalmente resistentes a la ca\u00edda del cabello y crecen de forma permanente en la zona trasplantada. Sin embargo, a medida que avanza el estado general de salud y la edad de la persona, puede continuar la ca\u00edda natural del cabello. No obstante, el cabello trasplantado con el m\u00e9todo FUE proporciona resultados muy satisfactorios en t\u00e9rminos de aspecto natural y longevidad.<\/span><\/p><h2><span style=\"font-weight: 400;\">\u00bfEn cu\u00e1ntos d\u00edas puedo ver resultados con el trasplante capilar FUE?<\/span><\/h2><p><span style=\"font-weight: 400;\">Con el trasplante capilar FUE, los resultados suelen verse en un plazo de 3 a 6 meses. Durante los 3 primeros meses, el cabello trasplantado puede caerse, pero se trata de un proceso completamente normal. A partir del sexto mes, los fol\u00edculos pilosos trasplantados empiezan a crecer r\u00e1pidamente y en 12-18 meses se consiguen resultados completamente naturales y permanentes. Dado que el proceso de cicatrizaci\u00f3n de cada individuo es diferente, el tiempo para ver los resultados puede variar de una persona a otra.<\/span><\/p><h2><span style=\"font-weight: 400;\">\u00bfEn qu\u00e9 zonas se puede realizar el trasplante capilar FUE?<\/span><\/h2><p><span style=\"font-weight: 400;\">El trasplante capilar FUE puede aplicarse en diferentes partes de la cabeza. Lo m\u00e1s habitual es realizar el trasplante capilar en la coronilla, los laterales y la nuca. Adem\u00e1s, las aplicaciones est\u00e9ticas como el trasplante de cejas, barba y bigote tambi\u00e9n pueden realizarse con la t\u00e9cnica FUE. Las zonas de trasplante capilar se determinan en funci\u00f3n de las necesidades personales y de la intensidad de la p\u00e9rdida de cabello.<\/span><\/p><h2><span style=\"font-weight: 400;\">Aspectos a tener en cuenta antes y despu\u00e9s del trasplante capilar FUE<\/span><\/h2><p><span style=\"font-weight: 400;\">Antes del trasplante capilar FUE, es importante realizar algunos preparativos. En primer lugar, debe reducirse al m\u00ednimo el consumo de alcohol y tabaco, evitar los anticoagulantes y limpiar bien el cabello antes de la intervenci\u00f3n. Despu\u00e9s de la intervenci\u00f3n, se recomienda proteger la zona trasplantada, protegerla del sol y utilizar regularmente los medicamentos prescritos por el m\u00e9dico.<\/span><\/p><h2><span style=\"font-weight: 400;\">\u00bfEs diferente el m\u00e9todo de trasplante capilar FUE de otros m\u00e9todos?<\/span><\/h2><p><span style=\"font-weight: 400;\">El trasplante capilar FUE es una t\u00e9cnica menos invasiva que el m\u00e9todo cl\u00e1sico FUT (trasplante de unidades foliculares). En el m\u00e9todo FUT, se toman fol\u00edculos pilosos y se trasplantan en una tira, mientras que en el m\u00e9todo FUE, se toman fol\u00edculos pilosos individuales y se trasplantan. De este modo, el proceso de cicatrizaci\u00f3n es mucho m\u00e1s r\u00e1pido y se minimiza la posibilidad de que queden cicatrices. Adem\u00e1s, con el m\u00e9todo FUE se obtienen resultados m\u00e1s naturales.<\/span><\/p><h2><span style=\"font-weight: 400;\">\u00bfQuedan cicatrices despu\u00e9s de un trasplante capilar FUE?<\/span><\/h2><p><span style=\"font-weight: 400;\">El riesgo de cicatrices tras un trasplante capilar FUE es muy bajo. Dado que los fol\u00edculos pilosos se extraen uno a uno, no se realizan grandes cortes. Esto reduce la posibilidad de que queden cicatrices durante el proceso de cicatrizaci\u00f3n. Tras la intervenci\u00f3n, es posible que s\u00f3lo queden cicatrices puntiformes muy peque\u00f1as. Estas cicatrices se vuelven invisibles a medida que crece el cabello y no causan problemas est\u00e9ticos.<\/span><\/p><h2><span style=\"font-weight: 400;\">\u00bfPara qu\u00e9 edad es adecuado el trasplante capilar FUE?<\/span><\/h2><p><span style=\"font-weight: 400;\">En general, el trasplante capilar FUE es adecuado para personas a partir de los 20 a\u00f1os. Sin embargo, si la ca\u00edda del cabello comienza a una edad muy temprana, el procedimiento puede realizarse tras una evaluaci\u00f3n por parte de un m\u00e9dico especialista. El m\u00e9todo FUE puede aplicarse con seguridad incluso a una edad temprana y proporciona resultados naturales.<\/span><\/p><h2><span style=\"font-weight: 400;\">\u00bfCu\u00e1nto dura el trasplante capilar FUE?<\/span><\/h2><p><span style=\"font-weight: 400;\">El trasplante capilar FUE suele completarse entre 4 y 8 horas. Este tiempo puede variar en funci\u00f3n del n\u00famero de fol\u00edculos pilosos trasplantados y del tama\u00f1o de la zona a trasplantar. Dado que durante el procedimiento se utiliza anestesia local, los pacientes no sienten dolor y pueden estar c\u00f3modamente sentados durante todo el procedimiento.<\/span><\/p><h2><span style=\"font-weight: 400;\">\u00bfQu\u00e9 hay que tener en cuenta antes de someterse a un trasplante capilar FUE?<\/span><\/h2><p><span style=\"font-weight: 400;\">Antes de someterse a un trasplante capilar FUE, un especialista de confianza debe realizar un examen detallado. Adem\u00e1s, debe tenerse en cuenta la causa de la ca\u00edda del cabello y el estado de salud general de la persona. La investigaci\u00f3n sobre el trasplante capilar es importante para elegir el m\u00e9todo adecuado. Tambi\u00e9n es \u00fatil disponer de informaci\u00f3n sobre el proceso de recuperaci\u00f3n y los resultados tras el procedimiento.<\/span><\/p><h2><span style=\"font-weight: 400;\">\u00bfCu\u00e1ndo crece el pelo tras un trasplante capilar FUE?<\/span><\/h2><p><span style=\"font-weight: 400;\">Despu\u00e9s del trasplante capilar FUE, el pelo trasplantado suele empezar a crecer entre 3 y 6 meses. Sin embargo, puede ser necesario esperar entre 12 y 18 meses para obtener resultados completos. El tiempo de crecimiento del cabello trasplantado puede variar en funci\u00f3n de factores personales, la estructura gen\u00e9tica y el proceso de cicatrizaci\u00f3n.<\/span><\/p><p>\u00a0<\/p><p>\u00a0<\/p>\t\t\t\t\t\t\t\t<\/div>\n\t\t\t\t<\/div>\n\t\t\t\t\t<\/div>\n\t\t\t\t<\/div>\n\t\t\t\t<\/div>","protected":false},"excerpt":{"rendered":"<p>Ortalama Kal\u0131\u015f S\u00fcresi 7 G\u00fcn Hastanede Yat\u0131\u015f S\u00fcresi 1 G\u00fcn Operasyon S\u00fcresi 2-4 Saat Anestezi T\u00fcr\u00fc Genel Anestezi \u0130yile\u015fme S\u00fcresi<\/p>","protected":false},"author":1,"featured_media":0,"parent":0,"menu_order":0,"comment_status":"closed","ping_status":"closed","template":"","meta":{"footnotes":""},"class_list":["post-27849","page","type-page","status-publish","hentry"],"_links":{"self":[{"href":"https:\/\/westestetik.com\/es\/wp-json\/wp\/v2\/pages\/27849","targetHints":{"allow":["GET"]}}],"collection":[{"href":"https:\/\/westestetik.com\/es\/wp-json\/wp\/v2\/pages"}],"about":[{"href":"https:\/\/westestetik.com\/es\/wp-json\/wp\/v2\/types\/page"}],"author":[{"embeddable":true,"href":"https:\/\/westestetik.com\/es\/wp-json\/wp\/v2\/users\/1"}],"replies":[{"embeddable":true,"href":"https:\/\/westestetik.com\/es\/wp-json\/wp\/v2\/comments?post=27849"}],"version-history":[{"count":7,"href":"https:\/\/westestetik.com\/es\/wp-json\/wp\/v2\/pages\/27849\/revisions"}],"predecessor-version":[{"id":28899,"href":"https:\/\/westestetik.com\/es\/wp-json\/wp\/v2\/pages\/27849\/revisions\/28899"}],"wp:attachment":[{"href":"https:\/\/westestetik.com\/es\/wp-json\/wp\/v2\/media?parent=27849"}],"curies":[{"name":"wp","href":"https:\/\/api.w.org\/{rel}","templated":true}]}}