{"id":27845,"date":"2024-12-02T23:24:33","date_gmt":"2024-12-02T23:24:33","guid":{"rendered":"https:\/\/westestetik.com\/?page_id=27845"},"modified":"2024-12-25T13:47:05","modified_gmt":"2024-12-25T13:47:05","slug":"relleno-de-luz-bajo-los-ojos","status":"publish","type":"page","link":"https:\/\/westestetik.com\/es\/relleno-de-luz-bajo-los-ojos\/","title":{"rendered":"Relleno de ojeras"},"content":{"rendered":"<div data-elementor-type=\"wp-page\" data-elementor-id=\"27845\" class=\"elementor elementor-27845\" data-elementor-post-type=\"page\">\n\t\t\t\t<div class=\"elementor-element elementor-element-22c0030a e-con-full e-flex e-con e-parent\" data-id=\"22c0030a\" data-element_type=\"container\">\n\t\t<div class=\"elementor-element elementor-element-56364424 e-con-full e-flex e-con e-child\" data-id=\"56364424\" data-element_type=\"container\">\n\t\t\t\t<div class=\"elementor-element elementor-element-4b3bfab3 elementor-widget elementor-widget-image\" data-id=\"4b3bfab3\" data-element_type=\"widget\" data-widget_type=\"image.default\">\n\t\t\t\t<div class=\"elementor-widget-container\">\n\t\t\t\t\t\t\t\t\t\t\t\t\t\t\t<img decoding=\"async\" width=\"100\" height=\"100\" src=\"https:\/\/westestetik.com\/wp-content\/uploads\/2024\/12\/1-4.png\" class=\"attachment-large size-large wp-image-28814\" alt=\"\" srcset=\"https:\/\/westestetik.com\/wp-content\/uploads\/2024\/12\/1-4.png 100w, https:\/\/westestetik.com\/wp-content\/uploads\/2024\/12\/1-4-12x12.png 12w\" sizes=\"(max-width: 100px) 100vw, 100px\" \/>\t\t\t\t\t\t\t\t\t\t\t\t\t\t\t<\/div>\n\t\t\t\t<\/div>\n\t\t\t\t<\/div>\n\t\t<div class=\"elementor-element elementor-element-1ec33b2b e-con-full e-flex e-con e-child\" data-id=\"1ec33b2b\" data-element_type=\"container\">\n\t\t\t\t<div class=\"elementor-element elementor-element-45538b8d elementor-widget elementor-widget-image\" data-id=\"45538b8d\" data-element_type=\"widget\" data-widget_type=\"image.default\">\n\t\t\t\t<div class=\"elementor-widget-container\">\n\t\t\t\t\t\t\t\t\t\t\t\t\t\t\t<img decoding=\"async\" width=\"100\" height=\"100\" src=\"https:\/\/westestetik.com\/wp-content\/uploads\/2024\/12\/2-5.png\" class=\"attachment-large size-large wp-image-28815\" alt=\"\" srcset=\"https:\/\/westestetik.com\/wp-content\/uploads\/2024\/12\/2-5.png 100w, https:\/\/westestetik.com\/wp-content\/uploads\/2024\/12\/2-5-12x12.png 12w\" sizes=\"(max-width: 100px) 100vw, 100px\" \/>\t\t\t\t\t\t\t\t\t\t\t\t\t\t\t<\/div>\n\t\t\t\t<\/div>\n\t\t\t\t<\/div>\n\t\t<div class=\"elementor-element elementor-element-735a0e96 e-con-full e-flex e-con e-child\" data-id=\"735a0e96\" data-element_type=\"container\">\n\t\t\t\t<div class=\"elementor-element elementor-element-620a5f62 elementor-widget elementor-widget-image\" data-id=\"620a5f62\" data-element_type=\"widget\" data-widget_type=\"image.default\">\n\t\t\t\t<div class=\"elementor-widget-container\">\n\t\t\t\t\t\t\t\t\t\t\t\t\t\t\t<img decoding=\"async\" width=\"100\" height=\"100\" src=\"https:\/\/westestetik.com\/wp-content\/uploads\/2024\/12\/3-1.png\" class=\"attachment-large size-large wp-image-28816\" alt=\"\" srcset=\"https:\/\/westestetik.com\/wp-content\/uploads\/2024\/12\/3-1.png 100w, https:\/\/westestetik.com\/wp-content\/uploads\/2024\/12\/3-1-12x12.png 12w\" sizes=\"(max-width: 100px) 100vw, 100px\" \/>\t\t\t\t\t\t\t\t\t\t\t\t\t\t\t<\/div>\n\t\t\t\t<\/div>\n\t\t\t\t<\/div>\n\t\t<div class=\"elementor-element elementor-element-504106a6 e-con-full e-flex e-con e-child\" data-id=\"504106a6\" data-element_type=\"container\">\n\t\t\t\t<div class=\"elementor-element elementor-element-789fa16c elementor-widget elementor-widget-image\" data-id=\"789fa16c\" data-element_type=\"widget\" data-widget_type=\"image.default\">\n\t\t\t\t<div class=\"elementor-widget-container\">\n\t\t\t\t\t\t\t\t\t\t\t\t\t\t\t<img loading=\"lazy\" decoding=\"async\" width=\"100\" height=\"100\" src=\"https:\/\/westestetik.com\/wp-content\/uploads\/2024\/12\/4-1.png\" class=\"attachment-large size-large wp-image-28817\" alt=\"\" srcset=\"https:\/\/westestetik.com\/wp-content\/uploads\/2024\/12\/4-1.png 100w, https:\/\/westestetik.com\/wp-content\/uploads\/2024\/12\/4-1-12x12.png 12w\" sizes=\"(max-width: 100px) 100vw, 100px\" \/>\t\t\t\t\t\t\t\t\t\t\t\t\t\t\t<\/div>\n\t\t\t\t<\/div>\n\t\t\t\t<\/div>\n\t\t<div class=\"elementor-element elementor-element-66ae2866 e-con-full e-flex e-con e-child\" data-id=\"66ae2866\" data-element_type=\"container\">\n\t\t\t\t<div class=\"elementor-element elementor-element-5085cac7 elementor-widget elementor-widget-image\" data-id=\"5085cac7\" data-element_type=\"widget\" data-widget_type=\"image.default\">\n\t\t\t\t<div class=\"elementor-widget-container\">\n\t\t\t\t\t\t\t\t\t\t\t\t\t\t\t<img loading=\"lazy\" decoding=\"async\" width=\"100\" height=\"100\" src=\"https:\/\/westestetik.com\/wp-content\/uploads\/2024\/12\/5-1.png\" class=\"attachment-large size-large wp-image-28818\" alt=\"\" srcset=\"https:\/\/westestetik.com\/wp-content\/uploads\/2024\/12\/5-1.png 100w, https:\/\/westestetik.com\/wp-content\/uploads\/2024\/12\/5-1-12x12.png 12w\" sizes=\"(max-width: 100px) 100vw, 100px\" \/>\t\t\t\t\t\t\t\t\t\t\t\t\t\t\t<\/div>\n\t\t\t\t<\/div>\n\t\t\t\t<\/div>\n\t\t\t\t<\/div>\n\t\t<div class=\"wd-negative-gap elementor-element elementor-element-15c182e1 e-flex e-con-boxed e-con e-parent\" data-id=\"15c182e1\" data-element_type=\"container\">\n\t\t\t\t\t<div class=\"e-con-inner\">\n\t\t<div class=\"elementor-element elementor-element-3e41afc e-con-full e-flex e-con e-child\" data-id=\"3e41afc\" data-element_type=\"container\">\n\t\t\t\t<div class=\"elementor-element elementor-element-23576258 wd-width-100 elementor-widget elementor-widget-wd_title\" data-id=\"23576258\" data-element_type=\"widget\" data-widget_type=\"wd_title.default\">\n\t\t\t\t<div class=\"elementor-widget-container\">\n\t\t\t\t\t\t\t<div class=\"title-wrapper set-mb-s reset-last-child wd-title-color-default wd-title-style-default wd-title-size-default text-center\">\n\n\t\t\t\t\t\t\t<div class=\"title-subtitle subtitle-color-default subtitle-style-default wd-fontsize-xs\">\n\t\t\t\t\tDuraci\u00f3n media de la estancia\t\t\t\t<\/div>\n\t\t\t\n\t\t\t<div class=\"liner-continer\">\n\t\t\t\t<p class=\"woodmart-title-container title wd-fontsize-l\">7 d\u00edas<\/p> \n\t\t\t\t\t\t\t<\/div>\n\n\t\t\t\t\t<\/div>\n\t\t\t\t\t\t<\/div>\n\t\t\t\t<\/div>\n\t\t\t\t<\/div>\n\t\t<div class=\"elementor-element elementor-element-5d46c7bd e-con-full e-flex e-con e-child\" data-id=\"5d46c7bd\" data-element_type=\"container\">\n\t\t\t\t<div class=\"elementor-element elementor-element-56feb621 wd-width-100 elementor-widget elementor-widget-wd_title\" data-id=\"56feb621\" data-element_type=\"widget\" data-widget_type=\"wd_title.default\">\n\t\t\t\t<div class=\"elementor-widget-container\">\n\t\t\t\t\t\t\t<div class=\"title-wrapper set-mb-s reset-last-child wd-title-color-default wd-title-style-default wd-title-size-default text-center\">\n\n\t\t\t\t\t\t\t<div class=\"title-subtitle subtitle-color-default subtitle-style-default wd-fontsize-xs\">\n\t\t\t\t\tDuraci\u00f3n de la hospitalizaci\u00f3n\t\t\t\t<\/div>\n\t\t\t\n\t\t\t<div class=\"liner-continer\">\n\t\t\t\t<p class=\"woodmart-title-container title wd-fontsize-l\">1 d\u00eda<\/p> \n\t\t\t\t\t\t\t<\/div>\n\n\t\t\t\t\t<\/div>\n\t\t\t\t\t\t<\/div>\n\t\t\t\t<\/div>\n\t\t\t\t<\/div>\n\t\t<div class=\"elementor-element elementor-element-5fd8ffeb e-con-full e-flex e-con e-child\" data-id=\"5fd8ffeb\" data-element_type=\"container\">\n\t\t\t\t<div class=\"elementor-element elementor-element-247f6243 wd-width-100 elementor-widget elementor-widget-wd_title\" data-id=\"247f6243\" data-element_type=\"widget\" data-widget_type=\"wd_title.default\">\n\t\t\t\t<div class=\"elementor-widget-container\">\n\t\t\t\t\t\t\t<div class=\"title-wrapper set-mb-s reset-last-child wd-title-color-default wd-title-style-default wd-title-size-default text-center\">\n\n\t\t\t\t\t\t\t<div class=\"title-subtitle subtitle-color-default subtitle-style-default wd-fontsize-xs\">\n\t\t\t\t\tDuraci\u00f3n de la operaci\u00f3n\t\t\t\t<\/div>\n\t\t\t\n\t\t\t<div class=\"liner-continer\">\n\t\t\t\t<p class=\"woodmart-title-container title wd-fontsize-l\">2-4 horas<\/p> \n\t\t\t\t\t\t\t<\/div>\n\n\t\t\t\t\t<\/div>\n\t\t\t\t\t\t<\/div>\n\t\t\t\t<\/div>\n\t\t\t\t<\/div>\n\t\t<div class=\"elementor-element elementor-element-6e6e7ae6 e-con-full e-flex e-con e-child\" data-id=\"6e6e7ae6\" data-element_type=\"container\">\n\t\t\t\t<div class=\"elementor-element elementor-element-5c791ae5 wd-width-100 elementor-widget elementor-widget-wd_title\" data-id=\"5c791ae5\" data-element_type=\"widget\" data-widget_type=\"wd_title.default\">\n\t\t\t\t<div class=\"elementor-widget-container\">\n\t\t\t\t\t\t\t<div class=\"title-wrapper set-mb-s reset-last-child wd-title-color-default wd-title-style-default wd-title-size-default text-center\">\n\n\t\t\t\t\t\t\t<div class=\"title-subtitle subtitle-color-default subtitle-style-default wd-fontsize-xs\">\n\t\t\t\t\tTipo de anestesia\t\t\t\t<\/div>\n\t\t\t\n\t\t\t<div class=\"liner-continer\">\n\t\t\t\t<p class=\"woodmart-title-container title wd-fontsize-l\">Anestesia general<\/p> \n\t\t\t\t\t\t\t<\/div>\n\n\t\t\t\t\t<\/div>\n\t\t\t\t\t\t<\/div>\n\t\t\t\t<\/div>\n\t\t\t\t<\/div>\n\t\t<div class=\"elementor-element elementor-element-2ed57cbc e-con-full e-flex e-con e-child\" data-id=\"2ed57cbc\" data-element_type=\"container\">\n\t\t\t\t<div class=\"elementor-element elementor-element-426543de wd-width-100 elementor-widget elementor-widget-wd_title\" data-id=\"426543de\" data-element_type=\"widget\" data-widget_type=\"wd_title.default\">\n\t\t\t\t<div class=\"elementor-widget-container\">\n\t\t\t\t\t\t\t<div class=\"title-wrapper set-mb-s reset-last-child wd-title-color-default wd-title-style-default wd-title-size-default text-center\">\n\n\t\t\t\t\t\t\t<div class=\"title-subtitle subtitle-color-default subtitle-style-default wd-fontsize-xs\">\n\t\t\t\t\tTiempo de recuperaci\u00f3n\t\t\t\t<\/div>\n\t\t\t\n\t\t\t<div class=\"liner-continer\">\n\t\t\t\t<p class=\"woodmart-title-container title wd-fontsize-l\">1-2 semanas<\/p> \n\t\t\t\t\t\t\t<\/div>\n\n\t\t\t\t\t<\/div>\n\t\t\t\t\t\t<\/div>\n\t\t\t\t<\/div>\n\t\t\t\t<\/div>\n\t\t\t\t\t<\/div>\n\t\t\t\t<\/div>\n\t\t<div class=\"wd-negative-gap elementor-element elementor-element-e94d3d1 e-flex e-con-boxed e-con e-parent\" data-id=\"e94d3d1\" data-element_type=\"container\">\n\t\t\t\t\t<div class=\"e-con-inner\">\n\t\t\t\t<div class=\"elementor-element elementor-element-b6776e8 color-scheme-inherit text-left elementor-widget elementor-widget-text-editor\" data-id=\"b6776e8\" data-element_type=\"widget\" data-widget_type=\"text-editor.default\">\n\t\t\t\t<div class=\"elementor-widget-container\">\n\t\t\t\t\t\t\t\t\t<p><span style=\"font-weight: 400;\">El relleno de ojeras con luz ofrece una soluci\u00f3n eficaz que se ha popularizado en el mundo de la est\u00e9tica en los \u00faltimos a\u00f1os. Desempe\u00f1a un papel fundamental en la eliminaci\u00f3n de los hematomas y depresiones bajo los ojos causados por el cansancio, el insomnio, factores gen\u00e9ticos o el envejecimiento. Este procedimiento, que se realiza con rellenos como el \u00e1cido hialur\u00f3nico, hidrata y da luminosidad a la piel al tiempo que compensa la p\u00e9rdida de volumen en la zona de debajo de los ojos.<\/span><\/p><h2><span style=\"font-weight: 400;\">\u00bfQu\u00e9 es el relleno de ojeras con luz?<\/span><\/h2><p><span style=\"font-weight: 400;\">El relleno de ojeras con luz es una intervenci\u00f3n est\u00e9tica que se realiza para eliminar las ojeras, los hematomas y el aspecto cansado debajo de los ojos. Este procedimiento se realiza inyectando rellenos como el \u00e1cido hialur\u00f3nico bajo los ojos. A la vez que hidrata la piel, el relleno de ojeras con luz tambi\u00e9n compensa la p\u00e9rdida de volumen, consiguiendo as\u00ed un aspecto m\u00e1s fresco y joven.<\/span><\/p><h2><span style=\"font-weight: 400;\">\u00bfA qui\u00e9n puede aplicarse el relleno ocular con luz?<\/span><\/h2><p><span style=\"font-weight: 400;\">El relleno de ojeras con luz es adecuado para cualquier persona que tenga moretones, l\u00edneas finas o p\u00e9rdida de volumen en la zona de debajo de los ojos. Tambi\u00e9n puede aplicarse a personas que tienen ojeras por predisposici\u00f3n gen\u00e9tica. Sin embargo, este procedimiento ofrece los resultados m\u00e1s adecuados para las personas que no presentan ning\u00fan obst\u00e1culo para la salud y tienen preocupaciones est\u00e9ticas.<\/span><\/p><h2><span style=\"font-weight: 400;\">\u00bfC\u00f3mo se realiza el relleno de ojeras con luz?<\/span><\/h2><p><span style=\"font-weight: 400;\">El procedimiento de relleno de ojeras con luz debe ser realizado por un m\u00e9dico especialista. Antes del procedimiento, se adormece la zona con una crema anest\u00e9sica. A continuaci\u00f3n, el relleno que contiene \u00e1cido hialur\u00f3nico se inyecta en la zona de debajo de los ojos con agujas finas. Este procedimiento suele durar entre 20 y 30 minutos. No deja cortes ni cicatrices, pero puede haber ligeros hematomas o hinchaz\u00f3n.<\/span><\/p><h2><span style=\"font-weight: 400;\">\u00bfCu\u00e1les son los beneficios del relleno de ojeras con luz?<\/span><\/h2><p><span style=\"font-weight: 400;\">El relleno de ojeras proporciona muchos beneficios. En primer lugar, aclara las ojeras y elimina el aspecto cansado. Adem\u00e1s, proporciona el equilibrio de hidrataci\u00f3n de la piel, consiguiendo as\u00ed un aspecto m\u00e1s vibrante y terso. Tambi\u00e9n se rellenan las depresiones causadas por la p\u00e9rdida de volumen, revelando as\u00ed una l\u00ednea facial m\u00e1s joven y vigorosa.<\/span><\/p><h2><span style=\"font-weight: 400;\">\u00bfCu\u00e1nto dura la aplicaci\u00f3n del relleno con luz bajo los ojos?<\/span><\/h2><p><span style=\"font-weight: 400;\">La aplicaci\u00f3n del relleno con luz bajo los ojos suele durar entre 20 y 30 minutos. Este r\u00e1pido procedimiento no impide volver a la vida cotidiana y puede continuar con su vida normal el mismo d\u00eda. El efecto puede apreciarse inmediatamente, pero los resultados completos se hacen evidentes al cabo de unos d\u00edas.<\/span><\/p><h2><span style=\"font-weight: 400;\">Proceso de recuperaci\u00f3n tras el relleno con luz bajo los ojos<\/span><\/h2><p><span style=\"font-weight: 400;\">El proceso de curaci\u00f3n tras el relleno con luz bajo los ojos es bastante corto. La mayor\u00eda de las personas no sienten ning\u00fan dolor ni hinchaz\u00f3n despu\u00e9s del procedimiento. Puede aparecer un ligero hematoma o hinchaz\u00f3n, pero esta condici\u00f3n pasa en pocos d\u00edas. Despu\u00e9s del procedimiento, la aplicaci\u00f3n de una compresa fr\u00eda en la zona puede acelerar el proceso de curaci\u00f3n.<\/span><\/p><h2><span style=\"font-weight: 400;\">Precios del relleno ocular con luz\u00a0<\/span><\/h2><p><span style=\"font-weight: 400;\">Los precios del relleno de ojeras con luz pueden variar en funci\u00f3n de la cl\u00ednica en la que se realice la aplicaci\u00f3n, el relleno utilizado y el nivel de experiencia. Sin embargo, los precios pueden variar seg\u00fan la calidad del procedimiento y las propiedades de los materiales utilizados.<\/span><\/p><h2><span style=\"font-weight: 400;\">\u00bfEs posible eliminar el aspecto cansado con el relleno de ojeras con luz?<\/span><\/h2><p><span style=\"font-weight: 400;\">S\u00ed, el relleno con luz debajo de los ojos ofrece una soluci\u00f3n muy eficaz, especialmente para el aspecto cansado y las ojeras. Los hematomas y las depresiones de la zona de debajo de los ojos pueden recuperarse r\u00e1pidamente con el relleno con luz. Como resultado, puede conseguir un aspecto m\u00e1s vigoroso y fresco.<\/span><\/p><h2><span style=\"font-weight: 400;\">\u00bfC\u00f3mo tratar la hinchaz\u00f3n y las ojeras con el relleno de ojeras con luz?<\/span><\/h2><p><span style=\"font-weight: 400;\">La hinchaz\u00f3n y las ojeras suelen estar causadas por la falta de sue\u00f1o, el estr\u00e9s o factores gen\u00e9ticos. El relleno de ojeras con luz es un m\u00e9todo eficaz en el tratamiento de estos problemas. El relleno reduce la hinchaz\u00f3n y las ojeras en la zona al iluminar las venas bajo los ojos y la decoloraci\u00f3n bajo la piel.<\/span><\/p><h2><span style=\"font-weight: 400;\">Riesgos y efectos secundarios de la aplicaci\u00f3n del relleno con luz bajo los ojos<\/span><\/h2><p><span style=\"font-weight: 400;\">Aunque el relleno con luz bajo los ojos es un procedimiento generalmente seguro, puede conllevar algunos riesgos y efectos secundarios como cualquier aplicaci\u00f3n est\u00e9tica. En raras ocasiones, puede aparecer hinchaz\u00f3n, hematomas o infecci\u00f3n. Por lo tanto, es muy importante que lo realice un m\u00e9dico especializado. Prestar atenci\u00f3n a las instrucciones de cuidado que se dan despu\u00e9s del procedimiento minimiza los posibles efectos secundarios.<\/span><\/p><h2><span style=\"font-weight: 400;\">Aspectos a tener en cuenta tras el relleno con luz bajo los ojos<\/span><\/h2><p><span style=\"font-weight: 400;\">Hay algunos puntos importantes que deben tenerse en cuenta despu\u00e9s del procedimiento. Evite tocar la zona de debajo de los ojos durante las primeras 24 horas. Adem\u00e1s, deben evitarse las aplicaciones de agua o vapor excesivamente calientes y procurar no exponerse a la luz solar directa. Esto ayudar\u00e1 a que la hinchaz\u00f3n y los hematomas desaparezcan m\u00e1s r\u00e1pidamente.<\/span><\/p><h2><span style=\"font-weight: 400;\">\u00bfC\u00f3mo se aplica el relleno de ojeras con luz en los distintos grupos de edad?<\/span><\/h2><p><span style=\"font-weight: 400;\">Por lo general, el relleno de ojeras es adecuado para personas a partir de 25 a\u00f1os. Sin embargo, a medida que avanza la edad, puede ser necesario aplicar m\u00e1s relleno en la zona de debajo de los ojos. Las preocupaciones est\u00e9ticas suelen aparecer a una edad temprana, y los signos de envejecimiento aparecen con la edad. Por lo tanto, el procedimiento puede realizarse en funci\u00f3n de las distintas expectativas de cada grupo de edad.<\/span><\/p><p>\u00a0<\/p>\t\t\t\t\t\t\t\t<\/div>\n\t\t\t\t<\/div>\n\t\t\t\t\t<\/div>\n\t\t\t\t<\/div>\n\t\t\t\t<\/div>","protected":false},"excerpt":{"rendered":"<p>Ortalama Kal\u0131\u015f S\u00fcresi 7 G\u00fcn Hastanede Yat\u0131\u015f S\u00fcresi 1 G\u00fcn Operasyon S\u00fcresi 2-4 Saat Anestezi T\u00fcr\u00fc Genel Anestezi \u0130yile\u015fme S\u00fcresi<\/p>","protected":false},"author":1,"featured_media":0,"parent":0,"menu_order":0,"comment_status":"closed","ping_status":"closed","template":"","meta":{"footnotes":""},"class_list":["post-27845","page","type-page","status-publish","hentry"],"_links":{"self":[{"href":"https:\/\/westestetik.com\/es\/wp-json\/wp\/v2\/pages\/27845","targetHints":{"allow":["GET"]}}],"collection":[{"href":"https:\/\/westestetik.com\/es\/wp-json\/wp\/v2\/pages"}],"about":[{"href":"https:\/\/westestetik.com\/es\/wp-json\/wp\/v2\/types\/page"}],"author":[{"embeddable":true,"href":"https:\/\/westestetik.com\/es\/wp-json\/wp\/v2\/users\/1"}],"replies":[{"embeddable":true,"href":"https:\/\/westestetik.com\/es\/wp-json\/wp\/v2\/comments?post=27845"}],"version-history":[{"count":7,"href":"https:\/\/westestetik.com\/es\/wp-json\/wp\/v2\/pages\/27845\/revisions"}],"predecessor-version":[{"id":28918,"href":"https:\/\/westestetik.com\/es\/wp-json\/wp\/v2\/pages\/27845\/revisions\/28918"}],"wp:attachment":[{"href":"https:\/\/westestetik.com\/es\/wp-json\/wp\/v2\/media?parent=27845"}],"curies":[{"name":"wp","href":"https:\/\/api.w.org\/{rel}","templated":true}]}}