{"id":27840,"date":"2024-12-02T23:23:44","date_gmt":"2024-12-02T23:23:44","guid":{"rendered":"https:\/\/westestetik.com\/?page_id=27840"},"modified":"2024-12-25T13:45:15","modified_gmt":"2024-12-25T13:45:15","slug":"rellenos-labiales","status":"publish","type":"page","link":"https:\/\/westestetik.com\/es\/rellenos-labiales\/","title":{"rendered":"Rellenos labiales"},"content":{"rendered":"<div data-elementor-type=\"wp-page\" data-elementor-id=\"27840\" class=\"elementor elementor-27840\" data-elementor-post-type=\"page\">\n\t\t\t\t<div class=\"elementor-element elementor-element-4543f376 e-con-full e-flex e-con e-parent\" data-id=\"4543f376\" data-element_type=\"container\">\n\t\t<div class=\"elementor-element elementor-element-343d0cd4 e-con-full e-flex e-con e-child\" data-id=\"343d0cd4\" data-element_type=\"container\">\n\t\t\t\t<div class=\"elementor-element elementor-element-18be3e06 elementor-widget elementor-widget-image\" data-id=\"18be3e06\" data-element_type=\"widget\" data-widget_type=\"image.default\">\n\t\t\t\t<div class=\"elementor-widget-container\">\n\t\t\t\t\t\t\t\t\t\t\t\t\t\t\t<img decoding=\"async\" width=\"100\" height=\"100\" src=\"https:\/\/westestetik.com\/wp-content\/uploads\/2024\/12\/1-4.png\" class=\"attachment-large size-large wp-image-28814\" alt=\"\" srcset=\"https:\/\/westestetik.com\/wp-content\/uploads\/2024\/12\/1-4.png 100w, https:\/\/westestetik.com\/wp-content\/uploads\/2024\/12\/1-4-12x12.png 12w\" sizes=\"(max-width: 100px) 100vw, 100px\" \/>\t\t\t\t\t\t\t\t\t\t\t\t\t\t\t<\/div>\n\t\t\t\t<\/div>\n\t\t\t\t<\/div>\n\t\t<div class=\"elementor-element elementor-element-46c19d30 e-con-full e-flex e-con e-child\" data-id=\"46c19d30\" data-element_type=\"container\">\n\t\t\t\t<div class=\"elementor-element elementor-element-5f187858 elementor-widget elementor-widget-image\" data-id=\"5f187858\" data-element_type=\"widget\" data-widget_type=\"image.default\">\n\t\t\t\t<div class=\"elementor-widget-container\">\n\t\t\t\t\t\t\t\t\t\t\t\t\t\t\t<img decoding=\"async\" width=\"100\" height=\"100\" src=\"https:\/\/westestetik.com\/wp-content\/uploads\/2024\/12\/2-5.png\" class=\"attachment-large size-large wp-image-28815\" alt=\"\" srcset=\"https:\/\/westestetik.com\/wp-content\/uploads\/2024\/12\/2-5.png 100w, https:\/\/westestetik.com\/wp-content\/uploads\/2024\/12\/2-5-12x12.png 12w\" sizes=\"(max-width: 100px) 100vw, 100px\" \/>\t\t\t\t\t\t\t\t\t\t\t\t\t\t\t<\/div>\n\t\t\t\t<\/div>\n\t\t\t\t<\/div>\n\t\t<div class=\"elementor-element elementor-element-9cb173e e-con-full e-flex e-con e-child\" data-id=\"9cb173e\" data-element_type=\"container\">\n\t\t\t\t<div class=\"elementor-element elementor-element-3c327db4 elementor-widget elementor-widget-image\" data-id=\"3c327db4\" data-element_type=\"widget\" data-widget_type=\"image.default\">\n\t\t\t\t<div class=\"elementor-widget-container\">\n\t\t\t\t\t\t\t\t\t\t\t\t\t\t\t<img decoding=\"async\" width=\"100\" height=\"100\" src=\"https:\/\/westestetik.com\/wp-content\/uploads\/2024\/12\/3-1.png\" class=\"attachment-large size-large wp-image-28816\" alt=\"\" srcset=\"https:\/\/westestetik.com\/wp-content\/uploads\/2024\/12\/3-1.png 100w, https:\/\/westestetik.com\/wp-content\/uploads\/2024\/12\/3-1-12x12.png 12w\" sizes=\"(max-width: 100px) 100vw, 100px\" \/>\t\t\t\t\t\t\t\t\t\t\t\t\t\t\t<\/div>\n\t\t\t\t<\/div>\n\t\t\t\t<\/div>\n\t\t<div class=\"elementor-element elementor-element-bb7ff41 e-con-full e-flex e-con e-child\" data-id=\"bb7ff41\" data-element_type=\"container\">\n\t\t\t\t<div class=\"elementor-element elementor-element-60505f83 elementor-widget elementor-widget-image\" data-id=\"60505f83\" data-element_type=\"widget\" data-widget_type=\"image.default\">\n\t\t\t\t<div class=\"elementor-widget-container\">\n\t\t\t\t\t\t\t\t\t\t\t\t\t\t\t<img loading=\"lazy\" decoding=\"async\" width=\"100\" height=\"100\" src=\"https:\/\/westestetik.com\/wp-content\/uploads\/2024\/12\/4-1.png\" class=\"attachment-large size-large wp-image-28817\" alt=\"\" srcset=\"https:\/\/westestetik.com\/wp-content\/uploads\/2024\/12\/4-1.png 100w, https:\/\/westestetik.com\/wp-content\/uploads\/2024\/12\/4-1-12x12.png 12w\" sizes=\"(max-width: 100px) 100vw, 100px\" \/>\t\t\t\t\t\t\t\t\t\t\t\t\t\t\t<\/div>\n\t\t\t\t<\/div>\n\t\t\t\t<\/div>\n\t\t<div class=\"elementor-element elementor-element-3805de2a e-con-full e-flex e-con e-child\" data-id=\"3805de2a\" data-element_type=\"container\">\n\t\t\t\t<div class=\"elementor-element elementor-element-7996254 elementor-widget elementor-widget-image\" data-id=\"7996254\" data-element_type=\"widget\" data-widget_type=\"image.default\">\n\t\t\t\t<div class=\"elementor-widget-container\">\n\t\t\t\t\t\t\t\t\t\t\t\t\t\t\t<img loading=\"lazy\" decoding=\"async\" width=\"100\" height=\"100\" src=\"https:\/\/westestetik.com\/wp-content\/uploads\/2024\/12\/5-1.png\" class=\"attachment-large size-large wp-image-28818\" alt=\"\" srcset=\"https:\/\/westestetik.com\/wp-content\/uploads\/2024\/12\/5-1.png 100w, https:\/\/westestetik.com\/wp-content\/uploads\/2024\/12\/5-1-12x12.png 12w\" sizes=\"(max-width: 100px) 100vw, 100px\" \/>\t\t\t\t\t\t\t\t\t\t\t\t\t\t\t<\/div>\n\t\t\t\t<\/div>\n\t\t\t\t<\/div>\n\t\t\t\t<\/div>\n\t\t<div class=\"wd-negative-gap elementor-element elementor-element-465fb2ea e-flex e-con-boxed e-con e-parent\" data-id=\"465fb2ea\" data-element_type=\"container\">\n\t\t\t\t\t<div class=\"e-con-inner\">\n\t\t<div class=\"elementor-element elementor-element-7923794a e-con-full e-flex e-con e-child\" data-id=\"7923794a\" data-element_type=\"container\">\n\t\t\t\t<div class=\"elementor-element elementor-element-4529ce67 wd-width-100 elementor-widget elementor-widget-wd_title\" data-id=\"4529ce67\" data-element_type=\"widget\" data-widget_type=\"wd_title.default\">\n\t\t\t\t<div class=\"elementor-widget-container\">\n\t\t\t\t\t\t\t<div class=\"title-wrapper set-mb-s reset-last-child wd-title-color-default wd-title-style-default wd-title-size-default text-center\">\n\n\t\t\t\t\t\t\t<div class=\"title-subtitle subtitle-color-default subtitle-style-default wd-fontsize-xs\">\n\t\t\t\t\tDuraci\u00f3n media de la estancia\t\t\t\t<\/div>\n\t\t\t\n\t\t\t<div class=\"liner-continer\">\n\t\t\t\t<p class=\"woodmart-title-container title wd-fontsize-l\">7 d\u00edas<\/p> \n\t\t\t\t\t\t\t<\/div>\n\n\t\t\t\t\t<\/div>\n\t\t\t\t\t\t<\/div>\n\t\t\t\t<\/div>\n\t\t\t\t<\/div>\n\t\t<div class=\"elementor-element elementor-element-8c0740f e-con-full e-flex e-con e-child\" data-id=\"8c0740f\" data-element_type=\"container\">\n\t\t\t\t<div class=\"elementor-element elementor-element-af5b86e wd-width-100 elementor-widget elementor-widget-wd_title\" data-id=\"af5b86e\" data-element_type=\"widget\" data-widget_type=\"wd_title.default\">\n\t\t\t\t<div class=\"elementor-widget-container\">\n\t\t\t\t\t\t\t<div class=\"title-wrapper set-mb-s reset-last-child wd-title-color-default wd-title-style-default wd-title-size-default text-center\">\n\n\t\t\t\t\t\t\t<div class=\"title-subtitle subtitle-color-default subtitle-style-default wd-fontsize-xs\">\n\t\t\t\t\tDuraci\u00f3n de la hospitalizaci\u00f3n\t\t\t\t<\/div>\n\t\t\t\n\t\t\t<div class=\"liner-continer\">\n\t\t\t\t<p class=\"woodmart-title-container title wd-fontsize-l\">1 d\u00eda<\/p> \n\t\t\t\t\t\t\t<\/div>\n\n\t\t\t\t\t<\/div>\n\t\t\t\t\t\t<\/div>\n\t\t\t\t<\/div>\n\t\t\t\t<\/div>\n\t\t<div class=\"elementor-element elementor-element-4f1a4c56 e-con-full e-flex e-con e-child\" data-id=\"4f1a4c56\" data-element_type=\"container\">\n\t\t\t\t<div class=\"elementor-element elementor-element-75a62c04 wd-width-100 elementor-widget elementor-widget-wd_title\" data-id=\"75a62c04\" data-element_type=\"widget\" data-widget_type=\"wd_title.default\">\n\t\t\t\t<div class=\"elementor-widget-container\">\n\t\t\t\t\t\t\t<div class=\"title-wrapper set-mb-s reset-last-child wd-title-color-default wd-title-style-default wd-title-size-default text-center\">\n\n\t\t\t\t\t\t\t<div class=\"title-subtitle subtitle-color-default subtitle-style-default wd-fontsize-xs\">\n\t\t\t\t\tDuraci\u00f3n de la operaci\u00f3n\t\t\t\t<\/div>\n\t\t\t\n\t\t\t<div class=\"liner-continer\">\n\t\t\t\t<p class=\"woodmart-title-container title wd-fontsize-l\">2-4 horas<\/p> \n\t\t\t\t\t\t\t<\/div>\n\n\t\t\t\t\t<\/div>\n\t\t\t\t\t\t<\/div>\n\t\t\t\t<\/div>\n\t\t\t\t<\/div>\n\t\t<div class=\"elementor-element elementor-element-3e4d1fec e-con-full e-flex e-con e-child\" data-id=\"3e4d1fec\" data-element_type=\"container\">\n\t\t\t\t<div class=\"elementor-element elementor-element-13f5d97b wd-width-100 elementor-widget elementor-widget-wd_title\" data-id=\"13f5d97b\" data-element_type=\"widget\" data-widget_type=\"wd_title.default\">\n\t\t\t\t<div class=\"elementor-widget-container\">\n\t\t\t\t\t\t\t<div class=\"title-wrapper set-mb-s reset-last-child wd-title-color-default wd-title-style-default wd-title-size-default text-center\">\n\n\t\t\t\t\t\t\t<div class=\"title-subtitle subtitle-color-default subtitle-style-default wd-fontsize-xs\">\n\t\t\t\t\tTipo de anestesia\t\t\t\t<\/div>\n\t\t\t\n\t\t\t<div class=\"liner-continer\">\n\t\t\t\t<p class=\"woodmart-title-container title wd-fontsize-l\">Anestesia general<\/p> \n\t\t\t\t\t\t\t<\/div>\n\n\t\t\t\t\t<\/div>\n\t\t\t\t\t\t<\/div>\n\t\t\t\t<\/div>\n\t\t\t\t<\/div>\n\t\t<div class=\"elementor-element elementor-element-3a73b15 e-con-full e-flex e-con e-child\" data-id=\"3a73b15\" data-element_type=\"container\">\n\t\t\t\t<div class=\"elementor-element elementor-element-3a3eeff9 wd-width-100 elementor-widget elementor-widget-wd_title\" data-id=\"3a3eeff9\" data-element_type=\"widget\" data-widget_type=\"wd_title.default\">\n\t\t\t\t<div class=\"elementor-widget-container\">\n\t\t\t\t\t\t\t<div class=\"title-wrapper set-mb-s reset-last-child wd-title-color-default wd-title-style-default wd-title-size-default text-center\">\n\n\t\t\t\t\t\t\t<div class=\"title-subtitle subtitle-color-default subtitle-style-default wd-fontsize-xs\">\n\t\t\t\t\tTiempo de recuperaci\u00f3n\t\t\t\t<\/div>\n\t\t\t\n\t\t\t<div class=\"liner-continer\">\n\t\t\t\t<p class=\"woodmart-title-container title wd-fontsize-l\">1-2 semanas<\/p> \n\t\t\t\t\t\t\t<\/div>\n\n\t\t\t\t\t<\/div>\n\t\t\t\t\t\t<\/div>\n\t\t\t\t<\/div>\n\t\t\t\t<\/div>\n\t\t\t\t\t<\/div>\n\t\t\t\t<\/div>\n\t\t<div class=\"wd-negative-gap elementor-element elementor-element-f28cbd7 e-flex e-con-boxed e-con e-parent\" data-id=\"f28cbd7\" data-element_type=\"container\">\n\t\t\t\t\t<div class=\"e-con-inner\">\n\t\t\t\t<div class=\"elementor-element elementor-element-ccaa5af color-scheme-inherit text-left elementor-widget elementor-widget-text-editor\" data-id=\"ccaa5af\" data-element_type=\"widget\" data-widget_type=\"text-editor.default\">\n\t\t\t\t<div class=\"elementor-widget-container\">\n\t\t\t\t\t\t\t\t\t<p><span style=\"font-weight: 400;\">El aumento de labios es una aplicaci\u00f3n que se ha hecho muy popular en el mundo de la est\u00e9tica en los \u00faltimos a\u00f1os. La forma, el volumen y la plenitud de los labios ocupan un lugar importante en la est\u00e9tica facial. Unos labios finos o que pierden volumen con el tiempo pueden afectar negativamente a la autoestima de las personas. El aumento de labios es un procedimiento m\u00ednimamente invasivo que se realiza con sustancias seguras, como el \u00e1cido hialur\u00f3nico, y que da a los labios un aspecto m\u00e1s voluminoso, prominente y natural. Este procedimiento no s\u00f3lo resuelve problemas est\u00e9ticos, sino que tambi\u00e9n puede equilibrar los rasgos faciales.\u00a0<\/span><\/p><h2><span style=\"font-weight: 400;\">\u00bfQu\u00e9 es el relleno labial y c\u00f3mo se aplica?<\/span><\/h2><p><span style=\"font-weight: 400;\">El aumento de labios es un procedimiento est\u00e9tico que se aplica para aumentar el volumen de los labios, corregir su forma o hacerlos m\u00e1s prominentes. Este procedimiento suele realizarse con rellenos que contienen \u00e1cido hialur\u00f3nico. El aumento de labios se ha convertido en una opci\u00f3n popular, sobre todo para las personas que tienen labios finos o que han perdido volumen en ellos con la edad. La aplicaci\u00f3n debe realizarla un esteticista especializado y debe utilizarse la dosis adecuada de relleno seg\u00fan la estructura de los labios.<\/span><\/p><h2><span style=\"font-weight: 400;\">Precios del relleno labial: \u00bfQu\u00e9 factores influyen?<\/span><\/h2><p><span style=\"font-weight: 400;\">Los precios del relleno labial var\u00edan en funci\u00f3n de varios factores. Estos factores incluyen la cl\u00ednica en la que se realizar\u00e1 la aplicaci\u00f3n, el tipo de relleno utilizado y la zona en la que se realizar\u00e1 la aplicaci\u00f3n. Adem\u00e1s, la experiencia del especialista que realiza el procedimiento de aumento de labios y la infraestructura tecnol\u00f3gica de la cl\u00ednica tambi\u00e9n son factores importantes que afectan al precio. Por t\u00e9rmino medio, los precios del relleno labial se determinan en funci\u00f3n de la complejidad de la aplicaci\u00f3n y del material utilizado. Por lo tanto, los precios pueden variar en funci\u00f3n de las necesidades personales.<\/span><\/p><h2><span style=\"font-weight: 400;\">\u00bfPara qui\u00e9n es adecuado el relleno labial?<\/span><\/h2><p><span style=\"font-weight: 400;\">El aumento de labios suele ser adecuado para personas sanas. Las personas que han perdido volumen en los labios, tienen labios finos o no est\u00e1n satisfechas con la forma de sus labios pueden someterse a un aumento de labios. Sin embargo, es importante que las personas con determinados problemas de salud consulten a un especialista antes de someterse a este procedimiento. Por ejemplo, afecciones como una infecci\u00f3n activa alrededor de los labios, alergias o el embarazo pueden impedir el aumento de labios.<\/span><\/p><h2><span style=\"font-weight: 400;\">\u00bfCu\u00e1l es el proceso de recuperaci\u00f3n tras un aumento del tama\u00f1o de los labios?<\/span><\/h2><p><span style=\"font-weight: 400;\">El proceso de cicatrizaci\u00f3n tras un aumento de labios es bastante r\u00e1pido. Puede haber una ligera hinchaz\u00f3n, hematomas y enrojecimiento tras la aplicaci\u00f3n. Estos efectos suelen desaparecer a los pocos d\u00edas. Inmediatamente despu\u00e9s de la aplicaci\u00f3n del relleno labial, la persona puede continuar con sus actividades cotidianas. Sin embargo, se recomienda no ejercer demasiada presi\u00f3n sobre los labios y evitar los alimentos excesivamente fr\u00edos o calientes en las primeras 24 horas tras la aplicaci\u00f3n. Aunque el proceso de cicatrizaci\u00f3n var\u00eda de una persona a otra, suele recuperarse por completo en una semana.<\/span><\/p><h2><span style=\"font-weight: 400;\">\u00bfSe pueden conseguir resultados naturales con el relleno de labios?<\/span><\/h2><p><span style=\"font-weight: 400;\">Es posible conseguir resultados naturales con el aumento de labios. El relleno utilizado durante la intervenci\u00f3n a\u00f1ade volumen sin alterar la forma natural de los labios. Los esteticistas expertos crean un aspecto natural preservando el contorno de los labios y evitando un relleno excesivo. Adem\u00e1s, el relleno de labios realizado con la t\u00e9cnica correcta puede hacer que los labios tengan m\u00e1s volumen y una forma en armon\u00eda con los rasgos faciales de la persona.<\/span><\/p><h2><span style=\"font-weight: 400;\">\u00bfQu\u00e9 hay que tener en cuenta al hacer un relleno labial?<\/span><\/h2><p><span style=\"font-weight: 400;\">Hay varios factores importantes que deben tenerse en cuenta cuando se realiza un aumento de labios. En primer lugar, hay que asegurarse de que el relleno sea de alta calidad y seguro. Adem\u00e1s, es muy importante la experiencia del especialista que vaya a realizar el procedimiento. Un esteticista experimentado puede conseguir resultados naturales y est\u00e9ticamente bellos. Antes de la aplicaci\u00f3n, debe seleccionarse el relleno adecuado, teniendo en cuenta la estructura de los labios y los deseos personales. Adem\u00e1s, es importante seguir las instrucciones de cuidados posteriores al procedimiento para obtener el resultado deseado.<\/span><\/p><h2><span style=\"font-weight: 400;\">\u00bfEs el relleno labial un procedimiento doloroso?<\/span><\/h2><p><span style=\"font-weight: 400;\">El aumento de labios es un procedimiento que suele causar un dolor m\u00ednimo. Antes de la aplicaci\u00f3n, se aplica crema anest\u00e9sica local en la zona de los labios para reducir el dolor y las molestias. Dado que el relleno se aplica con una aguja, puede haber una sensaci\u00f3n de pinchazo, pero suele ser una molestia leve y de corta duraci\u00f3n. La mayor\u00eda de las personas no sienten ning\u00fan dolor grave durante o despu\u00e9s del procedimiento de aumento de labios.<\/span><\/p><h2><span style=\"font-weight: 400;\">\u00bfCu\u00e1nto dura la aplicaci\u00f3n del relleno labial?<\/span><\/h2><p><span style=\"font-weight: 400;\">Los rellenos labiales suelen ser permanentes entre 6 meses y 1 a\u00f1o. Sin embargo, este periodo puede variar en funci\u00f3n del tipo de relleno utilizado, el metabolismo y el estilo de vida de la persona. Los rellenos que contienen \u00e1cido hialur\u00f3nico se absorben en el organismo con el tiempo y su efecto disminuye. Por lo tanto, puede ser necesario repetir el procedimiento para obtener efectos m\u00e1s duraderos. La aplicaci\u00f3n regular de rellenos labiales puede ayudar a conseguir resultados m\u00e1s duraderos en los labios.<\/span><\/p><h2><span style=\"font-weight: 400;\">\u00bfC\u00f3mo cambiar\u00e1n sus rasgos faciales con el relleno de labios?<\/span><\/h2><p><span style=\"font-weight: 400;\">El aumento de labios no s\u00f3lo a\u00f1ade volumen a los labios, sino que tambi\u00e9n puede introducir cambios positivos en el contorno facial general. Unos labios m\u00e1s prominentes y carnosos proporcionan equilibrio y proporci\u00f3n a la parte inferior del rostro. Los labios especialmente finos se hacen m\u00e1s armoniosos con los contornos faciales. Adem\u00e1s, el aumento de labios puede ayudar a que los labios parezcan m\u00e1s sim\u00e9tricos y est\u00e9ticos al sonre\u00edr.<\/span><\/p><h2><span style=\"font-weight: 400;\">\u00bfCu\u00e1les son los beneficios y los riesgos del relleno labial?<\/span><\/h2><p><span style=\"font-weight: 400;\">El relleno labial ofrece muchas ventajas. Puede hacer que los labios tengan m\u00e1s volumen y sean m\u00e1s prominentes, restaurar el volumen perdido con la edad y crear un aspecto m\u00e1s joven. Sin embargo, como cualquier procedimiento est\u00e9tico, el aumento de labios conlleva algunos riesgos. Estos riesgos pueden incluir infecci\u00f3n, asimetr\u00eda, hinchaz\u00f3n, hematomas y, en raras ocasiones, reacciones al\u00e9rgicas. Por lo tanto, el aumento de labios debe ser realizado por especialistas.<\/span><\/p><p>\u00a0<\/p>\t\t\t\t\t\t\t\t<\/div>\n\t\t\t\t<\/div>\n\t\t\t\t\t<\/div>\n\t\t\t\t<\/div>\n\t\t\t\t<\/div>","protected":false},"excerpt":{"rendered":"<p>Ortalama Kal\u0131\u015f S\u00fcresi 7 G\u00fcn Hastanede Yat\u0131\u015f S\u00fcresi 1 G\u00fcn Operasyon S\u00fcresi 2-4 Saat Anestezi T\u00fcr\u00fc Genel Anestezi \u0130yile\u015fme S\u00fcresi<\/p>","protected":false},"author":1,"featured_media":0,"parent":0,"menu_order":0,"comment_status":"closed","ping_status":"closed","template":"","meta":{"footnotes":""},"class_list":["post-27840","page","type-page","status-publish","hentry"],"_links":{"self":[{"href":"https:\/\/westestetik.com\/es\/wp-json\/wp\/v2\/pages\/27840","targetHints":{"allow":["GET"]}}],"collection":[{"href":"https:\/\/westestetik.com\/es\/wp-json\/wp\/v2\/pages"}],"about":[{"href":"https:\/\/westestetik.com\/es\/wp-json\/wp\/v2\/types\/page"}],"author":[{"embeddable":true,"href":"https:\/\/westestetik.com\/es\/wp-json\/wp\/v2\/users\/1"}],"replies":[{"embeddable":true,"href":"https:\/\/westestetik.com\/es\/wp-json\/wp\/v2\/comments?post=27840"}],"version-history":[{"count":7,"href":"https:\/\/westestetik.com\/es\/wp-json\/wp\/v2\/pages\/27840\/revisions"}],"predecessor-version":[{"id":28914,"href":"https:\/\/westestetik.com\/es\/wp-json\/wp\/v2\/pages\/27840\/revisions\/28914"}],"wp:attachment":[{"href":"https:\/\/westestetik.com\/es\/wp-json\/wp\/v2\/media?parent=27840"}],"curies":[{"name":"wp","href":"https:\/\/api.w.org\/{rel}","templated":true}]}}