{"id":27835,"date":"2024-12-02T23:22:14","date_gmt":"2024-12-02T23:22:14","guid":{"rendered":"https:\/\/westestetik.com\/?page_id=27835"},"modified":"2024-12-25T10:55:51","modified_gmt":"2024-12-25T10:55:51","slug":"cirugia-de-alargamiento-de-pene","status":"publish","type":"page","link":"https:\/\/westestetik.com\/es\/cirugia-de-alargamiento-de-pene\/","title":{"rendered":"Cirug\u00eda de alargamiento del pene"},"content":{"rendered":"<div data-elementor-type=\"wp-page\" data-elementor-id=\"27835\" class=\"elementor elementor-27835\" data-elementor-post-type=\"page\">\n\t\t\t\t<div class=\"wd-negative-gap elementor-element elementor-element-e150b12 e-flex e-con-boxed e-con e-parent\" data-id=\"e150b12\" data-element_type=\"container\">\n\t\t\t\t\t<div class=\"e-con-inner\">\n\t\t\t\t<div class=\"elementor-element elementor-element-7286009 elementor-widget elementor-widget-image\" data-id=\"7286009\" data-element_type=\"widget\" data-widget_type=\"image.default\">\n\t\t\t\t<div class=\"elementor-widget-container\">\n\t\t\t\t\t\t\t\t\t\t\t\t\t\t\t<img fetchpriority=\"high\" decoding=\"async\" width=\"1300\" height=\"384\" src=\"https:\/\/westestetik.com\/wp-content\/uploads\/2024\/12\/Uygulama-1-1300x384.png\" class=\"attachment-large size-large wp-image-27725\" alt=\"Enfermedades\" srcset=\"https:\/\/westestetik.com\/wp-content\/uploads\/2024\/12\/Uygulama-1-1300x384.png 1300w, https:\/\/westestetik.com\/wp-content\/uploads\/2024\/12\/Uygulama-1-430x127.png 430w, https:\/\/westestetik.com\/wp-content\/uploads\/2024\/12\/Uygulama-1-150x44.png 150w, https:\/\/westestetik.com\/wp-content\/uploads\/2024\/12\/Uygulama-1-700x207.png 700w, https:\/\/westestetik.com\/wp-content\/uploads\/2024\/12\/Uygulama-1-400x118.png 400w, https:\/\/westestetik.com\/wp-content\/uploads\/2024\/12\/Uygulama-1-768x227.png 768w, https:\/\/westestetik.com\/wp-content\/uploads\/2024\/12\/Uygulama-1-1536x453.png 1536w, https:\/\/westestetik.com\/wp-content\/uploads\/2024\/12\/Uygulama-1-2048x604.png 2048w\" sizes=\"(max-width: 1300px) 100vw, 1300px\" \/>\t\t\t\t\t\t\t\t\t\t\t\t\t\t\t<\/div>\n\t\t\t\t<\/div>\n\t\t\t\t\t<\/div>\n\t\t\t\t<\/div>\n\t\t<div class=\"wd-negative-gap elementor-element elementor-element-fa94293 e-flex e-con-boxed e-con e-parent\" data-id=\"fa94293\" data-element_type=\"container\">\n\t\t\t\t\t<div class=\"e-con-inner\">\n\t\t\t\t<div class=\"elementor-element elementor-element-f4dc2fb color-scheme-inherit text-left elementor-widget elementor-widget-text-editor\" data-id=\"f4dc2fb\" data-element_type=\"widget\" data-widget_type=\"text-editor.default\">\n\t\t\t\t<div class=\"elementor-widget-container\">\n\t\t\t\t\t\t\t\t\t<p><span style=\"font-weight: 400;\">La cirug\u00eda de alargamiento de pene es una intervenci\u00f3n est\u00e9tica cuyo objetivo es aumentar el tama\u00f1o de los genitales masculinos. Este procedimiento quir\u00fargico puede ser una opci\u00f3n importante para las personas que experimentan una p\u00e9rdida de confianza en s\u00ed mismas y buscan mejorar su vida sexual.\u00a0<\/span><\/p><h2><span style=\"font-weight: 400;\">\u00bfQu\u00e9 es la cirug\u00eda de alargamiento del pene?<\/span><\/h2><p><span style=\"font-weight: 400;\">La cirug\u00eda de alargamiento de pene es un procedimiento quir\u00fargico que se realiza para aumentar el tama\u00f1o del pene. Este procedimiento se realiza con diversas t\u00e9cnicas y suele tener como objetivo aumentar la longitud o la circunferencia del pene. El alargamiento del pene puede mejorar la satisfacci\u00f3n sexual al aumentar la confianza de los hombres en s\u00ed mismos.<\/span><\/p><h2><span style=\"font-weight: 400;\">\u00bfC\u00f3mo se realiza la cirug\u00eda de alargamiento del pene?<\/span><\/h2><p><span style=\"font-weight: 400;\">La cirug\u00eda de alargamiento del pene suele realizarse con dos t\u00e9cnicas principales: <\/span><i><span style=\"font-weight: 400;\">alargamiento del pene<\/span><\/i><span style=\"font-weight: 400;\"> y <\/span><i><span style=\"font-weight: 400;\">engrosamiento del pene<\/span><\/i><span style=\"font-weight: 400;\"> M\u00e9todos. La cirug\u00eda de alargamiento del pene consiste en aflojar los ligamentos del interior del pene tras una incisi\u00f3n en la ra\u00edz del mismo. El engrosamiento se realiza con tejido graso o materiales sint\u00e9ticos de relleno. Ambos procedimientos deben ser realizados por un cirujano especializado.<\/span><\/p><h2><span style=\"font-weight: 400;\">\u00bfCu\u00e1les son los beneficios de la cirug\u00eda de alargamiento de pene?<\/span><\/h2><p><span style=\"font-weight: 400;\">La cirug\u00eda de alargamiento de pene no s\u00f3lo proporciona cambios f\u00edsicos, sino que tambi\u00e9n puede aumentar la confianza en uno mismo. Cuando los hombres piensan que el tama\u00f1o de su pene afecta a su vida sexual, pueden sentirse m\u00e1s c\u00f3modos aumentando el tama\u00f1o con una intervenci\u00f3n quir\u00fargica. Adem\u00e1s, este procedimiento tambi\u00e9n puede tener efectos positivos en el rendimiento sexual.<\/span><\/p><h2><span style=\"font-weight: 400;\">\u00bfQui\u00e9n es un candidato adecuado para la cirug\u00eda de alargamiento de pene?<\/span><\/h2><p><span style=\"font-weight: 400;\">Los candidatos m\u00e1s adecuados para la cirug\u00eda de alargamiento de pene son las personas sanas que han alcanzado f\u00edsicamente la edad adulta. El desarrollo de los \u00f3rganos sexuales debe ser completo. Adem\u00e1s, las expectativas de la persona antes de la intervenci\u00f3n quir\u00fargica deben ser realistas y psicol\u00f3gicamente capaces de aceptar un cambio de este tipo.<\/span><\/p><h2><span style=\"font-weight: 400;\">\u00bfCu\u00e1l es el proceso de recuperaci\u00f3n tras una operaci\u00f3n de alargamiento de pene?<\/span><\/h2><p><span style=\"font-weight: 400;\">El proceso de recuperaci\u00f3n tras una operaci\u00f3n de alargamiento de pene suele durar varias semanas. Es posible que los primeros d\u00edas aparezcan dolores leves e hinchaz\u00f3n, pero esta condici\u00f3n pasa con el tiempo. Su cirujano le informar\u00e1 sobre c\u00f3mo ser\u00e1 el proceso de cicatrizaci\u00f3n y a qu\u00e9 debe prestar atenci\u00f3n. Por t\u00e9rmino medio, se recomienda esperar de 4 a 6 semanas tras la intervenci\u00f3n antes de volver a la actividad sexual.<\/span><\/p><h2><span style=\"font-weight: 400;\">\u00bfEs dolorosa la cirug\u00eda de alargamiento de pene?<\/span><\/h2><p><span style=\"font-weight: 400;\">Dado que durante la cirug\u00eda de alargamiento de pene se aplica anestesia, el procedimiento suele ser indoloro. Despu\u00e9s de la intervenci\u00f3n puede haber dolores y molestias leves, pero suelen controlarse con medicaci\u00f3n. Su cirujano le guiar\u00e1 durante el proceso de cicatrizaci\u00f3n e intervendr\u00e1 en caso de cualquier complicaci\u00f3n.<\/span><\/p><h2><span style=\"font-weight: 400;\">\u00bfEs permanente la cirug\u00eda de alargamiento del pene?<\/span><\/h2><p><span style=\"font-weight: 400;\">S\u00ed, la cirug\u00eda de alargamiento de pene proporciona resultados permanentes. Sin embargo, puede haber alg\u00fan cambio a largo plazo en funci\u00f3n de la salud sexual y el estilo de vida. Por ejemplo, factores como el aumento excesivo de peso o el tabaquismo pueden afectar a los resultados de la cirug\u00eda.<\/span><\/p><h2><span style=\"font-weight: 400;\">\u00bfCu\u00e1les son los riesgos y efectos secundarios de la cirug\u00eda de alargamiento de pene?<\/span><\/h2><p><span style=\"font-weight: 400;\">Como cualquier intervenci\u00f3n quir\u00fargica, la cirug\u00eda de alargamiento de pene conlleva algunos riesgos. Entre ellos, infecci\u00f3n, hemorragia, problemas de cicatrizaci\u00f3n y p\u00e9rdida de sensibilidad. Sin embargo, estos riesgos son muy bajos en cirug\u00edas realizadas con la experiencia adecuada. Su cirujano le informar\u00e1 de todos los riesgos antes de la intervenci\u00f3n.<\/span><\/p><h2><span style=\"font-weight: 400;\">\u00bfCu\u00e1les son los precios de la cirug\u00eda de alargamiento de pene?<\/span><\/h2><p><span style=\"font-weight: 400;\">Los precios de la cirug\u00eda de alargamiento de pene pueden variar en funci\u00f3n de las t\u00e9cnicas utilizadas, la experiencia del cirujano y la ubicaci\u00f3n de la cl\u00ednica. Por lo tanto, aunque es dif\u00edcil especificar un precio exacto, normalmente los costes del procedimiento se sit\u00faan en un rango medio. No obstante, lo mejor es ponerse en contacto directamente con el cirujano para conocer el precio.<\/span><\/p><h2><span style=\"font-weight: 400;\">\u00bfC\u00f3mo se ve afectado el rendimiento sexual tras una operaci\u00f3n de alargamiento de pene?<\/span><\/h2><p><span style=\"font-weight: 400;\">Tras la cirug\u00eda de alargamiento de pene, muchas personas afirman haber mejorado su rendimiento sexual. El aumento de tama\u00f1o ayuda a aumentar la confianza en uno mismo, lo que puede conducir a una vida sexual m\u00e1s satisfactoria. Sin embargo, cada individuo es diferente y los resultados pueden variar de una persona a otra.<\/span><\/p><h2><span style=\"font-weight: 400;\">\u00bfCu\u00e1nto tiempo se tarda en ver los resultados obtenidos con la cirug\u00eda de alargamiento de pene?<\/span><\/h2><p><span style=\"font-weight: 400;\">Los resultados de la cirug\u00eda de alargamiento de pene suelen hacerse patentes a los pocos meses de la intervenci\u00f3n. Los resultados a largo plazo aparecen completamente m\u00e1s tarde. A medida que desaparecen la hinchaz\u00f3n y los hematomas durante el proceso de cicatrizaci\u00f3n inicial, el resultado es m\u00e1s claramente visible.<\/span><\/p><h2><span style=\"font-weight: 400;\">\u00bfSon naturales los resultados de la cirug\u00eda de alargamiento del pene?<\/span><\/h2><p><span style=\"font-weight: 400;\">Los resultados obtenidos con la cirug\u00eda de alargamiento de pene pueden ser bastante naturales cuando la realiza un cirujano especialista. El objetivo de los expertos es realizar la intervenci\u00f3n quir\u00fargica de la forma m\u00e1s natural posible y los resultados obtenidos posteriormente suelen ser satisfactorios.<\/span><\/p><h2><span style=\"font-weight: 400;\">\u00bfQu\u00e9 hay que tener en cuenta antes y despu\u00e9s de una operaci\u00f3n de alargamiento de pene?<\/span><\/h2><p><span style=\"font-weight: 400;\">No fumar, evitar el consumo de alcohol y seguir una dieta sana antes de la intervenci\u00f3n pueden acelerar el proceso de cicatrizaci\u00f3n. Tambi\u00e9n es muy importante seguir las instrucciones del cirujano. Tras la intervenci\u00f3n, debe evitarse la actividad f\u00edsica excesiva y asegurarse una recuperaci\u00f3n adecuada antes de mantener relaciones sexuales.<\/span><\/p><h2><span style=\"font-weight: 400;\">\u00bfC\u00f3mo retomar su vida sexual despu\u00e9s de una operaci\u00f3n de alargamiento de pene?<\/span><\/h2><p><span style=\"font-weight: 400;\">La reincorporaci\u00f3n a la vida sexual tras una intervenci\u00f3n de alargamiento de pene requiere un cuidadoso proceso de recuperaci\u00f3n. Normalmente, el cirujano recomienda evitar la actividad sexual durante 4-6 semanas. Durante este tiempo, se completa la cicatrizaci\u00f3n y los resultados son m\u00e1s claros.<\/span><\/p><p><span style=\"font-weight: 400;\">La cirug\u00eda de alargamiento de pene puede proporcionar resultados beneficiosos y permanentes a las personas sanas. Sin embargo, es muy importante conocer todos los detalles antes de la cirug\u00eda y elegir un cirujano especialista.<\/span><\/p><p>\u00a0<\/p>\t\t\t\t\t\t\t\t<\/div>\n\t\t\t\t<\/div>\n\t\t\t\t\t<\/div>\n\t\t\t\t<\/div>\n\t\t\t\t<\/div>","protected":false},"excerpt":{"rendered":"<p>La cirug\u00eda de alargamiento de pene es una intervenci\u00f3n est\u00e9tica cuyo objetivo es aumentar el tama\u00f1o de los genitales masculinos. Este procedimiento quir\u00fargico se utiliza en hombres que experimentan una p\u00e9rdida de confianza en s\u00ed mismos y de sus relaciones sexuales.<\/p>","protected":false},"author":1,"featured_media":0,"parent":0,"menu_order":0,"comment_status":"closed","ping_status":"closed","template":"","meta":{"footnotes":""},"class_list":["post-27835","page","type-page","status-publish","hentry"],"_links":{"self":[{"href":"https:\/\/westestetik.com\/es\/wp-json\/wp\/v2\/pages\/27835","targetHints":{"allow":["GET"]}}],"collection":[{"href":"https:\/\/westestetik.com\/es\/wp-json\/wp\/v2\/pages"}],"about":[{"href":"https:\/\/westestetik.com\/es\/wp-json\/wp\/v2\/types\/page"}],"author":[{"embeddable":true,"href":"https:\/\/westestetik.com\/es\/wp-json\/wp\/v2\/users\/1"}],"replies":[{"embeddable":true,"href":"https:\/\/westestetik.com\/es\/wp-json\/wp\/v2\/comments?post=27835"}],"version-history":[{"count":4,"href":"https:\/\/westestetik.com\/es\/wp-json\/wp\/v2\/pages\/27835\/revisions"}],"predecessor-version":[{"id":27923,"href":"https:\/\/westestetik.com\/es\/wp-json\/wp\/v2\/pages\/27835\/revisions\/27923"}],"wp:attachment":[{"href":"https:\/\/westestetik.com\/es\/wp-json\/wp\/v2\/media?parent=27835"}],"curies":[{"name":"wp","href":"https:\/\/api.w.org\/{rel}","templated":true}]}}