{"id":27830,"date":"2024-12-02T23:21:33","date_gmt":"2024-12-02T23:21:33","guid":{"rendered":"https:\/\/westestetik.com\/?page_id=27830"},"modified":"2024-12-25T10:55:21","modified_gmt":"2024-12-25T10:55:21","slug":"vaginoplastia","status":"publish","type":"page","link":"https:\/\/westestetik.com\/es\/vaginoplastia\/","title":{"rendered":"Vaginoplastia"},"content":{"rendered":"<div data-elementor-type=\"wp-page\" data-elementor-id=\"27830\" class=\"elementor elementor-27830\" data-elementor-post-type=\"page\">\n\t\t\t\t<div class=\"wd-negative-gap elementor-element elementor-element-e150b12 e-flex e-con-boxed e-con e-parent\" data-id=\"e150b12\" data-element_type=\"container\">\n\t\t\t\t\t<div class=\"e-con-inner\">\n\t\t\t\t<div class=\"elementor-element elementor-element-7286009 elementor-widget elementor-widget-image\" data-id=\"7286009\" data-element_type=\"widget\" data-widget_type=\"image.default\">\n\t\t\t\t<div class=\"elementor-widget-container\">\n\t\t\t\t\t\t\t\t\t\t\t\t\t\t\t<img fetchpriority=\"high\" decoding=\"async\" width=\"1300\" height=\"384\" src=\"https:\/\/westestetik.com\/wp-content\/uploads\/2024\/12\/Uygulama-1-1300x384.png\" class=\"attachment-large size-large wp-image-27725\" alt=\"Enfermedades\" srcset=\"https:\/\/westestetik.com\/wp-content\/uploads\/2024\/12\/Uygulama-1-1300x384.png 1300w, https:\/\/westestetik.com\/wp-content\/uploads\/2024\/12\/Uygulama-1-430x127.png 430w, https:\/\/westestetik.com\/wp-content\/uploads\/2024\/12\/Uygulama-1-150x44.png 150w, https:\/\/westestetik.com\/wp-content\/uploads\/2024\/12\/Uygulama-1-700x207.png 700w, https:\/\/westestetik.com\/wp-content\/uploads\/2024\/12\/Uygulama-1-400x118.png 400w, https:\/\/westestetik.com\/wp-content\/uploads\/2024\/12\/Uygulama-1-768x227.png 768w, https:\/\/westestetik.com\/wp-content\/uploads\/2024\/12\/Uygulama-1-1536x453.png 1536w, https:\/\/westestetik.com\/wp-content\/uploads\/2024\/12\/Uygulama-1-2048x604.png 2048w\" sizes=\"(max-width: 1300px) 100vw, 1300px\" \/>\t\t\t\t\t\t\t\t\t\t\t\t\t\t\t<\/div>\n\t\t\t\t<\/div>\n\t\t\t\t\t<\/div>\n\t\t\t\t<\/div>\n\t\t<div class=\"wd-negative-gap elementor-element elementor-element-3587e50 e-flex e-con-boxed e-con e-parent\" data-id=\"3587e50\" data-element_type=\"container\">\n\t\t\t\t\t<div class=\"e-con-inner\">\n\t\t\t\t<div class=\"elementor-element elementor-element-a13c185 color-scheme-inherit text-left elementor-widget elementor-widget-text-editor\" data-id=\"a13c185\" data-element_type=\"widget\" data-widget_type=\"text-editor.default\">\n\t\t\t\t<div class=\"elementor-widget-container\">\n\t\t\t\t\t\t\t\t\t<p><span style=\"font-weight: 400;\">La vaginoplastia es una intervenci\u00f3n quir\u00fargica para las necesidades est\u00e9ticas y funcionales genitales de la mujer. La p\u00e9rdida de elasticidad en la zona vaginal debida a razones como el aflojamiento vaginal posparto, el envejecimiento o factores gen\u00e9ticos puede provocar en la mujer molestias tanto fisiol\u00f3gicas como psicol\u00f3gicas. La vaginoplastia se realiza para solucionar estos problemas, tanto para aumentar la firmeza vaginal como para mejorar la satisfacci\u00f3n sexual. Esta cirug\u00eda aumenta la confianza de las mujeres en s\u00ed mismas y les ayuda a llevar una vida est\u00e9tica y funcionalmente m\u00e1s saludable.<\/span><\/p><h2><span style=\"font-weight: 400;\">\u00bfQu\u00e9 es la vaginoplastia y por qu\u00e9 se realiza?<\/span><\/h2><p><span style=\"font-weight: 400;\">La vaginoplastia es una intervenci\u00f3n quir\u00fargica que se realiza para corregir problemas est\u00e9ticos o funcionales de la zona vaginal de la mujer. Generalmente se prefiere tensar los tejidos vaginales que se aflojan tras el parto. Adem\u00e1s, la elasticidad de la vagina puede perderse por motivos como el envejecimiento, factores gen\u00e9ticos o p\u00e9rdida de peso. Adem\u00e1s de eliminar estos problemas, la vaginoplastia puede mejorar la salud sexual de la mujer y la confianza en s\u00ed misma.<\/span><\/p><h2><span style=\"font-weight: 400;\">\u00bfPara qui\u00e9n es adecuada la vaginoplastia?<\/span><\/h2><p><span style=\"font-weight: 400;\">La cirug\u00eda de vaginoplastia es adecuada para las mujeres que desean corregir la laxitud vaginal, la deformaci\u00f3n postparto, la debilidad de los m\u00fasculos p\u00e9lvicos o un cambio en la est\u00e9tica de la zona genital. Adem\u00e1s, las mujeres que sienten que no obtienen suficiente placer en las relaciones sexuales debido a la laxitud vaginal tambi\u00e9n pueden preferir la vaginoplastia. Sin embargo, esta cirug\u00eda s\u00f3lo se recomienda a pacientes con buena salud general y aptas para la intervenci\u00f3n quir\u00fargica.<\/span><\/p><h2><span style=\"font-weight: 400;\">\u00bfC\u00f3mo se realiza la vaginoplastia?<\/span><\/h2><p><span style=\"font-weight: 400;\">La vaginoplastia suele realizarse bajo anestesia general. El cirujano elimina el exceso de tejido y refuerza los m\u00fasculos circundantes para tensar las paredes vaginales. La duraci\u00f3n de la intervenci\u00f3n var\u00eda en funci\u00f3n del tipo de procedimiento realizado, pero suele durar entre 1 y 2 horas. Despu\u00e9s de la vaginoplastia, las mujeres pueden recuperar la firmeza de antes y llevar una vida sexual m\u00e1s satisfactoria.<\/span><\/p><h2><span style=\"font-weight: 400;\">\u00bfCu\u00e1nto dura el proceso de recuperaci\u00f3n tras una vaginoplastia?<\/span><\/h2><p><span style=\"font-weight: 400;\">El proceso de recuperaci\u00f3n tras una vaginoplastia var\u00eda de una persona a otra. Sin embargo, la mayor\u00eda de las pacientes pueden reincorporarse a sus actividades cotidianas en un plazo de 1 a 2 semanas despu\u00e9s de la intervenci\u00f3n. Durante los primeros d\u00edas puede haber un ligero dolor e hinchaz\u00f3n en la zona vaginal, pero suele remitir en poco tiempo. Es importante seguir las recomendaciones del m\u00e9dico durante el proceso de cicatrizaci\u00f3n; por ejemplo, se recomienda no mantener relaciones sexuales y evitar el ejercicio intenso durante las primeras semanas.<\/span><\/p><h2><span style=\"font-weight: 400;\">Precios y tarifas de la vaginoplastia<\/span><\/h2><p><span style=\"font-weight: 400;\">Los precios de la vaginoplastia pueden variar en funci\u00f3n de la intervenci\u00f3n realizada, la experiencia del cirujano y la regi\u00f3n geogr\u00e1fica donde se encuentre el hospital. Es importante obtener asesoramiento y presupuestos de un especialista para obtener informaci\u00f3n detallada. Es posible que el seguro m\u00e9dico no cubra este tipo de cirug\u00eda est\u00e9tica, por lo que puede ser necesario considerar opciones de pago personales.<\/span><\/p><h2><span style=\"font-weight: 400;\">Riesgos y complicaciones de la vaginoplastia<\/span><\/h2><p><span style=\"font-weight: 400;\">Como cualquier intervenci\u00f3n quir\u00fargica, la vaginoplastia conlleva algunos riesgos. Las complicaciones m\u00e1s frecuentes son infecciones, hemorragias y dolor durante la recuperaci\u00f3n. Sin embargo, las intervenciones de vaginoplastia realizadas por un cirujano experimentado suelen ser de bajo riesgo. Prestar atenci\u00f3n a las recomendaciones del m\u00e9dico antes y despu\u00e9s de la intervenci\u00f3n puede minimizar los riesgos de complicaciones.<\/span><\/p><h2><span style=\"font-weight: 400;\">\u00bfQu\u00e9 resultados est\u00e9ticos se consiguen con la vaginoplastia?<\/span><\/h2><p><span style=\"font-weight: 400;\">Gracias a la vaginoplastia, se corrigen los aflojamientos y deformaciones de la zona vaginal. De este modo, las mujeres tienen una estructura vaginal m\u00e1s firme y est\u00e9ticamente agradable. Las mujeres que obtienen m\u00e1s satisfacci\u00f3n y confianza en s\u00ed mismas en la vida sexual obtienen beneficios tanto f\u00edsicos como psicol\u00f3gicos con la vaginoplastia. La vaginoplastia tambi\u00e9n puede aplicarse para corregir im\u00e1genes est\u00e9ticamente desagradables en la zona genital.<\/span><\/p><h2><span style=\"font-weight: 400;\">El mejor momento para una vaginoplastia<\/span><\/h2><p><span style=\"font-weight: 400;\">El mejor momento para la cirug\u00eda de vaginoplastia suele ser en el periodo posparto o antes de la menopausia. La vaginoplastia es un paso importante para las mujeres que desean mejorar su vida sexual o corregir su est\u00e9tica genital. Sin embargo, es importante someterse a una evaluaci\u00f3n completa de la salud antes de la intervenci\u00f3n. El momento de la intervenci\u00f3n debe determinarse en funci\u00f3n de los objetivos personales y el estado de salud.<\/span><\/p><h2><span style=\"font-weight: 400;\">\u00bfCu\u00e1ndo comienza la vida sexual despu\u00e9s de una vaginoplastia?<\/span><\/h2><p><span style=\"font-weight: 400;\">El inicio de la vida sexual tras la vaginoplastia depende del proceso de cicatrizaci\u00f3n y de las recomendaciones del m\u00e9dico. La mayor\u00eda de las mujeres no deben mantener relaciones sexuales durante un periodo de hasta 6 semanas. Este periodo permite que los tejidos vaginales cicatricen y disminuya la sensibilidad. La decisi\u00f3n de iniciar las relaciones sexuales debe tomarse siguiendo las recomendaciones del m\u00e9dico.<\/span><\/p><h2><span style=\"font-weight: 400;\">Diferencias entre vaginoplastia y labioplastia<\/span><\/h2><p><span style=\"font-weight: 400;\">La principal diferencia entre la vaginoplastia y la labioplastia es que la zona tratada es distinta. La vaginoplastia se realiza para tensar los m\u00fasculos y tejidos vaginales, mientras que la labioplastia se centra en los cambios est\u00e9ticos del labio (labios genitales externos). Ambas intervenciones suelen realizarse con fines est\u00e9ticos y funcionales, pero la vaginoplastia proporciona un mayor estiramiento y mejora funcional de la zona vaginal.<\/span><\/p><p><br \/><br \/><\/p>\t\t\t\t\t\t\t\t<\/div>\n\t\t\t\t<\/div>\n\t\t\t\t\t<\/div>\n\t\t\t\t<\/div>\n\t\t\t\t<\/div>","protected":false},"excerpt":{"rendered":"<p>Vajinoplasti, kad\u0131nlar\u0131n genital estetik ve fonksiyonel ihtiya\u00e7lar\u0131na y\u00f6nelik uygulanan bir cerrahi m\u00fcdahaledir. Do\u011fum sonras\u0131 vajinal gev\u015feme, ya\u015flanma veya genetik fakt\u00f6rler<\/p>","protected":false},"author":1,"featured_media":0,"parent":0,"menu_order":0,"comment_status":"closed","ping_status":"closed","template":"","meta":{"footnotes":""},"class_list":["post-27830","page","type-page","status-publish","hentry"],"_links":{"self":[{"href":"https:\/\/westestetik.com\/es\/wp-json\/wp\/v2\/pages\/27830","targetHints":{"allow":["GET"]}}],"collection":[{"href":"https:\/\/westestetik.com\/es\/wp-json\/wp\/v2\/pages"}],"about":[{"href":"https:\/\/westestetik.com\/es\/wp-json\/wp\/v2\/types\/page"}],"author":[{"embeddable":true,"href":"https:\/\/westestetik.com\/es\/wp-json\/wp\/v2\/users\/1"}],"replies":[{"embeddable":true,"href":"https:\/\/westestetik.com\/es\/wp-json\/wp\/v2\/comments?post=27830"}],"version-history":[{"count":4,"href":"https:\/\/westestetik.com\/es\/wp-json\/wp\/v2\/pages\/27830\/revisions"}],"predecessor-version":[{"id":27920,"href":"https:\/\/westestetik.com\/es\/wp-json\/wp\/v2\/pages\/27830\/revisions\/27920"}],"wp:attachment":[{"href":"https:\/\/westestetik.com\/es\/wp-json\/wp\/v2\/media?parent=27830"}],"curies":[{"name":"wp","href":"https:\/\/api.w.org\/{rel}","templated":true}]}}