{"id":27828,"date":"2024-12-02T23:19:55","date_gmt":"2024-12-02T23:19:55","guid":{"rendered":"https:\/\/westestetik.com\/?page_id=27828"},"modified":"2024-12-02T23:21:04","modified_gmt":"2024-12-02T23:21:04","slug":"labioplasti-ve-vajinoplasti","status":"publish","type":"page","link":"https:\/\/westestetik.com\/es\/labioplasti-ve-vajinoplasti\/","title":{"rendered":"Labioplastia y vaginoplastia"},"content":{"rendered":"<div data-elementor-type=\"wp-page\" data-elementor-id=\"27828\" class=\"elementor elementor-27828\" data-elementor-post-type=\"page\">\n\t\t\t\t<div class=\"wd-negative-gap elementor-element elementor-element-e150b12 e-flex e-con-boxed e-con e-parent\" data-id=\"e150b12\" data-element_type=\"container\">\n\t\t\t\t\t<div class=\"e-con-inner\">\n\t\t\t\t<div class=\"elementor-element elementor-element-7286009 elementor-widget elementor-widget-image\" data-id=\"7286009\" data-element_type=\"widget\" data-widget_type=\"image.default\">\n\t\t\t\t<div class=\"elementor-widget-container\">\n\t\t\t\t\t\t\t\t\t\t\t\t\t\t\t<img fetchpriority=\"high\" decoding=\"async\" width=\"1300\" height=\"384\" src=\"https:\/\/westestetik.com\/wp-content\/uploads\/2024\/12\/Uygulama-1-1300x384.png\" class=\"attachment-large size-large wp-image-27725\" alt=\"Enfermedades\" srcset=\"https:\/\/westestetik.com\/wp-content\/uploads\/2024\/12\/Uygulama-1-1300x384.png 1300w, https:\/\/westestetik.com\/wp-content\/uploads\/2024\/12\/Uygulama-1-430x127.png 430w, https:\/\/westestetik.com\/wp-content\/uploads\/2024\/12\/Uygulama-1-150x44.png 150w, https:\/\/westestetik.com\/wp-content\/uploads\/2024\/12\/Uygulama-1-700x207.png 700w, https:\/\/westestetik.com\/wp-content\/uploads\/2024\/12\/Uygulama-1-400x118.png 400w, https:\/\/westestetik.com\/wp-content\/uploads\/2024\/12\/Uygulama-1-768x227.png 768w, https:\/\/westestetik.com\/wp-content\/uploads\/2024\/12\/Uygulama-1-1536x453.png 1536w, https:\/\/westestetik.com\/wp-content\/uploads\/2024\/12\/Uygulama-1-2048x604.png 2048w\" sizes=\"(max-width: 1300px) 100vw, 1300px\" \/>\t\t\t\t\t\t\t\t\t\t\t\t\t\t\t<\/div>\n\t\t\t\t<\/div>\n\t\t\t\t\t<\/div>\n\t\t\t\t<\/div>\n\t\t<div class=\"wd-negative-gap elementor-element elementor-element-fc477f8 e-grid e-con-boxed e-con e-parent\" data-id=\"fc477f8\" data-element_type=\"container\">\n\t\t\t\t\t<div class=\"e-con-inner\">\n\t\t\t\t<div class=\"elementor-element elementor-element-c2ad78f color-scheme-inherit text-left elementor-widget elementor-widget-text-editor\" data-id=\"c2ad78f\" data-element_type=\"widget\" data-widget_type=\"text-editor.default\">\n\t\t\t\t<div class=\"elementor-widget-container\">\n\t\t\t\t\t\t\t\t\t<h2><span style=\"font-weight: 400;\">\u00bfC\u00f3mo se realiza la cirug\u00eda brasile\u00f1a de lifting de gl\u00fateos?<\/span><\/h2><p><span style=\"font-weight: 400;\">La cirug\u00eda brasile\u00f1a de lifting de gl\u00fateos es uno de los procedimientos m\u00e1s populares en el campo de la est\u00e9tica, realizado mediante el m\u00e9todo de transferencia de grasa (lipofilling). Este procedimiento se realiza transfiriendo el exceso de grasa de ciertas partes del cuerpo a los gl\u00fateos. El lifting brasile\u00f1o de gl\u00fateos consta de dos etapas. En la primera, se elimina el exceso de grasa mediante liposucci\u00f3n. Estas grasas, que suelen extraerse de la cintura, el abdomen, las caderas o la cara interna de las piernas, se purifican mediante un proceso especial. Las c\u00e9lulas grasas purificadas se inyectan cuidadosamente en la zona de los gl\u00fateos.<\/span><\/p><p><span style=\"font-weight: 400;\">Durante la inyecci\u00f3n de grasa, el cirujano presta atenci\u00f3n a los puntos estrat\u00e9gicos para dar a los gl\u00fateos un aspecto regordete y natural. De este modo, los gl\u00fateos quedan m\u00e1s perfilados y armonizados con el contorno corporal. La operaci\u00f3n de lifting brasile\u00f1o de gl\u00fateos suele realizarse bajo anestesia general y dura entre 2 y 4 horas. Durante la operaci\u00f3n, tambi\u00e9n se pueden moldear otras partes del cuerpo al mismo tiempo, de modo que el aspecto de los gl\u00fateos sea m\u00e1s prominente.<\/span><\/p>\t\t\t\t\t\t\t\t<\/div>\n\t\t\t\t<\/div>\n\t\t\t\t<div class=\"elementor-element elementor-element-e509358 color-scheme-inherit text-left elementor-widget elementor-widget-text-editor\" data-id=\"e509358\" data-element_type=\"widget\" data-widget_type=\"text-editor.default\">\n\t\t\t\t<div class=\"elementor-widget-container\">\n\t\t\t\t\t\t\t\t\t<h2><span style=\"font-weight: 400;\">\u00bfQui\u00e9n puede someterse a una operaci\u00f3n brasile\u00f1a de lifting de gl\u00fateos?<\/span><\/h2><p><span style=\"font-weight: 400;\">El lifting brasile\u00f1o de gl\u00fateos es ideal para las personas que tienen problemas de plenitud y deformidad en la zona de los gl\u00fateos. Si sus gl\u00fateos son planos, est\u00e1n ca\u00eddos o han perdido volumen, esta operaci\u00f3n puede ser para usted. Sin embargo, existen algunos criterios para ser un candidato adecuado para la cirug\u00eda:<\/span><\/p><ul><li><span style=\"font-weight: 400;\">Ingesta suficiente de grasa en el organismo.<\/span><\/li><li><span style=\"font-weight: 400;\">Su estado general de salud es bueno.<\/span><\/li><li><span style=\"font-weight: 400;\">La elasticidad de su piel est\u00e1 al nivel necesario para soportar la forma postoperatoria.<\/span><\/li><li><span style=\"font-weight: 400;\">Tenga expectativas realistas.<\/span><\/li><\/ul><p><span style=\"font-weight: 400;\">Si usted es muy delgada y no tiene suficiente tejido graso en su cuerpo, la cirug\u00eda brasile\u00f1a de lifting de gl\u00fateos puede no ser adecuada para usted. En su lugar, puede ser necesario considerar otros m\u00e9todos est\u00e9ticos.<\/span><\/p>\t\t\t\t\t\t\t\t<\/div>\n\t\t\t\t<\/div>\n\t\t\t\t\t<\/div>\n\t\t\t\t<\/div>\n\t\t<div class=\"wd-negative-gap elementor-element elementor-element-ea4a1a7 e-grid e-con-boxed e-con e-parent\" data-id=\"ea4a1a7\" data-element_type=\"container\">\n\t\t\t\t\t<div class=\"e-con-inner\">\n\t\t\t\t<div class=\"elementor-element elementor-element-2a18f96 color-scheme-inherit text-left elementor-widget elementor-widget-text-editor\" data-id=\"2a18f96\" data-element_type=\"widget\" data-widget_type=\"text-editor.default\">\n\t\t\t\t<div class=\"elementor-widget-container\">\n\t\t\t\t\t\t\t\t\t<h2><span style=\"font-weight: 400;\">\u00bfCu\u00e1les son las ventajas del lifting brasile\u00f1o de gl\u00fateos?<\/span><\/h2><p><span style=\"font-weight: 400;\">La cirug\u00eda de lifting de gl\u00fateos brasile\u00f1a ofrece muchas ventajas en comparaci\u00f3n con otros procedimientos est\u00e9ticos:<\/span><\/p><ul><li><span style=\"font-weight: 400;\">Proporciona un aspecto natural y est\u00e9tico: Aumenta el volumen de los gl\u00fateos y armoniza con el contorno corporal.<\/span><\/li><li><span style=\"font-weight: 400;\">Moldea el cuerpo: La grasa eliminada durante la liposucci\u00f3n permite afinar la cintura y el abdomen, por lo que se consigue un aspecto m\u00e1s curvil\u00edneo.<\/span><\/li><li><span style=\"font-weight: 400;\">Ofrece resultados permanentes: Se obtienen resultados a largo plazo cuando se controla el peso tras la cirug\u00eda.<\/span><\/li><li><span style=\"font-weight: 400;\">Crea un relleno natural: Como se utiliza su propio tejido adiposo en lugar de rellenos, se obtiene un resultado totalmente compatible con su cuerpo.<\/span><\/li><\/ul><p><span style=\"font-weight: 400;\">Estas ventajas le ayudar\u00e1n a optimizar las proporciones de su cuerpo y a alcanzar sus objetivos est\u00e9ticos.<\/span><\/p>\t\t\t\t\t\t\t\t<\/div>\n\t\t\t\t<\/div>\n\t\t\t\t<div class=\"elementor-element elementor-element-0aa6620 color-scheme-inherit text-left elementor-widget elementor-widget-text-editor\" data-id=\"0aa6620\" data-element_type=\"widget\" data-widget_type=\"text-editor.default\">\n\t\t\t\t<div class=\"elementor-widget-container\">\n\t\t\t\t\t\t\t\t\t<h2><span style=\"font-weight: 400;\">Proceso de recuperaci\u00f3n tras el lifting brasile\u00f1o de gl\u00fateos<\/span><\/h2><p><span style=\"font-weight: 400;\">El proceso de recuperaci\u00f3n tras una operaci\u00f3n brasile\u00f1a de lifting de gl\u00fateos afecta directamente al \u00e9xito de los resultados. Durante los primeros d\u00edas, los pacientes suelen utilizar una almohada especial para gl\u00fateos. Esta almohada permite sentarse sin presi\u00f3n directa sobre los gl\u00fateos.<\/span><\/p><p><span style=\"font-weight: 400;\">En las primeras semanas pueden aparecer efectos secundarios como hinchaz\u00f3n y hematomas. Esto es completamente normal y suele desaparecer en 2-3 semanas. Los siguientes puntos deben tenerse en cuenta despu\u00e9s de la cirug\u00eda de lifting de gl\u00fateos brasile\u00f1o:<\/span><\/p><ul><li><span style=\"font-weight: 400;\">No debe sentarse directamente sobre las nalgas durante 2-3 semanas despu\u00e9s de la operaci\u00f3n.<\/span><\/li><li><span style=\"font-weight: 400;\">La actividad f\u00edsica debe limitarse durante las primeras semanas.<\/span><\/li><li><span style=\"font-weight: 400;\">El uso de una prenda de compresi\u00f3n ayuda a cicatrizar la zona quir\u00fargica y reduce la hinchaz\u00f3n.<\/span><\/li><\/ul><p><span style=\"font-weight: 400;\">Sonu\u00e7lar tam anlam\u0131yla 3-6 ay aras\u0131nda ortaya \u00e7\u0131kar. Bu s\u00fcre zarf\u0131nda, ya\u011f dokusunun %70-80\u2019i kal\u0131c\u0131 hale gelir.<\/span><\/p>\t\t\t\t\t\t\t\t<\/div>\n\t\t\t\t<\/div>\n\t\t\t\t\t<\/div>\n\t\t\t\t<\/div>\n\t\t<div class=\"wd-negative-gap elementor-element elementor-element-38fd2e4 e-grid e-con-boxed e-con e-parent\" data-id=\"38fd2e4\" data-element_type=\"container\">\n\t\t\t\t\t<div class=\"e-con-inner\">\n\t\t\t\t<div class=\"elementor-element elementor-element-f50b5dc color-scheme-inherit text-left elementor-widget elementor-widget-text-editor\" data-id=\"f50b5dc\" data-element_type=\"widget\" data-widget_type=\"text-editor.default\">\n\t\t\t\t<div class=\"elementor-widget-container\">\n\t\t\t\t\t\t\t\t\t<h2><span style=\"font-weight: 400;\">Preparaci\u00f3n y precauciones preoperatorias<\/span><\/h2><p><span style=\"font-weight: 400;\">Debe seguir cuidadosamente las instrucciones de su cirujano antes de la operaci\u00f3n de lifting brasile\u00f1o de gl\u00fateos. A continuaci\u00f3n se indican algunos preparativos que deben realizarse antes del lifting brasile\u00f1o de gl\u00fateos:<\/span><\/p><ul><li><span style=\"font-weight: 400;\">Si fuma, se recomienda dejar de fumar al menos 4 semanas antes de la operaci\u00f3n.<\/span><\/li><li><span style=\"font-weight: 400;\">Los anticoagulantes deben suspenderse al menos 10 d\u00edas antes de la intervenci\u00f3n.<\/span><\/li><li><span style=\"font-weight: 400;\">Beber mucha agua y seguir una dieta sana preparar\u00e1 su cuerpo para la cirug\u00eda.<\/span><\/li><\/ul><p><span style=\"font-weight: 400;\">Si sigue estos pasos, podr\u00e1 realizar la operaci\u00f3n sin problemas.<\/span><\/p>\t\t\t\t\t\t\t\t<\/div>\n\t\t\t\t<\/div>\n\t\t\t\t<div class=\"elementor-element elementor-element-b2df946 color-scheme-inherit text-left elementor-widget elementor-widget-text-editor\" data-id=\"b2df946\" data-element_type=\"widget\" data-widget_type=\"text-editor.default\">\n\t\t\t\t<div class=\"elementor-widget-container\">\n\t\t\t\t\t\t\t\t\t<h2><span style=\"font-weight: 400;\">Precios de la cirug\u00eda brasile\u00f1a de lifting de gl\u00fateos<\/span><\/h2><p><span style=\"font-weight: 400;\">Brezilya popo kald\u0131rma ameliyat\u0131 fiyatlar\u0131, pek \u00e7ok fakt\u00f6re ba\u011fl\u0131 olarak de\u011fi\u015fiklik g\u00f6stermektedir. Cerrah\u0131n deneyimi, ameliyat\u0131n ger\u00e7ekle\u015ftirilece\u011fi klinik, kullan\u0131lan teknikler ve operasyon s\u0131ras\u0131nda liposuction uygulanacak b\u00f6lgelerin say\u0131s\u0131, fiyat\u0131 etkileyen ba\u015fl\u0131ca unsurlard\u0131r. Ayr\u0131ca, ameliyat s\u0131ras\u0131nda transfer edilecek ya\u011f miktar\u0131 da maliyeti belirleyen \u00f6nemli bir kriterdir. Ki\u015fiye \u00f6zel bir de\u011ferlendirme yap\u0131lmadan net bir fiyat belirlemek m\u00fcmk\u00fcn de\u011fildir. Bu nedenle, detayl\u0131 bir dan\u0131\u015fmanl\u0131k alarak<\/span><\/p>\t\t\t\t\t\t\t\t<\/div>\n\t\t\t\t<\/div>\n\t\t\t\t\t<\/div>\n\t\t\t\t<\/div>\n\t\t\t\t<\/div>","protected":false},"excerpt":{"rendered":"<p>Brezilya Popo Kald\u0131rma Ameliyat\u0131 Nas\u0131l Yap\u0131l\u0131r? Brezilya popo kald\u0131rma ameliyat\u0131, ya\u011f transferi (lipofilling) y\u00f6ntemiyle yap\u0131lan ve estetik alan\u0131ndaki en pop\u00fcler<\/p>","protected":false},"author":1,"featured_media":0,"parent":0,"menu_order":0,"comment_status":"closed","ping_status":"closed","template":"","meta":{"footnotes":""},"class_list":["post-27828","page","type-page","status-publish","hentry"],"_links":{"self":[{"href":"https:\/\/westestetik.com\/es\/wp-json\/wp\/v2\/pages\/27828","targetHints":{"allow":["GET"]}}],"collection":[{"href":"https:\/\/westestetik.com\/es\/wp-json\/wp\/v2\/pages"}],"about":[{"href":"https:\/\/westestetik.com\/es\/wp-json\/wp\/v2\/types\/page"}],"author":[{"embeddable":true,"href":"https:\/\/westestetik.com\/es\/wp-json\/wp\/v2\/users\/1"}],"replies":[{"embeddable":true,"href":"https:\/\/westestetik.com\/es\/wp-json\/wp\/v2\/comments?post=27828"}],"version-history":[{"count":1,"href":"https:\/\/westestetik.com\/es\/wp-json\/wp\/v2\/pages\/27828\/revisions"}],"predecessor-version":[{"id":27829,"href":"https:\/\/westestetik.com\/es\/wp-json\/wp\/v2\/pages\/27828\/revisions\/27829"}],"wp:attachment":[{"href":"https:\/\/westestetik.com\/es\/wp-json\/wp\/v2\/media?parent=27828"}],"curies":[{"name":"wp","href":"https:\/\/api.w.org\/{rel}","templated":true}]}}