{"id":27806,"date":"2024-12-02T23:09:50","date_gmt":"2024-12-02T23:09:50","guid":{"rendered":"https:\/\/westestetik.com\/?page_id=27806"},"modified":"2024-12-25T10:54:15","modified_gmt":"2024-12-25T10:54:15","slug":"relleno-de-pomulos","status":"publish","type":"page","link":"https:\/\/westestetik.com\/es\/relleno-de-pomulos\/","title":{"rendered":"Relleno de p\u00f3mulos"},"content":{"rendered":"<div data-elementor-type=\"wp-page\" data-elementor-id=\"27806\" class=\"elementor elementor-27806\" data-elementor-post-type=\"page\">\n\t\t\t\t<div class=\"wd-negative-gap elementor-element elementor-element-e150b12 e-flex e-con-boxed e-con e-parent\" data-id=\"e150b12\" data-element_type=\"container\">\n\t\t\t\t\t<div class=\"e-con-inner\">\n\t\t\t\t<div class=\"elementor-element elementor-element-7286009 elementor-widget elementor-widget-image\" data-id=\"7286009\" data-element_type=\"widget\" data-widget_type=\"image.default\">\n\t\t\t\t<div class=\"elementor-widget-container\">\n\t\t\t\t\t\t\t\t\t\t\t\t\t\t\t<img fetchpriority=\"high\" decoding=\"async\" width=\"1300\" height=\"384\" src=\"https:\/\/westestetik.com\/wp-content\/uploads\/2024\/12\/Uygulama-1-1300x384.png\" class=\"attachment-large size-large wp-image-27725\" alt=\"Enfermedades\" srcset=\"https:\/\/westestetik.com\/wp-content\/uploads\/2024\/12\/Uygulama-1-1300x384.png 1300w, https:\/\/westestetik.com\/wp-content\/uploads\/2024\/12\/Uygulama-1-430x127.png 430w, https:\/\/westestetik.com\/wp-content\/uploads\/2024\/12\/Uygulama-1-150x44.png 150w, https:\/\/westestetik.com\/wp-content\/uploads\/2024\/12\/Uygulama-1-700x207.png 700w, https:\/\/westestetik.com\/wp-content\/uploads\/2024\/12\/Uygulama-1-400x118.png 400w, https:\/\/westestetik.com\/wp-content\/uploads\/2024\/12\/Uygulama-1-768x227.png 768w, https:\/\/westestetik.com\/wp-content\/uploads\/2024\/12\/Uygulama-1-1536x453.png 1536w, https:\/\/westestetik.com\/wp-content\/uploads\/2024\/12\/Uygulama-1-2048x604.png 2048w\" sizes=\"(max-width: 1300px) 100vw, 1300px\" \/>\t\t\t\t\t\t\t\t\t\t\t\t\t\t\t<\/div>\n\t\t\t\t<\/div>\n\t\t\t\t\t<\/div>\n\t\t\t\t<\/div>\n\t\t<div class=\"wd-negative-gap elementor-element elementor-element-5be8f54 e-flex e-con-boxed e-con e-parent\" data-id=\"5be8f54\" data-element_type=\"container\">\n\t\t\t\t\t<div class=\"e-con-inner\">\n\t\t\t\t<div class=\"elementor-element elementor-element-e77e90f color-scheme-inherit text-left elementor-widget elementor-widget-text-editor\" data-id=\"e77e90f\" data-element_type=\"widget\" data-widget_type=\"text-editor.default\">\n\t\t\t\t<div class=\"elementor-widget-container\">\n\t\t\t\t\t\t\t\t\t<p><span style=\"font-weight: 400;\">El relleno de p\u00f3mulos es una popular aplicaci\u00f3n est\u00e9tica preferida para hacer m\u00e1s prominentes y est\u00e9ticos los contornos faciales. Este procedimiento, preferido especialmente por las personas que han perdido volumen debido al envejecimiento o que desean tener un rostro m\u00e1s sim\u00e9trico, ofrece una soluci\u00f3n r\u00e1pida y eficaz sin necesidad de intervenci\u00f3n quir\u00fargica. Los rellenos como el \u00e1cido hialur\u00f3nico se utilizan para a\u00f1adir volumen a los p\u00f3mulos, lo que da como resultado unos rasgos faciales m\u00e1s j\u00f3venes, vibrantes y equilibrados. El relleno de p\u00f3mulos, preferido tanto por mujeres como por hombres, destaca por su m\u00ednimo dolor y su r\u00e1pido proceso de cicatrizaci\u00f3n.\u00a0<\/span><\/p><h2><span style=\"font-weight: 400;\">\u00bfQu\u00e9 es el relleno de p\u00f3mulos y c\u00f3mo se hace?<\/span><\/h2><p><span style=\"font-weight: 400;\">El aumento de p\u00f3mulos es un procedimiento no quir\u00fargico que se realiza para mejorar el contorno facial y conseguir un aspecto m\u00e1s est\u00e9tico. En este procedimiento, se utiliza \u00e1cido hialur\u00f3nico o rellenos similares para a\u00f1adir volumen a los p\u00f3mulos. Gracias al relleno de p\u00f3mulos, el rostro adquiere un aspecto m\u00e1s joven y sim\u00e9trico. El procedimiento suele realizarse en poco tiempo y no requiere anestesia, por lo que los pacientes pueden continuar con su vida cotidiana de inmediato. La aplicaci\u00f3n es realizada cuidadosamente por m\u00e9dicos especializados, con lo que se consigue un resultado natural y armonioso.<\/span><\/p><h2><span style=\"font-weight: 400;\">\u00bfPara qui\u00e9n es adecuado el relleno de p\u00f3mulos?<\/span><\/h2><p><span style=\"font-weight: 400;\">El relleno de p\u00f3mulos es un m\u00e9todo de tratamiento adecuado especialmente para las personas que experimentan p\u00e9rdida de contorno facial, flacidez debida al envejecimiento y p\u00e9rdida de volumen. Adem\u00e1s, las personas que desean unos p\u00f3mulos m\u00e1s prominentes tambi\u00e9n pueden beneficiarse de este procedimiento. En consonancia con sus objetivos est\u00e9ticos, los j\u00f3venes que desean que sus rasgos faciales sean m\u00e1s sim\u00e9tricos tambi\u00e9n pueden preferir este tratamiento. Sin embargo, el procedimiento de relleno puede no ser adecuado para todo el mundo; por ejemplo, este procedimiento puede no ser recomendable para personas con antecedentes de reacciones al\u00e9rgicas y algunos problemas de salud.<\/span><\/p><h2><span style=\"font-weight: 400;\">\u00bfQu\u00e9 resultados se obtienen con el relleno de p\u00f3mulos?<\/span><\/h2><p><span style=\"font-weight: 400;\">El relleno de p\u00f3mulos ayuda a crear claridad en el contorno facial, reducir la flacidez y mejorar la simetr\u00eda general del rostro. Gracias a este procedimiento, los p\u00f3mulos se vuelven m\u00e1s prominentes y la l\u00ednea de la mand\u00edbula adquiere un aspecto m\u00e1s est\u00e9tico. Adem\u00e1s, la piel, que se ha descolgado por el envejecimiento debido a la p\u00e9rdida de volumen, se tensa con rellenos y se obtiene un aspecto m\u00e1s joven. Estos resultados se funden con la belleza natural de la persona, creando una integridad est\u00e9tica.<\/span><\/p><h2><span style=\"font-weight: 400;\">\u00bfDurante cu\u00e1nto tiempo es permanente el relleno de p\u00f3mulos?<\/span><\/h2><p><span style=\"font-weight: 400;\">Los resultados del relleno de p\u00f3mulos suelen ser permanentes durante un periodo que oscila entre 6 meses y 2 a\u00f1os. Factores como el tipo de relleno utilizado, la estructura de la piel y el estilo de vida de la persona pueden afectar a la permanencia. Los rellenos a base de \u00e1cido hialur\u00f3nico suelen mostrar su efecto entre 6 y 12 meses, mientras que otros rellenos pueden dar resultados m\u00e1s duraderos. Este periodo puede ampliarse con procedimientos regulares de mantenimiento y renovaci\u00f3n a intervalos necesarios.<\/span><\/p><h2><span style=\"font-weight: 400;\">\u00bfEs doloroso el relleno de p\u00f3mulos?<\/span><\/h2><p><span style=\"font-weight: 400;\">El relleno de p\u00f3mulos suele ser un procedimiento indoloro. Se aplica una crema anest\u00e9sica local antes de la intervenci\u00f3n y el paciente puede someterse a ella sin problemas. La mayor\u00eda de las personas sienten la inyecci\u00f3n del relleno, pero esto no suele ser inc\u00f3modo. Adem\u00e1s, una ligera aplicaci\u00f3n de hielo sobre los rellenos utilizados tambi\u00e9n puede reducir el dolor. Despu\u00e9s del procedimiento, puede haber una m\u00ednima hinchaz\u00f3n o hematoma, pero esto es temporal y desaparece en pocos d\u00edas.<\/span><\/p><h2><span style=\"font-weight: 400;\">\u00bfCu\u00e1l es el proceso de recuperaci\u00f3n tras un relleno de p\u00f3mulos?<\/span><\/h2><p><span style=\"font-weight: 400;\">El proceso de cicatrizaci\u00f3n tras un relleno de p\u00f3mulos es bastante r\u00e1pido. La mayor\u00eda de los pacientes pueden retomar sus actividades cotidianas inmediatamente despu\u00e9s de la intervenci\u00f3n. Puede aparecer una ligera hinchaz\u00f3n o hematoma en el lugar de la inyecci\u00f3n, pero suele desaparecer en unos d\u00edas. Tras la intervenci\u00f3n, se aconseja a los pacientes que no lleven maquillaje y eviten el contacto con ambientes extremadamente fr\u00edos o calientes durante las primeras 24-48 horas. Adem\u00e1s, las compresas fr\u00edas pueden ser \u00fatiles para reducir la hinchaz\u00f3n. El proceso de cicatrizaci\u00f3n suele ser r\u00e1pido y sin complicaciones.<\/span><\/p><h2><span style=\"font-weight: 400;\">\u00bfCu\u00e1nto cuesta el relleno de p\u00f3mulos?<\/span><\/h2><p><span style=\"font-weight: 400;\">Los precios del relleno de p\u00f3mulos pueden variar en funci\u00f3n del tipo de relleno utilizado, la zona a aplicar y la experiencia del m\u00e9dico. Sin embargo, como las necesidades de cada persona son diferentes, los precios se determinan tras una planificaci\u00f3n y evaluaci\u00f3n personalizadas. Los paquetes y promociones ofrecidos por las cl\u00ednicas tambi\u00e9n pueden afectar a los precios.<\/span><\/p><h2><span style=\"font-weight: 400;\">\u00bfQu\u00e9 hay que tener en cuenta antes y despu\u00e9s del relleno de p\u00f3mulos?<\/span><\/h2><p><span style=\"font-weight: 400;\">Antes de un relleno de p\u00f3mulos, es importante informarse detalladamente sobre la intervenci\u00f3n y mantener una entrevista pormenorizada con su m\u00e9dico. Tambi\u00e9n ser\u00e1 \u00fatil informarse sobre el tipo de relleno que se utilizar\u00e1 durante la intervenci\u00f3n. Tras la intervenci\u00f3n, deber\u00e1 seguir las recomendaciones de su m\u00e9dico. Deben aplicarse compresas fr\u00edas para prevenir la hinchaz\u00f3n y los hematomas y deben evitarse los ejercicios pesados durante los primeros d\u00edas. Adem\u00e1s, fumar y consumir alcohol pueden afectar negativamente al proceso de cicatrizaci\u00f3n.<\/span><\/p><h2><span style=\"font-weight: 400;\">\u00bfCu\u00e1l es la eficacia del relleno de p\u00f3mulos para la est\u00e9tica facial?<\/span><\/h2><p><span style=\"font-weight: 400;\">El relleno de p\u00f3mulos es extremadamente eficaz para mejorar la est\u00e9tica facial y embellecer el aspecto natural. Al compensar la p\u00e9rdida de volumen del rostro, crea l\u00edneas m\u00e1s sim\u00e9tricas y definidas en zonas como el ment\u00f3n, los p\u00f3mulos y la mand\u00edbula. Este procedimiento ofrece una soluci\u00f3n r\u00e1pida y eficaz, ya que no requiere intervenci\u00f3n quir\u00fargica. El relleno de p\u00f3mulos, que es una opci\u00f3n preferida para la est\u00e9tica facial, contribuye a la comprensi\u00f3n de la belleza con resultados naturales.<\/span><\/p><h2><span style=\"font-weight: 400;\">\u00bfCu\u00e1les son los efectos secundarios del relleno de p\u00f3mulos?<\/span><\/h2><p><span style=\"font-weight: 400;\">Aunque el relleno de p\u00f3mulos suele ser un procedimiento seguro, algunas personas pueden experimentar efectos secundarios. Los efectos secundarios m\u00e1s frecuentes son hinchaz\u00f3n, hematomas, dolor leve y enrojecimiento en el lugar de la inyecci\u00f3n. Estos efectos son temporales y suelen desaparecer a los pocos d\u00edas. En raras ocasiones pueden producirse reacciones al\u00e9rgicas o infecciones. Sin embargo, estas complicaciones son muy poco probables si las administra un m\u00e9dico cualificado.<\/span><\/p><h2><span style=\"font-weight: 400;\">\u00bfPor qu\u00e9 m\u00e9todos se aplica el relleno de p\u00f3mulos?<\/span><\/h2><p><span style=\"font-weight: 400;\">El relleno de p\u00f3mulos suele ser un procedimiento con aguja y se realiza con anestesia local. El relleno se inyecta cuidadosamente en zonas espec\u00edficas de la cara. Las agujas utilizadas durante el procedimiento son finas, indoloras y las molestias son m\u00ednimas. Adem\u00e1s, la estructura de los rellenos utilizados en el procedimiento garantiza unos resultados naturales. Algunas cl\u00ednicas pretenden conseguir resultados m\u00e1s precisos utilizando equipos tecnol\u00f3gicos como aparatos de ultrasonidos durante el procedimiento.<\/span><\/p><p>\u00a0<\/p>\t\t\t\t\t\t\t\t<\/div>\n\t\t\t\t<\/div>\n\t\t\t\t\t<\/div>\n\t\t\t\t<\/div>\n\t\t\t\t<\/div>","protected":false},"excerpt":{"rendered":"<p>Elmac\u0131k kemi\u011fi dolgusu, y\u00fcz hatlar\u0131n\u0131 daha belirgin ve estetik hale getirmek i\u00e7in tercih edilen pop\u00fcler bir estetik uygulamad\u0131r. \u00d6zellikle ya\u015flanma<\/p>","protected":false},"author":1,"featured_media":0,"parent":0,"menu_order":0,"comment_status":"closed","ping_status":"closed","template":"","meta":{"footnotes":""},"class_list":["post-27806","page","type-page","status-publish","hentry"],"_links":{"self":[{"href":"https:\/\/westestetik.com\/es\/wp-json\/wp\/v2\/pages\/27806","targetHints":{"allow":["GET"]}}],"collection":[{"href":"https:\/\/westestetik.com\/es\/wp-json\/wp\/v2\/pages"}],"about":[{"href":"https:\/\/westestetik.com\/es\/wp-json\/wp\/v2\/types\/page"}],"author":[{"embeddable":true,"href":"https:\/\/westestetik.com\/es\/wp-json\/wp\/v2\/users\/1"}],"replies":[{"embeddable":true,"href":"https:\/\/westestetik.com\/es\/wp-json\/wp\/v2\/comments?post=27806"}],"version-history":[{"count":4,"href":"https:\/\/westestetik.com\/es\/wp-json\/wp\/v2\/pages\/27806\/revisions"}],"predecessor-version":[{"id":27914,"href":"https:\/\/westestetik.com\/es\/wp-json\/wp\/v2\/pages\/27806\/revisions\/27914"}],"wp:attachment":[{"href":"https:\/\/westestetik.com\/es\/wp-json\/wp\/v2\/media?parent=27806"}],"curies":[{"name":"wp","href":"https:\/\/api.w.org\/{rel}","templated":true}]}}