{"id":27801,"date":"2024-12-02T23:09:13","date_gmt":"2024-12-02T23:09:13","guid":{"rendered":"https:\/\/westestetik.com\/?page_id=27801"},"modified":"2024-12-25T10:54:04","modified_gmt":"2024-12-25T10:54:04","slug":"estetica-de-orejas-prominentes","status":"publish","type":"page","link":"https:\/\/westestetik.com\/es\/estetica-de-orejas-prominentes\/","title":{"rendered":"Est\u00e9tica de orejas prominentes"},"content":{"rendered":"<div data-elementor-type=\"wp-page\" data-elementor-id=\"27801\" class=\"elementor elementor-27801\" data-elementor-post-type=\"page\">\n\t\t\t\t<div class=\"wd-negative-gap elementor-element elementor-element-e150b12 e-flex e-con-boxed e-con e-parent\" data-id=\"e150b12\" data-element_type=\"container\">\n\t\t\t\t\t<div class=\"e-con-inner\">\n\t\t\t\t<div class=\"elementor-element elementor-element-7286009 elementor-widget elementor-widget-image\" data-id=\"7286009\" data-element_type=\"widget\" data-widget_type=\"image.default\">\n\t\t\t\t<div class=\"elementor-widget-container\">\n\t\t\t\t\t\t\t\t\t\t\t\t\t\t\t<img fetchpriority=\"high\" decoding=\"async\" width=\"1300\" height=\"384\" src=\"https:\/\/westestetik.com\/wp-content\/uploads\/2024\/12\/Uygulama-1-1300x384.png\" class=\"attachment-large size-large wp-image-27725\" alt=\"Enfermedades\" srcset=\"https:\/\/westestetik.com\/wp-content\/uploads\/2024\/12\/Uygulama-1-1300x384.png 1300w, https:\/\/westestetik.com\/wp-content\/uploads\/2024\/12\/Uygulama-1-430x127.png 430w, https:\/\/westestetik.com\/wp-content\/uploads\/2024\/12\/Uygulama-1-150x44.png 150w, https:\/\/westestetik.com\/wp-content\/uploads\/2024\/12\/Uygulama-1-700x207.png 700w, https:\/\/westestetik.com\/wp-content\/uploads\/2024\/12\/Uygulama-1-400x118.png 400w, https:\/\/westestetik.com\/wp-content\/uploads\/2024\/12\/Uygulama-1-768x227.png 768w, https:\/\/westestetik.com\/wp-content\/uploads\/2024\/12\/Uygulama-1-1536x453.png 1536w, https:\/\/westestetik.com\/wp-content\/uploads\/2024\/12\/Uygulama-1-2048x604.png 2048w\" sizes=\"(max-width: 1300px) 100vw, 1300px\" \/>\t\t\t\t\t\t\t\t\t\t\t\t\t\t\t<\/div>\n\t\t\t\t<\/div>\n\t\t\t\t\t<\/div>\n\t\t\t\t<\/div>\n\t\t<div class=\"wd-negative-gap elementor-element elementor-element-b55d999 e-flex e-con-boxed e-con e-parent\" data-id=\"b55d999\" data-element_type=\"container\">\n\t\t\t\t\t<div class=\"e-con-inner\">\n\t\t\t\t<div class=\"elementor-element elementor-element-8f376c9 color-scheme-inherit text-left elementor-widget elementor-widget-text-editor\" data-id=\"8f376c9\" data-element_type=\"widget\" data-widget_type=\"text-editor.default\">\n\t\t\t\t<div class=\"elementor-widget-container\">\n\t\t\t\t\t\t\t\t\t<p><span style=\"font-weight: 400;\">La est\u00e9tica de orejas prominentes es una intervenci\u00f3n quir\u00fargica que se realiza cuando las orejas sobresalen hacia fuera m\u00e1s de lo normal. Esta cirug\u00eda est\u00e9tica ayuda a crear un perfil facial visualmente m\u00e1s equilibrado y aumenta la confianza en uno mismo. Las personas con una estructura de orejas prominentes suelen solicitar esta operaci\u00f3n por motivos est\u00e9ticos. Sin embargo, esta intervenci\u00f3n, que tambi\u00e9n puede realizarse por motivos distintos a los est\u00e9ticos, ofrece resultados muy naturales y eficaces cuando se realiza correctamente.<\/span><\/p><h2><span style=\"font-weight: 400;\">\u00bfQu\u00e9 es la est\u00e9tica de orejas prominentes?<\/span><\/h2><p><span style=\"font-weight: 400;\">La est\u00e9tica de orejas prominentes, popularmente conocida como cirug\u00eda de orejas prominentes, es una operaci\u00f3n quir\u00fargica est\u00e9tica que se realiza para corregir las orejas que sobresalen m\u00e1s de lo normal. Esta intervenci\u00f3n se realiza moldeando el cart\u00edlago de la oreja para dar a las orejas un aspecto m\u00e1s natural. La est\u00e9tica de orejas prominentes es una operaci\u00f3n que se suele aplicar por cuestiones est\u00e9ticas, y tambi\u00e9n es un procedimiento importante que aumenta la autoestima de la persona.<\/span><\/p><h2><span style=\"font-weight: 400;\">\u00bfA qui\u00e9n se aplica la est\u00e9tica de orejas prominentes?<\/span><\/h2><p><span style=\"font-weight: 400;\">La est\u00e9tica de orejas prominentes se suele aplicar a personas con una estructura cong\u00e9nita de orejas prominentes. Sin embargo, las personas de todas las edades que se sienten inc\u00f3modas con la forma de sus orejas y desean realizar cambios est\u00e9ticos pueden optar por esta operaci\u00f3n. Especialmente en los ni\u00f1os, la est\u00e9tica de orejas prominentes realizada antes de que la estructura de la oreja est\u00e9 completamente desarrollada puede proporcionar importantes beneficios psicol\u00f3gicos. En los adultos, si no existe ning\u00fan problema de salud, son aptos para la intervenci\u00f3n est\u00e9tica.<\/span><\/p><h2><span style=\"font-weight: 400;\">\u00bfC\u00f3mo se realiza la est\u00e9tica de orejas prominentes?<\/span><\/h2><p><span style=\"font-weight: 400;\">La est\u00e9tica de orejas prominentes suele realizarse con anestesia local. Durante la operaci\u00f3n, las orejas se llevan a la posici\u00f3n deseada mediante peque\u00f1as incisiones realizadas en el cart\u00edlago de la oreja. Gracias a las incisiones realizadas detr\u00e1s de la oreja, no queda rastro visible desde el exterior. Cuando esta intervenci\u00f3n la realiza un cirujano especialista, se obtienen resultados extremadamente naturales y est\u00e9ticos. La duraci\u00f3n de la intervenci\u00f3n suele oscilar entre 1-2 horas.<\/span><\/p><h2><span style=\"font-weight: 400;\">Precios de la est\u00e9tica de orejas prominentes<\/span><\/h2><p><span style=\"font-weight: 400;\">Los precios de la est\u00e9tica de orejas prominentes pueden variar en funci\u00f3n de factores como la experiencia del cirujano, las t\u00e9cnicas utilizadas, la cl\u00ednica y la localizaci\u00f3n geogr\u00e1fica donde se vaya a realizar la operaci\u00f3n. Adem\u00e1s, las t\u00e9cnicas especiales aplicadas seg\u00fan las necesidades del paciente tambi\u00e9n pueden afectar al precio.<\/span><\/p><h2><span style=\"font-weight: 400;\">Proceso de recuperaci\u00f3n tras la est\u00e9tica de orejas prominentes<\/span><\/h2><p><span style=\"font-weight: 400;\">El proceso de curaci\u00f3n tras la est\u00e9tica de orejas prominentes suele ser r\u00e1pido. Puede volver a su vida normal en 1 \u00f3 2 d\u00edas despu\u00e9s de la operaci\u00f3n. Sin embargo, puede haber hinchaz\u00f3n y dolor leve en las orejas. Es importante proteger las orejas durante los primeros d\u00edas. Durante la primera semana, los pacientes deben evitar en general las actividades que fuercen las orejas y proteger la cabeza de los impactos. El proceso de cicatrizaci\u00f3n completa tarda de 1 a 2 semanas y los resultados suelen ser completamente visibles al cabo de unos meses.<\/span><\/p><h2><span style=\"font-weight: 400;\">Cirug\u00eda est\u00e9tica de orejas prominentes y opciones de anestesia<\/span><\/h2><p><span style=\"font-weight: 400;\">La cirug\u00eda est\u00e9tica de orejas prominentes suele realizarse con anestesia local. Este m\u00e9todo de anestesia s\u00f3lo adormece la zona de la oreja sin permitir dormir al paciente. Este procedimiento s\u00f3lo dura unas horas y permite al paciente volver a casa el mismo d\u00eda. En casos raros y m\u00e1s complejos, puede preferirse la anestesia general. La elecci\u00f3n de la anestesia se basa en las necesidades del cirujano y del paciente.<\/span><\/p><h2><span style=\"font-weight: 400;\">\u00bfEs dolorosa la cirug\u00eda est\u00e9tica de orejas prominentes?<\/span><\/h2><p><span style=\"font-weight: 400;\">Durante la cirug\u00eda est\u00e9tica de orejas prominentes, los pacientes no sienten ning\u00fan dolor porque se aplica anestesia local. Despu\u00e9s de la intervenci\u00f3n, puede haber un ligero dolor o molestia. Sin embargo, estos dolores suelen ser de corta duraci\u00f3n y pueden tratarse f\u00e1cilmente con analg\u00e9sicos recetados. Los pacientes pueden continuar su vida cotidiana sin sentir ning\u00fan dolor imperioso durante el proceso de recuperaci\u00f3n.<\/span><\/p><h2><span style=\"font-weight: 400;\">\u00bfQuedan cicatrices despu\u00e9s de la cirug\u00eda est\u00e9tica de orejas prominentes?<\/span><\/h2><p><span style=\"font-weight: 400;\">Despu\u00e9s de la cirug\u00eda est\u00e9tica de orejas prominentes, gracias a las peque\u00f1as incisiones realizadas detr\u00e1s de la oreja, no hay ninguna cicatriz visible desde el exterior. Por lo general, las cicatrices se ocultan detr\u00e1s de la oreja y se vuelven tenues e invisibles con el tiempo. Sin embargo, algunos pacientes pueden presentar cicatrices durante el proceso de cicatrizaci\u00f3n. Esto puede variar en funci\u00f3n de la estructura de la piel y de las t\u00e9cnicas aplicadas por el cirujano.<\/span><\/p><h2><span style=\"font-weight: 400;\">\u00bfCu\u00e1ndo da resultados la est\u00e9tica de orejas prominentes?<\/span><\/h2><p><span style=\"font-weight: 400;\">Los resultados tras la est\u00e9tica de orejas prominentes suelen empezar a hacerse evidentes inmediatamente despu\u00e9s de la intervenci\u00f3n. Sin embargo, pueden pasar varias semanas hasta que se complete el proceso de cicatrizaci\u00f3n y aparezcan los resultados definitivos. Durante el proceso de cicatrizaci\u00f3n, las orejas adquieren un aspecto m\u00e1s natural y est\u00e9tico a medida que disminuye la inflamaci\u00f3n y se moldea la estructura del cart\u00edlago. Los resultados suelen aparecer por completo en un plazo de 3 a 6 meses.<\/span><\/p><h2><span style=\"font-weight: 400;\">\u00bfQu\u00e9 grupo de edad es adecuado para la est\u00e9tica de orejas prominentes?<\/span><\/h2><p><span style=\"font-weight: 400;\">La est\u00e9tica de orejas prominentes puede realizarse normalmente a partir de los 5 a\u00f1os. La estructura de las orejas de los ni\u00f1os se desarrolla hasta esta edad y se hace apta para la intervenci\u00f3n est\u00e9tica. Este procedimiento tambi\u00e9n puede realizarse en adultos y se pueden eliminar las preocupaciones est\u00e9ticas. Sin embargo, hay que subrayar que las personas que han completado el desarrollo de la oreja son m\u00e1s aptas para la cirug\u00eda.<\/span><\/p><p>\u00a0<\/p>\t\t\t\t\t\t\t\t<\/div>\n\t\t\t\t<\/div>\n\t\t\t\t\t<\/div>\n\t\t\t\t<\/div>\n\t\t\t\t<\/div>","protected":false},"excerpt":{"rendered":"<p>Kep\u00e7e kulak esteti\u011fi, kulaklar\u0131n normalden fazla d\u0131\u015far\u0131ya do\u011fru \u00e7\u0131kmas\u0131 durumunda uygulanan bir cerrahi i\u015flemdir. Bu estetik ameliyat, hem g\u00f6rsel a\u00e7\u0131dan<\/p>","protected":false},"author":1,"featured_media":0,"parent":0,"menu_order":0,"comment_status":"closed","ping_status":"closed","template":"","meta":{"footnotes":""},"class_list":["post-27801","page","type-page","status-publish","hentry"],"_links":{"self":[{"href":"https:\/\/westestetik.com\/es\/wp-json\/wp\/v2\/pages\/27801","targetHints":{"allow":["GET"]}}],"collection":[{"href":"https:\/\/westestetik.com\/es\/wp-json\/wp\/v2\/pages"}],"about":[{"href":"https:\/\/westestetik.com\/es\/wp-json\/wp\/v2\/types\/page"}],"author":[{"embeddable":true,"href":"https:\/\/westestetik.com\/es\/wp-json\/wp\/v2\/users\/1"}],"replies":[{"embeddable":true,"href":"https:\/\/westestetik.com\/es\/wp-json\/wp\/v2\/comments?post=27801"}],"version-history":[{"count":4,"href":"https:\/\/westestetik.com\/es\/wp-json\/wp\/v2\/pages\/27801\/revisions"}],"predecessor-version":[{"id":27911,"href":"https:\/\/westestetik.com\/es\/wp-json\/wp\/v2\/pages\/27801\/revisions\/27911"}],"wp:attachment":[{"href":"https:\/\/westestetik.com\/es\/wp-json\/wp\/v2\/media?parent=27801"}],"curies":[{"name":"wp","href":"https:\/\/api.w.org\/{rel}","templated":true}]}}