{"id":27796,"date":"2024-12-02T23:08:13","date_gmt":"2024-12-02T23:08:13","guid":{"rendered":"https:\/\/westestetik.com\/?page_id=27796"},"modified":"2024-12-25T10:53:52","modified_gmt":"2024-12-25T10:53:52","slug":"estetica-de-hoyuelos","status":"publish","type":"page","link":"https:\/\/westestetik.com\/es\/estetica-de-hoyuelos\/","title":{"rendered":"Est\u00e9tica Dimple"},"content":{"rendered":"<div data-elementor-type=\"wp-page\" data-elementor-id=\"27796\" class=\"elementor elementor-27796\" data-elementor-post-type=\"page\">\n\t\t\t\t<div class=\"wd-negative-gap elementor-element elementor-element-e150b12 e-flex e-con-boxed e-con e-parent\" data-id=\"e150b12\" data-element_type=\"container\">\n\t\t\t\t\t<div class=\"e-con-inner\">\n\t\t\t\t<div class=\"elementor-element elementor-element-7286009 elementor-widget elementor-widget-image\" data-id=\"7286009\" data-element_type=\"widget\" data-widget_type=\"image.default\">\n\t\t\t\t<div class=\"elementor-widget-container\">\n\t\t\t\t\t\t\t\t\t\t\t\t\t\t\t<img fetchpriority=\"high\" decoding=\"async\" width=\"1300\" height=\"384\" src=\"https:\/\/westestetik.com\/wp-content\/uploads\/2024\/12\/Uygulama-1-1300x384.png\" class=\"attachment-large size-large wp-image-27725\" alt=\"Enfermedades\" srcset=\"https:\/\/westestetik.com\/wp-content\/uploads\/2024\/12\/Uygulama-1-1300x384.png 1300w, https:\/\/westestetik.com\/wp-content\/uploads\/2024\/12\/Uygulama-1-430x127.png 430w, https:\/\/westestetik.com\/wp-content\/uploads\/2024\/12\/Uygulama-1-150x44.png 150w, https:\/\/westestetik.com\/wp-content\/uploads\/2024\/12\/Uygulama-1-700x207.png 700w, https:\/\/westestetik.com\/wp-content\/uploads\/2024\/12\/Uygulama-1-400x118.png 400w, https:\/\/westestetik.com\/wp-content\/uploads\/2024\/12\/Uygulama-1-768x227.png 768w, https:\/\/westestetik.com\/wp-content\/uploads\/2024\/12\/Uygulama-1-1536x453.png 1536w, https:\/\/westestetik.com\/wp-content\/uploads\/2024\/12\/Uygulama-1-2048x604.png 2048w\" sizes=\"(max-width: 1300px) 100vw, 1300px\" \/>\t\t\t\t\t\t\t\t\t\t\t\t\t\t\t<\/div>\n\t\t\t\t<\/div>\n\t\t\t\t\t<\/div>\n\t\t\t\t<\/div>\n\t\t<div class=\"wd-negative-gap elementor-element elementor-element-3af0df4 e-flex e-con-boxed e-con e-parent\" data-id=\"3af0df4\" data-element_type=\"container\">\n\t\t\t\t\t<div class=\"e-con-inner\">\n\t\t\t\t<div class=\"elementor-element elementor-element-528b614 color-scheme-inherit text-left elementor-widget elementor-widget-text-editor\" data-id=\"528b614\" data-element_type=\"widget\" data-widget_type=\"text-editor.default\">\n\t\t\t\t<div class=\"elementor-widget-container\">\n\t\t\t\t\t\t\t\t\t<p><span style=\"font-weight: 400;\">La est\u00e9tica de hoyuelos es una aplicaci\u00f3n est\u00e9tica preferida para a\u00f1adir una elegancia natural a sus rasgos faciales y hacer m\u00e1s atractiva su sonrisa. Este procedimiento, que suele realizarse para crear hoyuelos en las mejillas o la barbilla, suaviza la expresi\u00f3n de su rostro y proporciona un aspecto m\u00e1s joven y din\u00e1mico. La est\u00e9tica de hoyuelos, que puede aplicarse con m\u00e9todos quir\u00fargicos y no quir\u00fargicos, ofrece resultados eficaces con un riesgo m\u00ednimo.<\/span><\/p><h2><span style=\"font-weight: 400;\">\u00bfQu\u00e9 es la est\u00e9tica de hoyuelos y c\u00f3mo se realiza?<\/span><\/h2><p><span style=\"font-weight: 400;\">La est\u00e9tica de hoyuelos es una operaci\u00f3n est\u00e9tica que se realiza para a\u00f1adir una belleza natural a sus rasgos faciales y hacer m\u00e1s atractiva su sonrisa. Este procedimiento suele realizarse para crear hoyuelos en las mejillas o la barbilla de una persona. Los hoyuelos a\u00f1aden un toque elegante a la expresi\u00f3n natural del rostro, haciendo que la persona parezca m\u00e1s joven y vital. La est\u00e9tica de hoyuelos suele realizarse con anestesia local como procedimiento de corta duraci\u00f3n. El m\u00e9dico crea un hoyuelo acortando el tejido muscular bajo la piel en la zona donde desea hacer un hoyuelo o colocando un punto bajo la piel.<\/span><\/p><h2><span style=\"font-weight: 400;\">\u00bfCon qu\u00e9 m\u00e9todos se aplica la est\u00e9tica de hoyuelos?<\/span><\/h2><p><span style=\"font-weight: 400;\">La est\u00e9tica de hoyuelos puede realizarse con dos m\u00e9todos diferentes: m\u00e9todos quir\u00fargicos y no quir\u00fargicos. En la est\u00e9tica de hoyuelos quir\u00fargica, se realiza una peque\u00f1a incisi\u00f3n y se colocan puntos de sutura en la zona donde se formar\u00e1 el hoyuelo. Este procedimiento suele dar resultados m\u00e1s permanentes. La est\u00e9tica de hoyuelos no quir\u00fargica es un procedimiento que se realiza con rellenos o l\u00e1ser. Estos m\u00e9todos suelen dar resultados a m\u00e1s corto plazo, pero el proceso de curaci\u00f3n es m\u00e1s r\u00e1pido y los riesgos son menores.<\/span><\/p><h2><span style=\"font-weight: 400;\">\u00bfA qui\u00e9n se puede aplicar la est\u00e9tica de hoyuelos?<\/span><\/h2><p><span style=\"font-weight: 400;\">La est\u00e9tica de hoyuelos se puede realizar normalmente en un individuo sano. Cualquier persona que desee tener hoyuelos naturales, que quiera que sus rasgos faciales se aclaren, puede plantearse este procedimiento est\u00e9tico. Sin embargo, los candidatos adecuados para este procedimiento se seleccionan teniendo en cuenta su estructura facial y su estado de salud general. La est\u00e9tica de hoyuelos es especialmente adecuada para las personas que desean resaltar su belleza natural. Cualquier persona que no tenga problemas de salud en la cara y sea apta para el proceso de cicatrizaci\u00f3n puede optar por este procedimiento est\u00e9tico.<\/span><\/p><h2><span style=\"font-weight: 400;\">\u00bfEs la est\u00e9tica de hoyuelos un procedimiento doloroso?<\/span><\/h2><p><span style=\"font-weight: 400;\">La est\u00e9tica de hoyuelos no suele ser un procedimiento doloroso. En este procedimiento realizado bajo anestesia local, s\u00f3lo se experimenta un ligero adormecimiento. Puede haber un ligero dolor o malestar despu\u00e9s del procedimiento, pero se trata de una condici\u00f3n completamente temporal. Su m\u00e9dico puede recomendarle medicamentos adecuados para aliviar el dolor durante el proceso de cicatrizaci\u00f3n. La est\u00e9tica de hoyuelos suele ofrecer un dolor m\u00ednimo y un proceso de recuperaci\u00f3n c\u00f3modo.<\/span><\/p><h2><span style=\"font-weight: 400;\">\u00bfC\u00f3mo funciona el proceso de recuperaci\u00f3n despu\u00e9s de la est\u00e9tica de hoyuelos?<\/span><\/h2><p><span style=\"font-weight: 400;\">El proceso de recuperaci\u00f3n despu\u00e9s de la est\u00e9tica de hoyuelos es bastante r\u00e1pido. Si se aplica la est\u00e9tica de hoyuelos quir\u00fargica, puede producirse una peque\u00f1a inflamaci\u00f3n y hematomas, pero desaparecer\u00e1n en pocos d\u00edas. En los m\u00e9todos no quir\u00fargicos, el proceso de curaci\u00f3n dura menos tiempo. Por lo general, podr\u00e1 reincorporarse a sus actividades cotidianas pocas horas despu\u00e9s de la intervenci\u00f3n. Sin embargo, es muy importante seguir las recomendaciones de su m\u00e9dico durante el proceso de cicatrizaci\u00f3n. Tambi\u00e9n debe evitar ejercer presi\u00f3n sobre la zona del hoyuelo durante los primeros d\u00edas despu\u00e9s de la intervenci\u00f3n.<\/span><\/p><h2><span style=\"font-weight: 400;\">\u00bfCu\u00e1les son los precios de la est\u00e9tica de hoyuelos?<\/span><\/h2><p><span style=\"font-weight: 400;\">Los precios de la est\u00e9tica de hoyuelos pueden variar en funci\u00f3n del m\u00e9todo de aplicaci\u00f3n, la experiencia del m\u00e9dico y la cl\u00ednica donde se vaya a realizar el procedimiento. Los m\u00e9todos quir\u00fargicos suelen ser m\u00e1s caros porque requieren m\u00e1s procedimientos y proceso de cicatrizaci\u00f3n. Los m\u00e9todos no quir\u00fargicos pueden ser m\u00e1s econ\u00f3micos, pero los resultados pueden no ser permanentes. Es importante ponerse en contacto con su m\u00e9dico para obtener informaci\u00f3n clara sobre los precios de la est\u00e9tica de hoyuelos.<\/span><\/p><h2><span style=\"font-weight: 400;\">\u00bfLa est\u00e9tica de hoyuelos es permanente?<\/span><\/h2><p><span style=\"font-weight: 400;\">La est\u00e9tica de hoyuelos suele ofrecer resultados permanentes. La est\u00e9tica de hoyuelos realizada mediante un m\u00e9todo quir\u00fargico puede ser permanente durante muchos a\u00f1os. Los m\u00e9todos no quir\u00fargicos suelen ofrecer resultados a m\u00e1s corto plazo y pueden perder su efecto con el tiempo. No obstante, los resultados est\u00e9ticos de ambos m\u00e9todos pueden variar de una persona a otra. Los cuidados despu\u00e9s de la est\u00e9tica de hoyuelos y seguir las recomendaciones del m\u00e9dico pueden aumentar la permanencia de los resultados.<\/span><\/p><h2><span style=\"font-weight: 400;\">\u00bfQu\u00e9 cambios provoca la est\u00e9tica de hoyuelos en el rostro?<\/span><\/h2><p><span style=\"font-weight: 400;\">La est\u00e9tica de hoyuelos provoca un cambio natural en los rasgos faciales. Los hoyuelos en las mejillas o la barbilla hacen que la sonrisa de la persona parezca m\u00e1s atractiva y joven. Este peque\u00f1o cambio en el rostro se suele aplicar de forma que no sea demasiado evidente, consiguiendo as\u00ed un aspecto natural. Tras la est\u00e9tica de hoyuelos, el rostro adquiere una expresi\u00f3n m\u00e1s vibrante, en\u00e9rgica y juvenil.<\/span><\/p><h2><span style=\"font-weight: 400;\">\u00bfQu\u00e9 se debe tener en cuenta al realizar la est\u00e9tica de hoyuelos?<\/span><\/h2><p><span style=\"font-weight: 400;\">El factor m\u00e1s importante que debe tenerse en cuenta al realizar la est\u00e9tica de hoyuelos es elegir un m\u00e9dico especialista. Este procedimiento debe realizarse con la t\u00e9cnica adecuada y en los puntos correctos. Los cuidados posteriores al procedimiento tambi\u00e9n son importantes. Los hoyuelos de la cara deben ser compatibles con los rasgos faciales y no deben exagerarse. Para obtener un buen resultado, es importante elegir bien al m\u00e9dico e informarse detalladamente antes de la intervenci\u00f3n.<\/span><\/p><h2><span style=\"font-weight: 400;\">\u00bfQuedan cicatrices despu\u00e9s de la est\u00e9tica de hoyuelos?<\/span><\/h2><p><span style=\"font-weight: 400;\">La est\u00e9tica de hoyuelos no suele dejar cicatrices. En la est\u00e9tica de hoyuelos realizada por m\u00e9todo quir\u00fargico, las cicatrices suelen quedar en el contorno natural de la cara y desaparecen con el tiempo. En los m\u00e9todos no quir\u00fargicos, casi no quedan cicatrices despu\u00e9s de la intervenci\u00f3n. No obstante, hay que tener cuidado despu\u00e9s de la est\u00e9tica de hoyuelos y prestar atenci\u00f3n al proceso de cicatrizaci\u00f3n.<\/span><\/p><h2><span style=\"font-weight: 400;\">\u00bfCu\u00e1nto dura el periodo de cuidados y recuperaci\u00f3n tras la est\u00e9tica de hoyuelos?<\/span><\/h2><p><span style=\"font-weight: 400;\">Los cuidados despu\u00e9s de la est\u00e9tica de hoyuelos ayudan a que el proceso de cicatrizaci\u00f3n sea r\u00e1pido y suave. Mientras que el proceso de curaci\u00f3n dura aproximadamente una semana en los m\u00e9todos quir\u00fargicos, este periodo puede ser m\u00e1s corto en los m\u00e9todos no quir\u00fargicos. Puede haber hinchaz\u00f3n, hematomas y sensibilidad en la cara, pero esta condici\u00f3n pasa en pocos d\u00edas. Seguir las recomendaciones de su m\u00e9dico durante el proceso de cicatrizaci\u00f3n reducir\u00e1 el riesgo de complicaciones.<\/span><\/p><p><span style=\"font-weight: 400;\">La est\u00e9tica de hoyuelos es una gran aplicaci\u00f3n est\u00e9tica que embellecer\u00e1 sus rasgos faciales y har\u00e1 m\u00e1s atractiva su sonrisa. Se recomienda ponerse en contacto con un m\u00e9dico especialista para obtener m\u00e1s informaci\u00f3n sobre detalles como el proceso de aplicaci\u00f3n, los precios y el proceso de cicatrizaci\u00f3n.<\/span><\/p><p>\u00a0<\/p>\t\t\t\t\t\t\t\t<\/div>\n\t\t\t\t<\/div>\n\t\t\t\t\t<\/div>\n\t\t\t\t<\/div>\n\t\t\t\t<\/div>","protected":false},"excerpt":{"rendered":"<p>Gamze esteti\u011fi, y\u00fcz hatlar\u0131n\u0131za do\u011fal bir zarafet katmak ve g\u00fcl\u00fcmsemenizi daha \u00e7ekici hale getirmek i\u00e7in tercih edilen estetik bir uygulamad\u0131r.<\/p>","protected":false},"author":1,"featured_media":0,"parent":0,"menu_order":0,"comment_status":"closed","ping_status":"closed","template":"","meta":{"footnotes":""},"class_list":["post-27796","page","type-page","status-publish","hentry"],"_links":{"self":[{"href":"https:\/\/westestetik.com\/es\/wp-json\/wp\/v2\/pages\/27796","targetHints":{"allow":["GET"]}}],"collection":[{"href":"https:\/\/westestetik.com\/es\/wp-json\/wp\/v2\/pages"}],"about":[{"href":"https:\/\/westestetik.com\/es\/wp-json\/wp\/v2\/types\/page"}],"author":[{"embeddable":true,"href":"https:\/\/westestetik.com\/es\/wp-json\/wp\/v2\/users\/1"}],"replies":[{"embeddable":true,"href":"https:\/\/westestetik.com\/es\/wp-json\/wp\/v2\/comments?post=27796"}],"version-history":[{"count":4,"href":"https:\/\/westestetik.com\/es\/wp-json\/wp\/v2\/pages\/27796\/revisions"}],"predecessor-version":[{"id":27908,"href":"https:\/\/westestetik.com\/es\/wp-json\/wp\/v2\/pages\/27796\/revisions\/27908"}],"wp:attachment":[{"href":"https:\/\/westestetik.com\/es\/wp-json\/wp\/v2\/media?parent=27796"}],"curies":[{"name":"wp","href":"https:\/\/api.w.org\/{rel}","templated":true}]}}