{"id":27794,"date":"2024-12-02T23:07:46","date_gmt":"2024-12-02T23:07:46","guid":{"rendered":"https:\/\/westestetik.com\/?page_id=27794"},"modified":"2024-12-25T10:53:21","modified_gmt":"2024-12-25T10:53:21","slug":"bisectomia","status":"publish","type":"page","link":"https:\/\/westestetik.com\/es\/bisectomia\/","title":{"rendered":"Bichectom\u00eda"},"content":{"rendered":"<div data-elementor-type=\"wp-page\" data-elementor-id=\"27794\" class=\"elementor elementor-27794\" data-elementor-post-type=\"page\">\n\t\t\t\t<div class=\"wd-negative-gap elementor-element elementor-element-e150b12 e-flex e-con-boxed e-con e-parent\" data-id=\"e150b12\" data-element_type=\"container\">\n\t\t\t\t\t<div class=\"e-con-inner\">\n\t\t\t\t<div class=\"elementor-element elementor-element-7286009 elementor-widget elementor-widget-image\" data-id=\"7286009\" data-element_type=\"widget\" data-widget_type=\"image.default\">\n\t\t\t\t<div class=\"elementor-widget-container\">\n\t\t\t\t\t\t\t\t\t\t\t\t\t\t\t<img fetchpriority=\"high\" decoding=\"async\" width=\"1300\" height=\"384\" src=\"https:\/\/westestetik.com\/wp-content\/uploads\/2024\/12\/Uygulama-1-1300x384.png\" class=\"attachment-large size-large wp-image-27725\" alt=\"Enfermedades\" srcset=\"https:\/\/westestetik.com\/wp-content\/uploads\/2024\/12\/Uygulama-1-1300x384.png 1300w, https:\/\/westestetik.com\/wp-content\/uploads\/2024\/12\/Uygulama-1-430x127.png 430w, https:\/\/westestetik.com\/wp-content\/uploads\/2024\/12\/Uygulama-1-150x44.png 150w, https:\/\/westestetik.com\/wp-content\/uploads\/2024\/12\/Uygulama-1-700x207.png 700w, https:\/\/westestetik.com\/wp-content\/uploads\/2024\/12\/Uygulama-1-400x118.png 400w, https:\/\/westestetik.com\/wp-content\/uploads\/2024\/12\/Uygulama-1-768x227.png 768w, https:\/\/westestetik.com\/wp-content\/uploads\/2024\/12\/Uygulama-1-1536x453.png 1536w, https:\/\/westestetik.com\/wp-content\/uploads\/2024\/12\/Uygulama-1-2048x604.png 2048w\" sizes=\"(max-width: 1300px) 100vw, 1300px\" \/>\t\t\t\t\t\t\t\t\t\t\t\t\t\t\t<\/div>\n\t\t\t\t<\/div>\n\t\t\t\t\t<\/div>\n\t\t\t\t<\/div>\n\t\t<div class=\"wd-negative-gap elementor-element elementor-element-ebff2a3 e-flex e-con-boxed e-con e-parent\" data-id=\"ebff2a3\" data-element_type=\"container\">\n\t\t\t\t\t<div class=\"e-con-inner\">\n\t\t\t\t<div class=\"elementor-element elementor-element-76db27e color-scheme-inherit text-left elementor-widget elementor-widget-text-editor\" data-id=\"76db27e\" data-element_type=\"widget\" data-widget_type=\"text-editor.default\">\n\t\t\t\t<div class=\"elementor-widget-container\">\n\t\t\t\t\t\t\t\t\t<p><span style=\"font-weight: 400;\">La bichectom\u00eda es un procedimiento quir\u00fargico que se ha popularizado en el campo de la est\u00e9tica facial en los \u00faltimos a\u00f1os. Al eliminar el exceso de tejido graso en las mejillas, se proporciona al contorno facial un aspecto m\u00e1s fino, afilado y est\u00e9tico. Este procedimiento ofrece una soluci\u00f3n ideal especialmente para las personas con rasgos faciales redondos. La bichectom\u00eda es una aplicaci\u00f3n preferida tanto para quienes desean rejuvenecer como para quienes quieren conseguir unos p\u00f3mulos y una mand\u00edbula m\u00e1s prominentes. Los resultados obtenidos tras la cirug\u00eda proporcionan una est\u00e9tica facial natural y equilibrada, por lo que ha atra\u00eddo gran atenci\u00f3n en los \u00faltimos a\u00f1os.<\/span><\/p><h2><span style=\"font-weight: 400;\">\u00bfQu\u00e9 es la bichectom\u00eda?<\/span><\/h2><p><span style=\"font-weight: 400;\">La bichectom\u00eda es un procedimiento quir\u00fargico que se realiza en el campo de la est\u00e9tica facial y permite afinar y resaltar el contorno facial mediante la eliminaci\u00f3n del tejido graso de las mejillas. Este procedimiento suele preferirse en personas con rasgos faciales redondeados o regordetes. La bichectom\u00eda ayuda a obtener una mand\u00edbula m\u00e1s afilada y elegante mediante la eliminaci\u00f3n de la grasa de las mejillas. Este procedimiento, que se realiza para proporcionar un aspecto est\u00e9ticamente m\u00e1s equilibrado y natural, tambi\u00e9n puede aplicarse para crear una expresi\u00f3n facial m\u00e1s joven.<\/span><\/p><h2><span style=\"font-weight: 400;\">\u00bfPara qui\u00e9n es adecuada la cirug\u00eda de bichectom\u00eda?<\/span><\/h2><p><span style=\"font-weight: 400;\">La cirug\u00eda de bichectom\u00eda es adecuada para cualquier persona que tenga grasa prominente en las mejillas y desee que sus rasgos faciales parezcan m\u00e1s delgados. Adem\u00e1s, las personas que desean una mand\u00edbula y unos p\u00f3mulos m\u00e1s afilados con fines est\u00e9ticos tambi\u00e9n pueden beneficiarse de esta operaci\u00f3n. La bichectom\u00eda se recomienda a personas con buena salud general, mayores de 18 a\u00f1os y aptas para la cirug\u00eda est\u00e9tica. Adem\u00e1s, las personas que experimentan flacidez de los rasgos faciales debido a la edad tambi\u00e9n pueden conseguir un aspecto m\u00e1s joven con la bichectom\u00eda.<\/span><\/p><h2><span style=\"font-weight: 400;\">\u00bfC\u00f3mo se realiza la bichectom\u00eda?<\/span><\/h2><p><span style=\"font-weight: 400;\">La bichectom\u00eda suele realizarse con anestesia local. Durante la operaci\u00f3n se extrae el tejido graso de las mejillas a trav\u00e9s de una peque\u00f1a incisi\u00f3n practicada en la boca desde el interior. Esta intervenci\u00f3n suele durar entre 30 minutos y 1 hora y el paciente puede ser dado de alta el mismo d\u00eda. Tras la bichectom\u00eda, no queda ninguna cicatriz visible desde el exterior, ya que las peque\u00f1as cicatrices permanecen en el interior de la boca. Tras la operaci\u00f3n, el paciente debe comer alimentos blandos durante unos d\u00edas y tomar analg\u00e9sicos.<\/span><\/p><h2><span style=\"font-weight: 400;\">Proceso de recuperaci\u00f3n y cuidados tras una bichectom\u00eda<\/span><\/h2><p><span style=\"font-weight: 400;\">El proceso de curaci\u00f3n tras una bichectom\u00eda suele ser r\u00e1pido. Inmediatamente despu\u00e9s de la operaci\u00f3n pueden aparecer hinchaz\u00f3n y hematomas leves. Estos s\u00edntomas suelen remitir en una semana. Las mejillas pueden estar ligeramente sensibles los primeros d\u00edas, por lo que deben utilizarse analg\u00e9sicos seg\u00fan las recomendaciones del m\u00e9dico. Tambi\u00e9n es \u00fatil aplicar compresas fr\u00edas para acelerar el proceso de cicatrizaci\u00f3n. Cuando desaparezcan la hinchaz\u00f3n y los hematomas de la cara, el paciente tendr\u00e1 unos rasgos faciales m\u00e1s definidos y esbeltos.<\/span><\/p><h2><span style=\"font-weight: 400;\">\u00bfCu\u00e1nto cuesta la bichectom\u00eda?<\/span><\/h2><p><span style=\"font-weight: 400;\">Los precios de la bichectom\u00eda pueden variar en funci\u00f3n de la cl\u00ednica, la experiencia del cirujano, la zona en la que se realizar\u00e1 la operaci\u00f3n y las t\u00e9cnicas utilizadas. Los precios pueden variar seg\u00fan las necesidades personales y la calidad de los servicios ofrecidos en la cl\u00ednica. Es importante que las personas que planean una operaci\u00f3n de bichectom\u00eda se re\u00fanan con un cirujano pl\u00e1stico especialista para obtener un presupuesto e informaci\u00f3n sobre las opciones de pago antes de la intervenci\u00f3n.<\/span><\/p><h2><span style=\"font-weight: 400;\">\u00bfC\u00f3mo se realiza una bichectom\u00eda?<\/span><\/h2><p><span style=\"font-weight: 400;\">Tras la operaci\u00f3n de bichectom\u00eda, deben observarse algunas recomendaciones de cuidados importantes para acelerar el proceso de curaci\u00f3n y evitar complicaciones:<\/span><\/p><ul><li><span style=\"font-weight: 400;\">Es importante comer alimentos blandos durante la primera semana.<\/span><\/li><li><span style=\"font-weight: 400;\">Preste atenci\u00f3n a la higiene bucal, el uso de enjuague bucal puede reducir la hinchaz\u00f3n.<\/span><\/li><li><span style=\"font-weight: 400;\">Deben evitarse las actividades f\u00edsicas y los deportes pesados.<\/span><\/li><li><span style=\"font-weight: 400;\">Es \u00fatil aplicar compresas fr\u00edas para reducir la hinchaz\u00f3n facial.<\/span><\/li><li><span style=\"font-weight: 400;\">Deben utilizarse regularmente los f\u00e1rmacos recomendados por el m\u00e9dico.<\/span><\/li><\/ul><h2><span style=\"font-weight: 400;\">Cambios en los rasgos faciales con la bichectom\u00eda<\/span><\/h2><p><span style=\"font-weight: 400;\">La bichectom\u00eda produce un cambio significativo en el contorno facial. El adelgazamiento de las mejillas en la cara hace que la l\u00ednea de la mand\u00edbula sea m\u00e1s prominente y que los p\u00f3mulos parezcan m\u00e1s afilados. De este modo, se obtiene un aspecto facial m\u00e1s est\u00e9tico y equilibrado. Con la bichectom\u00eda, los rasgos faciales de las personas adquieren una expresi\u00f3n m\u00e1s elegante y juvenil. Adem\u00e1s, la grasa de las mejillas eliminada mediante la bichectom\u00eda hace que el rostro parezca m\u00e1s alargado.<\/span><\/p>\t\t\t\t\t\t\t\t<\/div>\n\t\t\t\t<\/div>\n\t\t\t\t\t<\/div>\n\t\t\t\t<\/div>\n\t\t\t\t<\/div>","protected":false},"excerpt":{"rendered":"<p>Bi\u015fektomi, y\u00fcz esteti\u011fi alan\u0131nda son y\u0131llarda pop\u00fclerle\u015fen bir cerrahi i\u015flemdir. Yanaklardaki fazla ya\u011f dokusunun al\u0131nmas\u0131yla y\u00fcz hatlar\u0131n\u0131n daha ince, keskin<\/p>","protected":false},"author":1,"featured_media":0,"parent":0,"menu_order":0,"comment_status":"closed","ping_status":"closed","template":"","meta":{"footnotes":""},"class_list":["post-27794","page","type-page","status-publish","hentry"],"_links":{"self":[{"href":"https:\/\/westestetik.com\/es\/wp-json\/wp\/v2\/pages\/27794","targetHints":{"allow":["GET"]}}],"collection":[{"href":"https:\/\/westestetik.com\/es\/wp-json\/wp\/v2\/pages"}],"about":[{"href":"https:\/\/westestetik.com\/es\/wp-json\/wp\/v2\/types\/page"}],"author":[{"embeddable":true,"href":"https:\/\/westestetik.com\/es\/wp-json\/wp\/v2\/users\/1"}],"replies":[{"embeddable":true,"href":"https:\/\/westestetik.com\/es\/wp-json\/wp\/v2\/comments?post=27794"}],"version-history":[{"count":7,"href":"https:\/\/westestetik.com\/es\/wp-json\/wp\/v2\/pages\/27794\/revisions"}],"predecessor-version":[{"id":27905,"href":"https:\/\/westestetik.com\/es\/wp-json\/wp\/v2\/pages\/27794\/revisions\/27905"}],"wp:attachment":[{"href":"https:\/\/westestetik.com\/es\/wp-json\/wp\/v2\/media?parent=27794"}],"curies":[{"name":"wp","href":"https:\/\/api.w.org\/{rel}","templated":true}]}}