{"id":27789,"date":"2024-12-02T23:06:59","date_gmt":"2024-12-02T23:06:59","guid":{"rendered":"https:\/\/westestetik.com\/?page_id=27789"},"modified":"2024-12-25T10:53:11","modified_gmt":"2024-12-25T10:53:11","slug":"estetica-de-los-parpados","status":"publish","type":"page","link":"https:\/\/westestetik.com\/es\/estetica-de-los-parpados\/","title":{"rendered":"Est\u00e9tica palpebral"},"content":{"rendered":"<div data-elementor-type=\"wp-page\" data-elementor-id=\"27789\" class=\"elementor elementor-27789\" data-elementor-post-type=\"page\">\n\t\t\t\t<div class=\"wd-negative-gap elementor-element elementor-element-e150b12 e-flex e-con-boxed e-con e-parent\" data-id=\"e150b12\" data-element_type=\"container\">\n\t\t\t\t\t<div class=\"e-con-inner\">\n\t\t\t\t<div class=\"elementor-element elementor-element-7286009 elementor-widget elementor-widget-image\" data-id=\"7286009\" data-element_type=\"widget\" data-widget_type=\"image.default\">\n\t\t\t\t<div class=\"elementor-widget-container\">\n\t\t\t\t\t\t\t\t\t\t\t\t\t\t\t<img fetchpriority=\"high\" decoding=\"async\" width=\"1300\" height=\"384\" src=\"https:\/\/westestetik.com\/wp-content\/uploads\/2024\/12\/Uygulama-1-1300x384.png\" class=\"attachment-large size-large wp-image-27725\" alt=\"Enfermedades\" srcset=\"https:\/\/westestetik.com\/wp-content\/uploads\/2024\/12\/Uygulama-1-1300x384.png 1300w, https:\/\/westestetik.com\/wp-content\/uploads\/2024\/12\/Uygulama-1-430x127.png 430w, https:\/\/westestetik.com\/wp-content\/uploads\/2024\/12\/Uygulama-1-150x44.png 150w, https:\/\/westestetik.com\/wp-content\/uploads\/2024\/12\/Uygulama-1-700x207.png 700w, https:\/\/westestetik.com\/wp-content\/uploads\/2024\/12\/Uygulama-1-400x118.png 400w, https:\/\/westestetik.com\/wp-content\/uploads\/2024\/12\/Uygulama-1-768x227.png 768w, https:\/\/westestetik.com\/wp-content\/uploads\/2024\/12\/Uygulama-1-1536x453.png 1536w, https:\/\/westestetik.com\/wp-content\/uploads\/2024\/12\/Uygulama-1-2048x604.png 2048w\" sizes=\"(max-width: 1300px) 100vw, 1300px\" \/>\t\t\t\t\t\t\t\t\t\t\t\t\t\t\t<\/div>\n\t\t\t\t<\/div>\n\t\t\t\t\t<\/div>\n\t\t\t\t<\/div>\n\t\t<div class=\"wd-negative-gap elementor-element elementor-element-192bd7f e-flex e-con-boxed e-con e-parent\" data-id=\"192bd7f\" data-element_type=\"container\">\n\t\t\t\t\t<div class=\"e-con-inner\">\n\t\t\t\t<div class=\"elementor-element elementor-element-36f69b3 color-scheme-inherit text-left elementor-widget elementor-widget-text-editor\" data-id=\"36f69b3\" data-element_type=\"widget\" data-widget_type=\"text-editor.default\">\n\t\t\t\t<div class=\"elementor-widget-container\">\n\t\t\t\t\t\t\t\t\t<p><span style=\"font-weight: 400;\">La est\u00e9tica de p\u00e1rpados es un eficaz procedimiento de cirug\u00eda est\u00e9tica que se aplica para corregir la flacidez, las bolsas y las arrugas que se producen alrededor de los ojos debido a los signos de la edad y a factores gen\u00e9ticos. Este procedimiento ofrece una soluci\u00f3n ideal para quienes desean conseguir un aspecto m\u00e1s joven, vibrante y din\u00e1mico. Tambi\u00e9n proporciona una mejora funcional a las personas que experimentan un estrechamiento del campo visual debido a un exceso de piel en el p\u00e1rpado superior.<\/span><\/p><h2><span style=\"font-weight: 400;\">\u00bfQu\u00e9 es la est\u00e9tica de p\u00e1rpados?<\/span><\/h2><p><span style=\"font-weight: 400;\">La est\u00e9tica de los p\u00e1rpados es una operaci\u00f3n est\u00e9tica que tiene por objeto corregir el exceso de piel, las bolsas y la flacidez alrededor de los ojos mediante m\u00e9todos quir\u00fargicos. Esta intervenci\u00f3n, denominada \"blefaroplastia\" en la literatura m\u00e9dica, puede realizarse tanto con fines est\u00e9ticos como funcionales. Con la edad, la flacidez de los p\u00e1rpados se produce como resultado de la p\u00e9rdida de elasticidad de la piel alrededor de los ojos, el debilitamiento de los m\u00fasculos y la acumulaci\u00f3n de tejido graso. Esto hace que la expresi\u00f3n facial de la persona parezca cansada, triste o envejecida. La est\u00e9tica de p\u00e1rpados no s\u00f3lo elimina los problemas est\u00e9ticos, sino que el exceso de piel en el p\u00e1rpado superior puede causar problemas de visi\u00f3n al estrechar el campo visual del ojo. Por lo tanto, la est\u00e9tica de p\u00e1rpados puede suponer una gran diferencia visual y funcional. Este procedimiento, que se realiza en los p\u00e1rpados superior e inferior, suele combinarse y da a la persona un aspecto m\u00e1s joven.<\/span><\/p><h2><span style=\"font-weight: 400;\">\u00bfEn qu\u00e9 condiciones se realiza la est\u00e9tica de p\u00e1rpados?<\/span><\/h2><p><span style=\"font-weight: 400;\">Aunque la est\u00e9tica de p\u00e1rpados se prefiere sobre todo por motivos est\u00e9ticos, en algunos casos tambi\u00e9n puede ser una necesidad para la salud. El exceso de piel y las bolsas alrededor de los ojos pueden tirar de los p\u00e1rpados hacia abajo con el tiempo y estrechar el campo visual. Esto puede afectar negativamente a la vida diaria de la persona. La est\u00e9tica de p\u00e1rpados permite eliminar el exceso de piel del p\u00e1rpado en estos casos de p\u00e9rdida de visi\u00f3n y reabrir el campo visual. Adem\u00e1s, pueden aparecer bolsas y arrugas alrededor de los ojos debido a signos de envejecimiento, estr\u00e9s, factores gen\u00e9ticos o falta de sue\u00f1o. Estas afecciones tambi\u00e9n son un motivo adecuado para la est\u00e9tica de los p\u00e1rpados. Las bolsas bajo los ojos a veces est\u00e1n asociadas a factores gen\u00e9ticos y pueden hacerse evidentes alrededor de los ojos incluso a una edad temprana. La est\u00e9tica de p\u00e1rpados inferiores ofrece una soluci\u00f3n eficaz para la eliminaci\u00f3n de dichas bolsas y arrugas. La est\u00e9tica de p\u00e1rpados puede ser una necesidad tanto funcional como est\u00e9tica, ya que el exceso de piel alrededor de los ojos puede ayudar a la persona a adquirir un aspecto m\u00e1s vigoroso y saludable.<\/span><\/p><h2><span style=\"font-weight: 400;\">\u00bfPara qui\u00e9n es adecuada la est\u00e9tica de p\u00e1rpados?<\/span><\/h2><p><span style=\"font-weight: 400;\">La est\u00e9tica de p\u00e1rpados suele ser adecuada para personas de 30 a\u00f1os o m\u00e1s, pero dado que los signos de envejecimiento pueden empezar antes, las personas m\u00e1s j\u00f3venes que experimentan gen\u00e9ticamente bolsas o flacidez alrededor de los ojos tambi\u00e9n pueden solicitar esta operaci\u00f3n. Para ser candidato a la cirug\u00eda est\u00e9tica, la persona debe gozar de buena salud general. Las personas con afecciones graves, como diabetes y cardiopat\u00edas, deben mantener una conversaci\u00f3n detallada con sus m\u00e9dicos antes de someterse a una intervenci\u00f3n est\u00e9tica de este tipo. Asimismo, las personas que fuman y toman anticoagulantes pueden tener que regular estos h\u00e1bitos antes de la operaci\u00f3n. La est\u00e9tica de p\u00e1rpados es especialmente id\u00f3nea para las personas que tienen una importante flacidez y bolsas alrededor de los ojos y que desean un aspecto est\u00e9ticamente m\u00e1s joven. Adem\u00e1s, las personas que tienen problemas de visi\u00f3n debido a sus p\u00e1rpados pueden llevar una vida m\u00e1s c\u00f3moda con la est\u00e9tica de p\u00e1rpados.<\/span><\/p><h2><span style=\"font-weight: 400;\">\u00bfQu\u00e9 diferencia hay entre la est\u00e9tica de p\u00e1rpados superiores e inferiores?<\/span><\/h2><p><span style=\"font-weight: 400;\">La est\u00e9tica de p\u00e1rpados puede aplicarse a dos zonas diferentes, superior e inferior. La est\u00e9tica de p\u00e1rpados superiores permite eliminar el exceso de piel y tejido graso alrededor de los ojos y la flacidez del p\u00e1rpado. El procedimiento realizado en el p\u00e1rpado superior hace que la mirada de la persona sea m\u00e1s viva y vigorosa. La est\u00e9tica del p\u00e1rpado superior suele realizarse para corregir la flacidez del p\u00e1rpado debida al envejecimiento. Este tipo de procedimiento es una soluci\u00f3n muy eficaz para las personas que desean conseguir un aspecto m\u00e1s joven. La est\u00e9tica del p\u00e1rpado inferior se realiza para eliminar las bolsas bajo los ojos, reducir las arrugas y conseguir un aspecto m\u00e1s terso de la piel. A menudo, el p\u00e1rpado inferior puede hincharse como consecuencia de la acumulaci\u00f3n de bolsas de grasa, lo que da a la persona un aspecto cansado. La est\u00e9tica del p\u00e1rpado inferior ayuda a eliminar estas bolsas y arrugas. La principal diferencia entre la est\u00e9tica de p\u00e1rpados superiores e inferiores son las zonas de aplicaci\u00f3n; el p\u00e1rpado superior se ve afectado sobre todo por el exceso de piel, mientras que el inferior lo est\u00e1 por las bolsas y las arrugas. Ambos procedimientos pueden realizarse por separado o conjuntamente.<\/span><\/p><h2><span style=\"font-weight: 400;\">\u00bfCu\u00e1nto dura la est\u00e9tica de p\u00e1rpados?<\/span><\/h2><p><span style=\"font-weight: 400;\">La est\u00e9tica de p\u00e1rpados es una intervenci\u00f3n que suele durar entre 1 y 2 horas. Este tiempo puede variar en funci\u00f3n de las necesidades de la persona. Si s\u00f3lo se va a intervenir el p\u00e1rpado superior, el tiempo de procedimiento puede ser menor. Sin embargo, si se van a intervenir conjuntamente los p\u00e1rpados superior e inferior, el tiempo de la intervenci\u00f3n puede ser ligeramente superior. La duraci\u00f3n de la intervenci\u00f3n tambi\u00e9n puede variar en funci\u00f3n de la experiencia del cirujano y de las t\u00e9cnicas utilizadas. Dado que la est\u00e9tica de los p\u00e1rpados se realiza en una zona muy sensible, es sumamente importante que la lleve a cabo un cirujano experimentado. El cirujano debe analizar bien la fina estructura que rodea los ojos y no debe da\u00f1ar esta zona durante la intervenci\u00f3n. Tras la operaci\u00f3n, el proceso de cicatrizaci\u00f3n suele ser r\u00e1pido, pero puede haber hinchaz\u00f3n y hematomas durante los primeros d\u00edas.<\/span><\/p><h2><span style=\"font-weight: 400;\">\u00bfCu\u00e1l es el proceso de recuperaci\u00f3n tras la est\u00e9tica de p\u00e1rpados?<\/span><\/h2><p><span style=\"font-weight: 400;\">El proceso de cicatrizaci\u00f3n tras la est\u00e9tica de p\u00e1rpados suele completarse entre 7 y 10 d\u00edas. Puede haber una ligera hinchaz\u00f3n y hematomas en los primeros d\u00edas, pero esta condici\u00f3n disminuye con el tiempo. Aunque el proceso de cicatrizaci\u00f3n var\u00eda de una persona a otra, la mayor\u00eda de los pacientes pueden volver a su vida normal a los pocos d\u00edas de la intervenci\u00f3n. Es muy \u00fatil aplicar compresas fr\u00edas para reducir la hinchaz\u00f3n y los hematomas alrededor de los ojos. Al mismo tiempo, el uso regular de los medicamentos recomendados por el m\u00e9dico puede acelerar el proceso de cicatrizaci\u00f3n. Otros puntos importantes a tener en cuenta durante el proceso de cicatrizaci\u00f3n son evitar el movimiento excesivo, no exponer la cara demasiado al sol y no hacer ejercicio en exceso. Descansar unos d\u00edas y seguir las instrucciones de cuidados posteriores al procedimiento acelera el proceso de cicatrizaci\u00f3n y aumenta las posibilidades de obtener los resultados deseados.<\/span><\/p><h2><span style=\"font-weight: 400;\">\u00bfOfrece la est\u00e9tica de p\u00e1rpados una soluci\u00f3n permanente?<\/span><\/h2><p><span style=\"font-weight: 400;\">La est\u00e9tica de p\u00e1rpados suele ofrecer resultados permanentes. Sin embargo, a medida que el proceso de envejecimiento contin\u00faa, pueden volver a producirse cambios alrededor de los ojos con el paso de los a\u00f1os. Aunque la est\u00e9tica de p\u00e1rpados permite a la persona recuperar su juventud durante varios a\u00f1os, el proceso natural de envejecimiento de la piel contin\u00faa. Sin embargo, los resultados obtenidos tras la est\u00e9tica de p\u00e1rpados suelen durar mucho tiempo. Factores como el estilo de vida de la persona, el h\u00e1bito de fumar o el cuidado de la piel pueden influir en la permanencia de los resultados. Un estilo de vida saludable y un cuidado regular de la piel pueden garantizar que los resultados obtenidos tras la est\u00e9tica de p\u00e1rpados duren m\u00e1s tiempo.<\/span><\/p><h2><span style=\"font-weight: 400;\">\u00bfQu\u00e9 hay que tener en cuenta antes de la est\u00e9tica de p\u00e1rpados?<\/span><\/h2><p><span style=\"font-weight: 400;\">Hay varios puntos importantes que deben tenerse en cuenta antes de la est\u00e9tica de p\u00e1rpados. En primer lugar, deben realizarse todas las pruebas recomendadas por el cirujano y confirmar que el estado de salud es el adecuado. Tambi\u00e9n se recomienda a los fumadores que reduzcan o abandonen por completo el tabaco antes de la operaci\u00f3n. Fumar puede afectar negativamente al proceso de cicatrizaci\u00f3n y aumentar el riesgo de infecci\u00f3n. Si est\u00e1 tomando anticoagulantes, es posible que deba suspender estos medicamentos un tiempo antes, previa consulta con su cirujano. Antes de la est\u00e9tica de p\u00e1rpados, debe mantener una conversaci\u00f3n detallada con su cirujano y exponer claramente sus expectativas. As\u00ed, el procedimiento podr\u00e1 realizarse de acuerdo con sus necesidades personales.<\/span><\/p><h2><span style=\"font-weight: 400;\">\u00bfCu\u00e1les son los efectos secundarios que pueden aparecer despu\u00e9s de la Est\u00e9tica de P\u00e1rpados?<\/span><\/h2><p><span style=\"font-weight: 400;\">Como tras cualquier intervenci\u00f3n quir\u00fargica, la est\u00e9tica de los p\u00e1rpados puede ir acompa\u00f1ada de algunos efectos secundarios. Sin embargo, estos efectos secundarios pueden minimizarse mediante procedimientos realizados por un cirujano experimentado. Los efectos secundarios m\u00e1s comunes tras la est\u00e9tica de p\u00e1rpados incluyen hinchaz\u00f3n, hematomas y dolor leve. Estos trastornos suelen desaparecer en unos pocos d\u00edas. La hinchaz\u00f3n es una parte natural del proceso de cicatrizaci\u00f3n y disminuye con el tiempo. Los hematomas se aten\u00faan y desaparecen a los pocos d\u00edas. Adem\u00e1s, puede haber una ligera sensaci\u00f3n de sequedad, lagrimeo o picor en los ojos despu\u00e9s de la intervenci\u00f3n. Estas afecciones son temporales y pueden recuperarse r\u00e1pidamente con la medicaci\u00f3n y los cuidados recomendados por el m\u00e9dico. Aunque las complicaciones graves son poco frecuentes, el riesgo de infecci\u00f3n est\u00e1 presente en la est\u00e9tica de p\u00e1rpados como en cualquier intervenci\u00f3n quir\u00fargica. Por lo tanto, seguir las instrucciones del cirujano y someterse a revisiones peri\u00f3dicas puede ayudar a prevenir posibles complicaciones.<\/span><\/p><h2><span style=\"font-weight: 400;\">\u00bfCu\u00e1les son los precios de la est\u00e9tica de p\u00e1rpados?<\/span><\/h2><p><span style=\"font-weight: 400;\">Los precios de la est\u00e9tica de p\u00e1rpados var\u00edan en funci\u00f3n de muchos factores. Estos factores incluyen la experiencia del cirujano, la ubicaci\u00f3n del hospital, el tipo de procedimiento que se va a realizar (s\u00f3lo est\u00e9tica de p\u00e1rpados superiores o est\u00e9tica de p\u00e1rpados superiores e inferiores juntos) y el equipo tecnol\u00f3gico que se va a utilizar. Adem\u00e1s, dado que los precios de la est\u00e9tica de p\u00e1rpados pueden variar en funci\u00f3n de las necesidades de cada persona, debe obtenerse una informaci\u00f3n clara sobre el precio realizando una entrevista previa antes del procedimiento. Dado que la est\u00e9tica de p\u00e1rpados es generalmente una intervenci\u00f3n est\u00e9tica, puede no estar cubierta por el seguro. Sin embargo, en algunos casos, el procedimiento puede estar cubierto por el seguro m\u00e9dico para las personas que tienen problemas de visi\u00f3n debido a un exceso de piel en el p\u00e1rpado. Para obtener informaci\u00f3n clara sobre el precio y evaluar la intervenci\u00f3n con m\u00e1s detalle, debe consultarse a un cirujano especialista.<\/span><\/p><h2><span style=\"font-weight: 400;\">Consiga una mirada m\u00e1s joven con la est\u00e9tica de p\u00e1rpados<\/span><\/h2><p><span style=\"font-weight: 400;\">La est\u00e9tica de p\u00e1rpados es una gran opci\u00f3n para quienes desean conseguir un aspecto m\u00e1s joven y vigoroso eliminando los signos del envejecimiento. Este procedimiento elimina la flacidez, las bolsas y las arrugas alrededor de los ojos, dando a la persona una expresi\u00f3n m\u00e1s en\u00e9rgica y vibrante. Adem\u00e1s, la est\u00e9tica de p\u00e1rpados puede abrir el campo visual de la persona y proporcionarle una visi\u00f3n m\u00e1s c\u00f3moda al eliminar el exceso de piel alrededor de los ojos. Dado que la flacidez, especialmente en el p\u00e1rpado superior, puede causar problemas de visi\u00f3n, la est\u00e9tica de p\u00e1rpados puede suponer una gran diferencia para las personas con tales problemas de salud. Este procedimiento, que puede ser adecuado para personas de todas las edades, puede mejorar la calidad de vida de quienes desean un aspecto juvenil, as\u00ed como de quienes experimentan problemas funcionales.<\/span><\/p><p><span style=\"font-weight: 400;\">La est\u00e9tica de los p\u00e1rpados puede marcar una gran diferencia tanto est\u00e9tica como funcional. La flacidez, las bolsas y las arrugas que aparecen alrededor de los ojos con la edad pueden dar a la persona una expresi\u00f3n cansada, triste o envejecida. La est\u00e9tica de p\u00e1rpados elimina estos problemas y da a la persona un aspecto m\u00e1s joven, vigoroso y en\u00e9rgico. Adem\u00e1s, el exceso de piel alrededor de los ojos puede estrechar el campo visual y dificultar la vida cotidiana. La est\u00e9tica de p\u00e1rpados es un procedimiento que proporciona importantes beneficios tanto est\u00e9ticos como para la salud. La est\u00e9tica de p\u00e1rpados realizada con un buen cirujano ofrece resultados permanentes a largo plazo. El proceso de cicatrizaci\u00f3n suele ser r\u00e1pido y el riesgo de complicaciones puede minimizarse con los cuidados adecuados. Si se siente inc\u00f3modo con la flacidez, las bolsas o las arrugas del p\u00e1rpado, puede conseguir un aspecto m\u00e1s joven y una vida m\u00e1s c\u00f3moda con la est\u00e9tica de p\u00e1rpados.<\/span><\/p><p><br \/><br \/><\/p>\t\t\t\t\t\t\t\t<\/div>\n\t\t\t\t<\/div>\n\t\t\t\t\t<\/div>\n\t\t\t\t<\/div>\n\t\t\t\t<\/div>","protected":false},"excerpt":{"rendered":"<p>G\u00f6z kapa\u011f\u0131 esteti\u011fi, ya\u015flanma belirtileri ve genetik fakt\u00f6rler nedeniyle g\u00f6z \u00e7evresinde meydana gelen sarkmalar, torbalanma ve k\u0131r\u0131\u015f\u0131kl\u0131klar\u0131 d\u00fczeltmek i\u00e7in uygulanan<\/p>","protected":false},"author":1,"featured_media":0,"parent":0,"menu_order":0,"comment_status":"closed","ping_status":"closed","template":"","meta":{"footnotes":""},"class_list":["post-27789","page","type-page","status-publish","hentry"],"_links":{"self":[{"href":"https:\/\/westestetik.com\/es\/wp-json\/wp\/v2\/pages\/27789","targetHints":{"allow":["GET"]}}],"collection":[{"href":"https:\/\/westestetik.com\/es\/wp-json\/wp\/v2\/pages"}],"about":[{"href":"https:\/\/westestetik.com\/es\/wp-json\/wp\/v2\/types\/page"}],"author":[{"embeddable":true,"href":"https:\/\/westestetik.com\/es\/wp-json\/wp\/v2\/users\/1"}],"replies":[{"embeddable":true,"href":"https:\/\/westestetik.com\/es\/wp-json\/wp\/v2\/comments?post=27789"}],"version-history":[{"count":4,"href":"https:\/\/westestetik.com\/es\/wp-json\/wp\/v2\/pages\/27789\/revisions"}],"predecessor-version":[{"id":27899,"href":"https:\/\/westestetik.com\/es\/wp-json\/wp\/v2\/pages\/27789\/revisions\/27899"}],"wp:attachment":[{"href":"https:\/\/westestetik.com\/es\/wp-json\/wp\/v2\/media?parent=27789"}],"curies":[{"name":"wp","href":"https:\/\/api.w.org\/{rel}","templated":true}]}}