{"id":27787,"date":"2024-12-02T23:06:21","date_gmt":"2024-12-02T23:06:21","guid":{"rendered":"https:\/\/westestetik.com\/?page_id=27787"},"modified":"2024-12-25T10:52:59","modified_gmt":"2024-12-25T10:52:59","slug":"levantamiento-muscular","status":"publish","type":"page","link":"https:\/\/westestetik.com\/es\/levantamiento-muscular\/","title":{"rendered":"Lifting de cejas"},"content":{"rendered":"<div data-elementor-type=\"wp-page\" data-elementor-id=\"27787\" class=\"elementor elementor-27787\" data-elementor-post-type=\"page\">\n\t\t\t\t<div class=\"wd-negative-gap elementor-element elementor-element-e150b12 e-flex e-con-boxed e-con e-parent\" data-id=\"e150b12\" data-element_type=\"container\">\n\t\t\t\t\t<div class=\"e-con-inner\">\n\t\t\t\t<div class=\"elementor-element elementor-element-7286009 elementor-widget elementor-widget-image\" data-id=\"7286009\" data-element_type=\"widget\" data-widget_type=\"image.default\">\n\t\t\t\t<div class=\"elementor-widget-container\">\n\t\t\t\t\t\t\t\t\t\t\t\t\t\t\t<img fetchpriority=\"high\" decoding=\"async\" width=\"1300\" height=\"384\" src=\"https:\/\/westestetik.com\/wp-content\/uploads\/2024\/12\/Uygulama-1-1300x384.png\" class=\"attachment-large size-large wp-image-27725\" alt=\"Enfermedades\" srcset=\"https:\/\/westestetik.com\/wp-content\/uploads\/2024\/12\/Uygulama-1-1300x384.png 1300w, https:\/\/westestetik.com\/wp-content\/uploads\/2024\/12\/Uygulama-1-430x127.png 430w, https:\/\/westestetik.com\/wp-content\/uploads\/2024\/12\/Uygulama-1-150x44.png 150w, https:\/\/westestetik.com\/wp-content\/uploads\/2024\/12\/Uygulama-1-700x207.png 700w, https:\/\/westestetik.com\/wp-content\/uploads\/2024\/12\/Uygulama-1-400x118.png 400w, https:\/\/westestetik.com\/wp-content\/uploads\/2024\/12\/Uygulama-1-768x227.png 768w, https:\/\/westestetik.com\/wp-content\/uploads\/2024\/12\/Uygulama-1-1536x453.png 1536w, https:\/\/westestetik.com\/wp-content\/uploads\/2024\/12\/Uygulama-1-2048x604.png 2048w\" sizes=\"(max-width: 1300px) 100vw, 1300px\" \/>\t\t\t\t\t\t\t\t\t\t\t\t\t\t\t<\/div>\n\t\t\t\t<\/div>\n\t\t\t\t\t<\/div>\n\t\t\t\t<\/div>\n\t\t<div class=\"wd-negative-gap elementor-element elementor-element-a3ccbcc e-flex e-con-boxed e-con e-parent\" data-id=\"a3ccbcc\" data-element_type=\"container\">\n\t\t\t\t\t<div class=\"e-con-inner\">\n\t\t\t\t<div class=\"elementor-element elementor-element-e546c67 color-scheme-inherit text-left elementor-widget elementor-widget-text-editor\" data-id=\"e546c67\" data-element_type=\"widget\" data-widget_type=\"text-editor.default\">\n\t\t\t\t<div class=\"elementor-widget-container\">\n\t\t\t\t\t\t\t\t\t<p><span style=\"font-weight: 400;\">El lifting de cejas es uno de los procedimientos preferidos en el mundo de la est\u00e9tica para rejuvenecer la expresi\u00f3n facial y conseguir un aspecto m\u00e1s vivo. Con el paso del tiempo, la flacidez en la zona de las cejas puede dar lugar a una expresi\u00f3n cansada e infeliz. El objetivo de este procedimiento es proporcionar un aspecto natural al tiempo que se equilibran los rasgos faciales. El lifting de cejas, que puede realizarse con diferentes m\u00e9todos, destaca por ofrecer resultados eficaces en poco tiempo. Esta soluci\u00f3n est\u00e9tica, apta tanto para mujeres como para hombres, puede ser la clave de la autoconfianza en la est\u00e9tica facial.<\/span><\/p><h2><span style=\"font-weight: 400;\">\u00bfQu\u00e9 es el lifting de cejas?<\/span><\/h2><p><span style=\"font-weight: 400;\">El lifting de cejas es el proceso de remodelaci\u00f3n y elevaci\u00f3n de las cejas ca\u00eddas o de aspecto bajo. Esta intervenci\u00f3n est\u00e9tica es especialmente preferida para reducir las arrugas, la flacidez y el aspecto cansado de la zona de las cejas durante el proceso de envejecimiento. El lifting de cejas pretende dar al rostro de la persona una expresi\u00f3n m\u00e1s joven y en\u00e9rgica. Este procedimiento suele realizarse con botox, suspensi\u00f3n con hilos o m\u00e9todos quir\u00fargicos.<\/span><\/p><h2><span style=\"font-weight: 400;\">\u00bfPara qui\u00e9n es adecuado el lifting de cejas?<\/span><\/h2><p><span style=\"font-weight: 400;\">El lifting de cejas es adecuado para cualquier persona que se queje de tener las cejas bajas. Especialmente las personas que tienen una expresi\u00f3n cansada o infeliz debido a la presi\u00f3n de las cejas sobre los p\u00e1rpados pueden beneficiarse de este procedimiento. No obstante, antes del procedimiento se eval\u00faan factores como la estructura de la piel y el estado general de salud. Este procedimiento, que suele preferirse para personas mayores de 30 a\u00f1os, ofrece una soluci\u00f3n adecuada para mujeres y hombres.<\/span><\/p><h2><span style=\"font-weight: 400;\">\u00bfQu\u00e9 son los m\u00e9todos de lifting de cejas?<\/span><\/h2><p><span style=\"font-weight: 400;\">El lifting de cejas puede realizarse con diferentes m\u00e9todos:<\/span><\/p><ol><li><span style=\"font-weight: 400;\">Lifting de cejas con Botox: Permite levantar las cejas relajando los m\u00fasculos y es una opci\u00f3n no quir\u00fargica.<\/span><\/li><li><span style=\"font-weight: 400;\">M\u00e9todo de suspensi\u00f3n de hilos: Las cejas se elevan proporcionando soporte de forma m\u00ednimamente invasiva.<\/span><\/li><li><span style=\"font-weight: 400;\">Lifting quir\u00fargico de cejas: En este m\u00e9todo, que ofrece una soluci\u00f3n m\u00e1s permanente, se corrige la posici\u00f3n de las cejas eliminando el exceso de piel.<\/span><\/li><\/ol><p><span style=\"font-weight: 400;\">Cada m\u00e9todo se determina en funci\u00f3n de las necesidades y expectativas de la persona. Su m\u00e9dico le ayudar\u00e1 a elegir el m\u00e9todo m\u00e1s adecuado.<\/span><\/p><h2><span style=\"font-weight: 400;\">\u00bfCu\u00e1nto dura el lifting de cejas?<\/span><\/h2><p><span style=\"font-weight: 400;\">La duraci\u00f3n del procedimiento de lifting de cejas var\u00eda seg\u00fan el m\u00e9todo elegido. Mientras que los procedimientos con Botox duran entre 10 y 15 minutos, el m\u00e9todo de suspensi\u00f3n con hilos suele completarse entre 30 y 60 minutos. Las intervenciones quir\u00fargicas pueden durar entre 1 y 2 horas. Aunque la duraci\u00f3n del procedimiento es corta, la permanencia de los resultados y el tiempo de recuperaci\u00f3n dependen de la t\u00e9cnica utilizada.<\/span><\/p><h2><span style=\"font-weight: 400;\">\u00bfCu\u00e1l es el proceso de cicatrizaci\u00f3n tras un lifting de cejas?<\/span><\/h2><p><span style=\"font-weight: 400;\">El proceso de curaci\u00f3n difiere seg\u00fan el m\u00e9todo aplicado. Despu\u00e9s de procedimientos no quir\u00fargicos como el Botox, se puede volver a la vida cotidiana inmediatamente. Tras el m\u00e9todo de suspensi\u00f3n con hilos tensores puede observarse una ligera hinchaz\u00f3n o hematomas, efectos que disminuyen a los pocos d\u00edas. En los procedimientos quir\u00fargicos de lifting de cejas, el proceso de cicatrizaci\u00f3n suele durar entre 1 y 2 semanas. Es importante proteger la zona y seguir las recomendaciones del m\u00e9dico durante el proceso de cicatrizaci\u00f3n.<\/span><\/p><h2><span style=\"font-weight: 400;\">\u00bfEs doloroso el lifting de cejas?<\/span><\/h2><p><span style=\"font-weight: 400;\">El lifting de cejas suele causar un dolor m\u00ednimo. La sensaci\u00f3n de dolor es casi inexistente en los m\u00e9todos de Botox y suspensi\u00f3n con hilos tensores. Dado que durante las intervenciones quir\u00fargicas se aplica anestesia local o general, no se siente dolor durante el procedimiento. Sin embargo, puede sentirse una ligera molestia despu\u00e9s de la intervenci\u00f3n quir\u00fargica, que puede controlarse con analg\u00e9sicos recetados.<\/span><\/p><h2><span style=\"font-weight: 400;\">\u00bfEs el lifting de cejas un procedimiento permanente?<\/span><\/h2><p><span style=\"font-weight: 400;\">La permanencia del procedimiento de lifting de cejas var\u00eda seg\u00fan el m\u00e9todo aplicado. Mientras que los procedimientos realizados con Botox son efectivos entre 3 y 6 meses, el m\u00e9todo de suspensi\u00f3n con hilos suele proporcionar 1-2 a\u00f1os de permanencia. Los m\u00e9todos quir\u00fargicos ofrecen resultados m\u00e1s duraderos y permanentes. La duraci\u00f3n de la permanencia puede variar en funci\u00f3n de la edad, la estructura de la piel y el estilo de vida de la persona.<\/span><\/p><h2><span style=\"font-weight: 400;\">\u00bfCu\u00e1les son los precios del lifting de cejas?<\/span><\/h2><p><span style=\"font-weight: 400;\">Los precios del procedimiento de lifting de cejas var\u00edan en funci\u00f3n del m\u00e9todo utilizado, el especialista que lo realiza y la regi\u00f3n donde se encuentre la cl\u00ednica. Los m\u00e9todos de botox y suspensi\u00f3n con hilos suelen ofrecer opciones m\u00e1s econ\u00f3micas, mientras que los procedimientos quir\u00fargicos pueden ser m\u00e1s costosos. Para obtener informaci\u00f3n detallada, se recomienda consultar a un m\u00e9dico especialista.<\/span><\/p><h2><span style=\"font-weight: 400;\">\u00bfQu\u00e9 hay que tener en cuenta tras un lifting de cejas?<\/span><\/h2><p><span style=\"font-weight: 400;\">Tras la intervenci\u00f3n, es importante proteger la zona de las cejas de los impactos y evitar actividades f\u00edsicas excesivas. Adem\u00e1s, deben evitarse los productos de maquillaje pesados aplicados en la zona de la cara. El uso regular de cremas y medicamentos recomendados por el m\u00e9dico tras la intervenci\u00f3n quir\u00fargica puede acelerar el proceso de cicatrizaci\u00f3n.<\/span><\/p><h2><span style=\"font-weight: 400;\">\u00bfEs lo mismo el lifting de cejas y el lifting de frente?<\/span><\/h2><p><span style=\"font-weight: 400;\">Los procedimientos de lifting de cejas y de estiramiento de la frente son diferentes entre s\u00ed. Mientras que el lifting de cejas pretende corregir \u00fanicamente la posici\u00f3n de las cejas, el lifting frontal corrige las arrugas y la flacidez de toda la frente. Sin embargo, estos dos procedimientos a menudo pueden realizarse juntos para proporcionar un rejuvenecimiento m\u00e1s completo.<\/span><\/p><p>\u00a0<\/p>\t\t\t\t\t\t\t\t<\/div>\n\t\t\t\t<\/div>\n\t\t\t\t\t<\/div>\n\t\t\t\t<\/div>\n\t\t\t\t<\/div>","protected":false},"excerpt":{"rendered":"<p>Ka\u015f kald\u0131rma, estetik d\u00fcnyas\u0131nda y\u00fcz ifadesini gen\u00e7le\u015ftirmek ve daha canl\u0131 bir g\u00f6r\u00fcn\u00fcm elde etmek i\u00e7in tercih edilen pop\u00fcler i\u015flemlerden biridir.<\/p>","protected":false},"author":1,"featured_media":0,"parent":0,"menu_order":0,"comment_status":"closed","ping_status":"closed","template":"","meta":{"footnotes":""},"class_list":["post-27787","page","type-page","status-publish","hentry"],"_links":{"self":[{"href":"https:\/\/westestetik.com\/es\/wp-json\/wp\/v2\/pages\/27787","targetHints":{"allow":["GET"]}}],"collection":[{"href":"https:\/\/westestetik.com\/es\/wp-json\/wp\/v2\/pages"}],"about":[{"href":"https:\/\/westestetik.com\/es\/wp-json\/wp\/v2\/types\/page"}],"author":[{"embeddable":true,"href":"https:\/\/westestetik.com\/es\/wp-json\/wp\/v2\/users\/1"}],"replies":[{"embeddable":true,"href":"https:\/\/westestetik.com\/es\/wp-json\/wp\/v2\/comments?post=27787"}],"version-history":[{"count":4,"href":"https:\/\/westestetik.com\/es\/wp-json\/wp\/v2\/pages\/27787\/revisions"}],"predecessor-version":[{"id":27895,"href":"https:\/\/westestetik.com\/es\/wp-json\/wp\/v2\/pages\/27787\/revisions\/27895"}],"wp:attachment":[{"href":"https:\/\/westestetik.com\/es\/wp-json\/wp\/v2\/media?parent=27787"}],"curies":[{"name":"wp","href":"https:\/\/api.w.org\/{rel}","templated":true}]}}