{"id":27765,"date":"2024-12-02T22:51:37","date_gmt":"2024-12-02T22:51:37","guid":{"rendered":"https:\/\/westestetik.com\/?page_id=27765"},"modified":"2024-12-25T10:50:19","modified_gmt":"2024-12-25T10:50:19","slug":"revision-de-implantes-mamarios","status":"publish","type":"page","link":"https:\/\/westestetik.com\/es\/revision-de-implantes-mamarios\/","title":{"rendered":"Revisi\u00f3n de implantes mamarios"},"content":{"rendered":"<div data-elementor-type=\"wp-page\" data-elementor-id=\"27765\" class=\"elementor elementor-27765\" data-elementor-post-type=\"page\">\n\t\t\t\t<div class=\"wd-negative-gap elementor-element elementor-element-e150b12 e-flex e-con-boxed e-con e-parent\" data-id=\"e150b12\" data-element_type=\"container\">\n\t\t\t\t\t<div class=\"e-con-inner\">\n\t\t\t\t<div class=\"elementor-element elementor-element-7286009 elementor-widget elementor-widget-image\" data-id=\"7286009\" data-element_type=\"widget\" data-widget_type=\"image.default\">\n\t\t\t\t<div class=\"elementor-widget-container\">\n\t\t\t\t\t\t\t\t\t\t\t\t\t\t\t<img fetchpriority=\"high\" decoding=\"async\" width=\"1300\" height=\"384\" src=\"https:\/\/westestetik.com\/wp-content\/uploads\/2024\/12\/Uygulama-1-1300x384.png\" class=\"attachment-large size-large wp-image-27725\" alt=\"Enfermedades\" srcset=\"https:\/\/westestetik.com\/wp-content\/uploads\/2024\/12\/Uygulama-1-1300x384.png 1300w, https:\/\/westestetik.com\/wp-content\/uploads\/2024\/12\/Uygulama-1-430x127.png 430w, https:\/\/westestetik.com\/wp-content\/uploads\/2024\/12\/Uygulama-1-150x44.png 150w, https:\/\/westestetik.com\/wp-content\/uploads\/2024\/12\/Uygulama-1-700x207.png 700w, https:\/\/westestetik.com\/wp-content\/uploads\/2024\/12\/Uygulama-1-400x118.png 400w, https:\/\/westestetik.com\/wp-content\/uploads\/2024\/12\/Uygulama-1-768x227.png 768w, https:\/\/westestetik.com\/wp-content\/uploads\/2024\/12\/Uygulama-1-1536x453.png 1536w, https:\/\/westestetik.com\/wp-content\/uploads\/2024\/12\/Uygulama-1-2048x604.png 2048w\" sizes=\"(max-width: 1300px) 100vw, 1300px\" \/>\t\t\t\t\t\t\t\t\t\t\t\t\t\t\t<\/div>\n\t\t\t\t<\/div>\n\t\t\t\t\t<\/div>\n\t\t\t\t<\/div>\n\t\t<div class=\"wd-negative-gap elementor-element elementor-element-f52d84a e-flex e-con-boxed e-con e-parent\" data-id=\"f52d84a\" data-element_type=\"container\">\n\t\t\t\t\t<div class=\"e-con-inner\">\n\t\t\t\t<div class=\"elementor-element elementor-element-d0e046e color-scheme-inherit text-left elementor-widget elementor-widget-text-editor\" data-id=\"d0e046e\" data-element_type=\"widget\" data-widget_type=\"text-editor.default\">\n\t\t\t\t<div class=\"elementor-widget-container\">\n\t\t\t\t\t\t\t\t\t<p>La revisi\u00f3n de implantes mamarios es un procedimiento de correcci\u00f3n que se realiza para corregir los problemas que surgen tras una cirug\u00eda previa de aumento mamario o para adaptarse a las expectativas est\u00e9ticas. Problemas como deformaciones, desplazamientos, asimetr\u00eda o descolgamiento de los implantes con el paso del tiempo pueden dificultar a muchas mujeres la consecuci\u00f3n de sus objetivos est\u00e9ticos. Por lo tanto, la revisi\u00f3n de los implantes mamarios es un paso importante para conseguir un aspecto natural y sim\u00e9trico de la mama. Adem\u00e1s, este procedimiento puede ser necesario cuando la vida \u00fatil del implante expira con el tiempo o cuando cambian las expectativas de la persona.<\/p><h2>\u00bfQu\u00e9 es la revisi\u00f3n de implantes mamarios y cu\u00e1ndo se realiza?<\/h2><p>La revisi\u00f3n de implantes mamarios es un procedimiento de correcci\u00f3n que se realiza para solucionar los problemas que surgen tras una cirug\u00eda previa de aumento mamario. Tras la primera colocaci\u00f3n de implantes pueden surgir problemas est\u00e9ticos como el desplazamiento, la deformaci\u00f3n, la asimetr\u00eda o la ca\u00edda de la mama. Cuando surgen estos problemas, puede ser necesaria una revisi\u00f3n del implante mamario. Adem\u00e1s, la revisi\u00f3n puede realizarse cuando expira la vida \u00fatil del implante o si cambian las expectativas est\u00e9ticas de la persona.<\/p><h2>\u00bfQu\u00e9 problemas pueden resolverse con la revisi\u00f3n de implantes mamarios?<\/h2><p>La revisi\u00f3n de implantes mamarios puede aplicarse para resolver diversos problemas. Entre ellos se incluyen<\/p><ul><li>Sustituci\u00f3n de implantes: Con el tiempo, los implantes pueden fatigarse o reventar. En este caso, puede ser necesario colocar un nuevo implante.<\/li><li>Asimetr\u00eda: Si se ha producido una asimetr\u00eda en el tama\u00f1o de las mamas despu\u00e9s de la primera aplicaci\u00f3n, puede conseguirse la simetr\u00eda con la revisi\u00f3n.<\/li><li>Ca\u00edda y deformidades: La flacidez causada por el desplazamiento del implante o el aflojamiento de la piel puede corregirse.<\/li><li>Contractura capsular: Los tejidos endurecidos alrededor del implante pueden resultar inc\u00f3modos y tener resultados est\u00e9ticamente desfavorables. Este problema tambi\u00e9n puede resolverse mediante revisi\u00f3n.<\/li><\/ul><h2>\u00bfCu\u00e1nto cuestan las revisiones de implantes mamarios?<\/h2><p>Los precios de la revisi\u00f3n de implantes mamarios pueden variar en funci\u00f3n de la complejidad de la operaci\u00f3n, el tipo de implante que se vaya a utilizar y el alcance de la intervenci\u00f3n. Sin embargo, puede haber diferencias de precio para cada paciente. Por lo tanto, es necesaria una consulta detallada para obtener un presupuesto personalizado.<\/p><h2>\u00bfCu\u00e1l es el proceso de recuperaci\u00f3n tras una revisi\u00f3n de implantes mamarios?<\/h2><p>El proceso de curaci\u00f3n tras una revisi\u00f3n de implantes mamarios suele variar entre 1 y 2 semanas. Durante los primeros d\u00edas pueden aparecer hinchaz\u00f3n y hematomas leves. La paciente debe descansar y evitar ejercicios pesados durante este periodo. La recuperaci\u00f3n completa puede tardar entre 3 y 6 semanas. Adem\u00e1s, el uso de un cors\u00e9 o vendaje recomendado por el m\u00e9dico puede acelerar el proceso de cicatrizaci\u00f3n. Tras la sustituci\u00f3n de implantes, los resultados suelen ser permanentes, pero es importante someterse a revisiones peri\u00f3dicas.<\/p><h2>\u00bfQui\u00e9n es el mejor candidato para la revisi\u00f3n de implantes mamarios?<\/h2><p>La revisi\u00f3n de implantes mamarios se aplica a personas que se han sometido previamente a una cirug\u00eda de aumento mamario y no est\u00e1n satisfechas con los resultados o tienen problemas de salud. Un buen candidato debe tener un cuerpo sano, no fumar y haber decidido claramente sus objetivos est\u00e9ticos. Adem\u00e1s, se debe consultar a un cirujano pl\u00e1stico teniendo en cuenta el estado de salud actual.<\/p><h2>\u00bfEs dolorosa la cirug\u00eda de revisi\u00f3n de implantes mamarios?<\/h2><p>La revisi\u00f3n de implantes mamarios es una operaci\u00f3n que suele realizarse bajo anestesia. Es normal que aparezcan dolores y molestias postoperatorias leves, pero normalmente pueden controlarse con medicaci\u00f3n. Puede haber sensaci\u00f3n de dolor durante los primeros d\u00edas, pero estas molestias disminuyen a medida que avanza el proceso de cicatrizaci\u00f3n. El procedimiento de revisi\u00f3n puede no ser tan doloroso como la cirug\u00eda primaria porque el implante se sustituye en su lugar o se realizan correcciones menores.<\/p><h2>\u00bfQu\u00e9 debe tenerse en cuenta antes y despu\u00e9s de la revisi\u00f3n de implantes mamarios?<\/h2><p>Hay varios puntos importantes que deben tenerse en cuenta antes y despu\u00e9s de la revisi\u00f3n de implantes mamarios. Debe evitarse fumar antes de la operaci\u00f3n y abandonar cualquier h\u00e1bito que afecte negativamente al proceso de cicatrizaci\u00f3n. Adem\u00e1s, debe evitarse levantar objetos pesados y realizar actividades extenuantes durante las primeras semanas tras la intervenci\u00f3n. Tambi\u00e9n es importante seguir el proceso de tratamiento recomendado por el m\u00e9dico y no interrumpir los controles habituales.<\/p><h2>\u00bfEn qu\u00e9 casos es necesaria la revisi\u00f3n de implantes mamarios?<\/h2><p>La revisi\u00f3n de implantes mamarios es necesaria en casos como el desplazamiento del implante con el paso del tiempo, rotura, deformidades, contractura capsular o cambio en las expectativas est\u00e9ticas. Adem\u00e1s, la flacidez y las deformaciones del tejido mamario tras un parto o un cambio de peso tambi\u00e9n pueden requerir una revisi\u00f3n. Los trastornos relacionados con los implantes y los problemas de salud tambi\u00e9n figuran entre los motivos que hacen necesaria esta operaci\u00f3n.<\/p><h2>\u00bfQuedan cicatrices tras la revisi\u00f3n de implantes mamarios?<\/h2><p>Pueden quedar cicatrices tras la revisi\u00f3n de implantes mamarios, pero si se siguen las instrucciones de cuidado recomendadas por su m\u00e9dico, las cicatrices perder\u00e1n prominencia con el tiempo. Las cicatrices suelen minimizarse mediante incisiones situadas en el surco submamario o alrededor de la areola. La visibilidad de las cicatrices var\u00eda en funci\u00f3n del proceso de cicatrizaci\u00f3n individual y del tipo de intervenci\u00f3n realizada.<\/p><h2>\u00bfCu\u00e1les son los resultados permanentes tras una revisi\u00f3n de implantes mamarios?<\/h2><p>Los resultados obtenidos tras la revisi\u00f3n de implantes mamarios suelen ser permanentes. Sin embargo, los cambios corporales, el proceso de envejecimiento o factores externos pueden modificar la ubicaci\u00f3n del implante con el paso del tiempo. No obstante, se pueden conseguir resultados est\u00e9ticos permanentes con los cuidados adecuados y controles regulares del m\u00e9dico. Adem\u00e1s, tras el proceso de revisi\u00f3n, se obtiene una forma m\u00e1s sim\u00e9trica, joven y natural de la mama.<\/p><p>\u00a0<\/p>\t\t\t\t\t\t\t\t<\/div>\n\t\t\t\t<\/div>\n\t\t\t\t\t<\/div>\n\t\t\t\t<\/div>\n\t\t\t\t<\/div>","protected":false},"excerpt":{"rendered":"<p>Meme implant\u0131 revizyonu, daha \u00f6nce yap\u0131lan meme b\u00fcy\u00fctme ameliyat\u0131n\u0131n ard\u0131ndan ortaya \u00e7\u0131kan sorunlar\u0131 d\u00fczeltmek veya estetik beklentilere uyum sa\u011flamak amac\u0131yla<\/p>","protected":false},"author":1,"featured_media":0,"parent":0,"menu_order":0,"comment_status":"closed","ping_status":"closed","template":"","meta":{"footnotes":""},"class_list":["post-27765","page","type-page","status-publish","hentry"],"_links":{"self":[{"href":"https:\/\/westestetik.com\/es\/wp-json\/wp\/v2\/pages\/27765","targetHints":{"allow":["GET"]}}],"collection":[{"href":"https:\/\/westestetik.com\/es\/wp-json\/wp\/v2\/pages"}],"about":[{"href":"https:\/\/westestetik.com\/es\/wp-json\/wp\/v2\/types\/page"}],"author":[{"embeddable":true,"href":"https:\/\/westestetik.com\/es\/wp-json\/wp\/v2\/users\/1"}],"replies":[{"embeddable":true,"href":"https:\/\/westestetik.com\/es\/wp-json\/wp\/v2\/comments?post=27765"}],"version-history":[{"count":4,"href":"https:\/\/westestetik.com\/es\/wp-json\/wp\/v2\/pages\/27765\/revisions"}],"predecessor-version":[{"id":27819,"href":"https:\/\/westestetik.com\/es\/wp-json\/wp\/v2\/pages\/27765\/revisions\/27819"}],"wp:attachment":[{"href":"https:\/\/westestetik.com\/es\/wp-json\/wp\/v2\/media?parent=27765"}],"curies":[{"name":"wp","href":"https:\/\/api.w.org\/{rel}","templated":true}]}}