{"id":27763,"date":"2024-12-02T22:51:03","date_gmt":"2024-12-02T22:51:03","guid":{"rendered":"https:\/\/westestetik.com\/?page_id=27763"},"modified":"2024-12-25T10:49:25","modified_gmt":"2024-12-25T10:49:25","slug":"ginecomastia","status":"publish","type":"page","link":"https:\/\/westestetik.com\/es\/ginecomastia\/","title":{"rendered":"Ginecomastia"},"content":{"rendered":"<div data-elementor-type=\"wp-page\" data-elementor-id=\"27763\" class=\"elementor elementor-27763\" data-elementor-post-type=\"page\">\n\t\t\t\t<div class=\"wd-negative-gap elementor-element elementor-element-e150b12 e-flex e-con-boxed e-con e-parent\" data-id=\"e150b12\" data-element_type=\"container\">\n\t\t\t\t\t<div class=\"e-con-inner\">\n\t\t\t\t<div class=\"elementor-element elementor-element-7286009 elementor-widget elementor-widget-image\" data-id=\"7286009\" data-element_type=\"widget\" data-widget_type=\"image.default\">\n\t\t\t\t<div class=\"elementor-widget-container\">\n\t\t\t\t\t\t\t\t\t\t\t\t\t\t\t<img fetchpriority=\"high\" decoding=\"async\" width=\"1300\" height=\"384\" src=\"https:\/\/westestetik.com\/wp-content\/uploads\/2024\/12\/Uygulama-1-1300x384.png\" class=\"attachment-large size-large wp-image-27725\" alt=\"Enfermedades\" srcset=\"https:\/\/westestetik.com\/wp-content\/uploads\/2024\/12\/Uygulama-1-1300x384.png 1300w, https:\/\/westestetik.com\/wp-content\/uploads\/2024\/12\/Uygulama-1-430x127.png 430w, https:\/\/westestetik.com\/wp-content\/uploads\/2024\/12\/Uygulama-1-150x44.png 150w, https:\/\/westestetik.com\/wp-content\/uploads\/2024\/12\/Uygulama-1-700x207.png 700w, https:\/\/westestetik.com\/wp-content\/uploads\/2024\/12\/Uygulama-1-400x118.png 400w, https:\/\/westestetik.com\/wp-content\/uploads\/2024\/12\/Uygulama-1-768x227.png 768w, https:\/\/westestetik.com\/wp-content\/uploads\/2024\/12\/Uygulama-1-1536x453.png 1536w, https:\/\/westestetik.com\/wp-content\/uploads\/2024\/12\/Uygulama-1-2048x604.png 2048w\" sizes=\"(max-width: 1300px) 100vw, 1300px\" \/>\t\t\t\t\t\t\t\t\t\t\t\t\t\t\t<\/div>\n\t\t\t\t<\/div>\n\t\t\t\t\t<\/div>\n\t\t\t\t<\/div>\n\t\t<div class=\"wd-negative-gap elementor-element elementor-element-e5a5398 e-flex e-con-boxed e-con e-parent\" data-id=\"e5a5398\" data-element_type=\"container\">\n\t\t\t\t\t<div class=\"e-con-inner\">\n\t\t\t\t<div class=\"elementor-element elementor-element-a914224 color-scheme-inherit text-left elementor-widget elementor-widget-text-editor\" data-id=\"a914224\" data-element_type=\"widget\" data-widget_type=\"text-editor.default\">\n\t\t\t\t<div class=\"elementor-widget-container\">\n\t\t\t\t\t\t\t\t\t<p><span style=\"font-weight: 400;\">La ginecomastia es una afecci\u00f3n causada por un crecimiento anormal del tejido mamario en los hombres y puede causar molestias tanto est\u00e9ticas como f\u00edsicas. Puede desarrollarse por diversos motivos, como la gen\u00e9tica, desequilibrios hormonales, sobrepeso o algunos problemas de salud. Aunque la ginecomastia es un problema que puede provocar una p\u00e9rdida de confianza en uno mismo, es posible encontrar soluciones permanentes gracias a los eficaces m\u00e9todos de tratamiento que ofrece la medicina moderna.\u00a0<\/span><\/p><h2><span style=\"font-weight: 400;\">\u00bfQu\u00e9 es la ginecomastia y por qu\u00e9 se produce?<\/span><\/h2><p><span style=\"font-weight: 400;\">La ginecomastia es una afecci\u00f3n causada por el crecimiento excesivo de tejido mamario en los hombres. Esta afecci\u00f3n suele estar causada por desequilibrios hormonales, pero los factores gen\u00e9ticos, el aumento de peso, el consumo de medicamentos y algunos problemas de salud tambi\u00e9n pueden provocar ginecomastia. Tener los pechos m\u00e1s grandes de lo normal puede causar molestias f\u00edsicas y p\u00e9rdida de confianza en uno mismo. El tratamiento de la ginecomastia es un paso importante para mejorar la calidad de vida del paciente tanto est\u00e9tica como f\u00edsicamente.<\/span><\/p><h2><span style=\"font-weight: 400;\">Tratamiento de la ginecomastia: \u00bfQu\u00e9 m\u00e9todos se aplican?<\/span><\/h2><p><span style=\"font-weight: 400;\">El tratamiento de la ginecomastia var\u00eda en funci\u00f3n de la gravedad y la causa de la enfermedad. En los casos leves, pueden recomendarse cambios en el estilo de vida y medicaci\u00f3n para el tratamiento. Sin embargo, en los casos m\u00e1s avanzados, la cirug\u00eda de la ginecomastia se erige como la soluci\u00f3n m\u00e1s eficaz. Se trata de una intervenci\u00f3n quir\u00fargica para eliminar el exceso de tejido mamario. En este tipo de operaciones se suele recurrir a la liposucci\u00f3n y a la extirpaci\u00f3n de tejido mamario. Dado que el estado de cada paciente es diferente, el m\u00e9todo de tratamiento lo determina individualmente un especialista.<\/span><\/p><h2><span style=\"font-weight: 400;\">\u00bfCu\u00e1l es el proceso de recuperaci\u00f3n tras una operaci\u00f3n de ginecomastia?<\/span><\/h2><p><span style=\"font-weight: 400;\">El proceso de recuperaci\u00f3n tras una operaci\u00f3n de ginecomastia suele ser r\u00e1pido, pero hay algunos puntos a los que los pacientes deben prestar atenci\u00f3n. En los primeros d\u00edas pueden observarse hinchaz\u00f3n y hematomas leves, pero desaparecen con el tiempo. Tras la intervenci\u00f3n, es posible que los pacientes deban llevar un cors\u00e9 durante varias semanas. Tambi\u00e9n es importante evitar actividades deportivas pesadas y proteger el lugar de la operaci\u00f3n. El proceso de recuperaci\u00f3n puede variar seg\u00fan el estado de salud general de la paciente y la complejidad de la operaci\u00f3n.<\/span><\/p><h2><span style=\"font-weight: 400;\">\u00bfCu\u00e1les son los precios de la cirug\u00eda de ginecomastia?<\/span><\/h2><p><span style=\"font-weight: 400;\">Los precios de la cirug\u00eda de ginecomastia var\u00edan en funci\u00f3n de diversos factores. Entre ellos, el estado del paciente, el hospital en el que se realizar\u00e1 la intervenci\u00f3n, las t\u00e9cnicas utilizadas y la experiencia del cirujano. Los precios de la cirug\u00eda de ginecomastia suelen basarse en listas de precios determinadas en hospitales privados y los precios se determinan espec\u00edficamente para cada paciente. El rango de precios puede variar dependiendo de la complejidad del procedimiento, por lo que se recomienda una evaluaci\u00f3n preliminar.<\/span><\/p><h2><span style=\"font-weight: 400;\">\u00bfPara qui\u00e9n es adecuada la cirug\u00eda de ginecomastia?<\/span><\/h2><p><span style=\"font-weight: 400;\">La cirug\u00eda de ginecomastia es adecuada para los hombres que experimentan un crecimiento excesivo del tejido mamario y se sienten inc\u00f3modos con esta afecci\u00f3n. Sin embargo, esta operaci\u00f3n es ideal para personas con niveles hormonales normales, sanas y aptas para la intervenci\u00f3n quir\u00fargica. Tambi\u00e9n es importante que las personas que soliciten un tratamiento de ginecomastia tengan como objetivo el alivio f\u00edsico adem\u00e1s de las preocupaciones est\u00e9ticas. Por lo general, la cirug\u00eda se recomienda a personas mayores de 18 a\u00f1os.<\/span><\/p><h2><span style=\"font-weight: 400;\">Cosas a tener en cuenta despu\u00e9s de la cirug\u00eda de ginecomastia<\/span><\/h2><p><span style=\"font-weight: 400;\">Los cuidados postoperatorios son muy importantes para un proceso de curaci\u00f3n saludable. Puede haber dolor e hinchaz\u00f3n en los primeros d\u00edas, esto es normal. Los pacientes deben tomar su medicaci\u00f3n regularmente seg\u00fan las recomendaciones de su m\u00e9dico. Adem\u00e1s, prestar atenci\u00f3n a la nutrici\u00f3n postoperatoria, no fumar y evitar el alcohol puede acelerar el proceso de curaci\u00f3n. No hay que olvidar que deben evitarse las actividades f\u00edsicas y los movimientos deportivos pesados.<\/span><\/p><h2><span style=\"font-weight: 400;\">Tecnolog\u00edas y m\u00e9todos utilizados en el tratamiento de la ginecomastia<\/span><\/h2><p><span style=\"font-weight: 400;\">Las tecnolog\u00edas utilizadas en el tratamiento de la ginecomastia se han desarrollado junto con las t\u00e9cnicas quir\u00fargicas. A menudo se prefiere el m\u00e9todo de liposucci\u00f3n en las intervenciones quir\u00fargicas. Con este m\u00e9todo, se elimina el exceso de tejido graso y se corrige la forma de las mamas. Al mismo tiempo, en algunos pacientes tambi\u00e9n pueden aplicarse m\u00e9todos menos invasivos, como el tratamiento con l\u00e1ser. La opci\u00f3n de tratamiento m\u00e1s adecuada para cada persona se determina tras un examen detallado por parte del m\u00e9dico.<\/span><\/p><h2><span style=\"font-weight: 400;\">Consejos para obtener los mejores resultados en el tratamiento de la ginecomastia<\/span><\/h2><p><span style=\"font-weight: 400;\">Para obtener los mejores resultados en el tratamiento de la ginecomastia, es importante elegir un cirujano especialista y cumplir plenamente el proceso de tratamiento. Adem\u00e1s, adoptar h\u00e1bitos de vida saludables durante el tratamiento de la ginecomastia puede acelerar el proceso de curaci\u00f3n. Hacer ejercicio con regularidad, seguir una dieta equilibrada y dormir lo suficiente pueden aumentar la permanencia de los resultados tras el tratamiento.<\/span><\/p><h2><span style=\"font-weight: 400;\">Riesgos y efectos secundarios de la cirug\u00eda de ginecomastia<\/span><\/h2><p><span style=\"font-weight: 400;\">Como en cualquier intervenci\u00f3n quir\u00fargica, existen algunos riesgos asociados a la cirug\u00eda de ginecomastia. Estos riesgos pueden incluir infecci\u00f3n, hemorragia, resultados asim\u00e9tricos y reacciones relacionadas con la anestesia. Sin embargo, estos riesgos se reducen al m\u00ednimo en las operaciones realizadas por un cirujano experimentado. Seguir exactamente las recomendaciones de su m\u00e9dico antes y despu\u00e9s de la operaci\u00f3n le ayudar\u00e1 a reducir los riesgos.<\/span><\/p><h2><span style=\"font-weight: 400;\">\u00bfSoy un candidato adecuado para la cirug\u00eda de ginecomastia?<\/span><\/h2><p><span style=\"font-weight: 400;\">Para saber si es un candidato adecuado para la cirug\u00eda de ginecomastia, debe consultar a un especialista. La raz\u00f3n m\u00e1s importante para que los candidatos prefieran esta cirug\u00eda es que consideran que el aumento de las mamas les causa problemas est\u00e9ticos. Sin embargo, el estado de salud tambi\u00e9n es un factor importante. Los individuos sanos son candidatos adecuados para esta cirug\u00eda. Adem\u00e1s, es importante que los pacientes presten atenci\u00f3n al proceso de cicatrizaci\u00f3n para que los resultados sean permanentes.<\/span><\/p><p>\u00a0<\/p>\t\t\t\t\t\t\t\t<\/div>\n\t\t\t\t<\/div>\n\t\t\t\t\t<\/div>\n\t\t\t\t<\/div>\n\t\t\t\t<\/div>","protected":false},"excerpt":{"rendered":"<p>Jinekomasti, erkeklerde meme dokusunun anormal \u015fekilde b\u00fcy\u00fcmesiyle ortaya \u00e7\u0131kan bir durumdur ve hem estetik hem de fiziksel a\u00e7\u0131dan rahats\u0131zl\u0131k yaratabilir.<\/p>","protected":false},"author":1,"featured_media":0,"parent":0,"menu_order":0,"comment_status":"closed","ping_status":"closed","template":"","meta":{"footnotes":""},"class_list":["post-27763","page","type-page","status-publish","hentry"],"_links":{"self":[{"href":"https:\/\/westestetik.com\/es\/wp-json\/wp\/v2\/pages\/27763","targetHints":{"allow":["GET"]}}],"collection":[{"href":"https:\/\/westestetik.com\/es\/wp-json\/wp\/v2\/pages"}],"about":[{"href":"https:\/\/westestetik.com\/es\/wp-json\/wp\/v2\/types\/page"}],"author":[{"embeddable":true,"href":"https:\/\/westestetik.com\/es\/wp-json\/wp\/v2\/users\/1"}],"replies":[{"embeddable":true,"href":"https:\/\/westestetik.com\/es\/wp-json\/wp\/v2\/comments?post=27763"}],"version-history":[{"count":5,"href":"https:\/\/westestetik.com\/es\/wp-json\/wp\/v2\/pages\/27763\/revisions"}],"predecessor-version":[{"id":28179,"href":"https:\/\/westestetik.com\/es\/wp-json\/wp\/v2\/pages\/27763\/revisions\/28179"}],"wp:attachment":[{"href":"https:\/\/westestetik.com\/es\/wp-json\/wp\/v2\/media?parent=27763"}],"curies":[{"name":"wp","href":"https:\/\/api.w.org\/{rel}","templated":true}]}}