{"id":27761,"date":"2024-12-02T22:50:31","date_gmt":"2024-12-02T22:50:31","guid":{"rendered":"https:\/\/westestetik.com\/?page_id=27761"},"modified":"2024-12-25T10:48:57","modified_gmt":"2024-12-25T10:48:57","slug":"lifting-mamario","status":"publish","type":"page","link":"https:\/\/westestetik.com\/es\/lifting-mamario\/","title":{"rendered":"Elevaci\u00f3n de mamas"},"content":{"rendered":"<div data-elementor-type=\"wp-page\" data-elementor-id=\"27761\" class=\"elementor elementor-27761\" data-elementor-post-type=\"page\">\n\t\t\t\t<div class=\"wd-negative-gap elementor-element elementor-element-e150b12 e-flex e-con-boxed e-con e-parent\" data-id=\"e150b12\" data-element_type=\"container\">\n\t\t\t\t\t<div class=\"e-con-inner\">\n\t\t\t\t<div class=\"elementor-element elementor-element-7286009 elementor-widget elementor-widget-image\" data-id=\"7286009\" data-element_type=\"widget\" data-widget_type=\"image.default\">\n\t\t\t\t<div class=\"elementor-widget-container\">\n\t\t\t\t\t\t\t\t\t\t\t\t\t\t\t<img fetchpriority=\"high\" decoding=\"async\" width=\"1300\" height=\"384\" src=\"https:\/\/westestetik.com\/wp-content\/uploads\/2024\/12\/Uygulama-1-1300x384.png\" class=\"attachment-large size-large wp-image-27725\" alt=\"Enfermedades\" srcset=\"https:\/\/westestetik.com\/wp-content\/uploads\/2024\/12\/Uygulama-1-1300x384.png 1300w, https:\/\/westestetik.com\/wp-content\/uploads\/2024\/12\/Uygulama-1-430x127.png 430w, https:\/\/westestetik.com\/wp-content\/uploads\/2024\/12\/Uygulama-1-150x44.png 150w, https:\/\/westestetik.com\/wp-content\/uploads\/2024\/12\/Uygulama-1-700x207.png 700w, https:\/\/westestetik.com\/wp-content\/uploads\/2024\/12\/Uygulama-1-400x118.png 400w, https:\/\/westestetik.com\/wp-content\/uploads\/2024\/12\/Uygulama-1-768x227.png 768w, https:\/\/westestetik.com\/wp-content\/uploads\/2024\/12\/Uygulama-1-1536x453.png 1536w, https:\/\/westestetik.com\/wp-content\/uploads\/2024\/12\/Uygulama-1-2048x604.png 2048w\" sizes=\"(max-width: 1300px) 100vw, 1300px\" \/>\t\t\t\t\t\t\t\t\t\t\t\t\t\t\t<\/div>\n\t\t\t\t<\/div>\n\t\t\t\t\t<\/div>\n\t\t\t\t<\/div>\n\t\t<div class=\"wd-negative-gap elementor-element elementor-element-195135c e-flex e-con-boxed e-con e-parent\" data-id=\"195135c\" data-element_type=\"container\">\n\t\t\t\t\t<div class=\"e-con-inner\">\n\t\t\t\t<div class=\"elementor-element elementor-element-4f0ffe1 color-scheme-inherit text-left elementor-widget elementor-widget-text-editor\" data-id=\"4f0ffe1\" data-element_type=\"widget\" data-widget_type=\"text-editor.default\">\n\t\t\t\t<div class=\"elementor-widget-container\">\n\t\t\t\t\t\t\t\t\t<p><span style=\"font-weight: 400;\">La cirug\u00eda de elevaci\u00f3n mamaria es una intervenci\u00f3n quir\u00fargica est\u00e9tica que permite que los senos ca\u00eddos recuperen un aspecto juvenil y con forma debido a la edad, el embarazo, la lactancia o la p\u00e9rdida de peso. Esta cirug\u00eda ayuda a las mujeres a sentirse mejor tanto f\u00edsica como psicol\u00f3gicamente.<\/span><\/p><h2><span style=\"font-weight: 400;\">\u00bfQu\u00e9 es la elevaci\u00f3n de mamas y para qui\u00e9n est\u00e1 indicada?<\/span><\/h2><p><span style=\"font-weight: 400;\">La elevaci\u00f3n de mamas es un procedimiento quir\u00fargico est\u00e9tico que se realiza para devolver a las mamas ca\u00eddas o con p\u00e9rdida de volumen un aspecto m\u00e1s juvenil, con m\u00e1s forma y volumen. Este procedimiento es especialmente id\u00f3neo para las mujeres que desean recuperar la forma anterior de sus senos tras un embarazo, la lactancia, el envejecimiento o cambios importantes de peso. La elevaci\u00f3n mamaria no s\u00f3lo consiste en levantar el pecho, sino tambi\u00e9n en eliminar el exceso de piel y tejido para devolverle su forma natural.<\/span><\/p><p><span style=\"font-weight: 400;\">Esta intervenci\u00f3n quir\u00fargica permite a las mujeres sentirse mejor tanto f\u00edsica como psicol\u00f3gicamente. La elevaci\u00f3n mamaria puede corregir la flacidez, as\u00ed como deformidades como la asimetr\u00eda.<\/span><\/p><h2><span style=\"font-weight: 400;\">\u00bfPara qui\u00e9n es adecuado?<\/span><\/h2><ul><li><span style=\"font-weight: 400;\">Mujeres que experimentan flacidez tras el embarazo y la lactancia<\/span><\/li><li><span style=\"font-weight: 400;\">Personas que experimentan p\u00e9rdida de volumen como consecuencia de la p\u00e9rdida de peso<\/span><\/li><li><span style=\"font-weight: 400;\">Mujeres cuyos pechos cambian de forma como consecuencia del envejecimiento<\/span><\/li><li><span style=\"font-weight: 400;\">Las que tienen una estructura mamaria asim\u00e9trica<\/span><\/li><li><span style=\"font-weight: 400;\">Mujeres que desean un aspecto m\u00e1s joven<\/span><\/li><\/ul><p><span style=\"font-weight: 400;\">Si se encuentra en una de estas situaciones, la cirug\u00eda de elevaci\u00f3n mamaria puede ser adecuada para usted. Un buen cirujano pl\u00e1stico determinar\u00e1 la mejor soluci\u00f3n que se adapte a sus necesidades individuales.<\/span><\/p><h2><span style=\"font-weight: 400;\">\u00bfC\u00f3mo se realiza la cirug\u00eda de elevaci\u00f3n de mamas?<\/span><\/h2><p><span style=\"font-weight: 400;\">La cirug\u00eda de elevaci\u00f3n mamaria es un procedimiento quir\u00fargico que suele durar entre 1 y 3 horas y puede realizarse con anestesia local o general. El cirujano utiliza diferentes t\u00e9cnicas en funci\u00f3n de la gravedad de la flacidez y del estado actual de la mama. Los pasos b\u00e1sicos de la cirug\u00eda son los siguientes:<\/span><\/p><ul><li><span style=\"font-weight: 400;\">Colocaci\u00f3n de la incisi\u00f3n: El cirujano hace incisiones alrededor del pez\u00f3n, debajo de \u00e9l y a veces en la zona de la axila. Estas incisiones suelen dejar cicatrices tras la cicatrizaci\u00f3n, pero un buen cirujano utiliza t\u00e9cnicas para minimizar las cicatrices.<\/span><\/li><li><span style=\"font-weight: 400;\">Remodelaci\u00f3n del tejido mamario: Se elimina el exceso de piel del pecho y se tira del tejido mamario hacia arriba, lo que da como resultado una forma m\u00e1s juvenil y erguida.<\/span><\/li><li><span style=\"font-weight: 400;\">Reposicionamiento del pez\u00f3n: El pez\u00f3n se reposiciona en funci\u00f3n del pecho levantado. De este modo, el pez\u00f3n se encuentra en una posici\u00f3n natural.<\/span><\/li><li><span style=\"font-weight: 400;\">Cierre y tensado de las cicatrices: Al final de la intervenci\u00f3n, se cierran las incisiones y comienza el proceso de cicatrizaci\u00f3n.<\/span><\/li><\/ul><p><span style=\"font-weight: 400;\">Tras la operaci\u00f3n, algunos pacientes pueden sentir un leve dolor e hinchaz\u00f3n. Sin embargo, esto suele desaparecer en 1 \u00f3 2 semanas. El proceso de cicatrizaci\u00f3n tras la elevaci\u00f3n de mamas puede variar en cada persona, pero la mayor\u00eda de las pacientes pueden retomar sus actividades cotidianas en 1 semana.<\/span><\/p><h2><span style=\"font-weight: 400;\">\u00bfHay p\u00e9rdida de sensibilidad tras la cirug\u00eda de elevaci\u00f3n de mamas?<\/span><\/h2><p><span style=\"font-weight: 400;\">Tras una operaci\u00f3n de lifting mamario, la mayor\u00eda de las mujeres pueden experimentar una p\u00e9rdida temporal de sensibilidad. Especialmente en las zonas alrededor del pez\u00f3n, puede producirse p\u00e9rdida de sensibilidad durante las primeras semanas debido al efecto de la anestesia. Sin embargo, esta p\u00e9rdida suele ser temporal y mejora con el tiempo.<\/span><\/p><p><span style=\"font-weight: 400;\">La p\u00e9rdida grave de sensibilidad es muy poco frecuente. Puede variar en funci\u00f3n de las t\u00e9cnicas del cirujano y del proceso de cicatrizaci\u00f3n individual. Un buen cirujano realizar\u00e1 la intervenci\u00f3n con un impacto m\u00ednimo en los nervios y reducir\u00e1 la posibilidad de p\u00e9rdida de sensibilidad.<\/span><\/p><p><span style=\"font-weight: 400;\">Sin embargo, algunos pacientes pueden experimentar una p\u00e9rdida m\u00ednima de sensibilidad, mientras que otros pueden experimentar un retorno completo de la sensaci\u00f3n perdida. Si le preocupa la p\u00e9rdida de sensibilidad, puede determinar cu\u00e1l es el mejor enfoque si lo comenta previamente con su cirujano.<\/span><\/p><h2><span style=\"font-weight: 400;\">\u00bfCu\u00e1les son los precios del lifting de mamas?<\/span><\/h2><p><span style=\"font-weight: 400;\">Los precios pueden variar en funci\u00f3n de la experiencia del cirujano, las condiciones del hospital y la cl\u00ednica, el tipo de anestesia utilizada y los servicios adicionales.<\/span><\/p><p><span style=\"font-weight: 400;\">Otro factor importante que determina el rango de precios es el grado de ca\u00edda del pecho y la t\u00e9cnica quir\u00fargica que debe seleccionarse en consecuencia. Si al procedimiento de elevaci\u00f3n de mamas se a\u00f1ade un aumento mamario (colocaci\u00f3n de implantes), los precios pueden ser m\u00e1s elevados.<\/span><\/p><p><span style=\"font-weight: 400;\">Es importante determinar el procedimiento exacto que necesita realizando una entrevista previa para averiguar el precio de la operaci\u00f3n. Tambi\u00e9n ser\u00e1 \u00fatil aclarar su presupuesto haciendo una planificaci\u00f3n financiera antes de la cirug\u00eda pl\u00e1stica.<\/span><\/p><h2><span style=\"font-weight: 400;\">Proceso de recuperaci\u00f3n y recomendaciones de cuidados tras una elevaci\u00f3n de mamas<\/span><\/h2><p><span style=\"font-weight: 400;\">El proceso de recuperaci\u00f3n tras la cirug\u00eda de elevaci\u00f3n de mamas puede ser diferente para cada paciente, pero en general se siguen las siguientes etapas:<\/span><\/p><ul><li><span style=\"font-weight: 400;\">Primeras 24 horas: Permanecer\u00e1 en observaci\u00f3n en el hospital durante unas horas despu\u00e9s de la operaci\u00f3n. Puede haber hinchaz\u00f3n y hematomas en las primeras 24 horas.<\/span><\/li><li><span style=\"font-weight: 400;\">Primera semana Durante la primera semana, debe evitar ejercer presi\u00f3n sobre los senos. Es importante llevar el sujetador o cors\u00e9 de sujeci\u00f3n recomendado por el cirujano.<\/span><\/li><li><span style=\"font-weight: 400;\">Semana 2 La hinchaz\u00f3n empieza a disminuir, pero debe recordar que el proceso de curaci\u00f3n contin\u00faa. Puede dar paseos ligeros.<\/span><\/li><li><span style=\"font-weight: 400;\">Tercera semana y despu\u00e9s: Puede empezar a retomar sus actividades normales a las pocas semanas de la intervenci\u00f3n, pero debe evitar el ejercicio intenso.<\/span><\/li><\/ul><p><span style=\"font-weight: 400;\">Durante el proceso de cicatrizaci\u00f3n, su cirujano le dar\u00e1 instrucciones de cuidado y le indicar\u00e1 c\u00f3mo cuidar la herida. Para evitar el riesgo de infecci\u00f3n, debes moverte por zonas est\u00e9riles y no descuides tus revisiones peri\u00f3dicas.<\/span><\/p><h2><span style=\"font-weight: 400;\">Diferencias entre lifting y est\u00e9tica mamaria<\/span><\/h2><p><span style=\"font-weight: 400;\">La est\u00e9tica mamaria incluye generalmente procedimientos quir\u00fargicos cuyo objetivo es cambiar la forma y el tama\u00f1o del pecho. La elevaci\u00f3n de mamas s\u00f3lo pretende recuperar los senos ca\u00eddos y darles una forma m\u00e1s est\u00e9tica. Por otro lado, los procedimientos de aumento o reducci\u00f3n mamaria tambi\u00e9n entran en la categor\u00eda de est\u00e9tica mamaria.<\/span><\/p><p><span style=\"font-weight: 400;\">La elevaci\u00f3n y el aumento mamarios pueden combinarse a menudo. En este caso, las pacientes pueden conseguir un aspecto m\u00e1s juvenil eliminando la p\u00e9rdida de volumen y recuperando el tejido fl\u00e1cido.<\/span><\/p><h2><span style=\"font-weight: 400;\">\u00bfQu\u00e9 importancia tienen las cicatrices tras una operaci\u00f3n de lifting mamario?<\/span><\/h2><p><span style=\"font-weight: 400;\">Como en cualquier intervenci\u00f3n quir\u00fargica, pueden quedar cicatrices despu\u00e9s de la cirug\u00eda de elevaci\u00f3n mamaria. Sin embargo, las cicatrices pueden diferir seg\u00fan las t\u00e9cnicas utilizadas por el cirujano y las zonas de incisi\u00f3n.<\/span><\/p><p><span style=\"font-weight: 400;\">Suele seguir:<\/span><\/p><ul><li><span style=\"font-weight: 400;\">Alrededor de la areola (alrededor del pez\u00f3n)<\/span><\/li><li><span style=\"font-weight: 400;\">En el plan bajo el pecho<\/span><\/li><li><span style=\"font-weight: 400;\">Puede extenderse verticalmente hacia arriba por debajo del pecho.<\/span><\/li><\/ul><p><span style=\"font-weight: 400;\">Se espera que las cicatrices desaparezcan y sean menos prominentes con el tiempo. Muchos pacientes aprecian los resultados est\u00e9ticos y est\u00e1n satisfechos con la intervenci\u00f3n a pesar de estas cicatrices. Adem\u00e1s, algunos cirujanos pueden utilizar t\u00e9cnicas especiales para que las cicatrices sean menos prominentes.<\/span><\/p><h2><span style=\"font-weight: 400;\">\u00bfEs posible dar el pecho despu\u00e9s de una operaci\u00f3n de lifting mamario?<\/span><\/h2><p><span style=\"font-weight: 400;\">Muchas mujeres pueden seguir amamantando despu\u00e9s de una elevaci\u00f3n de mamas. Durante la intervenci\u00f3n se da\u00f1an m\u00ednimamente los conductos galact\u00f3foros, necesarios para la producci\u00f3n de leche. Sin embargo, la anatom\u00eda de cada mujer es diferente y es importante hablarlo detalladamente con su cirujano.<\/span><\/p><p><span style=\"font-weight: 400;\">Si tiene previsto dar el pecho en el futuro, debe hablarlo abiertamente con su cirujano para que la elevaci\u00f3n de mamas se realice de forma que no interfiera con la lactancia.<\/span><\/p><p>\u00a0<\/p>\t\t\t\t\t\t\t\t<\/div>\n\t\t\t\t<\/div>\n\t\t\t\t\t<\/div>\n\t\t\t\t<\/div>\n\t\t\t\t<\/div>","protected":false},"excerpt":{"rendered":"<p>Meme dikle\u015ftirme ameliyat\u0131, ya\u015f, gebelik, emzirme ya da kilo kayb\u0131 gibi sebeplerle sarkan memelerin yeniden gen\u00e7 ve \u015fekilli bir g\u00f6r\u00fcn\u00fcm<\/p>","protected":false},"author":1,"featured_media":0,"parent":0,"menu_order":0,"comment_status":"closed","ping_status":"closed","template":"","meta":{"footnotes":""},"class_list":["post-27761","page","type-page","status-publish","hentry"],"_links":{"self":[{"href":"https:\/\/westestetik.com\/es\/wp-json\/wp\/v2\/pages\/27761","targetHints":{"allow":["GET"]}}],"collection":[{"href":"https:\/\/westestetik.com\/es\/wp-json\/wp\/v2\/pages"}],"about":[{"href":"https:\/\/westestetik.com\/es\/wp-json\/wp\/v2\/types\/page"}],"author":[{"embeddable":true,"href":"https:\/\/westestetik.com\/es\/wp-json\/wp\/v2\/users\/1"}],"replies":[{"embeddable":true,"href":"https:\/\/westestetik.com\/es\/wp-json\/wp\/v2\/comments?post=27761"}],"version-history":[{"count":10,"href":"https:\/\/westestetik.com\/es\/wp-json\/wp\/v2\/pages\/27761\/revisions"}],"predecessor-version":[{"id":27843,"href":"https:\/\/westestetik.com\/es\/wp-json\/wp\/v2\/pages\/27761\/revisions\/27843"}],"wp:attachment":[{"href":"https:\/\/westestetik.com\/es\/wp-json\/wp\/v2\/media?parent=27761"}],"curies":[{"name":"wp","href":"https:\/\/api.w.org\/{rel}","templated":true}]}}