{"id":27759,"date":"2024-12-02T22:49:33","date_gmt":"2024-12-02T22:49:33","guid":{"rendered":"https:\/\/westestetik.com\/?page_id=27759"},"modified":"2024-12-25T10:48:46","modified_gmt":"2024-12-25T10:48:46","slug":"reduccion-mamaria","status":"publish","type":"page","link":"https:\/\/westestetik.com\/es\/reduccion-mamaria\/","title":{"rendered":"Reducci\u00f3n mamaria"},"content":{"rendered":"<div data-elementor-type=\"wp-page\" data-elementor-id=\"27759\" class=\"elementor elementor-27759\" data-elementor-post-type=\"page\">\n\t\t\t\t<div class=\"wd-negative-gap elementor-element elementor-element-e150b12 e-flex e-con-boxed e-con e-parent\" data-id=\"e150b12\" data-element_type=\"container\">\n\t\t\t\t\t<div class=\"e-con-inner\">\n\t\t\t\t<div class=\"elementor-element elementor-element-7286009 elementor-widget elementor-widget-image\" data-id=\"7286009\" data-element_type=\"widget\" data-widget_type=\"image.default\">\n\t\t\t\t<div class=\"elementor-widget-container\">\n\t\t\t\t\t\t\t\t\t\t\t\t\t\t\t<img fetchpriority=\"high\" decoding=\"async\" width=\"1300\" height=\"384\" src=\"https:\/\/westestetik.com\/wp-content\/uploads\/2024\/12\/Uygulama-1-1300x384.png\" class=\"attachment-large size-large wp-image-27725\" alt=\"Enfermedades\" srcset=\"https:\/\/westestetik.com\/wp-content\/uploads\/2024\/12\/Uygulama-1-1300x384.png 1300w, https:\/\/westestetik.com\/wp-content\/uploads\/2024\/12\/Uygulama-1-430x127.png 430w, https:\/\/westestetik.com\/wp-content\/uploads\/2024\/12\/Uygulama-1-150x44.png 150w, https:\/\/westestetik.com\/wp-content\/uploads\/2024\/12\/Uygulama-1-700x207.png 700w, https:\/\/westestetik.com\/wp-content\/uploads\/2024\/12\/Uygulama-1-400x118.png 400w, https:\/\/westestetik.com\/wp-content\/uploads\/2024\/12\/Uygulama-1-768x227.png 768w, https:\/\/westestetik.com\/wp-content\/uploads\/2024\/12\/Uygulama-1-1536x453.png 1536w, https:\/\/westestetik.com\/wp-content\/uploads\/2024\/12\/Uygulama-1-2048x604.png 2048w\" sizes=\"(max-width: 1300px) 100vw, 1300px\" \/>\t\t\t\t\t\t\t\t\t\t\t\t\t\t\t<\/div>\n\t\t\t\t<\/div>\n\t\t\t\t\t<\/div>\n\t\t\t\t<\/div>\n\t\t<div class=\"wd-negative-gap elementor-element elementor-element-73f568d e-flex e-con-boxed e-con e-parent\" data-id=\"73f568d\" data-element_type=\"container\">\n\t\t\t\t\t<div class=\"e-con-inner\">\n\t\t\t\t<div class=\"elementor-element elementor-element-a7972c5 color-scheme-inherit text-left elementor-widget elementor-widget-text-editor\" data-id=\"a7972c5\" data-element_type=\"widget\" data-widget_type=\"text-editor.default\">\n\t\t\t\t<div class=\"elementor-widget-container\">\n\t\t\t\t\t\t\t\t\t<p><span style=\"font-weight: 400;\">La cirug\u00eda de reducci\u00f3n mamaria es una intervenci\u00f3n quir\u00fargica frecuentemente preferida por las mujeres que experimentan malestar f\u00edsico o psicol\u00f3gico debido a unos pechos grandes. Esta cirug\u00eda se realiza tanto para proporcionar un aspecto est\u00e9ticamente agradable como para mejorar la salud corporal. La cirug\u00eda de reducci\u00f3n mamaria aumenta la confianza en s\u00ed misma y proporciona comodidad al equilibrar el contorno corporal.<\/span><\/p><h2><span style=\"font-weight: 400;\">\u00bfQu\u00e9 es la reducci\u00f3n mamaria y para qui\u00e9n est\u00e1 indicada?<\/span><\/h2><p><span style=\"font-weight: 400;\">La reducci\u00f3n mamaria es un procedimiento quir\u00fargico que se realiza para reducir unos pechos excesivamente grandes. Este procedimiento puede realizarse tanto por problemas est\u00e9ticos como de salud. Los pechos grandes pueden provocar dolores de espalda y cuello, trastornos posturales, irritaciones cut\u00e1neas y dificultades respiratorias. Adem\u00e1s, algunas mujeres pueden experimentar ansiedad social debido a sus pechos grandes.<\/span><\/p><h2><span style=\"font-weight: 400;\">\u00bfC\u00f3mo se realiza la cirug\u00eda de reducci\u00f3n mamaria?<\/span><\/h2><p><span style=\"font-weight: 400;\">La cirug\u00eda de reducci\u00f3n mamaria suele realizarse bajo anestesia general y puede durar entre 2 y 4 horas. Durante la operaci\u00f3n, el cirujano extirpa el tejido mamario y la grasa sobrantes. Partiendo de una incisi\u00f3n adecuada, el cirujano sujeta el pez\u00f3n y elimina el exceso de tejido a su alrededor. Suelen quedar cicatrices de la incisi\u00f3n en la parte inferior del pecho y alrededor de ella, pero est\u00e9ticamente estas cicatrices empiezan a desaparecer con el tiempo.<\/span><\/p><h2><span style=\"font-weight: 400;\">\u00bfCu\u00e1les son los beneficios de la cirug\u00eda de reducci\u00f3n mamaria?<\/span><\/h2><p><span style=\"font-weight: 400;\">La reducci\u00f3n mamaria no s\u00f3lo proporciona un cambio est\u00e9tico, sino que tambi\u00e9n ofrece muchos beneficios para la salud. \u00c9stos son algunos de los beneficios:<\/span><\/p><ul><li style=\"font-weight: 400;\" aria-level=\"1\"><span style=\"font-weight: 400;\">Comodidad f\u00edsica: Se reducen los dolores de espalda, cuello y hombros causados por el peso.<\/span><\/li><li style=\"font-weight: 400;\" aria-level=\"1\"><span style=\"font-weight: 400;\">Aumento de la confianza en uno mismo: Tener un cuerpo m\u00e1s proporcionado puede aumentar la confianza en uno mismo.<\/span><\/li><li style=\"font-weight: 400;\" aria-level=\"1\"><span style=\"font-weight: 400;\">Mejor postura: Los pechos sin peso proporcionan una postura m\u00e1s correcta.<\/span><\/li><li style=\"font-weight: 400;\" aria-level=\"1\"><span style=\"font-weight: 400;\">Ejercicio m\u00e1s f\u00e1cil: Puede moverse m\u00e1s f\u00e1cilmente en las actividades f\u00edsicas.<\/span><\/li><\/ul><h2><span style=\"font-weight: 400;\">\u00bfCu\u00e1nto dura la cirug\u00eda de reducci\u00f3n mamaria?<\/span><\/h2><p><span style=\"font-weight: 400;\">La cirug\u00eda de reducci\u00f3n mamaria suele durar entre 2 y 4 horas. Sin embargo, como la condici\u00f3n de cada paciente es diferente, la duraci\u00f3n de la cirug\u00eda puede variar dependiendo de algunos factores. Una evaluaci\u00f3n detallada con su m\u00e9dico antes de la cirug\u00eda le ayudar\u00e1 a obtener informaci\u00f3n m\u00e1s precisa sobre la duraci\u00f3n de la cirug\u00eda.<\/span><\/p><h2><span style=\"font-weight: 400;\">\u00bfCu\u00e1l es el proceso de recuperaci\u00f3n tras una intervenci\u00f3n de reducci\u00f3n mamaria?<\/span><\/h2><p><span style=\"font-weight: 400;\">Aunque el proceso de recuperaci\u00f3n tras la intervenci\u00f3n var\u00eda de una persona a otra, normalmente podr\u00e1 reincorporarse a su vida cotidiana en un plazo de 1 a 2 semanas. Puede haber dolor leve en los primeros d\u00edas, pero estos dolores se pueden controlar con medicamentos recetados por el m\u00e9dico. Despu\u00e9s de la operaci\u00f3n<\/span><\/p><ul><li style=\"font-weight: 400;\" aria-level=\"1\"><span style=\"font-weight: 400;\">Se deben evitar los ejercicios pesados durante una semana.<\/span><\/li><li style=\"font-weight: 400;\" aria-level=\"1\"><span style=\"font-weight: 400;\">Puede haber hinchaz\u00f3n y hematomas en la zona del pecho, pero desaparecer\u00e1n con el tiempo.<\/span><\/li><li style=\"font-weight: 400;\" aria-level=\"1\"><span style=\"font-weight: 400;\">La forma del pecho se perfila m\u00e1s claramente con el proceso de cicatrizaci\u00f3n.<\/span><\/li><li style=\"font-weight: 400;\" aria-level=\"1\"><span style=\"font-weight: 400;\">\u00bfPuedo dar el pecho despu\u00e9s de una cirug\u00eda de reducci\u00f3n mamaria?<\/span><\/li><li style=\"font-weight: 400;\" aria-level=\"1\"><span style=\"font-weight: 400;\">La posibilidad de dar el pecho despu\u00e9s de una cirug\u00eda de reducci\u00f3n mamaria depende de la t\u00e9cnica realizada y de la cantidad de tejido mamario que se haya extirpado. En general, se pretende preservar el pez\u00f3n y los conductos galact\u00f3foros, pero en algunos casos la lactancia puede resultar dif\u00edcil. Es importante consultar a su m\u00e9dico al respecto antes de la cirug\u00eda para determinar sus planes de lactancia.<\/span><\/li><\/ul><h2><span style=\"font-weight: 400;\">\u00bfCu\u00e1les son los precios de la cirug\u00eda de reducci\u00f3n mamaria?<\/span><\/h2><p><span style=\"font-weight: 400;\">Los precios de la cirug\u00eda de reducci\u00f3n mamaria pueden variar en funci\u00f3n de la complejidad de la intervenci\u00f3n, la experiencia del cirujano y las necesidades de la paciente. Sin embargo, estos precios pueden aumentar o disminuir en funci\u00f3n del estado de la paciente. Es necesaria una consulta previa para obtener informaci\u00f3n exacta sobre los precios.<\/span><\/p><h2><span style=\"font-weight: 400;\">\u00bfQu\u00e9 condiciones se requieren para la cirug\u00eda de reducci\u00f3n mamaria?<\/span><\/h2><p><span style=\"font-weight: 400;\">La cirug\u00eda de reducci\u00f3n mamaria es una intervenci\u00f3n quir\u00fargica generalmente preferida por las mujeres que buscan soluciones a problemas est\u00e9ticos y de salud. Se requieren ciertas condiciones de salud y criterios para la cirug\u00eda de reducci\u00f3n mamaria. Para someterse a esta cirug\u00eda, en primer lugar, el tama\u00f1o de sus mamas debe ser desproporcionado con respecto a su estructura corporal y debe tener problemas de salud como dolor de espalda, hombros o cuello. Adem\u00e1s, problemas como la irritaci\u00f3n de la piel y las dificultades para vestir debido a unos pechos excesivamente grandes tambi\u00e9n son motivos para solicitar la cirug\u00eda.<\/span><\/p><p><span style=\"font-weight: 400;\">Para poder someterse a una operaci\u00f3n de reducci\u00f3n mamaria, por lo general debe tener m\u00e1s de 18 a\u00f1os y gozar de buena salud general. Las personas con problemas de salud importantes (por ejemplo, c\u00e1ncer, diabetes, cardiopat\u00edas) deben hablarlo con su m\u00e9dico en detalle. Adem\u00e1s, si fumaba antes de la operaci\u00f3n, se recomienda que deje de fumar, ya que el tabaco puede afectar negativamente al proceso de cicatrizaci\u00f3n.<\/span><\/p><h2><span style=\"font-weight: 400;\">\u00bfQuedar\u00e1n cicatrices despu\u00e9s de la cirug\u00eda de reducci\u00f3n mamaria?<\/span><\/h2><p><span style=\"font-weight: 400;\">La aparici\u00f3n de cicatrices despu\u00e9s de la cirug\u00eda de reducci\u00f3n mamaria puede variar en funci\u00f3n de las t\u00e9cnicas quir\u00fargicas utilizadas y de su tipo de cuerpo. Como en cualquier intervenci\u00f3n quir\u00fargica, es posible que queden cicatrices tras la cirug\u00eda de reducci\u00f3n mamaria. Sin embargo, hoy en d\u00eda, gracias a los m\u00e9todos quir\u00fargicos avanzados, las cicatrices pueden hacerse menos prominentes.<\/span><\/p><p><span style=\"font-weight: 400;\">La cirug\u00eda de reducci\u00f3n mamaria suele dejar tres tipos de cicatrices: periareolar (alrededor del pez\u00f3n), vertical y en forma de T invertida. Estas cicatrices pueden desaparecer y hacerse menos prominentes con el tiempo. Los cirujanos est\u00e9ticos utilizan diversas t\u00e9cnicas para que las cicatrices sean lo menos prominentes posible e intentan minimizar su aparici\u00f3n durante el proceso de cicatrizaci\u00f3n.<\/span><\/p><h2><span style=\"font-weight: 400;\">\u00bfQu\u00e9 hay que tener en cuenta antes de la cirug\u00eda de reducci\u00f3n mamaria?<\/span><\/h2><p><span style=\"font-weight: 400;\">Hay algunos puntos importantes que deben tenerse en cuenta antes de la cirug\u00eda de reducci\u00f3n mamaria.Uno de los factores m\u00e1s importantes antes de la cirug\u00eda es mantener una conversaci\u00f3n detallada con su cirujano. Es importante obtener informaci\u00f3n detallada sobre por qu\u00e9 es necesaria la cirug\u00eda, sus expectativas, las t\u00e9cnicas que utilizar\u00e1 el cirujano y las posibles complicaciones.<\/span><\/p><p><span style=\"font-weight: 400;\">Debe gozar de buena salud general antes de la operaci\u00f3n.Debe hacerse pruebas m\u00e9dicas antes de la operaci\u00f3n e informar a su m\u00e9dico de la medicaci\u00f3n que toma. \nSi fuma, debe dejar de fumar al menos una semana antes, porque el tabaco puede afectar negativamente al proceso de cicatrizaci\u00f3n. Tambi\u00e9n es importante que est\u00e9 psicol\u00f3gicamente preparada antes de la operaci\u00f3n. La cirug\u00eda de reducci\u00f3n mamaria puede afectarle no s\u00f3lo f\u00edsicamente, sino tambi\u00e9n emocionalmente. Por lo tanto, puede ser \u00fatil recibir apoyo psicol\u00f3gico de un especialista.<\/span><\/p><h2><span style=\"font-weight: 400;\">\u00bfPuedo hacer ejercicio despu\u00e9s de una cirug\u00eda de reducci\u00f3n mamaria?<\/span><\/h2><p><span style=\"font-weight: 400;\">Hacer ejercicio despu\u00e9s de una intervenci\u00f3n de reducci\u00f3n mamaria puede llevar tiempo, dependiendo del proceso de cicatrizaci\u00f3n. \nEn las primeras semanas, debe evitarse el ejercicio.Es importante dar tiempo para descansar y permitir que su cuerpo sane despu\u00e9s de la cirug\u00eda. En general, se recomienda evitar el ejercicio intenso durante las primeras 4-6 semanas.Durante este periodo, pueden realizarse actividades de bajo impacto, como paseos ligeros.<\/span><\/p><p><span style=\"font-weight: 400;\">Aunque el tiempo de recuperaci\u00f3n total var\u00eda de una persona a otra, es importante prestar atenci\u00f3n a las recomendaciones del cirujano. Puede ser necesario esperar al menos 6 semanas para levantar objetos pesados, correr y practicar otros deportes de alto impacto. Cuando empiece a hacer ejercicio con el permiso de su m\u00e9dico, es importante tener cuidado y evitar el sobreesfuerzo para no interrumpir el proceso de cicatrizaci\u00f3n en la zona de la mama.<\/span><\/p><h2><span style=\"font-weight: 400;\">\u00bfC\u00f3mo dar el pecho despu\u00e9s de una operaci\u00f3n de reducci\u00f3n mamaria?<\/span><\/h2><p><span style=\"font-weight: 400;\">Normalmente es posible dar el pecho despu\u00e9s de una operaci\u00f3n de reducci\u00f3n mamaria, pero cada caso es diferente. Durante la intervenci\u00f3n, los cambios en las gl\u00e1ndulas mamarias y los conductos galact\u00f3foros pueden afectar a la lactancia. Por lo tanto, si le preocupa la lactancia materna antes de la cirug\u00eda de reducci\u00f3n mamaria, debe hablar abiertamente con su m\u00e9dico al respecto.<\/span><\/p><p><span style=\"font-weight: 400;\">Es posible que las incisiones y t\u00e9cnicas aplicadas durante la reducci\u00f3n mamaria no afecten a su capacidad de amamantar. Sin embargo, algunas mujeres pueden tener dificultades para amamantar despu\u00e9s de la intervenci\u00f3n. Realizar la cirug\u00eda con t\u00e9cnicas menos invasivas y proteger los conductos galact\u00f3foros puede hacer que el proceso de lactancia sea m\u00e1s saludable. Si planea dar el pecho en el futuro, puede compartir esta situaci\u00f3n con su cirujano y dejarle elegir las t\u00e9cnicas m\u00e1s adecuadas.<\/span><\/p><p><br \/><br \/><\/p>\t\t\t\t\t\t\t\t<\/div>\n\t\t\t\t<\/div>\n\t\t\t\t\t<\/div>\n\t\t\t\t<\/div>\n\t\t\t\t<\/div>","protected":false},"excerpt":{"rendered":"<p>Meme k\u00fc\u00e7\u00fcltme ameliyat\u0131, b\u00fcy\u00fck memeler nedeniyle fiziksel veya psikolojik rahats\u0131zl\u0131k ya\u015fayan kad\u0131nlar i\u00e7in s\u0131kl\u0131kla tercih edilen bir cerrahi prosed\u00fcrd\u00fcr. Bu<\/p>","protected":false},"author":1,"featured_media":0,"parent":0,"menu_order":0,"comment_status":"closed","ping_status":"closed","template":"","meta":{"footnotes":""},"class_list":["post-27759","page","type-page","status-publish","hentry"],"_links":{"self":[{"href":"https:\/\/westestetik.com\/es\/wp-json\/wp\/v2\/pages\/27759","targetHints":{"allow":["GET"]}}],"collection":[{"href":"https:\/\/westestetik.com\/es\/wp-json\/wp\/v2\/pages"}],"about":[{"href":"https:\/\/westestetik.com\/es\/wp-json\/wp\/v2\/types\/page"}],"author":[{"embeddable":true,"href":"https:\/\/westestetik.com\/es\/wp-json\/wp\/v2\/users\/1"}],"replies":[{"embeddable":true,"href":"https:\/\/westestetik.com\/es\/wp-json\/wp\/v2\/comments?post=27759"}],"version-history":[{"count":4,"href":"https:\/\/westestetik.com\/es\/wp-json\/wp\/v2\/pages\/27759\/revisions"}],"predecessor-version":[{"id":27855,"href":"https:\/\/westestetik.com\/es\/wp-json\/wp\/v2\/pages\/27759\/revisions\/27855"}],"wp:attachment":[{"href":"https:\/\/westestetik.com\/es\/wp-json\/wp\/v2\/media?parent=27759"}],"curies":[{"name":"wp","href":"https:\/\/api.w.org\/{rel}","templated":true}]}}