{"id":27757,"date":"2024-12-02T22:49:07","date_gmt":"2024-12-02T22:49:07","guid":{"rendered":"https:\/\/westestetik.com\/?page_id=27757"},"modified":"2025-02-17T01:03:35","modified_gmt":"2025-02-16T22:03:35","slug":"aumento-de-mamas","status":"publish","type":"page","link":"https:\/\/westestetik.com\/es\/aumento-de-mamas\/","title":{"rendered":"Aumento mamario"},"content":{"rendered":"<div data-elementor-type=\"wp-page\" data-elementor-id=\"27757\" class=\"elementor elementor-27757\" data-elementor-post-type=\"page\">\n\t\t\t\t<div class=\"wd-negative-gap elementor-element elementor-element-e150b12 e-flex e-con-boxed e-con e-parent\" data-id=\"e150b12\" data-element_type=\"container\">\n\t\t\t\t\t<div class=\"e-con-inner\">\n\t\t\t\t<div class=\"elementor-element elementor-element-7286009 elementor-widget elementor-widget-image\" data-id=\"7286009\" data-element_type=\"widget\" data-widget_type=\"image.default\">\n\t\t\t\t<div class=\"elementor-widget-container\">\n\t\t\t\t\t\t\t\t\t\t\t\t\t\t\t<img fetchpriority=\"high\" decoding=\"async\" width=\"1300\" height=\"384\" src=\"https:\/\/westestetik.com\/wp-content\/uploads\/2024\/12\/Uygulama-1-1300x384.png\" class=\"attachment-large size-large wp-image-27725\" alt=\"Enfermedades\" srcset=\"https:\/\/westestetik.com\/wp-content\/uploads\/2024\/12\/Uygulama-1-1300x384.png 1300w, https:\/\/westestetik.com\/wp-content\/uploads\/2024\/12\/Uygulama-1-430x127.png 430w, https:\/\/westestetik.com\/wp-content\/uploads\/2024\/12\/Uygulama-1-150x44.png 150w, https:\/\/westestetik.com\/wp-content\/uploads\/2024\/12\/Uygulama-1-700x207.png 700w, https:\/\/westestetik.com\/wp-content\/uploads\/2024\/12\/Uygulama-1-400x118.png 400w, https:\/\/westestetik.com\/wp-content\/uploads\/2024\/12\/Uygulama-1-768x227.png 768w, https:\/\/westestetik.com\/wp-content\/uploads\/2024\/12\/Uygulama-1-1536x453.png 1536w, https:\/\/westestetik.com\/wp-content\/uploads\/2024\/12\/Uygulama-1-2048x604.png 2048w\" sizes=\"(max-width: 1300px) 100vw, 1300px\" \/>\t\t\t\t\t\t\t\t\t\t\t\t\t\t\t<\/div>\n\t\t\t\t<\/div>\n\t\t\t\t\t<\/div>\n\t\t\t\t<\/div>\n\t\t<div class=\"wd-negative-gap elementor-element elementor-element-3f22466 e-flex e-con-boxed e-con e-parent\" data-id=\"3f22466\" data-element_type=\"container\">\n\t\t\t\t\t<div class=\"e-con-inner\">\n\t\t\t\t<div class=\"elementor-element elementor-element-2bea043 color-scheme-inherit text-left elementor-widget elementor-widget-text-editor\" data-id=\"2bea043\" data-element_type=\"widget\" data-widget_type=\"text-editor.default\">\n\t\t\t\t<div class=\"elementor-widget-container\">\n\t\t\t\t\t\t\t\t\t<p><span style=\"font-weight: 400;\">El aumento mamario es una intervenci\u00f3n quir\u00fargica que se realiza para aumentar el tama\u00f1o y la forma de los senos o corregir una estructura mamaria asim\u00e9trica. Aunque esta intervenci\u00f3n suele realizarse por motivos est\u00e9ticos, tambi\u00e9n se prefiere para equilibrar el contorno corporal o en mujeres con trastornos del desarrollo de una mama. El aumento mamario puede realizarse con implantes de silicona o, alternativamente, con inyecciones de grasa corporal. Tras la intervenci\u00f3n, las mujeres tienen una estructura mamaria m\u00e1s llena, proporcionada y est\u00e9ticamente satisfactoria.<\/span><\/p><h2><span style=\"font-weight: 400;\">\u00bfCu\u00e1les son los m\u00e9todos de aumento mamario?<\/span><\/h2><p><span style=\"font-weight: 400;\">Existen dos m\u00e9todos principales para el aumento mamario: los implantes de silicona y las inyecciones de grasa. Estos dos m\u00e9todos ofrecen diferentes ventajas seg\u00fan las preferencias personales y el tipo de cuerpo.<\/span><\/p><p><span style=\"font-weight: 400;\">Implantes de silicona: Es el m\u00e9todo de aumento mamario m\u00e1s utilizado. Los implantes de silicona son pr\u00f3tesis rellenas de gel de silicona que se colocan bajo el tejido mamario. Existen dos tipos principales de implantes de silicona: redondos y anat\u00f3micos (en forma de gota). Los implantes de silicona son duraderos y proporcionan resultados de aspecto natural.<\/span><\/p><p><span style=\"font-weight: 400;\">Inyecciones de grasa: Se inyecta grasa de su propio cuerpo en el tejido mamario. Este procedimiento es ideal para las mujeres que desean conseguir un aspecto natural y evitar implantes excesivamente grandes. Sin embargo, este m\u00e9todo tiene una capacidad limitada para aumentar el tama\u00f1o. Las inyecciones de grasa pueden ser menos permanentes y requerir una nueva intervenci\u00f3n.<\/span><\/p><p><span style=\"font-weight: 400;\">Ambos m\u00e9todos tienen ventajas e inconvenientes. Mientras que los implantes de silicona ofrecen resultados m\u00e1s permanentes, las inyecciones de grasa pueden proporcionar un aspecto m\u00e1s natural. Su m\u00e9dico le recomendar\u00e1 el m\u00e9todo m\u00e1s adecuado en funci\u00f3n de su estructura corporal y sus objetivos est\u00e9ticos.<\/span><\/p><h2><span style=\"font-weight: 400;\">\u00bfPara qui\u00e9n es adecuada la cirug\u00eda de aumento mamario?<\/span><\/h2><p><span style=\"font-weight: 400;\">La cirug\u00eda de aumento mamario es adecuada para mujeres con problemas est\u00e9ticos, que tienen mamas peque\u00f1as por motivos gen\u00e9ticos o que han perdido volumen mamario con la edad. Adem\u00e1s, las mujeres con trastornos del desarrollo o asimetr\u00eda en un pecho tambi\u00e9n pueden beneficiarse de esta intervenci\u00f3n. El aumento de mamas debe realizarse teniendo en cuenta el estado f\u00edsico y psicol\u00f3gico de la persona.<\/span><\/p><p><span style=\"font-weight: 400;\">Candidatas ideales para la operaci\u00f3n:<\/span><\/p><p><span style=\"font-weight: 400;\">Mujeres mayores de 18 a\u00f1os con desarrollo mamario completo,<\/span><\/p><p><span style=\"font-weight: 400;\">Personas con buena salud general, no fumadoras y sin problemas de salud de alto riesgo,<\/span><\/p><p><span style=\"font-weight: 400;\">Son mujeres preparadas psicol\u00f3gicamente para la operaci\u00f3n y con expectativas realistas.<\/span><\/p><h2><span style=\"font-weight: 400;\">\u00bfCu\u00e1nto dura la cirug\u00eda de aumento de mamas?<\/span><\/h2><p><span style=\"font-weight: 400;\">La cirug\u00eda de aumento de mamas suele durar entre 1 y 2 horas, dependiendo de la t\u00e9cnica utilizada y de la experiencia del cirujano. Esta operaci\u00f3n, que se realiza con anestesia, garantiza que la paciente quede dormida y no sienta dolor durante la intervenci\u00f3n. Sin embargo, el proceso de curaci\u00f3n y los cuidados necesarios pueden variar de un paciente a otro. Tras la intervenci\u00f3n, las pacientes suelen recibir el alta el mismo d\u00eda, pero se recomienda reposo durante unos d\u00edas.<\/span><\/p><h2><span style=\"font-weight: 400;\">\u00bfCu\u00e1nto cuesta la cirug\u00eda de aumento mamario?<\/span><\/h2><p><span style=\"font-weight: 400;\">Los precios del aumento mamario pueden variar en funci\u00f3n del m\u00e9todo utilizado, la experiencia del m\u00e9dico, la colocaci\u00f3n cl\u00ednica y otros factores. Por lo general, las pr\u00f3tesis de silicona son m\u00e1s caras que las inyecciones de grasa. Sin embargo, ambos m\u00e9todos proporcionan resultados permanentes.<\/span><\/p><h2><span style=\"font-weight: 400;\">\u00bfC\u00f3mo es el proceso de recuperaci\u00f3n tras un aumento mamario?<\/span><\/h2><p><span style=\"font-weight: 400;\">El proceso de recuperaci\u00f3n tras una intervenci\u00f3n de aumento mamario suele pasar por las siguientes etapas:<\/span><\/p><ul><li style=\"font-weight: 400;\" aria-level=\"1\"><span style=\"font-weight: 400;\">Primeras 24-48 horas: Puede aparecer hinchaz\u00f3n, hematomas y dolor leve. Se debe procurar guardar reposo los primeros d\u00edas.<\/span><\/li><li style=\"font-weight: 400;\" aria-level=\"1\"><span style=\"font-weight: 400;\">Primeras 1-2 semanas: La hinchaz\u00f3n empieza a disminuir, pero puede persistir el dolor y la sensibilidad. Se recomienda llevar ropa de apoyo, como sujetadores deportivos.<\/span><\/li><li style=\"font-weight: 400;\" aria-level=\"1\"><span style=\"font-weight: 400;\">Primer mes: La inflamaci\u00f3n disminuye considerablemente y el tejido mamario empieza a asentarse. Se pueden realizar actividades ligeras.<\/span><\/li><li style=\"font-weight: 400;\" aria-level=\"1\"><span style=\"font-weight: 400;\">De 3 a 6 meses: Los resultados empiezan a ser m\u00e1s claros y la forma de la mama est\u00e1 completamente asentada. Ya puede retomar la mayor\u00eda de las actividades f\u00edsicas.<\/span><\/li><\/ul><p><span style=\"font-weight: 400;\">El proceso de cicatrizaci\u00f3n puede verse acelerado por el estado general de salud de la persona y los cuidados que se tomen tras la operaci\u00f3n.<\/span><\/p><h2><span style=\"font-weight: 400;\">\u00bfCu\u00e1l es la vida \u00fatil de los implantes de silicona?<\/span><\/h2><p><span style=\"font-weight: 400;\">La vida \u00fatil de las pr\u00f3tesis de silicona suele oscilar entre 10 y 20 a\u00f1os. Sin embargo, la vida \u00fatil de las pr\u00f3tesis puede variar seg\u00fan la estructura corporal de la persona, su estilo de vida y la calidad de la pr\u00f3tesis. Con el tiempo, las pr\u00f3tesis de silicona pueden desgastarse, tener fugas o desplazarse. Estas situaciones pueden detectarse precozmente con controles anuales. Puede ser necesario sustituir las pr\u00f3tesis de silicona al final de su vida \u00fatil, pero pueden pasar muchos a\u00f1os hasta que las pr\u00f3tesis permanezcan en su sitio y mantengan su funcionalidad.<\/span><\/p><h2><span style=\"font-weight: 400;\">\u00bfCu\u00e1ndo son visibles los resultados del aumento mamario?<\/span><\/h2><p><span style=\"font-weight: 400;\">Los resultados del aumento de mamas comienzan a aparecer inmediatamente despu\u00e9s de la intervenci\u00f3n, pero pueden pasar de 2 a 3 semanas hasta que los resultados finales se hagan visibles. La inflamaci\u00f3n tarda aproximadamente entre 3 y 6 meses en desaparecer por completo y el tejido mamario toma forma por completo. Este proceso var\u00eda seg\u00fan la velocidad de cicatrizaci\u00f3n y la estructura corporal de cada persona. Por lo tanto, hay que tener paciencia hasta que los resultados sean evidentes.<\/span><\/p><h2><span style=\"font-weight: 400;\">\u00bfA qu\u00e9 m\u00e9dico se debe consultar para un aumento de mamas?<\/span><\/h2><p><span style=\"font-weight: 400;\">El aumento de mamas debe ser realizado por cirujanos pl\u00e1sticos especializados. Antes de la intervenci\u00f3n, es muy importante investigar sobre la experiencia, las referencias y los procedimientos del m\u00e9dico. El m\u00e9dico escuchar\u00e1 todas sus expectativas antes de la intervenci\u00f3n y elegir\u00e1 las t\u00e9cnicas m\u00e1s adecuadas para usted. Adem\u00e1s, las recomendaciones del m\u00e9dico deben tenerse en cuenta en los cuidados postoperatorios y en los procesos de seguimiento.<\/span><\/p><h2><span style=\"font-weight: 400;\">\u00bfEs permanente la cirug\u00eda de aumento mamario?<\/span><\/h2><p><span style=\"font-weight: 400;\">El aumento de pecho proporciona resultados permanentes cuando se realiza con pr\u00f3tesis de silicona. Sin embargo, con el tiempo, factores como los cambios corporales, el envejecimiento y el aumento y la p\u00e9rdida de peso pueden provocar cambios en la forma de las mamas. Adem\u00e1s, dado que la vida \u00fatil de las pr\u00f3tesis de silicona es limitada, puede ser necesario sustituir la pr\u00f3tesis al cabo de muchos a\u00f1os. Por lo tanto, es importante someterse a controles m\u00e9dicos peri\u00f3dicos.<\/span><\/p><h2><span style=\"font-weight: 400;\">Errores comunes sobre el aumento mamario<\/span><\/h2><p><span style=\"font-weight: 400;\">Uno de los errores m\u00e1s comunes antes de someterse a una operaci\u00f3n de aumento de mamas es elegir implantes demasiado grandes por motivos est\u00e9ticos. Esto puede dar lugar a un aspecto poco natural y a problemas de salud. Adem\u00e1s, la elecci\u00f3n del m\u00e9dico adecuado y la falta de preparaci\u00f3n quir\u00fargica tambi\u00e9n figuran entre los errores importantes. Es de gran importancia mantener una conversaci\u00f3n detallada con un cirujano especialista y aclarar sus expectativas antes de la cirug\u00eda.<\/span><\/p><h2><span style=\"font-weight: 400;\">\u00bfCu\u00e1ndo puedo empezar la actividad f\u00edsica despu\u00e9s de un aumento de mamas?<\/span><\/h2><p><span style=\"font-weight: 400;\">Despu\u00e9s de una intervenci\u00f3n de aumento mamario, se suele recomendar evitar los ejercicios pesados durante las primeras 4-6 semanas. Durante este periodo, basta con realizar movimientos de apoyo al cuerpo. Sin embargo, las actividades de baja intensidad, como los paseos ligeros, pueden ayudar al proceso de cicatrizaci\u00f3n. Puede empezar a hacer ejercicio siguiendo las recomendaciones de su m\u00e9dico.<\/span><\/p><h2><span style=\"font-weight: 400;\">\u00bfC\u00f3mo se determina el tama\u00f1o de los senos?<\/span><\/h2><p><span style=\"font-weight: 400;\">El tama\u00f1o de los senos se determina en funci\u00f3n de las preferencias personales, la estructura corporal, la cantidad de tejido mamario natural y los objetivos est\u00e9ticos. Su m\u00e9dico le recomendar\u00e1 el tama\u00f1o de pr\u00f3tesis m\u00e1s adecuado en funci\u00f3n de sus medidas corporales y sus objetivos. Adem\u00e1s, tambi\u00e9n debe tenerse en cuenta la forma del implante (redonda o anat\u00f3mica) para conseguir un aspecto natural.<\/span><\/p>\t\t\t\t\t\t\t\t<\/div>\n\t\t\t\t<\/div>\n\t\t\t\t\t<\/div>\n\t\t\t\t<\/div>\n\t\t\t\t<\/div>","protected":false},"excerpt":{"rendered":"<p>Meme b\u00fcy\u00fctme, kad\u0131nlar\u0131n meme boyutunu art\u0131rmak, \u015fekil vermek veya asimetrik meme yap\u0131s\u0131n\u0131 d\u00fczeltmek amac\u0131yla yap\u0131lan cerrahi bir i\u015flemdir. Bu i\u015flem<\/p>","protected":false},"author":1,"featured_media":0,"parent":0,"menu_order":0,"comment_status":"closed","ping_status":"closed","template":"","meta":{"footnotes":""},"class_list":["post-27757","page","type-page","status-publish","hentry"],"_links":{"self":[{"href":"https:\/\/westestetik.com\/es\/wp-json\/wp\/v2\/pages\/27757","targetHints":{"allow":["GET"]}}],"collection":[{"href":"https:\/\/westestetik.com\/es\/wp-json\/wp\/v2\/pages"}],"about":[{"href":"https:\/\/westestetik.com\/es\/wp-json\/wp\/v2\/types\/page"}],"author":[{"embeddable":true,"href":"https:\/\/westestetik.com\/es\/wp-json\/wp\/v2\/users\/1"}],"replies":[{"embeddable":true,"href":"https:\/\/westestetik.com\/es\/wp-json\/wp\/v2\/comments?post=27757"}],"version-history":[{"count":7,"href":"https:\/\/westestetik.com\/es\/wp-json\/wp\/v2\/pages\/27757\/revisions"}],"predecessor-version":[{"id":30762,"href":"https:\/\/westestetik.com\/es\/wp-json\/wp\/v2\/pages\/27757\/revisions\/30762"}],"wp:attachment":[{"href":"https:\/\/westestetik.com\/es\/wp-json\/wp\/v2\/media?parent=27757"}],"curies":[{"name":"wp","href":"https:\/\/api.w.org\/{rel}","templated":true}]}}