{"id":27755,"date":"2024-12-02T22:48:15","date_gmt":"2024-12-02T22:48:15","guid":{"rendered":"https:\/\/westestetik.com\/?page_id=27755"},"modified":"2024-12-25T10:47:22","modified_gmt":"2024-12-25T10:47:22","slug":"rinoplastia-etnica","status":"publish","type":"page","link":"https:\/\/westestetik.com\/es\/rinoplastia-etnica\/","title":{"rendered":"Rinoplastia \u00e9tnica"},"content":{"rendered":"<div data-elementor-type=\"wp-page\" data-elementor-id=\"27755\" class=\"elementor elementor-27755\" data-elementor-post-type=\"page\">\n\t\t\t\t<div class=\"wd-negative-gap elementor-element elementor-element-e150b12 e-flex e-con-boxed e-con e-parent\" data-id=\"e150b12\" data-element_type=\"container\">\n\t\t\t\t\t<div class=\"e-con-inner\">\n\t\t\t\t<div class=\"elementor-element elementor-element-7286009 elementor-widget elementor-widget-image\" data-id=\"7286009\" data-element_type=\"widget\" data-widget_type=\"image.default\">\n\t\t\t\t<div class=\"elementor-widget-container\">\n\t\t\t\t\t\t\t\t\t\t\t\t\t\t\t<img fetchpriority=\"high\" decoding=\"async\" width=\"1300\" height=\"384\" src=\"https:\/\/westestetik.com\/wp-content\/uploads\/2024\/12\/Uygulama-1-1300x384.png\" class=\"attachment-large size-large wp-image-27725\" alt=\"Enfermedades\" srcset=\"https:\/\/westestetik.com\/wp-content\/uploads\/2024\/12\/Uygulama-1-1300x384.png 1300w, https:\/\/westestetik.com\/wp-content\/uploads\/2024\/12\/Uygulama-1-430x127.png 430w, https:\/\/westestetik.com\/wp-content\/uploads\/2024\/12\/Uygulama-1-150x44.png 150w, https:\/\/westestetik.com\/wp-content\/uploads\/2024\/12\/Uygulama-1-700x207.png 700w, https:\/\/westestetik.com\/wp-content\/uploads\/2024\/12\/Uygulama-1-400x118.png 400w, https:\/\/westestetik.com\/wp-content\/uploads\/2024\/12\/Uygulama-1-768x227.png 768w, https:\/\/westestetik.com\/wp-content\/uploads\/2024\/12\/Uygulama-1-1536x453.png 1536w, https:\/\/westestetik.com\/wp-content\/uploads\/2024\/12\/Uygulama-1-2048x604.png 2048w\" sizes=\"(max-width: 1300px) 100vw, 1300px\" \/>\t\t\t\t\t\t\t\t\t\t\t\t\t\t\t<\/div>\n\t\t\t\t<\/div>\n\t\t\t\t\t<\/div>\n\t\t\t\t<\/div>\n\t\t<div class=\"wd-negative-gap elementor-element elementor-element-bee8dda e-flex e-con-boxed e-con e-parent\" data-id=\"bee8dda\" data-element_type=\"container\">\n\t\t\t\t\t<div class=\"e-con-inner\">\n\t\t\t\t<div class=\"elementor-element elementor-element-8618ae6 color-scheme-inherit text-left elementor-widget elementor-widget-text-editor\" data-id=\"8618ae6\" data-element_type=\"widget\" data-widget_type=\"text-editor.default\">\n\t\t\t\t<div class=\"elementor-widget-container\">\n\t\t\t\t\t\t\t\t\t<p><span style=\"font-weight: 400;\">La rinoplastia \u00e9tnica es un procedimiento quir\u00fargico est\u00e9tico que se realiza para obtener una forma natural de la nariz que sea compatible con sus rasgos faciales. Dar forma a la estructura nasal seg\u00fan el origen \u00e9tnico de la persona proporciona el resultado m\u00e1s \u00f3ptimo desde el punto de vista est\u00e9tico y funcional. Esta t\u00e9cnica especial ofrece una soluci\u00f3n ideal para las personas que desean obtener un resultado compatible con la rinoplastia y la belleza facial.<\/span><\/p><h2><span style=\"font-weight: 400;\">\u00bfQu\u00e9 es la rinoplastia \u00e9tnica?<\/span><\/h2><p><span style=\"font-weight: 400;\">La rinoplastia \u00e9tnica es un tipo de operaci\u00f3n que se realiza en el campo de la rinoplastia teniendo en cuenta las caracter\u00edsticas espec\u00edficas del origen \u00e9tnico de cada persona. La diferencia con otros tipos de rinoplastia es que tiene en cuenta las caracter\u00edsticas \u00e9tnicas espec\u00edficas de la persona. Por ejemplo, los individuos de origen asi\u00e1tico pueden tener estructuras nasales m\u00e1s cortas y planas, mientras que los de origen africano pueden tener fosas nasales m\u00e1s anchas. El objetivo de la rinoplastia \u00e9tnica es crear una forma de nariz natural y est\u00e9tica que sea compatible con los rasgos faciales sin cambiarlos.<\/span><\/p><h2><span style=\"font-weight: 400;\">\u00bfPara qui\u00e9n es adecuada la rinoplastia \u00e9tnica?<\/span><\/h2><p><span style=\"font-weight: 400;\">La rinoplastia \u00e9tnica es una operaci\u00f3n est\u00e9tica especialmente dise\u00f1ada para personas de origen asi\u00e1tico, africano, de Oriente Medio y latino. Si la forma de su nariz es incompatible con sus rasgos faciales y desea realizar un cambio natural, la rinoplastia \u00e9tnica puede ser una opci\u00f3n ideal para usted. Adem\u00e1s, los problemas funcionales como la congesti\u00f3n nasal o los problemas respiratorios tambi\u00e9n pueden corregirse con una rinoplastia \u00e9tnica.<\/span><\/p><h2><span style=\"font-weight: 400;\">\u00bfQu\u00e9 diferencias hay entre la rinoplastia \u00e9tnica y las dem\u00e1s rinoplastias?<\/span><\/h2><p><span style=\"font-weight: 400;\">La diferencia m\u00e1s importante entre la rinoplastia \u00e9tnica y la rinoplastia cl\u00e1sica es que la cirug\u00eda se realiza teniendo en cuenta las caracter\u00edsticas \u00e9tnicas. La rinoplastia cl\u00e1sica suele tener como objetivo crear una forma de nariz m\u00e1s estandarizada. La rinoplastia \u00e9tnica, en cambio, pretende conseguir una forma de nariz adecuada a los rasgos faciales y el origen \u00e9tnico de la persona. Esto es muy importante para lograr un resultado natural. Una rinoplastia realizada sin da\u00f1ar los rasgos \u00e9tnicos del rostro refleja una comprensi\u00f3n personalizada de la est\u00e9tica.<\/span><\/p><h2><span style=\"font-weight: 400;\">\u00bfCu\u00e1l es el proceso de recuperaci\u00f3n tras una rinoplastia \u00e9tnica?<\/span><\/h2><p><span style=\"font-weight: 400;\">El proceso de cicatrizaci\u00f3n tras una rinoplastia \u00e9tnica suele ser r\u00e1pido y c\u00f3modo. En los primeros d\u00edas puede haber hinchaz\u00f3n y hematomas en la nariz. Sin embargo, estas hinchazones disminuyen en 1 \u00f3 2 semanas y se retiran los tapones de la nariz. El proceso completo de cicatrizaci\u00f3n se completa aproximadamente entre 6 meses y 1 a\u00f1o. Puede superar este proceso m\u00e1s c\u00f3modamente prestando atenci\u00f3n a las recomendaciones de su cirujano. Despu\u00e9s de una rinoplastia \u00e9tnica, es posible reincorporarse a la vida cotidiana en 1-2 semanas.<\/span><\/p><h2><span style=\"font-weight: 400;\">\u00bfEs dolorosa la rinoplastia \u00e9tnica?<\/span><\/h2><p><span style=\"font-weight: 400;\">La rinoplastia \u00e9tnica suele realizarse bajo anestesia general, por lo que no sentir\u00e1 dolor durante la operaci\u00f3n. Es posible que sienta una ligera molestia durante el proceso de cicatrizaci\u00f3n. Sin embargo, esto se puede controlar f\u00e1cilmente con analg\u00e9sicos recomendados por su cirujano. La rinoplastia \u00e9tnica suele ser una intervenci\u00f3n poco dolorosa y no causa molestias, salvo hinchaz\u00f3n y hematomas que duran unos d\u00edas despu\u00e9s.<\/span><\/p><h2><span style=\"font-weight: 400;\">\u00bfCu\u00e1nto dura una rinoplastia \u00e9tnica?<\/span><\/h2><p><span style=\"font-weight: 400;\">La duraci\u00f3n de la operaci\u00f3n de rinoplastia \u00e9tnica var\u00eda en funci\u00f3n de la estructura de la nariz de la persona y de las correcciones que haya que hacer. Por t\u00e9rmino medio, la rinoplastia \u00e9tnica dura entre 1,5 y 3 horas. Si es necesario realizar m\u00e1s procedimientos en la nariz, este tiempo puede ser mayor. No obstante, su cirujano le informar\u00e1 en cada fase y le dar\u00e1 informaci\u00f3n detallada sobre la duraci\u00f3n de la operaci\u00f3n.<\/span><\/p><h2><span style=\"font-weight: 400;\">\u00bfCu\u00e1nto cuesta una rinoplastia \u00e9tnica?<\/span><\/h2><p><span style=\"font-weight: 400;\">Los precios de la rinoplastia \u00e9tnica pueden variar en funci\u00f3n de los materiales utilizados, la experiencia del cirujano y la complejidad de la operaci\u00f3n. Aunque son similares a los precios medios de la rinoplastia, el hecho de que la rinoplastia \u00e9tnica sea un procedimiento personalizado puede afectar a los precios. Para obtener un precio claro, se recomienda tener una consulta personalizada con el cirujano. El proceso del tratamiento y los resultados est\u00e9ticos que se quieren conseguir desempe\u00f1an un papel importante en el precio.<\/span><\/p><h2><span style=\"font-weight: 400;\">\u00bfCu\u00e1ndo se aclara la forma de la nariz tras una rinoplastia \u00e9tnica?<\/span><\/h2><p><span style=\"font-weight: 400;\">La forma de la nariz tras una rinoplastia \u00e9tnica suele quedar totalmente despejada en un plazo de 6 meses a 1 a\u00f1o. En las primeras 3-6 semanas, puede haber una ligera hinchaz\u00f3n en la nariz. Sin embargo, con el tiempo, estas hinchazones disminuyen y se revela la nueva forma de su nariz. La rinoplastia \u00e9tnica permite el tiempo necesario para lograr resultados naturales y est\u00e9ticos y requiere paciencia durante todo el proceso de cicatrizaci\u00f3n.<\/span><\/p><h2><span style=\"font-weight: 400;\">\u00bfSon permanentes los resultados de la rinoplastia \u00e9tnica?<\/span><\/h2><p><span style=\"font-weight: 400;\">La rinoplastia \u00e9tnica suele proporcionar resultados permanentes. Aunque los cambios en la estructura de la nariz muestran cambios m\u00ednimos con el tiempo, los resultados est\u00e9ticos se mantienen durante mucho tiempo. Salvo por el envejecimiento y los traumatismos, la forma de la nariz obtenida con la rinoplastia \u00e9tnica es permanente. Este procedimiento, que se realiza para obtener una nariz natural, es compatible con su rostro y ofrece resultados satisfactorios durante muchos a\u00f1os.<\/span><\/p><h2><span style=\"font-weight: 400;\">\u00bfEs posible ver mis fotos de antes y despu\u00e9s de la rinoplastia \u00e9tnica?<\/span><\/h2><p><span style=\"font-weight: 400;\">Puede resultarle \u00fatil ver fotos de pacientes anteriores que se han sometido a una rinoplastia \u00e9tnica. Estas fotos sirven de ejemplo para ver c\u00f3mo ha quedado la intervenci\u00f3n. Sin embargo, recuerde que la estructura facial de cada individuo es diferente y los resultados pueden variar de una persona a otra. Su cirujano puede compartir con usted fotos de pacientes anteriores y orientar sus expectativas de la forma adecuada.<\/span><\/p><h2><span style=\"font-weight: 400;\">\u00bfEs compatible la rinoplastia \u00e9tnica con el rostro?<\/span><\/h2><p><span style=\"font-weight: 400;\">La rinoplastia \u00e9tnica pretende crear una forma de nariz en armon\u00eda con sus rasgos faciales. La nariz se integra en el conjunto de su rostro y proporciona un aspecto natural. Su cirujano trabaja en la forma de la nariz que mejor se adapte a sus rasgos faciales, respetando sus caracter\u00edsticas \u00e9tnicas. Este procedimiento puede ser beneficioso no s\u00f3lo desde el punto de vista est\u00e9tico, sino tambi\u00e9n funcional.<\/span><\/p><h2><span style=\"font-weight: 400;\">\u00bfCu\u00e1ndo desaparecen la hinchaz\u00f3n y los hematomas tras una rinoplastia \u00e9tnica?<\/span><\/h2><p><span style=\"font-weight: 400;\">La hinchaz\u00f3n y los hematomas tras una rinoplastia \u00e9tnica suelen disminuir notablemente en 1 \u00f3 2 semanas. Durante los primeros d\u00edas, los tampones y los vendajes en la nariz pueden aumentar la hinchaz\u00f3n y los hematomas. Sin embargo, esto es temporal y el proceso de curaci\u00f3n se acelera con el tiempo. Podr\u00e1 reincorporarse a su vida cotidiana al cabo de 1-2 semanas.<\/span><\/p><h2><span style=\"font-weight: 400;\">\u00bfExiste un l\u00edmite de edad para la rinoplastia \u00e9tnica?<\/span><\/h2><p><span style=\"font-weight: 400;\">La rinoplastia \u00e9tnica suele ser adecuada para personas de 18 a\u00f1os en adelante. Sin embargo, dado que el desarrollo nasal puede continuar en personas m\u00e1s j\u00f3venes, su cirujano determinar\u00e1 la edad adecuada para usted. El factor edad depende de si el desarrollo nasal es completo o no.<\/span><\/p><h2><span style=\"font-weight: 400;\">\u00bfCu\u00e1ndo puedo volver a la actividad despu\u00e9s de una rinoplastia \u00e9tnica?<\/span><\/h2><p><span style=\"font-weight: 400;\">Tras una rinoplastia \u00e9tnica, la mayor\u00eda de los pacientes pueden volver a su vida normal en 1-2 semanas. Sin embargo, se recomienda evitar el ejercicio intenso y las actividades que puedan golpear la nariz. Lo mejor ser\u00eda esperar 3-4 semanas para realizar este tipo de actividades. Su cirujano le orientar\u00e1 sobre cu\u00e1ndo puede hacer deporte.<\/span><\/p>\t\t\t\t\t\t\t\t<\/div>\n\t\t\t\t<\/div>\n\t\t\t\t\t<\/div>\n\t\t\t\t<\/div>\n\t\t\t\t<\/div>","protected":false},"excerpt":{"rendered":"<p>Etnik rinoplasti, y\u00fcz hatlar\u0131n\u0131zla uyumlu, do\u011fal bir burun \u015fekli elde etmek amac\u0131yla yap\u0131lan estetik bir cerrahi i\u015flemdir. Ki\u015finin etnik k\u00f6kenine<\/p>","protected":false},"author":1,"featured_media":0,"parent":0,"menu_order":0,"comment_status":"closed","ping_status":"closed","template":"","meta":{"footnotes":""},"class_list":["post-27755","page","type-page","status-publish","hentry"],"_links":{"self":[{"href":"https:\/\/westestetik.com\/es\/wp-json\/wp\/v2\/pages\/27755","targetHints":{"allow":["GET"]}}],"collection":[{"href":"https:\/\/westestetik.com\/es\/wp-json\/wp\/v2\/pages"}],"about":[{"href":"https:\/\/westestetik.com\/es\/wp-json\/wp\/v2\/types\/page"}],"author":[{"embeddable":true,"href":"https:\/\/westestetik.com\/es\/wp-json\/wp\/v2\/users\/1"}],"replies":[{"embeddable":true,"href":"https:\/\/westestetik.com\/es\/wp-json\/wp\/v2\/comments?post=27755"}],"version-history":[{"count":4,"href":"https:\/\/westestetik.com\/es\/wp-json\/wp\/v2\/pages\/27755\/revisions"}],"predecessor-version":[{"id":27874,"href":"https:\/\/westestetik.com\/es\/wp-json\/wp\/v2\/pages\/27755\/revisions\/27874"}],"wp:attachment":[{"href":"https:\/\/westestetik.com\/es\/wp-json\/wp\/v2\/media?parent=27755"}],"curies":[{"name":"wp","href":"https:\/\/api.w.org\/{rel}","templated":true}]}}