{"id":27753,"date":"2024-12-02T22:47:27","date_gmt":"2024-12-02T22:47:27","guid":{"rendered":"https:\/\/westestetik.com\/?page_id=27753"},"modified":"2024-12-25T10:47:09","modified_gmt":"2024-12-25T10:47:09","slug":"rinoplastia-de-revision","status":"publish","type":"page","link":"https:\/\/westestetik.com\/es\/rinoplastia-de-revision\/","title":{"rendered":"Rinoplastia de revisi\u00f3n"},"content":{"rendered":"<div data-elementor-type=\"wp-page\" data-elementor-id=\"27753\" class=\"elementor elementor-27753\" data-elementor-post-type=\"page\">\n\t\t\t\t<div class=\"wd-negative-gap elementor-element elementor-element-e150b12 e-flex e-con-boxed e-con e-parent\" data-id=\"e150b12\" data-element_type=\"container\">\n\t\t\t\t\t<div class=\"e-con-inner\">\n\t\t\t\t<div class=\"elementor-element elementor-element-7286009 elementor-widget elementor-widget-image\" data-id=\"7286009\" data-element_type=\"widget\" data-widget_type=\"image.default\">\n\t\t\t\t<div class=\"elementor-widget-container\">\n\t\t\t\t\t\t\t\t\t\t\t\t\t\t\t<img fetchpriority=\"high\" decoding=\"async\" width=\"1300\" height=\"384\" src=\"https:\/\/westestetik.com\/wp-content\/uploads\/2024\/12\/Uygulama-1-1300x384.png\" class=\"attachment-large size-large wp-image-27725\" alt=\"Enfermedades\" srcset=\"https:\/\/westestetik.com\/wp-content\/uploads\/2024\/12\/Uygulama-1-1300x384.png 1300w, https:\/\/westestetik.com\/wp-content\/uploads\/2024\/12\/Uygulama-1-430x127.png 430w, https:\/\/westestetik.com\/wp-content\/uploads\/2024\/12\/Uygulama-1-150x44.png 150w, https:\/\/westestetik.com\/wp-content\/uploads\/2024\/12\/Uygulama-1-700x207.png 700w, https:\/\/westestetik.com\/wp-content\/uploads\/2024\/12\/Uygulama-1-400x118.png 400w, https:\/\/westestetik.com\/wp-content\/uploads\/2024\/12\/Uygulama-1-768x227.png 768w, https:\/\/westestetik.com\/wp-content\/uploads\/2024\/12\/Uygulama-1-1536x453.png 1536w, https:\/\/westestetik.com\/wp-content\/uploads\/2024\/12\/Uygulama-1-2048x604.png 2048w\" sizes=\"(max-width: 1300px) 100vw, 1300px\" \/>\t\t\t\t\t\t\t\t\t\t\t\t\t\t\t<\/div>\n\t\t\t\t<\/div>\n\t\t\t\t\t<\/div>\n\t\t\t\t<\/div>\n\t\t<div class=\"wd-negative-gap elementor-element elementor-element-af004e0 e-flex e-con-boxed e-con e-parent\" data-id=\"af004e0\" data-element_type=\"container\">\n\t\t\t\t\t<div class=\"e-con-inner\">\n\t\t\t\t<div class=\"elementor-element elementor-element-15bcedc color-scheme-inherit text-left elementor-widget elementor-widget-text-editor\" data-id=\"15bcedc\" data-element_type=\"widget\" data-widget_type=\"text-editor.default\">\n\t\t\t\t<div class=\"elementor-widget-container\">\n\t\t\t\t\t\t\t\t\t<p><span style=\"font-weight: 400;\">La rinoplastia de revisi\u00f3n es una soluci\u00f3n ideal para las personas que se han sometido a una cirug\u00eda de rinoplastia pero no consiguen los resultados deseados o experimentan complicaciones. Esta intervenci\u00f3n se realiza para corregir problemas est\u00e9ticos y funcionales de la nariz. Por motivos como la forma de la nariz, su estructura o problemas respiratorios, puede ser necesaria una reintervenci\u00f3n tras la primera rinoplastia. En esta p\u00e1gina de servicios encontrar\u00e1 todo lo que necesita saber sobre la rinoplastia de revisi\u00f3n en detalle.<\/span><\/p><h2><span style=\"font-weight: 400;\">\u00bfQu\u00e9 es la rinoplastia de revisi\u00f3n?<\/span><\/h2><p><span style=\"font-weight: 400;\">La rinoplastia de revisi\u00f3n es un segundo tipo de operaci\u00f3n que se realiza si la rinoplastia anterior no produce los resultados deseados. La revisi\u00f3n puede realizarse por motivos como deformidades que se produjeron durante la primera rinoplastia, dificultades respiratorias o incumplimiento de las preferencias est\u00e9ticas personales. Este procedimiento se realiza para remodelar la estructura nasal y obtener un aspecto est\u00e9tico compatible con el rostro.<\/span><\/p><h2><span style=\"font-weight: 400;\">\u00bfPara qui\u00e9n es adecuada la rinoplastia de revisi\u00f3n?<\/span><\/h2><p><span style=\"font-weight: 400;\">La rinoplastia de revisi\u00f3n es adecuada para personas que no est\u00e1n satisfechas tras la rinoplastia y desean mejorar la estructura de la nariz. Adem\u00e1s, la rinoplastia de revisi\u00f3n tambi\u00e9n puede recomendarse a pacientes que tengan problemas respiratorios tras la primera cirug\u00eda de rinoplastia o a pacientes que experimenten una deformaci\u00f3n f\u00edsica como consecuencia de la rinoplastia.<\/span><\/p><h2><span style=\"font-weight: 400;\">\u00bfCu\u00e1nto dura una revisi\u00f3n de rinoplastia?<\/span><\/h2><p><span style=\"font-weight: 400;\">La duraci\u00f3n de la cirug\u00eda de rinoplastia de revisi\u00f3n suele oscilar entre 1,5 y 3 horas. Este tiempo puede variar en funci\u00f3n del tipo de problema de la nariz, de las t\u00e9cnicas que deba aplicar el cirujano y de las caracter\u00edsticas estructurales del paciente. Sin embargo, debido a la complejidad del procedimiento y a las correcciones que hay que realizar, la rinoplastia de revisi\u00f3n suele durar m\u00e1s que la primera cirug\u00eda de rinoplastia.<\/span><\/p><h2><span style=\"font-weight: 400;\">\u00bfCu\u00e1ndo puede realizarse una rinoplastia de revisi\u00f3n?<\/span><\/h2><p><span style=\"font-weight: 400;\">El mejor momento para una rinoplastia de revisi\u00f3n es al menos 12 meses despu\u00e9s de la primera operaci\u00f3n de rinoplastia. Durante este tiempo, la inflamaci\u00f3n de la nariz habr\u00e1 remitido y la estructura nasal se habr\u00e1 curado por completo. Tras la intervenci\u00f3n, la nariz adquiere una forma m\u00e1s clara y los resultados son evidentes. Sin embargo, en algunos casos especiales (por ejemplo, traumatismos o problemas de salud graves) puede realizarse una rinoplastia de revisi\u00f3n antes de este periodo.<\/span><\/p><h2><span style=\"font-weight: 400;\">Proceso de recuperaci\u00f3n tras una rinoplastia de revisi\u00f3n<\/span><\/h2><p><span style=\"font-weight: 400;\">El proceso de cicatrizaci\u00f3n tras una rinoplastia de revisi\u00f3n puede variar de una persona a otra. Es normal que se produzcan hinchaz\u00f3n, hematomas y dolor leve en el postoperatorio, pero desaparecer\u00e1n con el tiempo. El proceso de cicatrizaci\u00f3n puede resumirse como sigue:<\/span><\/p><p><span style=\"font-weight: 400;\">Primeros 1-2 d\u00edas: La hinchaz\u00f3n y los hematomas suelen ser los m\u00e1s intensos durante este periodo. La f\u00e9rula o vendaje colocado en la nariz ayuda a mantener la forma de la nariz.<\/span><\/p><p><span style=\"font-weight: 400;\">1-2 semanas: La hinchaz\u00f3n empieza a disminuir. Los hematomas tambi\u00e9n tienden a curarse. Puede continuar la sensibilidad en la zona de la nariz.<\/span><\/p><p><span style=\"font-weight: 400;\">4-6 semanas: La nariz empieza a cicatrizar por completo. La inflamaci\u00f3n casi desaparece, pero puede persistir una sutil hinchaz\u00f3n durante unos meses m\u00e1s.<\/span><\/p><p><span style=\"font-weight: 400;\">3-6 Meses: La forma de la nariz est\u00e1 completamente asentada y los resultados est\u00e9ticos son m\u00e1s claramente visibles.<\/span><\/p><p><span style=\"font-weight: 400;\">1 a\u00f1o: Se completa todo el proceso de cicatrizaci\u00f3n y se finaliza la forma de la nariz.<\/span><\/p><p><span style=\"font-weight: 400;\">El proceso de cicatrizaci\u00f3n est\u00e1 directamente relacionado con el estado de salud general del paciente, los niveles de estr\u00e9s experimentados y la habilidad t\u00e9cnica del cirujano.<\/span><\/p><h2><span style=\"font-weight: 400;\">Aspectos a tener en cuenta antes de una rinoplastia de revisi\u00f3n<\/span><\/h2><p><span style=\"font-weight: 400;\">Hay varios factores importantes que deben tenerse en cuenta antes de una rinoplastia de revisi\u00f3n. Estos pasos pueden afectar al \u00e9xito de la operaci\u00f3n y acelerar el proceso de cicatrizaci\u00f3n:<\/span><\/p><p><span style=\"font-weight: 400;\">Estado de salud: Hay que asegurarse de que el estado de salud es completamente adecuado antes de la operaci\u00f3n. En particular, deben evitarse los anticoagulantes y dejar de fumar antes de la intervenci\u00f3n.<\/span><\/p><p><span style=\"font-weight: 400;\">Selecci\u00f3n del cirujano: La rinoplastia de revisi\u00f3n requiere una intervenci\u00f3n quir\u00fargica mucho m\u00e1s delicada. Por lo tanto, es muy importante elegir un cirujano con experiencia.<\/span><\/p><p><span style=\"font-weight: 400;\">Preparaci\u00f3n psicol\u00f3gica: Las operaciones est\u00e9ticas pueden afectar a la psicolog\u00eda de la persona. Las expectativas est\u00e9ticas deben determinarse claramente antes de la operaci\u00f3n y debe establecerse una comunicaci\u00f3n abierta con el cirujano.<\/span><\/p><p><span style=\"font-weight: 400;\">Planificaci\u00f3n de la recuperaci\u00f3n: Dado que el proceso de recuperaci\u00f3n durar\u00e1 varias semanas, los pacientes deben planificar su vida laboral y social teniendo en cuenta este periodo.<\/span><\/p><h2><span style=\"font-weight: 400;\">\u00bfCu\u00e1les son los precios de la rinoplastia de revisi\u00f3n?<\/span><\/h2><p><span style=\"font-weight: 400;\">Los precios de la rinoplastia de revisi\u00f3n suelen ser ligeramente superiores a los de la rinoplastia inicial. Los precios pueden variar en funci\u00f3n de la experiencia del cirujano, la complejidad de las correcciones a realizar y las necesidades del paciente.\u00a0<\/span><\/p><h2><span style=\"font-weight: 400;\">\u00bfQu\u00e9 debe tenerse en cuenta tras una rinoplastia de revisi\u00f3n?<\/span><\/h2><p><span style=\"font-weight: 400;\">Despu\u00e9s de una rinoplastia de revisi\u00f3n, hay algunos puntos importantes a los que los pacientes deben prestar atenci\u00f3n:<\/span><\/p><p><span style=\"font-weight: 400;\">Reposo: En los primeros d\u00edas, es muy importante guardar reposo para proteger la nariz y para que el proceso de cicatrizaci\u00f3n avance de forma saludable.<\/span><\/p><p><span style=\"font-weight: 400;\">Dormir boca abajo: Dormir boca arriba es la posici\u00f3n m\u00e1s adecuada para evitar presiones en la zona nasal tras la cirug\u00eda.<\/span><\/p><p><span style=\"font-weight: 400;\">Limpieza de las heridas: La limpieza y el cuidado adecuados de las heridas alrededor de la nariz reducen el riesgo de infecci\u00f3n.<\/span><\/p><p><span style=\"font-weight: 400;\">Consumo de tabaco y alcohol: El tabaco y el alcohol pueden afectar negativamente al proceso de cicatrizaci\u00f3n, por lo que deben evitarse.<\/span><\/p>\t\t\t\t\t\t\t\t<\/div>\n\t\t\t\t<\/div>\n\t\t\t\t\t<\/div>\n\t\t\t\t<\/div>\n\t\t\t\t<\/div>","protected":false},"excerpt":{"rendered":"<p>Revizyon rinoplasti, burun esteti\u011fi ameliyat\u0131 ge\u00e7irmi\u015f ancak istenilen sonu\u00e7lar\u0131 alamayan veya komplikasyonlar ya\u015fayan ki\u015filer i\u00e7in ideal bir \u00e7\u00f6z\u00fcmd\u00fcr. Bu i\u015flem,<\/p>","protected":false},"author":1,"featured_media":0,"parent":0,"menu_order":0,"comment_status":"closed","ping_status":"closed","template":"","meta":{"footnotes":""},"class_list":["post-27753","page","type-page","status-publish","hentry"],"_links":{"self":[{"href":"https:\/\/westestetik.com\/es\/wp-json\/wp\/v2\/pages\/27753","targetHints":{"allow":["GET"]}}],"collection":[{"href":"https:\/\/westestetik.com\/es\/wp-json\/wp\/v2\/pages"}],"about":[{"href":"https:\/\/westestetik.com\/es\/wp-json\/wp\/v2\/types\/page"}],"author":[{"embeddable":true,"href":"https:\/\/westestetik.com\/es\/wp-json\/wp\/v2\/users\/1"}],"replies":[{"embeddable":true,"href":"https:\/\/westestetik.com\/es\/wp-json\/wp\/v2\/comments?post=27753"}],"version-history":[{"count":4,"href":"https:\/\/westestetik.com\/es\/wp-json\/wp\/v2\/pages\/27753\/revisions"}],"predecessor-version":[{"id":27827,"href":"https:\/\/westestetik.com\/es\/wp-json\/wp\/v2\/pages\/27753\/revisions\/27827"}],"wp:attachment":[{"href":"https:\/\/westestetik.com\/es\/wp-json\/wp\/v2\/media?parent=27753"}],"curies":[{"name":"wp","href":"https:\/\/api.w.org\/{rel}","templated":true}]}}