{"id":27749,"date":"2024-12-02T22:46:43","date_gmt":"2024-12-02T22:46:43","guid":{"rendered":"https:\/\/westestetik.com\/?page_id=27749"},"modified":"2025-11-13T12:53:03","modified_gmt":"2025-11-13T09:53:03","slug":"estetica-materna","status":"publish","type":"page","link":"https:\/\/westestetik.com\/es\/estetica-materna\/","title":{"rendered":"Cambio de imagen para mam\u00e1s"},"content":{"rendered":"<div data-elementor-type=\"wp-page\" data-elementor-id=\"27749\" class=\"elementor elementor-27749\" data-elementor-post-type=\"page\">\n\t\t\t\t<div class=\"wd-negative-gap elementor-element elementor-element-e150b12 elementor-hidden-desktop elementor-hidden-tablet elementor-hidden-mobile e-flex e-con-boxed e-con e-parent\" data-id=\"e150b12\" data-element_type=\"container\">\n\t\t\t\t\t<div class=\"e-con-inner\">\n\t\t\t\t<div class=\"elementor-element elementor-element-7286009 elementor-widget elementor-widget-image\" data-id=\"7286009\" data-element_type=\"widget\" data-widget_type=\"image.default\">\n\t\t\t\t<div class=\"elementor-widget-container\">\n\t\t\t\t\t\t\t\t\t\t\t\t\t\t\t<img fetchpriority=\"high\" decoding=\"async\" width=\"1300\" height=\"384\" src=\"https:\/\/westestetik.com\/wp-content\/uploads\/2024\/12\/Uygulama-1-1300x384.png\" class=\"attachment-large size-large wp-image-27725\" alt=\"Enfermedades\" srcset=\"https:\/\/westestetik.com\/wp-content\/uploads\/2024\/12\/Uygulama-1-1300x384.png 1300w, https:\/\/westestetik.com\/wp-content\/uploads\/2024\/12\/Uygulama-1-430x127.png 430w, https:\/\/westestetik.com\/wp-content\/uploads\/2024\/12\/Uygulama-1-150x44.png 150w, https:\/\/westestetik.com\/wp-content\/uploads\/2024\/12\/Uygulama-1-700x207.png 700w, https:\/\/westestetik.com\/wp-content\/uploads\/2024\/12\/Uygulama-1-400x118.png 400w, https:\/\/westestetik.com\/wp-content\/uploads\/2024\/12\/Uygulama-1-768x227.png 768w, https:\/\/westestetik.com\/wp-content\/uploads\/2024\/12\/Uygulama-1-1536x453.png 1536w, https:\/\/westestetik.com\/wp-content\/uploads\/2024\/12\/Uygulama-1-2048x604.png 2048w\" sizes=\"(max-width: 1300px) 100vw, 1300px\" \/>\t\t\t\t\t\t\t\t\t\t\t\t\t\t\t<\/div>\n\t\t\t\t<\/div>\n\t\t\t\t\t<\/div>\n\t\t\t\t<\/div>\n\t\t<div class=\"wd-negative-gap elementor-element elementor-element-108af04 e-flex e-con-boxed e-con e-parent\" data-id=\"108af04\" data-element_type=\"container\">\n\t\t\t\t\t<div class=\"e-con-inner\">\n\t\t\t\t<div class=\"elementor-element elementor-element-8a7db0b color-scheme-inherit text-left elementor-widget elementor-widget-text-editor\" data-id=\"8a7db0b\" data-element_type=\"widget\" data-widget_type=\"text-editor.default\">\n\t\t\t\t<div class=\"elementor-widget-container\">\n\t\t\t\t\t\t\t\t\t<p>El Mommy Makeover consiste en m\u00faltiples procedimientos de cirug\u00eda est\u00e9tica realizados para revertir los cambios f\u00edsicos causados por el proceso de parto y lactancia. Aunque el embarazo, el parto y la lactancia son experiencias milagrosas, pueden dejar efectos permanentes en el cuerpo femenino como flacidez, estr\u00edas, p\u00e9rdida de volumen y acumulaci\u00f3n de grasa. Al ofrecer soluciones a estos problemas, la est\u00e9tica maternal ayuda a las mujeres a recuperar la confianza en su cuerpo.\u00a0<\/p><h2>\u00bfQu\u00e9 es la anestesia est\u00e9tica y para qui\u00e9n es adecuada?<\/h2><p>La est\u00e9tica de la maternidad es una operaci\u00f3n que las mujeres con problemas est\u00e9ticos posparto se aplican para moldear su cuerpo. Se trata de una aplicaci\u00f3n quir\u00fargica combinada que incluye procedimientos como abdominoplastia, liposucci\u00f3n, elevaci\u00f3n o aumento de pecho.<\/p><h2>Kimler i\u00e7in Uygundur?<\/h2><ul><li>Mujeres que han finalizado su embarazo y ya no tienen previsto tener hijos.<\/li><li>Quienes tienen problemas como flacidez, estr\u00edas o acumulaci\u00f3n de grasa en el cuerpo despu\u00e9s del parto.<\/li><li>Personas que han terminado la lactancia y est\u00e1n f\u00edsicamente preparadas para la operaci\u00f3n.<\/li><li>No fumadores y personas con buena salud general.<\/li><\/ul><p>La est\u00e9tica Anne se lleva a cabo con una planificaci\u00f3n personalizada y se re\u00fanen los procedimientos m\u00e1s adecuados a sus necesidades.<\/p><h2>\u00bfQu\u00e9 procedimientos incluye la Est\u00e9tica Maternal?<\/h2><p>La est\u00e9tica de la madre combina m\u00e1s de un procedimiento dirigi\u00e9ndose a problemas en diferentes \u00e1reas. Algunas de ellas son las siguientes:<\/p><ul><li>Abdominoplastia: Proporciona un aspecto abdominal plano recuperando los m\u00fasculos abdominales y el exceso de piel que se relajan tras el embarazo. Durante esta operaci\u00f3n tambi\u00e9n pueden eliminarse algunas estr\u00edas.<\/li><li>Elevaci\u00f3n\/Ampliaci\u00f3n de senos: Se aplica para recuperar la antigua forma de los senos ca\u00eddos debido a la lactancia. Si hay p\u00e9rdida de volumen en los senos, tambi\u00e9n puede realizarse un aumento mamario con implantes.<\/li><li>Liposucci\u00f3n: Es un m\u00e9todo utilizado para eliminar los dep\u00f3sitos de grasa rebelde en las zonas de la cadera, la cintura, el abdomen o los muslos. Este procedimiento contribuye eficazmente a moldear el cuerpo.<\/li><\/ul><p>Se crea un plan de operaciones especial para usted combinando las operaciones realizadas seg\u00fan sus necesidades.<\/p><h2>\u00bfCu\u00e1nto dura el proceso de recuperaci\u00f3n despu\u00e9s de Anne Aesthetics?<\/h2><p>El proceso de recuperaci\u00f3n tras un cambio de imagen depende del alcance de los procedimientos realizados y del estado general de salud de la paciente. Por lo general, se sigue el siguiente proceso:<\/p><ul><li>Se recomienda reposo y actividades ligeras durante los 2-3 primeros d\u00edas tras la operaci\u00f3n.<\/li><li>En 2 semanas es posible volver a la rutina diaria, pero debe evitarse la actividad f\u00edsica intensa.<\/li><li>En las zonas en las que se realiza la liposucci\u00f3n pueden aparecer hinchaz\u00f3n y hematomas leves. Estos efectos suelen desaparecer en 4-6 semanas.<\/li><li>El proceso completo de cicatrizaci\u00f3n se completa entre 3 y 6 meses.<\/li><\/ul><p>Seguir las instrucciones dadas por su m\u00e9dico tras la operaci\u00f3n acelerar\u00e1 su proceso de recuperaci\u00f3n.<\/p><h2>\u00bfEs arriesgada la operaci\u00f3n de Anne Aesthetics?<\/h2><p>Como en cualquier intervenci\u00f3n quir\u00fargica, la est\u00e9tica materna entra\u00f1a ciertos riesgos. Sin embargo, estos riesgos suelen minimizarse bajo el control de un cirujano experimentado. Entre los posibles riesgos figuran infecciones, hemorragias, reacciones a la anestesia o problemas de cicatrizaci\u00f3n. Su cirujano tomar\u00e1 las precauciones necesarias para minimizar los riesgos antes de la intervenci\u00f3n.<\/p><h2>\u00bfQu\u00e9 hay que tener en cuenta antes de someterse a una operaci\u00f3n de cirug\u00eda est\u00e9tica?<\/h2><p>El proceso de preparaci\u00f3n es muy importante antes de la cirug\u00eda est\u00e9tica de la madre. Las cosas a tener en cuenta antes de la operaci\u00f3n son los siguientes:<\/p><ul><li>Se debe dejar de fumar y de consumir alcohol al menos 2 semanas antes de la fecha de la intervenci\u00f3n.<\/li><li>En el periodo preoperatorio, se debe seguir una dieta sana y equilibrada y consumir mucha agua.<\/li><li>El uso de anticoagulantes debe interrumpirse de acuerdo con la recomendaci\u00f3n del m\u00e9dico.<\/li><li>Debe completarse el periodo de lactancia.<\/li><\/ul><p>Estos preparativos reducen al m\u00ednimo las complicaciones que pueden surgir durante y despu\u00e9s de la intervenci\u00f3n quir\u00fargica.<\/p><h2>\u00bfCu\u00e1l es el precio de la est\u00e9tica mamaria?<\/h2><p>Los precios de la est\u00e9tica materna var\u00edan en funci\u00f3n del n\u00famero y el tipo de procedimientos realizados. Dado que se crea un plan de tratamiento individual para cada paciente, s\u00f3lo se puede determinar un precio exacto tras el examen. Sin embargo, en este proceso no debe olvidarse que el n\u00famero de procedimientos y las tecnolog\u00edas utilizadas influyen en el precio.<\/p><h2>\u00bfC\u00f3mo eliminar los cambios postparto con Anne Est\u00e9tica?<\/h2><p>Problemas como la separaci\u00f3n de los m\u00fasculos abdominales durante el embarazo (di\u00e1stasis de rectos), la p\u00e9rdida de volumen mamario y la disminuci\u00f3n de la elasticidad de la piel pueden eliminarse con la est\u00e9tica maternal. Estas operaciones ofrecen la oportunidad de remodelar el cuerpo despu\u00e9s del parto. Como resultado, la persona se siente m\u00e1s segura y c\u00f3moda.<\/p><h2>\u00bfCu\u00e1ndo puedo empezar a hacer deporte despu\u00e9s de la cirug\u00eda est\u00e9tica Anne?<\/h2><p>El tiempo de reincorporaci\u00f3n a la actividad deportiva despu\u00e9s de una intervenci\u00f3n quir\u00fargica var\u00eda en funci\u00f3n de los procedimientos realizados. Por lo general,<\/p><ul><li>Se recomienda caminar ligeramente desde la primera semana despu\u00e9s de la operaci\u00f3n.<\/li><li>Las actividades f\u00edsicas intensas y los deportes pesados deben esperarse al menos 6-8 semanas.<\/li><\/ul><p>Su m\u00e9dico le ayudar\u00e1 a determinar su programa deportivo en funci\u00f3n de su proceso de recuperaci\u00f3n.<\/p><h2>\u00bfEs Anne Aesthetics segura? \u00bfTiene efectos secundarios?<\/h2><p>La anestesia est\u00e9tica es bastante segura cuando la realiza un cirujano especialista. No obstante, como en cualquier intervenci\u00f3n quir\u00fargica, pueden producirse efectos secundarios leves. Por ejemplo, tras la intervenci\u00f3n pueden aparecer dolores leves, hinchaz\u00f3n y hematomas. Estos efectos secundarios suelen ser temporales y desaparecen en pocas semanas.<\/p>\t\t\t\t\t\t\t\t<\/div>\n\t\t\t\t<\/div>\n\t\t\t\t\t<\/div>\n\t\t\t\t<\/div>\n\t\t\t\t<\/div>","protected":false},"excerpt":{"rendered":"<p>Anne esteti\u011fi (Mommy Makeover), do\u011fum ve emzirme s\u00fcrecinin v\u00fccutta olu\u015fturdu\u011fu fiziksel de\u011fi\u015fiklikleri geri d\u00f6nd\u00fcrmek amac\u0131yla uygulanan birden fazla estetik cerrahi<\/p>","protected":false},"author":1,"featured_media":0,"parent":0,"menu_order":0,"comment_status":"closed","ping_status":"closed","template":"","meta":{"footnotes":""},"class_list":["post-27749","page","type-page","status-publish","hentry"],"_links":{"self":[{"href":"https:\/\/westestetik.com\/es\/wp-json\/wp\/v2\/pages\/27749","targetHints":{"allow":["GET"]}}],"collection":[{"href":"https:\/\/westestetik.com\/es\/wp-json\/wp\/v2\/pages"}],"about":[{"href":"https:\/\/westestetik.com\/es\/wp-json\/wp\/v2\/types\/page"}],"author":[{"embeddable":true,"href":"https:\/\/westestetik.com\/es\/wp-json\/wp\/v2\/users\/1"}],"replies":[{"embeddable":true,"href":"https:\/\/westestetik.com\/es\/wp-json\/wp\/v2\/comments?post=27749"}],"version-history":[{"count":10,"href":"https:\/\/westestetik.com\/es\/wp-json\/wp\/v2\/pages\/27749\/revisions"}],"predecessor-version":[{"id":31919,"href":"https:\/\/westestetik.com\/es\/wp-json\/wp\/v2\/pages\/27749\/revisions\/31919"}],"wp:attachment":[{"href":"https:\/\/westestetik.com\/es\/wp-json\/wp\/v2\/media?parent=27749"}],"curies":[{"name":"wp","href":"https:\/\/api.w.org\/{rel}","templated":true}]}}