{"id":27747,"date":"2024-12-02T22:45:10","date_gmt":"2024-12-02T22:45:10","guid":{"rendered":"https:\/\/westestetik.com\/?page_id=27747"},"modified":"2025-11-13T12:52:48","modified_gmt":"2025-11-13T09:52:48","slug":"vaser-liposaksin","status":"publish","type":"page","link":"https:\/\/westestetik.com\/es\/vaser-liposaksin\/","title":{"rendered":"Liposucci\u00f3n Vaser"},"content":{"rendered":"<div data-elementor-type=\"wp-page\" data-elementor-id=\"27747\" class=\"elementor elementor-27747\" data-elementor-post-type=\"page\">\n\t\t\t\t<div class=\"wd-negative-gap elementor-element elementor-element-e150b12 elementor-hidden-desktop elementor-hidden-tablet elementor-hidden-mobile e-flex e-con-boxed e-con e-parent\" data-id=\"e150b12\" data-element_type=\"container\">\n\t\t\t\t\t<div class=\"e-con-inner\">\n\t\t\t\t<div class=\"elementor-element elementor-element-7286009 elementor-widget elementor-widget-image\" data-id=\"7286009\" data-element_type=\"widget\" data-widget_type=\"image.default\">\n\t\t\t\t<div class=\"elementor-widget-container\">\n\t\t\t\t\t\t\t\t\t\t\t\t\t\t\t<img fetchpriority=\"high\" decoding=\"async\" width=\"1300\" height=\"384\" src=\"https:\/\/westestetik.com\/wp-content\/uploads\/2024\/12\/Uygulama-1-1300x384.png\" class=\"attachment-large size-large wp-image-27725\" alt=\"Enfermedades\" srcset=\"https:\/\/westestetik.com\/wp-content\/uploads\/2024\/12\/Uygulama-1-1300x384.png 1300w, https:\/\/westestetik.com\/wp-content\/uploads\/2024\/12\/Uygulama-1-430x127.png 430w, https:\/\/westestetik.com\/wp-content\/uploads\/2024\/12\/Uygulama-1-150x44.png 150w, https:\/\/westestetik.com\/wp-content\/uploads\/2024\/12\/Uygulama-1-700x207.png 700w, https:\/\/westestetik.com\/wp-content\/uploads\/2024\/12\/Uygulama-1-400x118.png 400w, https:\/\/westestetik.com\/wp-content\/uploads\/2024\/12\/Uygulama-1-768x227.png 768w, https:\/\/westestetik.com\/wp-content\/uploads\/2024\/12\/Uygulama-1-1536x453.png 1536w, https:\/\/westestetik.com\/wp-content\/uploads\/2024\/12\/Uygulama-1-2048x604.png 2048w\" sizes=\"(max-width: 1300px) 100vw, 1300px\" \/>\t\t\t\t\t\t\t\t\t\t\t\t\t\t\t<\/div>\n\t\t\t\t<\/div>\n\t\t\t\t\t<\/div>\n\t\t\t\t<\/div>\n\t\t<div class=\"wd-negative-gap elementor-element elementor-element-d12832f e-flex e-con-boxed e-con e-parent\" data-id=\"d12832f\" data-element_type=\"container\">\n\t\t\t\t\t<div class=\"e-con-inner\">\n\t\t\t\t<div class=\"elementor-element elementor-element-4362e0d color-scheme-inherit text-left elementor-widget elementor-widget-text-editor\" data-id=\"4362e0d\" data-element_type=\"widget\" data-widget_type=\"text-editor.default\">\n\t\t\t\t<div class=\"elementor-widget-container\">\n\t\t\t\t\t\t\t\t\t<p><span style=\"font-weight: 400;\">La liposucci\u00f3n Vaser es un m\u00e9todo moderno de eliminaci\u00f3n de grasa que se ha popularizado en el campo del contorno corporal en los \u00faltimos a\u00f1os. Al tratarse de una t\u00e9cnica m\u00ednimamente invasiva, este procedimiento facilita la eliminaci\u00f3n de la grasa rebelde del cuerpo, al tiempo que ofrece un aspecto natural y est\u00e9tico. La liposucci\u00f3n Vaser licua con precisi\u00f3n las c\u00e9lulas grasas de las zonas seleccionadas gracias a ondas ultras\u00f3nicas y las elimina del cuerpo. El r\u00e1pido proceso de recuperaci\u00f3n, los resultados permanentes y la aplicaci\u00f3n segura aumentan d\u00eda a d\u00eda el n\u00famero de quienes prefieren este m\u00e9todo.<\/span><\/p><h2><span style=\"font-weight: 400;\">Liposucci\u00f3n Vaser<\/span><span style=\"font-weight: 400;\"> \u00bfQu\u00e9 es y c\u00f3mo se hace?<\/span><\/h2><p><span style=\"font-weight: 400;\">La liposucci\u00f3n Vaser es un m\u00e9todo avanzado de contorno corporal. Este procedimiento, que act\u00faa sobre las c\u00e9lulas adiposas mediante ondas ultras\u00f3nicas, permite eliminar el exceso de grasa sin da\u00f1ar los tejidos circundantes. Suele aplicarse en zonas como abdomen, caderas, espalda, piernas y brazos. Durante el procedimiento, los tejidos grasos se lic\u00faan con energ\u00eda ultras\u00f3nica y se extraen del cuerpo con la ayuda de un dispositivo especial de vac\u00edo. Este m\u00e9todo ofrece un periodo de recuperaci\u00f3n m\u00e1s corto gracias a su m\u00ednima invasividad.<\/span><\/p><h2><span style=\"font-weight: 400;\">Liposucci\u00f3n Vaser<\/span><span style=\"font-weight: 400;\"> \u00bfPara qui\u00e9n es adecuado?<\/span><\/h2><p><span style=\"font-weight: 400;\">La liposucci\u00f3n Vaser es adecuada para personas sanas. Sin embargo, este m\u00e9todo no es una herramienta de p\u00e9rdida de peso, sino un procedimiento dirigido a los dep\u00f3sitos regionales de grasa. Se obtienen resultados m\u00e1s eficaces en personas con un \u00edndice de masa corporal (IMC) inferior a 30 y una estructura cut\u00e1nea el\u00e1stica. Es una opci\u00f3n ideal para quienes no pueden deshacerse de la grasa de determinadas zonas a pesar de la dieta y el ejercicio. Tambi\u00e9n puede preferirse para corregir deformidades posteriores al embarazo.<\/span><\/p><h2><span style=\"font-weight: 400;\">Liposucci\u00f3n Vaser<\/span><span style=\"font-weight: 400;\"> \u00bfCu\u00e1l es el proceso de curaci\u00f3n posterior?<\/span><\/h2><p><span style=\"font-weight: 400;\">El proceso de recuperaci\u00f3n tras una liposucci\u00f3n Vaser suele ser r\u00e1pido. Despu\u00e9s de la intervenci\u00f3n pueden aparecer hinchaz\u00f3n y hematomas leves, pero estos efectos desaparecen en unas semanas. Llevar un cors\u00e9 especial durante los primeros d\u00edas ayuda a mantener la forma del cuerpo. Beber mucha agua y descansar seg\u00fan las recomendaciones del m\u00e9dico acelera el proceso de cicatrizaci\u00f3n. La mayor\u00eda de las personas pueden reincorporarse a sus actividades cotidianas una semana despu\u00e9s de la intervenci\u00f3n.<\/span><\/p><h2><span style=\"font-weight: 400;\">Liposucci\u00f3n Vaser<\/span><span style=\"font-weight: 400;\"> \u00bfCon qu\u00e9 zonas se puede dar forma?<\/span><\/h2><p><span style=\"font-weight: 400;\">La liposucci\u00f3n Vaser puede aplicarse en casi todas las zonas del cuerpo. Entre las zonas preferidas:<\/span><\/p><ul><li><span style=\"font-weight: 400;\">Abdomen<\/span><\/li><li><span style=\"font-weight: 400;\">Bel<\/span><\/li><li><span style=\"font-weight: 400;\">Cadera<\/span><\/li><li><span style=\"font-weight: 400;\">Piernas<\/span><\/li><li><span style=\"font-weight: 400;\">Brazos<\/span><\/li><li><span style=\"font-weight: 400;\">Volver<\/span><\/li><li><span style=\"font-weight: 400;\">Debajo de la barbilla (papada)<\/span><\/li><\/ul><p><span style=\"font-weight: 400;\">Este procedimiento proporciona un aspecto m\u00e1s proporcionado al resaltar los contornos naturales del cuerpo.<\/span><\/p><h2><span style=\"font-weight: 400;\">Liposucci\u00f3n Vaser<\/span><span style=\"font-weight: 400;\"> \u00bfEs un m\u00e9todo seguro?<\/span><\/h2><p><span style=\"font-weight: 400;\">La liposucci\u00f3n Vaser es un m\u00e9todo extremadamente seguro cuando se realiza en condiciones adecuadas y por cirujanos experimentados. Al ser una t\u00e9cnica m\u00ednimamente invasiva se reduce el riesgo de complicaciones. Sin embargo, como cualquier procedimiento quir\u00fargico, la liposucci\u00f3n vaser conlleva ciertos riesgos. Por lo tanto, es importante someterse a una evaluaci\u00f3n exhaustiva de la salud antes del procedimiento.<\/span><\/p><h2><span style=\"font-weight: 400;\">Liposucci\u00f3n Vaser<\/span><span style=\"font-weight: 400;\"> \u00bfCu\u00e1nto tiempo se tarda?<\/span><\/h2><p><span style=\"font-weight: 400;\">La duraci\u00f3n del procedimiento de liposucci\u00f3n Vaser var\u00eda en funci\u00f3n del tama\u00f1o de la zona a tratar y de la cantidad de grasa. En general, puede durar entre 1 y 4 horas. Si bien el procedimiento se completa en menos tiempo en zonas peque\u00f1as, puede llevar m\u00e1s tiempo cuando se interviene m\u00e1s de una zona.<\/span><\/p><h2><span style=\"font-weight: 400;\">\u00bfQu\u00e9 se debe tener en cuenta despu\u00e9s de la liposucci\u00f3n Vaser?<\/span><\/h2><p><span style=\"font-weight: 400;\">Cosas a tener en cuenta despu\u00e9s del procedimiento:<\/span><\/p><ul><li><span style=\"font-weight: 400;\">Llevar un cors\u00e9 especial prescrito por el m\u00e9dico<\/span><\/li><li><span style=\"font-weight: 400;\">Evitar una actividad f\u00edsica excesiva<\/span><\/li><li><span style=\"font-weight: 400;\">Alimentaci\u00f3n equilibrada y consumo abundante de agua<\/span><\/li><li><span style=\"font-weight: 400;\">Revisiones m\u00e9dicas peri\u00f3dicas<\/span><\/li><\/ul><p><span style=\"font-weight: 400;\">Cuando se siguen estas recomendaciones, el proceso de curaci\u00f3n es m\u00e1s c\u00f3modo y los resultados m\u00e1s eficaces.<\/span><\/p><h2><span style=\"font-weight: 400;\">Liposucci\u00f3n Vaser<\/span><span style=\"font-weight: 400;\"> \u00bfProporciona resultados duraderos?<\/span><\/h2><p><span style=\"font-weight: 400;\">S\u00ed, la liposucci\u00f3n vaser proporciona resultados permanentes. Las c\u00e9lulas grasas se eliminan por completo durante el procedimiento y estas c\u00e9lulas no se regeneran. Sin embargo, si se adopta un estilo de vida poco saludable, pueden aparecer adiposidades en otras zonas. Por lo tanto, una nutrici\u00f3n equilibrada y ejercicio son importantes para mantener su peso ideal despu\u00e9s del procedimiento.<\/span><\/p><h2><span style=\"font-weight: 400;\">Liposucci\u00f3n Vaser<\/span><span style=\"font-weight: 400;\"> \u00bfEn qu\u00e9 se diferencia la liposucci\u00f3n cl\u00e1sica?<\/span><\/h2><p><span style=\"font-weight: 400;\">La liposucci\u00f3n Vaser es un m\u00e9todo m\u00e1s sensible y eficaz que la liposucci\u00f3n cl\u00e1sica. Como se utilizan ondas ultras\u00f3nicas, no se da\u00f1an los tejidos circundantes. Adem\u00e1s, el proceso de cicatrizaci\u00f3n es m\u00e1s corto e indoloro. La liposucci\u00f3n Vaser ofrece resultados m\u00e1s satisfactorios en la remodelaci\u00f3n del contorno corporal.<\/span><\/p><h2><span style=\"font-weight: 400;\">Los precios de la liposucci\u00f3n Vaser var\u00edan seg\u00fan qu\u00e9?<\/span><\/h2><p><span style=\"font-weight: 400;\">Los precios de la liposucci\u00f3n Vaser var\u00edan en funci\u00f3n del n\u00famero de zonas a tratar, la duraci\u00f3n de la intervenci\u00f3n y la experiencia del cirujano. Adem\u00e1s, la ciudad en la que se encuentra la cl\u00ednica y las tecnolog\u00edas utilizadas son algunos de los factores que influyen en los precios. Es importante consultar a un especialista para obtener informaci\u00f3n detallada.<\/span><\/p>\t\t\t\t\t\t\t\t<\/div>\n\t\t\t\t<\/div>\n\t\t\t\t\t<\/div>\n\t\t\t\t<\/div>\n\t\t\t\t<\/div>","protected":false},"excerpt":{"rendered":"<p>Vaser liposak\u015f\u0131n, son y\u0131llarda v\u00fccut \u015fekillendirme alan\u0131nda pop\u00fcler hale gelen modern bir ya\u011f alma y\u00f6ntemidir. Minimal invaziv bir teknik olan<\/p>","protected":false},"author":1,"featured_media":0,"parent":0,"menu_order":0,"comment_status":"closed","ping_status":"closed","template":"","meta":{"footnotes":""},"class_list":["post-27747","page","type-page","status-publish","hentry"],"_links":{"self":[{"href":"https:\/\/westestetik.com\/es\/wp-json\/wp\/v2\/pages\/27747","targetHints":{"allow":["GET"]}}],"collection":[{"href":"https:\/\/westestetik.com\/es\/wp-json\/wp\/v2\/pages"}],"about":[{"href":"https:\/\/westestetik.com\/es\/wp-json\/wp\/v2\/types\/page"}],"author":[{"embeddable":true,"href":"https:\/\/westestetik.com\/es\/wp-json\/wp\/v2\/users\/1"}],"replies":[{"embeddable":true,"href":"https:\/\/westestetik.com\/es\/wp-json\/wp\/v2\/comments?post=27747"}],"version-history":[{"count":11,"href":"https:\/\/westestetik.com\/es\/wp-json\/wp\/v2\/pages\/27747\/revisions"}],"predecessor-version":[{"id":31916,"href":"https:\/\/westestetik.com\/es\/wp-json\/wp\/v2\/pages\/27747\/revisions\/31916"}],"wp:attachment":[{"href":"https:\/\/westestetik.com\/es\/wp-json\/wp\/v2\/media?parent=27747"}],"curies":[{"name":"wp","href":"https:\/\/api.w.org\/{rel}","templated":true}]}}