{"id":27745,"date":"2024-12-02T22:43:31","date_gmt":"2024-12-02T22:43:31","guid":{"rendered":"https:\/\/westestetik.com\/?page_id=27745"},"modified":"2025-11-13T12:52:32","modified_gmt":"2025-11-13T09:52:32","slug":"lifting-pubico","status":"publish","type":"page","link":"https:\/\/westestetik.com\/es\/lifting-pubico\/","title":{"rendered":"Lifting de pubis"},"content":{"rendered":"<div data-elementor-type=\"wp-page\" data-elementor-id=\"27745\" class=\"elementor elementor-27745\" data-elementor-post-type=\"page\">\n\t\t\t\t<div class=\"wd-negative-gap elementor-element elementor-element-e150b12 elementor-hidden-desktop elementor-hidden-tablet elementor-hidden-mobile e-flex e-con-boxed e-con e-parent\" data-id=\"e150b12\" data-element_type=\"container\">\n\t\t\t\t\t<div class=\"e-con-inner\">\n\t\t\t\t<div class=\"elementor-element elementor-element-7286009 elementor-widget elementor-widget-image\" data-id=\"7286009\" data-element_type=\"widget\" data-widget_type=\"image.default\">\n\t\t\t\t<div class=\"elementor-widget-container\">\n\t\t\t\t\t\t\t\t\t\t\t\t\t\t\t<img fetchpriority=\"high\" decoding=\"async\" width=\"1300\" height=\"384\" src=\"https:\/\/westestetik.com\/wp-content\/uploads\/2024\/12\/Uygulama-1-1300x384.png\" class=\"attachment-large size-large wp-image-27725\" alt=\"Enfermedades\" srcset=\"https:\/\/westestetik.com\/wp-content\/uploads\/2024\/12\/Uygulama-1-1300x384.png 1300w, https:\/\/westestetik.com\/wp-content\/uploads\/2024\/12\/Uygulama-1-430x127.png 430w, https:\/\/westestetik.com\/wp-content\/uploads\/2024\/12\/Uygulama-1-150x44.png 150w, https:\/\/westestetik.com\/wp-content\/uploads\/2024\/12\/Uygulama-1-700x207.png 700w, https:\/\/westestetik.com\/wp-content\/uploads\/2024\/12\/Uygulama-1-400x118.png 400w, https:\/\/westestetik.com\/wp-content\/uploads\/2024\/12\/Uygulama-1-768x227.png 768w, https:\/\/westestetik.com\/wp-content\/uploads\/2024\/12\/Uygulama-1-1536x453.png 1536w, https:\/\/westestetik.com\/wp-content\/uploads\/2024\/12\/Uygulama-1-2048x604.png 2048w\" sizes=\"(max-width: 1300px) 100vw, 1300px\" \/>\t\t\t\t\t\t\t\t\t\t\t\t\t\t\t<\/div>\n\t\t\t\t<\/div>\n\t\t\t\t\t<\/div>\n\t\t\t\t<\/div>\n\t\t<div class=\"wd-negative-gap elementor-element elementor-element-103fa14 e-flex e-con-boxed e-con e-parent\" data-id=\"103fa14\" data-element_type=\"container\">\n\t\t\t\t\t<div class=\"e-con-inner\">\n\t\t\t\t<div class=\"elementor-element elementor-element-54e72e2 color-scheme-inherit text-left elementor-widget elementor-widget-text-editor\" data-id=\"54e72e2\" data-element_type=\"widget\" data-widget_type=\"text-editor.default\">\n\t\t\t\t<div class=\"elementor-widget-container\">\n\t\t\t\t\t\t\t\t\t<p>La cirug\u00eda de lifting p\u00fabico es un procedimiento quir\u00fargico est\u00e9tico que se realiza para eliminar el exceso de piel y la flacidez en la zona genital. Esta operaci\u00f3n ofrece una soluci\u00f3n eficaz para las personas que desean corregir las deformaciones de la zona genital, especialmente tras el parto, la p\u00e9rdida excesiva de peso o el envejecimiento. El lifting de pubis proporciona importantes beneficios tanto est\u00e9ticos como funcionales; ayuda a conseguir un aspecto m\u00e1s firme, terso y saludable. Adem\u00e1s, este procedimiento tambi\u00e9n puede proporcionar alivio en t\u00e9rminos de salud e higiene sexual. Si le molesta la flacidez y el exceso en la zona p\u00fabica, la cirug\u00eda de lifting de pubis puede ser un paso importante para mejorar su calidad de vida.<\/p><h2>\u00bfQu\u00e9 es la cirug\u00eda de lifting de pubis?<\/h2><p>La cirug\u00eda de lifting p\u00fabico consiste en la extirpaci\u00f3n quir\u00fargica de la piel fl\u00e1cida y el tejido graso de la zona genital. Generalmente, se puede observar flacidez y exceso de piel en la zona genital debido al envejecimiento, cambios de peso, posparto o factores gen\u00e9ticos. Esto puede provocar molestias y dificultades f\u00edsicas, as\u00ed como problemas est\u00e9ticos. La cirug\u00eda de lifting p\u00fabico proporciona un aspecto m\u00e1s joven al tensar la zona genital. Adem\u00e1s, este procedimiento quir\u00fargico puede eliminar las molestias en la zona proporcionando confort fisiol\u00f3gico.<\/p><h2>\u00bfCu\u00e1les son los beneficios de la cirug\u00eda de lifting de pubis?<\/h2><p>La cirug\u00eda de lifting de pubis proporciona beneficios no s\u00f3lo est\u00e9ticos sino tambi\u00e9n funcionales. Estos son los principales beneficios de esta cirug\u00eda:<\/p><ol><li>Mejora de la est\u00e9tica genital: La eliminaci\u00f3n del exceso de piel y tejido graso en la zona p\u00fabica proporciona un aspecto m\u00e1s firme y joven. Se trata de una soluci\u00f3n est\u00e9tica importante, especialmente para las mujeres que experimentan relajaci\u00f3n en la zona genital despu\u00e9s del parto.<\/li><li>Comodidad f\u00edsica: El exceso de piel puede provocar roces en la zona genital cuando hace calor o se practica deporte. La cirug\u00eda de lifting de pubis aumenta el confort f\u00edsico de las personas al eliminar estas molestias. Adem\u00e1s, la humedad y el sudor acumulados en la zona genital pueden provocar infecciones bacterianas. La cirug\u00eda puede reducir los riesgos de tales infecciones.<\/li><li>Mayor confianza en uno mismo: Los problemas est\u00e9ticos genitales pueden afectar negativamente a la confianza de las personas en su cuerpo. La cirug\u00eda de lifting de pubis aumenta la confianza de la persona en s\u00ed misma y le permite llevar una vida m\u00e1s c\u00f3moda. Tambi\u00e9n puede crear una sensaci\u00f3n de mayor confianza en uno mismo durante las relaciones sexuales.<\/li><li>Mejora de la vida sexual: El exceso de piel en la zona genital puede causar a veces molestias durante las relaciones sexuales. Tras la cirug\u00eda de lifting p\u00fabico, un aspecto m\u00e1s c\u00f3modo y est\u00e9ticamente satisfactorio puede mejorar la vida sexual.<\/li><\/ol><h2>\u00bfPara qui\u00e9n es adecuada la cirug\u00eda de lifting de pubis?<\/h2><p>La cirug\u00eda de lifting de pubis es adecuada para personas con las siguientes afecciones:<\/p><ul><li>Descolgamiento relacionado con la edad: A medida que avanza la edad, la piel pierde su elasticidad, lo que puede provocar descolgamiento en la zona genital. Los factores gen\u00e9ticos tambi\u00e9n pueden acelerar este proceso.<\/li><li>Cambios tras el parto: El embarazo y el parto pueden provocar cambios importantes en la zona p\u00fabica. La flacidez y el aflojamiento de esta zona pueden causar problemas est\u00e9ticos.<\/li><li>P\u00e9rdida excesiva de peso: La p\u00e9rdida r\u00e1pida de peso puede hacer que se forme un exceso de piel en el cuerpo. La cirug\u00eda de lifting de pubis proporciona un aspecto m\u00e1s firme y plano al eliminar estos excesos.<\/li><li>Factores gen\u00e9ticos: Algunas personas nacen con una acumulaci\u00f3n natural de exceso de grasa y piel. Estas personas tambi\u00e9n pueden beneficiarse de la cirug\u00eda de lifting p\u00fabico.<\/li><\/ul><h2>\u00bfC\u00f3mo se realiza la cirug\u00eda de lifting de pubis?<\/h2><p>La cirug\u00eda de lifting p\u00fabico puede realizarse con anestesia general o local, pero normalmente se prefiere la anestesia local. Durante la intervenci\u00f3n, el cirujano elimina quir\u00fargicamente el exceso de piel y tejido graso de la zona genital. La extirpaci\u00f3n suele realizarse a trav\u00e9s de una fina incisi\u00f3n oculta en la zona del bikini. La duraci\u00f3n de la operaci\u00f3n puede ser de 1 a 2 horas, dependiendo del estado de la persona y del alcance de la intervenci\u00f3n.<\/p><p>El cirujano proporciona un aspecto natural tensando los tejidos situados bajo la piel. Tras la intervenci\u00f3n, los pacientes suelen poder reincorporarse a sus actividades normales en pocos d\u00edas, pero la recuperaci\u00f3n completa puede tardar entre 4 y 6 semanas. Las cicatrices se tratan para que desaparezcan con el tiempo y no llamen mucho la atenci\u00f3n, ya que suelen permanecer en zonas pr\u00f3ximas al \u00e1rea genital.<\/p><h2>\u00bfQu\u00e9 debe tenerse en cuenta antes y despu\u00e9s de la cirug\u00eda de lifting de pubis?<\/h2><p>Consideraciones preoperatorias:<\/p><ul><li>Evaluaci\u00f3n del estado de salud: Antes de la cirug\u00eda de lifting p\u00fabico, su m\u00e9dico evaluar\u00e1 su estado de salud general y revisar\u00e1 cualquier alergia o condici\u00f3n de enfermedad cr\u00f3nica.<\/li><li>No fumar: Fumar puede afectar negativamente al proceso de cicatrizaci\u00f3n. Debe evitarse fumar antes de la operaci\u00f3n.<\/li><li>Uso de medicamentos: Algunos medicamentos pueden tener un efecto negativo en el proceso de cicatrizaci\u00f3n. Debe informar a su m\u00e9dico de todos sus medicamentos antes de la operaci\u00f3n.<\/li><\/ul><h2>Cosas a tener en cuenta despu\u00e9s de la cirug\u00eda:<\/h2><ul><li>Cuidado de las heridas Es muy importante prestar atenci\u00f3n al cuidado de las heridas despu\u00e9s de una intervenci\u00f3n quir\u00fargica. Deben seguirse las normas de higiene y los cuidados recomendados por el m\u00e9dico.<\/li><li>Evitar el ejercicio y las actividades f\u00edsicas: Debe evitarse el ejercicio intenso durante las primeras 4-6 semanas. La vuelta a las actividades cotidianas debe hacerse lentamente.<\/li><li>Relaciones sexuales: Deben evitarse las relaciones sexuales antes de que finalice el proceso de cicatrizaci\u00f3n en la zona genital. Este proceso puede durar normalmente 6 semanas.<\/li><\/ul><h2>\u00bfCu\u00e1les son los riesgos y efectos secundarios de la cirug\u00eda de lifting de pubis?<\/h2><p>En general, la cirug\u00eda de lifting de pubis es un procedimiento seguro, pero como en cualquier intervenci\u00f3n quir\u00fargica, existen algunos riesgos. Estos incluyen:<\/p><ul><li>Infecci\u00f3n Puede existir riesgo de infecci\u00f3n tras una intervenci\u00f3n quir\u00fargica. Por lo tanto, deben observarse las normas de higiene durante el proceso de cicatrizaci\u00f3n.<\/li><li>Hemorragia Pueden producirse hemorragias durante o despu\u00e9s de la operaci\u00f3n. Para ello, es muy importante seguir las instrucciones de su cirujano.<\/li><li>Retraso en la cicatrizaci\u00f3n de las heridas: El proceso de cicatrizaci\u00f3n de cada persona es diferente. La cicatrizaci\u00f3n de las heridas puede llevar tiempo, pero ser paciente y seguir las recomendaciones del m\u00e9dico puede acelerar este proceso.<\/li><li>Cicatrices (cicatrizaci\u00f3n): En todas las intervenciones quir\u00fargicas pueden quedar cicatrices. Sin embargo, en la cirug\u00eda de lifting p\u00fabico, las cicatrices no llaman la atenci\u00f3n porque las incisiones suelen quedar ocultas en la zona del bikini.<\/li><\/ul><h2>\u00bfCu\u00e1l es el periodo de recuperaci\u00f3n de la cirug\u00eda de lifting de pubis?<\/h2><p>El proceso de cicatrizaci\u00f3n puede presentar diferencias individuales. Por lo general, los pacientes pueden iniciar sus actividades cotidianas en las primeras 1-2 semanas tras la intervenci\u00f3n de lifting de pubis. Sin embargo, deben evitarse las actividades f\u00edsicas y los ejercicios pesados. El proceso de recuperaci\u00f3n completa puede durar aproximadamente de 6 a 8 semanas. En este proceso, se espera que las cicatrices de curaci\u00f3n se desvanezcan y que la piel vuelva a la normalidad.<\/p><h2>\u00bfQuedan cicatrices despu\u00e9s de una operaci\u00f3n de lifting de pubis?<\/h2><p>Existe la posibilidad de que queden cicatrices tras la cirug\u00eda de lifting de pubis. Sin embargo, estas cicatrices suelen quedar ocultas en el contorno natural de la zona genital y empiezan a desaparecer con el tiempo. Los cuidados postoperatorios y las recomendaciones del m\u00e9dico minimizan la visibilidad de las cicatrices. Adem\u00e1s, las cicatrices pueden tardar varios meses en atenuarse y desaparecer.<\/p><h2>Diferencias entre la cirug\u00eda de lifting de pubis y otras cirug\u00edas est\u00e9ticas<\/h2><p>La cirug\u00eda de lifting p\u00fabico elimina el exceso de piel de la zona genital, mientras que otras cirug\u00edas est\u00e9ticas suelen centrarse en otras partes del cuerpo. Por ejemplo, la cirug\u00eda est\u00e9tica de abdomen elimina la flacidez de la zona abdominal, mientras que la cirug\u00eda de lifting p\u00fabico s\u00f3lo se centra en la zona genital. Existen diferencias t\u00e9cnicas entre estas dos operaciones, pero el objetivo es el mismo: conseguir una mejora est\u00e9tica y funcional del cuerpo.<\/p><h2>\u00bfCu\u00e1les son los precios de la cirug\u00eda de lifting de pubis?<\/h2><p>El precio de la cirug\u00eda de lifting de pubis var\u00eda en funci\u00f3n del procedimiento que se vaya a realizar, la experiencia del cirujano y el estado del paciente. Por t\u00e9rmino medio, los precios pueden variar entre 5.000 TL y 15.000 TL. Para determinar claramente el precio, el cirujano debe reunirse con el paciente y hacer una evaluaci\u00f3n.<\/p><h2>\u00bfQui\u00e9n es un candidato adecuado para la cirug\u00eda de lifting de pubis?<\/h2><p>Los candidatos ideales para la cirug\u00eda de lifting de pubis son las personas a las que les molesta el exceso de piel y la flacidez en la zona genital, tienen un estilo de vida saludable y son lo suficientemente mayores como para comprender los riesgos de la cirug\u00eda. Adem\u00e1s, en general se consideran candidatos adecuados las personas con los siguientes criterios:<\/p><ul><li>Estado de salud adecuado: Las personas lo suficientemente sanas como para soportar los riesgos de la intervenci\u00f3n son candidatas adecuadas para este tipo de procedimiento quir\u00fargico. Por ejemplo, afecciones como las cardiopat\u00edas graves o el c\u00e1ncer pueden hacer que la cirug\u00eda de lifting p\u00fabico sea arriesgada.<\/li><li>Preocupaciones est\u00e9ticas y molestias f\u00edsicas: Las personas que experimentan preocupaciones est\u00e9ticas y malestar f\u00edsico debido al exceso de piel y acumulaci\u00f3n de grasa en la zona genital pueden encontrar alivio con esta cirug\u00eda.<\/li><li>Cambios corporales postnatales: La cirug\u00eda de lifting p\u00fabico ofrece una soluci\u00f3n eficaz para corregir el descolgamiento y la flacidez de la zona genital tras el parto.<\/li><li>Exceso de piel tras la p\u00e9rdida de peso: Tras una p\u00e9rdida de peso excesiva, puede producirse un exceso de piel en el cuerpo. En este caso, el exceso de piel en la zona puede eliminarse con la cirug\u00eda de lifting p\u00fabico.<\/li><\/ul><h2>La cirug\u00eda de lifting de pubis y sus efectos en la salud sexual<\/h2><p>La cirug\u00eda de lifting p\u00fabico puede tener efectos positivos en la salud sexual. El exceso de piel y tejidos en la zona genital puede causar roces y molestias durante las relaciones sexuales. Esto puede afectar negativamente a la vida sexual. El aspecto m\u00e1s tenso y est\u00e9tico de la zona genital despu\u00e9s de la cirug\u00eda puede aumentar la confianza de la persona en s\u00ed misma y aumentar el nivel de comodidad en las relaciones sexuales.<\/p><p>Adem\u00e1s, tambi\u00e9n puede reducirse el riesgo de infecci\u00f3n debido al exceso de piel y a la flacidez de la zona genital. La higiene resulta mucho m\u00e1s f\u00e1cil tras la cirug\u00eda de lifting de pubis, lo que reduce el riesgo de infecci\u00f3n y tiene un efecto positivo en la salud sexual.<\/p><h2>\u00bfCu\u00e1nto dura un lifting de pubis?<\/h2><p>La intervenci\u00f3n de lifting de pubis suele durar entre 1 y 2 horas. El cirujano completa el procedimiento eliminando cuidadosamente el exceso de piel y tejido graso de la zona. La duraci\u00f3n puede variar en funci\u00f3n del tipo de anestesia y de la situaci\u00f3n personal.<\/p><h2>\u00bfEs dolorosa la cirug\u00eda de lifting de pubis?<\/h2><p>Dado que el lifting de pubis puede realizarse con anestesia local, no se siente dolor durante la intervenci\u00f3n. Sin embargo, puede haber dolor y molestias leves durante el proceso de cicatrizaci\u00f3n. Estos dolores pueden controlarse con analg\u00e9sicos recomendados por el m\u00e9dico.<\/p><h2>\u00bfCu\u00e1ndo desaparece la cicatriz tras una operaci\u00f3n de lifting de pubis?<\/h2><p>Las cicatrices que se forman tras una intervenci\u00f3n de lifting de pubis empiezan a desaparecer con el tiempo. Por lo general, las cicatrices pueden desaparecer significativamente en un plazo de 6 meses a 1 a\u00f1o. Es importante seguir los m\u00e9todos de cuidado y tratamiento recomendados por su m\u00e9dico para mejorar el aspecto de las cicatrices.<\/p><h2>\u00bfEs permanente el lifting de pubis?<\/h2><p>La cirug\u00eda de lifting p\u00fabico proporciona cambios permanentes en la zona genital. Sin embargo, factores como el proceso de envejecimiento, los cambios de peso y el embarazo pueden influir con el tiempo y volver a producirse aflojamiento en la zona. Por lo tanto, un estilo de vida saludable y un mantenimiento regular pueden ayudar a conservar los resultados.<\/p><p>En consecuencia, la cirug\u00eda de lifting p\u00fabico ofrece importantes ventajas est\u00e9ticas y funcionales. Proporciona un aspecto m\u00e1s joven, firme y c\u00f3modo al eliminar el exceso de piel y tejidos grasos de la zona genital. Puede ser una soluci\u00f3n eficaz tanto para las preocupaciones est\u00e9ticas como para las molestias f\u00edsicas. Sin embargo, como cualquier intervenci\u00f3n quir\u00fargica, esta cirug\u00eda tiene algunos riesgos y es importante identificar a los candidatos adecuados. Por lo tanto, si est\u00e1 considerando someterse a una cirug\u00eda de lifting p\u00fabico, puede tomar la mejor decisi\u00f3n manteniendo una entrevista detallada con un cirujano experimentado.<\/p>\t\t\t\t\t\t\t\t<\/div>\n\t\t\t\t<\/div>\n\t\t\t\t\t<\/div>\n\t\t\t\t<\/div>\n\t\t\t\t<\/div>","protected":false},"excerpt":{"rendered":"<p>La cirug\u00eda de lifting p\u00fabico es un procedimiento quir\u00fargico est\u00e9tico que se realiza para eliminar el exceso de piel y la flacidez en la zona genital. Esta operaci\u00f3n, especialmente de nacimiento<\/p>","protected":false},"author":1,"featured_media":0,"parent":0,"menu_order":0,"comment_status":"closed","ping_status":"closed","template":"","meta":{"footnotes":""},"class_list":["post-27745","page","type-page","status-publish","hentry"],"_links":{"self":[{"href":"https:\/\/westestetik.com\/es\/wp-json\/wp\/v2\/pages\/27745","targetHints":{"allow":["GET"]}}],"collection":[{"href":"https:\/\/westestetik.com\/es\/wp-json\/wp\/v2\/pages"}],"about":[{"href":"https:\/\/westestetik.com\/es\/wp-json\/wp\/v2\/types\/page"}],"author":[{"embeddable":true,"href":"https:\/\/westestetik.com\/es\/wp-json\/wp\/v2\/users\/1"}],"replies":[{"embeddable":true,"href":"https:\/\/westestetik.com\/es\/wp-json\/wp\/v2\/comments?post=27745"}],"version-history":[{"count":10,"href":"https:\/\/westestetik.com\/es\/wp-json\/wp\/v2\/pages\/27745\/revisions"}],"predecessor-version":[{"id":31912,"href":"https:\/\/westestetik.com\/es\/wp-json\/wp\/v2\/pages\/27745\/revisions\/31912"}],"wp:attachment":[{"href":"https:\/\/westestetik.com\/es\/wp-json\/wp\/v2\/media?parent=27745"}],"curies":[{"name":"wp","href":"https:\/\/api.w.org\/{rel}","templated":true}]}}