{"id":27743,"date":"2024-12-02T22:42:54","date_gmt":"2024-12-02T22:42:54","guid":{"rendered":"https:\/\/westestetik.com\/?page_id=27743"},"modified":"2025-11-13T12:52:19","modified_gmt":"2025-11-13T09:52:19","slug":"karin-kasi-estetigi","status":"publish","type":"page","link":"https:\/\/westestetik.com\/es\/karin-kasi-estetigi\/","title":{"rendered":"Est\u00e9tica muscular abdominal"},"content":{"rendered":"<div data-elementor-type=\"wp-page\" data-elementor-id=\"27743\" class=\"elementor elementor-27743\" data-elementor-post-type=\"page\">\n\t\t\t\t<div class=\"wd-negative-gap elementor-element elementor-element-e150b12 elementor-hidden-desktop elementor-hidden-tablet elementor-hidden-mobile e-flex e-con-boxed e-con e-parent\" data-id=\"e150b12\" data-element_type=\"container\">\n\t\t\t\t\t<div class=\"e-con-inner\">\n\t\t\t\t<div class=\"elementor-element elementor-element-7286009 elementor-widget elementor-widget-image\" data-id=\"7286009\" data-element_type=\"widget\" data-widget_type=\"image.default\">\n\t\t\t\t<div class=\"elementor-widget-container\">\n\t\t\t\t\t\t\t\t\t\t\t\t\t\t\t<img fetchpriority=\"high\" decoding=\"async\" width=\"1300\" height=\"384\" src=\"https:\/\/westestetik.com\/wp-content\/uploads\/2024\/12\/Uygulama-1-1300x384.png\" class=\"attachment-large size-large wp-image-27725\" alt=\"Enfermedades\" srcset=\"https:\/\/westestetik.com\/wp-content\/uploads\/2024\/12\/Uygulama-1-1300x384.png 1300w, https:\/\/westestetik.com\/wp-content\/uploads\/2024\/12\/Uygulama-1-430x127.png 430w, https:\/\/westestetik.com\/wp-content\/uploads\/2024\/12\/Uygulama-1-150x44.png 150w, https:\/\/westestetik.com\/wp-content\/uploads\/2024\/12\/Uygulama-1-700x207.png 700w, https:\/\/westestetik.com\/wp-content\/uploads\/2024\/12\/Uygulama-1-400x118.png 400w, https:\/\/westestetik.com\/wp-content\/uploads\/2024\/12\/Uygulama-1-768x227.png 768w, https:\/\/westestetik.com\/wp-content\/uploads\/2024\/12\/Uygulama-1-1536x453.png 1536w, https:\/\/westestetik.com\/wp-content\/uploads\/2024\/12\/Uygulama-1-2048x604.png 2048w\" sizes=\"(max-width: 1300px) 100vw, 1300px\" \/>\t\t\t\t\t\t\t\t\t\t\t\t\t\t\t<\/div>\n\t\t\t\t<\/div>\n\t\t\t\t\t<\/div>\n\t\t\t\t<\/div>\n\t\t<div class=\"wd-negative-gap elementor-element elementor-element-802a8c8 e-flex e-con-boxed e-con e-parent\" data-id=\"802a8c8\" data-element_type=\"container\">\n\t\t\t\t\t<div class=\"e-con-inner\">\n\t\t\t\t<div class=\"elementor-element elementor-element-cfc42a6 color-scheme-inherit text-left elementor-widget elementor-widget-text-editor\" data-id=\"cfc42a6\" data-element_type=\"widget\" data-widget_type=\"text-editor.default\">\n\t\t\t\t<div class=\"elementor-widget-container\">\n\t\t\t\t\t\t\t\t\t<p><span style=\"font-weight: 400;\">La cirug\u00eda de los m\u00fasculos abdominales es una intervenci\u00f3n quir\u00fargica preferida por las personas que desean conseguir un aspecto m\u00e1s est\u00e9tico haciendo que sus m\u00fasculos abdominales sean m\u00e1s prominentes. Esta estructura muscular, dif\u00edcil de conseguir con dieta y ejercicio, es una soluci\u00f3n ideal para las personas que desean modelar el contorno de su cuerpo y obtener un aspecto m\u00e1s en forma. Esta operaci\u00f3n, que puede aplicarse tanto a hombres como a mujeres, proporciona resultados est\u00e9ticamente satisfactorios al eliminar el exceso de grasa de la zona abdominal y aclarar al mismo tiempo el contorno muscular.<\/span><\/p><h2><span style=\"font-weight: 400;\">\u00bfQu\u00e9 es la cirug\u00eda de los m\u00fasculos abdominales?<\/span><\/h2><p><span style=\"font-weight: 400;\">La cirug\u00eda de los m\u00fasculos abdominales es una operaci\u00f3n quir\u00fargica que se realiza para hacer prominentes los m\u00fasculos abdominales y dar al cuerpo una forma est\u00e9tica. Generalmente la prefieren las personas que desean aumentar la visibilidad de sus m\u00fasculos abdominales. Este procedimiento se aplica para crear una apariencia de six-pack que no puede conseguirse con dieta y ejercicio. Esta operaci\u00f3n, que puede ser adecuada tanto para hombres como para mujeres, elimina el exceso de grasa en la zona abdominal y aclara el contorno muscular al tiempo que da forma al contorno corporal.<\/span><\/p><h2><span style=\"font-weight: 400;\">\u00bfC\u00f3mo se realiza la cirug\u00eda de los m\u00fasculos abdominales?<\/span><\/h2><p><span style=\"font-weight: 400;\">La abdominoplastia suele realizarse con una combinaci\u00f3n de t\u00e9cnicas como la liposucci\u00f3n (eliminaci\u00f3n de grasa) y la abdominoplastia (reducci\u00f3n de abdomen). Durante la operaci\u00f3n, una vez eliminado el exceso de grasa de la zona abdominal, se realizan incisiones apropiadas para que el contorno de los m\u00fasculos sea m\u00e1s prominente. De este modo, se consigue una apariencia de six-pack. La intervenci\u00f3n suele realizarse bajo anestesia general y la duraci\u00f3n del procedimiento suele oscilar entre 2 y 4 horas. Los resultados pueden notarse inmediatamente, pero el proceso de cicatrizaci\u00f3n puede llevar tiempo.<\/span><\/p><h2><span style=\"font-weight: 400;\">\u00bfEs posible un aspecto natural con la cirug\u00eda de los m\u00fasculos abdominales?<\/span><\/h2><p><span style=\"font-weight: 400;\">Es posible conseguir un aspecto natural con la cirug\u00eda de los m\u00fasculos abdominales. Sin embargo, la experiencia del cirujano y las t\u00e9cnicas utilizadas pueden afectar directamente a la naturalidad del resultado. Un cirujano pl\u00e1stico experto crea contornos musculares de acuerdo con los contornos naturales del cuerpo, para que los resultados sean est\u00e9ticamente m\u00e1s naturales. Lo ideal es resaltar los m\u00fasculos al tiempo que se da al cuerpo una forma natural, para que los resultados obtenidos sean est\u00e9ticamente satisfactorios y tengan un aspecto natural.<\/span><\/p><h2><span style=\"font-weight: 400;\">\u00bfPara qui\u00e9n es adecuada la cirug\u00eda de los m\u00fasculos abdominales?<\/span><\/h2><p><span style=\"font-weight: 400;\">La cirug\u00eda de los m\u00fasculos abdominales es una opci\u00f3n adecuada para las personas que tienen una estructura corporal sana y desean definir sus m\u00fasculos abdominales. Generalmente, las personas que no pueden obtener el resultado deseado con ejercicio y dieta prefieren esta operaci\u00f3n. Tambi\u00e9n puede ser una soluci\u00f3n adecuada para personas con un \u00edndice de masa corporal (IMC) inferior a 30 y dep\u00f3sitos de grasa en la zona abdominal. Antes de la operaci\u00f3n, se toma una decisi\u00f3n teniendo en cuenta el estado de salud general y la estructura corporal de la persona.<\/span><\/p><h2><span style=\"font-weight: 400;\">\u00bfCu\u00e1les son las ventajas de la cirug\u00eda de los m\u00fasculos abdominales en las mujeres?<\/span><\/h2><p><span style=\"font-weight: 400;\">La cirug\u00eda de los m\u00fasculos abdominales para mujeres proporciona un aspecto m\u00e1s firme al tiempo que aclara el contorno corporal. Puede preferirse especialmente para recuperar los m\u00fasculos abdominales que se relajan tras el embarazo y para eliminar el exceso de grasa en la zona abdominal. Adem\u00e1s de las ventajas est\u00e9ticas, el aumento de la confianza en s\u00ed mismas y la mejora del aspecto general son una importante fuente de motivaci\u00f3n para las mujeres. Adem\u00e1s, al hacer m\u00e1s prominente el contorno corporal de la mujer, crea un equilibrio est\u00e9tico al hacer visibles los m\u00fasculos abdominales.<\/span><\/p><h2><span style=\"font-weight: 400;\">Proceso de recuperaci\u00f3n tras una operaci\u00f3n de los m\u00fasculos abdominales<\/span><\/h2><p><span style=\"font-weight: 400;\">El proceso de recuperaci\u00f3n tras una operaci\u00f3n de los m\u00fasculos abdominales puede variar de una persona a otra. Tras la intervenci\u00f3n, los pacientes pueden experimentar dolor, hinchaz\u00f3n y hematomas durante unos d\u00edas. Estos s\u00edntomas suelen remitir con el tiempo. Para acelerar el proceso de curaci\u00f3n, los m\u00e9dicos recomiendan el uso de un cors\u00e9 especial. Los pacientes pueden volver a sus actividades cotidianas normales en unas 2-3 semanas, mientras que los ejercicios y actividades f\u00edsicas pesadas s\u00f3lo pueden realizarse despu\u00e9s de 6 semanas. El proceso de recuperaci\u00f3n total se completa entre 3 y 6 meses.<\/span><\/p><h2><span style=\"font-weight: 400;\">\u00bfExiste un l\u00edmite de edad para la cirug\u00eda de los m\u00fasculos abdominales?<\/span><\/h2><p><span style=\"font-weight: 400;\">No existe un l\u00edmite de edad espec\u00edfico para la cirug\u00eda de los m\u00fasculos abdominales, pero en general esta operaci\u00f3n no se recomienda a menores de 18 a\u00f1os. Porque el desarrollo incompleto del cuerpo puede hacer que el resultado no se obtenga de forma saludable. Dado que la elasticidad de la piel disminuye con la edad, el proceso de cicatrizaci\u00f3n y los resultados pueden tardar m\u00e1s en los individuos de m\u00e1s edad. La idoneidad de esta operaci\u00f3n puede ser evaluada por el cirujano en funci\u00f3n del estado de salud general de los individuos.<\/span><\/p><h2><span style=\"font-weight: 400;\">\u00bfCu\u00e1ndo surte efecto la cirug\u00eda de los m\u00fasculos abdominales?<\/span><\/h2><p><span style=\"font-weight: 400;\">La cirug\u00eda de los m\u00fasculos abdominales suele tener un efecto inmediato. Sin embargo, puede ser necesario esperar unas semanas para ver los resultados definitivos. A medida que disminuyen la inflamaci\u00f3n y los hematomas, los contornos musculares se definen mejor. Los resultados completos se aprecian en un plazo de 3 a 6 meses tras la cicatrizaci\u00f3n. Durante este tiempo, los m\u00fasculos se vuelven m\u00e1s est\u00e9ticos y prominentes.<\/span><\/p><h2><span style=\"font-weight: 400;\">\u00bfEs permanente la cirug\u00eda de los m\u00fasculos abdominales?<\/span><\/h2><p><span style=\"font-weight: 400;\">Los resultados de la cirug\u00eda de los m\u00fasculos abdominales suelen ser permanentes. Sin embargo, el mantenimiento de un estilo de vida saludable, el ejercicio regular y una dieta equilibrada ayudan a mantener los resultados conseguidos. Despu\u00e9s de la cirug\u00eda, un aumento excesivo de peso o cambios corporales importantes pueden afectar al aspecto del six pack. Por lo tanto, los cuidados cuidadosos y los ajustes del estilo de vida realizados despu\u00e9s de la operaci\u00f3n aumentan la permanencia de los resultados.<\/span><\/p><h2><span style=\"font-weight: 400;\">\u00bfEs dolorosa la cirug\u00eda de los m\u00fasculos abdominales?<\/span><\/h2><p><span style=\"font-weight: 400;\">El dolor tras una operaci\u00f3n de los m\u00fasculos abdominales suele ser de leve a moderado. Este dolor pasa a los pocos d\u00edas y puede controlarse con analg\u00e9sicos recomendados por el m\u00e9dico. Adem\u00e1s, el uso de un cors\u00e9 recomendado por el m\u00e9dico durante el proceso de cicatrizaci\u00f3n puede ser eficaz para reducir el dolor y la hinchaz\u00f3n.<\/span><\/p><h2><span style=\"font-weight: 400;\">Precios de la cirug\u00eda de los m\u00fasculos abdominales<\/span><\/h2><p><span style=\"font-weight: 400;\">Los precios de la cirug\u00eda de los m\u00fasculos abdominales pueden variar en funci\u00f3n de muchos factores, como la experiencia del cirujano, la ubicaci\u00f3n de la cl\u00ednica, las t\u00e9cnicas utilizadas y las necesidades espec\u00edficas del paciente. Para obtener informaci\u00f3n clara sobre los precios, se recomienda mantener una entrevista detallada con un cirujano pl\u00e1stico especialista. La soluci\u00f3n m\u00e1s adecuada para cada individuo se determina en funci\u00f3n de las necesidades y expectativas personales.<\/span><\/p><p><span style=\"font-weight: 400;\">La cirug\u00eda de los m\u00fasculos abdominales mejora el aspecto f\u00edsico de las personas al proporcionar un cambio est\u00e9ticamente significativo. Si trabaja con un cirujano experto, podr\u00e1 conseguir los mejores resultados de acuerdo con sus expectativas.<\/span><\/p>\t\t\t\t\t\t\t\t<\/div>\n\t\t\t\t<\/div>\n\t\t\t\t\t<\/div>\n\t\t\t\t<\/div>\n\t\t\t\t<\/div>","protected":false},"excerpt":{"rendered":"<p>Kar\u0131n kas\u0131 ameliyat\u0131, kar\u0131n kaslar\u0131n\u0131 belirginle\u015ftirerek daha estetik bir g\u00f6r\u00fcn\u00fcm elde etmek isteyen bireyler i\u00e7in tercih edilen cerrahi bir m\u00fcdahaledir.<\/p>","protected":false},"author":1,"featured_media":0,"parent":0,"menu_order":0,"comment_status":"closed","ping_status":"closed","template":"","meta":{"footnotes":""},"class_list":["post-27743","page","type-page","status-publish","hentry"],"_links":{"self":[{"href":"https:\/\/westestetik.com\/es\/wp-json\/wp\/v2\/pages\/27743","targetHints":{"allow":["GET"]}}],"collection":[{"href":"https:\/\/westestetik.com\/es\/wp-json\/wp\/v2\/pages"}],"about":[{"href":"https:\/\/westestetik.com\/es\/wp-json\/wp\/v2\/types\/page"}],"author":[{"embeddable":true,"href":"https:\/\/westestetik.com\/es\/wp-json\/wp\/v2\/users\/1"}],"replies":[{"embeddable":true,"href":"https:\/\/westestetik.com\/es\/wp-json\/wp\/v2\/comments?post=27743"}],"version-history":[{"count":14,"href":"https:\/\/westestetik.com\/es\/wp-json\/wp\/v2\/pages\/27743\/revisions"}],"predecessor-version":[{"id":31909,"href":"https:\/\/westestetik.com\/es\/wp-json\/wp\/v2\/pages\/27743\/revisions\/31909"}],"wp:attachment":[{"href":"https:\/\/westestetik.com\/es\/wp-json\/wp\/v2\/media?parent=27743"}],"curies":[{"name":"wp","href":"https:\/\/api.w.org\/{rel}","templated":true}]}}