{"id":27741,"date":"2024-12-02T22:41:45","date_gmt":"2024-12-02T22:41:45","guid":{"rendered":"https:\/\/westestetik.com\/?page_id=27741"},"modified":"2025-11-13T12:52:02","modified_gmt":"2025-11-13T09:52:02","slug":"implante-de-cadera","status":"publish","type":"page","link":"https:\/\/westestetik.com\/es\/implante-de-cadera\/","title":{"rendered":"Implante de cadera"},"content":{"rendered":"<div data-elementor-type=\"wp-page\" data-elementor-id=\"27741\" class=\"elementor elementor-27741\" data-elementor-post-type=\"page\">\n\t\t\t\t<div class=\"wd-negative-gap elementor-element elementor-element-e150b12 elementor-hidden-desktop elementor-hidden-tablet elementor-hidden-mobile e-flex e-con-boxed e-con e-parent\" data-id=\"e150b12\" data-element_type=\"container\">\n\t\t\t\t\t<div class=\"e-con-inner\">\n\t\t\t\t<div class=\"elementor-element elementor-element-7286009 elementor-widget elementor-widget-image\" data-id=\"7286009\" data-element_type=\"widget\" data-widget_type=\"image.default\">\n\t\t\t\t<div class=\"elementor-widget-container\">\n\t\t\t\t\t\t\t\t\t\t\t\t\t\t\t<img fetchpriority=\"high\" decoding=\"async\" width=\"1300\" height=\"384\" src=\"https:\/\/westestetik.com\/wp-content\/uploads\/2024\/12\/Uygulama-1-1300x384.png\" class=\"attachment-large size-large wp-image-27725\" alt=\"Enfermedades\" srcset=\"https:\/\/westestetik.com\/wp-content\/uploads\/2024\/12\/Uygulama-1-1300x384.png 1300w, https:\/\/westestetik.com\/wp-content\/uploads\/2024\/12\/Uygulama-1-430x127.png 430w, https:\/\/westestetik.com\/wp-content\/uploads\/2024\/12\/Uygulama-1-150x44.png 150w, https:\/\/westestetik.com\/wp-content\/uploads\/2024\/12\/Uygulama-1-700x207.png 700w, https:\/\/westestetik.com\/wp-content\/uploads\/2024\/12\/Uygulama-1-400x118.png 400w, https:\/\/westestetik.com\/wp-content\/uploads\/2024\/12\/Uygulama-1-768x227.png 768w, https:\/\/westestetik.com\/wp-content\/uploads\/2024\/12\/Uygulama-1-1536x453.png 1536w, https:\/\/westestetik.com\/wp-content\/uploads\/2024\/12\/Uygulama-1-2048x604.png 2048w\" sizes=\"(max-width: 1300px) 100vw, 1300px\" \/>\t\t\t\t\t\t\t\t\t\t\t\t\t\t\t<\/div>\n\t\t\t\t<\/div>\n\t\t\t\t\t<\/div>\n\t\t\t\t<\/div>\n\t\t<div class=\"wd-negative-gap elementor-element elementor-element-65407f0 e-flex e-con-boxed e-con e-parent\" data-id=\"65407f0\" data-element_type=\"container\">\n\t\t\t\t\t<div class=\"e-con-inner\">\n\t\t\t\t<div class=\"elementor-element elementor-element-896df31 color-scheme-inherit text-left elementor-widget elementor-widget-text-editor\" data-id=\"896df31\" data-element_type=\"widget\" data-widget_type=\"text-editor.default\">\n\t\t\t\t<div class=\"elementor-widget-container\">\n\t\t\t\t\t\t\t\t\t<p><span style=\"font-weight: 400;\">El implante de cadera es una soluci\u00f3n quir\u00fargica que se aplica debido a un da\u00f1o o degeneraci\u00f3n excesivos en la articulaci\u00f3n de la cadera. Es una opci\u00f3n de tratamiento eficaz especialmente para personas que sufren dolor y limitaci\u00f3n del movimiento en la articulaci\u00f3n de la cadera debido a artrosis, traumatismos accidentales o trastornos articulares relacionados con la edad. El implante de cadera se realiza sustituyendo la zona da\u00f1ada de la articulaci\u00f3n por una pr\u00f3tesis duradera y resistente.\u00a0<\/span><\/p><h2><span style=\"font-weight: 400;\">\u00bfQu\u00e9 es un implante de cadera y c\u00f3mo se aplica?<\/span><\/h2><p><span style=\"font-weight: 400;\">Un implante de cadera es un m\u00e9todo de tratamiento quir\u00fargico que se aplica debido a un da\u00f1o o degeneraci\u00f3n excesivos en la articulaci\u00f3n de la cadera. La articulaci\u00f3n de la cadera es una gran articulaci\u00f3n que proporciona movimiento entre el f\u00e9mur (hueso del muslo) y la pelvis. Con el tiempo, pueden producirse da\u00f1os en esta articulaci\u00f3n debido al envejecimiento, accidentes o enfermedades. El implante de cadera alivia el dolor y permite a los pacientes recuperar la movilidad mediante una pr\u00f3tesis colocada en lugar de la articulaci\u00f3n da\u00f1ada.<\/span><\/p><h2><span style=\"font-weight: 400;\">\u00bfPara qui\u00e9n es adecuada la cirug\u00eda de implante de cadera?<\/span><\/h2><p><span style=\"font-weight: 400;\">La cirug\u00eda de implante de cadera suele ser adecuada para pacientes que sufren dolor intenso y p\u00e9rdida de funci\u00f3n en la articulaci\u00f3n de la cadera. Las personas con da\u00f1os en la articulaci\u00f3n de la cadera como consecuencia de afecciones como artrosis, traumatismos o da\u00f1os en el cart\u00edlago pueden preferir esta cirug\u00eda. Adem\u00e1s, los pacientes cuyo dolor no puede controlarse con m\u00e9todos de tratamiento conservadores tambi\u00e9n son candidatos adecuados para la cirug\u00eda de implante de cadera.<\/span><\/p><h2><span style=\"font-weight: 400;\">Proceso de preparaci\u00f3n antes de la cirug\u00eda de implante de cadera<\/span><\/h2><p><span style=\"font-weight: 400;\">Antes de la cirug\u00eda de implante de cadera, los pacientes se someten a un examen y pruebas detallados. Estas pruebas ayudan a evaluar el estado general de salud del paciente y a determinar su idoneidad para la cirug\u00eda. Suelen realizarse an\u00e1lisis de sangre, ECG y radiograf\u00edas de la articulaci\u00f3n de la cadera. Adem\u00e1s, se da informaci\u00f3n sobre la anestesia y se informa al paciente sobre el proceso de recuperaci\u00f3n postoperatoria.<\/span><\/p><h2><span style=\"font-weight: 400;\">Implante de cadera<\/span><span style=\"font-weight: 400;\"> \u00bfCu\u00e1nto dura la cirug\u00eda de implante de cadera?<\/span><\/h2><p><span style=\"font-weight: 400;\">La cirug\u00eda de implante de cadera suele durar entre 1,5 y 3 horas. No obstante, este tiempo puede variar en funci\u00f3n de la experiencia del cirujano, el estado del paciente y los materiales de pr\u00f3tesis utilizados. La intervenci\u00f3n se realiza bajo anestesia general y los pacientes no sienten dolor durante la operaci\u00f3n. Dependiendo del proceso de recuperaci\u00f3n y del estado del paciente, \u00e9ste puede permanecer hospitalizado varios d\u00edas.<\/span><\/p><h2><span style=\"font-weight: 400;\">Implante de cadera<\/span><span style=\"font-weight: 400;\"> \u00bfCu\u00e1les son los precios?<\/span><\/h2><p><span style=\"font-weight: 400;\">Los precios de los implantes de cadera var\u00edan en funci\u00f3n del tipo de pr\u00f3tesis utilizada, la experiencia del cirujano y el hospital. La mayor\u00eda de las pr\u00f3tesis de cadera se fabrican con materiales duraderos y resistentes, lo cual es un factor que influye en los precios. Los precios vienen determinados por el tipo de implante utilizado y las necesidades espec\u00edficas del paciente. Es importante consultar a un cirujano ortop\u00e9dico especializado para obtener un precio preciso.<\/span><\/p><h2><span style=\"font-weight: 400;\">Implante de cadera<\/span><span style=\"font-weight: 400;\"> Duraci\u00f3n de la aplicaci\u00f3n y tipos de anestesia<\/span><\/h2><p><span style=\"font-weight: 400;\">La cirug\u00eda de implante de cadera suele durar entre 1,5 y 3 horas. Durante la intervenci\u00f3n, los pacientes est\u00e1n bajo anestesia general, lo que significa que no sienten dolor durante la operaci\u00f3n. El tipo de anestesia puede variar seg\u00fan el estado general de salud del paciente y las preferencias del cirujano. Normalmente se prefiere la anestesia raqu\u00eddea o la anestesia general.<\/span><\/p><h2><span style=\"font-weight: 400;\">Implante de cadera<\/span><span style=\"font-weight: 400;\"> Proceso de recuperaci\u00f3n tras<\/span><\/h2><p><span style=\"font-weight: 400;\">El proceso de recuperaci\u00f3n tras una operaci\u00f3n de implante de cadera puede variar en funci\u00f3n de la edad del paciente, su estado de salud y la t\u00e9cnica aplicada por el cirujano. En los primeros d\u00edas tras la intervenci\u00f3n, los pacientes deben seguir las recomendaciones de su m\u00e9dico para el tratamiento del dolor y la fisioterapia. La fisioterapia acelera la recuperaci\u00f3n de la funci\u00f3n de la articulaci\u00f3n de la cadera. Por lo general, los pacientes pueden reanudar sus actividades normales en un plazo de 6 a 8 semanas.<\/span><\/p><h2><span style=\"font-weight: 400;\">Implante de cadera<\/span><span style=\"font-weight: 400;\"> \u00bfCu\u00e1les son las ventajas de la aplicaci\u00f3n?<\/span><\/h2><p><span style=\"font-weight: 400;\">La aplicaci\u00f3n de un implante de cadera es una soluci\u00f3n excelente para los pacientes que sufren fuertes dolores y limitaci\u00f3n de movimientos en la articulaci\u00f3n de la cadera. La ventaja m\u00e1s importante de esta operaci\u00f3n es que elimina el dolor y permite a los pacientes reincorporarse a su vida cotidiana. Tambi\u00e9n compensa la p\u00e9rdida de funci\u00f3n en la articulaci\u00f3n de la cadera y aumenta la movilidad de los pacientes. Tras la operaci\u00f3n, la mayor\u00eda de los pacientes pueden llevar un estilo de vida m\u00e1s activo.<\/span><\/p><h2><span style=\"font-weight: 400;\">Implante de cadera <\/span><span style=\"font-weight: 400;\">\u00bfCu\u00e1l es su durabilidad?<\/span><\/h2><p><span style=\"font-weight: 400;\">Las pr\u00f3tesis de implante de cadera est\u00e1n fabricadas con materiales de larga duraci\u00f3n y suelen durar entre 15 y 20 a\u00f1os. Sin embargo, la durabilidad del implante puede variar en funci\u00f3n de la edad, el nivel de actividad y el peso corporal del paciente. Aunque es poco probable que las pr\u00f3tesis se aflojen o se da\u00f1en en las primeras fases, con el tiempo algunos pacientes pueden necesitar la sustituci\u00f3n de la pr\u00f3tesis.<\/span><\/p><h2><span style=\"font-weight: 400;\">Implante de cadera<\/span><span style=\"font-weight: 400;\"> Cosas que deben tener en cuenta los pacientes tras la cirug\u00eda<\/span><\/h2><p><span style=\"font-weight: 400;\">Tras una operaci\u00f3n de implante de cadera, hay varios puntos importantes a los que los pacientes deben prestar atenci\u00f3n. En primer lugar, deben seguirse las recomendaciones del m\u00e9dico durante el proceso de recuperaci\u00f3n. La fisioterapia y los ejercicios aceleran el proceso de curaci\u00f3n. Adem\u00e1s, no debe sobrecargarse la articulaci\u00f3n de la cadera y deben evitarse los movimientos bruscos. Los pacientes deben mantener un estilo de vida saludable durante el proceso de recuperaci\u00f3n.<\/span><\/p><h2><span style=\"font-weight: 400;\">Implante de cadera<\/span><span style=\"font-weight: 400;\"> Los tipos m\u00e1s comunes de pr\u00f3tesis para<\/span><\/h2><p><span style=\"font-weight: 400;\">En la cirug\u00eda de implante de cadera pueden utilizarse varios tipos de pr\u00f3tesis. Las hay de metal, cer\u00e1mica y pl\u00e1stico. Las pr\u00f3tesis met\u00e1licas son resistentes y duraderas, pero las de cer\u00e1mica proporcionan un movimiento m\u00e1s natural. El tipo de pr\u00f3tesis se selecciona en funci\u00f3n de la edad, el estilo de vida y el estado de la articulaci\u00f3n del paciente.<\/span><\/p><h2><span style=\"font-weight: 400;\">Conceptos err\u00f3neos y hechos sobre el implante de cadera<\/span><\/h2><p><span style=\"font-weight: 400;\">Existen algunos conceptos err\u00f3neos sobre los implantes de cadera. Entre ellas est\u00e1 la preocupaci\u00f3n de que las pr\u00f3tesis tengan una vida \u00fatil muy corta o que los pacientes no puedan volver plenamente a la normalidad. Sin embargo, los implantes de cadera modernos son muy duraderos y, con el proceso de cicatrizaci\u00f3n adecuado, los pacientes pueden volver a su vida cotidiana. Adem\u00e1s, el tratamiento del dolor postoperatorio tambi\u00e9n es muy eficaz.<\/span><\/p><h2><span style=\"font-weight: 400;\">\u00bfCu\u00e1ntas horas dura la operaci\u00f3n y es dolorosa?<\/span><\/h2><p><span style=\"font-weight: 400;\">La cirug\u00eda de implante de cadera suele durar entre 1,5 y 3 horas. Este tiempo puede variar en funci\u00f3n del estado del paciente y del tipo de pr\u00f3tesis. Durante la operaci\u00f3n, los pacientes no sienten ning\u00fan dolor porque est\u00e1n bajo anestesia general. Puede haber algo de dolor postoperatorio, pero suele controlarse con medicaci\u00f3n.<\/span><\/p>\t\t\t\t\t\t\t\t<\/div>\n\t\t\t\t<\/div>\n\t\t\t\t\t<\/div>\n\t\t\t\t<\/div>\n\t\t\t\t<\/div>","protected":false},"excerpt":{"rendered":"<p>Kal\u00e7a implant\u0131, kal\u00e7a ekleminde a\u015f\u0131r\u0131 hasar veya dejenerasyon nedeniyle uygulanan cerrahi bir \u00e7\u00f6z\u00fcmd\u00fcr. \u00d6zellikle osteoartrit, kaza sonucu olu\u015fan travmalar veya<\/p>","protected":false},"author":1,"featured_media":0,"parent":0,"menu_order":0,"comment_status":"closed","ping_status":"closed","template":"","meta":{"footnotes":""},"class_list":["post-27741","page","type-page","status-publish","hentry"],"_links":{"self":[{"href":"https:\/\/westestetik.com\/es\/wp-json\/wp\/v2\/pages\/27741","targetHints":{"allow":["GET"]}}],"collection":[{"href":"https:\/\/westestetik.com\/es\/wp-json\/wp\/v2\/pages"}],"about":[{"href":"https:\/\/westestetik.com\/es\/wp-json\/wp\/v2\/types\/page"}],"author":[{"embeddable":true,"href":"https:\/\/westestetik.com\/es\/wp-json\/wp\/v2\/users\/1"}],"replies":[{"embeddable":true,"href":"https:\/\/westestetik.com\/es\/wp-json\/wp\/v2\/comments?post=27741"}],"version-history":[{"count":19,"href":"https:\/\/westestetik.com\/es\/wp-json\/wp\/v2\/pages\/27741\/revisions"}],"predecessor-version":[{"id":31906,"href":"https:\/\/westestetik.com\/es\/wp-json\/wp\/v2\/pages\/27741\/revisions\/31906"}],"wp:attachment":[{"href":"https:\/\/westestetik.com\/es\/wp-json\/wp\/v2\/media?parent=27741"}],"curies":[{"name":"wp","href":"https:\/\/api.w.org\/{rel}","templated":true}]}}