{"id":27739,"date":"2024-12-02T22:40:26","date_gmt":"2024-12-02T22:40:26","guid":{"rendered":"https:\/\/westestetik.com\/?page_id=27739"},"modified":"2025-11-13T12:51:45","modified_gmt":"2025-11-13T09:51:45","slug":"lifting-de-muslos","status":"publish","type":"page","link":"https:\/\/westestetik.com\/es\/lifting-de-muslos\/","title":{"rendered":"Lifting de muslos"},"content":{"rendered":"<div data-elementor-type=\"wp-page\" data-elementor-id=\"27739\" class=\"elementor elementor-27739\" data-elementor-post-type=\"page\">\n\t\t\t\t<div class=\"elementor-element elementor-element-479676e1 e-con-full elementor-hidden-desktop elementor-hidden-tablet elementor-hidden-mobile e-flex e-con e-parent\" data-id=\"479676e1\" data-element_type=\"container\">\n\t\t<div class=\"elementor-element elementor-element-4a2b21a6 e-con-full e-flex e-con e-child\" data-id=\"4a2b21a6\" data-element_type=\"container\">\n\t\t\t\t<div class=\"elementor-element elementor-element-178ea743 elementor-widget elementor-widget-image\" data-id=\"178ea743\" data-element_type=\"widget\" data-widget_type=\"image.default\">\n\t\t\t\t<div class=\"elementor-widget-container\">\n\t\t\t\t\t\t\t\t\t\t\t\t\t\t\t<img decoding=\"async\" width=\"100\" height=\"100\" src=\"https:\/\/westestetik.com\/wp-content\/uploads\/2024\/12\/1-4.png\" class=\"attachment-large size-large wp-image-28814\" alt=\"\" srcset=\"https:\/\/westestetik.com\/wp-content\/uploads\/2024\/12\/1-4.png 100w, https:\/\/westestetik.com\/wp-content\/uploads\/2024\/12\/1-4-12x12.png 12w\" sizes=\"(max-width: 100px) 100vw, 100px\" \/>\t\t\t\t\t\t\t\t\t\t\t\t\t\t\t<\/div>\n\t\t\t\t<\/div>\n\t\t\t\t<\/div>\n\t\t<div class=\"elementor-element elementor-element-399b4441 e-con-full e-flex e-con e-child\" data-id=\"399b4441\" data-element_type=\"container\">\n\t\t\t\t<div class=\"elementor-element elementor-element-69a5e4c5 elementor-widget elementor-widget-image\" data-id=\"69a5e4c5\" data-element_type=\"widget\" data-widget_type=\"image.default\">\n\t\t\t\t<div class=\"elementor-widget-container\">\n\t\t\t\t\t\t\t\t\t\t\t\t\t\t\t<img decoding=\"async\" width=\"100\" height=\"100\" src=\"https:\/\/westestetik.com\/wp-content\/uploads\/2024\/12\/2-5.png\" class=\"attachment-large size-large wp-image-28815\" alt=\"\" srcset=\"https:\/\/westestetik.com\/wp-content\/uploads\/2024\/12\/2-5.png 100w, https:\/\/westestetik.com\/wp-content\/uploads\/2024\/12\/2-5-12x12.png 12w\" sizes=\"(max-width: 100px) 100vw, 100px\" \/>\t\t\t\t\t\t\t\t\t\t\t\t\t\t\t<\/div>\n\t\t\t\t<\/div>\n\t\t\t\t<\/div>\n\t\t<div class=\"elementor-element elementor-element-7400db17 e-con-full e-flex e-con e-child\" data-id=\"7400db17\" data-element_type=\"container\">\n\t\t\t\t<div class=\"elementor-element elementor-element-5edf8749 elementor-widget elementor-widget-image\" data-id=\"5edf8749\" data-element_type=\"widget\" data-widget_type=\"image.default\">\n\t\t\t\t<div class=\"elementor-widget-container\">\n\t\t\t\t\t\t\t\t\t\t\t\t\t\t\t<img decoding=\"async\" width=\"100\" height=\"100\" src=\"https:\/\/westestetik.com\/wp-content\/uploads\/2024\/12\/3-1.png\" class=\"attachment-large size-large wp-image-28816\" alt=\"\" srcset=\"https:\/\/westestetik.com\/wp-content\/uploads\/2024\/12\/3-1.png 100w, https:\/\/westestetik.com\/wp-content\/uploads\/2024\/12\/3-1-12x12.png 12w\" sizes=\"(max-width: 100px) 100vw, 100px\" \/>\t\t\t\t\t\t\t\t\t\t\t\t\t\t\t<\/div>\n\t\t\t\t<\/div>\n\t\t\t\t<\/div>\n\t\t<div class=\"elementor-element elementor-element-7d5fb57c e-con-full e-flex e-con e-child\" data-id=\"7d5fb57c\" data-element_type=\"container\">\n\t\t\t\t<div class=\"elementor-element elementor-element-674b1a4e elementor-widget elementor-widget-image\" data-id=\"674b1a4e\" data-element_type=\"widget\" data-widget_type=\"image.default\">\n\t\t\t\t<div class=\"elementor-widget-container\">\n\t\t\t\t\t\t\t\t\t\t\t\t\t\t\t<img loading=\"lazy\" decoding=\"async\" width=\"100\" height=\"100\" src=\"https:\/\/westestetik.com\/wp-content\/uploads\/2024\/12\/4-1.png\" class=\"attachment-large size-large wp-image-28817\" alt=\"\" srcset=\"https:\/\/westestetik.com\/wp-content\/uploads\/2024\/12\/4-1.png 100w, https:\/\/westestetik.com\/wp-content\/uploads\/2024\/12\/4-1-12x12.png 12w\" sizes=\"(max-width: 100px) 100vw, 100px\" \/>\t\t\t\t\t\t\t\t\t\t\t\t\t\t\t<\/div>\n\t\t\t\t<\/div>\n\t\t\t\t<\/div>\n\t\t<div class=\"elementor-element elementor-element-48968e11 e-con-full e-flex e-con e-child\" data-id=\"48968e11\" data-element_type=\"container\">\n\t\t\t\t<div class=\"elementor-element elementor-element-3e211bf1 elementor-widget elementor-widget-image\" data-id=\"3e211bf1\" data-element_type=\"widget\" data-widget_type=\"image.default\">\n\t\t\t\t<div class=\"elementor-widget-container\">\n\t\t\t\t\t\t\t\t\t\t\t\t\t\t\t<img loading=\"lazy\" decoding=\"async\" width=\"100\" height=\"100\" src=\"https:\/\/westestetik.com\/wp-content\/uploads\/2024\/12\/5-1.png\" class=\"attachment-large size-large wp-image-28818\" alt=\"\" srcset=\"https:\/\/westestetik.com\/wp-content\/uploads\/2024\/12\/5-1.png 100w, https:\/\/westestetik.com\/wp-content\/uploads\/2024\/12\/5-1-12x12.png 12w\" sizes=\"(max-width: 100px) 100vw, 100px\" \/>\t\t\t\t\t\t\t\t\t\t\t\t\t\t\t<\/div>\n\t\t\t\t<\/div>\n\t\t\t\t<\/div>\n\t\t\t\t<\/div>\n\t\t<div class=\"wd-negative-gap elementor-element elementor-element-45e7fdf9 elementor-hidden-desktop elementor-hidden-tablet elementor-hidden-mobile e-flex e-con-boxed e-con e-parent\" data-id=\"45e7fdf9\" data-element_type=\"container\">\n\t\t\t\t\t<div class=\"e-con-inner\">\n\t\t<div class=\"elementor-element elementor-element-65cd15ab e-con-full e-flex e-con e-child\" data-id=\"65cd15ab\" data-element_type=\"container\">\n\t\t\t\t<div class=\"elementor-element elementor-element-121012e9 wd-width-100 elementor-widget elementor-widget-wd_title\" data-id=\"121012e9\" data-element_type=\"widget\" data-widget_type=\"wd_title.default\">\n\t\t\t\t<div class=\"elementor-widget-container\">\n\t\t\t\t\t\t\t<div class=\"title-wrapper set-mb-s reset-last-child wd-title-color-default wd-title-style-default wd-title-size-default text-center\">\n\n\t\t\t\t\t\t\t<div class=\"title-subtitle subtitle-color-default subtitle-style-default wd-fontsize-xs\">\n\t\t\t\t\tDuraci\u00f3n media de la estancia\t\t\t\t<\/div>\n\t\t\t\n\t\t\t<div class=\"liner-continer\">\n\t\t\t\t<p class=\"woodmart-title-container title wd-fontsize-l\">7 d\u00edas<\/p> \n\t\t\t\t\t\t\t<\/div>\n\n\t\t\t\t\t<\/div>\n\t\t\t\t\t\t<\/div>\n\t\t\t\t<\/div>\n\t\t\t\t<\/div>\n\t\t<div class=\"elementor-element elementor-element-2cf0f2cb e-con-full e-flex e-con e-child\" data-id=\"2cf0f2cb\" data-element_type=\"container\">\n\t\t\t\t<div class=\"elementor-element elementor-element-142bcdfd wd-width-100 elementor-widget elementor-widget-wd_title\" data-id=\"142bcdfd\" data-element_type=\"widget\" data-widget_type=\"wd_title.default\">\n\t\t\t\t<div class=\"elementor-widget-container\">\n\t\t\t\t\t\t\t<div class=\"title-wrapper set-mb-s reset-last-child wd-title-color-default wd-title-style-default wd-title-size-default text-center\">\n\n\t\t\t\t\t\t\t<div class=\"title-subtitle subtitle-color-default subtitle-style-default wd-fontsize-xs\">\n\t\t\t\t\tDuraci\u00f3n de la hospitalizaci\u00f3n\t\t\t\t<\/div>\n\t\t\t\n\t\t\t<div class=\"liner-continer\">\n\t\t\t\t<p class=\"woodmart-title-container title wd-fontsize-l\">1 d\u00eda<\/p> \n\t\t\t\t\t\t\t<\/div>\n\n\t\t\t\t\t<\/div>\n\t\t\t\t\t\t<\/div>\n\t\t\t\t<\/div>\n\t\t\t\t<\/div>\n\t\t<div class=\"elementor-element elementor-element-52bc427c e-con-full e-flex e-con e-child\" data-id=\"52bc427c\" data-element_type=\"container\">\n\t\t\t\t<div class=\"elementor-element elementor-element-15e85ab6 wd-width-100 elementor-widget elementor-widget-wd_title\" data-id=\"15e85ab6\" data-element_type=\"widget\" data-widget_type=\"wd_title.default\">\n\t\t\t\t<div class=\"elementor-widget-container\">\n\t\t\t\t\t\t\t<div class=\"title-wrapper set-mb-s reset-last-child wd-title-color-default wd-title-style-default wd-title-size-default text-center\">\n\n\t\t\t\t\t\t\t<div class=\"title-subtitle subtitle-color-default subtitle-style-default wd-fontsize-xs\">\n\t\t\t\t\tDuraci\u00f3n de la operaci\u00f3n\t\t\t\t<\/div>\n\t\t\t\n\t\t\t<div class=\"liner-continer\">\n\t\t\t\t<p class=\"woodmart-title-container title wd-fontsize-l\">2-4 horas<\/p> \n\t\t\t\t\t\t\t<\/div>\n\n\t\t\t\t\t<\/div>\n\t\t\t\t\t\t<\/div>\n\t\t\t\t<\/div>\n\t\t\t\t<\/div>\n\t\t<div class=\"elementor-element elementor-element-499a58e3 e-con-full e-flex e-con e-child\" data-id=\"499a58e3\" data-element_type=\"container\">\n\t\t\t\t<div class=\"elementor-element elementor-element-4b2ae6d wd-width-100 elementor-widget elementor-widget-wd_title\" data-id=\"4b2ae6d\" data-element_type=\"widget\" data-widget_type=\"wd_title.default\">\n\t\t\t\t<div class=\"elementor-widget-container\">\n\t\t\t\t\t\t\t<div class=\"title-wrapper set-mb-s reset-last-child wd-title-color-default wd-title-style-default wd-title-size-default text-center\">\n\n\t\t\t\t\t\t\t<div class=\"title-subtitle subtitle-color-default subtitle-style-default wd-fontsize-xs\">\n\t\t\t\t\tTipo de anestesia\t\t\t\t<\/div>\n\t\t\t\n\t\t\t<div class=\"liner-continer\">\n\t\t\t\t<p class=\"woodmart-title-container title wd-fontsize-l\">Anestesia general<\/p> \n\t\t\t\t\t\t\t<\/div>\n\n\t\t\t\t\t<\/div>\n\t\t\t\t\t\t<\/div>\n\t\t\t\t<\/div>\n\t\t\t\t<\/div>\n\t\t<div class=\"elementor-element elementor-element-11ed7d e-con-full e-flex e-con e-child\" data-id=\"11ed7d\" data-element_type=\"container\">\n\t\t\t\t<div class=\"elementor-element elementor-element-55908bb3 wd-width-100 elementor-widget elementor-widget-wd_title\" data-id=\"55908bb3\" data-element_type=\"widget\" data-widget_type=\"wd_title.default\">\n\t\t\t\t<div class=\"elementor-widget-container\">\n\t\t\t\t\t\t\t<div class=\"title-wrapper set-mb-s reset-last-child wd-title-color-default wd-title-style-default wd-title-size-default text-center\">\n\n\t\t\t\t\t\t\t<div class=\"title-subtitle subtitle-color-default subtitle-style-default wd-fontsize-xs\">\n\t\t\t\t\tTiempo de recuperaci\u00f3n\t\t\t\t<\/div>\n\t\t\t\n\t\t\t<div class=\"liner-continer\">\n\t\t\t\t<p class=\"woodmart-title-container title wd-fontsize-l\">1-2 semanas<\/p> \n\t\t\t\t\t\t\t<\/div>\n\n\t\t\t\t\t<\/div>\n\t\t\t\t\t\t<\/div>\n\t\t\t\t<\/div>\n\t\t\t\t<\/div>\n\t\t\t\t\t<\/div>\n\t\t\t\t<\/div>\n\t\t<div class=\"wd-negative-gap elementor-element elementor-element-f8994c3 e-flex e-con-boxed e-con e-parent\" data-id=\"f8994c3\" data-element_type=\"container\">\n\t\t\t\t\t<div class=\"e-con-inner\">\n\t\t\t\t<div class=\"elementor-element elementor-element-0a8c510 color-scheme-inherit text-left elementor-widget elementor-widget-text-editor\" data-id=\"0a8c510\" data-element_type=\"widget\" data-widget_type=\"text-editor.default\">\n\t\t\t\t<div class=\"elementor-widget-container\">\n\t\t\t\t\t\t\t\t\t<p>La cirug\u00eda de lifting de muslos es un procedimiento est\u00e9tico eficaz preferido para solucionar los problemas de flacidez y descolgamiento de la piel. La flacidez en la zona de los muslos, especialmente debido a la p\u00e9rdida de peso, el envejecimiento o factores gen\u00e9ticos, puede afectar negativamente al aspecto f\u00edsico de las personas.\u00a0<\/p><h2>\u00bfQu\u00e9 es la cirug\u00eda de lifting de muslos?<\/h2><p>La cirug\u00eda de lifting de muslos es el proceso de eliminaci\u00f3n del exceso de piel y tejido graso en la zona de los muslos. Este procedimiento se realiza para corregir la piel fl\u00e1cida y tensar la piel de la zona de los muslos. Suelen preferir esta cirug\u00eda las personas que desean corregir las deformaciones que se producen en el cuerpo tras la p\u00e9rdida de peso, el envejecimiento o el parto. La intervenci\u00f3n de lifting de muslos pretende aumentar la confianza de la persona en s\u00ed misma, as\u00ed como su aspecto est\u00e9tico.<\/p><h2>\u00bfCu\u00e1les son los beneficios de la cirug\u00eda de lifting de muslos?<\/h2><p>La cirug\u00eda de lifting de muslos ofrece muchos beneficios. Entre estos beneficios:<\/p><ul><li>Tensado de la piel: La piel fl\u00e1cida se tensa.<\/li><li>Apariencia est\u00e9tica: Deshacerse del exceso de piel y grasa en la zona de los muslos proporciona un contorno corporal m\u00e1s suave.<\/li><li>Aumento de la confianza en uno mismo: La eliminaci\u00f3n de la flacidez no deseada ayuda a las personas a sentirse mejor consigo mismas.<\/li><li>Comodidad f\u00edsica: Las molestias f\u00edsicas causadas por la piel fl\u00e1cida disminuyen tras la intervenci\u00f3n.<\/li><\/ul><h2>\u00bfA qui\u00e9n se puede aplicar la cirug\u00eda de lifting de muslos?<\/h2><p>La cirug\u00eda de lifting de muslos es adecuada para las personas que experimentan una flacidez excesiva en su cuerpo, han perdido elasticidad en la piel y est\u00e1n est\u00e9ticamente insatisfechas. Adem\u00e1s, las personas que presentan flacidez en el cuerpo tras una p\u00e9rdida de peso pueden conseguir un aspecto m\u00e1s est\u00e9tico con la intervenci\u00f3n de lifting de muslos. Candidatos ideales para la cirug\u00eda:<\/p><ul><li>Personas con piel fl\u00e1cida tras perder peso,<\/li><li>Personas que han perdido la elasticidad de la piel debido al envejecimiento,<\/li><li>Mujeres con deformaci\u00f3n postparto en la zona del abdomen y los muslos,<\/li><li>Individuos sanos, personas que est\u00e1n cerca del peso ideal, pero que desean un estiramiento en la zona de los muslos.<\/li><\/ul><h2>\u00bfC\u00f3mo se realiza la cirug\u00eda de lifting de muslos?<\/h2><p>La cirug\u00eda de lifting de muslos suele realizarse bajo anestesia general. El cirujano realiza peque\u00f1as incisiones en la cara interna del muslo, la ingle o la parte inferior del muslo en lugares ocultos. A trav\u00e9s de estas incisiones se elimina el exceso de piel y grasa y se tensa la piel. La duraci\u00f3n de la intervenci\u00f3n puede variar en funci\u00f3n de su alcance y suele durar entre 2 y 4 horas. Tras la intervenci\u00f3n, los pacientes permanecen en observaci\u00f3n en el hospital durante un tiempo y comienza el proceso de recuperaci\u00f3n.<\/p><h2>Proceso de recuperaci\u00f3n tras la cirug\u00eda de lifting de muslos<\/h2><p>El proceso de recuperaci\u00f3n tras la cirug\u00eda de lifting de muslos var\u00eda de una persona a otra. Por lo general, los pacientes pueden sentir un dolor leve durante unos d\u00edas despu\u00e9s de la intervenci\u00f3n. La hinchaz\u00f3n y los hematomas tambi\u00e9n son efectos secundarios comunes. El proceso de cicatrizaci\u00f3n comienza en 1-2 semanas y el paciente puede volver a sus actividades diarias normales al cabo de 4-6 semanas. La recuperaci\u00f3n completa puede tardar varios meses.<\/p><h2>Riesgos y efectos secundarios de la cirug\u00eda de lifting de muslos<\/h2><p>Como cualquier procedimiento quir\u00fargico, la cirug\u00eda de lifting de muslos conlleva algunos riesgos. Entre ellos se incluyen infecciones, hemorragias, cicatrices y reacciones al\u00e9rgicas a la anestesia. Adem\u00e1s, las complicaciones que puedan surgir durante el proceso de cicatrizaci\u00f3n tambi\u00e9n se encuentran entre los riesgos. Sin embargo, estos riesgos pueden minimizarse en cirug\u00edas realizadas por un cirujano experimentado.<\/p><h2>\u00bfQu\u00e9 debe tenerse en cuenta tras una cirug\u00eda de lifting de muslos?<\/h2><p>Tras la operaci\u00f3n, hay varios puntos importantes a los que los pacientes deben prestar atenci\u00f3n. Son los siguientes<\/p><ul><li>Cuidado de la herida: La zona de la cicatriz quir\u00fargica debe mantenerse limpia y cuidarse regularmente con cremas recomendadas por el m\u00e9dico.<\/li><li>Restricci\u00f3n de movimientos: El ejercicio intenso y el movimiento excesivo deben evitarse durante las primeras semanas.<\/li><li>Tabaquismo: Fumar puede afectar negativamente al proceso de cicatrizaci\u00f3n, por lo que debe evitarse.<\/li><\/ul><h2>Precios de la cirug\u00eda de lifting de muslos<\/h2><p>Los precios de la cirug\u00eda de lifting de muslos pueden variar en funci\u00f3n de la experiencia del cirujano, la ubicaci\u00f3n del hospital y el alcance de la cirug\u00eda. Aunque los precios en Turqu\u00eda suelen ser m\u00e1s asequibles, los precios determinados seg\u00fan las necesidades individuales pueden variar. Para conocer el precio m\u00e1s exacto, es importante ponerse en contacto directamente con un cirujano pl\u00e1stico.<\/p><h2>Cicatrices y resultados est\u00e9ticos tras la cirug\u00eda de lifting de muslos<\/h2><p>Las cicatrices que se producir\u00e1n tras la cirug\u00eda de lifting de muslos var\u00edan en funci\u00f3n de la t\u00e9cnica aplicada por el cirujano y de las zonas de incisi\u00f3n. Un buen cirujano elige las zonas de incisi\u00f3n adecuadas para minimizar las cicatrices. Con el tiempo, estas cicatrices desaparecen y se hacen menos prominentes. Sin embargo, no es posible que las cicatrices desaparezcan por completo.<\/p><p>\u00a0<\/p>\t\t\t\t\t\t\t\t<\/div>\n\t\t\t\t<\/div>\n\t\t\t\t\t<\/div>\n\t\t\t\t<\/div>\n\t\t\t\t<\/div>","protected":false},"excerpt":{"rendered":"<p>Ortalama Kal\u0131\u015f S\u00fcresi 7 G\u00fcn Hastanede Yat\u0131\u015f S\u00fcresi 1 G\u00fcn Operasyon S\u00fcresi 2-4 Saat Anestezi T\u00fcr\u00fc Genel Anestezi \u0130yile\u015fme S\u00fcresi<\/p>","protected":false},"author":1,"featured_media":0,"parent":0,"menu_order":0,"comment_status":"closed","ping_status":"closed","template":"","meta":{"footnotes":""},"class_list":["post-27739","page","type-page","status-publish","hentry"],"_links":{"self":[{"href":"https:\/\/westestetik.com\/es\/wp-json\/wp\/v2\/pages\/27739","targetHints":{"allow":["GET"]}}],"collection":[{"href":"https:\/\/westestetik.com\/es\/wp-json\/wp\/v2\/pages"}],"about":[{"href":"https:\/\/westestetik.com\/es\/wp-json\/wp\/v2\/types\/page"}],"author":[{"embeddable":true,"href":"https:\/\/westestetik.com\/es\/wp-json\/wp\/v2\/users\/1"}],"replies":[{"embeddable":true,"href":"https:\/\/westestetik.com\/es\/wp-json\/wp\/v2\/comments?post=27739"}],"version-history":[{"count":10,"href":"https:\/\/westestetik.com\/es\/wp-json\/wp\/v2\/pages\/27739\/revisions"}],"predecessor-version":[{"id":31901,"href":"https:\/\/westestetik.com\/es\/wp-json\/wp\/v2\/pages\/27739\/revisions\/31901"}],"wp:attachment":[{"href":"https:\/\/westestetik.com\/es\/wp-json\/wp\/v2\/media?parent=27739"}],"curies":[{"name":"wp","href":"https:\/\/api.w.org\/{rel}","templated":true}]}}