{"id":27737,"date":"2024-12-02T22:40:00","date_gmt":"2024-12-02T22:40:00","guid":{"rendered":"https:\/\/westestetik.com\/?page_id=27737"},"modified":"2025-11-13T12:51:18","modified_gmt":"2025-11-13T09:51:18","slug":"lifting-de-brazo","status":"publish","type":"page","link":"https:\/\/westestetik.com\/es\/lifting-de-brazo\/","title":{"rendered":"Estiramiento de brazos"},"content":{"rendered":"<div data-elementor-type=\"wp-page\" data-elementor-id=\"27737\" class=\"elementor elementor-27737\" data-elementor-post-type=\"page\">\n\t\t\t\t<div class=\"elementor-element elementor-element-153da6b5 e-con-full elementor-hidden-desktop elementor-hidden-tablet elementor-hidden-mobile e-flex e-con e-parent\" data-id=\"153da6b5\" data-element_type=\"container\">\n\t\t<div class=\"elementor-element elementor-element-1ca16a16 e-con-full e-flex e-con e-child\" data-id=\"1ca16a16\" data-element_type=\"container\">\n\t\t\t\t<div class=\"elementor-element elementor-element-292d1e08 elementor-widget elementor-widget-image\" data-id=\"292d1e08\" data-element_type=\"widget\" data-widget_type=\"image.default\">\n\t\t\t\t<div class=\"elementor-widget-container\">\n\t\t\t\t\t\t\t\t\t\t\t\t\t\t\t<img decoding=\"async\" width=\"100\" height=\"100\" src=\"https:\/\/westestetik.com\/wp-content\/uploads\/2024\/12\/1-4.png\" class=\"attachment-large size-large wp-image-28814\" alt=\"\" srcset=\"https:\/\/westestetik.com\/wp-content\/uploads\/2024\/12\/1-4.png 100w, https:\/\/westestetik.com\/wp-content\/uploads\/2024\/12\/1-4-12x12.png 12w\" sizes=\"(max-width: 100px) 100vw, 100px\" \/>\t\t\t\t\t\t\t\t\t\t\t\t\t\t\t<\/div>\n\t\t\t\t<\/div>\n\t\t\t\t<\/div>\n\t\t<div class=\"elementor-element elementor-element-6ffb8368 e-con-full e-flex e-con e-child\" data-id=\"6ffb8368\" data-element_type=\"container\">\n\t\t\t\t<div class=\"elementor-element elementor-element-50335ed8 elementor-widget elementor-widget-image\" data-id=\"50335ed8\" data-element_type=\"widget\" data-widget_type=\"image.default\">\n\t\t\t\t<div class=\"elementor-widget-container\">\n\t\t\t\t\t\t\t\t\t\t\t\t\t\t\t<img decoding=\"async\" width=\"100\" height=\"100\" src=\"https:\/\/westestetik.com\/wp-content\/uploads\/2024\/12\/2-5.png\" class=\"attachment-large size-large wp-image-28815\" alt=\"\" srcset=\"https:\/\/westestetik.com\/wp-content\/uploads\/2024\/12\/2-5.png 100w, https:\/\/westestetik.com\/wp-content\/uploads\/2024\/12\/2-5-12x12.png 12w\" sizes=\"(max-width: 100px) 100vw, 100px\" \/>\t\t\t\t\t\t\t\t\t\t\t\t\t\t\t<\/div>\n\t\t\t\t<\/div>\n\t\t\t\t<\/div>\n\t\t<div class=\"elementor-element elementor-element-42a40508 e-con-full e-flex e-con e-child\" data-id=\"42a40508\" data-element_type=\"container\">\n\t\t\t\t<div class=\"elementor-element elementor-element-46886463 elementor-widget elementor-widget-image\" data-id=\"46886463\" data-element_type=\"widget\" data-widget_type=\"image.default\">\n\t\t\t\t<div class=\"elementor-widget-container\">\n\t\t\t\t\t\t\t\t\t\t\t\t\t\t\t<img decoding=\"async\" width=\"100\" height=\"100\" src=\"https:\/\/westestetik.com\/wp-content\/uploads\/2024\/12\/3-1.png\" class=\"attachment-large size-large wp-image-28816\" alt=\"\" srcset=\"https:\/\/westestetik.com\/wp-content\/uploads\/2024\/12\/3-1.png 100w, https:\/\/westestetik.com\/wp-content\/uploads\/2024\/12\/3-1-12x12.png 12w\" sizes=\"(max-width: 100px) 100vw, 100px\" \/>\t\t\t\t\t\t\t\t\t\t\t\t\t\t\t<\/div>\n\t\t\t\t<\/div>\n\t\t\t\t<\/div>\n\t\t<div class=\"elementor-element elementor-element-7804eab6 e-con-full e-flex e-con e-child\" data-id=\"7804eab6\" data-element_type=\"container\">\n\t\t\t\t<div class=\"elementor-element elementor-element-5bea04b2 elementor-widget elementor-widget-image\" data-id=\"5bea04b2\" data-element_type=\"widget\" data-widget_type=\"image.default\">\n\t\t\t\t<div class=\"elementor-widget-container\">\n\t\t\t\t\t\t\t\t\t\t\t\t\t\t\t<img loading=\"lazy\" decoding=\"async\" width=\"100\" height=\"100\" src=\"https:\/\/westestetik.com\/wp-content\/uploads\/2024\/12\/4-1.png\" class=\"attachment-large size-large wp-image-28817\" alt=\"\" srcset=\"https:\/\/westestetik.com\/wp-content\/uploads\/2024\/12\/4-1.png 100w, https:\/\/westestetik.com\/wp-content\/uploads\/2024\/12\/4-1-12x12.png 12w\" sizes=\"(max-width: 100px) 100vw, 100px\" \/>\t\t\t\t\t\t\t\t\t\t\t\t\t\t\t<\/div>\n\t\t\t\t<\/div>\n\t\t\t\t<\/div>\n\t\t<div class=\"elementor-element elementor-element-241c2945 e-con-full e-flex e-con e-child\" data-id=\"241c2945\" data-element_type=\"container\">\n\t\t\t\t<div class=\"elementor-element elementor-element-24706e67 elementor-widget elementor-widget-image\" data-id=\"24706e67\" data-element_type=\"widget\" data-widget_type=\"image.default\">\n\t\t\t\t<div class=\"elementor-widget-container\">\n\t\t\t\t\t\t\t\t\t\t\t\t\t\t\t<img loading=\"lazy\" decoding=\"async\" width=\"100\" height=\"100\" src=\"https:\/\/westestetik.com\/wp-content\/uploads\/2024\/12\/5-1.png\" class=\"attachment-large size-large wp-image-28818\" alt=\"\" srcset=\"https:\/\/westestetik.com\/wp-content\/uploads\/2024\/12\/5-1.png 100w, https:\/\/westestetik.com\/wp-content\/uploads\/2024\/12\/5-1-12x12.png 12w\" sizes=\"(max-width: 100px) 100vw, 100px\" \/>\t\t\t\t\t\t\t\t\t\t\t\t\t\t\t<\/div>\n\t\t\t\t<\/div>\n\t\t\t\t<\/div>\n\t\t\t\t<\/div>\n\t\t<div class=\"wd-negative-gap elementor-element elementor-element-6391bcce elementor-hidden-desktop elementor-hidden-tablet elementor-hidden-mobile e-flex e-con-boxed e-con e-parent\" data-id=\"6391bcce\" data-element_type=\"container\">\n\t\t\t\t\t<div class=\"e-con-inner\">\n\t\t<div class=\"elementor-element elementor-element-61e4105 e-con-full e-flex e-con e-child\" data-id=\"61e4105\" data-element_type=\"container\">\n\t\t\t\t<div class=\"elementor-element elementor-element-13549b22 wd-width-100 elementor-widget elementor-widget-wd_title\" data-id=\"13549b22\" data-element_type=\"widget\" data-widget_type=\"wd_title.default\">\n\t\t\t\t<div class=\"elementor-widget-container\">\n\t\t\t\t\t\t\t<div class=\"title-wrapper set-mb-s reset-last-child wd-title-color-default wd-title-style-default wd-title-size-default text-center\">\n\n\t\t\t\t\t\t\t<div class=\"title-subtitle subtitle-color-default subtitle-style-default wd-fontsize-xs\">\n\t\t\t\t\tDuraci\u00f3n media de la estancia\t\t\t\t<\/div>\n\t\t\t\n\t\t\t<div class=\"liner-continer\">\n\t\t\t\t<p class=\"woodmart-title-container title wd-fontsize-l\">7 d\u00edas<\/p> \n\t\t\t\t\t\t\t<\/div>\n\n\t\t\t\t\t<\/div>\n\t\t\t\t\t\t<\/div>\n\t\t\t\t<\/div>\n\t\t\t\t<\/div>\n\t\t<div class=\"elementor-element elementor-element-38596bad e-con-full e-flex e-con e-child\" data-id=\"38596bad\" data-element_type=\"container\">\n\t\t\t\t<div class=\"elementor-element elementor-element-3bab9e7f wd-width-100 elementor-widget elementor-widget-wd_title\" data-id=\"3bab9e7f\" data-element_type=\"widget\" data-widget_type=\"wd_title.default\">\n\t\t\t\t<div class=\"elementor-widget-container\">\n\t\t\t\t\t\t\t<div class=\"title-wrapper set-mb-s reset-last-child wd-title-color-default wd-title-style-default wd-title-size-default text-center\">\n\n\t\t\t\t\t\t\t<div class=\"title-subtitle subtitle-color-default subtitle-style-default wd-fontsize-xs\">\n\t\t\t\t\tDuraci\u00f3n de la hospitalizaci\u00f3n\t\t\t\t<\/div>\n\t\t\t\n\t\t\t<div class=\"liner-continer\">\n\t\t\t\t<p class=\"woodmart-title-container title wd-fontsize-l\">1 d\u00eda<\/p> \n\t\t\t\t\t\t\t<\/div>\n\n\t\t\t\t\t<\/div>\n\t\t\t\t\t\t<\/div>\n\t\t\t\t<\/div>\n\t\t\t\t<\/div>\n\t\t<div class=\"elementor-element elementor-element-256abc59 e-con-full e-flex e-con e-child\" data-id=\"256abc59\" data-element_type=\"container\">\n\t\t\t\t<div class=\"elementor-element elementor-element-491142ca wd-width-100 elementor-widget elementor-widget-wd_title\" data-id=\"491142ca\" data-element_type=\"widget\" data-widget_type=\"wd_title.default\">\n\t\t\t\t<div class=\"elementor-widget-container\">\n\t\t\t\t\t\t\t<div class=\"title-wrapper set-mb-s reset-last-child wd-title-color-default wd-title-style-default wd-title-size-default text-center\">\n\n\t\t\t\t\t\t\t<div class=\"title-subtitle subtitle-color-default subtitle-style-default wd-fontsize-xs\">\n\t\t\t\t\tDuraci\u00f3n de la operaci\u00f3n\t\t\t\t<\/div>\n\t\t\t\n\t\t\t<div class=\"liner-continer\">\n\t\t\t\t<p class=\"woodmart-title-container title wd-fontsize-l\">2-4 horas<\/p> \n\t\t\t\t\t\t\t<\/div>\n\n\t\t\t\t\t<\/div>\n\t\t\t\t\t\t<\/div>\n\t\t\t\t<\/div>\n\t\t\t\t<\/div>\n\t\t<div class=\"elementor-element elementor-element-4a1c78f0 e-con-full e-flex e-con e-child\" data-id=\"4a1c78f0\" data-element_type=\"container\">\n\t\t\t\t<div class=\"elementor-element elementor-element-7b770812 wd-width-100 elementor-widget elementor-widget-wd_title\" data-id=\"7b770812\" data-element_type=\"widget\" data-widget_type=\"wd_title.default\">\n\t\t\t\t<div class=\"elementor-widget-container\">\n\t\t\t\t\t\t\t<div class=\"title-wrapper set-mb-s reset-last-child wd-title-color-default wd-title-style-default wd-title-size-default text-center\">\n\n\t\t\t\t\t\t\t<div class=\"title-subtitle subtitle-color-default subtitle-style-default wd-fontsize-xs\">\n\t\t\t\t\tTipo de anestesia\t\t\t\t<\/div>\n\t\t\t\n\t\t\t<div class=\"liner-continer\">\n\t\t\t\t<p class=\"woodmart-title-container title wd-fontsize-l\">Anestesia general<\/p> \n\t\t\t\t\t\t\t<\/div>\n\n\t\t\t\t\t<\/div>\n\t\t\t\t\t\t<\/div>\n\t\t\t\t<\/div>\n\t\t\t\t<\/div>\n\t\t<div class=\"elementor-element elementor-element-56197fff e-con-full e-flex e-con e-child\" data-id=\"56197fff\" data-element_type=\"container\">\n\t\t\t\t<div class=\"elementor-element elementor-element-e097ab2 wd-width-100 elementor-widget elementor-widget-wd_title\" data-id=\"e097ab2\" data-element_type=\"widget\" data-widget_type=\"wd_title.default\">\n\t\t\t\t<div class=\"elementor-widget-container\">\n\t\t\t\t\t\t\t<div class=\"title-wrapper set-mb-s reset-last-child wd-title-color-default wd-title-style-default wd-title-size-default text-center\">\n\n\t\t\t\t\t\t\t<div class=\"title-subtitle subtitle-color-default subtitle-style-default wd-fontsize-xs\">\n\t\t\t\t\tTiempo de recuperaci\u00f3n\t\t\t\t<\/div>\n\t\t\t\n\t\t\t<div class=\"liner-continer\">\n\t\t\t\t<p class=\"woodmart-title-container title wd-fontsize-l\">1-2 semanas<\/p> \n\t\t\t\t\t\t\t<\/div>\n\n\t\t\t\t\t<\/div>\n\t\t\t\t\t\t<\/div>\n\t\t\t\t<\/div>\n\t\t\t\t<\/div>\n\t\t\t\t\t<\/div>\n\t\t\t\t<\/div>\n\t\t<div class=\"wd-negative-gap elementor-element elementor-element-e3acd4f e-flex e-con-boxed e-con e-parent\" data-id=\"e3acd4f\" data-element_type=\"container\">\n\t\t\t\t\t<div class=\"e-con-inner\">\n\t\t\t\t<div class=\"elementor-element elementor-element-1c1814f color-scheme-inherit text-left elementor-widget elementor-widget-text-editor\" data-id=\"1c1814f\" data-element_type=\"widget\" data-widget_type=\"text-editor.default\">\n\t\t\t\t<div class=\"elementor-widget-container\">\n\t\t\t\t\t\t\t\t\t<p><span style=\"font-weight: 400;\">La cirug\u00eda de lifting de brazos ofrece una soluci\u00f3n eficaz de cirug\u00eda est\u00e9tica para quienes desean tensar la piel de los brazos que se descuelga y afloja con el paso del tiempo y conseguir un aspecto m\u00e1s joven. Es una aplicaci\u00f3n ideal sobre todo para las personas que tienen los brazos ca\u00eddos debido a una p\u00e9rdida excesiva de peso, al envejecimiento, a la p\u00e9rdida de elasticidad de la piel tras el embarazo o a factores gen\u00e9ticos. La cirug\u00eda de lifting de brazos no s\u00f3lo proporciona una mejora est\u00e9tica, sino que tambi\u00e9n ayuda a las personas a conseguir un aspecto corporal m\u00e1s joven y saludable, aumentando la confianza en s\u00ed mismas.<\/span><\/p><h2><span style=\"font-weight: 400;\">\u00bfQu\u00e9 es la cirug\u00eda de lifting de brazos y c\u00f3mo se realiza?<\/span><\/h2><p><span style=\"font-weight: 400;\">La cirug\u00eda de lifting de brazos es un procedimiento de cirug\u00eda est\u00e9tica para personas que se quejan de flacidez, descolgamiento y exceso de piel en los brazos. Esta afecci\u00f3n suele deberse al envejecimiento, la p\u00e9rdida de peso, factores gen\u00e9ticos o la p\u00e9rdida de elasticidad de la piel tras el embarazo. La cirug\u00eda de lifting de brazos aumenta la firmeza de la piel mediante la eliminaci\u00f3n de este exceso de piel, rejuveneciendo y alisando la zona de los brazos. La intervenci\u00f3n suele realizarse bajo anestesia general y se extirpa quir\u00fargicamente el exceso de piel, tejido graso y piel fl\u00e1cida. El resultado es un contorno del brazo m\u00e1s tenso y liso, con un aspecto m\u00e1s est\u00e9tico.<\/span><\/p><p><span style=\"font-weight: 400;\">La duraci\u00f3n y el alcance de la operaci\u00f3n pueden variar seg\u00fan las necesidades del paciente. Por lo general, los brazos se remodelan eliminando el exceso de grasa y tejido bajo la piel a trav\u00e9s de incisiones practicadas en la parte superior del brazo.<\/span><\/p><h2><span style=\"font-weight: 400;\">\u00bfPara qui\u00e9n es adecuada la cirug\u00eda de lifting de brazos?<\/span><\/h2><p><span style=\"font-weight: 400;\">La cirug\u00eda de lifting de brazos est\u00e1 especialmente indicada para personas que experimentan descolgamiento, flacidez y exceso de piel en la zona de los brazos. Estas afecciones suelen observarse en las siguientes condiciones:<\/span><\/p><ul><li><span style=\"font-weight: 400;\">Tras una p\u00e9rdida de peso excesiva: La p\u00e9rdida de peso puede desencadenar la p\u00e9rdida de elasticidad bajo la piel, provocando la flacidez de los brazos. En estos casos, la cirug\u00eda de lifting de brazos puede remodelar el cuerpo eliminando el exceso de piel.<\/span><\/li><li><span style=\"font-weight: 400;\">Proceso de envejecimiento: Con la edad, la elasticidad de la piel disminuye y la flacidez se acent\u00faa. La cirug\u00eda de lifting de brazos es una soluci\u00f3n eficaz para eliminar esta flacidez.<\/span><\/li><li><span style=\"font-weight: 400;\">Despu\u00e9s del embarazo La flacidez en la zona de los brazos tambi\u00e9n puede ser una de las deformaciones que se observan en el cuerpo despu\u00e9s del embarazo y el parto. En este caso, se puede conseguir un aspecto juvenil con la cirug\u00eda de lifting de brazos.<\/span><\/li><\/ul><p><span style=\"font-weight: 400;\">Los candidatos adecuados para la cirug\u00eda de lifting de brazos suelen ser personas con buena salud general y sin ninguna discapacidad quir\u00fargica. Adem\u00e1s, es importante para el \u00e9xito de la cirug\u00eda que los pacientes tengan expectativas realistas.<\/span><\/p><h2><span style=\"font-weight: 400;\">Proceso de recuperaci\u00f3n tras la cirug\u00eda de lifting de brazos<\/span><\/h2><p><span style=\"font-weight: 400;\">El proceso de curaci\u00f3n de la cirug\u00eda de lifting de brazos puede variar seg\u00fan el estado individual de cada paciente, la t\u00e9cnica aplicada por el cirujano y el alcance de la cirug\u00eda. Sin embargo, en general, el proceso de recuperaci\u00f3n tras la cirug\u00eda procede del siguiente modo:<\/span><\/p><ul><li><span style=\"font-weight: 400;\">Primeros d\u00edas: Durante los 2-3 primeros d\u00edas despu\u00e9s de la intervenci\u00f3n, puede haber una ligera hinchaz\u00f3n, hematomas y dolor. Estos trastornos suelen remitir al cabo de unas semanas. Para controlar el dolor pueden utilizarse medicamentos recomendados por su m\u00e9dico.<\/span><\/li><li><span style=\"font-weight: 400;\">Hinchaz\u00f3n y hematomas: Es normal experimentar hinchaz\u00f3n y hematomas inmediatamente despu\u00e9s de la operaci\u00f3n. Sin embargo, estos s\u00edntomas remitir\u00e1n con el tiempo.<\/span><\/li><li><span style=\"font-weight: 400;\">Uso de cors\u00e9: Tras la cirug\u00eda de lifting de brazos, los m\u00e9dicos aconsejan a los pacientes que utilicen un cors\u00e9 o vendaje para acelerar el proceso de cicatrizaci\u00f3n. Esto ayuda a reducir la hinchaz\u00f3n de la zona y a que el tejido cicatrice correctamente.<\/span><\/li><li><span style=\"font-weight: 400;\">Tiempo de recuperaci\u00f3n: La recuperaci\u00f3n completa puede llevar de 4 a 6 semanas. Durante este periodo, es importante que los pacientes eviten la actividad f\u00edsica intensa y sigan las instrucciones del m\u00e9dico.<\/span><\/li><\/ul><h2><span style=\"font-weight: 400;\">\u00bfCu\u00e1les son los precios de la cirug\u00eda de lifting de brazos?<\/span><\/h2><p><span style=\"font-weight: 400;\">Los precios de la cirug\u00eda de lifting de brazos pueden variar en funci\u00f3n de las necesidades personales y de la cl\u00ednica u hospital donde se realice la operaci\u00f3n. Entre los factores que se tienen en cuenta a la hora de fijar los precios figuran la experiencia del cirujano, las necesidades del paciente, el alcance de la intervenci\u00f3n y las t\u00e9cnicas empleadas. Adem\u00e1s, las diferencias regionales y la situaci\u00f3n del seguro m\u00e9dico son otros factores que afectan a los precios. Los precios suelen determinarse individualmente y los pacientes pueden obtener informaci\u00f3n detallada sobre los precios acudiendo a una consulta antes de la intervenci\u00f3n.<\/span><\/p><h2><span style=\"font-weight: 400;\">Riesgos y efectos secundarios de la cirug\u00eda de lifting de brazos<\/span><\/h2><p><span style=\"font-weight: 400;\">Como cualquier intervenci\u00f3n quir\u00fargica, la cirug\u00eda de lifting de brazos conlleva algunos riesgos. Sin embargo, estos riesgos suelen ser poco frecuentes y pueden ser gestionados adecuadamente por cirujanos especializados. Los posibles riesgos de la cirug\u00eda de lifting de brazos son los siguientes:<\/span><\/p><ul><li><span style=\"font-weight: 400;\">Infecci\u00f3n Al tratarse de una intervenci\u00f3n quir\u00fargica, puede existir riesgo de infecci\u00f3n en la zona de la herida. Sin embargo, este riesgo se reduce considerablemente cuando se proporcionan los cuidados y las condiciones higi\u00e9nicas adecuadas.<\/span><\/li><li><span style=\"font-weight: 400;\">Dolor y hematomas: Despu\u00e9s de la operaci\u00f3n pueden aparecer hematomas temporales y dolor leve. Se trata de una parte natural del proceso de cicatrizaci\u00f3n.<\/span><\/li><li><span style=\"font-weight: 400;\">Problemas de cicatrizaci\u00f3n de heridas: Pueden surgir problemas durante el proceso de cicatrizaci\u00f3n de la piel, pero con buenos cuidados y revisiones peri\u00f3dicas, estos problemas pueden minimizarse.<\/span><\/li><li><span style=\"font-weight: 400;\">Cambios sensoriales: Despu\u00e9s de la cirug\u00eda de lifting de brazos, algunos pacientes pueden experimentar entumecimiento o adormecimiento temporal. Esto suele mejorar con el tiempo.<\/span><\/li><li><span style=\"font-weight: 400;\">Sangrado Durante la intervenci\u00f3n puede producirse una hemorragia, pero suele ser temporal y controlable.<\/span><\/li><\/ul><h2><span style=\"font-weight: 400;\">\u00bfDurante cu\u00e1nto tiempo es permanente la cirug\u00eda de lifting de brazos?<\/span><\/h2><p><span style=\"font-weight: 400;\">Los resultados de la cirug\u00eda de lifting de brazos son permanentes. Sin embargo, el proceso de envejecimiento, los cambios en la elasticidad de la piel, el aumento de peso o los factores ambientales (por ejemplo, la exposici\u00f3n excesiva al sol) pueden pasar factura con el tiempo. Aunque la cirug\u00eda de lifting de brazos es eficaz para prevenir la flacidez de la piel, es importante mantener un estilo de vida saludable para prolongar la vida de estos resultados.<\/span><\/p><p><span style=\"font-weight: 400;\">\u00bfQu\u00e9 resultados cabe esperar de la cirug\u00eda de lifting de brazos?<\/span><\/p><p><span style=\"font-weight: 400;\">La cirug\u00eda de lifting de brazos ofrece una soluci\u00f3n est\u00e9tica para las personas que tienen problemas de flacidez y descolgamiento en la zona de los brazos. Los resultados que se obtienen tras la cirug\u00eda de lifting de brazos pueden ser los siguientes:<\/span><\/p><ul><li><span style=\"font-weight: 400;\">Brazos m\u00e1s firmes y j\u00f3venes: La flacidez y descolgamiento de la zona de los brazos desaparece, dejando un aspecto m\u00e1s firme y terso.<\/span><\/li><li><span style=\"font-weight: 400;\">Tensado de la piel de la zona axilar: La cirug\u00eda de lifting de brazos proporciona un aspecto m\u00e1s est\u00e9tico al tratar el exceso de piel y tejido graso de la zona axilar.<\/span><\/li><li><span style=\"font-weight: 400;\">Mejora del contorno corporal: Los cambios en la zona de los brazos mejoran el aspecto general del contorno corporal, lo que se traduce en una silueta m\u00e1s esbelta.<\/span><\/li><li><span style=\"font-weight: 400;\">Aumento de la confianza en s\u00ed mismo: La cirug\u00eda de lifting de brazos puede aumentar la confianza en uno mismo al mejorar el aspecto de la persona.<\/span><\/li><\/ul><h2><span style=\"font-weight: 400;\">Consejos antes y despu\u00e9s de la cirug\u00eda de lifting de brazos<\/span><\/h2><p><span style=\"font-weight: 400;\">Algunos puntos importantes que deben tenerse en cuenta antes y despu\u00e9s de la cirug\u00eda de lifting de brazos son los siguientes:<\/span><\/p><ul><li><span style=\"font-weight: 400;\">No fume y evite el consumo de alcohol: El tabaco y el alcohol pueden afectar negativamente al proceso de cicatrizaci\u00f3n, por lo que se recomienda evitar estas sustancias durante varias semanas antes y despu\u00e9s de la cirug\u00eda.<\/span><\/li><li><span style=\"font-weight: 400;\">Cuidados de la herida Puede reducir el riesgo de infecci\u00f3n y acelerar el proceso de cicatrizaci\u00f3n cuidando regularmente la herida tras la intervenci\u00f3n.<\/span><\/li><li><span style=\"font-weight: 400;\">Siga las recomendaciones de su m\u00e9dico: Seguir cuidadosamente las recomendaciones del m\u00e9dico y los medicamentos despu\u00e9s de la operaci\u00f3n minimiza el riesgo de complicaciones y acelera el proceso de curaci\u00f3n.<\/span><\/li><li><span style=\"font-weight: 400;\">Ejercicio y actividades: Evite el ejercicio intenso en las primeras semanas. Empiece a hacer ejercicio con la aprobaci\u00f3n de su m\u00e9dico.<\/span><\/li><\/ul><h2><span style=\"font-weight: 400;\">Precios de la cirug\u00eda de lifting de brazos<\/span><\/h2><p><span style=\"font-weight: 400;\">Los precios de la cirug\u00eda de lifting de brazos pueden variar en funci\u00f3n de muchos factores. Estos factores incluyen la experiencia del cirujano, las necesidades del paciente, el alcance de la intervenci\u00f3n, la elecci\u00f3n de la cl\u00ednica u hospital y las t\u00e9cnicas utilizadas. La cirug\u00eda de lifting de brazos es un procedimiento personalizado, por lo que el precio tambi\u00e9n se basa en valoraciones personales. En general, los precios de la cirug\u00eda de lifting de brazos pueden ser m\u00e1s elevados en las cl\u00ednicas est\u00e9ticas de las grandes ciudades y en las aplicaciones realizadas por cirujanos experimentados. Adem\u00e1s, la infraestructura del centro donde se realizar\u00e1 la operaci\u00f3n, el tipo de anestesia utilizada y los servicios adicionales que aceleran el proceso de cicatrizaci\u00f3n son otros factores que influyen en el precio.<\/span><\/p><p><span style=\"font-weight: 400;\">Los precios de la cirug\u00eda de lifting de brazos suelen aclararse con una consulta. En esta consulta se discuten detalles como el procedimiento recomendado por el cirujano, las expectativas del paciente y el proceso de cuidados postoperatorios, y se determina una oferta de precio completo. Adem\u00e1s de los precios, la calidad de la operaci\u00f3n y la satisfacci\u00f3n del paciente tambi\u00e9n son factores importantes. Si est\u00e1 pensando en someterse a una operaci\u00f3n de lifting de brazos, es importante que eval\u00fae los precios no s\u00f3lo en funci\u00f3n de las cl\u00ednicas que ofrecen la oferta m\u00e1s baja, sino tambi\u00e9n en funci\u00f3n de los servicios ofrecidos por cirujanos expertos y con experiencia.<\/span><\/p>\t\t\t\t\t\t\t\t<\/div>\n\t\t\t\t<\/div>\n\t\t\t\t\t<\/div>\n\t\t\t\t<\/div>\n\t\t\t\t<\/div>","protected":false},"excerpt":{"rendered":"<p>Ortalama Kal\u0131\u015f S\u00fcresi 7 G\u00fcn Hastanede Yat\u0131\u015f S\u00fcresi 1 G\u00fcn Operasyon S\u00fcresi 2-4 Saat Anestezi T\u00fcr\u00fc Genel Anestezi \u0130yile\u015fme S\u00fcresi<\/p>","protected":false},"author":1,"featured_media":0,"parent":0,"menu_order":0,"comment_status":"closed","ping_status":"closed","template":"","meta":{"footnotes":""},"class_list":["post-27737","page","type-page","status-publish","hentry"],"_links":{"self":[{"href":"https:\/\/westestetik.com\/es\/wp-json\/wp\/v2\/pages\/27737","targetHints":{"allow":["GET"]}}],"collection":[{"href":"https:\/\/westestetik.com\/es\/wp-json\/wp\/v2\/pages"}],"about":[{"href":"https:\/\/westestetik.com\/es\/wp-json\/wp\/v2\/types\/page"}],"author":[{"embeddable":true,"href":"https:\/\/westestetik.com\/es\/wp-json\/wp\/v2\/users\/1"}],"replies":[{"embeddable":true,"href":"https:\/\/westestetik.com\/es\/wp-json\/wp\/v2\/comments?post=27737"}],"version-history":[{"count":10,"href":"https:\/\/westestetik.com\/es\/wp-json\/wp\/v2\/pages\/27737\/revisions"}],"predecessor-version":[{"id":31898,"href":"https:\/\/westestetik.com\/es\/wp-json\/wp\/v2\/pages\/27737\/revisions\/31898"}],"wp:attachment":[{"href":"https:\/\/westestetik.com\/es\/wp-json\/wp\/v2\/media?parent=27737"}],"curies":[{"name":"wp","href":"https:\/\/api.w.org\/{rel}","templated":true}]}}