{"id":27735,"date":"2024-12-02T22:39:09","date_gmt":"2024-12-02T22:39:09","guid":{"rendered":"https:\/\/westestetik.com\/?page_id=27735"},"modified":"2024-12-25T13:55:23","modified_gmt":"2024-12-25T13:55:23","slug":"abdominoplastia","status":"publish","type":"page","link":"https:\/\/westestetik.com\/es\/abdominoplastia\/","title":{"rendered":"Abdominoplastia"},"content":{"rendered":"<div data-elementor-type=\"wp-page\" data-elementor-id=\"27735\" class=\"elementor elementor-27735\" data-elementor-post-type=\"page\">\n\t\t\t\t<div class=\"elementor-element elementor-element-5f8ad0cd e-con-full e-flex e-con e-parent\" data-id=\"5f8ad0cd\" data-element_type=\"container\">\n\t\t<div class=\"elementor-element elementor-element-2c495eb5 e-con-full e-flex e-con e-child\" data-id=\"2c495eb5\" data-element_type=\"container\">\n\t\t\t\t<div class=\"elementor-element elementor-element-5d9cce85 elementor-widget elementor-widget-image\" data-id=\"5d9cce85\" data-element_type=\"widget\" data-widget_type=\"image.default\">\n\t\t\t\t<div class=\"elementor-widget-container\">\n\t\t\t\t\t\t\t\t\t\t\t\t\t\t\t<img decoding=\"async\" width=\"100\" height=\"100\" src=\"https:\/\/westestetik.com\/wp-content\/uploads\/2024\/12\/1-4.png\" class=\"attachment-large size-large wp-image-28814\" alt=\"\" srcset=\"https:\/\/westestetik.com\/wp-content\/uploads\/2024\/12\/1-4.png 100w, https:\/\/westestetik.com\/wp-content\/uploads\/2024\/12\/1-4-12x12.png 12w\" sizes=\"(max-width: 100px) 100vw, 100px\" \/>\t\t\t\t\t\t\t\t\t\t\t\t\t\t\t<\/div>\n\t\t\t\t<\/div>\n\t\t\t\t<\/div>\n\t\t<div class=\"elementor-element elementor-element-7a6bd53c e-con-full e-flex e-con e-child\" data-id=\"7a6bd53c\" data-element_type=\"container\">\n\t\t\t\t<div class=\"elementor-element elementor-element-441d531f elementor-widget elementor-widget-image\" data-id=\"441d531f\" data-element_type=\"widget\" data-widget_type=\"image.default\">\n\t\t\t\t<div class=\"elementor-widget-container\">\n\t\t\t\t\t\t\t\t\t\t\t\t\t\t\t<img decoding=\"async\" width=\"100\" height=\"100\" src=\"https:\/\/westestetik.com\/wp-content\/uploads\/2024\/12\/2-5.png\" class=\"attachment-large size-large wp-image-28815\" alt=\"\" srcset=\"https:\/\/westestetik.com\/wp-content\/uploads\/2024\/12\/2-5.png 100w, https:\/\/westestetik.com\/wp-content\/uploads\/2024\/12\/2-5-12x12.png 12w\" sizes=\"(max-width: 100px) 100vw, 100px\" \/>\t\t\t\t\t\t\t\t\t\t\t\t\t\t\t<\/div>\n\t\t\t\t<\/div>\n\t\t\t\t<\/div>\n\t\t<div class=\"elementor-element elementor-element-10757d6a e-con-full e-flex e-con e-child\" data-id=\"10757d6a\" data-element_type=\"container\">\n\t\t\t\t<div class=\"elementor-element elementor-element-28f28ceb elementor-widget elementor-widget-image\" data-id=\"28f28ceb\" data-element_type=\"widget\" data-widget_type=\"image.default\">\n\t\t\t\t<div class=\"elementor-widget-container\">\n\t\t\t\t\t\t\t\t\t\t\t\t\t\t\t<img decoding=\"async\" width=\"100\" height=\"100\" src=\"https:\/\/westestetik.com\/wp-content\/uploads\/2024\/12\/3-1.png\" class=\"attachment-large size-large wp-image-28816\" alt=\"\" srcset=\"https:\/\/westestetik.com\/wp-content\/uploads\/2024\/12\/3-1.png 100w, https:\/\/westestetik.com\/wp-content\/uploads\/2024\/12\/3-1-12x12.png 12w\" sizes=\"(max-width: 100px) 100vw, 100px\" \/>\t\t\t\t\t\t\t\t\t\t\t\t\t\t\t<\/div>\n\t\t\t\t<\/div>\n\t\t\t\t<\/div>\n\t\t<div class=\"elementor-element elementor-element-394c42e9 e-con-full e-flex e-con e-child\" data-id=\"394c42e9\" data-element_type=\"container\">\n\t\t\t\t<div class=\"elementor-element elementor-element-3c18aa3e elementor-widget elementor-widget-image\" data-id=\"3c18aa3e\" data-element_type=\"widget\" data-widget_type=\"image.default\">\n\t\t\t\t<div class=\"elementor-widget-container\">\n\t\t\t\t\t\t\t\t\t\t\t\t\t\t\t<img loading=\"lazy\" decoding=\"async\" width=\"100\" height=\"100\" src=\"https:\/\/westestetik.com\/wp-content\/uploads\/2024\/12\/4-1.png\" class=\"attachment-large size-large wp-image-28817\" alt=\"\" srcset=\"https:\/\/westestetik.com\/wp-content\/uploads\/2024\/12\/4-1.png 100w, https:\/\/westestetik.com\/wp-content\/uploads\/2024\/12\/4-1-12x12.png 12w\" sizes=\"(max-width: 100px) 100vw, 100px\" \/>\t\t\t\t\t\t\t\t\t\t\t\t\t\t\t<\/div>\n\t\t\t\t<\/div>\n\t\t\t\t<\/div>\n\t\t<div class=\"elementor-element elementor-element-523dee80 e-con-full e-flex e-con e-child\" data-id=\"523dee80\" data-element_type=\"container\">\n\t\t\t\t<div class=\"elementor-element elementor-element-38a5204 elementor-widget elementor-widget-image\" data-id=\"38a5204\" data-element_type=\"widget\" data-widget_type=\"image.default\">\n\t\t\t\t<div class=\"elementor-widget-container\">\n\t\t\t\t\t\t\t\t\t\t\t\t\t\t\t<img loading=\"lazy\" decoding=\"async\" width=\"100\" height=\"100\" src=\"https:\/\/westestetik.com\/wp-content\/uploads\/2024\/12\/5-1.png\" class=\"attachment-large size-large wp-image-28818\" alt=\"\" srcset=\"https:\/\/westestetik.com\/wp-content\/uploads\/2024\/12\/5-1.png 100w, https:\/\/westestetik.com\/wp-content\/uploads\/2024\/12\/5-1-12x12.png 12w\" sizes=\"(max-width: 100px) 100vw, 100px\" \/>\t\t\t\t\t\t\t\t\t\t\t\t\t\t\t<\/div>\n\t\t\t\t<\/div>\n\t\t\t\t<\/div>\n\t\t\t\t<\/div>\n\t\t<div class=\"wd-negative-gap elementor-element elementor-element-94489bb e-flex e-con-boxed e-con e-parent\" data-id=\"94489bb\" data-element_type=\"container\">\n\t\t\t\t\t<div class=\"e-con-inner\">\n\t\t<div class=\"elementor-element elementor-element-1a8ce0df e-con-full e-flex e-con e-child\" data-id=\"1a8ce0df\" data-element_type=\"container\">\n\t\t\t\t<div class=\"elementor-element elementor-element-3ca9992c wd-width-100 elementor-widget elementor-widget-wd_title\" data-id=\"3ca9992c\" data-element_type=\"widget\" data-widget_type=\"wd_title.default\">\n\t\t\t\t<div class=\"elementor-widget-container\">\n\t\t\t\t\t\t\t<div class=\"title-wrapper set-mb-s reset-last-child wd-title-color-default wd-title-style-default wd-title-size-default text-center\">\n\n\t\t\t\t\t\t\t<div class=\"title-subtitle subtitle-color-default subtitle-style-default wd-fontsize-xs\">\n\t\t\t\t\tDuraci\u00f3n media de la estancia\t\t\t\t<\/div>\n\t\t\t\n\t\t\t<div class=\"liner-continer\">\n\t\t\t\t<p class=\"woodmart-title-container title wd-fontsize-l\">7 d\u00edas<\/p> \n\t\t\t\t\t\t\t<\/div>\n\n\t\t\t\t\t<\/div>\n\t\t\t\t\t\t<\/div>\n\t\t\t\t<\/div>\n\t\t\t\t<\/div>\n\t\t<div class=\"elementor-element elementor-element-4c9c42f8 e-con-full e-flex e-con e-child\" data-id=\"4c9c42f8\" data-element_type=\"container\">\n\t\t\t\t<div class=\"elementor-element elementor-element-753dd2c1 wd-width-100 elementor-widget elementor-widget-wd_title\" data-id=\"753dd2c1\" data-element_type=\"widget\" data-widget_type=\"wd_title.default\">\n\t\t\t\t<div class=\"elementor-widget-container\">\n\t\t\t\t\t\t\t<div class=\"title-wrapper set-mb-s reset-last-child wd-title-color-default wd-title-style-default wd-title-size-default text-center\">\n\n\t\t\t\t\t\t\t<div class=\"title-subtitle subtitle-color-default subtitle-style-default wd-fontsize-xs\">\n\t\t\t\t\tDuraci\u00f3n de la hospitalizaci\u00f3n\t\t\t\t<\/div>\n\t\t\t\n\t\t\t<div class=\"liner-continer\">\n\t\t\t\t<p class=\"woodmart-title-container title wd-fontsize-l\">1 d\u00eda<\/p> \n\t\t\t\t\t\t\t<\/div>\n\n\t\t\t\t\t<\/div>\n\t\t\t\t\t\t<\/div>\n\t\t\t\t<\/div>\n\t\t\t\t<\/div>\n\t\t<div class=\"elementor-element elementor-element-7ac44ba4 e-con-full e-flex e-con e-child\" data-id=\"7ac44ba4\" data-element_type=\"container\">\n\t\t\t\t<div class=\"elementor-element elementor-element-2685d34d wd-width-100 elementor-widget elementor-widget-wd_title\" data-id=\"2685d34d\" data-element_type=\"widget\" data-widget_type=\"wd_title.default\">\n\t\t\t\t<div class=\"elementor-widget-container\">\n\t\t\t\t\t\t\t<div class=\"title-wrapper set-mb-s reset-last-child wd-title-color-default wd-title-style-default wd-title-size-default text-center\">\n\n\t\t\t\t\t\t\t<div class=\"title-subtitle subtitle-color-default subtitle-style-default wd-fontsize-xs\">\n\t\t\t\t\tDuraci\u00f3n de la operaci\u00f3n\t\t\t\t<\/div>\n\t\t\t\n\t\t\t<div class=\"liner-continer\">\n\t\t\t\t<p class=\"woodmart-title-container title wd-fontsize-l\">2-4 horas<\/p> \n\t\t\t\t\t\t\t<\/div>\n\n\t\t\t\t\t<\/div>\n\t\t\t\t\t\t<\/div>\n\t\t\t\t<\/div>\n\t\t\t\t<\/div>\n\t\t<div class=\"elementor-element elementor-element-5d4cb4c9 e-con-full e-flex e-con e-child\" data-id=\"5d4cb4c9\" data-element_type=\"container\">\n\t\t\t\t<div class=\"elementor-element elementor-element-3dd49b03 wd-width-100 elementor-widget elementor-widget-wd_title\" data-id=\"3dd49b03\" data-element_type=\"widget\" data-widget_type=\"wd_title.default\">\n\t\t\t\t<div class=\"elementor-widget-container\">\n\t\t\t\t\t\t\t<div class=\"title-wrapper set-mb-s reset-last-child wd-title-color-default wd-title-style-default wd-title-size-default text-center\">\n\n\t\t\t\t\t\t\t<div class=\"title-subtitle subtitle-color-default subtitle-style-default wd-fontsize-xs\">\n\t\t\t\t\tTipo de anestesia\t\t\t\t<\/div>\n\t\t\t\n\t\t\t<div class=\"liner-continer\">\n\t\t\t\t<p class=\"woodmart-title-container title wd-fontsize-l\">Anestesia general<\/p> \n\t\t\t\t\t\t\t<\/div>\n\n\t\t\t\t\t<\/div>\n\t\t\t\t\t\t<\/div>\n\t\t\t\t<\/div>\n\t\t\t\t<\/div>\n\t\t<div class=\"elementor-element elementor-element-3fb78287 e-con-full e-flex e-con e-child\" data-id=\"3fb78287\" data-element_type=\"container\">\n\t\t\t\t<div class=\"elementor-element elementor-element-5080e9b3 wd-width-100 elementor-widget elementor-widget-wd_title\" data-id=\"5080e9b3\" data-element_type=\"widget\" data-widget_type=\"wd_title.default\">\n\t\t\t\t<div class=\"elementor-widget-container\">\n\t\t\t\t\t\t\t<div class=\"title-wrapper set-mb-s reset-last-child wd-title-color-default wd-title-style-default wd-title-size-default text-center\">\n\n\t\t\t\t\t\t\t<div class=\"title-subtitle subtitle-color-default subtitle-style-default wd-fontsize-xs\">\n\t\t\t\t\tTiempo de recuperaci\u00f3n\t\t\t\t<\/div>\n\t\t\t\n\t\t\t<div class=\"liner-continer\">\n\t\t\t\t<p class=\"woodmart-title-container title wd-fontsize-l\">1-2 semanas<\/p> \n\t\t\t\t\t\t\t<\/div>\n\n\t\t\t\t\t<\/div>\n\t\t\t\t\t\t<\/div>\n\t\t\t\t<\/div>\n\t\t\t\t<\/div>\n\t\t\t\t\t<\/div>\n\t\t\t\t<\/div>\n\t\t<div class=\"wd-negative-gap elementor-element elementor-element-3a14eed e-flex e-con-boxed e-con e-parent\" data-id=\"3a14eed\" data-element_type=\"container\">\n\t\t\t\t\t<div class=\"e-con-inner\">\n\t\t\t\t<div class=\"elementor-element elementor-element-bd6d002 color-scheme-inherit text-left elementor-widget elementor-widget-text-editor\" data-id=\"bd6d002\" data-element_type=\"widget\" data-widget_type=\"text-editor.default\">\n\t\t\t\t<div class=\"elementor-widget-container\">\n\t\t\t\t\t\t\t\t\t<p><span style=\"font-weight: 400;\">La cirug\u00eda est\u00e9tica de abdomen es un procedimiento quir\u00fargico est\u00e9tico para corregir el exceso de grasa, la piel fl\u00e1cida y los m\u00fasculos d\u00e9biles de la zona abdominal. Ofrece una soluci\u00f3n ideal especialmente para las personas que desean combatir afecciones como la flacidez y la laxitud causadas por el embarazo, la p\u00e9rdida r\u00e1pida de peso o el envejecimiento. La cirug\u00eda est\u00e9tica de abdomen no s\u00f3lo mejora el aspecto f\u00edsico, sino que tambi\u00e9n puede ayudar a aumentar la confianza en uno mismo. Sin embargo, puede no ser adecuada para todas las personas, por lo que es muy importante identificar al candidato adecuado.<\/span><\/p><h2><span style=\"font-weight: 400;\">\u00bfQu\u00e9 es la cirug\u00eda est\u00e9tica de abdomen?<\/span><\/h2><p><span style=\"font-weight: 400;\">La cirug\u00eda est\u00e9tica de abdomen, tambi\u00e9n conocida como abdominoplastia, pretende conseguir un aspecto m\u00e1s plano, terso y joven tensando el exceso de piel, grasa y m\u00fasculos de la zona abdominal. La cirug\u00eda se aplica a personas que se quejan de flacidez, laxitud y exceso de grasa en la zona abdominal. Durante este procedimiento, se realiza una fina incisi\u00f3n en la parte inferior del abdomen, se elimina el exceso de piel y grasa, se tensan los m\u00fasculos abdominales y se estira la piel. Como resultado, los pacientes consiguen un aspecto m\u00e1s joven y en forma.<\/span><\/p><h2><span style=\"font-weight: 400;\">\u00bfPara qui\u00e9n es adecuada la abdominoplastia?<\/span><\/h2><p><span style=\"font-weight: 400;\">La cirug\u00eda est\u00e9tica de abdomen puede ser adecuada para las personas que suelen padecer una o m\u00e1s de las siguientes afecciones:<\/span><\/p><p><span style=\"font-weight: 400;\">- Cambios tras el embarazo: Muchas mujeres pueden experimentar problemas como flacidez, descolgamiento y estr\u00edas en el abdomen despu\u00e9s del embarazo. La cirug\u00eda est\u00e9tica de abdomen es adecuada para las mujeres que desean corregir esta situaci\u00f3n y conseguir un aspecto abdominal m\u00e1s firme.<\/span><\/p><p><span style=\"font-weight: 400;\">- Despu\u00e9s de una p\u00e9rdida r\u00e1pida de peso: Las personas que experimentan una p\u00e9rdida r\u00e1pida de peso como resultado de afecciones como el tratamiento de la obesidad, la cirug\u00eda bari\u00e1trica o la diabetes pueden quejarse de exceso de piel y zonas abdominales fl\u00e1cidas. La cirug\u00eda est\u00e9tica de abdomen es ideal para corregir esta situaci\u00f3n.<\/span><\/p><p><span style=\"font-weight: 400;\">- Envejecimiento y factores gen\u00e9ticos: A medida que envejecemos, la elasticidad de la piel puede disminuir y se puede producir flacidez en la zona abdominal. Los factores gen\u00e9ticos tambi\u00e9n pueden provocar un deterioro de la forma corporal. La abdominoplastia tambi\u00e9n es adecuada para las personas que desean combatir estas situaciones.<\/span><\/p><h2><span style=\"font-weight: 400;\">\u00bfC\u00f3mo se realiza la cirug\u00eda est\u00e9tica de abdomen?<\/span><\/h2><p><span style=\"font-weight: 400;\">La abdominoplastia se realiza bajo anestesia general. El cirujano hace una fina incisi\u00f3n en la parte inferior del abdomen, elimina el exceso de grasa y estira el tejido cut\u00e1neo. Los detalles de la intervenci\u00f3n pueden variar seg\u00fan las necesidades de la persona. Si los m\u00fasculos abdominales est\u00e1n flojos, el cirujano los remodela para tensar la pared abdominal. Adem\u00e1s, en algunos pacientes puede recurrirse a la liposucci\u00f3n para eliminar el exceso de grasa y alisar a\u00fan m\u00e1s el aspecto del abdomen.<\/span><\/p><h2><span style=\"font-weight: 400;\">\u00bfCu\u00e1les son los beneficios de la cirug\u00eda est\u00e9tica de abdomen?<\/span><\/h2><p><span style=\"font-weight: 400;\">La cirug\u00eda est\u00e9tica de abdomen ofrece diversos beneficios est\u00e9ticos y para la salud. He aqu\u00ed los principales beneficios:<\/span><\/p><p><span style=\"font-weight: 400;\">- Un aspecto abdominal m\u00e1s firme y plano: El exceso de grasa, la piel fl\u00e1cida y los m\u00fasculos sueltos se corrigen, lo que da como resultado un abdomen m\u00e1s liso y firme.<\/span><\/p><p><span style=\"font-weight: 400;\">- Aumento de la autoconfianza: Las personas que experimentan cambios que no les gustan en su cuerpo pueden tener un aspecto m\u00e1s est\u00e9tico tras la cirug\u00eda est\u00e9tica de abdomen, lo que aumenta su autoestima.<\/span><\/p><p><span style=\"font-weight: 400;\">- Resultados permanentes: La cirug\u00eda est\u00e9tica de abdomen suele proporcionar resultados permanentes. Sin embargo, debe mantenerse un estilo de vida saludable.<\/span><\/p><h2><span style=\"font-weight: 400;\">Proceso de recuperaci\u00f3n tras la cirug\u00eda est\u00e9tica de abdomen<\/span><\/h2><p><span style=\"font-weight: 400;\">El proceso de recuperaci\u00f3n tras una cirug\u00eda est\u00e9tica de abdomen puede variar en funci\u00f3n del estado general de salud del paciente y de la magnitud de la operaci\u00f3n. Sin embargo, en general, los pacientes pueden reincorporarse a su vida normal en 1-2 semanas. Durante el proceso de cicatrizaci\u00f3n, pueden observarse hinchaz\u00f3n, hematomas y molestias durante unas semanas, pero \u00e9stas disminuyen con el tiempo. La hinchaz\u00f3n puede tardar varios meses en desaparecer por completo. Lo m\u00e1s importante a lo que deben prestar atenci\u00f3n los pacientes durante este periodo es seguir al pie de la letra las recomendaciones del cirujano. Las actividades f\u00edsicas deben limitarse durante 4-6 semanas y deben evitarse los ejercicios pesados.<\/span><\/p><h2><span style=\"font-weight: 400;\">\u00bfCu\u00e1nto cuesta la cirug\u00eda est\u00e9tica de abdomen?<\/span><\/h2><p><span style=\"font-weight: 400;\">Los precios de la cirug\u00eda est\u00e9tica de abdomen pueden variar en funci\u00f3n de muchos factores. Factores como la cl\u00ednica en la que se realizar\u00e1 la intervenci\u00f3n, la experiencia del cirujano, las necesidades del paciente y la ubicaci\u00f3n geogr\u00e1fica pueden influir en el precio. Los precios de la cirug\u00eda est\u00e9tica de abdomen a menudo pueden ser elevados, pero los resultados permanentes y satisfactorios que se obtienen tras este procedimiento compensan el precio.<\/span><\/p><h2><span style=\"font-weight: 400;\">\u00bfC\u00f3mo debo prepararme antes de la cirug\u00eda est\u00e9tica de abdomen?<\/span><\/h2><p><span style=\"font-weight: 400;\">Antes de la cirug\u00eda est\u00e9tica de abdomen, su cirujano le dar\u00e1 instrucciones espec\u00edficas. Si es fumador, se le aconseja que deje de fumar, ya que el tabaco puede afectar negativamente al proceso de cicatrizaci\u00f3n. Adem\u00e1s, puede ser necesario evitar los anticoagulantes antes de la intervenci\u00f3n. Una dieta sana y ejercicio regular pueden acelerar el proceso de cicatrizaci\u00f3n.<\/span><\/p><h2><span style=\"font-weight: 400;\">Aspectos a tener en cuenta tras una cirug\u00eda est\u00e9tica de abdomen<\/span><\/h2><p><span style=\"font-weight: 400;\">Tras la cirug\u00eda est\u00e9tica de abdomen, hay varios puntos importantes que deben tenerse en cuenta durante el proceso de cicatrizaci\u00f3n:<\/span><\/p><p><span style=\"font-weight: 400;\">- No duerma con la cabeza levantada: Se recomienda dormir con la cabeza levantada para reducir la hinchaz\u00f3n.<\/span><\/p><p><span style=\"font-weight: 400;\">- Mu\u00e9vase despacio: Evite movimientos y ejercicios pesados en las primeras semanas del proceso de curaci\u00f3n.<\/span><\/p><p><span style=\"font-weight: 400;\">- Siga las instrucciones del m\u00e9dico: Durante el proceso de curaci\u00f3n, siga cuidadosamente los medicamentos y las instrucciones de cuidado dadas por su cirujano.<\/span><\/p><p><span style=\"font-weight: 400;\">- Ocultar las cicatrices: Aunque las cicatrices postoperatorias se hacen menos prominentes con el tiempo, procure no exponerse al sol.<\/span><\/p><h2><span style=\"font-weight: 400;\">Diferencias entre abdominoplastia y liposucci\u00f3n<\/span><\/h2><p><span style=\"font-weight: 400;\">Aunque la cirug\u00eda est\u00e9tica de abdomen y la liposucci\u00f3n se confunden a menudo, se trata de procedimientos diferentes. Mientras que la cirug\u00eda est\u00e9tica de abdomen pretende tensar la piel y los m\u00fasculos, la liposucci\u00f3n s\u00f3lo elimina la grasa. La liposucci\u00f3n es adecuada para pacientes que desean deshacerse del exceso de grasa, pero no resuelve afecciones como la flacidez y la laxitud. Por lo tanto, a veces el mejor resultado se consigue combinando ambos procedimientos.<\/span><\/p><h2><span style=\"font-weight: 400;\">\u00bfEs permanente la cirug\u00eda est\u00e9tica de abdomen?<\/span><\/h2><p><span style=\"font-weight: 400;\">La cirug\u00eda est\u00e9tica de abdomen proporciona resultados duraderos, pero \u00e9stos dependen de los h\u00e1bitos de vida y del mantenimiento de un peso saludable. Factores como el aumento de peso, el embarazo o el envejecimiento pueden volver a provocar cambios en la zona abdominal. Por lo tanto, una alimentaci\u00f3n sana y unos h\u00e1bitos de ejercicio regulares despu\u00e9s de la cirug\u00eda est\u00e9tica de abdomen ayudar\u00e1n a mantener los resultados durante mucho tiempo.<\/span><\/p><h2><span style=\"font-weight: 400;\">\u00bfQuedan cicatrices tras la cirug\u00eda est\u00e9tica de abdomen?<\/span><\/h2><p><span style=\"font-weight: 400;\">Las cicatrices que se forman tras la cirug\u00eda est\u00e9tica de abdomen suelen situarse en la parte inferior del abdomen, ocultas en la zona del bikini. Estas cicatrices desaparecen con el tiempo y no suelen ser muy visibles. Sin embargo, es importante proteger las cicatrices de la luz solar durante el proceso de cicatrizaci\u00f3n. Su cirujano utilizar\u00e1 las t\u00e9cnicas m\u00e1s adecuadas para minimizar las cicatrices.<\/span><\/p><h2><span style=\"font-weight: 400;\">Embarazo tras la cirug\u00eda est\u00e9tica de abdomen<\/span><\/h2><p><span style=\"font-weight: 400;\">Es posible quedarse embarazada despu\u00e9s de una cirug\u00eda est\u00e9tica de abdomen, pero los cambios en la zona abdominal durante el embarazo pueden afectar negativamente a los efectos de la cirug\u00eda est\u00e9tica de abdomen. Si planea un embarazo en el futuro, puede programar esta situaci\u00f3n en consulta con su cirujano. En algunas pacientes, el embarazo despu\u00e9s de una cirug\u00eda est\u00e9tica de abdomen puede provocar un nuevo aflojamiento y descolgamiento del abdomen.<\/span><\/p><h2><span style=\"font-weight: 400;\">\u00bfSe puede realizar una cirug\u00eda est\u00e9tica de abdomen para las estr\u00edas?<\/span><\/h2><p><span style=\"font-weight: 400;\">La cirug\u00eda est\u00e9tica de abdomen no trata directamente las estr\u00edas, pero en algunos casos puede ayudar a que \u00e9stas sean menos prominentes. Dado que durante la intervenci\u00f3n se elimina el exceso de piel, tambi\u00e9n pueden desaparecer las estr\u00edas, especialmente en la parte inferior del abdomen. Sin embargo, no es posible eliminar completamente las estr\u00edas. El estado de las estr\u00edas suele depender de la estructura de la piel de la persona y de la localizaci\u00f3n de las estr\u00edas. Las estr\u00edas suelen producirse como resultado de la ruptura del tejido conjuntivo bajo la piel y pueden beneficiarse de la cirug\u00eda est\u00e9tica, pero no debe esperarse una recuperaci\u00f3n completa.<\/span><\/p><h2><span style=\"font-weight: 400;\">\u00bfLa cirug\u00eda est\u00e9tica de abdomen se realiza en verano?<\/span><\/h2><p><span style=\"font-weight: 400;\">La cirug\u00eda est\u00e9tica de abdomen puede realizarse en los meses de verano, pero la exposici\u00f3n al sol durante la \u00e9poca estival puede afectar negativamente al proceso de cicatrizaci\u00f3n. La luz solar puede hacer que las cicatrices se oscurezcan y se vuelvan m\u00e1s prominentes. Por lo tanto, si tiene previsto someterse a una intervenci\u00f3n quir\u00fargica en verano, es importante que siga los m\u00e9todos de protecci\u00f3n solar recomendados por su m\u00e9dico para proteger las cicatrices durante el proceso de cicatrizaci\u00f3n postoperatoria. Adem\u00e1s, sudar cuando hace calor tambi\u00e9n puede complicar el proceso de cicatrizaci\u00f3n, por lo que descansar en ambientes frescos y beber mucha agua puede acelerar la cicatrizaci\u00f3n.<\/span><\/p>\t\t\t\t\t\t\t\t<\/div>\n\t\t\t\t<\/div>\n\t\t\t\t\t<\/div>\n\t\t\t\t<\/div>\n\t\t\t\t<\/div>","protected":false},"excerpt":{"rendered":"<p>Ortalama Kal\u0131\u015f S\u00fcresi 7 G\u00fcn Hastanede Yat\u0131\u015f S\u00fcresi 1 G\u00fcn Operasyon S\u00fcresi 2-4 Saat Anestezi T\u00fcr\u00fc Genel Anestezi \u0130yile\u015fme S\u00fcresi<\/p>","protected":false},"author":1,"featured_media":0,"parent":0,"menu_order":0,"comment_status":"closed","ping_status":"closed","template":"","meta":{"footnotes":""},"class_list":["post-27735","page","type-page","status-publish","hentry"],"_links":{"self":[{"href":"https:\/\/westestetik.com\/es\/wp-json\/wp\/v2\/pages\/27735","targetHints":{"allow":["GET"]}}],"collection":[{"href":"https:\/\/westestetik.com\/es\/wp-json\/wp\/v2\/pages"}],"about":[{"href":"https:\/\/westestetik.com\/es\/wp-json\/wp\/v2\/types\/page"}],"author":[{"embeddable":true,"href":"https:\/\/westestetik.com\/es\/wp-json\/wp\/v2\/users\/1"}],"replies":[{"embeddable":true,"href":"https:\/\/westestetik.com\/es\/wp-json\/wp\/v2\/comments?post=27735"}],"version-history":[{"count":7,"href":"https:\/\/westestetik.com\/es\/wp-json\/wp\/v2\/pages\/27735\/revisions"}],"predecessor-version":[{"id":28930,"href":"https:\/\/westestetik.com\/es\/wp-json\/wp\/v2\/pages\/27735\/revisions\/28930"}],"wp:attachment":[{"href":"https:\/\/westestetik.com\/es\/wp-json\/wp\/v2\/media?parent=27735"}],"curies":[{"name":"wp","href":"https:\/\/api.w.org\/{rel}","templated":true}]}}