{"id":27733,"date":"2024-12-02T22:36:24","date_gmt":"2024-12-02T22:36:24","guid":{"rendered":"https:\/\/westestetik.com\/?page_id=27733"},"modified":"2024-12-25T13:52:45","modified_gmt":"2024-12-25T13:52:45","slug":"liposaxin","status":"publish","type":"page","link":"https:\/\/westestetik.com\/es\/liposaxin\/","title":{"rendered":"Liposucci\u00f3n"},"content":{"rendered":"<div data-elementor-type=\"wp-page\" data-elementor-id=\"27733\" class=\"elementor elementor-27733\" data-elementor-post-type=\"page\">\n\t\t\t\t<div class=\"elementor-element elementor-element-3244b786 e-con-full e-flex e-con e-parent\" data-id=\"3244b786\" data-element_type=\"container\">\n\t\t<div class=\"elementor-element elementor-element-138a9998 e-con-full e-flex e-con e-child\" data-id=\"138a9998\" data-element_type=\"container\">\n\t\t\t\t<div class=\"elementor-element elementor-element-3e13e957 elementor-widget elementor-widget-image\" data-id=\"3e13e957\" data-element_type=\"widget\" data-widget_type=\"image.default\">\n\t\t\t\t<div class=\"elementor-widget-container\">\n\t\t\t\t\t\t\t\t\t\t\t\t\t\t\t<img decoding=\"async\" width=\"100\" height=\"100\" src=\"https:\/\/westestetik.com\/wp-content\/uploads\/2024\/12\/1-4.png\" class=\"attachment-large size-large wp-image-28814\" alt=\"\" srcset=\"https:\/\/westestetik.com\/wp-content\/uploads\/2024\/12\/1-4.png 100w, https:\/\/westestetik.com\/wp-content\/uploads\/2024\/12\/1-4-12x12.png 12w\" sizes=\"(max-width: 100px) 100vw, 100px\" \/>\t\t\t\t\t\t\t\t\t\t\t\t\t\t\t<\/div>\n\t\t\t\t<\/div>\n\t\t\t\t<\/div>\n\t\t<div class=\"elementor-element elementor-element-50569076 e-con-full e-flex e-con e-child\" data-id=\"50569076\" data-element_type=\"container\">\n\t\t\t\t<div class=\"elementor-element elementor-element-aafafd8 elementor-widget elementor-widget-image\" data-id=\"aafafd8\" data-element_type=\"widget\" data-widget_type=\"image.default\">\n\t\t\t\t<div class=\"elementor-widget-container\">\n\t\t\t\t\t\t\t\t\t\t\t\t\t\t\t<img decoding=\"async\" width=\"100\" height=\"100\" src=\"https:\/\/westestetik.com\/wp-content\/uploads\/2024\/12\/2-5.png\" class=\"attachment-large size-large wp-image-28815\" alt=\"\" srcset=\"https:\/\/westestetik.com\/wp-content\/uploads\/2024\/12\/2-5.png 100w, https:\/\/westestetik.com\/wp-content\/uploads\/2024\/12\/2-5-12x12.png 12w\" sizes=\"(max-width: 100px) 100vw, 100px\" \/>\t\t\t\t\t\t\t\t\t\t\t\t\t\t\t<\/div>\n\t\t\t\t<\/div>\n\t\t\t\t<\/div>\n\t\t<div class=\"elementor-element elementor-element-4d5cb248 e-con-full e-flex e-con e-child\" data-id=\"4d5cb248\" data-element_type=\"container\">\n\t\t\t\t<div class=\"elementor-element elementor-element-77619d4c elementor-widget elementor-widget-image\" data-id=\"77619d4c\" data-element_type=\"widget\" data-widget_type=\"image.default\">\n\t\t\t\t<div class=\"elementor-widget-container\">\n\t\t\t\t\t\t\t\t\t\t\t\t\t\t\t<img decoding=\"async\" width=\"100\" height=\"100\" src=\"https:\/\/westestetik.com\/wp-content\/uploads\/2024\/12\/3-1.png\" class=\"attachment-large size-large wp-image-28816\" alt=\"\" srcset=\"https:\/\/westestetik.com\/wp-content\/uploads\/2024\/12\/3-1.png 100w, https:\/\/westestetik.com\/wp-content\/uploads\/2024\/12\/3-1-12x12.png 12w\" sizes=\"(max-width: 100px) 100vw, 100px\" \/>\t\t\t\t\t\t\t\t\t\t\t\t\t\t\t<\/div>\n\t\t\t\t<\/div>\n\t\t\t\t<\/div>\n\t\t<div class=\"elementor-element elementor-element-66a4ff65 e-con-full e-flex e-con e-child\" data-id=\"66a4ff65\" data-element_type=\"container\">\n\t\t\t\t<div class=\"elementor-element elementor-element-28c30c3e elementor-widget elementor-widget-image\" data-id=\"28c30c3e\" data-element_type=\"widget\" data-widget_type=\"image.default\">\n\t\t\t\t<div class=\"elementor-widget-container\">\n\t\t\t\t\t\t\t\t\t\t\t\t\t\t\t<img loading=\"lazy\" decoding=\"async\" width=\"100\" height=\"100\" src=\"https:\/\/westestetik.com\/wp-content\/uploads\/2024\/12\/4-1.png\" class=\"attachment-large size-large wp-image-28817\" alt=\"\" srcset=\"https:\/\/westestetik.com\/wp-content\/uploads\/2024\/12\/4-1.png 100w, https:\/\/westestetik.com\/wp-content\/uploads\/2024\/12\/4-1-12x12.png 12w\" sizes=\"(max-width: 100px) 100vw, 100px\" \/>\t\t\t\t\t\t\t\t\t\t\t\t\t\t\t<\/div>\n\t\t\t\t<\/div>\n\t\t\t\t<\/div>\n\t\t<div class=\"elementor-element elementor-element-a93f6c8 e-con-full e-flex e-con e-child\" data-id=\"a93f6c8\" data-element_type=\"container\">\n\t\t\t\t<div class=\"elementor-element elementor-element-7e478ee1 elementor-widget elementor-widget-image\" data-id=\"7e478ee1\" data-element_type=\"widget\" data-widget_type=\"image.default\">\n\t\t\t\t<div class=\"elementor-widget-container\">\n\t\t\t\t\t\t\t\t\t\t\t\t\t\t\t<img loading=\"lazy\" decoding=\"async\" width=\"100\" height=\"100\" src=\"https:\/\/westestetik.com\/wp-content\/uploads\/2024\/12\/5-1.png\" class=\"attachment-large size-large wp-image-28818\" alt=\"\" srcset=\"https:\/\/westestetik.com\/wp-content\/uploads\/2024\/12\/5-1.png 100w, https:\/\/westestetik.com\/wp-content\/uploads\/2024\/12\/5-1-12x12.png 12w\" sizes=\"(max-width: 100px) 100vw, 100px\" \/>\t\t\t\t\t\t\t\t\t\t\t\t\t\t\t<\/div>\n\t\t\t\t<\/div>\n\t\t\t\t<\/div>\n\t\t\t\t<\/div>\n\t\t<div class=\"wd-negative-gap elementor-element elementor-element-78e40d6 e-flex e-con-boxed e-con e-parent\" data-id=\"78e40d6\" data-element_type=\"container\">\n\t\t\t\t\t<div class=\"e-con-inner\">\n\t\t<div class=\"elementor-element elementor-element-6fe78a4c e-con-full e-flex e-con e-child\" data-id=\"6fe78a4c\" data-element_type=\"container\">\n\t\t\t\t<div class=\"elementor-element elementor-element-6f0c87ca wd-width-100 elementor-widget elementor-widget-wd_title\" data-id=\"6f0c87ca\" data-element_type=\"widget\" data-widget_type=\"wd_title.default\">\n\t\t\t\t<div class=\"elementor-widget-container\">\n\t\t\t\t\t\t\t<div class=\"title-wrapper set-mb-s reset-last-child wd-title-color-default wd-title-style-default wd-title-size-default text-center\">\n\n\t\t\t\t\t\t\t<div class=\"title-subtitle subtitle-color-default subtitle-style-default wd-fontsize-xs\">\n\t\t\t\t\tDuraci\u00f3n media de la estancia\t\t\t\t<\/div>\n\t\t\t\n\t\t\t<div class=\"liner-continer\">\n\t\t\t\t<p class=\"woodmart-title-container title wd-fontsize-l\">7 d\u00edas<\/p> \n\t\t\t\t\t\t\t<\/div>\n\n\t\t\t\t\t<\/div>\n\t\t\t\t\t\t<\/div>\n\t\t\t\t<\/div>\n\t\t\t\t<\/div>\n\t\t<div class=\"elementor-element elementor-element-2d42033a e-con-full e-flex e-con e-child\" data-id=\"2d42033a\" data-element_type=\"container\">\n\t\t\t\t<div class=\"elementor-element elementor-element-50b8f8f1 wd-width-100 elementor-widget elementor-widget-wd_title\" data-id=\"50b8f8f1\" data-element_type=\"widget\" data-widget_type=\"wd_title.default\">\n\t\t\t\t<div class=\"elementor-widget-container\">\n\t\t\t\t\t\t\t<div class=\"title-wrapper set-mb-s reset-last-child wd-title-color-default wd-title-style-default wd-title-size-default text-center\">\n\n\t\t\t\t\t\t\t<div class=\"title-subtitle subtitle-color-default subtitle-style-default wd-fontsize-xs\">\n\t\t\t\t\tDuraci\u00f3n de la hospitalizaci\u00f3n\t\t\t\t<\/div>\n\t\t\t\n\t\t\t<div class=\"liner-continer\">\n\t\t\t\t<p class=\"woodmart-title-container title wd-fontsize-l\">1 d\u00eda<\/p> \n\t\t\t\t\t\t\t<\/div>\n\n\t\t\t\t\t<\/div>\n\t\t\t\t\t\t<\/div>\n\t\t\t\t<\/div>\n\t\t\t\t<\/div>\n\t\t<div class=\"elementor-element elementor-element-e5b7a36 e-con-full e-flex e-con e-child\" data-id=\"e5b7a36\" data-element_type=\"container\">\n\t\t\t\t<div class=\"elementor-element elementor-element-5a8d8feb wd-width-100 elementor-widget elementor-widget-wd_title\" data-id=\"5a8d8feb\" data-element_type=\"widget\" data-widget_type=\"wd_title.default\">\n\t\t\t\t<div class=\"elementor-widget-container\">\n\t\t\t\t\t\t\t<div class=\"title-wrapper set-mb-s reset-last-child wd-title-color-default wd-title-style-default wd-title-size-default text-center\">\n\n\t\t\t\t\t\t\t<div class=\"title-subtitle subtitle-color-default subtitle-style-default wd-fontsize-xs\">\n\t\t\t\t\tDuraci\u00f3n de la operaci\u00f3n\t\t\t\t<\/div>\n\t\t\t\n\t\t\t<div class=\"liner-continer\">\n\t\t\t\t<p class=\"woodmart-title-container title wd-fontsize-l\">2-4 horas<\/p> \n\t\t\t\t\t\t\t<\/div>\n\n\t\t\t\t\t<\/div>\n\t\t\t\t\t\t<\/div>\n\t\t\t\t<\/div>\n\t\t\t\t<\/div>\n\t\t<div class=\"elementor-element elementor-element-2cc81bc5 e-con-full e-flex e-con e-child\" data-id=\"2cc81bc5\" data-element_type=\"container\">\n\t\t\t\t<div class=\"elementor-element elementor-element-4a6b7590 wd-width-100 elementor-widget elementor-widget-wd_title\" data-id=\"4a6b7590\" data-element_type=\"widget\" data-widget_type=\"wd_title.default\">\n\t\t\t\t<div class=\"elementor-widget-container\">\n\t\t\t\t\t\t\t<div class=\"title-wrapper set-mb-s reset-last-child wd-title-color-default wd-title-style-default wd-title-size-default text-center\">\n\n\t\t\t\t\t\t\t<div class=\"title-subtitle subtitle-color-default subtitle-style-default wd-fontsize-xs\">\n\t\t\t\t\tTipo de anestesia\t\t\t\t<\/div>\n\t\t\t\n\t\t\t<div class=\"liner-continer\">\n\t\t\t\t<p class=\"woodmart-title-container title wd-fontsize-l\">Anestesia general<\/p> \n\t\t\t\t\t\t\t<\/div>\n\n\t\t\t\t\t<\/div>\n\t\t\t\t\t\t<\/div>\n\t\t\t\t<\/div>\n\t\t\t\t<\/div>\n\t\t<div class=\"elementor-element elementor-element-35556b38 e-con-full e-flex e-con e-child\" data-id=\"35556b38\" data-element_type=\"container\">\n\t\t\t\t<div class=\"elementor-element elementor-element-31a9a8c8 wd-width-100 elementor-widget elementor-widget-wd_title\" data-id=\"31a9a8c8\" data-element_type=\"widget\" data-widget_type=\"wd_title.default\">\n\t\t\t\t<div class=\"elementor-widget-container\">\n\t\t\t\t\t\t\t<div class=\"title-wrapper set-mb-s reset-last-child wd-title-color-default wd-title-style-default wd-title-size-default text-center\">\n\n\t\t\t\t\t\t\t<div class=\"title-subtitle subtitle-color-default subtitle-style-default wd-fontsize-xs\">\n\t\t\t\t\tTiempo de recuperaci\u00f3n\t\t\t\t<\/div>\n\t\t\t\n\t\t\t<div class=\"liner-continer\">\n\t\t\t\t<p class=\"woodmart-title-container title wd-fontsize-l\">1-2 semanas<\/p> \n\t\t\t\t\t\t\t<\/div>\n\n\t\t\t\t\t<\/div>\n\t\t\t\t\t\t<\/div>\n\t\t\t\t<\/div>\n\t\t\t\t<\/div>\n\t\t\t\t\t<\/div>\n\t\t\t\t<\/div>\n\t\t<div class=\"wd-negative-gap elementor-element elementor-element-941de25 e-flex e-con-boxed e-con e-parent\" data-id=\"941de25\" data-element_type=\"container\">\n\t\t\t\t\t<div class=\"e-con-inner\">\n\t\t\t\t<div class=\"elementor-element elementor-element-5520e90 color-scheme-inherit text-left elementor-widget elementor-widget-text-editor\" data-id=\"5520e90\" data-element_type=\"widget\" data-widget_type=\"text-editor.default\">\n\t\t\t\t<div class=\"elementor-widget-container\">\n\t\t\t\t\t\t\t\t\t<p><span style=\"font-weight: 400;\">La liposucci\u00f3n es un procedimiento quir\u00fargico muy popular para deshacerse de la grasa no deseada acumulada en el cuerpo y conseguir un contorno corporal m\u00e1s est\u00e9tico.\u00a0<\/span><\/p><h2><span style=\"font-weight: 400;\">\u00bfQu\u00e9 es la liposucci\u00f3n y c\u00f3mo se aplica?<\/span><\/h2><p><span style=\"font-weight: 400;\">La liposucci\u00f3n es el proceso de eliminar el exceso de tejido graso del cuerpo mediante su aspiraci\u00f3n a trav\u00e9s de c\u00e1nulas especiales. Suele realizarse con anestesia local, pero en algunos casos tambi\u00e9n puede utilizarse anestesia general. Durante el procedimiento, se realizan peque\u00f1as incisiones y se insertan c\u00e1nulas para extraer la grasa. Las c\u00e1nulas atraen las c\u00e9lulas grasas con el efecto del vac\u00edo y eliminan la grasa no deseada del cuerpo. La liposucci\u00f3n s\u00f3lo act\u00faa sobre los dep\u00f3sitos de grasa en zonas espec\u00edficas, de modo que el contorno corporal se suaviza.<\/span><\/p><h2><span style=\"font-weight: 400;\">\u00bfPara qui\u00e9n es adecuada la liposucci\u00f3n?<\/span><\/h2><p><span style=\"font-weight: 400;\">La liposucci\u00f3n es un procedimiento quir\u00fargico adecuado para personas sanas. Sin embargo, este procedimiento no es adecuado para personas con problemas de sobrepeso. La liposucci\u00f3n es ideal para personas cuyo \u00edndice de masa corporal (IMC) es normal o ligeramente inferior. Adem\u00e1s, la liposucci\u00f3n es una soluci\u00f3n m\u00e1s adecuada para las personas que desean deshacerse de los dep\u00f3sitos de grasa regionales y no pueden eliminar estas grasas con ejercicio y dieta. Las siguientes condiciones pueden ser candidatos adecuados para la liposucci\u00f3n:<\/span><\/p><ul><li><span style=\"font-weight: 400;\">Quienes tienen dep\u00f3sitos de grasa en determinadas zonas del cuerpo,<\/span><\/li><li><span style=\"font-weight: 400;\">Personas con poca grasa corporal total pero con exceso de dep\u00f3sitos de grasa en determinadas zonas,<\/span><\/li><li><span style=\"font-weight: 400;\">Personas con buena elasticidad cut\u00e1nea y buena salud general.<\/span><\/li><\/ul><h2><span style=\"font-weight: 400;\">\u00bfEn qu\u00e9 zonas se puede realizar una liposucci\u00f3n?<\/span><\/h2><p><span style=\"font-weight: 400;\">La liposucci\u00f3n puede aplicarse a casi todas las partes del cuerpo. Las zonas de aplicaci\u00f3n m\u00e1s comunes son el abdomen, las nalgas, las piernas, la cintura, los brazos y debajo de la barbilla. La liposucci\u00f3n tambi\u00e9n puede aplicarse a zonas m\u00e1s delgadas, como los dep\u00f3sitos de grasa de la espalda, la zona del cuello, la cara interna de las rodillas e incluso los brazos. Con la liposucci\u00f3n, se elimina el exceso de grasa de estas zonas, haciendo que el contorno corporal sea m\u00e1s prominente y proporcionando un aspecto est\u00e9ticamente m\u00e1s agradable.<\/span><\/p><h2><span style=\"font-weight: 400;\">\u00bfCu\u00e1l es el proceso de recuperaci\u00f3n tras una liposucci\u00f3n?<\/span><\/h2><p><span style=\"font-weight: 400;\">El proceso de cicatrizaci\u00f3n tras una liposucci\u00f3n puede variar de una persona a otra. Por lo general, se puede sentir una leve hinchaz\u00f3n, hematomas y dolor durante unos d\u00edas despu\u00e9s de la intervenci\u00f3n. En los primeros d\u00edas, los pacientes pueden reanudar sus actividades normales, pero es necesario guardar reposo durante unas semanas para acelerar el proceso de cicatrizaci\u00f3n. La hinchaz\u00f3n y los hematomas disminuir\u00e1n y desaparecer\u00e1n al cabo de unas semanas. La recuperaci\u00f3n completa puede tardar entre 1 y 3 meses. La visibilidad de las cicatrices tras la liposucci\u00f3n puede variar en funci\u00f3n del tipo de piel y del proceso de cicatrizaci\u00f3n. Adem\u00e1s, el uso de un cors\u00e9 o vendaje recomendado por el m\u00e9dico tras la intervenci\u00f3n puede ayudar a acelerar el proceso de cicatrizaci\u00f3n.<\/span><\/p><h2><span style=\"font-weight: 400;\">\u00bfQu\u00e9 dep\u00f3sitos de grasa se pueden eliminar con la liposucci\u00f3n?<\/span><\/h2><p><span style=\"font-weight: 400;\">La liposucci\u00f3n es un m\u00e9todo eficaz para deshacerse del exceso de grasa acumulada en determinadas partes del cuerpo. Entre las zonas m\u00e1s com\u00fanmente aplicadas se encuentran el abdomen, la cintura, las caderas, las piernas, debajo de la barbilla, la espalda y los brazos. La grasa acumulada en estas partes del cuerpo a veces no puede eliminarse con ejercicio y dieta. La liposucci\u00f3n es eficaz para eliminar esos dep\u00f3sitos de grasa regionales y, al mismo tiempo, ayuda a que la piel adquiera un aspecto m\u00e1s terso.<\/span><\/p><h2><span style=\"font-weight: 400;\">\u00bfCu\u00e1nto tiempo se puede estar sin ir a trabajar despu\u00e9s de una liposucci\u00f3n?<\/span><\/h2><p><span style=\"font-weight: 400;\">El proceso de recuperaci\u00f3n tras una liposucci\u00f3n puede variar en funci\u00f3n de factores individuales. La mayor\u00eda de los pacientes pueden volver a sus actividades normales en un plazo de 3 a 5 d\u00edas despu\u00e9s de la intervenci\u00f3n, pero se recomienda esperar entre 2 y 4 semanas para realizar actividades f\u00edsicas como trabajos que requieran un esfuerzo excesivo o deportes. La hinchaz\u00f3n y los hematomas posteriores al procedimiento pueden tardar en desaparecer, por lo que es necesario guardar reposo durante el proceso de cicatrizaci\u00f3n.<\/span><\/p><h2><span style=\"font-weight: 400;\">\u00bfSe consiguen resultados permanentes tras una liposucci\u00f3n?<\/span><\/h2><p><span style=\"font-weight: 400;\">Los resultados obtenidos tras una liposucci\u00f3n suelen ser permanentes. Sin embargo, es muy importante adoptar un estilo de vida saludable para mantener la permanencia del resultado obtenido. Hacer ejercicio regularmente, seguir una dieta equilibrada y evitar un aumento excesivo de peso son las claves para mantener el resultado tras la liposucci\u00f3n. La liposucci\u00f3n se realiza para eliminar los dep\u00f3sitos de grasa regionales y modelar el contorno corporal, pero el cuerpo puede volver a almacenar grasa con el tiempo.<\/span><\/p><h2><span style=\"font-weight: 400;\">\u00bfQu\u00e9 diferencias hay entre la liposucci\u00f3n y el adelgazamiento?<\/span><\/h2><p><span style=\"font-weight: 400;\">La liposucci\u00f3n no es un m\u00e9todo utilizado para adelgazar. Mientras que el adelgazamiento pretende perder grasa en todo el cuerpo, la liposucci\u00f3n pretende dar forma al contorno corporal eliminando el exceso de grasa s\u00f3lo en determinadas zonas. La liposucci\u00f3n da forma en lugar de perder grasa. Por lo tanto, la liposucci\u00f3n puede ser una soluci\u00f3n ideal para las personas que desean deshacerse de las grasas regionales que no pueden conseguirse con ejercicio y dieta.<\/span><\/p><h2><span style=\"font-weight: 400;\">\u00bfDuele la liposucci\u00f3n?<\/span><\/h2><p><span style=\"font-weight: 400;\">La liposucci\u00f3n no es dolorosa porque se realiza con anestesia local. Cuando desaparece el efecto de la anestesia, algunos pacientes pueden sentir un ligero dolor, molestias o sensibilidad en el lugar de la intervenci\u00f3n. Sin embargo, este dolor suele ser leve y puede controlarse con analg\u00e9sicos. La mayor\u00eda de los pacientes sienten alivio a los pocos d\u00edas de la intervenci\u00f3n. Los niveles de dolor y malestar pueden variar en funci\u00f3n de la tolerancia personal y de la zona tratada.<\/span><\/p><h2><span style=\"font-weight: 400;\">\u00bfSe realiza liposucci\u00f3n para la flacidez?<\/span><\/h2><p><span style=\"font-weight: 400;\">La liposucci\u00f3n no se realiza para corregir la flacidez de la piel. Este procedimiento se dirige \u00fanicamente al tejido graso. Sin embargo, las personas con poca elasticidad cut\u00e1nea pueden experimentar flacidez de la piel tras la liposucci\u00f3n. Si usted tiene un problema de flacidez de la piel, adem\u00e1s de la liposucci\u00f3n, se pueden considerar opciones de tratamiento de estiramiento de la piel u otras aplicaciones quir\u00fargicas est\u00e9ticas (por ejemplo, abdominoplastia).<\/span><\/p><h2><span style=\"font-weight: 400;\">\u00bfCu\u00e1nta grasa se elimina en una liposucci\u00f3n?<\/span><\/h2><p><span style=\"font-weight: 400;\">La cantidad de grasa que puede extraerse en una liposucci\u00f3n suele limitarse a 5 litros. Esta es la cantidad de grasa que puede extraerse con seguridad. Una mayor cantidad de grasa puede aumentar los riesgos de complicaciones. La liposucci\u00f3n ofrece una soluci\u00f3n eficaz para eliminar la grasa no deseada del cuerpo, pero una ingesta excesiva de grasa puede ser peligrosa para la salud. La cantidad de grasa eliminada en la intervenci\u00f3n se determina en funci\u00f3n de las necesidades del paciente.<\/span><\/p><h2><span style=\"font-weight: 400;\">Reaplicaci\u00f3n en zonas previamente liposuccionadas<\/span><\/h2><p><span style=\"font-weight: 400;\">Las zonas liposuccionadas pueden volver a tratarse. Sin embargo, dependiendo de la cantidad de grasa eliminada en el procedimiento anterior y de la elasticidad de la piel, un segundo procedimiento puede ser m\u00e1s complicado. El estado del tejido cut\u00e1neo de las zonas tras la liposucci\u00f3n es un factor importante para una segunda intervenci\u00f3n. No obstante, una evaluaci\u00f3n detallada con su m\u00e9dico le ayudar\u00e1 a determinar la forma m\u00e1s adecuada para una segunda liposucci\u00f3n.<\/span><\/p><h2><span style=\"font-weight: 400;\">\u00bfCu\u00e1les son los riesgos de la liposucci\u00f3n?<\/span><\/h2><p><span style=\"font-weight: 400;\">Aunque la liposucci\u00f3n es en general un procedimiento seguro, conlleva algunos riesgos como cualquier intervenci\u00f3n quir\u00fargica. Pueden observarse, aunque raramente, riesgos como infecci\u00f3n, hemorragias, hinchaz\u00f3n excesiva, irregularidades cut\u00e1neas y reacciones debidas a la anestesia. Por lo tanto, la liposucci\u00f3n realizada por un cirujano experimentado es muy importante para minimizar los riesgos.<\/span><\/p><p>\u00a0<\/p>\t\t\t\t\t\t\t\t<\/div>\n\t\t\t\t<\/div>\n\t\t\t\t\t<\/div>\n\t\t\t\t<\/div>\n\t\t\t\t<\/div>","protected":false},"excerpt":{"rendered":"<p>Ortalama Kal\u0131\u015f S\u00fcresi 7 G\u00fcn Hastanede Yat\u0131\u015f S\u00fcresi 1 G\u00fcn Operasyon S\u00fcresi 2-4 Saat Anestezi T\u00fcr\u00fc Genel Anestezi \u0130yile\u015fme S\u00fcresi<\/p>","protected":false},"author":1,"featured_media":0,"parent":0,"menu_order":0,"comment_status":"closed","ping_status":"closed","template":"","meta":{"footnotes":""},"class_list":["post-27733","page","type-page","status-publish","hentry"],"_links":{"self":[{"href":"https:\/\/westestetik.com\/es\/wp-json\/wp\/v2\/pages\/27733","targetHints":{"allow":["GET"]}}],"collection":[{"href":"https:\/\/westestetik.com\/es\/wp-json\/wp\/v2\/pages"}],"about":[{"href":"https:\/\/westestetik.com\/es\/wp-json\/wp\/v2\/types\/page"}],"author":[{"embeddable":true,"href":"https:\/\/westestetik.com\/es\/wp-json\/wp\/v2\/users\/1"}],"replies":[{"embeddable":true,"href":"https:\/\/westestetik.com\/es\/wp-json\/wp\/v2\/comments?post=27733"}],"version-history":[{"count":13,"href":"https:\/\/westestetik.com\/es\/wp-json\/wp\/v2\/pages\/27733\/revisions"}],"predecessor-version":[{"id":28926,"href":"https:\/\/westestetik.com\/es\/wp-json\/wp\/v2\/pages\/27733\/revisions\/28926"}],"wp:attachment":[{"href":"https:\/\/westestetik.com\/es\/wp-json\/wp\/v2\/media?parent=27733"}],"curies":[{"name":"wp","href":"https:\/\/api.w.org\/{rel}","templated":true}]}}