{"id":2,"date":"2024-11-24T21:12:22","date_gmt":"2024-11-24T21:12:22","guid":{"rendered":"https:\/\/westestetik.com\/?page_id=2"},"modified":"2025-11-13T12:50:47","modified_gmt":"2025-11-13T09:50:47","slug":"lifting-brasileno-de-gluteos","status":"publish","type":"page","link":"https:\/\/westestetik.com\/es\/lifting-brasileno-de-gluteos\/","title":{"rendered":"Lifting brasile\u00f1o de gl\u00fateos"},"content":{"rendered":"<div data-elementor-type=\"wp-page\" data-elementor-id=\"2\" class=\"elementor elementor-2\" data-elementor-post-type=\"page\">\n\t\t\t\t<div class=\"elementor-element elementor-element-2248839 e-con-full elementor-hidden-desktop elementor-hidden-tablet elementor-hidden-mobile e-flex e-con e-parent\" data-id=\"2248839\" data-element_type=\"container\">\n\t\t<div class=\"elementor-element elementor-element-abac388 e-con-full e-flex e-con e-child\" data-id=\"abac388\" data-element_type=\"container\">\n\t\t\t\t<div class=\"elementor-element elementor-element-0ad2d0e elementor-widget elementor-widget-image\" data-id=\"0ad2d0e\" data-element_type=\"widget\" data-widget_type=\"image.default\">\n\t\t\t\t<div class=\"elementor-widget-container\">\n\t\t\t\t\t\t\t\t\t\t\t\t\t\t\t<img decoding=\"async\" width=\"100\" height=\"100\" src=\"https:\/\/westestetik.com\/wp-content\/uploads\/2024\/12\/1-4.png\" class=\"attachment-large size-large wp-image-28814\" alt=\"\" srcset=\"https:\/\/westestetik.com\/wp-content\/uploads\/2024\/12\/1-4.png 100w, https:\/\/westestetik.com\/wp-content\/uploads\/2024\/12\/1-4-12x12.png 12w\" sizes=\"(max-width: 100px) 100vw, 100px\" \/>\t\t\t\t\t\t\t\t\t\t\t\t\t\t\t<\/div>\n\t\t\t\t<\/div>\n\t\t\t\t<\/div>\n\t\t<div class=\"elementor-element elementor-element-9da1567 e-con-full e-flex e-con e-child\" data-id=\"9da1567\" data-element_type=\"container\">\n\t\t\t\t<div class=\"elementor-element elementor-element-6dbcfd8 elementor-widget elementor-widget-image\" data-id=\"6dbcfd8\" data-element_type=\"widget\" data-widget_type=\"image.default\">\n\t\t\t\t<div class=\"elementor-widget-container\">\n\t\t\t\t\t\t\t\t\t\t\t\t\t\t\t<img decoding=\"async\" width=\"100\" height=\"100\" src=\"https:\/\/westestetik.com\/wp-content\/uploads\/2024\/12\/2-5.png\" class=\"attachment-large size-large wp-image-28815\" alt=\"\" srcset=\"https:\/\/westestetik.com\/wp-content\/uploads\/2024\/12\/2-5.png 100w, https:\/\/westestetik.com\/wp-content\/uploads\/2024\/12\/2-5-12x12.png 12w\" sizes=\"(max-width: 100px) 100vw, 100px\" \/>\t\t\t\t\t\t\t\t\t\t\t\t\t\t\t<\/div>\n\t\t\t\t<\/div>\n\t\t\t\t<\/div>\n\t\t<div class=\"elementor-element elementor-element-1d3f0f2 e-con-full e-flex e-con e-child\" data-id=\"1d3f0f2\" data-element_type=\"container\">\n\t\t\t\t<div class=\"elementor-element elementor-element-d042535 elementor-widget elementor-widget-image\" data-id=\"d042535\" data-element_type=\"widget\" data-widget_type=\"image.default\">\n\t\t\t\t<div class=\"elementor-widget-container\">\n\t\t\t\t\t\t\t\t\t\t\t\t\t\t\t<img decoding=\"async\" width=\"100\" height=\"100\" src=\"https:\/\/westestetik.com\/wp-content\/uploads\/2024\/12\/3-1.png\" class=\"attachment-large size-large wp-image-28816\" alt=\"\" srcset=\"https:\/\/westestetik.com\/wp-content\/uploads\/2024\/12\/3-1.png 100w, https:\/\/westestetik.com\/wp-content\/uploads\/2024\/12\/3-1-12x12.png 12w\" sizes=\"(max-width: 100px) 100vw, 100px\" \/>\t\t\t\t\t\t\t\t\t\t\t\t\t\t\t<\/div>\n\t\t\t\t<\/div>\n\t\t\t\t<\/div>\n\t\t<div class=\"elementor-element elementor-element-62a9ffa e-con-full e-flex e-con e-child\" data-id=\"62a9ffa\" data-element_type=\"container\">\n\t\t\t\t<div class=\"elementor-element elementor-element-62d54e5 elementor-widget elementor-widget-image\" data-id=\"62d54e5\" data-element_type=\"widget\" data-widget_type=\"image.default\">\n\t\t\t\t<div class=\"elementor-widget-container\">\n\t\t\t\t\t\t\t\t\t\t\t\t\t\t\t<img loading=\"lazy\" decoding=\"async\" width=\"100\" height=\"100\" src=\"https:\/\/westestetik.com\/wp-content\/uploads\/2024\/12\/4-1.png\" class=\"attachment-large size-large wp-image-28817\" alt=\"\" srcset=\"https:\/\/westestetik.com\/wp-content\/uploads\/2024\/12\/4-1.png 100w, https:\/\/westestetik.com\/wp-content\/uploads\/2024\/12\/4-1-12x12.png 12w\" sizes=\"(max-width: 100px) 100vw, 100px\" \/>\t\t\t\t\t\t\t\t\t\t\t\t\t\t\t<\/div>\n\t\t\t\t<\/div>\n\t\t\t\t<\/div>\n\t\t<div class=\"elementor-element elementor-element-bd14478 e-con-full e-flex e-con e-child\" data-id=\"bd14478\" data-element_type=\"container\">\n\t\t\t\t<div class=\"elementor-element elementor-element-b42437c elementor-widget elementor-widget-image\" data-id=\"b42437c\" data-element_type=\"widget\" data-widget_type=\"image.default\">\n\t\t\t\t<div class=\"elementor-widget-container\">\n\t\t\t\t\t\t\t\t\t\t\t\t\t\t\t<img loading=\"lazy\" decoding=\"async\" width=\"100\" height=\"100\" src=\"https:\/\/westestetik.com\/wp-content\/uploads\/2024\/12\/5-1.png\" class=\"attachment-large size-large wp-image-28818\" alt=\"\" srcset=\"https:\/\/westestetik.com\/wp-content\/uploads\/2024\/12\/5-1.png 100w, https:\/\/westestetik.com\/wp-content\/uploads\/2024\/12\/5-1-12x12.png 12w\" sizes=\"(max-width: 100px) 100vw, 100px\" \/>\t\t\t\t\t\t\t\t\t\t\t\t\t\t\t<\/div>\n\t\t\t\t<\/div>\n\t\t\t\t<\/div>\n\t\t\t\t<\/div>\n\t\t<div class=\"wd-negative-gap elementor-element elementor-element-9910031 elementor-hidden-desktop elementor-hidden-tablet elementor-hidden-mobile e-flex e-con-boxed e-con e-parent\" data-id=\"9910031\" data-element_type=\"container\">\n\t\t\t\t\t<div class=\"e-con-inner\">\n\t\t<div class=\"elementor-element elementor-element-5fd883c e-con-full e-flex e-con e-child\" data-id=\"5fd883c\" data-element_type=\"container\">\n\t\t\t\t<div class=\"elementor-element elementor-element-1949bb7 wd-width-100 elementor-widget elementor-widget-wd_title\" data-id=\"1949bb7\" data-element_type=\"widget\" data-widget_type=\"wd_title.default\">\n\t\t\t\t<div class=\"elementor-widget-container\">\n\t\t\t\t\t\t\t<div class=\"title-wrapper set-mb-s reset-last-child wd-title-color-default wd-title-style-default wd-title-size-default text-center\">\n\n\t\t\t\t\t\t\t<div class=\"title-subtitle subtitle-color-default subtitle-style-default wd-fontsize-xs\">\n\t\t\t\t\tDuraci\u00f3n media de la estancia\t\t\t\t<\/div>\n\t\t\t\n\t\t\t<div class=\"liner-continer\">\n\t\t\t\t<p class=\"woodmart-title-container title wd-fontsize-l\">7 d\u00edas<\/p> \n\t\t\t\t\t\t\t<\/div>\n\n\t\t\t\t\t<\/div>\n\t\t\t\t\t\t<\/div>\n\t\t\t\t<\/div>\n\t\t\t\t<\/div>\n\t\t<div class=\"elementor-element elementor-element-8bd020d e-con-full e-flex e-con e-child\" data-id=\"8bd020d\" data-element_type=\"container\">\n\t\t\t\t<div class=\"elementor-element elementor-element-b6fd20c wd-width-100 elementor-widget elementor-widget-wd_title\" data-id=\"b6fd20c\" data-element_type=\"widget\" data-widget_type=\"wd_title.default\">\n\t\t\t\t<div class=\"elementor-widget-container\">\n\t\t\t\t\t\t\t<div class=\"title-wrapper set-mb-s reset-last-child wd-title-color-default wd-title-style-default wd-title-size-default text-center\">\n\n\t\t\t\t\t\t\t<div class=\"title-subtitle subtitle-color-default subtitle-style-default wd-fontsize-xs\">\n\t\t\t\t\tDuraci\u00f3n de la hospitalizaci\u00f3n\t\t\t\t<\/div>\n\t\t\t\n\t\t\t<div class=\"liner-continer\">\n\t\t\t\t<p class=\"woodmart-title-container title wd-fontsize-l\">1 d\u00eda<\/p> \n\t\t\t\t\t\t\t<\/div>\n\n\t\t\t\t\t<\/div>\n\t\t\t\t\t\t<\/div>\n\t\t\t\t<\/div>\n\t\t\t\t<\/div>\n\t\t<div class=\"elementor-element elementor-element-d436e22 e-con-full e-flex e-con e-child\" data-id=\"d436e22\" data-element_type=\"container\">\n\t\t\t\t<div class=\"elementor-element elementor-element-1187563 wd-width-100 elementor-widget elementor-widget-wd_title\" data-id=\"1187563\" data-element_type=\"widget\" data-widget_type=\"wd_title.default\">\n\t\t\t\t<div class=\"elementor-widget-container\">\n\t\t\t\t\t\t\t<div class=\"title-wrapper set-mb-s reset-last-child wd-title-color-default wd-title-style-default wd-title-size-default text-center\">\n\n\t\t\t\t\t\t\t<div class=\"title-subtitle subtitle-color-default subtitle-style-default wd-fontsize-xs\">\n\t\t\t\t\tDuraci\u00f3n de la operaci\u00f3n\t\t\t\t<\/div>\n\t\t\t\n\t\t\t<div class=\"liner-continer\">\n\t\t\t\t<p class=\"woodmart-title-container title wd-fontsize-l\">2-4 horas<\/p> \n\t\t\t\t\t\t\t<\/div>\n\n\t\t\t\t\t<\/div>\n\t\t\t\t\t\t<\/div>\n\t\t\t\t<\/div>\n\t\t\t\t<\/div>\n\t\t<div class=\"elementor-element elementor-element-daf07ca e-con-full e-flex e-con e-child\" data-id=\"daf07ca\" data-element_type=\"container\">\n\t\t\t\t<div class=\"elementor-element elementor-element-45e58a5 wd-width-100 elementor-widget elementor-widget-wd_title\" data-id=\"45e58a5\" data-element_type=\"widget\" data-widget_type=\"wd_title.default\">\n\t\t\t\t<div class=\"elementor-widget-container\">\n\t\t\t\t\t\t\t<div class=\"title-wrapper set-mb-s reset-last-child wd-title-color-default wd-title-style-default wd-title-size-default text-center\">\n\n\t\t\t\t\t\t\t<div class=\"title-subtitle subtitle-color-default subtitle-style-default wd-fontsize-xs\">\n\t\t\t\t\tTipo de anestesia\t\t\t\t<\/div>\n\t\t\t\n\t\t\t<div class=\"liner-continer\">\n\t\t\t\t<p class=\"woodmart-title-container title wd-fontsize-l\">Anestesia general<\/p> \n\t\t\t\t\t\t\t<\/div>\n\n\t\t\t\t\t<\/div>\n\t\t\t\t\t\t<\/div>\n\t\t\t\t<\/div>\n\t\t\t\t<\/div>\n\t\t<div class=\"elementor-element elementor-element-eab17bc e-con-full e-flex e-con e-child\" data-id=\"eab17bc\" data-element_type=\"container\">\n\t\t\t\t<div class=\"elementor-element elementor-element-39b24e1 wd-width-100 elementor-widget elementor-widget-wd_title\" data-id=\"39b24e1\" data-element_type=\"widget\" data-widget_type=\"wd_title.default\">\n\t\t\t\t<div class=\"elementor-widget-container\">\n\t\t\t\t\t\t\t<div class=\"title-wrapper set-mb-s reset-last-child wd-title-color-default wd-title-style-default wd-title-size-default text-center\">\n\n\t\t\t\t\t\t\t<div class=\"title-subtitle subtitle-color-default subtitle-style-default wd-fontsize-xs\">\n\t\t\t\t\tTiempo de recuperaci\u00f3n\t\t\t\t<\/div>\n\t\t\t\n\t\t\t<div class=\"liner-continer\">\n\t\t\t\t<p class=\"woodmart-title-container title wd-fontsize-l\">1-2 semanas<\/p> \n\t\t\t\t\t\t\t<\/div>\n\n\t\t\t\t\t<\/div>\n\t\t\t\t\t\t<\/div>\n\t\t\t\t<\/div>\n\t\t\t\t<\/div>\n\t\t\t\t\t<\/div>\n\t\t\t\t<\/div>\n\t\t<div class=\"wd-negative-gap elementor-element elementor-element-1007d84 e-flex e-con-boxed e-con e-parent\" data-id=\"1007d84\" data-element_type=\"container\">\n\t\t\t\t\t<div class=\"e-con-inner\">\n\t\t\t\t<div class=\"elementor-element elementor-element-75a26f4 color-scheme-inherit text-left elementor-widget elementor-widget-text-editor\" data-id=\"75a26f4\" data-element_type=\"widget\" data-widget_type=\"text-editor.default\">\n\t\t\t\t<div class=\"elementor-widget-container\">\n\t\t\t\t\t\t\t\t\t<p class=\"p1\">Con la est\u00e9tica del lifting brasile\u00f1o de gl\u00fateos, puede tener unos gl\u00fateos m\u00e1s firmes, rellenos y moldeados. Este procedimiento proporciona un aspecto natural y est\u00e9tico al adaptarse al contorno de su cuerpo. El lifting de gl\u00fateos brasile\u00f1o, realizado por nuestros expertos cirujanos pl\u00e1sticos, le ayuda a conseguir un aspecto m\u00e1s joven y din\u00e1mico al elevar las caderas.<\/p><h2><span style=\"font-weight: 400;\">\u00bfC\u00f3mo se realiza la cirug\u00eda brasile\u00f1a de lifting de gl\u00fateos?<\/span><\/h2><p><span style=\"font-weight: 400;\">La cirug\u00eda brasile\u00f1a de lifting de gl\u00fateos es uno de los procedimientos m\u00e1s populares en el campo de la est\u00e9tica, realizado mediante el m\u00e9todo de transferencia de grasa (lipofilling). Este procedimiento se realiza transfiriendo el exceso de grasa de ciertas partes del cuerpo a los gl\u00fateos. El lifting brasile\u00f1o de gl\u00fateos consta de dos etapas. En la primera, se elimina el exceso de grasa mediante liposucci\u00f3n. Estas grasas, que suelen extraerse de la cintura, el abdomen, las caderas o la cara interna de las piernas, se purifican mediante un proceso especial. Las c\u00e9lulas grasas purificadas se inyectan cuidadosamente en la zona de los gl\u00fateos.<\/span><\/p><p><span style=\"font-weight: 400;\">Durante la inyecci\u00f3n de grasa, el cirujano presta atenci\u00f3n a los puntos estrat\u00e9gicos para dar a los gl\u00fateos un aspecto regordete y natural. De este modo, los gl\u00fateos quedan m\u00e1s perfilados y armonizados con el contorno corporal. La operaci\u00f3n de lifting brasile\u00f1o de gl\u00fateos suele realizarse bajo anestesia general y dura entre 2 y 4 horas. Durante la operaci\u00f3n, tambi\u00e9n se pueden moldear otras partes del cuerpo al mismo tiempo, de modo que el aspecto de los gl\u00fateos sea m\u00e1s prominente.<\/span><\/p><h2><span style=\"font-weight: 400;\">\u00bfCu\u00e1les son las ventajas del lifting brasile\u00f1o de gl\u00fateos?<\/span><\/h2><p><span style=\"font-weight: 400;\">La cirug\u00eda de lifting de gl\u00fateos brasile\u00f1a ofrece muchas ventajas en comparaci\u00f3n con otros procedimientos est\u00e9ticos:<\/span><\/p><ul><li><span style=\"font-weight: 400;\">Proporciona un aspecto natural y est\u00e9tico: Aumenta el volumen de los gl\u00fateos y armoniza con el contorno corporal.<\/span><\/li><li><span style=\"font-weight: 400;\">Moldea el cuerpo: La grasa eliminada durante la liposucci\u00f3n permite afinar la cintura y el abdomen, por lo que se consigue un aspecto m\u00e1s curvil\u00edneo.<\/span><\/li><li><span style=\"font-weight: 400;\">Ofrece resultados permanentes: Se obtienen resultados a largo plazo cuando se controla el peso tras la cirug\u00eda.<\/span><\/li><li><span style=\"font-weight: 400;\">Crea un relleno natural: Como se utiliza su propio tejido adiposo en lugar de rellenos, se obtiene un resultado totalmente compatible con su cuerpo.<\/span><\/li><\/ul><p><span style=\"font-weight: 400;\">Estas ventajas le ayudar\u00e1n a optimizar las proporciones de su cuerpo y a alcanzar sus objetivos est\u00e9ticos.<\/span><\/p><h2><span style=\"font-weight: 400;\">Preparaci\u00f3n y precauciones preoperatorias<\/span><\/h2><p><span style=\"font-weight: 400;\">Debe seguir cuidadosamente las instrucciones de su cirujano antes de la operaci\u00f3n de lifting brasile\u00f1o de gl\u00fateos. A continuaci\u00f3n se indican algunos preparativos que deben realizarse antes del lifting brasile\u00f1o de gl\u00fateos:<\/span><\/p><ul><li><span style=\"font-weight: 400;\">Si fuma, se recomienda dejar de fumar al menos 4 semanas antes de la operaci\u00f3n.<\/span><\/li><li><span style=\"font-weight: 400;\">Los anticoagulantes deben suspenderse al menos 10 d\u00edas antes de la intervenci\u00f3n.<\/span><\/li><li><span style=\"font-weight: 400;\">Beber mucha agua y seguir una dieta sana preparar\u00e1 su cuerpo para la cirug\u00eda.<\/span><\/li><\/ul><p><span style=\"font-weight: 400;\">Si sigue estos pasos, podr\u00e1 realizar la operaci\u00f3n sin problemas.<\/span><\/p><h2><span style=\"font-weight: 400;\">\u00bfQui\u00e9n puede someterse a una operaci\u00f3n brasile\u00f1a de lifting de gl\u00fateos?<\/span><\/h2><p><span style=\"font-weight: 400;\">El lifting brasile\u00f1o de gl\u00fateos es ideal para las personas que tienen problemas de plenitud y deformidad en la zona de los gl\u00fateos. Si sus gl\u00fateos son planos, est\u00e1n ca\u00eddos o han perdido volumen, esta operaci\u00f3n puede ser para usted. Sin embargo, existen algunos criterios para ser un candidato adecuado para la cirug\u00eda:<\/span><\/p><ul><li><span style=\"font-weight: 400;\">Ingesta suficiente de grasa en el organismo.<\/span><\/li><li><span style=\"font-weight: 400;\">Su estado general de salud es bueno.<\/span><\/li><li><span style=\"font-weight: 400;\">La elasticidad de su piel est\u00e1 al nivel necesario para soportar la forma postoperatoria.<\/span><\/li><li><span style=\"font-weight: 400;\">Tenga expectativas realistas.<\/span><\/li><\/ul><p><span style=\"font-weight: 400;\">Si usted es muy delgada y no tiene suficiente tejido graso en su cuerpo, la cirug\u00eda brasile\u00f1a de lifting de gl\u00fateos puede no ser adecuada para usted. En su lugar, puede ser necesario considerar otros m\u00e9todos est\u00e9ticos.<\/span><\/p><h2><span style=\"font-weight: 400;\">Proceso de recuperaci\u00f3n tras el lifting brasile\u00f1o de gl\u00fateos<\/span><\/h2><p><span style=\"font-weight: 400;\">El proceso de recuperaci\u00f3n tras una operaci\u00f3n brasile\u00f1a de lifting de gl\u00fateos afecta directamente al \u00e9xito de los resultados. Durante los primeros d\u00edas, los pacientes suelen utilizar una almohada especial para gl\u00fateos. Esta almohada permite sentarse sin presi\u00f3n directa sobre los gl\u00fateos.<\/span><\/p><p><span style=\"font-weight: 400;\">En las primeras semanas pueden aparecer efectos secundarios como hinchaz\u00f3n y hematomas. Esto es completamente normal y suele desaparecer en 2-3 semanas. Los siguientes puntos deben tenerse en cuenta despu\u00e9s de la cirug\u00eda de lifting de gl\u00fateos brasile\u00f1o:<\/span><\/p><ul><li><span style=\"font-weight: 400;\">No debe sentarse directamente sobre las nalgas durante 2-3 semanas despu\u00e9s de la operaci\u00f3n.<\/span><\/li><li><span style=\"font-weight: 400;\">La actividad f\u00edsica debe limitarse durante las primeras semanas.<\/span><\/li><li><span style=\"font-weight: 400;\">El uso de una prenda de compresi\u00f3n ayuda a cicatrizar la zona quir\u00fargica y reduce la hinchaz\u00f3n.<\/span><\/li><\/ul><p><span style=\"font-weight: 400;\">Sonu\u00e7lar tam anlam\u0131yla 3-6 ay aras\u0131nda ortaya \u00e7\u0131kar. Bu s\u00fcre zarf\u0131nda, ya\u011f dokusunun %70-80\u2019i kal\u0131c\u0131 hale gelir.<\/span><\/p><h2><span style=\"font-weight: 400;\">Precios de la cirug\u00eda brasile\u00f1a de lifting de gl\u00fateos<\/span><\/h2><p><span style=\"font-weight: 400;\">Los precios de la cirug\u00eda de lifting brasile\u00f1o de gl\u00fateos var\u00edan en funci\u00f3n de muchos factores. La experiencia del cirujano, la cl\u00ednica en la que se realizar\u00e1 la intervenci\u00f3n, las t\u00e9cnicas utilizadas y el n\u00famero de zonas que se van a liposuccionar durante la operaci\u00f3n son los principales factores que afectan al precio. Adem\u00e1s, la cantidad de grasa que se va a transferir durante la operaci\u00f3n tambi\u00e9n es un criterio importante que determina el coste. No es posible determinar un precio claro sin una evaluaci\u00f3n personalizada. Por este motivo, puede conocer la informaci\u00f3n sobre el precio mediante un asesoramiento detallado.<\/span><\/p>\t\t\t\t\t\t\t\t<\/div>\n\t\t\t\t<\/div>\n\t\t\t\t\t<\/div>\n\t\t\t\t<\/div>\n\t\t\t\t<\/div>","protected":false},"excerpt":{"rendered":"<p>Ortalama Kal\u0131\u015f S\u00fcresi 7 G\u00fcn Hastanede Yat\u0131\u015f S\u00fcresi 1 G\u00fcn Operasyon S\u00fcresi 2-4 Saat Anestezi T\u00fcr\u00fc Genel Anestezi \u0130yile\u015fme S\u00fcresi<\/p>","protected":false},"author":1,"featured_media":0,"parent":0,"menu_order":0,"comment_status":"closed","ping_status":"closed","template":"","meta":{"footnotes":""},"class_list":["post-2","page","type-page","status-publish","hentry"],"_links":{"self":[{"href":"https:\/\/westestetik.com\/es\/wp-json\/wp\/v2\/pages\/2","targetHints":{"allow":["GET"]}}],"collection":[{"href":"https:\/\/westestetik.com\/es\/wp-json\/wp\/v2\/pages"}],"about":[{"href":"https:\/\/westestetik.com\/es\/wp-json\/wp\/v2\/types\/page"}],"author":[{"embeddable":true,"href":"https:\/\/westestetik.com\/es\/wp-json\/wp\/v2\/users\/1"}],"replies":[{"embeddable":true,"href":"https:\/\/westestetik.com\/es\/wp-json\/wp\/v2\/comments?post=2"}],"version-history":[{"count":23,"href":"https:\/\/westestetik.com\/es\/wp-json\/wp\/v2\/pages\/2\/revisions"}],"predecessor-version":[{"id":31895,"href":"https:\/\/westestetik.com\/es\/wp-json\/wp\/v2\/pages\/2\/revisions\/31895"}],"wp:attachment":[{"href":"https:\/\/westestetik.com\/es\/wp-json\/wp\/v2\/media?parent=2"}],"curies":[{"name":"wp","href":"https:\/\/api.w.org\/{rel}","templated":true}]}}